{"id":13895,"date":"2025-07-25T12:46:32","date_gmt":"2025-07-25T12:46:32","guid":{"rendered":"https:\/\/pyrasiedshop.nl\/product\/hmpe-500-naturel\/"},"modified":"2026-03-30T12:32:10","modified_gmt":"2026-03-30T12:32:10","slug":"hmpe-500-naturel","status":"publish","type":"product","link":"https:\/\/shop.pyrasied.com\/nl\/product\/hmpe-500-naturel\/","title":{"rendered":"HMPE 500 naturel"},"content":{"rendered":"<p>HMPE (High Molecular Weight Polyethyleen) 500 naturel is een slijtvast en sterke kunststof. Het staat bekend om de mechanische belastbaarheid en chemische bestendigheid. Daarnaast is het bestand tegen extreme belastingen en wrijving. Dit materiaal heeft een zeer hoge moleculaire dichtheid, waardoor het extreem duurzaam en bestand tegen impact is bij verschillende temperaturen. Het is een hoogwaardige kunststof voor veeleisende en duurzame toepassingen.<\/p>\n<p>HMPE platen zijn bijzonder geschikt voor industri\u00eble toepassingen waarbij hoge slijtvastheid en lage wrijvingsco\u00ebffici\u00ebnt vereist zijn, zoals glijprofielen, transportbanen, machineonderdelen en bekledingen.<\/p>\n<h2>Voorraad HMPE 500 naturel bij Pyrasied<\/h2>\n<p>Bij Pyrasied bestel je HMPE-platen online in verschillende diktes en afmetingen. Je vindt in onze shop ook een uitgebreid assortiment HMPE-platen en andere technische kunststoffen.<\/p>\n<p>Bekijk ook ons hele assortiment <a href=\"https:\/\/shop.pyrasied.com\/nl\/materialen\/technische-kunststoffen\/\">Technische kunststoffen<\/a>.<\/p>\n<h3>Bewerkingsmogelijkheden<\/h3>\n<p>Dankzij de thermoplastische eigenschappen laat HMPE 500 zich uitstekend bewerken. Het materiaal kan eenvoudig worden gezaagd, gefreesd, geboord en gelast. Hierdoor is het zeer geschikt om op maat te maken voor specifieke technische toepassingen en constructies.<\/p>\n<p>Toepassingen<\/p>\n<p>Het materiaal is veel gebruikt in de machinebouw, levensmiddelenindustrie en transportsector.<\/p>\n","protected":false},"excerpt":{"rendered":"<p>HMPE (High Molecular Weight Polyethyleen) 500 naturel is een slijtvast en sterke kunststof. Het staat bekend om de mechanische belastbaarheid en chemische bestendigheid. Daarnaast is het bestand tegen extreme belastingen en wrijving. Dit materiaal heeft een zeer hoge moleculaire dichtheid, waardoor het extreem duurzaam en bestand tegen impact is bij verschillende temperaturen. Het is een [&hellip;]<\/p>\n","protected":false},"featured_media":14037,"template":"","meta":{"_acf_changed":false},"product_brand":[],"product_cat":[682],"product_tag":[],"class_list":{"0":"post-13895","1":"product","2":"type-product","3":"status-publish","4":"has-post-thumbnail","6":"product_cat-technische-kunststoffen","8":"first","9":"instock","10":"taxable","11":"shipping-taxable","12":"purchasable","13":"product-type-variable"},"acf":[],"yoast_head":"<!-- This site is optimized with the Yoast SEO plugin v26.0 - https:\/\/yoast.com\/wordpress\/plugins\/seo\/ -->\n<title>HMPE 500 naturel | Pyrasied<\/title>\n<meta name=\"description\" content=\"Ontdek HMPE 500 naturel bij Pyrasied: duurzaam en chemisch bestendig kunststof, ideaal voor intensieve toepassingen zoals transportbanen en machinebouw.\" \/>\n<meta name=\"robots\" content=\"index, follow, max-snippet:-1, max-image-preview:large, max-video-preview:-1\" \/>\n<link rel=\"canonical\" href=\"http:\/\/shop.pyrasied.com\/nl\/product\/hmpe-500-naturel\/\" \/>\n<meta property=\"og:locale\" content=\"nl_NL\" \/>\n<meta property=\"og:type\" content=\"article\" \/>\n<meta property=\"og:title\" content=\"HMPE 500 naturel | Pyrasied\" \/>\n<meta property=\"og:description\" content=\"Ontdek HMPE 500 naturel bij Pyrasied: duurzaam en chemisch bestendig kunststof, ideaal voor intensieve toepassingen zoals transportbanen en machinebouw.\" \/>\n<meta property=\"og:url\" content=\"http:\/\/shop.pyrasied.com\/nl\/product\/hmpe-500-naturel\/\" \/>\n<meta property=\"og:site_name\" content=\"Pyrasied\" \/>\n<meta property=\"article:publisher\" content=\"https:\/\/www.facebook.com\/Pyrasied\/\" \/>\n<meta property=\"article:modified_time\" content=\"2026-03-30T12:32:10+00:00\" \/>\n<meta property=\"og:image\" content=\"https:\/\/shop.pyrasied.com\/wp-content\/uploads\/2025\/07\/HMPE-aangepast.jpg\" \/>\n\t<meta property=\"og:image:width\" content=\"1000\" \/>\n\t<meta property=\"og:image:height\" content=\"1000\" \/>\n\t<meta property=\"og:image:type\" content=\"image\/jpeg\" \/>\n<meta name=\"twitter:card\" content=\"summary_large_image\" \/>\n<meta name=\"twitter:label1\" content=\"Geschatte leestijd\" \/>\n\t<meta name=\"twitter:data1\" content=\"2 minuten\" \/>\n<script type=\"application\/ld+json\" class=\"yoast-schema-graph\">{\"@context\":\"https:\/\/schema.org\",\"@graph\":[{\"@type\":\"WebPage\",\"@id\":\"http:\/\/shop.pyrasied.com\/nl\/product\/hmpe-500-naturel\/\",\"url\":\"http:\/\/shop.pyrasied.com\/nl\/product\/hmpe-500-naturel\/\",\"name\":\"HMPE 500 naturel | Pyrasied\",\"isPartOf\":{\"@id\":\"https:\/\/shop.pyrasied.com\/de\/#website\"},\"primaryImageOfPage\":{\"@id\":\"http:\/\/shop.pyrasied.com\/nl\/product\/hmpe-500-naturel\/#primaryimage\"},\"image\":{\"@id\":\"http:\/\/shop.pyrasied.com\/nl\/product\/hmpe-500-naturel\/#primaryimage\"},\"thumbnailUrl\":\"https:\/\/shop.pyrasied.com\/wp-content\/uploads\/2025\/07\/HMPE-aangepast.jpg\",\"datePublished\":\"2025-07-25T12:46:32+00:00\",\"dateModified\":\"2026-03-30T12:32:10+00:00\",\"description\":\"Ontdek HMPE 500 naturel bij Pyrasied: duurzaam en chemisch bestendig kunststof, ideaal voor intensieve toepassingen zoals transportbanen en machinebouw.\",\"breadcrumb\":{\"@id\":\"http:\/\/shop.pyrasied.com\/nl\/product\/hmpe-500-naturel\/#breadcrumb\"},\"inLanguage\":\"nl-NL\",\"potentialAction\":[{\"@type\":\"ReadAction\",\"target\":[\"http:\/\/shop.pyrasied.com\/nl\/product\/hmpe-500-naturel\/\"]}]},{\"@type\":\"ImageObject\",\"inLanguage\":\"nl-NL\",\"@id\":\"http:\/\/shop.pyrasied.com\/nl\/product\/hmpe-500-naturel\/#primaryimage\",\"url\":\"https:\/\/shop.pyrasied.com\/wp-content\/uploads\/2025\/07\/HMPE-aangepast.jpg\",\"contentUrl\":\"https:\/\/shop.pyrasied.com\/wp-content\/uploads\/2025\/07\/HMPE-aangepast.jpg\",\"width\":1000,\"height\":1000,\"caption\":\"HMPE 500 naturel\"},{\"@type\":\"BreadcrumbList\",\"@id\":\"http:\/\/shop.pyrasied.com\/nl\/product\/hmpe-500-naturel\/#breadcrumb\",\"itemListElement\":[{\"@type\":\"ListItem\",\"position\":1,\"name\":\"Home\",\"item\":\"https:\/\/shop.pyrasied.com\/nl\/\"},{\"@type\":\"ListItem\",\"position\":2,\"name\":\"Materialen\",\"item\":\"https:\/\/shop.pyrasied.com\/nl\/materialen\/\"},{\"@type\":\"ListItem\",\"position\":3,\"name\":\"Technische kunststoffen\",\"item\":\"http:\/\/shop.pyrasied.com\/nl\/materialen\/technische-kunststoffen\/\"},{\"@type\":\"ListItem\",\"position\":4,\"name\":\"HMPE 500 naturel\"}]},{\"@type\":\"WebSite\",\"@id\":\"https:\/\/shop.pyrasied.com\/de\/#website\",\"url\":\"https:\/\/shop.pyrasied.com\/de\/\",\"name\":\"Pyrasied\",\"description\":\"Uit liefde voor materiaal\",\"publisher\":{\"@id\":\"https:\/\/shop.pyrasied.com\/de\/#organization\"},\"potentialAction\":[{\"@type\":\"SearchAction\",\"target\":{\"@type\":\"EntryPoint\",\"urlTemplate\":\"https:\/\/shop.pyrasied.com\/de\/?s={search_term_string}\"},\"query-input\":{\"@type\":\"PropertyValueSpecification\",\"valueRequired\":true,\"valueName\":\"search_term_string\"}}],\"inLanguage\":\"nl-NL\"},{\"@type\":\"Organization\",\"@id\":\"https:\/\/shop.pyrasied.com\/de\/#organization\",\"name\":\"Pyrasied\",\"url\":\"https:\/\/shop.pyrasied.com\/de\/\",\"logo\":{\"@type\":\"ImageObject\",\"inLanguage\":\"nl-NL\",\"@id\":\"https:\/\/shop.pyrasied.com\/de\/#\/schema\/logo\/image\/\",\"url\":\"https:\/\/shop.pyrasied.com\/wp-content\/uploads\/2025\/06\/pyrasied.jpg\",\"contentUrl\":\"https:\/\/shop.pyrasied.com\/wp-content\/uploads\/2025\/06\/pyrasied.jpg\",\"width\":1200,\"height\":630,\"caption\":\"Pyrasied\"},\"image\":{\"@id\":\"https:\/\/shop.pyrasied.com\/de\/#\/schema\/logo\/image\/\"},\"sameAs\":[\"https:\/\/www.facebook.com\/Pyrasied\/\",\"https:\/\/www.instagram.com\/pyrasied\/\"]}]}<\/script>\n<!-- \/ Yoast SEO plugin. -->","yoast_head_json":{"title":"HMPE 500 naturel | Pyrasied","description":"Ontdek HMPE 500 naturel bij Pyrasied: duurzaam en chemisch bestendig kunststof, ideaal voor intensieve toepassingen zoals transportbanen en machinebouw.","robots":{"index":"index","follow":"follow","max-snippet":"max-snippet:-1","max-image-preview":"max-image-preview:large","max-video-preview":"max-video-preview:-1"},"canonical":"http:\/\/shop.pyrasied.com\/nl\/product\/hmpe-500-naturel\/","og_locale":"nl_NL","og_type":"article","og_title":"HMPE 500 naturel | Pyrasied","og_description":"Ontdek HMPE 500 naturel bij Pyrasied: duurzaam en chemisch bestendig kunststof, ideaal voor intensieve toepassingen zoals transportbanen en machinebouw.","og_url":"http:\/\/shop.pyrasied.com\/nl\/product\/hmpe-500-naturel\/","og_site_name":"Pyrasied","article_publisher":"https:\/\/www.facebook.com\/Pyrasied\/","article_modified_time":"2026-03-30T12:32:10+00:00","og_image":[{"width":1000,"height":1000,"url":"https:\/\/shop.pyrasied.com\/wp-content\/uploads\/2025\/07\/HMPE-aangepast.jpg","type":"image\/jpeg"}],"twitter_card":"summary_large_image","twitter_misc":{"Geschatte leestijd":"2 minuten"},"schema":{"@context":"https:\/\/schema.org","@graph":[{"@type":"WebPage","@id":"http:\/\/shop.pyrasied.com\/nl\/product\/hmpe-500-naturel\/","url":"http:\/\/shop.pyrasied.com\/nl\/product\/hmpe-500-naturel\/","name":"HMPE 500 naturel | Pyrasied","isPartOf":{"@id":"https:\/\/shop.pyrasied.com\/de\/#website"},"primaryImageOfPage":{"@id":"http:\/\/shop.pyrasied.com\/nl\/product\/hmpe-500-naturel\/#primaryimage"},"image":{"@id":"http:\/\/shop.pyrasied.com\/nl\/product\/hmpe-500-naturel\/#primaryimage"},"thumbnailUrl":"https:\/\/shop.pyrasied.com\/wp-content\/uploads\/2025\/07\/HMPE-aangepast.jpg","datePublished":"2025-07-25T12:46:32+00:00","dateModified":"2026-03-30T12:32:10+00:00","description":"Ontdek HMPE 500 naturel bij Pyrasied: duurzaam en chemisch bestendig kunststof, ideaal voor intensieve toepassingen zoals transportbanen en machinebouw.","breadcrumb":{"@id":"http:\/\/shop.pyrasied.com\/nl\/product\/hmpe-500-naturel\/#breadcrumb"},"inLanguage":"nl-NL","potentialAction":[{"@type":"ReadAction","target":["http:\/\/shop.pyrasied.com\/nl\/product\/hmpe-500-naturel\/"]}]},{"@type":"ImageObject","inLanguage":"nl-NL","@id":"http:\/\/shop.pyrasied.com\/nl\/product\/hmpe-500-naturel\/#primaryimage","url":"https:\/\/shop.pyrasied.com\/wp-content\/uploads\/2025\/07\/HMPE-aangepast.jpg","contentUrl":"https:\/\/shop.pyrasied.com\/wp-content\/uploads\/2025\/07\/HMPE-aangepast.jpg","width":1000,"height":1000,"caption":"HMPE 500 naturel"},{"@type":"BreadcrumbList","@id":"http:\/\/shop.pyrasied.com\/nl\/product\/hmpe-500-naturel\/#breadcrumb","itemListElement":[{"@type":"ListItem","position":1,"name":"Home","item":"https:\/\/shop.pyrasied.com\/nl\/"},{"@type":"ListItem","position":2,"name":"Materialen","item":"https:\/\/shop.pyrasied.com\/nl\/materialen\/"},{"@type":"ListItem","position":3,"name":"Technische kunststoffen","item":"http:\/\/shop.pyrasied.com\/nl\/materialen\/technische-kunststoffen\/"},{"@type":"ListItem","position":4,"name":"HMPE 500 naturel"}]},{"@type":"WebSite","@id":"https:\/\/shop.pyrasied.com\/de\/#website","url":"https:\/\/shop.pyrasied.com\/de\/","name":"Pyrasied","description":"Uit liefde voor materiaal","publisher":{"@id":"https:\/\/shop.pyrasied.com\/de\/#organization"},"potentialAction":[{"@type":"SearchAction","target":{"@type":"EntryPoint","urlTemplate":"https:\/\/shop.pyrasied.com\/de\/?s={search_term_string}"},"query-input":{"@type":"PropertyValueSpecification","valueRequired":true,"valueName":"search_term_string"}}],"inLanguage":"nl-NL"},{"@type":"Organization","@id":"https:\/\/shop.pyrasied.com\/de\/#organization","name":"Pyrasied","url":"https:\/\/shop.pyrasied.com\/de\/","logo":{"@type":"ImageObject","inLanguage":"nl-NL","@id":"https:\/\/shop.pyrasied.com\/de\/#\/schema\/logo\/image\/","url":"https:\/\/shop.pyrasied.com\/wp-content\/uploads\/2025\/06\/pyrasied.jpg","contentUrl":"https:\/\/shop.pyrasied.com\/wp-content\/uploads\/2025\/06\/pyrasied.jpg","width":1200,"height":630,"caption":"Pyrasied"},"image":{"@id":"https:\/\/shop.pyrasied.com\/de\/#\/schema\/logo\/image\/"},"sameAs":["https:\/\/www.facebook.com\/Pyrasied\/","https:\/\/www.instagram.com\/pyrasied\/"]}]}},"_links":{"self":[{"href":"https:\/\/shop.pyrasied.com\/nl\/wp-json\/wp\/v2\/product\/13895","targetHints":{"allow":["GET"]}}],"collection":[{"href":"https:\/\/shop.pyrasied.com\/nl\/wp-json\/wp\/v2\/product"}],"about":[{"href":"https:\/\/shop.pyrasied.com\/nl\/wp-json\/wp\/v2\/types\/product"}],"wp:featuredmedia":[{"embeddable":true,"href":"https:\/\/shop.pyrasied.com\/nl\/wp-json\/wp\/v2\/media\/14037"}],"wp:attachment":[{"href":"https:\/\/shop.pyrasied.com\/nl\/wp-json\/wp\/v2\/media?parent=13895"}],"wp:term":[{"taxonomy":"product_brand","embeddable":true,"href":"https:\/\/shop.pyrasied.com\/nl\/wp-json\/wp\/v2\/product_brand?post=13895"},{"taxonomy":"product_cat","embeddable":true,"href":"https:\/\/shop.pyrasied.com\/nl\/wp-json\/wp\/v2\/product_cat?post=13895"},{"taxonomy":"product_tag","embeddable":true,"href":"https:\/\/shop.pyrasied.com\/nl\/wp-json\/wp\/v2\/product_tag?post=13895"}],"curies":[{"name":"wp","href":"https:\/\/api.w.org\/{rel}","templated":true}]}}