{"id":9805,"date":"2025-07-11T09:34:40","date_gmt":"2025-07-11T09:34:40","guid":{"rendered":"https:\/\/pyrasiedshop.nl\/product\/transparante-kleuren\/"},"modified":"2026-03-30T12:13:25","modified_gmt":"2026-03-30T12:13:25","slug":"transparente-acrylfarben","status":"publish","type":"product","link":"https:\/\/shop.pyrasied.com\/de\/produkt\/transparente-acrylfarben\/","title":{"rendered":"Transparente Acrylfarben"},"content":{"rendered":"<p>Die transparente Acrylkollektion besteht aus 28 Farben, die vollst\u00e4ndig aus 100% recyceltem Acryl hergestellt sind. Das Material ist UV-best\u00e4ndig und vergilbt nicht, so dass die Platten jahrelang optisch sauber und von hoher Qualit\u00e4t bleiben. Ihre vielseitigen Eigenschaften machen sie perfekt f\u00fcr Innenr\u00e4ume, Displays, Beschilderungen und kreative Projekte.<\/p>\n<p>Acryl (PMMA\/Plexiglas) ist f\u00fcr seine hervorragenden Eigenschaften bekannt: Es ist 25-mal st\u00e4rker als Glas, UV-best\u00e4ndig, farbecht und hat eine lange Lebensdauer. Bei richtiger Verwendung bleibt Acryl jahrelang sch\u00f6n. Au\u00dferdem kann es vollst\u00e4ndig zu neuen Acrylplatten recycelt werden, was es umweltfreundlich macht.<\/p>\n<h3>Bestand an transparenten Acrylfarben<\/h3>\n<p>Pyrasied hat <strong>Green Cast recycelte transparente Farben<\/strong> vorr\u00e4tig in <strong>3, 5 und 8 mm Dicke<\/strong>. Dar\u00fcber hinaus sind einige <strong>SetAcrylfarben<\/strong> erh\u00e4ltlich in 3 mm.<\/p>\n<p>Die Platten sind erh\u00e4ltlich in <strong>feste Standardgr\u00f6\u00dfen<\/strong> und als <strong>ganze Platten<\/strong>. Es ist auch m\u00f6glich, die Platten <strong>anpassbar<\/strong> \u00fcber unseren Webshop, so dass Sie immer das richtige Format f\u00fcr Ihre Anwendung haben, egal ob f\u00fcr kleine Projekte oder gro\u00df angelegte Entw\u00fcrfe.<\/p>\n<p>Green Cast ist vollst\u00e4ndig <strong>Rundschreiben<\/strong>Das Material kann ohne Qualit\u00e4tsverlust immer wieder recycelt und wiederverwendet werden. Dar\u00fcber hinaus bietet Pyrasied auch <a href=\"https:\/\/shop.pyrasied.com\/de\/produkt\/satinierte-acrylfarben\/\">satinierte Farben<\/a> zu.<\/p>\n<p>Green Cast hat einen vollst\u00e4ndig kohlenstoffneutralen Herstellungsprozess.<\/p>\n<h3>Anwendungen<\/h3>\n<p>Transparente Acrylfarben sind f\u00fcr verschiedene Anwendungen geeignet:<\/p>\n<ul>\n<li><strong>Innenausstattung und M\u00f6bel:<\/strong> wie Leuchtplatten, Trennw\u00e4nde und Wanddisplays<\/li>\n<li><strong>Ausstellungen, Schauk\u00e4sten und Signierstunden:<\/strong> ideal f\u00fcr Ladeneinrichtungen und Standbau<\/li>\n<li><strong>Frontscheiben und Schutzabdeckungen:<\/strong> geeignet f\u00fcr tempor\u00e4re und permanente Anwendungen<\/li>\n<li><strong>Kreative Projekte:<\/strong> wie Kunstobjekte, Lichtobjekte und funktionale Designdetails<\/li>\n<\/ul>\n<p>Mit dieser Kollektion bietet Pyrasied ein vielseitiges, haltbares und \u00e4sthetisches Material, das sich perfekt f\u00fcr kreative und funktionale Projekte eignet, bei denen Klarheit, Qualit\u00e4t und Haltbarkeit von gr\u00f6\u00dfter Bedeutung sind.<\/p>\n<h3>Verarbeitungsm\u00f6glichkeiten<\/h3>\n<p>Transparentes Acryl l\u00e4sst sich leicht mit Techniken wie S\u00e4gen, Fr\u00e4sen, Lasern, Hei\u00dfbiegen, Kleben, Bohren, Gravieren, Polieren und Schleifen bearbeiten. In unserer Werkstatt liefern wir ma\u00dfgefertigte Produkte nach Zeichnung oder Entwurf, bei denen Hightech-Maschinen und handwerkliches K\u00f6nnen f\u00fcr optimale Ergebnisse zusammenkommen.<\/p>\n<p>Green Cast ist von <strong>Eurolaser<\/strong> als hervorragend f\u00fcr die Laserbearbeitung best\u00e4tigt.<\/p>\n<p>M\u00f6chten Sie mehr \u00fcber unsere T\u00e4tigkeit erfahren? Besuchen Sie unsere Website unter <a href=\"https:\/\/pyrasied.com\/nl\/diensten\/kunststofbewerking\/\" target=\"_blank\" rel=\"noopener\">Operationen<\/a>.<\/p>\n<p>&nbsp;<\/p>","protected":false},"excerpt":{"rendered":"<p>Die transparente Acryl-Kollektion besteht aus 28 Farben, die vollst\u00e4ndig aus recyceltem Acryl 100% hergestellt werden. Das Material ist UV-best\u00e4ndig und vergilbt nicht, so dass die Platten jahrelang optisch sauber und von hoher Qualit\u00e4t bleiben. Dank ihrer vielseitigen Eigenschaften eignen sie sich perfekt f\u00fcr Innenr\u00e4ume, Displays, Beschilderungen und kreative Projekte. Acrylat (PMMA\/Plexiglas) ist f\u00fcr seine hervorragenden Eigenschaften bekannt: Es [...]<\/p>","protected":false},"featured_media":14349,"template":"","meta":{"_acf_changed":false},"product_brand":[],"product_cat":[30,52,774],"product_tag":[1738,1729,1751],"class_list":{"0":"post-9805","1":"product","2":"type-product","3":"status-publish","4":"has-post-thumbnail","6":"product_cat-acrylaat","7":"product_cat-green-cast","8":"product_cat-milieuvriendelijke-kunststoffen","9":"product_tag-ecocast","10":"product_tag-ecocrylic","11":"product_tag-laserbewerking","13":"first","14":"instock","15":"taxable","16":"shipping-taxable","17":"purchasable","18":"product-type-variable"},"acf":[],"yoast_head":"<!-- This site is optimized with the Yoast SEO plugin v26.0 - https:\/\/yoast.com\/wordpress\/plugins\/seo\/ -->\n<title>Transparante acrylaat kleuren | Pyrasied<\/title>\n<meta name=\"description\" content=\"Ontdek de Transparante acrylaat kleuren collectie \u2013 28 duurzame tinten, 3\u201312 mm dik, UV-bestendig, optisch helder en eenvoudig te bewerken voor elk project.\" \/>\n<meta name=\"robots\" content=\"index, follow, max-snippet:-1, max-image-preview:large, max-video-preview:-1\" \/>\n<link rel=\"canonical\" href=\"https:\/\/shop.pyrasied.com\/de\/produkt\/transparente-acrylfarben\/\" \/>\n<meta property=\"og:locale\" content=\"de_DE\" \/>\n<meta property=\"og:type\" content=\"article\" \/>\n<meta property=\"og:title\" content=\"Transparante acrylaat kleuren | Pyrasied\" \/>\n<meta property=\"og:description\" content=\"Ontdek de Transparante acrylaat kleuren collectie \u2013 28 duurzame tinten, 3\u201312 mm dik, UV-bestendig, optisch helder en eenvoudig te bewerken voor elk project.\" \/>\n<meta property=\"og:url\" content=\"https:\/\/shop.pyrasied.com\/de\/produkt\/transparente-acrylfarben\/\" \/>\n<meta property=\"og:site_name\" content=\"Pyrasied\" \/>\n<meta property=\"article:publisher\" content=\"https:\/\/www.facebook.com\/Pyrasied\/\" \/>\n<meta property=\"article:modified_time\" content=\"2026-03-30T12:13:25+00:00\" \/>\n<meta property=\"og:image\" content=\"https:\/\/shop.pyrasied.com\/wp-content\/uploads\/2025\/07\/Greencast-transparante-kleuren-uitgebreid.jpg\" \/>\n\t<meta property=\"og:image:width\" content=\"1000\" \/>\n\t<meta property=\"og:image:height\" content=\"1000\" \/>\n\t<meta property=\"og:image:type\" content=\"image\/jpeg\" \/>\n<meta name=\"twitter:card\" content=\"summary_large_image\" \/>\n<meta name=\"twitter:label1\" content=\"Gesch\u00e4tzte Lesezeit\" \/>\n\t<meta name=\"twitter:data1\" content=\"2\u00a0Minuten\" \/>\n<script type=\"application\/ld+json\" class=\"yoast-schema-graph\">{\"@context\":\"https:\/\/schema.org\",\"@graph\":[{\"@type\":\"WebPage\",\"@id\":\"https:\/\/shop.pyrasied.com\/product\/transparante-acrylaat-kleuren\/\",\"url\":\"https:\/\/shop.pyrasied.com\/product\/transparante-acrylaat-kleuren\/\",\"name\":\"Transparante acrylaat kleuren | Pyrasied\",\"isPartOf\":{\"@id\":\"https:\/\/shop.pyrasied.com\/de\/#website\"},\"primaryImageOfPage\":{\"@id\":\"https:\/\/shop.pyrasied.com\/product\/transparante-acrylaat-kleuren\/#primaryimage\"},\"image\":{\"@id\":\"https:\/\/shop.pyrasied.com\/product\/transparante-acrylaat-kleuren\/#primaryimage\"},\"thumbnailUrl\":\"https:\/\/shop.pyrasied.com\/wp-content\/uploads\/2025\/07\/Greencast-transparante-kleuren-uitgebreid.jpg\",\"datePublished\":\"2025-07-11T09:34:40+00:00\",\"dateModified\":\"2026-03-30T12:13:25+00:00\",\"description\":\"Ontdek de Transparante acrylaat kleuren collectie \u2013 28 duurzame tinten, 3\u201312 mm dik, UV-bestendig, optisch helder en eenvoudig te bewerken voor elk project.\",\"breadcrumb\":{\"@id\":\"https:\/\/shop.pyrasied.com\/product\/transparante-acrylaat-kleuren\/#breadcrumb\"},\"inLanguage\":\"de\",\"potentialAction\":[{\"@type\":\"ReadAction\",\"target\":[\"https:\/\/shop.pyrasied.com\/product\/transparante-acrylaat-kleuren\/\"]}]},{\"@type\":\"ImageObject\",\"inLanguage\":\"de\",\"@id\":\"https:\/\/shop.pyrasied.com\/product\/transparante-acrylaat-kleuren\/#primaryimage\",\"url\":\"https:\/\/shop.pyrasied.com\/wp-content\/uploads\/2025\/07\/Greencast-transparante-kleuren-uitgebreid.jpg\",\"contentUrl\":\"https:\/\/shop.pyrasied.com\/wp-content\/uploads\/2025\/07\/Greencast-transparante-kleuren-uitgebreid.jpg\",\"width\":1000,\"height\":1000,\"caption\":\"Transparante acrylaat kleuren\"},{\"@type\":\"BreadcrumbList\",\"@id\":\"https:\/\/shop.pyrasied.com\/product\/transparante-acrylaat-kleuren\/#breadcrumb\",\"itemListElement\":[{\"@type\":\"ListItem\",\"position\":1,\"name\":\"Home\",\"item\":\"https:\/\/shop.pyrasied.com\/nl\/\"},{\"@type\":\"ListItem\",\"position\":2,\"name\":\"Materialen\",\"item\":\"https:\/\/shop.pyrasied.com\/nl\/materialen\/\"},{\"@type\":\"ListItem\",\"position\":3,\"name\":\"Merken\",\"item\":\"https:\/\/shop.pyrasied.com\/materialen\/merken\/\"},{\"@type\":\"ListItem\",\"position\":4,\"name\":\"Green Cast\",\"item\":\"https:\/\/shop.pyrasied.com\/materialen\/merken\/green-cast\/\"},{\"@type\":\"ListItem\",\"position\":5,\"name\":\"Transparante acrylaat kleuren\"}]},{\"@type\":\"WebSite\",\"@id\":\"https:\/\/shop.pyrasied.com\/de\/#website\",\"url\":\"https:\/\/shop.pyrasied.com\/de\/\",\"name\":\"Pyrasied\",\"description\":\"Uit liefde voor materiaal\",\"publisher\":{\"@id\":\"https:\/\/shop.pyrasied.com\/de\/#organization\"},\"potentialAction\":[{\"@type\":\"SearchAction\",\"target\":{\"@type\":\"EntryPoint\",\"urlTemplate\":\"https:\/\/shop.pyrasied.com\/de\/?s={search_term_string}\"},\"query-input\":{\"@type\":\"PropertyValueSpecification\",\"valueRequired\":true,\"valueName\":\"search_term_string\"}}],\"inLanguage\":\"de\"},{\"@type\":\"Organization\",\"@id\":\"https:\/\/shop.pyrasied.com\/de\/#organization\",\"name\":\"Pyrasied\",\"url\":\"https:\/\/shop.pyrasied.com\/de\/\",\"logo\":{\"@type\":\"ImageObject\",\"inLanguage\":\"de\",\"@id\":\"https:\/\/shop.pyrasied.com\/de\/#\/schema\/logo\/image\/\",\"url\":\"https:\/\/shop.pyrasied.com\/wp-content\/uploads\/2025\/06\/pyrasied.jpg\",\"contentUrl\":\"https:\/\/shop.pyrasied.com\/wp-content\/uploads\/2025\/06\/pyrasied.jpg\",\"width\":1200,\"height\":630,\"caption\":\"Pyrasied\"},\"image\":{\"@id\":\"https:\/\/shop.pyrasied.com\/de\/#\/schema\/logo\/image\/\"},\"sameAs\":[\"https:\/\/www.facebook.com\/Pyrasied\/\",\"https:\/\/www.instagram.com\/pyrasied\/\"]}]}<\/script>\n<!-- \/ Yoast SEO plugin. -->","yoast_head_json":{"title":"Transparente Acrylfarben | Pyrasied","description":"Entdecken Sie die transparente Acrylfarben-Kollektion - 28 Farbt\u00f6ne, 3-12\u202fmm dick, UV-best\u00e4ndig, optisch rein und leicht zu verarbeiten f\u00fcr jedes Projekt.","robots":{"index":"index","follow":"follow","max-snippet":"max-snippet:-1","max-image-preview":"max-image-preview:large","max-video-preview":"max-video-preview:-1"},"canonical":"https:\/\/shop.pyrasied.com\/de\/produkt\/transparente-acrylfarben\/","og_locale":"de_DE","og_type":"article","og_title":"Transparante acrylaat kleuren | Pyrasied","og_description":"Ontdek de Transparante acrylaat kleuren collectie \u2013 28 duurzame tinten, 3\u201312 mm dik, UV-bestendig, optisch helder en eenvoudig te bewerken voor elk project.","og_url":"https:\/\/shop.pyrasied.com\/de\/produkt\/transparente-acrylfarben\/","og_site_name":"Pyrasied","article_publisher":"https:\/\/www.facebook.com\/Pyrasied\/","article_modified_time":"2026-03-30T12:13:25+00:00","og_image":[{"width":1000,"height":1000,"url":"https:\/\/shop.pyrasied.com\/wp-content\/uploads\/2025\/07\/Greencast-transparante-kleuren-uitgebreid.jpg","type":"image\/jpeg"}],"twitter_card":"summary_large_image","twitter_misc":{"Gesch\u00e4tzte Lesezeit":"2\u00a0Minuten"},"schema":{"@context":"https:\/\/schema.org","@graph":[{"@type":"WebPage","@id":"https:\/\/shop.pyrasied.com\/product\/transparante-acrylaat-kleuren\/","url":"https:\/\/shop.pyrasied.com\/product\/transparante-acrylaat-kleuren\/","name":"Transparente Acrylfarben | Pyrasied","isPartOf":{"@id":"https:\/\/shop.pyrasied.com\/de\/#website"},"primaryImageOfPage":{"@id":"https:\/\/shop.pyrasied.com\/product\/transparante-acrylaat-kleuren\/#primaryimage"},"image":{"@id":"https:\/\/shop.pyrasied.com\/product\/transparante-acrylaat-kleuren\/#primaryimage"},"thumbnailUrl":"https:\/\/shop.pyrasied.com\/wp-content\/uploads\/2025\/07\/Greencast-transparante-kleuren-uitgebreid.jpg","datePublished":"2025-07-11T09:34:40+00:00","dateModified":"2026-03-30T12:13:25+00:00","description":"Entdecken Sie die transparente Acrylfarben-Kollektion - 28 Farbt\u00f6ne, 3-12\u202fmm dick, UV-best\u00e4ndig, optisch rein und leicht zu verarbeiten f\u00fcr jedes Projekt.","breadcrumb":{"@id":"https:\/\/shop.pyrasied.com\/product\/transparante-acrylaat-kleuren\/#breadcrumb"},"inLanguage":"de","potentialAction":[{"@type":"ReadAction","target":["https:\/\/shop.pyrasied.com\/product\/transparante-acrylaat-kleuren\/"]}]},{"@type":"ImageObject","inLanguage":"de","@id":"https:\/\/shop.pyrasied.com\/product\/transparante-acrylaat-kleuren\/#primaryimage","url":"https:\/\/shop.pyrasied.com\/wp-content\/uploads\/2025\/07\/Greencast-transparante-kleuren-uitgebreid.jpg","contentUrl":"https:\/\/shop.pyrasied.com\/wp-content\/uploads\/2025\/07\/Greencast-transparante-kleuren-uitgebreid.jpg","width":1000,"height":1000,"caption":"Transparante acrylaat kleuren"},{"@type":"BreadcrumbList","@id":"https:\/\/shop.pyrasied.com\/product\/transparante-acrylaat-kleuren\/#breadcrumb","itemListElement":[{"@type":"ListItem","position":1,"name":"Home","item":"https:\/\/shop.pyrasied.com\/nl\/"},{"@type":"ListItem","position":2,"name":"Materialen","item":"https:\/\/shop.pyrasied.com\/nl\/materialen\/"},{"@type":"ListItem","position":3,"name":"Merken","item":"https:\/\/shop.pyrasied.com\/materialen\/merken\/"},{"@type":"ListItem","position":4,"name":"Green Cast","item":"https:\/\/shop.pyrasied.com\/materialen\/merken\/green-cast\/"},{"@type":"ListItem","position":5,"name":"Transparante acrylaat kleuren"}]},{"@type":"WebSite","@id":"https:\/\/shop.pyrasied.com\/de\/#website","url":"https:\/\/shop.pyrasied.com\/de\/","name":"Pyrasied","description":"Aus Liebe zum Material","publisher":{"@id":"https:\/\/shop.pyrasied.com\/de\/#organization"},"potentialAction":[{"@type":"SearchAction","target":{"@type":"EntryPoint","urlTemplate":"https:\/\/shop.pyrasied.com\/de\/?s={search_term_string}"},"query-input":{"@type":"PropertyValueSpecification","valueRequired":true,"valueName":"search_term_string"}}],"inLanguage":"de"},{"@type":"Organization","@id":"https:\/\/shop.pyrasied.com\/de\/#organization","name":"Pyrasied","url":"https:\/\/shop.pyrasied.com\/de\/","logo":{"@type":"ImageObject","inLanguage":"de","@id":"https:\/\/shop.pyrasied.com\/de\/#\/schema\/logo\/image\/","url":"https:\/\/shop.pyrasied.com\/wp-content\/uploads\/2025\/06\/pyrasied.jpg","contentUrl":"https:\/\/shop.pyrasied.com\/wp-content\/uploads\/2025\/06\/pyrasied.jpg","width":1200,"height":630,"caption":"Pyrasied"},"image":{"@id":"https:\/\/shop.pyrasied.com\/de\/#\/schema\/logo\/image\/"},"sameAs":["https:\/\/www.facebook.com\/Pyrasied\/","https:\/\/www.instagram.com\/pyrasied\/"]}]}},"_links":{"self":[{"href":"https:\/\/shop.pyrasied.com\/de\/wp-json\/wp\/v2\/product\/9805","targetHints":{"allow":["GET"]}}],"collection":[{"href":"https:\/\/shop.pyrasied.com\/de\/wp-json\/wp\/v2\/product"}],"about":[{"href":"https:\/\/shop.pyrasied.com\/de\/wp-json\/wp\/v2\/types\/product"}],"wp:featuredmedia":[{"embeddable":true,"href":"https:\/\/shop.pyrasied.com\/de\/wp-json\/wp\/v2\/media\/14349"}],"wp:attachment":[{"href":"https:\/\/shop.pyrasied.com\/de\/wp-json\/wp\/v2\/media?parent=9805"}],"wp:term":[{"taxonomy":"product_brand","embeddable":true,"href":"https:\/\/shop.pyrasied.com\/de\/wp-json\/wp\/v2\/product_brand?post=9805"},{"taxonomy":"product_cat","embeddable":true,"href":"https:\/\/shop.pyrasied.com\/de\/wp-json\/wp\/v2\/product_cat?post=9805"},{"taxonomy":"product_tag","embeddable":true,"href":"https:\/\/shop.pyrasied.com\/de\/wp-json\/wp\/v2\/product_tag?post=9805"}],"curies":[{"name":"wp","href":"https:\/\/api.w.org\/{rel}","templated":true}]}}