{"id":9686,"date":"2025-07-11T09:34:11","date_gmt":"2025-07-11T09:34:11","guid":{"rendered":"https:\/\/pyrasiedshop.nl\/product\/polycarbonaat-opaal\/"},"modified":"2026-03-30T12:11:24","modified_gmt":"2026-03-30T12:11:24","slug":"polycarbonat-opal","status":"publish","type":"product","link":"https:\/\/shop.pyrasied.com\/de\/produkt\/polycarbonat-opal\/","title":{"rendered":"Polycarbonat opal"},"content":{"rendered":"<h2>Polycarbonat opal<\/h2>\n<p>Polycarbonat opal ist eine starke und haltbare Kunststoffplatte mit einem milchigen, durchscheinenden Aussehen. Das Material ist extrem sto\u00dffest - bis zu 250-mal st\u00e4rker als Glas - und damit ideal f\u00fcr Anwendungen, bei denen Sicherheit wichtig ist. Dank seiner opalen Farbe hat es ein weiches, diffuses Aussehen. Polycarbonat opal ist bruchsicher und einbruchsicher.<\/p>\n<p>Das Material ist UV-best\u00e4ndig und hat eine ausgezeichnete Brandklasse (Bs1d0), wodurch es sich f\u00fcr den Einsatz in \u00f6ffentlichen Bereichen eignet. Es ist hoch temperaturbest\u00e4ndig, selbstverl\u00f6schend und feuerhemmend.<\/p>\n<p>Ein gro\u00dfer Vorteil von Polycarbonat ist, dass es kalt gebogen werden kann, ohne dass die Gefahr besteht, dass es bricht oder rei\u00dft, was es vielseitig und einfach zu verarbeiten macht. Dar\u00fcber hinaus ist das 50% leichter als Glas, was die Handhabung und Montage erleichtert.<\/p>\n<p><strong>Eigenschaften<\/strong><\/p>\n<ul>\n<li>Extrem sto\u00dffest und nahezu unzerbrechlich<\/li>\n<li>UV-best\u00e4ndig und f\u00fcr den Au\u00dfeneinsatz geeignet<\/li>\n<li>Brandklasse: Bs1d0 (selbstverl\u00f6schend und feuerhemmend)<\/li>\n<li>Kalt biegbar ohne zu rei\u00dfen<\/li>\n<li>50% Leichter als Glas<\/li>\n<\/ul>\n<h2>Lagerbestand an Polycarbonat-Opal<\/h2>\n<p>Pyrasied f\u00fchrt Polycarbonat-Opal in Dicken von 2 mm bis 5 mm, in einer Vielzahl von festen Gr\u00f6\u00dfen sowie nach Ma\u00df. Die maximale Plattengr\u00f6\u00dfe betr\u00e4gt 3050 \u00d7 2050 mm.<\/p>\n<h3>Anwendungen<\/h3>\n<ul>\n<li>Verglasung und W\u00e4nde<\/li>\n<li>Bootsfenster und Vord\u00e4cher<\/li>\n<li>Einbruch- und ausbruchsicherer Schutz<\/li>\n<li>Maschinen und industrielle Anwendungen<\/li>\n<li>Beleuchtungsk\u00f6rper<\/li>\n<li>Dekorative Lichtobjekte<\/li>\n<\/ul>\n<h3>Verarbeitungsm\u00f6glichkeiten<\/h3>\n<p>S\u00e4gen, Fr\u00e4sen, Warm- oder Kaltbiegen, Kleben, Bohren, Facettieren, Mattieren und Bedrucken. Das Material kann auch kalt gebogen werden, ohne dass es zu Rissen kommt.<\/p>\n<h3>Varianten<\/h3>\n<p>Pyrasied bietet auch Polycarbonat in <a href=\"https:\/\/shop.pyrasied.com\/de\/produkt\/polycarbonat-farb-und-rauchschattierungen\/\">Rauchfarben<\/a> und <a href=\"https:\/\/shop.pyrasied.com\/de\/produkt\/spiegel-acryl\/\">Spiegelplatten<\/a> an. Dar\u00fcber hinaus sind Rohre, St\u00e4be und Platten mit hoher optischer Qualit\u00e4t erh\u00e4ltlich.<\/p>\n<p>&nbsp;<\/p>","protected":false},"excerpt":{"rendered":"<p>Polycarbonat opal Polycarbonat opal ist eine starke und haltbare Kunststoffplatte mit einem milchigen, lichtdurchl\u00e4ssigen Aussehen. Das Material ist extrem sto\u00dffest - bis zu 250-mal st\u00e4rker als Glas - und eignet sich daher ideal f\u00fcr Anwendungen, bei denen es auf Sicherheit ankommt. Dank seiner opalen Farbe hat es ein weiches, diffuses Aussehen. Polycarbonat opal ist vandalensicher und einbruchsicher. Es [...]<\/p>","protected":false},"featured_media":12352,"template":"","meta":{"_acf_changed":false},"product_brand":[],"product_cat":[33],"product_tag":[],"class_list":{"0":"post-9686","1":"product","2":"type-product","3":"status-publish","4":"has-post-thumbnail","6":"product_cat-polycarbonaat-petg","8":"first","9":"instock","10":"taxable","11":"shipping-taxable","12":"purchasable","13":"product-type-variable"},"acf":[],"yoast_head":"<!-- This site is optimized with the Yoast SEO plugin v26.0 - https:\/\/yoast.com\/wordpress\/plugins\/seo\/ -->\n<title>Polycarbonaat opaal | Pyrasied<\/title>\n<meta name=\"description\" content=\"Polycarbonaat opaal: sterke, lichtdoorlatende kunststof, UV-bestendig en brandvertragend, ideaal voor veilige toepassingen.\" \/>\n<meta name=\"robots\" content=\"index, follow, max-snippet:-1, max-image-preview:large, max-video-preview:-1\" \/>\n<link rel=\"canonical\" href=\"http:\/\/shop.pyrasied.com\/de\/produkt\/polycarbonat-opal\/\" \/>\n<meta property=\"og:locale\" content=\"de_DE\" \/>\n<meta property=\"og:type\" content=\"article\" \/>\n<meta property=\"og:title\" content=\"Polycarbonaat opaal | Pyrasied\" \/>\n<meta property=\"og:description\" content=\"Polycarbonaat opaal: sterke, lichtdoorlatende kunststof, UV-bestendig en brandvertragend, ideaal voor veilige toepassingen.\" \/>\n<meta property=\"og:url\" content=\"http:\/\/shop.pyrasied.com\/de\/produkt\/polycarbonat-opal\/\" \/>\n<meta property=\"og:site_name\" content=\"Pyrasied\" \/>\n<meta property=\"article:publisher\" content=\"https:\/\/www.facebook.com\/Pyrasied\/\" \/>\n<meta property=\"article:modified_time\" content=\"2026-03-30T12:11:24+00:00\" \/>\n<meta property=\"og:image\" content=\"https:\/\/shop.pyrasied.com\/wp-content\/uploads\/2025\/07\/AF_opaal.jpg\" \/>\n\t<meta property=\"og:image:width\" content=\"1000\" \/>\n\t<meta property=\"og:image:height\" content=\"1000\" \/>\n\t<meta property=\"og:image:type\" content=\"image\/jpeg\" \/>\n<meta name=\"twitter:card\" content=\"summary_large_image\" \/>\n<meta name=\"twitter:label1\" content=\"Gesch\u00e4tzte Lesezeit\" \/>\n\t<meta name=\"twitter:data1\" content=\"2\u00a0Minuten\" \/>\n<script type=\"application\/ld+json\" class=\"yoast-schema-graph\">{\"@context\":\"https:\/\/schema.org\",\"@graph\":[{\"@type\":\"WebPage\",\"@id\":\"http:\/\/shop.pyrasied.com\/nl\/product\/polycarbonaat-opaal\/\",\"url\":\"http:\/\/shop.pyrasied.com\/nl\/product\/polycarbonaat-opaal\/\",\"name\":\"Polycarbonaat opaal | Pyrasied\",\"isPartOf\":{\"@id\":\"https:\/\/shop.pyrasied.com\/de\/#website\"},\"primaryImageOfPage\":{\"@id\":\"http:\/\/shop.pyrasied.com\/nl\/product\/polycarbonaat-opaal\/#primaryimage\"},\"image\":{\"@id\":\"http:\/\/shop.pyrasied.com\/nl\/product\/polycarbonaat-opaal\/#primaryimage\"},\"thumbnailUrl\":\"https:\/\/shop.pyrasied.com\/wp-content\/uploads\/2025\/07\/AF_opaal.jpg\",\"datePublished\":\"2025-07-11T09:34:11+00:00\",\"dateModified\":\"2026-03-30T12:11:24+00:00\",\"description\":\"Polycarbonaat opaal: sterke, lichtdoorlatende kunststof, UV-bestendig en brandvertragend, ideaal voor veilige toepassingen.\",\"breadcrumb\":{\"@id\":\"http:\/\/shop.pyrasied.com\/nl\/product\/polycarbonaat-opaal\/#breadcrumb\"},\"inLanguage\":\"de\",\"potentialAction\":[{\"@type\":\"ReadAction\",\"target\":[\"http:\/\/shop.pyrasied.com\/nl\/product\/polycarbonaat-opaal\/\"]}]},{\"@type\":\"ImageObject\",\"inLanguage\":\"de\",\"@id\":\"http:\/\/shop.pyrasied.com\/nl\/product\/polycarbonaat-opaal\/#primaryimage\",\"url\":\"https:\/\/shop.pyrasied.com\/wp-content\/uploads\/2025\/07\/AF_opaal.jpg\",\"contentUrl\":\"https:\/\/shop.pyrasied.com\/wp-content\/uploads\/2025\/07\/AF_opaal.jpg\",\"width\":1000,\"height\":1000,\"caption\":\"Polycarbonaat opaal\"},{\"@type\":\"BreadcrumbList\",\"@id\":\"http:\/\/shop.pyrasied.com\/nl\/product\/polycarbonaat-opaal\/#breadcrumb\",\"itemListElement\":[{\"@type\":\"ListItem\",\"position\":1,\"name\":\"Home\",\"item\":\"https:\/\/shop.pyrasied.com\/nl\/\"},{\"@type\":\"ListItem\",\"position\":2,\"name\":\"Materialen\",\"item\":\"https:\/\/shop.pyrasied.com\/nl\/materialen\/\"},{\"@type\":\"ListItem\",\"position\":3,\"name\":\"Polycarbonaat \/ PETG\",\"item\":\"http:\/\/shop.pyrasied.com\/nl\/materialen\/polycarbonaat-petg\/\"},{\"@type\":\"ListItem\",\"position\":4,\"name\":\"Polycarbonaat opaal\"}]},{\"@type\":\"WebSite\",\"@id\":\"https:\/\/shop.pyrasied.com\/de\/#website\",\"url\":\"https:\/\/shop.pyrasied.com\/de\/\",\"name\":\"Pyrasied\",\"description\":\"Uit liefde voor materiaal\",\"publisher\":{\"@id\":\"https:\/\/shop.pyrasied.com\/de\/#organization\"},\"potentialAction\":[{\"@type\":\"SearchAction\",\"target\":{\"@type\":\"EntryPoint\",\"urlTemplate\":\"https:\/\/shop.pyrasied.com\/de\/?s={search_term_string}\"},\"query-input\":{\"@type\":\"PropertyValueSpecification\",\"valueRequired\":true,\"valueName\":\"search_term_string\"}}],\"inLanguage\":\"de\"},{\"@type\":\"Organization\",\"@id\":\"https:\/\/shop.pyrasied.com\/de\/#organization\",\"name\":\"Pyrasied\",\"url\":\"https:\/\/shop.pyrasied.com\/de\/\",\"logo\":{\"@type\":\"ImageObject\",\"inLanguage\":\"de\",\"@id\":\"https:\/\/shop.pyrasied.com\/de\/#\/schema\/logo\/image\/\",\"url\":\"https:\/\/shop.pyrasied.com\/wp-content\/uploads\/2025\/06\/pyrasied.jpg\",\"contentUrl\":\"https:\/\/shop.pyrasied.com\/wp-content\/uploads\/2025\/06\/pyrasied.jpg\",\"width\":1200,\"height\":630,\"caption\":\"Pyrasied\"},\"image\":{\"@id\":\"https:\/\/shop.pyrasied.com\/de\/#\/schema\/logo\/image\/\"},\"sameAs\":[\"https:\/\/www.facebook.com\/Pyrasied\/\",\"https:\/\/www.instagram.com\/pyrasied\/\"]}]}<\/script>\n<!-- \/ Yoast SEO plugin. -->","yoast_head_json":{"title":"Polycarbonat opal | Pyrasied","description":"Polycarbonat opal: starker, lichtdurchl\u00e4ssiger Kunststoff, UV-best\u00e4ndig und feuerhemmend, ideal f\u00fcr sichere Anwendungen.","robots":{"index":"index","follow":"follow","max-snippet":"max-snippet:-1","max-image-preview":"max-image-preview:large","max-video-preview":"max-video-preview:-1"},"canonical":"http:\/\/shop.pyrasied.com\/de\/produkt\/polycarbonat-opal\/","og_locale":"de_DE","og_type":"article","og_title":"Polycarbonaat opaal | Pyrasied","og_description":"Polycarbonaat opaal: sterke, lichtdoorlatende kunststof, UV-bestendig en brandvertragend, ideaal voor veilige toepassingen.","og_url":"http:\/\/shop.pyrasied.com\/de\/produkt\/polycarbonat-opal\/","og_site_name":"Pyrasied","article_publisher":"https:\/\/www.facebook.com\/Pyrasied\/","article_modified_time":"2026-03-30T12:11:24+00:00","og_image":[{"width":1000,"height":1000,"url":"https:\/\/shop.pyrasied.com\/wp-content\/uploads\/2025\/07\/AF_opaal.jpg","type":"image\/jpeg"}],"twitter_card":"summary_large_image","twitter_misc":{"Gesch\u00e4tzte Lesezeit":"2\u00a0Minuten"},"schema":{"@context":"https:\/\/schema.org","@graph":[{"@type":"WebPage","@id":"http:\/\/shop.pyrasied.com\/nl\/product\/polycarbonaat-opaal\/","url":"http:\/\/shop.pyrasied.com\/nl\/product\/polycarbonaat-opaal\/","name":"Polycarbonat opal | Pyrasied","isPartOf":{"@id":"https:\/\/shop.pyrasied.com\/de\/#website"},"primaryImageOfPage":{"@id":"http:\/\/shop.pyrasied.com\/nl\/product\/polycarbonaat-opaal\/#primaryimage"},"image":{"@id":"http:\/\/shop.pyrasied.com\/nl\/product\/polycarbonaat-opaal\/#primaryimage"},"thumbnailUrl":"https:\/\/shop.pyrasied.com\/wp-content\/uploads\/2025\/07\/AF_opaal.jpg","datePublished":"2025-07-11T09:34:11+00:00","dateModified":"2026-03-30T12:11:24+00:00","description":"Polycarbonat opal: starker, lichtdurchl\u00e4ssiger Kunststoff, UV-best\u00e4ndig und feuerhemmend, ideal f\u00fcr sichere Anwendungen.","breadcrumb":{"@id":"http:\/\/shop.pyrasied.com\/nl\/product\/polycarbonaat-opaal\/#breadcrumb"},"inLanguage":"de","potentialAction":[{"@type":"ReadAction","target":["http:\/\/shop.pyrasied.com\/nl\/product\/polycarbonaat-opaal\/"]}]},{"@type":"ImageObject","inLanguage":"de","@id":"http:\/\/shop.pyrasied.com\/nl\/product\/polycarbonaat-opaal\/#primaryimage","url":"https:\/\/shop.pyrasied.com\/wp-content\/uploads\/2025\/07\/AF_opaal.jpg","contentUrl":"https:\/\/shop.pyrasied.com\/wp-content\/uploads\/2025\/07\/AF_opaal.jpg","width":1000,"height":1000,"caption":"Polycarbonaat opaal"},{"@type":"BreadcrumbList","@id":"http:\/\/shop.pyrasied.com\/nl\/product\/polycarbonaat-opaal\/#breadcrumb","itemListElement":[{"@type":"ListItem","position":1,"name":"Home","item":"https:\/\/shop.pyrasied.com\/nl\/"},{"@type":"ListItem","position":2,"name":"Materialen","item":"https:\/\/shop.pyrasied.com\/nl\/materialen\/"},{"@type":"ListItem","position":3,"name":"Polycarbonaat \/ PETG","item":"http:\/\/shop.pyrasied.com\/nl\/materialen\/polycarbonaat-petg\/"},{"@type":"ListItem","position":4,"name":"Polycarbonaat opaal"}]},{"@type":"WebSite","@id":"https:\/\/shop.pyrasied.com\/de\/#website","url":"https:\/\/shop.pyrasied.com\/de\/","name":"Pyrasied","description":"Aus Liebe zum Material","publisher":{"@id":"https:\/\/shop.pyrasied.com\/de\/#organization"},"potentialAction":[{"@type":"SearchAction","target":{"@type":"EntryPoint","urlTemplate":"https:\/\/shop.pyrasied.com\/de\/?s={search_term_string}"},"query-input":{"@type":"PropertyValueSpecification","valueRequired":true,"valueName":"search_term_string"}}],"inLanguage":"de"},{"@type":"Organization","@id":"https:\/\/shop.pyrasied.com\/de\/#organization","name":"Pyrasied","url":"https:\/\/shop.pyrasied.com\/de\/","logo":{"@type":"ImageObject","inLanguage":"de","@id":"https:\/\/shop.pyrasied.com\/de\/#\/schema\/logo\/image\/","url":"https:\/\/shop.pyrasied.com\/wp-content\/uploads\/2025\/06\/pyrasied.jpg","contentUrl":"https:\/\/shop.pyrasied.com\/wp-content\/uploads\/2025\/06\/pyrasied.jpg","width":1200,"height":630,"caption":"Pyrasied"},"image":{"@id":"https:\/\/shop.pyrasied.com\/de\/#\/schema\/logo\/image\/"},"sameAs":["https:\/\/www.facebook.com\/Pyrasied\/","https:\/\/www.instagram.com\/pyrasied\/"]}]}},"_links":{"self":[{"href":"https:\/\/shop.pyrasied.com\/de\/wp-json\/wp\/v2\/product\/9686","targetHints":{"allow":["GET"]}}],"collection":[{"href":"https:\/\/shop.pyrasied.com\/de\/wp-json\/wp\/v2\/product"}],"about":[{"href":"https:\/\/shop.pyrasied.com\/de\/wp-json\/wp\/v2\/types\/product"}],"wp:featuredmedia":[{"embeddable":true,"href":"https:\/\/shop.pyrasied.com\/de\/wp-json\/wp\/v2\/media\/12352"}],"wp:attachment":[{"href":"https:\/\/shop.pyrasied.com\/de\/wp-json\/wp\/v2\/media?parent=9686"}],"wp:term":[{"taxonomy":"product_brand","embeddable":true,"href":"https:\/\/shop.pyrasied.com\/de\/wp-json\/wp\/v2\/product_brand?post=9686"},{"taxonomy":"product_cat","embeddable":true,"href":"https:\/\/shop.pyrasied.com\/de\/wp-json\/wp\/v2\/product_cat?post=9686"},{"taxonomy":"product_tag","embeddable":true,"href":"https:\/\/shop.pyrasied.com\/de\/wp-json\/wp\/v2\/product_tag?post=9686"}],"curies":[{"name":"wp","href":"https:\/\/api.w.org\/{rel}","templated":true}]}}