{"id":9604,"date":"2025-07-11T09:33:48","date_gmt":"2025-07-11T09:33:48","guid":{"rendered":"https:\/\/pyrasiedshop.nl\/product\/polycarbonaat-kleur\/"},"modified":"2026-03-30T12:11:01","modified_gmt":"2026-03-30T12:11:01","slug":"polycarbonat-farb-und-rauchschattierungen","status":"publish","type":"product","link":"https:\/\/shop.pyrasied.com\/de\/produkt\/polycarbonat-farb-und-rauchschattierungen\/","title":{"rendered":"Farbe Polycarbonat"},"content":{"rendered":"<h2>Polycarbonat-Farb- und Rauchschattierungen<\/h2>\n<p>Polycarbonat-Farb- und Rauchgl\u00e4ser sind transparente Kunststoffplatten, die sowohl Funktionalit\u00e4t als auch \u00c4sthetik vereinen. Sie sind in verschiedenen Farben und Rauchglasvarianten erh\u00e4ltlich und eignen sich daher sowohl f\u00fcr dekorative als auch f\u00fcr funktionale Anwendungen.<\/p>\n<p><strong>Polycarbonat Rauch<\/strong> ist eine transparente Rauchglas-Kunststoffplatte mit extrem hoher Schlagfestigkeit. Das Material ist UV-best\u00e4ndig und hat eine B1-Brandschutzzertifizierung, wodurch es in \u00f6ffentlichen und \u00f6ffentlichen Bereichen sicher eingesetzt werden kann. Dank dieser Eigenschaften wird Polycarbonat in gro\u00dfem Umfang f\u00fcr Verglasungen, ausbruchssichere Anwendungen, einbruchssichere und besonders sichere Schutzma\u00dfnahmen verwendet. Typische Anwendungen sind Bootsfenster, Luken, Kabinen sowie Front- und Seitenfenster, bei denen das Material seine Qualit\u00e4t \u00fcber einen langen Zeitraum beibeh\u00e4lt.<\/p>\n<p>Die Rauchvariante hat eine attraktive Rauchglasoptik, w\u00e4hrend farbige Varianten einen zus\u00e4tzlichen dekorativen Mehrwert bieten. Polycarbonat-Farb- und -Rauchschirme k\u00f6nnen kalt gebogen werden, ohne zu brechen, sind unzerbrechlich und bis zu 50% leichter als Glas. Pyrasied liefert diese Platten in verschiedenen Dicken und Ausf\u00fchrungen, darunter Rohre, St\u00e4be und Platten von hoher optischer Qualit\u00e4t f\u00fcr kreative Anwendungen.<\/p>\n<p><strong>Eigenschaften<\/strong><\/p>\n<ul>\n<li>Extrem sto\u00dffest und nahezu unzerbrechlich<\/li>\n<li>UV-best\u00e4ndig und f\u00fcr den Au\u00dfeneinsatz geeignet<\/li>\n<li>Brandklasse: Bs1d0 (selbstverl\u00f6schend und feuerhemmend)<\/li>\n<li>Kalt biegbar ohne zu rei\u00dfen<\/li>\n<li>50% Leichter als Glas<\/li>\n<\/ul>\n<h2>Vorrat an Polycarbonat-Farbe und Rauch-T\u00f6nen<\/h2>\n<p>Pyrasied hat Polycarbonat Rauchbronze und Rauchgrau online verf\u00fcgbar, direkt ab Lager lieferbar. Das Material ist lagerm\u00e4\u00dfig verf\u00fcgbar in St\u00e4rken von 3 mm bis einschlie\u00dflich 8 mm, in verschiedenen festen Gr\u00f6\u00dfen, aber auch auf Ma\u00df. Das maximale Plattenformat betr\u00e4gt 3050 \u00d7 2050 mm.<\/p>\n<h3>Verarbeitungsm\u00f6glichkeiten<\/h3>\n<p>S\u00e4gen, Fr\u00e4sen, Warm- oder Kaltbiegen, Kleben, Bohren, Facettieren, Mattieren und Bedrucken. Das Material kann auch kalt gebogen werden, ohne dass es zu Rissen kommt.<\/p>\n<h3>Anwendungen<\/h3>\n<p>Rauchget\u00f6ntes Polycarbonat ist hervorragend f\u00fcr Bootsfenster, Vorder- und Seitenfenster, Luken und Kaj\u00fcten geeignet, da es UV-best\u00e4ndig ist.<\/p>\n<h3>Varianten<\/h3>\n<p>Pyrasied bietet auch Polycarbonat in <a href=\"https:\/\/shop.pyrasied.com\/de\/produkt\/polycarbonat-klar-uv\/\">Polycarbonat klar UV<\/a>\u00a0und <a href=\"https:\/\/shop.pyrasied.com\/de\/produkt\/spiegel-acryl\/\">Spiegelplatten<\/a> an. Dar\u00fcber hinaus sind Rohre, St\u00e4be und Platten mit hoher optischer Qualit\u00e4t erh\u00e4ltlich.<\/p>","protected":false},"excerpt":{"rendered":"<p>Polycarbonat-Farb- und Rauchgl\u00e4ser Polycarbonat-Farb- und Rauchgl\u00e4ser sind transparente Kunststoffplatten, die sowohl Funktionalit\u00e4t als auch \u00c4sthetik vereinen. Sie sind in verschiedenen Farben und Rauchglasvarianten erh\u00e4ltlich und eignen sich daher sowohl f\u00fcr dekorative als auch f\u00fcr funktionale Anwendungen. Polycarbonat smoke ist eine transparente Rauchglasplatte aus Kunststoff mit extrem hoher Schlagfestigkeit. Das Material ist UV-best\u00e4ndig und zeichnet sich durch [...]<\/p>","protected":false},"featured_media":12353,"template":"","meta":{"_acf_changed":false},"product_brand":[],"product_cat":[33],"product_tag":[],"class_list":{"0":"post-9604","1":"product","2":"type-product","3":"status-publish","4":"has-post-thumbnail","6":"product_cat-polycarbonaat-petg","8":"first","9":"instock","10":"taxable","11":"shipping-taxable","12":"purchasable","13":"product-type-variable"},"acf":[],"yoast_head":"<!-- This site is optimized with the Yoast SEO plugin v26.0 - https:\/\/yoast.com\/wordpress\/plugins\/seo\/ -->\n<title>Polycarbonaat kleur en smoke tinten | Pyrasied<\/title>\n<meta name=\"description\" content=\"Polycarbonaat kleur en smoke tinten - transparante, slagvast en UV-bestendig, perfect voor ramen, bootluiken, wanden en extra beveiligingstoepassingen.\" \/>\n<meta name=\"robots\" content=\"index, follow, max-snippet:-1, max-image-preview:large, max-video-preview:-1\" \/>\n<link rel=\"canonical\" href=\"http:\/\/shop.pyrasied.com\/de\/produkt\/polycarbonat-farb-und-rauchschattierungen\/\" \/>\n<meta property=\"og:locale\" content=\"de_DE\" \/>\n<meta property=\"og:type\" content=\"article\" \/>\n<meta property=\"og:title\" content=\"Polycarbonaat kleur en smoke tinten | Pyrasied\" \/>\n<meta property=\"og:description\" content=\"Polycarbonaat kleur en smoke tinten - transparante, slagvast en UV-bestendig, perfect voor ramen, bootluiken, wanden en extra beveiligingstoepassingen.\" \/>\n<meta property=\"og:url\" content=\"http:\/\/shop.pyrasied.com\/de\/produkt\/polycarbonat-farb-und-rauchschattierungen\/\" \/>\n<meta property=\"og:site_name\" content=\"Pyrasied\" \/>\n<meta property=\"article:publisher\" content=\"https:\/\/www.facebook.com\/Pyrasied\/\" \/>\n<meta property=\"article:modified_time\" content=\"2026-03-30T12:11:01+00:00\" \/>\n<meta property=\"og:image\" content=\"https:\/\/shop.pyrasied.com\/wp-content\/uploads\/2025\/07\/AF_polycarbonaat-bootraam-kleuren-pyrasied.jpg\" \/>\n\t<meta property=\"og:image:width\" content=\"1000\" \/>\n\t<meta property=\"og:image:height\" content=\"1000\" \/>\n\t<meta property=\"og:image:type\" content=\"image\/jpeg\" \/>\n<meta name=\"twitter:card\" content=\"summary_large_image\" \/>\n<meta name=\"twitter:label1\" content=\"Gesch\u00e4tzte Lesezeit\" \/>\n\t<meta name=\"twitter:data1\" content=\"2\u00a0Minuten\" \/>\n<script type=\"application\/ld+json\" class=\"yoast-schema-graph\">{\"@context\":\"https:\/\/schema.org\",\"@graph\":[{\"@type\":\"WebPage\",\"@id\":\"http:\/\/shop.pyrasied.com\/nl\/product\/polycarbonaat-kleur-en-smoke-tinten\/\",\"url\":\"http:\/\/shop.pyrasied.com\/nl\/product\/polycarbonaat-kleur-en-smoke-tinten\/\",\"name\":\"Polycarbonaat kleur en smoke tinten | Pyrasied\",\"isPartOf\":{\"@id\":\"https:\/\/shop.pyrasied.com\/de\/#website\"},\"primaryImageOfPage\":{\"@id\":\"http:\/\/shop.pyrasied.com\/nl\/product\/polycarbonaat-kleur-en-smoke-tinten\/#primaryimage\"},\"image\":{\"@id\":\"http:\/\/shop.pyrasied.com\/nl\/product\/polycarbonaat-kleur-en-smoke-tinten\/#primaryimage\"},\"thumbnailUrl\":\"https:\/\/shop.pyrasied.com\/wp-content\/uploads\/2025\/07\/AF_polycarbonaat-bootraam-kleuren-pyrasied.jpg\",\"datePublished\":\"2025-07-11T09:33:48+00:00\",\"dateModified\":\"2026-03-30T12:11:01+00:00\",\"description\":\"Polycarbonaat kleur en smoke tinten - transparante, slagvast en UV-bestendig, perfect voor ramen, bootluiken, wanden en extra beveiligingstoepassingen.\",\"breadcrumb\":{\"@id\":\"http:\/\/shop.pyrasied.com\/nl\/product\/polycarbonaat-kleur-en-smoke-tinten\/#breadcrumb\"},\"inLanguage\":\"de\",\"potentialAction\":[{\"@type\":\"ReadAction\",\"target\":[\"http:\/\/shop.pyrasied.com\/nl\/product\/polycarbonaat-kleur-en-smoke-tinten\/\"]}]},{\"@type\":\"ImageObject\",\"inLanguage\":\"de\",\"@id\":\"http:\/\/shop.pyrasied.com\/nl\/product\/polycarbonaat-kleur-en-smoke-tinten\/#primaryimage\",\"url\":\"https:\/\/shop.pyrasied.com\/wp-content\/uploads\/2025\/07\/AF_polycarbonaat-bootraam-kleuren-pyrasied.jpg\",\"contentUrl\":\"https:\/\/shop.pyrasied.com\/wp-content\/uploads\/2025\/07\/AF_polycarbonaat-bootraam-kleuren-pyrasied.jpg\",\"width\":1000,\"height\":1000,\"caption\":\"polycarbonaat kleur en smoke tinten\"},{\"@type\":\"BreadcrumbList\",\"@id\":\"http:\/\/shop.pyrasied.com\/nl\/product\/polycarbonaat-kleur-en-smoke-tinten\/#breadcrumb\",\"itemListElement\":[{\"@type\":\"ListItem\",\"position\":1,\"name\":\"Home\",\"item\":\"https:\/\/shop.pyrasied.com\/nl\/\"},{\"@type\":\"ListItem\",\"position\":2,\"name\":\"Materialen\",\"item\":\"https:\/\/shop.pyrasied.com\/nl\/materialen\/\"},{\"@type\":\"ListItem\",\"position\":3,\"name\":\"Polycarbonaat \/ PETG\",\"item\":\"http:\/\/shop.pyrasied.com\/nl\/materialen\/polycarbonaat-petg\/\"},{\"@type\":\"ListItem\",\"position\":4,\"name\":\"Polycarbonaat kleur\"}]},{\"@type\":\"WebSite\",\"@id\":\"https:\/\/shop.pyrasied.com\/de\/#website\",\"url\":\"https:\/\/shop.pyrasied.com\/de\/\",\"name\":\"Pyrasied\",\"description\":\"Uit liefde voor materiaal\",\"publisher\":{\"@id\":\"https:\/\/shop.pyrasied.com\/de\/#organization\"},\"potentialAction\":[{\"@type\":\"SearchAction\",\"target\":{\"@type\":\"EntryPoint\",\"urlTemplate\":\"https:\/\/shop.pyrasied.com\/de\/?s={search_term_string}\"},\"query-input\":{\"@type\":\"PropertyValueSpecification\",\"valueRequired\":true,\"valueName\":\"search_term_string\"}}],\"inLanguage\":\"de\"},{\"@type\":\"Organization\",\"@id\":\"https:\/\/shop.pyrasied.com\/de\/#organization\",\"name\":\"Pyrasied\",\"url\":\"https:\/\/shop.pyrasied.com\/de\/\",\"logo\":{\"@type\":\"ImageObject\",\"inLanguage\":\"de\",\"@id\":\"https:\/\/shop.pyrasied.com\/de\/#\/schema\/logo\/image\/\",\"url\":\"https:\/\/shop.pyrasied.com\/wp-content\/uploads\/2025\/06\/pyrasied.jpg\",\"contentUrl\":\"https:\/\/shop.pyrasied.com\/wp-content\/uploads\/2025\/06\/pyrasied.jpg\",\"width\":1200,\"height\":630,\"caption\":\"Pyrasied\"},\"image\":{\"@id\":\"https:\/\/shop.pyrasied.com\/de\/#\/schema\/logo\/image\/\"},\"sameAs\":[\"https:\/\/www.facebook.com\/Pyrasied\/\",\"https:\/\/www.instagram.com\/pyrasied\/\"]}]}<\/script>\n<!-- \/ Yoast SEO plugin. -->","yoast_head_json":{"title":"Polycarbonat-Farb- und Rauchschattierungen | Pyrasied","description":"Polycarbonat in Farb- und Rauch-T\u00f6nen \u2013 transparent, schlagfest und UV-best\u00e4ndig, ideal f\u00fcr Fenster, Bootsluken, W\u00e4nde und extra sichere Anwendungen.","robots":{"index":"index","follow":"follow","max-snippet":"max-snippet:-1","max-image-preview":"max-image-preview:large","max-video-preview":"max-video-preview:-1"},"canonical":"http:\/\/shop.pyrasied.com\/de\/produkt\/polycarbonat-farb-und-rauchschattierungen\/","og_locale":"de_DE","og_type":"article","og_title":"Polycarbonaat kleur en smoke tinten | Pyrasied","og_description":"Polycarbonaat kleur en smoke tinten - transparante, slagvast en UV-bestendig, perfect voor ramen, bootluiken, wanden en extra beveiligingstoepassingen.","og_url":"http:\/\/shop.pyrasied.com\/de\/produkt\/polycarbonat-farb-und-rauchschattierungen\/","og_site_name":"Pyrasied","article_publisher":"https:\/\/www.facebook.com\/Pyrasied\/","article_modified_time":"2026-03-30T12:11:01+00:00","og_image":[{"width":1000,"height":1000,"url":"https:\/\/shop.pyrasied.com\/wp-content\/uploads\/2025\/07\/AF_polycarbonaat-bootraam-kleuren-pyrasied.jpg","type":"image\/jpeg"}],"twitter_card":"summary_large_image","twitter_misc":{"Gesch\u00e4tzte Lesezeit":"2\u00a0Minuten"},"schema":{"@context":"https:\/\/schema.org","@graph":[{"@type":"WebPage","@id":"http:\/\/shop.pyrasied.com\/nl\/product\/polycarbonaat-kleur-en-smoke-tinten\/","url":"http:\/\/shop.pyrasied.com\/nl\/product\/polycarbonaat-kleur-en-smoke-tinten\/","name":"Polycarbonat-Farb- und Rauchschattierungen | Pyrasied","isPartOf":{"@id":"https:\/\/shop.pyrasied.com\/de\/#website"},"primaryImageOfPage":{"@id":"http:\/\/shop.pyrasied.com\/nl\/product\/polycarbonaat-kleur-en-smoke-tinten\/#primaryimage"},"image":{"@id":"http:\/\/shop.pyrasied.com\/nl\/product\/polycarbonaat-kleur-en-smoke-tinten\/#primaryimage"},"thumbnailUrl":"https:\/\/shop.pyrasied.com\/wp-content\/uploads\/2025\/07\/AF_polycarbonaat-bootraam-kleuren-pyrasied.jpg","datePublished":"2025-07-11T09:33:48+00:00","dateModified":"2026-03-30T12:11:01+00:00","description":"Polycarbonat in Farb- und Rauch-T\u00f6nen \u2013 transparent, schlagfest und UV-best\u00e4ndig, ideal f\u00fcr Fenster, Bootsluken, W\u00e4nde und extra sichere Anwendungen.","breadcrumb":{"@id":"http:\/\/shop.pyrasied.com\/nl\/product\/polycarbonaat-kleur-en-smoke-tinten\/#breadcrumb"},"inLanguage":"de","potentialAction":[{"@type":"ReadAction","target":["http:\/\/shop.pyrasied.com\/nl\/product\/polycarbonaat-kleur-en-smoke-tinten\/"]}]},{"@type":"ImageObject","inLanguage":"de","@id":"http:\/\/shop.pyrasied.com\/nl\/product\/polycarbonaat-kleur-en-smoke-tinten\/#primaryimage","url":"https:\/\/shop.pyrasied.com\/wp-content\/uploads\/2025\/07\/AF_polycarbonaat-bootraam-kleuren-pyrasied.jpg","contentUrl":"https:\/\/shop.pyrasied.com\/wp-content\/uploads\/2025\/07\/AF_polycarbonaat-bootraam-kleuren-pyrasied.jpg","width":1000,"height":1000,"caption":"polycarbonaat kleur en smoke tinten"},{"@type":"BreadcrumbList","@id":"http:\/\/shop.pyrasied.com\/nl\/product\/polycarbonaat-kleur-en-smoke-tinten\/#breadcrumb","itemListElement":[{"@type":"ListItem","position":1,"name":"Home","item":"https:\/\/shop.pyrasied.com\/nl\/"},{"@type":"ListItem","position":2,"name":"Materialen","item":"https:\/\/shop.pyrasied.com\/nl\/materialen\/"},{"@type":"ListItem","position":3,"name":"Polycarbonaat \/ PETG","item":"http:\/\/shop.pyrasied.com\/nl\/materialen\/polycarbonaat-petg\/"},{"@type":"ListItem","position":4,"name":"Polycarbonaat kleur"}]},{"@type":"WebSite","@id":"https:\/\/shop.pyrasied.com\/de\/#website","url":"https:\/\/shop.pyrasied.com\/de\/","name":"Pyrasied","description":"Aus Liebe zum Material","publisher":{"@id":"https:\/\/shop.pyrasied.com\/de\/#organization"},"potentialAction":[{"@type":"SearchAction","target":{"@type":"EntryPoint","urlTemplate":"https:\/\/shop.pyrasied.com\/de\/?s={search_term_string}"},"query-input":{"@type":"PropertyValueSpecification","valueRequired":true,"valueName":"search_term_string"}}],"inLanguage":"de"},{"@type":"Organization","@id":"https:\/\/shop.pyrasied.com\/de\/#organization","name":"Pyrasied","url":"https:\/\/shop.pyrasied.com\/de\/","logo":{"@type":"ImageObject","inLanguage":"de","@id":"https:\/\/shop.pyrasied.com\/de\/#\/schema\/logo\/image\/","url":"https:\/\/shop.pyrasied.com\/wp-content\/uploads\/2025\/06\/pyrasied.jpg","contentUrl":"https:\/\/shop.pyrasied.com\/wp-content\/uploads\/2025\/06\/pyrasied.jpg","width":1200,"height":630,"caption":"Pyrasied"},"image":{"@id":"https:\/\/shop.pyrasied.com\/de\/#\/schema\/logo\/image\/"},"sameAs":["https:\/\/www.facebook.com\/Pyrasied\/","https:\/\/www.instagram.com\/pyrasied\/"]}]}},"_links":{"self":[{"href":"https:\/\/shop.pyrasied.com\/de\/wp-json\/wp\/v2\/product\/9604","targetHints":{"allow":["GET"]}}],"collection":[{"href":"https:\/\/shop.pyrasied.com\/de\/wp-json\/wp\/v2\/product"}],"about":[{"href":"https:\/\/shop.pyrasied.com\/de\/wp-json\/wp\/v2\/types\/product"}],"wp:featuredmedia":[{"embeddable":true,"href":"https:\/\/shop.pyrasied.com\/de\/wp-json\/wp\/v2\/media\/12353"}],"wp:attachment":[{"href":"https:\/\/shop.pyrasied.com\/de\/wp-json\/wp\/v2\/media?parent=9604"}],"wp:term":[{"taxonomy":"product_brand","embeddable":true,"href":"https:\/\/shop.pyrasied.com\/de\/wp-json\/wp\/v2\/product_brand?post=9604"},{"taxonomy":"product_cat","embeddable":true,"href":"https:\/\/shop.pyrasied.com\/de\/wp-json\/wp\/v2\/product_cat?post=9604"},{"taxonomy":"product_tag","embeddable":true,"href":"https:\/\/shop.pyrasied.com\/de\/wp-json\/wp\/v2\/product_tag?post=9604"}],"curies":[{"name":"wp","href":"https:\/\/api.w.org\/{rel}","templated":true}]}}