{"id":9513,"date":"2025-07-10T08:32:37","date_gmt":"2025-07-10T08:32:37","guid":{"rendered":"https:\/\/pyrasiedshop.nl\/product\/polycarbonaat-rondstaf-helder\/"},"modified":"2026-03-30T12:10:37","modified_gmt":"2026-03-30T12:10:37","slug":"polycarbonat-rundstab-klar","status":"publish","type":"product","link":"https:\/\/shop.pyrasied.com\/de\/produkt\/polycarbonat-rundstab-klar\/","title":{"rendered":"Polycarbonat Rundstab klar"},"content":{"rendered":"<h2>Polycarbonat-Rundstab klar aus Pyrasied<\/h2>\n<p>Polycarbonat-Rundstab klar aus Pyrasied ist in verschiedenen Durchmessern erh\u00e4ltlich. Die Rundst\u00e4be sind transparent, hoch schlagfest, feuerhemmend und hitzebest\u00e4ndig. Obwohl Polycarbonat optisch nicht ganz sauber ist, mit einer leicht rauen Oberfl\u00e4che und einem blauen Schimmer, ist das Material hervorragend f\u00fcr robuste und technische Anwendungen geeignet.<\/p>\n<p>Rundst\u00e4be aus Polycarbonat werden h\u00e4ufig in industriellen Anwendungen, Maschinenteilen, Sicherheitsl\u00f6sungen und Konstruktionen verwendet, bei denen es auf hohe Schlagfestigkeit und Haltbarkeit ankommt. Die Eigenschaften von Polycarbonat machen die St\u00e4be ideal f\u00fcr Umgebungen, in denen St\u00e4rke und Sicherheit entscheidend sind.<\/p>\n<h3>Verarbeitungsm\u00f6glichkeiten<\/h3>\n<p>Die Rundst\u00e4be lassen sich leicht s\u00e4gen, fr\u00e4sen, bohren, kleben, warm biegen, polieren und beschriften. Pyrasied kann die Stangen auch vollst\u00e4ndig nach Ma\u00df bearbeiten, so dass sie in Ihren Projekten sofort einsetzbar sind.<\/p>","protected":false},"excerpt":{"rendered":"<p>Polycarbonat Rundstab klar aus Pyrasied Polycarbonat Rundstab klar aus Pyrasied ist in verschiedenen Durchmessern erh\u00e4ltlich. Die Rundst\u00e4be sind transparent, hoch schlagfest, feuerhemmend und hitzebest\u00e4ndig. Obwohl Polycarbonat optisch nicht ganz rein ist, mit einer leicht rauen Oberfl\u00e4che und einem blauen Schimmer, eignet sich das Material hervorragend f\u00fcr robuste und technische Anwendungen. Polycarbonat-Rundst\u00e4be werden h\u00e4ufig verwendet [...]<\/p>","protected":false},"featured_media":13072,"template":"","meta":{"_acf_changed":false},"product_brand":[],"product_cat":[32],"product_tag":[],"class_list":{"0":"post-9513","1":"product","2":"type-product","3":"status-publish","4":"has-post-thumbnail","6":"product_cat-buizen-en-staven","8":"first","9":"instock","10":"taxable","11":"shipping-taxable","12":"purchasable","13":"product-type-variable"},"acf":[],"yoast_head":"<!-- This site is optimized with the Yoast SEO plugin v26.0 - https:\/\/yoast.com\/wordpress\/plugins\/seo\/ -->\n<title>Polycarbonaat rondstaf helder | Pyrasied<\/title>\n<meta name=\"description\" content=\"Polycarbonaat rondstaf helder \u2013 transparant, slagvast en brandvertragend. Verkrijgbaar in diverse diameters, ideaal voor technische toepassingen.\" \/>\n<meta name=\"robots\" content=\"index, follow, max-snippet:-1, max-image-preview:large, max-video-preview:-1\" \/>\n<link rel=\"canonical\" href=\"http:\/\/shop.pyrasied.com\/de\/produkt\/polycarbonat-rundstab-klar\/\" \/>\n<meta property=\"og:locale\" content=\"de_DE\" \/>\n<meta property=\"og:type\" content=\"article\" \/>\n<meta property=\"og:title\" content=\"Polycarbonaat rondstaf helder | Pyrasied\" \/>\n<meta property=\"og:description\" content=\"Polycarbonaat rondstaf helder \u2013 transparant, slagvast en brandvertragend. Verkrijgbaar in diverse diameters, ideaal voor technische toepassingen.\" \/>\n<meta property=\"og:url\" content=\"http:\/\/shop.pyrasied.com\/de\/produkt\/polycarbonat-rundstab-klar\/\" \/>\n<meta property=\"og:site_name\" content=\"Pyrasied\" \/>\n<meta property=\"article:publisher\" content=\"https:\/\/www.facebook.com\/Pyrasied\/\" \/>\n<meta property=\"article:modified_time\" content=\"2026-03-30T12:10:37+00:00\" \/>\n<meta property=\"og:image\" content=\"https:\/\/shop.pyrasied.com\/wp-content\/uploads\/2025\/07\/pcrondstaf.jpg\" \/>\n\t<meta property=\"og:image:width\" content=\"1000\" \/>\n\t<meta property=\"og:image:height\" content=\"1000\" \/>\n\t<meta property=\"og:image:type\" content=\"image\/jpeg\" \/>\n<meta name=\"twitter:card\" content=\"summary_large_image\" \/>\n<meta name=\"twitter:label1\" content=\"Gesch\u00e4tzte Lesezeit\" \/>\n\t<meta name=\"twitter:data1\" content=\"1\u00a0Minute\" \/>\n<script type=\"application\/ld+json\" class=\"yoast-schema-graph\">{\"@context\":\"https:\/\/schema.org\",\"@graph\":[{\"@type\":\"WebPage\",\"@id\":\"http:\/\/shop.pyrasied.com\/nl\/product\/polycarbonaat-rondstaf-helder\/\",\"url\":\"http:\/\/shop.pyrasied.com\/nl\/product\/polycarbonaat-rondstaf-helder\/\",\"name\":\"Polycarbonaat rondstaf helder | Pyrasied\",\"isPartOf\":{\"@id\":\"https:\/\/shop.pyrasied.com\/de\/#website\"},\"primaryImageOfPage\":{\"@id\":\"http:\/\/shop.pyrasied.com\/nl\/product\/polycarbonaat-rondstaf-helder\/#primaryimage\"},\"image\":{\"@id\":\"http:\/\/shop.pyrasied.com\/nl\/product\/polycarbonaat-rondstaf-helder\/#primaryimage\"},\"thumbnailUrl\":\"https:\/\/shop.pyrasied.com\/wp-content\/uploads\/2025\/07\/pcrondstaf.jpg\",\"datePublished\":\"2025-07-10T08:32:37+00:00\",\"dateModified\":\"2026-03-30T12:10:37+00:00\",\"description\":\"Polycarbonaat rondstaf helder \u2013 transparant, slagvast en brandvertragend. Verkrijgbaar in diverse diameters, ideaal voor technische toepassingen.\",\"breadcrumb\":{\"@id\":\"http:\/\/shop.pyrasied.com\/nl\/product\/polycarbonaat-rondstaf-helder\/#breadcrumb\"},\"inLanguage\":\"de\",\"potentialAction\":[{\"@type\":\"ReadAction\",\"target\":[\"http:\/\/shop.pyrasied.com\/nl\/product\/polycarbonaat-rondstaf-helder\/\"]}]},{\"@type\":\"ImageObject\",\"inLanguage\":\"de\",\"@id\":\"http:\/\/shop.pyrasied.com\/nl\/product\/polycarbonaat-rondstaf-helder\/#primaryimage\",\"url\":\"https:\/\/shop.pyrasied.com\/wp-content\/uploads\/2025\/07\/pcrondstaf.jpg\",\"contentUrl\":\"https:\/\/shop.pyrasied.com\/wp-content\/uploads\/2025\/07\/pcrondstaf.jpg\",\"width\":1000,\"height\":1000,\"caption\":\"Polycarbonaat rondstaf helder\"},{\"@type\":\"BreadcrumbList\",\"@id\":\"http:\/\/shop.pyrasied.com\/nl\/product\/polycarbonaat-rondstaf-helder\/#breadcrumb\",\"itemListElement\":[{\"@type\":\"ListItem\",\"position\":1,\"name\":\"Home\",\"item\":\"https:\/\/shop.pyrasied.com\/nl\/\"},{\"@type\":\"ListItem\",\"position\":2,\"name\":\"Materialen\",\"item\":\"https:\/\/shop.pyrasied.com\/nl\/materialen\/\"},{\"@type\":\"ListItem\",\"position\":3,\"name\":\"Buizen en staven\",\"item\":\"https:\/\/shop.pyrasied.com\/nl\/materialen\/buizen-en-staven\/\"},{\"@type\":\"ListItem\",\"position\":4,\"name\":\"Polycarbonaat rondstaf helder\"}]},{\"@type\":\"WebSite\",\"@id\":\"https:\/\/shop.pyrasied.com\/de\/#website\",\"url\":\"https:\/\/shop.pyrasied.com\/de\/\",\"name\":\"Pyrasied\",\"description\":\"Uit liefde voor materiaal\",\"publisher\":{\"@id\":\"https:\/\/shop.pyrasied.com\/de\/#organization\"},\"potentialAction\":[{\"@type\":\"SearchAction\",\"target\":{\"@type\":\"EntryPoint\",\"urlTemplate\":\"https:\/\/shop.pyrasied.com\/de\/?s={search_term_string}\"},\"query-input\":{\"@type\":\"PropertyValueSpecification\",\"valueRequired\":true,\"valueName\":\"search_term_string\"}}],\"inLanguage\":\"de\"},{\"@type\":\"Organization\",\"@id\":\"https:\/\/shop.pyrasied.com\/de\/#organization\",\"name\":\"Pyrasied\",\"url\":\"https:\/\/shop.pyrasied.com\/de\/\",\"logo\":{\"@type\":\"ImageObject\",\"inLanguage\":\"de\",\"@id\":\"https:\/\/shop.pyrasied.com\/de\/#\/schema\/logo\/image\/\",\"url\":\"https:\/\/shop.pyrasied.com\/wp-content\/uploads\/2025\/06\/pyrasied.jpg\",\"contentUrl\":\"https:\/\/shop.pyrasied.com\/wp-content\/uploads\/2025\/06\/pyrasied.jpg\",\"width\":1200,\"height\":630,\"caption\":\"Pyrasied\"},\"image\":{\"@id\":\"https:\/\/shop.pyrasied.com\/de\/#\/schema\/logo\/image\/\"},\"sameAs\":[\"https:\/\/www.facebook.com\/Pyrasied\/\",\"https:\/\/www.instagram.com\/pyrasied\/\"]}]}<\/script>\n<!-- \/ Yoast SEO plugin. -->","yoast_head_json":{"title":"Polycarbonat-Rundstab klar | Pyrasied","description":"Polycarbonat-Rundstab klar - transparent, schlagfest und feuerhemmend. Erh\u00e4ltlich in verschiedenen Durchmessern, ideal f\u00fcr technische Anwendungen.","robots":{"index":"index","follow":"follow","max-snippet":"max-snippet:-1","max-image-preview":"max-image-preview:large","max-video-preview":"max-video-preview:-1"},"canonical":"http:\/\/shop.pyrasied.com\/de\/produkt\/polycarbonat-rundstab-klar\/","og_locale":"de_DE","og_type":"article","og_title":"Polycarbonaat rondstaf helder | Pyrasied","og_description":"Polycarbonaat rondstaf helder \u2013 transparant, slagvast en brandvertragend. Verkrijgbaar in diverse diameters, ideaal voor technische toepassingen.","og_url":"http:\/\/shop.pyrasied.com\/de\/produkt\/polycarbonat-rundstab-klar\/","og_site_name":"Pyrasied","article_publisher":"https:\/\/www.facebook.com\/Pyrasied\/","article_modified_time":"2026-03-30T12:10:37+00:00","og_image":[{"width":1000,"height":1000,"url":"https:\/\/shop.pyrasied.com\/wp-content\/uploads\/2025\/07\/pcrondstaf.jpg","type":"image\/jpeg"}],"twitter_card":"summary_large_image","twitter_misc":{"Gesch\u00e4tzte Lesezeit":"1\u00a0Minute"},"schema":{"@context":"https:\/\/schema.org","@graph":[{"@type":"WebPage","@id":"http:\/\/shop.pyrasied.com\/nl\/product\/polycarbonaat-rondstaf-helder\/","url":"http:\/\/shop.pyrasied.com\/nl\/product\/polycarbonaat-rondstaf-helder\/","name":"Polycarbonat-Rundstab klar | Pyrasied","isPartOf":{"@id":"https:\/\/shop.pyrasied.com\/de\/#website"},"primaryImageOfPage":{"@id":"http:\/\/shop.pyrasied.com\/nl\/product\/polycarbonaat-rondstaf-helder\/#primaryimage"},"image":{"@id":"http:\/\/shop.pyrasied.com\/nl\/product\/polycarbonaat-rondstaf-helder\/#primaryimage"},"thumbnailUrl":"https:\/\/shop.pyrasied.com\/wp-content\/uploads\/2025\/07\/pcrondstaf.jpg","datePublished":"2025-07-10T08:32:37+00:00","dateModified":"2026-03-30T12:10:37+00:00","description":"Polycarbonat-Rundstab klar - transparent, schlagfest und feuerhemmend. Erh\u00e4ltlich in verschiedenen Durchmessern, ideal f\u00fcr technische Anwendungen.","breadcrumb":{"@id":"http:\/\/shop.pyrasied.com\/nl\/product\/polycarbonaat-rondstaf-helder\/#breadcrumb"},"inLanguage":"de","potentialAction":[{"@type":"ReadAction","target":["http:\/\/shop.pyrasied.com\/nl\/product\/polycarbonaat-rondstaf-helder\/"]}]},{"@type":"ImageObject","inLanguage":"de","@id":"http:\/\/shop.pyrasied.com\/nl\/product\/polycarbonaat-rondstaf-helder\/#primaryimage","url":"https:\/\/shop.pyrasied.com\/wp-content\/uploads\/2025\/07\/pcrondstaf.jpg","contentUrl":"https:\/\/shop.pyrasied.com\/wp-content\/uploads\/2025\/07\/pcrondstaf.jpg","width":1000,"height":1000,"caption":"Polycarbonaat rondstaf helder"},{"@type":"BreadcrumbList","@id":"http:\/\/shop.pyrasied.com\/nl\/product\/polycarbonaat-rondstaf-helder\/#breadcrumb","itemListElement":[{"@type":"ListItem","position":1,"name":"Home","item":"https:\/\/shop.pyrasied.com\/nl\/"},{"@type":"ListItem","position":2,"name":"Materialen","item":"https:\/\/shop.pyrasied.com\/nl\/materialen\/"},{"@type":"ListItem","position":3,"name":"Buizen en staven","item":"https:\/\/shop.pyrasied.com\/nl\/materialen\/buizen-en-staven\/"},{"@type":"ListItem","position":4,"name":"Polycarbonaat rondstaf helder"}]},{"@type":"WebSite","@id":"https:\/\/shop.pyrasied.com\/de\/#website","url":"https:\/\/shop.pyrasied.com\/de\/","name":"Pyrasied","description":"Aus Liebe zum Material","publisher":{"@id":"https:\/\/shop.pyrasied.com\/de\/#organization"},"potentialAction":[{"@type":"SearchAction","target":{"@type":"EntryPoint","urlTemplate":"https:\/\/shop.pyrasied.com\/de\/?s={search_term_string}"},"query-input":{"@type":"PropertyValueSpecification","valueRequired":true,"valueName":"search_term_string"}}],"inLanguage":"de"},{"@type":"Organization","@id":"https:\/\/shop.pyrasied.com\/de\/#organization","name":"Pyrasied","url":"https:\/\/shop.pyrasied.com\/de\/","logo":{"@type":"ImageObject","inLanguage":"de","@id":"https:\/\/shop.pyrasied.com\/de\/#\/schema\/logo\/image\/","url":"https:\/\/shop.pyrasied.com\/wp-content\/uploads\/2025\/06\/pyrasied.jpg","contentUrl":"https:\/\/shop.pyrasied.com\/wp-content\/uploads\/2025\/06\/pyrasied.jpg","width":1200,"height":630,"caption":"Pyrasied"},"image":{"@id":"https:\/\/shop.pyrasied.com\/de\/#\/schema\/logo\/image\/"},"sameAs":["https:\/\/www.facebook.com\/Pyrasied\/","https:\/\/www.instagram.com\/pyrasied\/"]}]}},"_links":{"self":[{"href":"https:\/\/shop.pyrasied.com\/de\/wp-json\/wp\/v2\/product\/9513","targetHints":{"allow":["GET"]}}],"collection":[{"href":"https:\/\/shop.pyrasied.com\/de\/wp-json\/wp\/v2\/product"}],"about":[{"href":"https:\/\/shop.pyrasied.com\/de\/wp-json\/wp\/v2\/types\/product"}],"wp:featuredmedia":[{"embeddable":true,"href":"https:\/\/shop.pyrasied.com\/de\/wp-json\/wp\/v2\/media\/13072"}],"wp:attachment":[{"href":"https:\/\/shop.pyrasied.com\/de\/wp-json\/wp\/v2\/media?parent=9513"}],"wp:term":[{"taxonomy":"product_brand","embeddable":true,"href":"https:\/\/shop.pyrasied.com\/de\/wp-json\/wp\/v2\/product_brand?post=9513"},{"taxonomy":"product_cat","embeddable":true,"href":"https:\/\/shop.pyrasied.com\/de\/wp-json\/wp\/v2\/product_cat?post=9513"},{"taxonomy":"product_tag","embeddable":true,"href":"https:\/\/shop.pyrasied.com\/de\/wp-json\/wp\/v2\/product_tag?post=9513"}],"curies":[{"name":"wp","href":"https:\/\/api.w.org\/{rel}","templated":true}]}}