{"id":9511,"date":"2025-07-10T08:32:37","date_gmt":"2025-07-10T08:32:37","guid":{"rendered":"https:\/\/pyrasiedshop.nl\/product\/polycabonaat-buis-satijn\/"},"modified":"2026-03-30T12:10:37","modified_gmt":"2026-03-30T12:10:37","slug":"polycabonat-rohr-satiniert","status":"publish","type":"product","link":"https:\/\/shop.pyrasied.com\/de\/produkt\/polycabonat-rohr-satiniert\/","title":{"rendered":"Polycabonat-Schlauch satiniert"},"content":{"rendered":"<h2>Polycarbonatrohr satiniert<\/h2>\n<p>Pyrasied bietet hochwertige Polycarbonatrohre mit satinierter Oberfl\u00e4che. Diese Rohre sind feuerhemmend (B1-zertifiziert), extrem schlagfest und hitzebest\u00e4ndig. Sie werden aus extrudiertem Polycarbonatgranulat hergestellt, was eine gleichbleibend hohe Materialqualit\u00e4t gew\u00e4hrleistet. Polycarbonat ist dank seiner hervorragenden Brandeigenschaften f\u00fcr den Einsatz in den meisten \u00f6ffentlichen und \u00f6ffentlichen Bereichen zugelassen.<\/p>\n<p>Die R\u00f6hren lassen ca. 65% Licht durch, was sie ideal f\u00fcr die Innenbeleuchtung und technische Anwendungen macht, bei denen Haltbarkeit und Sicherheit wichtig sind.<\/p>\n<h3>Eigenschaften<\/h3>\n<ul>\n<li><strong>Feuerhemmend (B1-zertifiziert):<\/strong> geeignet f\u00fcr Innen- und Au\u00dfenanwendungen.<\/li>\n<li><strong>Robust und extrem sto\u00dffest:<\/strong> perfekt f\u00fcr industrielle und technische Anwendungen.<\/li>\n<li><strong>Diffuse Lichtstreuung:<\/strong> Das Opal-Pigment und die satinierte Oberfl\u00e4che sorgen f\u00fcr gleichm\u00e4\u00dfiges Licht.<\/li>\n<li><strong>Vielseitig:<\/strong> geeignet f\u00fcr Beleuchtung, Leuchten, Abschirmung und industrielle Anwendungen.<\/li>\n<\/ul>\n<h3>Lagerbestand und Abmessungen<\/h3>\n<p>Unser Standard-Polycarbonatrohr satin hat eine Gr\u00f6\u00dfe von \u00d840\u00d734 mm. Dar\u00fcber hinaus liefern wir ma\u00dfgeschneiderte Rohre, die Ihren genauen Spezifikationen entsprechen.<\/p>\n<h3>Anwendungen<\/h3>\n<ul>\n<li><strong>Beleuchtung:<\/strong> Abschirmung von LED- oder anderen Lichtquellen.<\/li>\n<li><strong>Technische Anwendungen:<\/strong> Prozessindustrie, Maschinenteile und Schutzvorrichtungen.<\/li>\n<li><strong>Dekoration und Raumgestaltung:<\/strong> M\u00f6bel, Vitrinen und Displays.<\/li>\n<li><strong>Beleuchtungsk\u00f6rper und Leuchtplatten:<\/strong> sorgen f\u00fcr eine gleichm\u00e4\u00dfige und diffuse Lichtverteilung.<\/li>\n<\/ul>\n<p>Diese Rohre sind ideal f\u00fcr Projekte, bei denen es auf mechanische Beanspruchung und Haltbarkeit ankommt.<\/p>\n<h3>Verarbeitungsm\u00f6glichkeiten<\/h3>\n<p>Rohre aus Polycarbonat k\u00f6nnen leicht bearbeitet werden:<\/p>\n<ul>\n<li>S\u00e4gen und Fr\u00e4sen<\/li>\n<li>Bindung<\/li>\n<li>Bohren und Polieren<\/li>\n<\/ul>\n<p>Unser Team hilft Ihnen auch bei der Anpassung und spezifischen Bearbeitung. In unserer modernen Werkstatt bearbeiten wir die Rohre komplett nach Ma\u00df, damit sie perfekt zu Ihrem Design passen.<\/p>\n<h3>Entdecken Sie weitere Rohre und Stangen<\/h3>\n<p>Unser gesamtes Angebot ansehen <a href=\"https:\/\/shop.pyrasied.com\/de\/materialien\/rohre-und-stangen\/\">Rohre und Stangen<\/a> f\u00fcr andere Arten von Polycarbonat- und Acrylrohren.<\/p>","protected":false},"excerpt":{"rendered":"<p>Polycarbonatrohr satiniert Pyrasied bietet hochwertige Polycarbonatrohre mit satinierter Oberfl\u00e4che. Diese Rohre sind feuerhemmend (B1-zertifiziert), extrem sto\u00dffest und hitzebest\u00e4ndig. Sie werden aus extrudiertem Polycarbonatgranulat hergestellt, was eine gleichbleibend hohe Materialqualit\u00e4t gew\u00e4hrleistet. Polycarbonat ist dank seiner hervorragenden Brandschutzeigenschaften f\u00fcr den Einsatz in den meisten \u00f6ffentlichen und \u00f6ffentlichen Bereichen zugelassen. Die Rohre erm\u00f6glichen ca. 65% [...]<\/p>","protected":false},"featured_media":13071,"template":"","meta":{"_acf_changed":false},"product_brand":[],"product_cat":[32],"product_tag":[],"class_list":{"0":"post-9511","1":"product","2":"type-product","3":"status-publish","4":"has-post-thumbnail","6":"product_cat-buizen-en-staven","8":"first","9":"instock","10":"taxable","11":"shipping-taxable","12":"purchasable","13":"product-type-variable","14":"has-default-attributes"},"acf":[],"yoast_head":"<!-- This site is optimized with the Yoast SEO plugin v26.0 - https:\/\/yoast.com\/wordpress\/plugins\/seo\/ -->\n<title>Polycarbonaat buis satijn | Pyrasied<\/title>\n<meta name=\"description\" content=\"Ontdek Polycarbonaat buis satijn \u2013 hufterproof, brandvertragend (B1) en diffuus licht, ideaal voor binnenverlichting en technische toepassingen.\" \/>\n<meta name=\"robots\" content=\"index, follow, max-snippet:-1, max-image-preview:large, max-video-preview:-1\" \/>\n<link rel=\"canonical\" href=\"http:\/\/shop.pyrasied.com\/de\/produkt\/polycabonat-rohr-satiniert\/\" \/>\n<meta property=\"og:locale\" content=\"de_DE\" \/>\n<meta property=\"og:type\" content=\"article\" \/>\n<meta property=\"og:title\" content=\"Polycarbonaat buis satijn | Pyrasied\" \/>\n<meta property=\"og:description\" content=\"Ontdek Polycarbonaat buis satijn \u2013 hufterproof, brandvertragend (B1) en diffuus licht, ideaal voor binnenverlichting en technische toepassingen.\" \/>\n<meta property=\"og:url\" content=\"http:\/\/shop.pyrasied.com\/de\/produkt\/polycabonat-rohr-satiniert\/\" \/>\n<meta property=\"og:site_name\" content=\"Pyrasied\" \/>\n<meta property=\"article:publisher\" content=\"https:\/\/www.facebook.com\/Pyrasied\/\" \/>\n<meta property=\"article:modified_time\" content=\"2026-03-30T12:10:37+00:00\" \/>\n<meta property=\"og:image\" content=\"https:\/\/shop.pyrasied.com\/wp-content\/uploads\/2025\/07\/pcbuissatijn.jpg\" \/>\n\t<meta property=\"og:image:width\" content=\"1000\" \/>\n\t<meta property=\"og:image:height\" content=\"1000\" \/>\n\t<meta property=\"og:image:type\" content=\"image\/jpeg\" \/>\n<meta name=\"twitter:card\" content=\"summary_large_image\" \/>\n<meta name=\"twitter:label1\" content=\"Gesch\u00e4tzte Lesezeit\" \/>\n\t<meta name=\"twitter:data1\" content=\"2\u00a0Minuten\" \/>\n<script type=\"application\/ld+json\" class=\"yoast-schema-graph\">{\"@context\":\"https:\/\/schema.org\",\"@graph\":[{\"@type\":\"WebPage\",\"@id\":\"http:\/\/shop.pyrasied.com\/nl\/product\/polycabonaat-buis-satijn\/\",\"url\":\"http:\/\/shop.pyrasied.com\/nl\/product\/polycabonaat-buis-satijn\/\",\"name\":\"Polycarbonaat buis satijn | Pyrasied\",\"isPartOf\":{\"@id\":\"https:\/\/shop.pyrasied.com\/de\/#website\"},\"primaryImageOfPage\":{\"@id\":\"http:\/\/shop.pyrasied.com\/nl\/product\/polycabonaat-buis-satijn\/#primaryimage\"},\"image\":{\"@id\":\"http:\/\/shop.pyrasied.com\/nl\/product\/polycabonaat-buis-satijn\/#primaryimage\"},\"thumbnailUrl\":\"https:\/\/shop.pyrasied.com\/wp-content\/uploads\/2025\/07\/pcbuissatijn.jpg\",\"datePublished\":\"2025-07-10T08:32:37+00:00\",\"dateModified\":\"2026-03-30T12:10:37+00:00\",\"description\":\"Ontdek Polycarbonaat buis satijn \u2013 hufterproof, brandvertragend (B1) en diffuus licht, ideaal voor binnenverlichting en technische toepassingen.\",\"breadcrumb\":{\"@id\":\"http:\/\/shop.pyrasied.com\/nl\/product\/polycabonaat-buis-satijn\/#breadcrumb\"},\"inLanguage\":\"de\",\"potentialAction\":[{\"@type\":\"ReadAction\",\"target\":[\"http:\/\/shop.pyrasied.com\/nl\/product\/polycabonaat-buis-satijn\/\"]}]},{\"@type\":\"ImageObject\",\"inLanguage\":\"de\",\"@id\":\"http:\/\/shop.pyrasied.com\/nl\/product\/polycabonaat-buis-satijn\/#primaryimage\",\"url\":\"https:\/\/shop.pyrasied.com\/wp-content\/uploads\/2025\/07\/pcbuissatijn.jpg\",\"contentUrl\":\"https:\/\/shop.pyrasied.com\/wp-content\/uploads\/2025\/07\/pcbuissatijn.jpg\",\"width\":1000,\"height\":1000,\"caption\":\"Polycabonaat buis satijn\"},{\"@type\":\"BreadcrumbList\",\"@id\":\"http:\/\/shop.pyrasied.com\/nl\/product\/polycabonaat-buis-satijn\/#breadcrumb\",\"itemListElement\":[{\"@type\":\"ListItem\",\"position\":1,\"name\":\"Home\",\"item\":\"https:\/\/shop.pyrasied.com\/nl\/\"},{\"@type\":\"ListItem\",\"position\":2,\"name\":\"Materialen\",\"item\":\"https:\/\/shop.pyrasied.com\/nl\/materialen\/\"},{\"@type\":\"ListItem\",\"position\":3,\"name\":\"Buizen en staven\",\"item\":\"https:\/\/shop.pyrasied.com\/nl\/materialen\/buizen-en-staven\/\"},{\"@type\":\"ListItem\",\"position\":4,\"name\":\"Polycabonaat buis satijn\"}]},{\"@type\":\"WebSite\",\"@id\":\"https:\/\/shop.pyrasied.com\/de\/#website\",\"url\":\"https:\/\/shop.pyrasied.com\/de\/\",\"name\":\"Pyrasied\",\"description\":\"Uit liefde voor materiaal\",\"publisher\":{\"@id\":\"https:\/\/shop.pyrasied.com\/de\/#organization\"},\"potentialAction\":[{\"@type\":\"SearchAction\",\"target\":{\"@type\":\"EntryPoint\",\"urlTemplate\":\"https:\/\/shop.pyrasied.com\/de\/?s={search_term_string}\"},\"query-input\":{\"@type\":\"PropertyValueSpecification\",\"valueRequired\":true,\"valueName\":\"search_term_string\"}}],\"inLanguage\":\"de\"},{\"@type\":\"Organization\",\"@id\":\"https:\/\/shop.pyrasied.com\/de\/#organization\",\"name\":\"Pyrasied\",\"url\":\"https:\/\/shop.pyrasied.com\/de\/\",\"logo\":{\"@type\":\"ImageObject\",\"inLanguage\":\"de\",\"@id\":\"https:\/\/shop.pyrasied.com\/de\/#\/schema\/logo\/image\/\",\"url\":\"https:\/\/shop.pyrasied.com\/wp-content\/uploads\/2025\/06\/pyrasied.jpg\",\"contentUrl\":\"https:\/\/shop.pyrasied.com\/wp-content\/uploads\/2025\/06\/pyrasied.jpg\",\"width\":1200,\"height\":630,\"caption\":\"Pyrasied\"},\"image\":{\"@id\":\"https:\/\/shop.pyrasied.com\/de\/#\/schema\/logo\/image\/\"},\"sameAs\":[\"https:\/\/www.facebook.com\/Pyrasied\/\",\"https:\/\/www.instagram.com\/pyrasied\/\"]}]}<\/script>\n<!-- \/ Yoast SEO plugin. -->","yoast_head_json":{"title":"Polycarbonatrohr satiniert | Pyrasied","description":"Entdecken Sie das satinierte Polycarbonatrohr - hitzebest\u00e4ndig, feuerhemmend (B1) und mit diffusem Licht, ideal f\u00fcr Innenbeleuchtung und technische Anwendungen.","robots":{"index":"index","follow":"follow","max-snippet":"max-snippet:-1","max-image-preview":"max-image-preview:large","max-video-preview":"max-video-preview:-1"},"canonical":"http:\/\/shop.pyrasied.com\/de\/produkt\/polycabonat-rohr-satiniert\/","og_locale":"de_DE","og_type":"article","og_title":"Polycarbonaat buis satijn | Pyrasied","og_description":"Ontdek Polycarbonaat buis satijn \u2013 hufterproof, brandvertragend (B1) en diffuus licht, ideaal voor binnenverlichting en technische toepassingen.","og_url":"http:\/\/shop.pyrasied.com\/de\/produkt\/polycabonat-rohr-satiniert\/","og_site_name":"Pyrasied","article_publisher":"https:\/\/www.facebook.com\/Pyrasied\/","article_modified_time":"2026-03-30T12:10:37+00:00","og_image":[{"width":1000,"height":1000,"url":"https:\/\/shop.pyrasied.com\/wp-content\/uploads\/2025\/07\/pcbuissatijn.jpg","type":"image\/jpeg"}],"twitter_card":"summary_large_image","twitter_misc":{"Gesch\u00e4tzte Lesezeit":"2\u00a0Minuten"},"schema":{"@context":"https:\/\/schema.org","@graph":[{"@type":"WebPage","@id":"http:\/\/shop.pyrasied.com\/nl\/product\/polycabonaat-buis-satijn\/","url":"http:\/\/shop.pyrasied.com\/nl\/product\/polycabonaat-buis-satijn\/","name":"Polycarbonatrohr satiniert | Pyrasied","isPartOf":{"@id":"https:\/\/shop.pyrasied.com\/de\/#website"},"primaryImageOfPage":{"@id":"http:\/\/shop.pyrasied.com\/nl\/product\/polycabonaat-buis-satijn\/#primaryimage"},"image":{"@id":"http:\/\/shop.pyrasied.com\/nl\/product\/polycabonaat-buis-satijn\/#primaryimage"},"thumbnailUrl":"https:\/\/shop.pyrasied.com\/wp-content\/uploads\/2025\/07\/pcbuissatijn.jpg","datePublished":"2025-07-10T08:32:37+00:00","dateModified":"2026-03-30T12:10:37+00:00","description":"Entdecken Sie das satinierte Polycarbonatrohr - hitzebest\u00e4ndig, feuerhemmend (B1) und mit diffusem Licht, ideal f\u00fcr Innenbeleuchtung und technische Anwendungen.","breadcrumb":{"@id":"http:\/\/shop.pyrasied.com\/nl\/product\/polycabonaat-buis-satijn\/#breadcrumb"},"inLanguage":"de","potentialAction":[{"@type":"ReadAction","target":["http:\/\/shop.pyrasied.com\/nl\/product\/polycabonaat-buis-satijn\/"]}]},{"@type":"ImageObject","inLanguage":"de","@id":"http:\/\/shop.pyrasied.com\/nl\/product\/polycabonaat-buis-satijn\/#primaryimage","url":"https:\/\/shop.pyrasied.com\/wp-content\/uploads\/2025\/07\/pcbuissatijn.jpg","contentUrl":"https:\/\/shop.pyrasied.com\/wp-content\/uploads\/2025\/07\/pcbuissatijn.jpg","width":1000,"height":1000,"caption":"Polycabonaat buis satijn"},{"@type":"BreadcrumbList","@id":"http:\/\/shop.pyrasied.com\/nl\/product\/polycabonaat-buis-satijn\/#breadcrumb","itemListElement":[{"@type":"ListItem","position":1,"name":"Home","item":"https:\/\/shop.pyrasied.com\/nl\/"},{"@type":"ListItem","position":2,"name":"Materialen","item":"https:\/\/shop.pyrasied.com\/nl\/materialen\/"},{"@type":"ListItem","position":3,"name":"Buizen en staven","item":"https:\/\/shop.pyrasied.com\/nl\/materialen\/buizen-en-staven\/"},{"@type":"ListItem","position":4,"name":"Polycabonaat buis satijn"}]},{"@type":"WebSite","@id":"https:\/\/shop.pyrasied.com\/de\/#website","url":"https:\/\/shop.pyrasied.com\/de\/","name":"Pyrasied","description":"Aus Liebe zum Material","publisher":{"@id":"https:\/\/shop.pyrasied.com\/de\/#organization"},"potentialAction":[{"@type":"SearchAction","target":{"@type":"EntryPoint","urlTemplate":"https:\/\/shop.pyrasied.com\/de\/?s={search_term_string}"},"query-input":{"@type":"PropertyValueSpecification","valueRequired":true,"valueName":"search_term_string"}}],"inLanguage":"de"},{"@type":"Organization","@id":"https:\/\/shop.pyrasied.com\/de\/#organization","name":"Pyrasied","url":"https:\/\/shop.pyrasied.com\/de\/","logo":{"@type":"ImageObject","inLanguage":"de","@id":"https:\/\/shop.pyrasied.com\/de\/#\/schema\/logo\/image\/","url":"https:\/\/shop.pyrasied.com\/wp-content\/uploads\/2025\/06\/pyrasied.jpg","contentUrl":"https:\/\/shop.pyrasied.com\/wp-content\/uploads\/2025\/06\/pyrasied.jpg","width":1200,"height":630,"caption":"Pyrasied"},"image":{"@id":"https:\/\/shop.pyrasied.com\/de\/#\/schema\/logo\/image\/"},"sameAs":["https:\/\/www.facebook.com\/Pyrasied\/","https:\/\/www.instagram.com\/pyrasied\/"]}]}},"_links":{"self":[{"href":"https:\/\/shop.pyrasied.com\/de\/wp-json\/wp\/v2\/product\/9511","targetHints":{"allow":["GET"]}}],"collection":[{"href":"https:\/\/shop.pyrasied.com\/de\/wp-json\/wp\/v2\/product"}],"about":[{"href":"https:\/\/shop.pyrasied.com\/de\/wp-json\/wp\/v2\/types\/product"}],"wp:featuredmedia":[{"embeddable":true,"href":"https:\/\/shop.pyrasied.com\/de\/wp-json\/wp\/v2\/media\/13071"}],"wp:attachment":[{"href":"https:\/\/shop.pyrasied.com\/de\/wp-json\/wp\/v2\/media?parent=9511"}],"wp:term":[{"taxonomy":"product_brand","embeddable":true,"href":"https:\/\/shop.pyrasied.com\/de\/wp-json\/wp\/v2\/product_brand?post=9511"},{"taxonomy":"product_cat","embeddable":true,"href":"https:\/\/shop.pyrasied.com\/de\/wp-json\/wp\/v2\/product_cat?post=9511"},{"taxonomy":"product_tag","embeddable":true,"href":"https:\/\/shop.pyrasied.com\/de\/wp-json\/wp\/v2\/product_tag?post=9511"}],"curies":[{"name":"wp","href":"https:\/\/api.w.org\/{rel}","templated":true}]}}