{"id":9485,"date":"2025-07-10T08:32:27","date_gmt":"2025-07-10T08:32:27","guid":{"rendered":"https:\/\/pyrasiedshop.nl\/product\/polycarbonaat-buis-helder\/"},"modified":"2026-03-30T12:10:26","modified_gmt":"2026-03-30T12:10:26","slug":"polycarbonat-rohr-klar","status":"publish","type":"product","link":"https:\/\/shop.pyrasied.com\/de\/produkt\/polycarbonat-rohr-klar\/","title":{"rendered":"Polycarbonatrohr rohr klar"},"content":{"rendered":"<h2>Polycarbonatrohr rohr klar<\/h2>\n<p>Pyrasied bietet hochwertige Polycarbonat-Rohre klar. Diese Rohre sind feuerhemmend (B1-zertifiziert), extrem sto\u00dffest und hitzebest\u00e4ndig. Sie werden aus extrudiertem Polycarbonatgranulat hergestellt, was eine gleichbleibend hohe Materialqualit\u00e4t gew\u00e4hrleistet. Obwohl Polycarbonat-Rohre optisch weniger klar sind als Acryl (PMMA), kompensieren sie dies durch ihre hohe Schlagfestigkeit und Brandsicherheit. Sie eignen sich perfekt f\u00fcr industrielle Anwendungen und Situationen, in denen Sicherheit und Langlebigkeit entscheidend sind.<\/p>\n<h3>Eigenschaften<\/h3>\n<ul>\n<li><strong>Feuerhemmend (B1-zertifiziert)<\/strong>: geeignet f\u00fcr Innen- und Au\u00dfenanwendungen<\/li>\n<li><strong>Robust und extrem sto\u00dffest<\/strong>Ideal f\u00fcr industrielle Anwendungen<\/li>\n<li><strong>Stark und formstabil<\/strong>: f\u00fcr strukturelle und dekorative Projekte<\/li>\n<li><strong>Leicht zu bearbeiten<\/strong>S\u00e4gen, Fr\u00e4sen, Kaltbiegen, Kleben, Bohren, Facettieren, Polieren, Mattieren und Drucken<\/li>\n<\/ul>\n<h3>Lagerbestand und Abmessungen<\/h3>\n<p>Pyrasied verf\u00fcgt \u00fcber ein umfangreiches Lager an klaren Polycarbonatrohren von \u00d815 mm bis \u00d8250 mm. Sofort verf\u00fcgbar und geeignet f\u00fcr technische Anwendungen, Beleuchtungs- und Innenraumprojekte.<\/p>\n<h3>Anwendungen<\/h3>\n<ul>\n<li><strong>Maschinenteile und technische Anlagen<\/strong>Anwendungen mit hoher mechanischer Belastung<\/li>\n<li><strong>Wachen und Schutzvorrichtungen<\/strong>: Sicherheit und Haltbarkeit garantiert<\/li>\n<li><strong>Industrielle Anwendungen<\/strong>: Prozessindustrie und Werkstattausr\u00fcstung<\/li>\n<li><strong>Beleuchtungsanwendungen<\/strong>Ideal in Kombination mit LED-Lampen und -Leuchten<\/li>\n<\/ul>\n<p>Dank ihrer feuerhemmenden und schlagfesten Eigenschaften verlassen sich Unternehmen auf diese Rohre in Innenr\u00e4umen, in denen es auf Sicherheit ankommt.<\/p>\n<h3>Verarbeitungsm\u00f6glichkeiten<\/h3>\n<ul>\n<li>S\u00e4gen und Fr\u00e4sen<\/li>\n<li>Kaltbiegen<\/li>\n<li>Bindung<\/li>\n<li>Bohren und Facettieren<\/li>\n<li>Polieren, Mattieren und Bedrucken<\/li>\n<\/ul>\n<p>Pyrasied bietet eine individuelle Anpassung und Bearbeitung ganz nach Ihrem Entwurf oder Ihrer Zeichnung, so dass die Rohre perfekt in Ihr Projekt passen. Detaillierte Informationen \u00fcber die verf\u00fcgbaren Bearbeitungen und Optionen finden Sie unter <a href=\"https:\/\/pyrasied.com\/de\/leistungen\/\"><strong>pyrasied.com<\/strong><\/a>.<\/p>\n<h3>Entdecken Sie weitere Rohre und Stangen<\/h3>\n<p>Unser gesamtes Angebot ansehen <a href=\"https:\/\/shop.pyrasied.com\/de\/materialien\/rohre-und-stangen\/\">Rohre und Stangen<\/a> f\u00fcr andere Arten von Polycarbonat- und Acrylrohren.<\/p>","protected":false},"excerpt":{"rendered":"<p>Polycarbonatrohr klar Pyrasied bietet hochwertige Polycarbonatrohre klar. Diese Rohre sind feuerhemmend (B1-zertifiziert), extrem schlagfest und ausrei\u00dfsicher. Sie werden aus extrudiertem Polycarbonatgranulat hergestellt, was eine gleichbleibend hohe Materialqualit\u00e4t gew\u00e4hrleistet. Obwohl Polycarbonat-Rohre optisch weniger klar sind als Acryl (PMMA), gleichen sie dies durch ihre hohe Schlagz\u00e4higkeit und Brandsicherheit aus, perfekt f\u00fcr industrielle Anwendungen und [...]<\/p>","protected":false},"featured_media":12357,"template":"","meta":{"_acf_changed":false},"product_brand":[],"product_cat":[32],"product_tag":[581,1725,584,1724],"class_list":{"0":"post-9485","1":"product","2":"type-product","3":"status-publish","4":"has-post-thumbnail","6":"product_cat-buizen-en-staven","7":"product_tag-helder","8":"product_tag-pc-helder","9":"product_tag-polycarbonaat","10":"product_tag-polycarbonaat-buis","12":"first","13":"instock","14":"taxable","15":"shipping-taxable","16":"purchasable","17":"product-type-variable"},"acf":[],"yoast_head":"<!-- This site is optimized with the Yoast SEO plugin v26.0 - https:\/\/yoast.com\/wordpress\/plugins\/seo\/ -->\n<title>Polycarbonaat buis helder | Pyrasied<\/title>\n<meta name=\"description\" content=\"Ontdek Polycarbonaat buis helder \u2013 extreem slagvast, brandvertragend (B1) en hufterproof, geschikt voor techniek en veiligheidstoepassingen.\" \/>\n<meta name=\"robots\" content=\"index, follow, max-snippet:-1, max-image-preview:large, max-video-preview:-1\" \/>\n<link rel=\"canonical\" href=\"https:\/\/shop.pyrasied.com\/de\/produkt\/polycarbonat-rohr-klar\/\" \/>\n<meta property=\"og:locale\" content=\"de_DE\" \/>\n<meta property=\"og:type\" content=\"article\" \/>\n<meta property=\"og:title\" content=\"Polycarbonaat buis helder | Pyrasied\" \/>\n<meta property=\"og:description\" content=\"Ontdek Polycarbonaat buis helder \u2013 extreem slagvast, brandvertragend (B1) en hufterproof, geschikt voor techniek en veiligheidstoepassingen.\" \/>\n<meta property=\"og:url\" content=\"https:\/\/shop.pyrasied.com\/de\/produkt\/polycarbonat-rohr-klar\/\" \/>\n<meta property=\"og:site_name\" content=\"Pyrasied\" \/>\n<meta property=\"article:publisher\" content=\"https:\/\/www.facebook.com\/Pyrasied\/\" \/>\n<meta property=\"article:modified_time\" content=\"2026-03-30T12:10:26+00:00\" \/>\n<meta property=\"og:image\" content=\"https:\/\/shop.pyrasied.com\/wp-content\/uploads\/2025\/07\/P56600.jpg\" \/>\n\t<meta property=\"og:image:width\" content=\"1000\" \/>\n\t<meta property=\"og:image:height\" content=\"1000\" \/>\n\t<meta property=\"og:image:type\" content=\"image\/jpeg\" \/>\n<meta name=\"twitter:card\" content=\"summary_large_image\" \/>\n<meta name=\"twitter:label1\" content=\"Gesch\u00e4tzte Lesezeit\" \/>\n\t<meta name=\"twitter:data1\" content=\"2\u00a0Minuten\" \/>\n<script type=\"application\/ld+json\" class=\"yoast-schema-graph\">{\"@context\":\"https:\/\/schema.org\",\"@graph\":[{\"@type\":\"WebPage\",\"@id\":\"https:\/\/shop.pyrasied.com\/en\/product\/polycarbonate-tube-clear\/\",\"url\":\"https:\/\/shop.pyrasied.com\/en\/product\/polycarbonate-tube-clear\/\",\"name\":\"Polycarbonaat buis helder | Pyrasied\",\"isPartOf\":{\"@id\":\"https:\/\/shop.pyrasied.com\/de\/#website\"},\"primaryImageOfPage\":{\"@id\":\"https:\/\/shop.pyrasied.com\/en\/product\/polycarbonate-tube-clear\/#primaryimage\"},\"image\":{\"@id\":\"https:\/\/shop.pyrasied.com\/en\/product\/polycarbonate-tube-clear\/#primaryimage\"},\"thumbnailUrl\":\"https:\/\/shop.pyrasied.com\/wp-content\/uploads\/2025\/07\/P56600.jpg\",\"datePublished\":\"2025-07-10T08:32:27+00:00\",\"dateModified\":\"2026-03-30T12:10:26+00:00\",\"description\":\"Ontdek Polycarbonaat buis helder \u2013 extreem slagvast, brandvertragend (B1) en hufterproof, geschikt voor techniek en veiligheidstoepassingen.\",\"breadcrumb\":{\"@id\":\"https:\/\/shop.pyrasied.com\/en\/product\/polycarbonate-tube-clear\/#breadcrumb\"},\"inLanguage\":\"de\",\"potentialAction\":[{\"@type\":\"ReadAction\",\"target\":[\"https:\/\/shop.pyrasied.com\/en\/product\/polycarbonate-tube-clear\/\"]}]},{\"@type\":\"ImageObject\",\"inLanguage\":\"de\",\"@id\":\"https:\/\/shop.pyrasied.com\/en\/product\/polycarbonate-tube-clear\/#primaryimage\",\"url\":\"https:\/\/shop.pyrasied.com\/wp-content\/uploads\/2025\/07\/P56600.jpg\",\"contentUrl\":\"https:\/\/shop.pyrasied.com\/wp-content\/uploads\/2025\/07\/P56600.jpg\",\"width\":1000,\"height\":1000,\"caption\":\"Polycarbonaat buis helder\"},{\"@type\":\"BreadcrumbList\",\"@id\":\"https:\/\/shop.pyrasied.com\/en\/product\/polycarbonate-tube-clear\/#breadcrumb\",\"itemListElement\":[{\"@type\":\"ListItem\",\"position\":1,\"name\":\"Home\",\"item\":\"https:\/\/shop.pyrasied.com\/nl\/\"},{\"@type\":\"ListItem\",\"position\":2,\"name\":\"Materialen\",\"item\":\"https:\/\/shop.pyrasied.com\/nl\/materialen\/\"},{\"@type\":\"ListItem\",\"position\":3,\"name\":\"Buizen en staven\",\"item\":\"https:\/\/shop.pyrasied.com\/nl\/materialen\/buizen-en-staven\/\"},{\"@type\":\"ListItem\",\"position\":4,\"name\":\"Polycarbonaat buis helder\"}]},{\"@type\":\"WebSite\",\"@id\":\"https:\/\/shop.pyrasied.com\/de\/#website\",\"url\":\"https:\/\/shop.pyrasied.com\/de\/\",\"name\":\"Pyrasied\",\"description\":\"Uit liefde voor materiaal\",\"publisher\":{\"@id\":\"https:\/\/shop.pyrasied.com\/de\/#organization\"},\"potentialAction\":[{\"@type\":\"SearchAction\",\"target\":{\"@type\":\"EntryPoint\",\"urlTemplate\":\"https:\/\/shop.pyrasied.com\/de\/?s={search_term_string}\"},\"query-input\":{\"@type\":\"PropertyValueSpecification\",\"valueRequired\":true,\"valueName\":\"search_term_string\"}}],\"inLanguage\":\"de\"},{\"@type\":\"Organization\",\"@id\":\"https:\/\/shop.pyrasied.com\/de\/#organization\",\"name\":\"Pyrasied\",\"url\":\"https:\/\/shop.pyrasied.com\/de\/\",\"logo\":{\"@type\":\"ImageObject\",\"inLanguage\":\"de\",\"@id\":\"https:\/\/shop.pyrasied.com\/de\/#\/schema\/logo\/image\/\",\"url\":\"https:\/\/shop.pyrasied.com\/wp-content\/uploads\/2025\/06\/pyrasied.jpg\",\"contentUrl\":\"https:\/\/shop.pyrasied.com\/wp-content\/uploads\/2025\/06\/pyrasied.jpg\",\"width\":1200,\"height\":630,\"caption\":\"Pyrasied\"},\"image\":{\"@id\":\"https:\/\/shop.pyrasied.com\/de\/#\/schema\/logo\/image\/\"},\"sameAs\":[\"https:\/\/www.facebook.com\/Pyrasied\/\",\"https:\/\/www.instagram.com\/pyrasied\/\"]}]}<\/script>\n<!-- \/ Yoast SEO plugin. -->","yoast_head_json":{"title":"Polycarbonatrohr klar | Pyrasied","description":"Entdecken Sie das klare Polycarbonatrohr - extrem sto\u00dffest, feuerhemmend (B1) und hitzebest\u00e4ndig, geeignet f\u00fcr technische und Sicherheitsanwendungen.","robots":{"index":"index","follow":"follow","max-snippet":"max-snippet:-1","max-image-preview":"max-image-preview:large","max-video-preview":"max-video-preview:-1"},"canonical":"https:\/\/shop.pyrasied.com\/de\/produkt\/polycarbonat-rohr-klar\/","og_locale":"de_DE","og_type":"article","og_title":"Polycarbonaat buis helder | Pyrasied","og_description":"Ontdek Polycarbonaat buis helder \u2013 extreem slagvast, brandvertragend (B1) en hufterproof, geschikt voor techniek en veiligheidstoepassingen.","og_url":"https:\/\/shop.pyrasied.com\/de\/produkt\/polycarbonat-rohr-klar\/","og_site_name":"Pyrasied","article_publisher":"https:\/\/www.facebook.com\/Pyrasied\/","article_modified_time":"2026-03-30T12:10:26+00:00","og_image":[{"width":1000,"height":1000,"url":"https:\/\/shop.pyrasied.com\/wp-content\/uploads\/2025\/07\/P56600.jpg","type":"image\/jpeg"}],"twitter_card":"summary_large_image","twitter_misc":{"Gesch\u00e4tzte Lesezeit":"2\u00a0Minuten"},"schema":{"@context":"https:\/\/schema.org","@graph":[{"@type":"WebPage","@id":"https:\/\/shop.pyrasied.com\/en\/product\/polycarbonate-tube-clear\/","url":"https:\/\/shop.pyrasied.com\/en\/product\/polycarbonate-tube-clear\/","name":"Polycarbonatrohr klar | Pyrasied","isPartOf":{"@id":"https:\/\/shop.pyrasied.com\/de\/#website"},"primaryImageOfPage":{"@id":"https:\/\/shop.pyrasied.com\/en\/product\/polycarbonate-tube-clear\/#primaryimage"},"image":{"@id":"https:\/\/shop.pyrasied.com\/en\/product\/polycarbonate-tube-clear\/#primaryimage"},"thumbnailUrl":"https:\/\/shop.pyrasied.com\/wp-content\/uploads\/2025\/07\/P56600.jpg","datePublished":"2025-07-10T08:32:27+00:00","dateModified":"2026-03-30T12:10:26+00:00","description":"Entdecken Sie das klare Polycarbonatrohr - extrem sto\u00dffest, feuerhemmend (B1) und hitzebest\u00e4ndig, geeignet f\u00fcr technische und Sicherheitsanwendungen.","breadcrumb":{"@id":"https:\/\/shop.pyrasied.com\/en\/product\/polycarbonate-tube-clear\/#breadcrumb"},"inLanguage":"de","potentialAction":[{"@type":"ReadAction","target":["https:\/\/shop.pyrasied.com\/en\/product\/polycarbonate-tube-clear\/"]}]},{"@type":"ImageObject","inLanguage":"de","@id":"https:\/\/shop.pyrasied.com\/en\/product\/polycarbonate-tube-clear\/#primaryimage","url":"https:\/\/shop.pyrasied.com\/wp-content\/uploads\/2025\/07\/P56600.jpg","contentUrl":"https:\/\/shop.pyrasied.com\/wp-content\/uploads\/2025\/07\/P56600.jpg","width":1000,"height":1000,"caption":"Polycarbonaat buis helder"},{"@type":"BreadcrumbList","@id":"https:\/\/shop.pyrasied.com\/en\/product\/polycarbonate-tube-clear\/#breadcrumb","itemListElement":[{"@type":"ListItem","position":1,"name":"Home","item":"https:\/\/shop.pyrasied.com\/nl\/"},{"@type":"ListItem","position":2,"name":"Materialen","item":"https:\/\/shop.pyrasied.com\/nl\/materialen\/"},{"@type":"ListItem","position":3,"name":"Buizen en staven","item":"https:\/\/shop.pyrasied.com\/nl\/materialen\/buizen-en-staven\/"},{"@type":"ListItem","position":4,"name":"Polycarbonaat buis helder"}]},{"@type":"WebSite","@id":"https:\/\/shop.pyrasied.com\/de\/#website","url":"https:\/\/shop.pyrasied.com\/de\/","name":"Pyrasied","description":"Aus Liebe zum Material","publisher":{"@id":"https:\/\/shop.pyrasied.com\/de\/#organization"},"potentialAction":[{"@type":"SearchAction","target":{"@type":"EntryPoint","urlTemplate":"https:\/\/shop.pyrasied.com\/de\/?s={search_term_string}"},"query-input":{"@type":"PropertyValueSpecification","valueRequired":true,"valueName":"search_term_string"}}],"inLanguage":"de"},{"@type":"Organization","@id":"https:\/\/shop.pyrasied.com\/de\/#organization","name":"Pyrasied","url":"https:\/\/shop.pyrasied.com\/de\/","logo":{"@type":"ImageObject","inLanguage":"de","@id":"https:\/\/shop.pyrasied.com\/de\/#\/schema\/logo\/image\/","url":"https:\/\/shop.pyrasied.com\/wp-content\/uploads\/2025\/06\/pyrasied.jpg","contentUrl":"https:\/\/shop.pyrasied.com\/wp-content\/uploads\/2025\/06\/pyrasied.jpg","width":1200,"height":630,"caption":"Pyrasied"},"image":{"@id":"https:\/\/shop.pyrasied.com\/de\/#\/schema\/logo\/image\/"},"sameAs":["https:\/\/www.facebook.com\/Pyrasied\/","https:\/\/www.instagram.com\/pyrasied\/"]}]}},"_links":{"self":[{"href":"https:\/\/shop.pyrasied.com\/de\/wp-json\/wp\/v2\/product\/9485","targetHints":{"allow":["GET"]}}],"collection":[{"href":"https:\/\/shop.pyrasied.com\/de\/wp-json\/wp\/v2\/product"}],"about":[{"href":"https:\/\/shop.pyrasied.com\/de\/wp-json\/wp\/v2\/types\/product"}],"wp:featuredmedia":[{"embeddable":true,"href":"https:\/\/shop.pyrasied.com\/de\/wp-json\/wp\/v2\/media\/12357"}],"wp:attachment":[{"href":"https:\/\/shop.pyrasied.com\/de\/wp-json\/wp\/v2\/media?parent=9485"}],"wp:term":[{"taxonomy":"product_brand","embeddable":true,"href":"https:\/\/shop.pyrasied.com\/de\/wp-json\/wp\/v2\/product_brand?post=9485"},{"taxonomy":"product_cat","embeddable":true,"href":"https:\/\/shop.pyrasied.com\/de\/wp-json\/wp\/v2\/product_cat?post=9485"},{"taxonomy":"product_tag","embeddable":true,"href":"https:\/\/shop.pyrasied.com\/de\/wp-json\/wp\/v2\/product_tag?post=9485"}],"curies":[{"name":"wp","href":"https:\/\/api.w.org\/{rel}","templated":true}]}}