{"id":9480,"date":"2025-07-10T08:32:27","date_gmt":"2025-07-10T08:32:27","guid":{"rendered":"https:\/\/pyrasiedshop.nl\/product\/pmma-vierkantstaf-helder-xt\/"},"modified":"2026-03-30T12:10:25","modified_gmt":"2026-03-30T12:10:25","slug":"acryl-vierkantleiste-xt","status":"publish","type":"product","link":"https:\/\/shop.pyrasied.com\/de\/produkt\/acryl-vierkantleiste-xt\/","title":{"rendered":"Acryl-Vierkantstab klar XT"},"content":{"rendered":"<h2>Acryl-Vierkantstab klar XT<\/h2>\n<p>Pyrasied hat den gr\u00f6\u00dften Bestand <strong>Acrylrohre, Rundst\u00e4be und Vierkantst\u00e4be<\/strong> der Benelux-Staaten. Die <strong>Acryl-Vierkantleiste XT klar<\/strong> (extrudiertes PMMA) ist optisch rein, steif, stark und leicht zu verarbeiten. Diese Plexiglasst\u00e4be sind ideal f\u00fcr die Beleuchtungsindustrie, M\u00f6bel- und Innenausbauprojekte, den Displaybau und verschiedene technische Anwendungen.<\/p>\n<h3>Lagerbestand und Abmessungen<\/h3>\n<ul>\n<li>Dicke: 5\u00d75 mm, 10\u00d710 mm, 12\u00d712 mm und 15\u00d715 mm<\/li>\n<li>Maximale L\u00e4nge: 2000 mm<\/li>\n<li>Ma\u00dfanfertigung: ab 100 mm auf Anfrage<\/li>\n<\/ul>\n<p>Dar\u00fcber hinaus bietet Pyrasied <a href=\"https:\/\/shop.pyrasied.com\/de\/produkt\/pmma-vierkantstab-klar-gs\/\"><strong>Acryl GS Vierkantst\u00e4be<\/strong><\/a> f\u00fcr Anwendungen, bei denen die optische Reinheit besonders wichtig ist. Weitere Produkte auf Lager: Rundst\u00e4be aus Acryl, Rohre aus Acryl und Polycarbonat sowie Bl\u00f6cke in verschiedenen Dicken und Durchmessern.<\/p>\n<h3>Eigenschaften<\/h3>\n<ul>\n<li><strong>Optische Reinheit:<\/strong> klare Plexiglasst\u00e4be, die das Licht hervorragend leiten<\/li>\n<li><strong>Formwandeln:<\/strong> geeignet f\u00fcr Anwendungen, bei denen Robustheit und Pr\u00e4zision wichtig sind<\/li>\n<li><strong>Minimale Toleranzen:<\/strong> in beiden Achsen auf \u00b10,2 mm kalibriert<\/li>\n<li><strong>Langlebig und zuverl\u00e4ssig:<\/strong> extrudiertes PMMA f\u00fcr gleichbleibende Qualit\u00e4t<\/li>\n<\/ul>\n<h3>Anwendungen<\/h3>\n<ul>\n<li>Beleuchtungsindustrie (Lichtleiter und Lampen)<\/li>\n<li>M\u00f6bel- und Innenarchitekturprojekte<\/li>\n<li>Display und Standbau<\/li>\n<li>Technische Anlagen<\/li>\n<\/ul>\n<p>Acryl ist vielseitig einsetzbar und eignet sich f\u00fcr Projekte, bei denen sowohl Robustheit als auch optische Klarheit wichtig sind.<\/p>\n<h3>Verarbeitungsm\u00f6glichkeiten<\/h3>\n<ul>\n<li>S\u00e4gen und Fr\u00e4sen<\/li>\n<li>Hei\u00dfbiegen<\/li>\n<li>Bindung<\/li>\n<li>Bohren und Polieren<\/li>\n<li>Schleifen und Beschriften<\/li>\n<\/ul>\n<p>Dank der extrudierten Qualit\u00e4t bleiben die Toleranzen minimal und die St\u00e4be sind bei verschiedenen Projekten zuverl\u00e4ssig. Pyrasied bearbeitet seit mehr als 35 Jahren Acrylglas f\u00fcr Anwendungen in <strong>Architektur, Einzelhandel, Beleuchtung und High-Tech-Industrie<\/strong>. Ausf\u00fchrliche Informationen \u00fcber die verf\u00fcgbaren Operationen finden Sie auf der Seite der Dienste unter <a href=\"https:\/\/pyrasied.com\/de\/leistungen\/\"><strong>pyrasied.com<\/strong><\/a>.<\/p>","protected":false},"excerpt":{"rendered":"<p>Acryl-Vierkantstab klar XT Pyrasied verf\u00fcgt \u00fcber den gr\u00f6\u00dften Vorrat an Acrylrohren, Rundst\u00e4ben und Vierkantst\u00e4ben in den Benelux-L\u00e4ndern. Acryl-Vierkantstab XT klar (extrudiertes PMMA) ist optisch rein, starr, stark und leicht zu verarbeiten. Diese Plexiglasst\u00e4be sind ideal f\u00fcr die Beleuchtungsindustrie, M\u00f6bel- und Innenausbauprojekte, den Displaybau und verschiedene technische Anwendungen. Lagerbestand und Abmessungen Dicke: 5\u00d75 mm, [...]<\/p>","protected":false},"featured_media":13559,"template":"","meta":{"_acf_changed":false},"product_brand":[],"product_cat":[32],"product_tag":[638,1712,621,639,622,640,1711,641,1706],"class_list":{"0":"post-9480","1":"product","2":"type-product","3":"status-publish","4":"has-post-thumbnail","6":"product_cat-buizen-en-staven","7":"product_tag-acrylaat-staf","8":"product_tag-geextrudeerde-acrylaat","9":"product_tag-perspex","10":"product_tag-perspex-staf","11":"product_tag-plexiglas","12":"product_tag-plexiglas-staf","13":"product_tag-transparante-vierkantstaven","14":"product_tag-vierkantstaf","15":"product_tag-xt-staf","17":"first","18":"instock","19":"taxable","20":"shipping-taxable","21":"purchasable","22":"product-type-variable"},"acf":[],"yoast_head":"<!-- This site is optimized with the Yoast SEO plugin v26.0 - https:\/\/yoast.com\/wordpress\/plugins\/seo\/ -->\n<title>Acrylaat Vierkantstaf XT | Pyrasied<\/title>\n<meta name=\"description\" content=\"Bestel nu Acrylaat vierkantstaf helder XT. Optisch zuiver, stijf en eenvoudig te bewerken, ideaal voor verlichting, displays en technische toepassingen.\" \/>\n<meta name=\"robots\" content=\"index, follow, max-snippet:-1, max-image-preview:large, max-video-preview:-1\" \/>\n<link rel=\"canonical\" href=\"http:\/\/shop.pyrasied.com\/de\/produkt\/acryl-vierkantleiste-xt\/\" \/>\n<meta property=\"og:locale\" content=\"de_DE\" \/>\n<meta property=\"og:type\" content=\"article\" \/>\n<meta property=\"og:title\" content=\"Acrylaat Vierkantstaf XT | Pyrasied\" \/>\n<meta property=\"og:description\" content=\"Bestel nu Acrylaat vierkantstaf helder XT. Optisch zuiver, stijf en eenvoudig te bewerken, ideaal voor verlichting, displays en technische toepassingen.\" \/>\n<meta property=\"og:url\" content=\"http:\/\/shop.pyrasied.com\/de\/produkt\/acryl-vierkantleiste-xt\/\" \/>\n<meta property=\"og:site_name\" content=\"Pyrasied\" \/>\n<meta property=\"article:publisher\" content=\"https:\/\/www.facebook.com\/Pyrasied\/\" \/>\n<meta property=\"article:modified_time\" content=\"2026-03-30T12:10:25+00:00\" \/>\n<meta property=\"og:image\" content=\"https:\/\/shop.pyrasied.com\/wp-content\/uploads\/2025\/07\/Vierkant-portaal.jpg\" \/>\n\t<meta property=\"og:image:width\" content=\"1000\" \/>\n\t<meta property=\"og:image:height\" content=\"1000\" \/>\n\t<meta property=\"og:image:type\" content=\"image\/jpeg\" \/>\n<meta name=\"twitter:card\" content=\"summary_large_image\" \/>\n<meta name=\"twitter:label1\" content=\"Gesch\u00e4tzte Lesezeit\" \/>\n\t<meta name=\"twitter:data1\" content=\"2\u00a0Minuten\" \/>\n<script type=\"application\/ld+json\" class=\"yoast-schema-graph\">{\"@context\":\"https:\/\/schema.org\",\"@graph\":[{\"@type\":\"WebPage\",\"@id\":\"http:\/\/shop.pyrasied.com\/nl\/product\/acrylaat-vierkantstaf-xt\/\",\"url\":\"http:\/\/shop.pyrasied.com\/nl\/product\/acrylaat-vierkantstaf-xt\/\",\"name\":\"Acrylaat Vierkantstaf XT | Pyrasied\",\"isPartOf\":{\"@id\":\"https:\/\/shop.pyrasied.com\/de\/#website\"},\"primaryImageOfPage\":{\"@id\":\"http:\/\/shop.pyrasied.com\/nl\/product\/acrylaat-vierkantstaf-xt\/#primaryimage\"},\"image\":{\"@id\":\"http:\/\/shop.pyrasied.com\/nl\/product\/acrylaat-vierkantstaf-xt\/#primaryimage\"},\"thumbnailUrl\":\"https:\/\/shop.pyrasied.com\/wp-content\/uploads\/2025\/07\/Vierkant-portaal.jpg\",\"datePublished\":\"2025-07-10T08:32:27+00:00\",\"dateModified\":\"2026-03-30T12:10:25+00:00\",\"description\":\"Bestel nu Acrylaat vierkantstaf helder XT. Optisch zuiver, stijf en eenvoudig te bewerken, ideaal voor verlichting, displays en technische toepassingen.\",\"breadcrumb\":{\"@id\":\"http:\/\/shop.pyrasied.com\/nl\/product\/acrylaat-vierkantstaf-xt\/#breadcrumb\"},\"inLanguage\":\"de\",\"potentialAction\":[{\"@type\":\"ReadAction\",\"target\":[\"http:\/\/shop.pyrasied.com\/nl\/product\/acrylaat-vierkantstaf-xt\/\"]}]},{\"@type\":\"ImageObject\",\"inLanguage\":\"de\",\"@id\":\"http:\/\/shop.pyrasied.com\/nl\/product\/acrylaat-vierkantstaf-xt\/#primaryimage\",\"url\":\"https:\/\/shop.pyrasied.com\/wp-content\/uploads\/2025\/07\/Vierkant-portaal.jpg\",\"contentUrl\":\"https:\/\/shop.pyrasied.com\/wp-content\/uploads\/2025\/07\/Vierkant-portaal.jpg\",\"width\":1000,\"height\":1000,\"caption\":\"Acrylaat vierkantstaf helder XT\"},{\"@type\":\"BreadcrumbList\",\"@id\":\"http:\/\/shop.pyrasied.com\/nl\/product\/acrylaat-vierkantstaf-xt\/#breadcrumb\",\"itemListElement\":[{\"@type\":\"ListItem\",\"position\":1,\"name\":\"Home\",\"item\":\"https:\/\/shop.pyrasied.com\/nl\/\"},{\"@type\":\"ListItem\",\"position\":2,\"name\":\"Materialen\",\"item\":\"https:\/\/shop.pyrasied.com\/nl\/materialen\/\"},{\"@type\":\"ListItem\",\"position\":3,\"name\":\"Buizen en staven\",\"item\":\"https:\/\/shop.pyrasied.com\/nl\/materialen\/buizen-en-staven\/\"},{\"@type\":\"ListItem\",\"position\":4,\"name\":\"Acrylaat vierkantstaf helder XT\"}]},{\"@type\":\"WebSite\",\"@id\":\"https:\/\/shop.pyrasied.com\/de\/#website\",\"url\":\"https:\/\/shop.pyrasied.com\/de\/\",\"name\":\"Pyrasied\",\"description\":\"Uit liefde voor materiaal\",\"publisher\":{\"@id\":\"https:\/\/shop.pyrasied.com\/de\/#organization\"},\"potentialAction\":[{\"@type\":\"SearchAction\",\"target\":{\"@type\":\"EntryPoint\",\"urlTemplate\":\"https:\/\/shop.pyrasied.com\/de\/?s={search_term_string}\"},\"query-input\":{\"@type\":\"PropertyValueSpecification\",\"valueRequired\":true,\"valueName\":\"search_term_string\"}}],\"inLanguage\":\"de\"},{\"@type\":\"Organization\",\"@id\":\"https:\/\/shop.pyrasied.com\/de\/#organization\",\"name\":\"Pyrasied\",\"url\":\"https:\/\/shop.pyrasied.com\/de\/\",\"logo\":{\"@type\":\"ImageObject\",\"inLanguage\":\"de\",\"@id\":\"https:\/\/shop.pyrasied.com\/de\/#\/schema\/logo\/image\/\",\"url\":\"https:\/\/shop.pyrasied.com\/wp-content\/uploads\/2025\/06\/pyrasied.jpg\",\"contentUrl\":\"https:\/\/shop.pyrasied.com\/wp-content\/uploads\/2025\/06\/pyrasied.jpg\",\"width\":1200,\"height\":630,\"caption\":\"Pyrasied\"},\"image\":{\"@id\":\"https:\/\/shop.pyrasied.com\/de\/#\/schema\/logo\/image\/\"},\"sameAs\":[\"https:\/\/www.facebook.com\/Pyrasied\/\",\"https:\/\/www.instagram.com\/pyrasied\/\"]}]}<\/script>\n<!-- \/ Yoast SEO plugin. -->","yoast_head_json":{"title":"Acryl-Vierkantleiste XT | Pyrasied","description":"Bestellen Sie jetzt Acryl-Vierkantst\u00e4be klar XT. Optisch rein, starr und leicht zu bearbeiten, ideal f\u00fcr Beleuchtung, Displays und technische Anwendungen.","robots":{"index":"index","follow":"follow","max-snippet":"max-snippet:-1","max-image-preview":"max-image-preview:large","max-video-preview":"max-video-preview:-1"},"canonical":"http:\/\/shop.pyrasied.com\/de\/produkt\/acryl-vierkantleiste-xt\/","og_locale":"de_DE","og_type":"article","og_title":"Acrylaat Vierkantstaf XT | Pyrasied","og_description":"Bestel nu Acrylaat vierkantstaf helder XT. Optisch zuiver, stijf en eenvoudig te bewerken, ideaal voor verlichting, displays en technische toepassingen.","og_url":"http:\/\/shop.pyrasied.com\/de\/produkt\/acryl-vierkantleiste-xt\/","og_site_name":"Pyrasied","article_publisher":"https:\/\/www.facebook.com\/Pyrasied\/","article_modified_time":"2026-03-30T12:10:25+00:00","og_image":[{"width":1000,"height":1000,"url":"https:\/\/shop.pyrasied.com\/wp-content\/uploads\/2025\/07\/Vierkant-portaal.jpg","type":"image\/jpeg"}],"twitter_card":"summary_large_image","twitter_misc":{"Gesch\u00e4tzte Lesezeit":"2\u00a0Minuten"},"schema":{"@context":"https:\/\/schema.org","@graph":[{"@type":"WebPage","@id":"http:\/\/shop.pyrasied.com\/nl\/product\/acrylaat-vierkantstaf-xt\/","url":"http:\/\/shop.pyrasied.com\/nl\/product\/acrylaat-vierkantstaf-xt\/","name":"Acryl-Vierkantleiste XT | Pyrasied","isPartOf":{"@id":"https:\/\/shop.pyrasied.com\/de\/#website"},"primaryImageOfPage":{"@id":"http:\/\/shop.pyrasied.com\/nl\/product\/acrylaat-vierkantstaf-xt\/#primaryimage"},"image":{"@id":"http:\/\/shop.pyrasied.com\/nl\/product\/acrylaat-vierkantstaf-xt\/#primaryimage"},"thumbnailUrl":"https:\/\/shop.pyrasied.com\/wp-content\/uploads\/2025\/07\/Vierkant-portaal.jpg","datePublished":"2025-07-10T08:32:27+00:00","dateModified":"2026-03-30T12:10:25+00:00","description":"Bestellen Sie jetzt Acryl-Vierkantst\u00e4be klar XT. Optisch rein, starr und leicht zu bearbeiten, ideal f\u00fcr Beleuchtung, Displays und technische Anwendungen.","breadcrumb":{"@id":"http:\/\/shop.pyrasied.com\/nl\/product\/acrylaat-vierkantstaf-xt\/#breadcrumb"},"inLanguage":"de","potentialAction":[{"@type":"ReadAction","target":["http:\/\/shop.pyrasied.com\/nl\/product\/acrylaat-vierkantstaf-xt\/"]}]},{"@type":"ImageObject","inLanguage":"de","@id":"http:\/\/shop.pyrasied.com\/nl\/product\/acrylaat-vierkantstaf-xt\/#primaryimage","url":"https:\/\/shop.pyrasied.com\/wp-content\/uploads\/2025\/07\/Vierkant-portaal.jpg","contentUrl":"https:\/\/shop.pyrasied.com\/wp-content\/uploads\/2025\/07\/Vierkant-portaal.jpg","width":1000,"height":1000,"caption":"Acrylaat vierkantstaf helder XT"},{"@type":"BreadcrumbList","@id":"http:\/\/shop.pyrasied.com\/nl\/product\/acrylaat-vierkantstaf-xt\/#breadcrumb","itemListElement":[{"@type":"ListItem","position":1,"name":"Home","item":"https:\/\/shop.pyrasied.com\/nl\/"},{"@type":"ListItem","position":2,"name":"Materialen","item":"https:\/\/shop.pyrasied.com\/nl\/materialen\/"},{"@type":"ListItem","position":3,"name":"Buizen en staven","item":"https:\/\/shop.pyrasied.com\/nl\/materialen\/buizen-en-staven\/"},{"@type":"ListItem","position":4,"name":"Acrylaat vierkantstaf helder XT"}]},{"@type":"WebSite","@id":"https:\/\/shop.pyrasied.com\/de\/#website","url":"https:\/\/shop.pyrasied.com\/de\/","name":"Pyrasied","description":"Aus Liebe zum Material","publisher":{"@id":"https:\/\/shop.pyrasied.com\/de\/#organization"},"potentialAction":[{"@type":"SearchAction","target":{"@type":"EntryPoint","urlTemplate":"https:\/\/shop.pyrasied.com\/de\/?s={search_term_string}"},"query-input":{"@type":"PropertyValueSpecification","valueRequired":true,"valueName":"search_term_string"}}],"inLanguage":"de"},{"@type":"Organization","@id":"https:\/\/shop.pyrasied.com\/de\/#organization","name":"Pyrasied","url":"https:\/\/shop.pyrasied.com\/de\/","logo":{"@type":"ImageObject","inLanguage":"de","@id":"https:\/\/shop.pyrasied.com\/de\/#\/schema\/logo\/image\/","url":"https:\/\/shop.pyrasied.com\/wp-content\/uploads\/2025\/06\/pyrasied.jpg","contentUrl":"https:\/\/shop.pyrasied.com\/wp-content\/uploads\/2025\/06\/pyrasied.jpg","width":1200,"height":630,"caption":"Pyrasied"},"image":{"@id":"https:\/\/shop.pyrasied.com\/de\/#\/schema\/logo\/image\/"},"sameAs":["https:\/\/www.facebook.com\/Pyrasied\/","https:\/\/www.instagram.com\/pyrasied\/"]}]}},"_links":{"self":[{"href":"https:\/\/shop.pyrasied.com\/de\/wp-json\/wp\/v2\/product\/9480","targetHints":{"allow":["GET"]}}],"collection":[{"href":"https:\/\/shop.pyrasied.com\/de\/wp-json\/wp\/v2\/product"}],"about":[{"href":"https:\/\/shop.pyrasied.com\/de\/wp-json\/wp\/v2\/types\/product"}],"wp:featuredmedia":[{"embeddable":true,"href":"https:\/\/shop.pyrasied.com\/de\/wp-json\/wp\/v2\/media\/13559"}],"wp:attachment":[{"href":"https:\/\/shop.pyrasied.com\/de\/wp-json\/wp\/v2\/media?parent=9480"}],"wp:term":[{"taxonomy":"product_brand","embeddable":true,"href":"https:\/\/shop.pyrasied.com\/de\/wp-json\/wp\/v2\/product_brand?post=9480"},{"taxonomy":"product_cat","embeddable":true,"href":"https:\/\/shop.pyrasied.com\/de\/wp-json\/wp\/v2\/product_cat?post=9480"},{"taxonomy":"product_tag","embeddable":true,"href":"https:\/\/shop.pyrasied.com\/de\/wp-json\/wp\/v2\/product_tag?post=9480"}],"curies":[{"name":"wp","href":"https:\/\/api.w.org\/{rel}","templated":true}]}}