{"id":9471,"date":"2025-07-10T08:32:27","date_gmt":"2025-07-10T08:32:27","guid":{"rendered":"https:\/\/pyrasiedshop.nl\/product\/pmma-rondstaf-helder-xt\/"},"modified":"2026-03-30T12:10:14","modified_gmt":"2026-03-30T12:10:14","slug":"acryl-rundstab-klar","status":"publish","type":"product","link":"https:\/\/shop.pyrasied.com\/de\/produkt\/acryl-rundstab-klar\/","title":{"rendered":"Acryl-Rundstab klar XT"},"content":{"rendered":"<h2>Acryl-Rundstab klar XT<\/h2>\n<p>Die <strong>Acryl-Rundstab klar XT<\/strong> wird aus extrudiertem Acrylat (PMMA) hergestellt. Diese transparenten St\u00e4be sind stark, steif und optisch rein, wodurch sie in dekorativen und technischen Anwendungen weit verbreitet sind. Im Vergleich zu gegossenen (GS) Rundst\u00e4ben sind sie optisch etwas weniger rein, aber eine wirtschaftliche Wahl.<\/p>\n<h3>Eigenschaften<\/h3>\n<ul>\n<li>Extrudiertes PMMA - effizient und wirtschaftlich produziert<\/li>\n<li>Optisch rein - geeignet f\u00fcr dekorative und technische Anwendungen<\/li>\n<li>Stark und stabil - zuverl\u00e4ssig im Einsatz<\/li>\n<li>Leicht und langlebig - ideal f\u00fcr langfristige Projekte<\/li>\n<\/ul>\n<h3>Lagerbestand und Abmessungen<\/h3>\n<p>Erh\u00e4ltlich in Durchmessern von \u00d8 5 mm bis \u00d8 30 mm.<\/p>\n<h3>Anwendungen<\/h3>\n<p>Diese Rundst\u00e4be sind weit verbreitet in:<\/p>\n<ul>\n<li>Displays und Pr\u00e4sentationsmaterialien<\/li>\n<li>Dekore und Standbau<\/li>\n<li>Maschinenteile und technische Anwendungen<\/li>\n<li>Modelle und kreative Projekte<\/li>\n<\/ul>\n<p>F\u00fcr Anwendungen in der Beleuchtungsindustrie empfehlen wir die Wahl von <a href=\"https:\/\/shop.pyrasied.com\/de\/produkt\/acryl-rundstab-klar-gs\/\"><strong>Gegossene Rundst\u00e4be (GS)<\/strong><\/a>, die eine h\u00f6here optische Reinheit aufweisen.<\/p>\n<h3>Verarbeitungsm\u00f6glichkeiten<\/h3>\n<p>Die Rundst\u00e4be lassen sich leicht bearbeiten: S\u00e4gen, Fr\u00e4sen, Hei\u00dfbiegen, Kleben, Bohren, Polieren, Schleifen und Beschriften. Pyrasied bearbeitet seit mehr als 35 Jahren Acrylglas f\u00fcr Anwendungen in <strong>Architektur, Einzelhandel, Beleuchtung und High-Tech-Industrie<\/strong>. Ausf\u00fchrliche Informationen \u00fcber die verf\u00fcgbaren Operationen finden Sie auf der Seite der Dienste unter <a href=\"https:\/\/pyrasied.com\/de\/leistungen\/\"><strong>pyrasied.com<\/strong><\/a>.<\/p>","protected":false},"excerpt":{"rendered":"<p>Acryl-Rundstab klar XT Der Acryl-Rundstab klar XT wird aus extrudiertem Acryl (PMMA) hergestellt. Diese transparenten St\u00e4be sind stark, steif und optisch rein, was sie f\u00fcr viele dekorative und technische Anwendungen geeignet macht. Im Vergleich zu gegossenen (GS) Rundst\u00e4ben sind sie optisch etwas weniger rein, sind aber eine wirtschaftliche Wahl. Eigenschaften Extrudiertes PMMA - effizient [...]<\/p>","protected":false},"featured_media":13498,"template":"","meta":{"_acf_changed":false},"product_brand":[],"product_cat":[32],"product_tag":[638,581,639,640,591,1706],"class_list":{"0":"post-9471","1":"product","2":"type-product","3":"status-publish","4":"has-post-thumbnail","6":"product_cat-buizen-en-staven","7":"product_tag-acrylaat-staf","8":"product_tag-helder","9":"product_tag-perspex-staf","10":"product_tag-plexiglas-staf","11":"product_tag-rondstaf","12":"product_tag-xt-staf","14":"first","15":"instock","16":"taxable","17":"shipping-taxable","18":"purchasable","19":"product-type-variable"},"acf":[],"yoast_head":"<!-- This site is optimized with the Yoast SEO plugin v26.0 - https:\/\/yoast.com\/wordpress\/plugins\/seo\/ -->\n<title>Acrylaat rondstaf XT | Pyrasied<\/title>\n<meta name=\"description\" content=\"Acrylaat rondstaf helder XT \u2013 sterk, stijf en makkelijk te bewerken. Perfect voor decors, displays, maquettes en machineonderdelen.\" \/>\n<meta name=\"robots\" content=\"index, follow, max-snippet:-1, max-image-preview:large, max-video-preview:-1\" \/>\n<link rel=\"canonical\" href=\"http:\/\/shop.pyrasied.com\/de\/produkt\/acryl-rundstab-klar\/\" \/>\n<meta property=\"og:locale\" content=\"de_DE\" \/>\n<meta property=\"og:type\" content=\"article\" \/>\n<meta property=\"og:title\" content=\"Acrylaat rondstaf XT | Pyrasied\" \/>\n<meta property=\"og:description\" content=\"Acrylaat rondstaf helder XT \u2013 sterk, stijf en makkelijk te bewerken. Perfect voor decors, displays, maquettes en machineonderdelen.\" \/>\n<meta property=\"og:url\" content=\"http:\/\/shop.pyrasied.com\/de\/produkt\/acryl-rundstab-klar\/\" \/>\n<meta property=\"og:site_name\" content=\"Pyrasied\" \/>\n<meta property=\"article:publisher\" content=\"https:\/\/www.facebook.com\/Pyrasied\/\" \/>\n<meta property=\"article:modified_time\" content=\"2026-03-30T12:10:14+00:00\" \/>\n<meta property=\"og:image\" content=\"https:\/\/shop.pyrasied.com\/wp-content\/uploads\/2025\/07\/P56900-1.jpg\" \/>\n\t<meta property=\"og:image:width\" content=\"1000\" \/>\n\t<meta property=\"og:image:height\" content=\"1000\" \/>\n\t<meta property=\"og:image:type\" content=\"image\/jpeg\" \/>\n<meta name=\"twitter:card\" content=\"summary_large_image\" \/>\n<meta name=\"twitter:label1\" content=\"Gesch\u00e4tzte Lesezeit\" \/>\n\t<meta name=\"twitter:data1\" content=\"2\u00a0Minuten\" \/>\n<script type=\"application\/ld+json\" class=\"yoast-schema-graph\">{\"@context\":\"https:\/\/schema.org\",\"@graph\":[{\"@type\":\"WebPage\",\"@id\":\"http:\/\/shop.pyrasied.com\/nl\/product\/acrylaat-rondstaf-helder\/\",\"url\":\"http:\/\/shop.pyrasied.com\/nl\/product\/acrylaat-rondstaf-helder\/\",\"name\":\"Acrylaat rondstaf XT | Pyrasied\",\"isPartOf\":{\"@id\":\"https:\/\/shop.pyrasied.com\/de\/#website\"},\"primaryImageOfPage\":{\"@id\":\"http:\/\/shop.pyrasied.com\/nl\/product\/acrylaat-rondstaf-helder\/#primaryimage\"},\"image\":{\"@id\":\"http:\/\/shop.pyrasied.com\/nl\/product\/acrylaat-rondstaf-helder\/#primaryimage\"},\"thumbnailUrl\":\"https:\/\/shop.pyrasied.com\/wp-content\/uploads\/2025\/07\/P56900-1.jpg\",\"datePublished\":\"2025-07-10T08:32:27+00:00\",\"dateModified\":\"2026-03-30T12:10:14+00:00\",\"description\":\"Acrylaat rondstaf helder XT \u2013 sterk, stijf en makkelijk te bewerken. Perfect voor decors, displays, maquettes en machineonderdelen.\",\"breadcrumb\":{\"@id\":\"http:\/\/shop.pyrasied.com\/nl\/product\/acrylaat-rondstaf-helder\/#breadcrumb\"},\"inLanguage\":\"de\",\"potentialAction\":[{\"@type\":\"ReadAction\",\"target\":[\"http:\/\/shop.pyrasied.com\/nl\/product\/acrylaat-rondstaf-helder\/\"]}]},{\"@type\":\"ImageObject\",\"inLanguage\":\"de\",\"@id\":\"http:\/\/shop.pyrasied.com\/nl\/product\/acrylaat-rondstaf-helder\/#primaryimage\",\"url\":\"https:\/\/shop.pyrasied.com\/wp-content\/uploads\/2025\/07\/P56900-1.jpg\",\"contentUrl\":\"https:\/\/shop.pyrasied.com\/wp-content\/uploads\/2025\/07\/P56900-1.jpg\",\"width\":1000,\"height\":1000,\"caption\":\"Acrylaat rondstaf helder XT\"},{\"@type\":\"BreadcrumbList\",\"@id\":\"http:\/\/shop.pyrasied.com\/nl\/product\/acrylaat-rondstaf-helder\/#breadcrumb\",\"itemListElement\":[{\"@type\":\"ListItem\",\"position\":1,\"name\":\"Home\",\"item\":\"https:\/\/shop.pyrasied.com\/nl\/\"},{\"@type\":\"ListItem\",\"position\":2,\"name\":\"Materialen\",\"item\":\"https:\/\/shop.pyrasied.com\/nl\/materialen\/\"},{\"@type\":\"ListItem\",\"position\":3,\"name\":\"Buizen en staven\",\"item\":\"https:\/\/shop.pyrasied.com\/nl\/materialen\/buizen-en-staven\/\"},{\"@type\":\"ListItem\",\"position\":4,\"name\":\"Acrylaat rondstaf helder XT\"}]},{\"@type\":\"WebSite\",\"@id\":\"https:\/\/shop.pyrasied.com\/de\/#website\",\"url\":\"https:\/\/shop.pyrasied.com\/de\/\",\"name\":\"Pyrasied\",\"description\":\"Uit liefde voor materiaal\",\"publisher\":{\"@id\":\"https:\/\/shop.pyrasied.com\/de\/#organization\"},\"potentialAction\":[{\"@type\":\"SearchAction\",\"target\":{\"@type\":\"EntryPoint\",\"urlTemplate\":\"https:\/\/shop.pyrasied.com\/de\/?s={search_term_string}\"},\"query-input\":{\"@type\":\"PropertyValueSpecification\",\"valueRequired\":true,\"valueName\":\"search_term_string\"}}],\"inLanguage\":\"de\"},{\"@type\":\"Organization\",\"@id\":\"https:\/\/shop.pyrasied.com\/de\/#organization\",\"name\":\"Pyrasied\",\"url\":\"https:\/\/shop.pyrasied.com\/de\/\",\"logo\":{\"@type\":\"ImageObject\",\"inLanguage\":\"de\",\"@id\":\"https:\/\/shop.pyrasied.com\/de\/#\/schema\/logo\/image\/\",\"url\":\"https:\/\/shop.pyrasied.com\/wp-content\/uploads\/2025\/06\/pyrasied.jpg\",\"contentUrl\":\"https:\/\/shop.pyrasied.com\/wp-content\/uploads\/2025\/06\/pyrasied.jpg\",\"width\":1200,\"height\":630,\"caption\":\"Pyrasied\"},\"image\":{\"@id\":\"https:\/\/shop.pyrasied.com\/de\/#\/schema\/logo\/image\/\"},\"sameAs\":[\"https:\/\/www.facebook.com\/Pyrasied\/\",\"https:\/\/www.instagram.com\/pyrasied\/\"]}]}<\/script>\n<!-- \/ Yoast SEO plugin. -->","yoast_head_json":{"title":"Acryl-Rundstab XT | Pyrasied","description":"Acryl-Rundstab klar XT - stark, steif und leicht zu verarbeiten. Perfekt f\u00fcr Dekore, Displays, Modelle und Maschinenteile.","robots":{"index":"index","follow":"follow","max-snippet":"max-snippet:-1","max-image-preview":"max-image-preview:large","max-video-preview":"max-video-preview:-1"},"canonical":"http:\/\/shop.pyrasied.com\/de\/produkt\/acryl-rundstab-klar\/","og_locale":"de_DE","og_type":"article","og_title":"Acrylaat rondstaf XT | Pyrasied","og_description":"Acrylaat rondstaf helder XT \u2013 sterk, stijf en makkelijk te bewerken. Perfect voor decors, displays, maquettes en machineonderdelen.","og_url":"http:\/\/shop.pyrasied.com\/de\/produkt\/acryl-rundstab-klar\/","og_site_name":"Pyrasied","article_publisher":"https:\/\/www.facebook.com\/Pyrasied\/","article_modified_time":"2026-03-30T12:10:14+00:00","og_image":[{"width":1000,"height":1000,"url":"https:\/\/shop.pyrasied.com\/wp-content\/uploads\/2025\/07\/P56900-1.jpg","type":"image\/jpeg"}],"twitter_card":"summary_large_image","twitter_misc":{"Gesch\u00e4tzte Lesezeit":"2\u00a0Minuten"},"schema":{"@context":"https:\/\/schema.org","@graph":[{"@type":"WebPage","@id":"http:\/\/shop.pyrasied.com\/nl\/product\/acrylaat-rondstaf-helder\/","url":"http:\/\/shop.pyrasied.com\/nl\/product\/acrylaat-rondstaf-helder\/","name":"Acryl-Rundstab XT | Pyrasied","isPartOf":{"@id":"https:\/\/shop.pyrasied.com\/de\/#website"},"primaryImageOfPage":{"@id":"http:\/\/shop.pyrasied.com\/nl\/product\/acrylaat-rondstaf-helder\/#primaryimage"},"image":{"@id":"http:\/\/shop.pyrasied.com\/nl\/product\/acrylaat-rondstaf-helder\/#primaryimage"},"thumbnailUrl":"https:\/\/shop.pyrasied.com\/wp-content\/uploads\/2025\/07\/P56900-1.jpg","datePublished":"2025-07-10T08:32:27+00:00","dateModified":"2026-03-30T12:10:14+00:00","description":"Acryl-Rundstab klar XT - stark, steif und leicht zu verarbeiten. Perfekt f\u00fcr Dekore, Displays, Modelle und Maschinenteile.","breadcrumb":{"@id":"http:\/\/shop.pyrasied.com\/nl\/product\/acrylaat-rondstaf-helder\/#breadcrumb"},"inLanguage":"de","potentialAction":[{"@type":"ReadAction","target":["http:\/\/shop.pyrasied.com\/nl\/product\/acrylaat-rondstaf-helder\/"]}]},{"@type":"ImageObject","inLanguage":"de","@id":"http:\/\/shop.pyrasied.com\/nl\/product\/acrylaat-rondstaf-helder\/#primaryimage","url":"https:\/\/shop.pyrasied.com\/wp-content\/uploads\/2025\/07\/P56900-1.jpg","contentUrl":"https:\/\/shop.pyrasied.com\/wp-content\/uploads\/2025\/07\/P56900-1.jpg","width":1000,"height":1000,"caption":"Acrylaat rondstaf helder XT"},{"@type":"BreadcrumbList","@id":"http:\/\/shop.pyrasied.com\/nl\/product\/acrylaat-rondstaf-helder\/#breadcrumb","itemListElement":[{"@type":"ListItem","position":1,"name":"Home","item":"https:\/\/shop.pyrasied.com\/nl\/"},{"@type":"ListItem","position":2,"name":"Materialen","item":"https:\/\/shop.pyrasied.com\/nl\/materialen\/"},{"@type":"ListItem","position":3,"name":"Buizen en staven","item":"https:\/\/shop.pyrasied.com\/nl\/materialen\/buizen-en-staven\/"},{"@type":"ListItem","position":4,"name":"Acrylaat rondstaf helder XT"}]},{"@type":"WebSite","@id":"https:\/\/shop.pyrasied.com\/de\/#website","url":"https:\/\/shop.pyrasied.com\/de\/","name":"Pyrasied","description":"Aus Liebe zum Material","publisher":{"@id":"https:\/\/shop.pyrasied.com\/de\/#organization"},"potentialAction":[{"@type":"SearchAction","target":{"@type":"EntryPoint","urlTemplate":"https:\/\/shop.pyrasied.com\/de\/?s={search_term_string}"},"query-input":{"@type":"PropertyValueSpecification","valueRequired":true,"valueName":"search_term_string"}}],"inLanguage":"de"},{"@type":"Organization","@id":"https:\/\/shop.pyrasied.com\/de\/#organization","name":"Pyrasied","url":"https:\/\/shop.pyrasied.com\/de\/","logo":{"@type":"ImageObject","inLanguage":"de","@id":"https:\/\/shop.pyrasied.com\/de\/#\/schema\/logo\/image\/","url":"https:\/\/shop.pyrasied.com\/wp-content\/uploads\/2025\/06\/pyrasied.jpg","contentUrl":"https:\/\/shop.pyrasied.com\/wp-content\/uploads\/2025\/06\/pyrasied.jpg","width":1200,"height":630,"caption":"Pyrasied"},"image":{"@id":"https:\/\/shop.pyrasied.com\/de\/#\/schema\/logo\/image\/"},"sameAs":["https:\/\/www.facebook.com\/Pyrasied\/","https:\/\/www.instagram.com\/pyrasied\/"]}]}},"_links":{"self":[{"href":"https:\/\/shop.pyrasied.com\/de\/wp-json\/wp\/v2\/product\/9471","targetHints":{"allow":["GET"]}}],"collection":[{"href":"https:\/\/shop.pyrasied.com\/de\/wp-json\/wp\/v2\/product"}],"about":[{"href":"https:\/\/shop.pyrasied.com\/de\/wp-json\/wp\/v2\/types\/product"}],"wp:featuredmedia":[{"embeddable":true,"href":"https:\/\/shop.pyrasied.com\/de\/wp-json\/wp\/v2\/media\/13498"}],"wp:attachment":[{"href":"https:\/\/shop.pyrasied.com\/de\/wp-json\/wp\/v2\/media?parent=9471"}],"wp:term":[{"taxonomy":"product_brand","embeddable":true,"href":"https:\/\/shop.pyrasied.com\/de\/wp-json\/wp\/v2\/product_brand?post=9471"},{"taxonomy":"product_cat","embeddable":true,"href":"https:\/\/shop.pyrasied.com\/de\/wp-json\/wp\/v2\/product_cat?post=9471"},{"taxonomy":"product_tag","embeddable":true,"href":"https:\/\/shop.pyrasied.com\/de\/wp-json\/wp\/v2\/product_tag?post=9471"}],"curies":[{"name":"wp","href":"https:\/\/api.w.org\/{rel}","templated":true}]}}