{"id":9447,"date":"2025-07-10T08:32:18","date_gmt":"2025-07-10T08:32:18","guid":{"rendered":"https:\/\/pyrasiedshop.nl\/product\/pmma-buis-opaal-xt\/"},"modified":"2026-03-30T12:10:14","modified_gmt":"2026-03-30T12:10:14","slug":"acryl-rohre-opal-xt","status":"publish","type":"product","link":"https:\/\/shop.pyrasied.com\/de\/produkt\/acryl-rohre-opal-xt\/","title":{"rendered":"Acrylglasrohr opal XT"},"content":{"rendered":"<h2>Acrylglasrohr opal XT<\/h2>\n<p>Die Acrylglasr\u00f6hre opal XT ist eine extrudierte R\u00f6hre aus hochwertigem Acryl (PMMA) mit einem milchigen, leicht opalen Aussehen. Die satinartige Oberfl\u00e4che und eine Lichtdurchl\u00e4ssigkeit von ca. 80% sorgen f\u00fcr eine weiche, gleichm\u00e4\u00dfige Lichtstreuung. Ideal f\u00fcr LED-Beleuchtung, dekorative Objekte und Innenarchitektur.<\/p>\n<h3>Eigenschaften<\/h3>\n<ul>\n<li>Extrudiertes PMMA: effizient produziert und preiswert<\/li>\n<li>Lichtdurchl\u00e4ssigkeit ca. 80%: weiche und gleichm\u00e4\u00dfige Lichtstreuung<\/li>\n<li>Hochgl\u00e4nzende oder satinierte Oberfl\u00e4che: f\u00fcr unterschiedliche optische Effekte<\/li>\n<li>Stark und formstabil: zuverl\u00e4ssig f\u00fcr funktionelle und dekorative Anwendungen<\/li>\n<li>Einfache Bearbeitung: S\u00e4gen, Fr\u00e4sen, Kleben, Bohren, Polieren, Schleifen und Bedrucken<\/li>\n<li>Verschiedene Varianten verf\u00fcgbar: Pyrasied liefert auch klare, recycelte und satinierte Rohre<\/li>\n<\/ul>\n<h3>Lagerbestand und Abmessungen<\/h3>\n<p>Standarddurchmesser: \u00d840 bis \u00d8250 mm, Wandst\u00e4rke: 3 mm, Standardl\u00e4nge: 2000 mm. Kundenspezifische Anpassung m\u00f6glich: der Rest des Rohrs ist immer inbegriffen. Bei gr\u00f6\u00dferen Durchmessern oder maximaler optischer Reinheit ist die <a href=\"https:\/\/shop.pyrasied.com\/de\/produkt\/gegossenes-acrylrohr-opal\/\" target=\"_new\"><strong>Acrylglasrohr opal GS<\/strong><\/a> verf\u00fcgbar.<\/p>\n<h3>Anwendungen<\/h3>\n<ul>\n<li>LED-Beleuchtung und Leuchten<\/li>\n<li>Dekorative Beleuchtungselemente und Displays<\/li>\n<li>M\u00f6bel und Raumgestaltung (Tische, S\u00e4ulen, Designobjekte)<\/li>\n<li>Stand- und Ausstellungsbau<\/li>\n<li>Kunst- und Designprojekte<\/li>\n<\/ul>\n<p>Dank ihres eleganten Aussehens und ihrer diffusen Lichtverteilung sind diese R\u00f6hren in der Beleuchtungsindustrie sehr beliebt.<\/p>\n<h3>Verarbeitungsm\u00f6glichkeiten<\/h3>\n<ul>\n<li>S\u00e4gen und Fr\u00e4sen<\/li>\n<li>Bindung<\/li>\n<li>Bohren und Polieren<\/li>\n<li>Schleifen und Drucken<\/li>\n<\/ul>\n<p>Pyrasied verarbeitet seit mehr als 35 Jahren Acryl f\u00fcr Anwendungen in <strong>Architektur, Einzelhandel, Beleuchtung und High-Tech-Industrie<\/strong>. Weitere Informationen \u00fcber Bearbeitungen finden Sie auf der Website <a href=\"https:\/\/pyrasied.com\/de\/leistungen\/\"><strong>Dienstleistungsseite<\/strong><\/a>.<\/p>","protected":false},"excerpt":{"rendered":"<p>Acrylglasrohr opal XT Das Acrylglasrohr opal XT ist ein extrudiertes Rohr aus hochwertigem Acryl (PMMA) mit einem milchigen, leicht opalen Aussehen. Die satinierte Oberfl\u00e4che und eine Lichtdurchl\u00e4ssigkeit von ca. 80% sorgen f\u00fcr eine weiche, gleichm\u00e4\u00dfige Lichtstreuung. Ideal f\u00fcr LED-Beleuchtung, dekorative Objekte und Innenarchitektur. Eigenschaften Extrudiertes PMMA: effizient hergestellt und preisg\u00fcnstig Lichtdurchl\u00e4ssigkeit ca. [...]<\/p>","protected":false},"featured_media":13561,"template":"","meta":{"_acf_changed":false},"product_brand":[],"product_cat":[32],"product_tag":[620,624,625,587,1715,623],"class_list":{"0":"post-9447","1":"product","2":"type-product","3":"status-publish","4":"has-post-thumbnail","6":"product_cat-buizen-en-staven","7":"product_tag-acrylaat-acrylaat-platen-van-pyrasied","8":"product_tag-acrylaat-buis","9":"product_tag-acrylaat-buizen","10":"product_tag-opaal","11":"product_tag-opaal-buis","12":"product_tag-pmma","14":"first","15":"instock","16":"taxable","17":"shipping-taxable","18":"purchasable","19":"product-type-variable","20":"has-default-attributes"},"acf":[],"yoast_head":"<!-- This site is optimized with the Yoast SEO plugin v26.0 - https:\/\/yoast.com\/wordpress\/plugins\/seo\/ -->\n<title>Acrylaat buis opaal XT | Pyrasied<\/title>\n<meta name=\"description\" content=\"Ontdek Acrylaat buis opaal XT \u2013 melkachtig wit met satijn oppervlak en diffuse lichtverspreiding, perfect voor LED-toepassingen.\" \/>\n<meta name=\"robots\" content=\"index, follow, max-snippet:-1, max-image-preview:large, max-video-preview:-1\" \/>\n<link rel=\"canonical\" href=\"http:\/\/shop.pyrasied.com\/de\/produkt\/acryl-rohre-opal-xt\/\" \/>\n<meta property=\"og:locale\" content=\"de_DE\" \/>\n<meta property=\"og:type\" content=\"article\" \/>\n<meta property=\"og:title\" content=\"Acrylaat buis opaal XT | Pyrasied\" \/>\n<meta property=\"og:description\" content=\"Ontdek Acrylaat buis opaal XT \u2013 melkachtig wit met satijn oppervlak en diffuse lichtverspreiding, perfect voor LED-toepassingen.\" \/>\n<meta property=\"og:url\" content=\"http:\/\/shop.pyrasied.com\/de\/produkt\/acryl-rohre-opal-xt\/\" \/>\n<meta property=\"og:site_name\" content=\"Pyrasied\" \/>\n<meta property=\"article:publisher\" content=\"https:\/\/www.facebook.com\/Pyrasied\/\" \/>\n<meta property=\"article:modified_time\" content=\"2026-03-30T12:10:14+00:00\" \/>\n<meta property=\"og:image\" content=\"https:\/\/shop.pyrasied.com\/wp-content\/uploads\/2025\/07\/Buis-opaal.jpg\" \/>\n\t<meta property=\"og:image:width\" content=\"1295\" \/>\n\t<meta property=\"og:image:height\" content=\"1295\" \/>\n\t<meta property=\"og:image:type\" content=\"image\/jpeg\" \/>\n<meta name=\"twitter:card\" content=\"summary_large_image\" \/>\n<meta name=\"twitter:label1\" content=\"Gesch\u00e4tzte Lesezeit\" \/>\n\t<meta name=\"twitter:data1\" content=\"2\u00a0Minuten\" \/>\n<script type=\"application\/ld+json\" class=\"yoast-schema-graph\">{\"@context\":\"https:\/\/schema.org\",\"@graph\":[{\"@type\":\"WebPage\",\"@id\":\"http:\/\/shop.pyrasied.com\/nl\/product\/acrylaat-buis-opaal-xt\/\",\"url\":\"http:\/\/shop.pyrasied.com\/nl\/product\/acrylaat-buis-opaal-xt\/\",\"name\":\"Acrylaat buis opaal XT | Pyrasied\",\"isPartOf\":{\"@id\":\"https:\/\/shop.pyrasied.com\/de\/#website\"},\"primaryImageOfPage\":{\"@id\":\"http:\/\/shop.pyrasied.com\/nl\/product\/acrylaat-buis-opaal-xt\/#primaryimage\"},\"image\":{\"@id\":\"http:\/\/shop.pyrasied.com\/nl\/product\/acrylaat-buis-opaal-xt\/#primaryimage\"},\"thumbnailUrl\":\"https:\/\/shop.pyrasied.com\/wp-content\/uploads\/2025\/07\/Buis-opaal.jpg\",\"datePublished\":\"2025-07-10T08:32:18+00:00\",\"dateModified\":\"2026-03-30T12:10:14+00:00\",\"description\":\"Ontdek Acrylaat buis opaal XT \u2013 melkachtig wit met satijn oppervlak en diffuse lichtverspreiding, perfect voor LED-toepassingen.\",\"breadcrumb\":{\"@id\":\"http:\/\/shop.pyrasied.com\/nl\/product\/acrylaat-buis-opaal-xt\/#breadcrumb\"},\"inLanguage\":\"de\",\"potentialAction\":[{\"@type\":\"ReadAction\",\"target\":[\"http:\/\/shop.pyrasied.com\/nl\/product\/acrylaat-buis-opaal-xt\/\"]}]},{\"@type\":\"ImageObject\",\"inLanguage\":\"de\",\"@id\":\"http:\/\/shop.pyrasied.com\/nl\/product\/acrylaat-buis-opaal-xt\/#primaryimage\",\"url\":\"https:\/\/shop.pyrasied.com\/wp-content\/uploads\/2025\/07\/Buis-opaal.jpg\",\"contentUrl\":\"https:\/\/shop.pyrasied.com\/wp-content\/uploads\/2025\/07\/Buis-opaal.jpg\",\"width\":1295,\"height\":1295,\"caption\":\"Acrylaat buis opaal XT\"},{\"@type\":\"BreadcrumbList\",\"@id\":\"http:\/\/shop.pyrasied.com\/nl\/product\/acrylaat-buis-opaal-xt\/#breadcrumb\",\"itemListElement\":[{\"@type\":\"ListItem\",\"position\":1,\"name\":\"Home\",\"item\":\"https:\/\/shop.pyrasied.com\/nl\/\"},{\"@type\":\"ListItem\",\"position\":2,\"name\":\"Materialen\",\"item\":\"https:\/\/shop.pyrasied.com\/nl\/materialen\/\"},{\"@type\":\"ListItem\",\"position\":3,\"name\":\"Buizen en staven\",\"item\":\"https:\/\/shop.pyrasied.com\/nl\/materialen\/buizen-en-staven\/\"},{\"@type\":\"ListItem\",\"position\":4,\"name\":\"Acrylaat buis opaal XT\"}]},{\"@type\":\"WebSite\",\"@id\":\"https:\/\/shop.pyrasied.com\/de\/#website\",\"url\":\"https:\/\/shop.pyrasied.com\/de\/\",\"name\":\"Pyrasied\",\"description\":\"Uit liefde voor materiaal\",\"publisher\":{\"@id\":\"https:\/\/shop.pyrasied.com\/de\/#organization\"},\"potentialAction\":[{\"@type\":\"SearchAction\",\"target\":{\"@type\":\"EntryPoint\",\"urlTemplate\":\"https:\/\/shop.pyrasied.com\/de\/?s={search_term_string}\"},\"query-input\":{\"@type\":\"PropertyValueSpecification\",\"valueRequired\":true,\"valueName\":\"search_term_string\"}}],\"inLanguage\":\"de\"},{\"@type\":\"Organization\",\"@id\":\"https:\/\/shop.pyrasied.com\/de\/#organization\",\"name\":\"Pyrasied\",\"url\":\"https:\/\/shop.pyrasied.com\/de\/\",\"logo\":{\"@type\":\"ImageObject\",\"inLanguage\":\"de\",\"@id\":\"https:\/\/shop.pyrasied.com\/de\/#\/schema\/logo\/image\/\",\"url\":\"https:\/\/shop.pyrasied.com\/wp-content\/uploads\/2025\/06\/pyrasied.jpg\",\"contentUrl\":\"https:\/\/shop.pyrasied.com\/wp-content\/uploads\/2025\/06\/pyrasied.jpg\",\"width\":1200,\"height\":630,\"caption\":\"Pyrasied\"},\"image\":{\"@id\":\"https:\/\/shop.pyrasied.com\/de\/#\/schema\/logo\/image\/\"},\"sameAs\":[\"https:\/\/www.facebook.com\/Pyrasied\/\",\"https:\/\/www.instagram.com\/pyrasied\/\"]}]}<\/script>\n<!-- \/ Yoast SEO plugin. -->","yoast_head_json":{"title":"Acrylglasrohr opal XT | Pyrasied","description":"Entdecken Sie Acrylglasrohr opal XT - milchig wei\u00df mit satinierter Oberfl\u00e4che und diffuser Lichtstreuung, perfekt f\u00fcr LED-Anwendungen.","robots":{"index":"index","follow":"follow","max-snippet":"max-snippet:-1","max-image-preview":"max-image-preview:large","max-video-preview":"max-video-preview:-1"},"canonical":"http:\/\/shop.pyrasied.com\/de\/produkt\/acryl-rohre-opal-xt\/","og_locale":"de_DE","og_type":"article","og_title":"Acrylaat buis opaal XT | Pyrasied","og_description":"Ontdek Acrylaat buis opaal XT \u2013 melkachtig wit met satijn oppervlak en diffuse lichtverspreiding, perfect voor LED-toepassingen.","og_url":"http:\/\/shop.pyrasied.com\/de\/produkt\/acryl-rohre-opal-xt\/","og_site_name":"Pyrasied","article_publisher":"https:\/\/www.facebook.com\/Pyrasied\/","article_modified_time":"2026-03-30T12:10:14+00:00","og_image":[{"width":1295,"height":1295,"url":"https:\/\/shop.pyrasied.com\/wp-content\/uploads\/2025\/07\/Buis-opaal.jpg","type":"image\/jpeg"}],"twitter_card":"summary_large_image","twitter_misc":{"Gesch\u00e4tzte Lesezeit":"2\u00a0Minuten"},"schema":{"@context":"https:\/\/schema.org","@graph":[{"@type":"WebPage","@id":"http:\/\/shop.pyrasied.com\/nl\/product\/acrylaat-buis-opaal-xt\/","url":"http:\/\/shop.pyrasied.com\/nl\/product\/acrylaat-buis-opaal-xt\/","name":"Acrylglasrohr opal XT | Pyrasied","isPartOf":{"@id":"https:\/\/shop.pyrasied.com\/de\/#website"},"primaryImageOfPage":{"@id":"http:\/\/shop.pyrasied.com\/nl\/product\/acrylaat-buis-opaal-xt\/#primaryimage"},"image":{"@id":"http:\/\/shop.pyrasied.com\/nl\/product\/acrylaat-buis-opaal-xt\/#primaryimage"},"thumbnailUrl":"https:\/\/shop.pyrasied.com\/wp-content\/uploads\/2025\/07\/Buis-opaal.jpg","datePublished":"2025-07-10T08:32:18+00:00","dateModified":"2026-03-30T12:10:14+00:00","description":"Entdecken Sie Acrylglasrohr opal XT - milchig wei\u00df mit satinierter Oberfl\u00e4che und diffuser Lichtstreuung, perfekt f\u00fcr LED-Anwendungen.","breadcrumb":{"@id":"http:\/\/shop.pyrasied.com\/nl\/product\/acrylaat-buis-opaal-xt\/#breadcrumb"},"inLanguage":"de","potentialAction":[{"@type":"ReadAction","target":["http:\/\/shop.pyrasied.com\/nl\/product\/acrylaat-buis-opaal-xt\/"]}]},{"@type":"ImageObject","inLanguage":"de","@id":"http:\/\/shop.pyrasied.com\/nl\/product\/acrylaat-buis-opaal-xt\/#primaryimage","url":"https:\/\/shop.pyrasied.com\/wp-content\/uploads\/2025\/07\/Buis-opaal.jpg","contentUrl":"https:\/\/shop.pyrasied.com\/wp-content\/uploads\/2025\/07\/Buis-opaal.jpg","width":1295,"height":1295,"caption":"Acrylaat buis opaal XT"},{"@type":"BreadcrumbList","@id":"http:\/\/shop.pyrasied.com\/nl\/product\/acrylaat-buis-opaal-xt\/#breadcrumb","itemListElement":[{"@type":"ListItem","position":1,"name":"Home","item":"https:\/\/shop.pyrasied.com\/nl\/"},{"@type":"ListItem","position":2,"name":"Materialen","item":"https:\/\/shop.pyrasied.com\/nl\/materialen\/"},{"@type":"ListItem","position":3,"name":"Buizen en staven","item":"https:\/\/shop.pyrasied.com\/nl\/materialen\/buizen-en-staven\/"},{"@type":"ListItem","position":4,"name":"Acrylaat buis opaal XT"}]},{"@type":"WebSite","@id":"https:\/\/shop.pyrasied.com\/de\/#website","url":"https:\/\/shop.pyrasied.com\/de\/","name":"Pyrasied","description":"Aus Liebe zum Material","publisher":{"@id":"https:\/\/shop.pyrasied.com\/de\/#organization"},"potentialAction":[{"@type":"SearchAction","target":{"@type":"EntryPoint","urlTemplate":"https:\/\/shop.pyrasied.com\/de\/?s={search_term_string}"},"query-input":{"@type":"PropertyValueSpecification","valueRequired":true,"valueName":"search_term_string"}}],"inLanguage":"de"},{"@type":"Organization","@id":"https:\/\/shop.pyrasied.com\/de\/#organization","name":"Pyrasied","url":"https:\/\/shop.pyrasied.com\/de\/","logo":{"@type":"ImageObject","inLanguage":"de","@id":"https:\/\/shop.pyrasied.com\/de\/#\/schema\/logo\/image\/","url":"https:\/\/shop.pyrasied.com\/wp-content\/uploads\/2025\/06\/pyrasied.jpg","contentUrl":"https:\/\/shop.pyrasied.com\/wp-content\/uploads\/2025\/06\/pyrasied.jpg","width":1200,"height":630,"caption":"Pyrasied"},"image":{"@id":"https:\/\/shop.pyrasied.com\/de\/#\/schema\/logo\/image\/"},"sameAs":["https:\/\/www.facebook.com\/Pyrasied\/","https:\/\/www.instagram.com\/pyrasied\/"]}]}},"_links":{"self":[{"href":"https:\/\/shop.pyrasied.com\/de\/wp-json\/wp\/v2\/product\/9447","targetHints":{"allow":["GET"]}}],"collection":[{"href":"https:\/\/shop.pyrasied.com\/de\/wp-json\/wp\/v2\/product"}],"about":[{"href":"https:\/\/shop.pyrasied.com\/de\/wp-json\/wp\/v2\/types\/product"}],"wp:featuredmedia":[{"embeddable":true,"href":"https:\/\/shop.pyrasied.com\/de\/wp-json\/wp\/v2\/media\/13561"}],"wp:attachment":[{"href":"https:\/\/shop.pyrasied.com\/de\/wp-json\/wp\/v2\/media?parent=9447"}],"wp:term":[{"taxonomy":"product_brand","embeddable":true,"href":"https:\/\/shop.pyrasied.com\/de\/wp-json\/wp\/v2\/product_brand?post=9447"},{"taxonomy":"product_cat","embeddable":true,"href":"https:\/\/shop.pyrasied.com\/de\/wp-json\/wp\/v2\/product_cat?post=9447"},{"taxonomy":"product_tag","embeddable":true,"href":"https:\/\/shop.pyrasied.com\/de\/wp-json\/wp\/v2\/product_tag?post=9447"}],"curies":[{"name":"wp","href":"https:\/\/api.w.org\/{rel}","templated":true}]}}