{"id":9403,"date":"2025-07-10T08:32:08","date_gmt":"2025-07-10T08:32:08","guid":{"rendered":"https:\/\/pyrasiedshop.nl\/product\/pmma-buis-helder-xt\/"},"modified":"2026-03-30T12:10:02","modified_gmt":"2026-03-30T12:10:02","slug":"acryl-rohre-xt-klar","status":"publish","type":"product","link":"https:\/\/shop.pyrasied.com\/de\/produkt\/acryl-rohre-xt-klar\/","title":{"rendered":"Acrylglasrohr klar XT"},"content":{"rendered":"<h2>Acryl (PMMA) Rohr Clear XT<\/h2>\n<p>Acrylglasrohr klar XT ist ein hochwertiges, extrudiertes Acrylglasrohr, das optisch rein, stark und kosteng\u00fcnstig ist. XT steht f\u00fcr extrudiertes PMMA. Diese Art von Rohren ist ideal f\u00fcr die Dekoration, den Innenausbau, den Messebau und technische Anwendungen, wie z. B. Reaktoren. Acrylglas ist auch unter den Markennamen Plexiglas und Perspex bekannt.<\/p>\n<h3>Eigenschaften<\/h3>\n<ul>\n<li><strong>Extrudiertes PMMA:<\/strong> Wirtschaftlich und effizient produziert<\/li>\n<li><strong>Stark und formstabil:<\/strong> geeignet f\u00fcr strukturelle und dekorative Projekte; breite Verwendung in der Industrie<\/li>\n<li><strong>Leicht zu bearbeiten:<\/strong> S\u00e4gen, Fr\u00e4sen, Kleben, Bohren, Polieren, Schleifen und Drucken<\/li>\n<li><strong>Verschiedene Gr\u00f6\u00dfen:<\/strong> Au\u00dfendurchmesser \u00d88 bis \u00d8250 mm, Wandst\u00e4rken 2-5 mm<\/li>\n<li><strong>Verf\u00fcgbare Typen:<\/strong> klar\/transparent, recycelt transparent, opal und satiniert<\/li>\n<\/ul>\n<h3>Lagerbestand und Abmessungen<\/h3>\n<p>Die XT-Rohre sind standardm\u00e4\u00dfig in Au\u00dfendurchmessern von \u00d88 bis \u00d8250 mm und verschiedenen Wandst\u00e4rken erh\u00e4ltlich. Pyrasied liefert auch runde und quadratische Acrylst\u00e4be. Siehe <a href=\"https:\/\/shop.pyrasied.com\/de\/materialien\/rohre-und-stangen\/\">hier<\/a> das gesamte Spektrum.<\/p>\n<h3>Anwendungen<\/h3>\n<ul>\n<li><strong>M\u00f6bel und Innenarchitektur:<\/strong> Tische, Lampen und dekorative Elemente<\/li>\n<li><strong>Display und Standbau<\/strong><\/li>\n<li><strong>Technische Anlagen:<\/strong> Reaktoren, Fl\u00fcssigkeitsbeh\u00e4lter und Maschinenteile<\/li>\n<li><strong>Dekorative Objekte und Kunstprojekte<\/strong><\/li>\n<li><strong>Beleuchtungsk\u00f6rper<\/strong><\/li>\n<\/ul>\n<p>F\u00fcr Anwendungen, die eine maximale optische Reinheit erfordern, bietet das Pyrasied au\u00dferdem <a href=\"https:\/\/shop.pyrasied.com\/de\/produkt\/acryl-rohre\/\">Acrylglasrohr klar GS<\/a> zu.<\/p>\n<h3>Verarbeitungsm\u00f6glichkeiten<\/h3>\n<ul>\n<li>S\u00e4gen und Fr\u00e4sen<\/li>\n<li>Bindung<\/li>\n<li>Bohren und Polieren<\/li>\n<li>Schleifen und Drucken<\/li>\n<\/ul>\n<p>Dank des extrudierten Herstellungsverfahrens behalten die Rohre bei der Bearbeitung ihre Form. Pyrasied bearbeitet seit mehr als 35 Jahren Acrylglas f\u00fcr Anwendungen in <strong>Architektur, Einzelhandel, Beleuchtung und High-Tech-Industrie<\/strong>. Weitere Informationen zu den Ma\u00dfnahmen finden Sie auf der Website <a href=\"https:\/\/pyrasied.com\/de\/leistungen\/\"><strong>Dienstleistungsseite<\/strong><\/a>.<\/p>","protected":false},"excerpt":{"rendered":"<p>Acrylrohr (PMMA) Clear XT Das Acrylrohr Clear XT ist ein hochwertiges, extrudiertes Acrylrohr, das optisch rein, stark und kosteng\u00fcnstig ist. XT steht f\u00fcr extrudiertes PMMA. Dieser Rohrtyp ist ideal f\u00fcr die Dekoration, den Innenausbau, den Messebau und technische Anwendungen, wie z. B. Reaktoren. Acrylglas ist auch unter den Markennamen Plexiglas und Perspex bekannt. Eigenschaften Extrudiertes PMMA: wirtschaftlich [...]<\/p>","protected":false},"featured_media":13936,"template":"","meta":{"_acf_changed":false},"product_brand":[],"product_cat":[32],"product_tag":[624,625,585,581,621,622,623,630,1708],"class_list":{"0":"post-9403","1":"product","2":"type-product","3":"status-publish","4":"has-post-thumbnail","6":"product_cat-buizen-en-staven","7":"product_tag-acrylaat-buis","8":"product_tag-acrylaat-buizen","9":"product_tag-buis","10":"product_tag-helder","11":"product_tag-perspex","12":"product_tag-plexiglas","13":"product_tag-pmma","14":"product_tag-transparante-buis","15":"product_tag-xt-buis","17":"first","18":"instock","19":"taxable","20":"shipping-taxable","21":"purchasable","22":"product-type-variable"},"acf":[],"yoast_head":"<!-- This site is optimized with the Yoast SEO plugin v26.0 - https:\/\/yoast.com\/wordpress\/plugins\/seo\/ -->\n<title>Acrylaat buis XT | Pyrasied<\/title>\n<meta name=\"description\" content=\"Ontdek acrylaat (PMMA) buis helder XT \u2013 sterk, optisch zuiver en eenvoudig te bewerken. Perfect voor decoratie en techniek.\" \/>\n<meta name=\"robots\" content=\"index, follow, max-snippet:-1, max-image-preview:large, max-video-preview:-1\" \/>\n<link rel=\"canonical\" href=\"http:\/\/shop.pyrasied.com\/de\/produkt\/acryl-rohre-xt-klar\/\" \/>\n<meta property=\"og:locale\" content=\"de_DE\" \/>\n<meta property=\"og:type\" content=\"article\" \/>\n<meta property=\"og:title\" content=\"Acrylaat buis XT | Pyrasied\" \/>\n<meta property=\"og:description\" content=\"Ontdek acrylaat (PMMA) buis helder XT \u2013 sterk, optisch zuiver en eenvoudig te bewerken. Perfect voor decoratie en techniek.\" \/>\n<meta property=\"og:url\" content=\"http:\/\/shop.pyrasied.com\/de\/produkt\/acryl-rohre-xt-klar\/\" \/>\n<meta property=\"og:site_name\" content=\"Pyrasied\" \/>\n<meta property=\"article:publisher\" content=\"https:\/\/www.facebook.com\/Pyrasied\/\" \/>\n<meta property=\"article:modified_time\" content=\"2026-03-30T12:10:02+00:00\" \/>\n<meta property=\"og:image\" content=\"https:\/\/shop.pyrasied.com\/wp-content\/uploads\/2025\/07\/P56300-2.jpg\" \/>\n\t<meta property=\"og:image:width\" content=\"1000\" \/>\n\t<meta property=\"og:image:height\" content=\"1000\" \/>\n\t<meta property=\"og:image:type\" content=\"image\/jpeg\" \/>\n<meta name=\"twitter:card\" content=\"summary_large_image\" \/>\n<meta name=\"twitter:label1\" content=\"Gesch\u00e4tzte Lesezeit\" \/>\n\t<meta name=\"twitter:data1\" content=\"2\u00a0Minuten\" \/>\n<script type=\"application\/ld+json\" class=\"yoast-schema-graph\">{\"@context\":\"https:\/\/schema.org\",\"@graph\":[{\"@type\":\"WebPage\",\"@id\":\"http:\/\/shop.pyrasied.com\/nl\/product\/acrylaat-buis-xt-helder\/\",\"url\":\"http:\/\/shop.pyrasied.com\/nl\/product\/acrylaat-buis-xt-helder\/\",\"name\":\"Acrylaat buis XT | Pyrasied\",\"isPartOf\":{\"@id\":\"https:\/\/shop.pyrasied.com\/de\/#website\"},\"primaryImageOfPage\":{\"@id\":\"http:\/\/shop.pyrasied.com\/nl\/product\/acrylaat-buis-xt-helder\/#primaryimage\"},\"image\":{\"@id\":\"http:\/\/shop.pyrasied.com\/nl\/product\/acrylaat-buis-xt-helder\/#primaryimage\"},\"thumbnailUrl\":\"https:\/\/shop.pyrasied.com\/wp-content\/uploads\/2025\/07\/P56300-2.jpg\",\"datePublished\":\"2025-07-10T08:32:08+00:00\",\"dateModified\":\"2026-03-30T12:10:02+00:00\",\"description\":\"Ontdek acrylaat (PMMA) buis helder XT \u2013 sterk, optisch zuiver en eenvoudig te bewerken. Perfect voor decoratie en techniek.\",\"breadcrumb\":{\"@id\":\"http:\/\/shop.pyrasied.com\/nl\/product\/acrylaat-buis-xt-helder\/#breadcrumb\"},\"inLanguage\":\"de\",\"potentialAction\":[{\"@type\":\"ReadAction\",\"target\":[\"http:\/\/shop.pyrasied.com\/nl\/product\/acrylaat-buis-xt-helder\/\"]}]},{\"@type\":\"ImageObject\",\"inLanguage\":\"de\",\"@id\":\"http:\/\/shop.pyrasied.com\/nl\/product\/acrylaat-buis-xt-helder\/#primaryimage\",\"url\":\"https:\/\/shop.pyrasied.com\/wp-content\/uploads\/2025\/07\/P56300-2.jpg\",\"contentUrl\":\"https:\/\/shop.pyrasied.com\/wp-content\/uploads\/2025\/07\/P56300-2.jpg\",\"width\":1000,\"height\":1000,\"caption\":\"Acrylaat buis helder XT\"},{\"@type\":\"BreadcrumbList\",\"@id\":\"http:\/\/shop.pyrasied.com\/nl\/product\/acrylaat-buis-xt-helder\/#breadcrumb\",\"itemListElement\":[{\"@type\":\"ListItem\",\"position\":1,\"name\":\"Home\",\"item\":\"https:\/\/shop.pyrasied.com\/nl\/\"},{\"@type\":\"ListItem\",\"position\":2,\"name\":\"Materialen\",\"item\":\"https:\/\/shop.pyrasied.com\/nl\/materialen\/\"},{\"@type\":\"ListItem\",\"position\":3,\"name\":\"Buizen en staven\",\"item\":\"https:\/\/shop.pyrasied.com\/nl\/materialen\/buizen-en-staven\/\"},{\"@type\":\"ListItem\",\"position\":4,\"name\":\"Acrylaat buis helder XT\"}]},{\"@type\":\"WebSite\",\"@id\":\"https:\/\/shop.pyrasied.com\/de\/#website\",\"url\":\"https:\/\/shop.pyrasied.com\/de\/\",\"name\":\"Pyrasied\",\"description\":\"Uit liefde voor materiaal\",\"publisher\":{\"@id\":\"https:\/\/shop.pyrasied.com\/de\/#organization\"},\"potentialAction\":[{\"@type\":\"SearchAction\",\"target\":{\"@type\":\"EntryPoint\",\"urlTemplate\":\"https:\/\/shop.pyrasied.com\/de\/?s={search_term_string}\"},\"query-input\":{\"@type\":\"PropertyValueSpecification\",\"valueRequired\":true,\"valueName\":\"search_term_string\"}}],\"inLanguage\":\"de\"},{\"@type\":\"Organization\",\"@id\":\"https:\/\/shop.pyrasied.com\/de\/#organization\",\"name\":\"Pyrasied\",\"url\":\"https:\/\/shop.pyrasied.com\/de\/\",\"logo\":{\"@type\":\"ImageObject\",\"inLanguage\":\"de\",\"@id\":\"https:\/\/shop.pyrasied.com\/de\/#\/schema\/logo\/image\/\",\"url\":\"https:\/\/shop.pyrasied.com\/wp-content\/uploads\/2025\/06\/pyrasied.jpg\",\"contentUrl\":\"https:\/\/shop.pyrasied.com\/wp-content\/uploads\/2025\/06\/pyrasied.jpg\",\"width\":1200,\"height\":630,\"caption\":\"Pyrasied\"},\"image\":{\"@id\":\"https:\/\/shop.pyrasied.com\/de\/#\/schema\/logo\/image\/\"},\"sameAs\":[\"https:\/\/www.facebook.com\/Pyrasied\/\",\"https:\/\/www.instagram.com\/pyrasied\/\"]}]}<\/script>\n<!-- \/ Yoast SEO plugin. -->","yoast_head_json":{"title":"Acrylglasrohr XT | Pyrasied","description":"Entdecken Sie Acrylglas (PMMA) Tube clear XT - stark, optisch rein und leicht zu verarbeiten. Perfekt f\u00fcr Dekoration und Technik.","robots":{"index":"index","follow":"follow","max-snippet":"max-snippet:-1","max-image-preview":"max-image-preview:large","max-video-preview":"max-video-preview:-1"},"canonical":"http:\/\/shop.pyrasied.com\/de\/produkt\/acryl-rohre-xt-klar\/","og_locale":"de_DE","og_type":"article","og_title":"Acrylaat buis XT | Pyrasied","og_description":"Ontdek acrylaat (PMMA) buis helder XT \u2013 sterk, optisch zuiver en eenvoudig te bewerken. Perfect voor decoratie en techniek.","og_url":"http:\/\/shop.pyrasied.com\/de\/produkt\/acryl-rohre-xt-klar\/","og_site_name":"Pyrasied","article_publisher":"https:\/\/www.facebook.com\/Pyrasied\/","article_modified_time":"2026-03-30T12:10:02+00:00","og_image":[{"width":1000,"height":1000,"url":"https:\/\/shop.pyrasied.com\/wp-content\/uploads\/2025\/07\/P56300-2.jpg","type":"image\/jpeg"}],"twitter_card":"summary_large_image","twitter_misc":{"Gesch\u00e4tzte Lesezeit":"2\u00a0Minuten"},"schema":{"@context":"https:\/\/schema.org","@graph":[{"@type":"WebPage","@id":"http:\/\/shop.pyrasied.com\/nl\/product\/acrylaat-buis-xt-helder\/","url":"http:\/\/shop.pyrasied.com\/nl\/product\/acrylaat-buis-xt-helder\/","name":"Acrylglasrohr XT | Pyrasied","isPartOf":{"@id":"https:\/\/shop.pyrasied.com\/de\/#website"},"primaryImageOfPage":{"@id":"http:\/\/shop.pyrasied.com\/nl\/product\/acrylaat-buis-xt-helder\/#primaryimage"},"image":{"@id":"http:\/\/shop.pyrasied.com\/nl\/product\/acrylaat-buis-xt-helder\/#primaryimage"},"thumbnailUrl":"https:\/\/shop.pyrasied.com\/wp-content\/uploads\/2025\/07\/P56300-2.jpg","datePublished":"2025-07-10T08:32:08+00:00","dateModified":"2026-03-30T12:10:02+00:00","description":"Entdecken Sie Acrylglas (PMMA) Tube clear XT - stark, optisch rein und leicht zu verarbeiten. Perfekt f\u00fcr Dekoration und Technik.","breadcrumb":{"@id":"http:\/\/shop.pyrasied.com\/nl\/product\/acrylaat-buis-xt-helder\/#breadcrumb"},"inLanguage":"de","potentialAction":[{"@type":"ReadAction","target":["http:\/\/shop.pyrasied.com\/nl\/product\/acrylaat-buis-xt-helder\/"]}]},{"@type":"ImageObject","inLanguage":"de","@id":"http:\/\/shop.pyrasied.com\/nl\/product\/acrylaat-buis-xt-helder\/#primaryimage","url":"https:\/\/shop.pyrasied.com\/wp-content\/uploads\/2025\/07\/P56300-2.jpg","contentUrl":"https:\/\/shop.pyrasied.com\/wp-content\/uploads\/2025\/07\/P56300-2.jpg","width":1000,"height":1000,"caption":"Acrylaat buis helder XT"},{"@type":"BreadcrumbList","@id":"http:\/\/shop.pyrasied.com\/nl\/product\/acrylaat-buis-xt-helder\/#breadcrumb","itemListElement":[{"@type":"ListItem","position":1,"name":"Home","item":"https:\/\/shop.pyrasied.com\/nl\/"},{"@type":"ListItem","position":2,"name":"Materialen","item":"https:\/\/shop.pyrasied.com\/nl\/materialen\/"},{"@type":"ListItem","position":3,"name":"Buizen en staven","item":"https:\/\/shop.pyrasied.com\/nl\/materialen\/buizen-en-staven\/"},{"@type":"ListItem","position":4,"name":"Acrylaat buis helder XT"}]},{"@type":"WebSite","@id":"https:\/\/shop.pyrasied.com\/de\/#website","url":"https:\/\/shop.pyrasied.com\/de\/","name":"Pyrasied","description":"Aus Liebe zum Material","publisher":{"@id":"https:\/\/shop.pyrasied.com\/de\/#organization"},"potentialAction":[{"@type":"SearchAction","target":{"@type":"EntryPoint","urlTemplate":"https:\/\/shop.pyrasied.com\/de\/?s={search_term_string}"},"query-input":{"@type":"PropertyValueSpecification","valueRequired":true,"valueName":"search_term_string"}}],"inLanguage":"de"},{"@type":"Organization","@id":"https:\/\/shop.pyrasied.com\/de\/#organization","name":"Pyrasied","url":"https:\/\/shop.pyrasied.com\/de\/","logo":{"@type":"ImageObject","inLanguage":"de","@id":"https:\/\/shop.pyrasied.com\/de\/#\/schema\/logo\/image\/","url":"https:\/\/shop.pyrasied.com\/wp-content\/uploads\/2025\/06\/pyrasied.jpg","contentUrl":"https:\/\/shop.pyrasied.com\/wp-content\/uploads\/2025\/06\/pyrasied.jpg","width":1200,"height":630,"caption":"Pyrasied"},"image":{"@id":"https:\/\/shop.pyrasied.com\/de\/#\/schema\/logo\/image\/"},"sameAs":["https:\/\/www.facebook.com\/Pyrasied\/","https:\/\/www.instagram.com\/pyrasied\/"]}]}},"_links":{"self":[{"href":"https:\/\/shop.pyrasied.com\/de\/wp-json\/wp\/v2\/product\/9403","targetHints":{"allow":["GET"]}}],"collection":[{"href":"https:\/\/shop.pyrasied.com\/de\/wp-json\/wp\/v2\/product"}],"about":[{"href":"https:\/\/shop.pyrasied.com\/de\/wp-json\/wp\/v2\/types\/product"}],"wp:featuredmedia":[{"embeddable":true,"href":"https:\/\/shop.pyrasied.com\/de\/wp-json\/wp\/v2\/media\/13936"}],"wp:attachment":[{"href":"https:\/\/shop.pyrasied.com\/de\/wp-json\/wp\/v2\/media?parent=9403"}],"wp:term":[{"taxonomy":"product_brand","embeddable":true,"href":"https:\/\/shop.pyrasied.com\/de\/wp-json\/wp\/v2\/product_brand?post=9403"},{"taxonomy":"product_cat","embeddable":true,"href":"https:\/\/shop.pyrasied.com\/de\/wp-json\/wp\/v2\/product_cat?post=9403"},{"taxonomy":"product_tag","embeddable":true,"href":"https:\/\/shop.pyrasied.com\/de\/wp-json\/wp\/v2\/product_tag?post=9403"}],"curies":[{"name":"wp","href":"https:\/\/api.w.org\/{rel}","templated":true}]}}