{"id":9393,"date":"2025-07-10T08:32:08","date_gmt":"2025-07-10T08:32:08","guid":{"rendered":"https:\/\/pyrasiedshop.nl\/product\/pmma-vierkantstaf-helder-gs\/"},"modified":"2026-03-30T12:09:50","modified_gmt":"2026-03-30T12:09:50","slug":"acryl-vierkantstab-klar-gs","status":"publish","type":"product","link":"https:\/\/shop.pyrasied.com\/de\/produkt\/acryl-vierkantstab-klar-gs\/","title":{"rendered":"Acryl-Vierkantstab klar GS"},"content":{"rendered":"<h2>Acryl-Vierkantstab klar GS (gegossenes PMMA)<\/h2>\n<p>Pyrasied verf\u00fcgt \u00fcber den gr\u00f6\u00dften Vorrat an Acrylrohren, Rundst\u00e4ben und Vierkantst\u00e4ben in den Benelux-L\u00e4ndern. Der Acryl-Vierkantstab klar GS ist aus gegossenem PMMA, optisch rein, formstabil und stark. Dank seiner hohen Helligkeit und Lichtleitung wird dieser Plexiglasstab h\u00e4ufig in der Beleuchtungsindustrie verwendet. Gegossene St\u00e4be haben eine sehr geringe Dickentoleranz, ideal f\u00fcr Projekte, bei denen Pr\u00e4zision und optische Qualit\u00e4t wichtig sind.<\/p>\n<h3>Lagerbestand und Abmessungen<\/h3>\n<p>Die transparenten Vierkantst\u00e4be GS sind in St\u00e4rken von 10\u00d710 mm bis 100\u00d7100 mm und einer maximalen L\u00e4nge von 2000 mm erh\u00e4ltlich. Sonderanfertigungen sind bereits ab 100 mm m\u00f6glich.<\/p>\n<ul>\n<li>Acryl-Rundst\u00e4be<\/li>\n<li>Rohre aus Acryl und Polycarbonat<\/li>\n<li>Bl\u00f6cke in verschiedenen Dicken und Durchmessern<\/li>\n<\/ul>\n<h3>Eigenschaften<\/h3>\n<ul>\n<li><strong>Optische Reinheit:<\/strong> extrem klares Plexiglas, das das Licht hervorragend leitet<\/li>\n<li><strong>Formbest\u00e4ndig und stark:<\/strong> geeignet f\u00fcr dekorative und technische Anwendungen<\/li>\n<li><strong>Geringe Dickentoleranz:<\/strong> pr\u00e4zise kalibriert f\u00fcr pr\u00e4zise Projekte<\/li>\n<li><strong>Langlebig und zuverl\u00e4ssig:<\/strong> Geformtes PMMA mit gleichbleibender Qualit\u00e4t<\/li>\n<\/ul>\n<h3>Anwendungen<\/h3>\n<ul>\n<li><strong>Beleuchtungsindustrie:<\/strong> Lichtlenkung, Lampen und Leuchten<\/li>\n<li><strong>M\u00f6bel- und Innenarchitekturprojekte:<\/strong> Dekorelemente<\/li>\n<li><strong>Display und Standbau:<\/strong> Ausstellungsr\u00e4ume, Messen und Ausstellungen<\/li>\n<li><strong>Kreative Projekte und Kunstinstallationen:<\/strong> Skulpturen und Lichtobjekte<\/li>\n<\/ul>\n<h3>Verarbeitungsm\u00f6glichkeiten<\/h3>\n<ul>\n<li>S\u00e4gen und Fr\u00e4sen<\/li>\n<li>Hei\u00dfbiegen<\/li>\n<li>Bindung<\/li>\n<li>Bohren und Polieren<\/li>\n<li>Schleifen<\/li>\n<\/ul>\n<p>Dank der Gussqualit\u00e4t bleiben die Toleranzen minimal, ideal f\u00fcr pr\u00e4zise und leistungsstarke Anwendungen. Pyrasied bearbeitet seit mehr als 35 Jahren Acrylglas f\u00fcr die Architektur-, Einzelhandels-, Beleuchtungs- und High-Tech-Industrie. Weitere Informationen zur Bearbeitung finden Sie auf der Website <a href=\"https:\/\/pyrasied.com\/de\/leistungen\/\">Dienstleistungsseite<\/a>.<\/p>\n<h3>Markennamen von Acrylglas<\/h3>\n<p>Bekannte Markennamen sind Astariglas und Versato. Pyrasied bietet hochwertige gegossene PMMA-Alternativen mit denselben optischen und mechanischen Eigenschaften.<\/p>\n<h3>Alternative<\/h3>\n<p>F\u00fcr eine kosteneffiziente L\u00f6sung k\u00f6nnen Sie auch Folgendes in Betracht ziehen <a href=\"https:\/\/shop.pyrasied.com\/de\/produkt\/acryl-vierkantleiste-xt\/\">Acryl-Vierkantleiste XT<\/a>.<\/p>","protected":false},"excerpt":{"rendered":"<p>Acryl-Vierkantstab klar GS (gegossenes PMMA) Pyrasied verf\u00fcgt \u00fcber den gr\u00f6\u00dften Vorrat an Acrylrohren, Rundst\u00e4ben und Vierkantst\u00e4ben in den Beneluxl\u00e4ndern. Der Acryl-Vierkantstab klar GS ist gegossenes PMMA, optisch rein, formstabil und stark. Dank seiner hohen Helligkeit und Lichtleitung wird dieser Plexiglasstab h\u00e4ufig in der Beleuchtungsindustrie verwendet. Gegossene St\u00e4be haben eine sehr geringe Dickentoleranz, ideal [...]<\/p>","protected":false},"featured_media":13502,"template":"","meta":{"_acf_changed":false},"product_brand":[],"product_cat":[32],"product_tag":[638,1710,581,621,639,640,623,637,1709,641],"class_list":{"0":"post-9393","1":"product","2":"type-product","3":"status-publish","4":"has-post-thumbnail","6":"product_cat-buizen-en-staven","7":"product_tag-acrylaat-staf","8":"product_tag-gegoten-staf","9":"product_tag-helder","10":"product_tag-perspex","11":"product_tag-perspex-staf","12":"product_tag-plexiglas-staf","13":"product_tag-pmma","14":"product_tag-staf","15":"product_tag-transparant","16":"product_tag-vierkantstaf","18":"first","19":"instock","20":"taxable","21":"shipping-taxable","22":"purchasable","23":"product-type-variable"},"acf":[],"yoast_head":"<!-- This site is optimized with the Yoast SEO plugin v26.0 - https:\/\/yoast.com\/wordpress\/plugins\/seo\/ -->\n<title>Acrylaat vierkantstaf helder GS | Pyrasied<\/title>\n<meta name=\"description\" content=\"Ontdek Acrylaat vierkantstaf helder GS \u2013 optisch zuiver, stijf en sterk, ideaal voor verlichting en decoratieve toepassingen.\" \/>\n<meta name=\"robots\" content=\"index, follow, max-snippet:-1, max-image-preview:large, max-video-preview:-1\" \/>\n<link rel=\"canonical\" href=\"http:\/\/shop.pyrasied.com\/de\/produkt\/acryl-vierkantstab-klar-gs\/\" \/>\n<meta property=\"og:locale\" content=\"de_DE\" \/>\n<meta property=\"og:type\" content=\"article\" \/>\n<meta property=\"og:title\" content=\"Acrylaat vierkantstaf helder GS | Pyrasied\" \/>\n<meta property=\"og:description\" content=\"Ontdek Acrylaat vierkantstaf helder GS \u2013 optisch zuiver, stijf en sterk, ideaal voor verlichting en decoratieve toepassingen.\" \/>\n<meta property=\"og:url\" content=\"http:\/\/shop.pyrasied.com\/de\/produkt\/acryl-vierkantstab-klar-gs\/\" \/>\n<meta property=\"og:site_name\" content=\"Pyrasied\" \/>\n<meta property=\"article:publisher\" content=\"https:\/\/www.facebook.com\/Pyrasied\/\" \/>\n<meta property=\"article:modified_time\" content=\"2026-03-30T12:09:50+00:00\" \/>\n<meta property=\"og:image\" content=\"https:\/\/shop.pyrasied.com\/wp-content\/uploads\/2025\/07\/P56800-1.jpg\" \/>\n\t<meta property=\"og:image:width\" content=\"1000\" \/>\n\t<meta property=\"og:image:height\" content=\"1000\" \/>\n\t<meta property=\"og:image:type\" content=\"image\/jpeg\" \/>\n<meta name=\"twitter:card\" content=\"summary_large_image\" \/>\n<meta name=\"twitter:label1\" content=\"Gesch\u00e4tzte Lesezeit\" \/>\n\t<meta name=\"twitter:data1\" content=\"2\u00a0Minuten\" \/>\n<script type=\"application\/ld+json\" class=\"yoast-schema-graph\">{\"@context\":\"https:\/\/schema.org\",\"@graph\":[{\"@type\":\"WebPage\",\"@id\":\"http:\/\/shop.pyrasied.com\/nl\/product\/acrylaat-vierkantstaf-helder-gs\/\",\"url\":\"http:\/\/shop.pyrasied.com\/nl\/product\/acrylaat-vierkantstaf-helder-gs\/\",\"name\":\"Acrylaat vierkantstaf helder GS | Pyrasied\",\"isPartOf\":{\"@id\":\"https:\/\/shop.pyrasied.com\/de\/#website\"},\"primaryImageOfPage\":{\"@id\":\"http:\/\/shop.pyrasied.com\/nl\/product\/acrylaat-vierkantstaf-helder-gs\/#primaryimage\"},\"image\":{\"@id\":\"http:\/\/shop.pyrasied.com\/nl\/product\/acrylaat-vierkantstaf-helder-gs\/#primaryimage\"},\"thumbnailUrl\":\"https:\/\/shop.pyrasied.com\/wp-content\/uploads\/2025\/07\/P56800-1.jpg\",\"datePublished\":\"2025-07-10T08:32:08+00:00\",\"dateModified\":\"2026-03-30T12:09:50+00:00\",\"description\":\"Ontdek Acrylaat vierkantstaf helder GS \u2013 optisch zuiver, stijf en sterk, ideaal voor verlichting en decoratieve toepassingen.\",\"breadcrumb\":{\"@id\":\"http:\/\/shop.pyrasied.com\/nl\/product\/acrylaat-vierkantstaf-helder-gs\/#breadcrumb\"},\"inLanguage\":\"de\",\"potentialAction\":[{\"@type\":\"ReadAction\",\"target\":[\"http:\/\/shop.pyrasied.com\/nl\/product\/acrylaat-vierkantstaf-helder-gs\/\"]}]},{\"@type\":\"ImageObject\",\"inLanguage\":\"de\",\"@id\":\"http:\/\/shop.pyrasied.com\/nl\/product\/acrylaat-vierkantstaf-helder-gs\/#primaryimage\",\"url\":\"https:\/\/shop.pyrasied.com\/wp-content\/uploads\/2025\/07\/P56800-1.jpg\",\"contentUrl\":\"https:\/\/shop.pyrasied.com\/wp-content\/uploads\/2025\/07\/P56800-1.jpg\",\"width\":1000,\"height\":1000,\"caption\":\"Acrylaat vierkantstaf helder GS\"},{\"@type\":\"BreadcrumbList\",\"@id\":\"http:\/\/shop.pyrasied.com\/nl\/product\/acrylaat-vierkantstaf-helder-gs\/#breadcrumb\",\"itemListElement\":[{\"@type\":\"ListItem\",\"position\":1,\"name\":\"Home\",\"item\":\"https:\/\/shop.pyrasied.com\/nl\/\"},{\"@type\":\"ListItem\",\"position\":2,\"name\":\"Materialen\",\"item\":\"https:\/\/shop.pyrasied.com\/nl\/materialen\/\"},{\"@type\":\"ListItem\",\"position\":3,\"name\":\"Buizen en staven\",\"item\":\"https:\/\/shop.pyrasied.com\/nl\/materialen\/buizen-en-staven\/\"},{\"@type\":\"ListItem\",\"position\":4,\"name\":\"Acrylaat vierkantstaf helder GS\"}]},{\"@type\":\"WebSite\",\"@id\":\"https:\/\/shop.pyrasied.com\/de\/#website\",\"url\":\"https:\/\/shop.pyrasied.com\/de\/\",\"name\":\"Pyrasied\",\"description\":\"Uit liefde voor materiaal\",\"publisher\":{\"@id\":\"https:\/\/shop.pyrasied.com\/de\/#organization\"},\"potentialAction\":[{\"@type\":\"SearchAction\",\"target\":{\"@type\":\"EntryPoint\",\"urlTemplate\":\"https:\/\/shop.pyrasied.com\/de\/?s={search_term_string}\"},\"query-input\":{\"@type\":\"PropertyValueSpecification\",\"valueRequired\":true,\"valueName\":\"search_term_string\"}}],\"inLanguage\":\"de\"},{\"@type\":\"Organization\",\"@id\":\"https:\/\/shop.pyrasied.com\/de\/#organization\",\"name\":\"Pyrasied\",\"url\":\"https:\/\/shop.pyrasied.com\/de\/\",\"logo\":{\"@type\":\"ImageObject\",\"inLanguage\":\"de\",\"@id\":\"https:\/\/shop.pyrasied.com\/de\/#\/schema\/logo\/image\/\",\"url\":\"https:\/\/shop.pyrasied.com\/wp-content\/uploads\/2025\/06\/pyrasied.jpg\",\"contentUrl\":\"https:\/\/shop.pyrasied.com\/wp-content\/uploads\/2025\/06\/pyrasied.jpg\",\"width\":1200,\"height\":630,\"caption\":\"Pyrasied\"},\"image\":{\"@id\":\"https:\/\/shop.pyrasied.com\/de\/#\/schema\/logo\/image\/\"},\"sameAs\":[\"https:\/\/www.facebook.com\/Pyrasied\/\",\"https:\/\/www.instagram.com\/pyrasied\/\"]}]}<\/script>\n<!-- \/ Yoast SEO plugin. -->","yoast_head_json":{"title":"Acryl-Vierkantleiste klar GS | Pyrasied","description":"Entdecken Sie den Acryl-Vierkantstab klar GS - optisch rein, steif und stark, ideal f\u00fcr Beleuchtung und dekorative Anwendungen.","robots":{"index":"index","follow":"follow","max-snippet":"max-snippet:-1","max-image-preview":"max-image-preview:large","max-video-preview":"max-video-preview:-1"},"canonical":"http:\/\/shop.pyrasied.com\/de\/produkt\/acryl-vierkantstab-klar-gs\/","og_locale":"de_DE","og_type":"article","og_title":"Acrylaat vierkantstaf helder GS | Pyrasied","og_description":"Ontdek Acrylaat vierkantstaf helder GS \u2013 optisch zuiver, stijf en sterk, ideaal voor verlichting en decoratieve toepassingen.","og_url":"http:\/\/shop.pyrasied.com\/de\/produkt\/acryl-vierkantstab-klar-gs\/","og_site_name":"Pyrasied","article_publisher":"https:\/\/www.facebook.com\/Pyrasied\/","article_modified_time":"2026-03-30T12:09:50+00:00","og_image":[{"width":1000,"height":1000,"url":"https:\/\/shop.pyrasied.com\/wp-content\/uploads\/2025\/07\/P56800-1.jpg","type":"image\/jpeg"}],"twitter_card":"summary_large_image","twitter_misc":{"Gesch\u00e4tzte Lesezeit":"2\u00a0Minuten"},"schema":{"@context":"https:\/\/schema.org","@graph":[{"@type":"WebPage","@id":"http:\/\/shop.pyrasied.com\/nl\/product\/acrylaat-vierkantstaf-helder-gs\/","url":"http:\/\/shop.pyrasied.com\/nl\/product\/acrylaat-vierkantstaf-helder-gs\/","name":"Acryl-Vierkantleiste klar GS | Pyrasied","isPartOf":{"@id":"https:\/\/shop.pyrasied.com\/de\/#website"},"primaryImageOfPage":{"@id":"http:\/\/shop.pyrasied.com\/nl\/product\/acrylaat-vierkantstaf-helder-gs\/#primaryimage"},"image":{"@id":"http:\/\/shop.pyrasied.com\/nl\/product\/acrylaat-vierkantstaf-helder-gs\/#primaryimage"},"thumbnailUrl":"https:\/\/shop.pyrasied.com\/wp-content\/uploads\/2025\/07\/P56800-1.jpg","datePublished":"2025-07-10T08:32:08+00:00","dateModified":"2026-03-30T12:09:50+00:00","description":"Entdecken Sie den Acryl-Vierkantstab klar GS - optisch rein, steif und stark, ideal f\u00fcr Beleuchtung und dekorative Anwendungen.","breadcrumb":{"@id":"http:\/\/shop.pyrasied.com\/nl\/product\/acrylaat-vierkantstaf-helder-gs\/#breadcrumb"},"inLanguage":"de","potentialAction":[{"@type":"ReadAction","target":["http:\/\/shop.pyrasied.com\/nl\/product\/acrylaat-vierkantstaf-helder-gs\/"]}]},{"@type":"ImageObject","inLanguage":"de","@id":"http:\/\/shop.pyrasied.com\/nl\/product\/acrylaat-vierkantstaf-helder-gs\/#primaryimage","url":"https:\/\/shop.pyrasied.com\/wp-content\/uploads\/2025\/07\/P56800-1.jpg","contentUrl":"https:\/\/shop.pyrasied.com\/wp-content\/uploads\/2025\/07\/P56800-1.jpg","width":1000,"height":1000,"caption":"Acrylaat vierkantstaf helder GS"},{"@type":"BreadcrumbList","@id":"http:\/\/shop.pyrasied.com\/nl\/product\/acrylaat-vierkantstaf-helder-gs\/#breadcrumb","itemListElement":[{"@type":"ListItem","position":1,"name":"Home","item":"https:\/\/shop.pyrasied.com\/nl\/"},{"@type":"ListItem","position":2,"name":"Materialen","item":"https:\/\/shop.pyrasied.com\/nl\/materialen\/"},{"@type":"ListItem","position":3,"name":"Buizen en staven","item":"https:\/\/shop.pyrasied.com\/nl\/materialen\/buizen-en-staven\/"},{"@type":"ListItem","position":4,"name":"Acrylaat vierkantstaf helder GS"}]},{"@type":"WebSite","@id":"https:\/\/shop.pyrasied.com\/de\/#website","url":"https:\/\/shop.pyrasied.com\/de\/","name":"Pyrasied","description":"Aus Liebe zum Material","publisher":{"@id":"https:\/\/shop.pyrasied.com\/de\/#organization"},"potentialAction":[{"@type":"SearchAction","target":{"@type":"EntryPoint","urlTemplate":"https:\/\/shop.pyrasied.com\/de\/?s={search_term_string}"},"query-input":{"@type":"PropertyValueSpecification","valueRequired":true,"valueName":"search_term_string"}}],"inLanguage":"de"},{"@type":"Organization","@id":"https:\/\/shop.pyrasied.com\/de\/#organization","name":"Pyrasied","url":"https:\/\/shop.pyrasied.com\/de\/","logo":{"@type":"ImageObject","inLanguage":"de","@id":"https:\/\/shop.pyrasied.com\/de\/#\/schema\/logo\/image\/","url":"https:\/\/shop.pyrasied.com\/wp-content\/uploads\/2025\/06\/pyrasied.jpg","contentUrl":"https:\/\/shop.pyrasied.com\/wp-content\/uploads\/2025\/06\/pyrasied.jpg","width":1200,"height":630,"caption":"Pyrasied"},"image":{"@id":"https:\/\/shop.pyrasied.com\/de\/#\/schema\/logo\/image\/"},"sameAs":["https:\/\/www.facebook.com\/Pyrasied\/","https:\/\/www.instagram.com\/pyrasied\/"]}]}},"_links":{"self":[{"href":"https:\/\/shop.pyrasied.com\/de\/wp-json\/wp\/v2\/product\/9393","targetHints":{"allow":["GET"]}}],"collection":[{"href":"https:\/\/shop.pyrasied.com\/de\/wp-json\/wp\/v2\/product"}],"about":[{"href":"https:\/\/shop.pyrasied.com\/de\/wp-json\/wp\/v2\/types\/product"}],"wp:featuredmedia":[{"embeddable":true,"href":"https:\/\/shop.pyrasied.com\/de\/wp-json\/wp\/v2\/media\/13502"}],"wp:attachment":[{"href":"https:\/\/shop.pyrasied.com\/de\/wp-json\/wp\/v2\/media?parent=9393"}],"wp:term":[{"taxonomy":"product_brand","embeddable":true,"href":"https:\/\/shop.pyrasied.com\/de\/wp-json\/wp\/v2\/product_brand?post=9393"},{"taxonomy":"product_cat","embeddable":true,"href":"https:\/\/shop.pyrasied.com\/de\/wp-json\/wp\/v2\/product_cat?post=9393"},{"taxonomy":"product_tag","embeddable":true,"href":"https:\/\/shop.pyrasied.com\/de\/wp-json\/wp\/v2\/product_tag?post=9393"}],"curies":[{"name":"wp","href":"https:\/\/api.w.org\/{rel}","templated":true}]}}