{"id":9374,"date":"2025-07-10T08:32:00","date_gmt":"2025-07-10T08:32:00","guid":{"rendered":"https:\/\/pyrasiedshop.nl\/product\/pmma-rondstaf-helder-gs\/"},"modified":"2026-03-30T12:09:50","modified_gmt":"2026-03-30T12:09:50","slug":"acryl-rundstab-klar-gs","status":"publish","type":"product","link":"https:\/\/shop.pyrasied.com\/de\/produkt\/acryl-rundstab-klar-gs\/","title":{"rendered":"Acryl-Rundstab klar GS"},"content":{"rendered":"<h2>Acryl-Rundstab klar GS (gegossenes PMMA)<\/h2>\n<p>Die <strong>Acryl-Rundstab klar GS<\/strong> wird aus gegossenem Acryl (PMMA) hergestellt und ist f\u00fcr seine au\u00dfergew\u00f6hnliche optische Reinheit und Stabilit\u00e4t bekannt. Diese St\u00e4be sind stark, steif und leicht zu bearbeiten, wodurch sie sich f\u00fcr dekorative und technische Anwendungen eignen. Gegossene St\u00e4be sind optisch reiner und spannungsfreier als extrudierte (XT) St\u00e4be, ideal f\u00fcr optische und lichttechnische Anwendungen.<\/p>\n<h3>Eigenschaften<\/h3>\n<ul>\n<li><strong>Gegossenes PMMA:<\/strong> spannungsfrei und optisch reiner als XT<\/li>\n<li><strong>Au\u00dfergew\u00f6hnliche Klarheit:<\/strong> Lichtdurchl\u00e4ssigkeit bis zu ca. 92%, vergleichbar mit Glas<\/li>\n<li><strong>Stark und steif:<\/strong> langlebig und formstabil<\/li>\n<li><strong>Geeignet f\u00fcr optische Anwendungen:<\/strong> ideal f\u00fcr Beleuchtung und Design<\/li>\n<li><strong>Leicht zu bearbeiten:<\/strong> S\u00e4gen, Fr\u00e4sen, Hei\u00dfbiegen, Kleben, Bohren, Polieren, Schleifen und Beschriften<\/li>\n<\/ul>\n<h3>Lagerbestand und Abmessungen<\/h3>\n<p>Die <strong>Acryl-Rundstab klar GS<\/strong> ist in Durchmessern von \u00d85 mm bis \u00d8200 mm erh\u00e4ltlich. Als g\u00fcnstigere Alternative k\u00f6nnen Sie die <a href=\"https:\/\/shop.pyrasied.com\/de\/produkt\/acryl-rundstab-klar\/\">Acryl-Rundstab klar XT<\/a> Ansicht.<\/p>\n<h3>Anwendungen<\/h3>\n<ul>\n<li><strong>Beleuchtungsindustrie:<\/strong> LED-Leuchten und Lichtleiter<\/li>\n<li><strong>Displays und Pr\u00e4sentationssysteme<\/strong><\/li>\n<li><strong>M\u00f6bel und Innenarchitektur<\/strong><\/li>\n<li><strong>Maschinenteile und technische Anlagen<\/strong><\/li>\n<li><strong>Kunstobjekte und Designprojekte<\/strong><\/li>\n<li><strong>Modelle und architektonische Anwendungen<\/strong><\/li>\n<\/ul>\n<h3>Verarbeitungsm\u00f6glichkeiten<\/h3>\n<ul>\n<li>S\u00e4gen und Fr\u00e4sen<\/li>\n<li>Hei\u00dfbiegen<\/li>\n<li>Bindung<\/li>\n<li>Bohren und Polieren<\/li>\n<li>Schleifen und Beschriften<\/li>\n<\/ul>\n<p>Die spannungsfreie Gussqualit\u00e4t macht diese St\u00e4be ideal f\u00fcr Pr\u00e4zisionsarbeiten und High-End-Anwendungen. Pyrasied bearbeitet seit mehr als 35 Jahren Acrylglas f\u00fcr die Architektur-, Einzelhandels-, Beleuchtungs- und High-Tech-Industrie. Weitere Informationen zur Bearbeitung finden Sie auf der Website <a href=\"https:\/\/pyrasied.com\/de\/leistungen\/\">Dienstleistungsseite<\/a>.<\/p>","protected":false},"excerpt":{"rendered":"<p>Acryl-Rundstab klar GS (gegossenes PMMA) Der Acryl-Rundstab klar GS wird aus gegossenem Acryl (PMMA) hergestellt und ist f\u00fcr seine au\u00dfergew\u00f6hnliche optische Reinheit und Stabilit\u00e4t bekannt. Diese St\u00e4be sind stark, steif und leicht zu bearbeiten, wodurch sie sich f\u00fcr dekorative und technische Anwendungen eignen. Gegossene St\u00e4be sind optisch reiner und spannungsfreier als extrudierte (XT) [...]<\/p>","protected":false},"featured_media":13503,"template":"","meta":{"_acf_changed":false},"product_brand":[],"product_cat":[32],"product_tag":[638,581,639,640,591],"class_list":{"0":"post-9374","1":"product","2":"type-product","3":"status-publish","4":"has-post-thumbnail","6":"product_cat-buizen-en-staven","7":"product_tag-acrylaat-staf","8":"product_tag-helder","9":"product_tag-perspex-staf","10":"product_tag-plexiglas-staf","11":"product_tag-rondstaf","13":"first","14":"instock","15":"taxable","16":"shipping-taxable","17":"purchasable","18":"product-type-variable"},"acf":[],"yoast_head":"<!-- This site is optimized with the Yoast SEO plugin v26.0 - https:\/\/yoast.com\/wordpress\/plugins\/seo\/ -->\n<title>Acrylaat rondstaf helder GS | Pyrasied<\/title>\n<meta name=\"description\" content=\"Ontdek Acrylaat rondstaf helder GS - optisch zuiver, stijf en sterk. Perfect voor optische toepassingen en eenvoudig bewerkbaar.\" \/>\n<meta name=\"robots\" content=\"index, follow, max-snippet:-1, max-image-preview:large, max-video-preview:-1\" \/>\n<link rel=\"canonical\" href=\"http:\/\/shop.pyrasied.com\/de\/produkt\/acryl-rundstab-klar-gs\/\" \/>\n<meta property=\"og:locale\" content=\"de_DE\" \/>\n<meta property=\"og:type\" content=\"article\" \/>\n<meta property=\"og:title\" content=\"Acrylaat rondstaf helder GS | Pyrasied\" \/>\n<meta property=\"og:description\" content=\"Ontdek Acrylaat rondstaf helder GS - optisch zuiver, stijf en sterk. Perfect voor optische toepassingen en eenvoudig bewerkbaar.\" \/>\n<meta property=\"og:url\" content=\"http:\/\/shop.pyrasied.com\/de\/produkt\/acryl-rundstab-klar-gs\/\" \/>\n<meta property=\"og:site_name\" content=\"Pyrasied\" \/>\n<meta property=\"article:publisher\" content=\"https:\/\/www.facebook.com\/Pyrasied\/\" \/>\n<meta property=\"article:modified_time\" content=\"2026-03-30T12:09:50+00:00\" \/>\n<meta property=\"og:image\" content=\"https:\/\/shop.pyrasied.com\/wp-content\/uploads\/2025\/07\/P56700-1.jpg\" \/>\n\t<meta property=\"og:image:width\" content=\"1000\" \/>\n\t<meta property=\"og:image:height\" content=\"1000\" \/>\n\t<meta property=\"og:image:type\" content=\"image\/jpeg\" \/>\n<meta name=\"twitter:card\" content=\"summary_large_image\" \/>\n<meta name=\"twitter:label1\" content=\"Gesch\u00e4tzte Lesezeit\" \/>\n\t<meta name=\"twitter:data1\" content=\"2\u00a0Minuten\" \/>\n<script type=\"application\/ld+json\" class=\"yoast-schema-graph\">{\"@context\":\"https:\/\/schema.org\",\"@graph\":[{\"@type\":\"WebPage\",\"@id\":\"http:\/\/shop.pyrasied.com\/nl\/product\/acrylaat-rondstaf-helder-gs\/\",\"url\":\"http:\/\/shop.pyrasied.com\/nl\/product\/acrylaat-rondstaf-helder-gs\/\",\"name\":\"Acrylaat rondstaf helder GS | Pyrasied\",\"isPartOf\":{\"@id\":\"https:\/\/shop.pyrasied.com\/de\/#website\"},\"primaryImageOfPage\":{\"@id\":\"http:\/\/shop.pyrasied.com\/nl\/product\/acrylaat-rondstaf-helder-gs\/#primaryimage\"},\"image\":{\"@id\":\"http:\/\/shop.pyrasied.com\/nl\/product\/acrylaat-rondstaf-helder-gs\/#primaryimage\"},\"thumbnailUrl\":\"https:\/\/shop.pyrasied.com\/wp-content\/uploads\/2025\/07\/P56700-1.jpg\",\"datePublished\":\"2025-07-10T08:32:00+00:00\",\"dateModified\":\"2026-03-30T12:09:50+00:00\",\"description\":\"Ontdek Acrylaat rondstaf helder GS - optisch zuiver, stijf en sterk. Perfect voor optische toepassingen en eenvoudig bewerkbaar.\",\"breadcrumb\":{\"@id\":\"http:\/\/shop.pyrasied.com\/nl\/product\/acrylaat-rondstaf-helder-gs\/#breadcrumb\"},\"inLanguage\":\"de\",\"potentialAction\":[{\"@type\":\"ReadAction\",\"target\":[\"http:\/\/shop.pyrasied.com\/nl\/product\/acrylaat-rondstaf-helder-gs\/\"]}]},{\"@type\":\"ImageObject\",\"inLanguage\":\"de\",\"@id\":\"http:\/\/shop.pyrasied.com\/nl\/product\/acrylaat-rondstaf-helder-gs\/#primaryimage\",\"url\":\"https:\/\/shop.pyrasied.com\/wp-content\/uploads\/2025\/07\/P56700-1.jpg\",\"contentUrl\":\"https:\/\/shop.pyrasied.com\/wp-content\/uploads\/2025\/07\/P56700-1.jpg\",\"width\":1000,\"height\":1000,\"caption\":\"Gegoten (GS) acrylaat rondstaf helder\"},{\"@type\":\"BreadcrumbList\",\"@id\":\"http:\/\/shop.pyrasied.com\/nl\/product\/acrylaat-rondstaf-helder-gs\/#breadcrumb\",\"itemListElement\":[{\"@type\":\"ListItem\",\"position\":1,\"name\":\"Home\",\"item\":\"https:\/\/shop.pyrasied.com\/nl\/\"},{\"@type\":\"ListItem\",\"position\":2,\"name\":\"Materialen\",\"item\":\"https:\/\/shop.pyrasied.com\/nl\/materialen\/\"},{\"@type\":\"ListItem\",\"position\":3,\"name\":\"Buizen en staven\",\"item\":\"https:\/\/shop.pyrasied.com\/nl\/materialen\/buizen-en-staven\/\"},{\"@type\":\"ListItem\",\"position\":4,\"name\":\"Acrylaat rondstaf helder GS\"}]},{\"@type\":\"WebSite\",\"@id\":\"https:\/\/shop.pyrasied.com\/de\/#website\",\"url\":\"https:\/\/shop.pyrasied.com\/de\/\",\"name\":\"Pyrasied\",\"description\":\"Uit liefde voor materiaal\",\"publisher\":{\"@id\":\"https:\/\/shop.pyrasied.com\/de\/#organization\"},\"potentialAction\":[{\"@type\":\"SearchAction\",\"target\":{\"@type\":\"EntryPoint\",\"urlTemplate\":\"https:\/\/shop.pyrasied.com\/de\/?s={search_term_string}\"},\"query-input\":{\"@type\":\"PropertyValueSpecification\",\"valueRequired\":true,\"valueName\":\"search_term_string\"}}],\"inLanguage\":\"de\"},{\"@type\":\"Organization\",\"@id\":\"https:\/\/shop.pyrasied.com\/de\/#organization\",\"name\":\"Pyrasied\",\"url\":\"https:\/\/shop.pyrasied.com\/de\/\",\"logo\":{\"@type\":\"ImageObject\",\"inLanguage\":\"de\",\"@id\":\"https:\/\/shop.pyrasied.com\/de\/#\/schema\/logo\/image\/\",\"url\":\"https:\/\/shop.pyrasied.com\/wp-content\/uploads\/2025\/06\/pyrasied.jpg\",\"contentUrl\":\"https:\/\/shop.pyrasied.com\/wp-content\/uploads\/2025\/06\/pyrasied.jpg\",\"width\":1200,\"height\":630,\"caption\":\"Pyrasied\"},\"image\":{\"@id\":\"https:\/\/shop.pyrasied.com\/de\/#\/schema\/logo\/image\/\"},\"sameAs\":[\"https:\/\/www.facebook.com\/Pyrasied\/\",\"https:\/\/www.instagram.com\/pyrasied\/\"]}]}<\/script>\n<!-- \/ Yoast SEO plugin. -->","yoast_head_json":{"title":"Acryl-Rundstab klar GS | Pyrasied","description":"Entdecken Sie Acryl-Rundst\u00e4be klar GS - optisch rein, steif und stark. Perfekt f\u00fcr optische Anwendungen und leicht bearbeitbar.","robots":{"index":"index","follow":"follow","max-snippet":"max-snippet:-1","max-image-preview":"max-image-preview:large","max-video-preview":"max-video-preview:-1"},"canonical":"http:\/\/shop.pyrasied.com\/de\/produkt\/acryl-rundstab-klar-gs\/","og_locale":"de_DE","og_type":"article","og_title":"Acrylaat rondstaf helder GS | Pyrasied","og_description":"Ontdek Acrylaat rondstaf helder GS - optisch zuiver, stijf en sterk. Perfect voor optische toepassingen en eenvoudig bewerkbaar.","og_url":"http:\/\/shop.pyrasied.com\/de\/produkt\/acryl-rundstab-klar-gs\/","og_site_name":"Pyrasied","article_publisher":"https:\/\/www.facebook.com\/Pyrasied\/","article_modified_time":"2026-03-30T12:09:50+00:00","og_image":[{"width":1000,"height":1000,"url":"https:\/\/shop.pyrasied.com\/wp-content\/uploads\/2025\/07\/P56700-1.jpg","type":"image\/jpeg"}],"twitter_card":"summary_large_image","twitter_misc":{"Gesch\u00e4tzte Lesezeit":"2\u00a0Minuten"},"schema":{"@context":"https:\/\/schema.org","@graph":[{"@type":"WebPage","@id":"http:\/\/shop.pyrasied.com\/nl\/product\/acrylaat-rondstaf-helder-gs\/","url":"http:\/\/shop.pyrasied.com\/nl\/product\/acrylaat-rondstaf-helder-gs\/","name":"Acryl-Rundstab klar GS | Pyrasied","isPartOf":{"@id":"https:\/\/shop.pyrasied.com\/de\/#website"},"primaryImageOfPage":{"@id":"http:\/\/shop.pyrasied.com\/nl\/product\/acrylaat-rondstaf-helder-gs\/#primaryimage"},"image":{"@id":"http:\/\/shop.pyrasied.com\/nl\/product\/acrylaat-rondstaf-helder-gs\/#primaryimage"},"thumbnailUrl":"https:\/\/shop.pyrasied.com\/wp-content\/uploads\/2025\/07\/P56700-1.jpg","datePublished":"2025-07-10T08:32:00+00:00","dateModified":"2026-03-30T12:09:50+00:00","description":"Entdecken Sie Acryl-Rundst\u00e4be klar GS - optisch rein, steif und stark. Perfekt f\u00fcr optische Anwendungen und leicht bearbeitbar.","breadcrumb":{"@id":"http:\/\/shop.pyrasied.com\/nl\/product\/acrylaat-rondstaf-helder-gs\/#breadcrumb"},"inLanguage":"de","potentialAction":[{"@type":"ReadAction","target":["http:\/\/shop.pyrasied.com\/nl\/product\/acrylaat-rondstaf-helder-gs\/"]}]},{"@type":"ImageObject","inLanguage":"de","@id":"http:\/\/shop.pyrasied.com\/nl\/product\/acrylaat-rondstaf-helder-gs\/#primaryimage","url":"https:\/\/shop.pyrasied.com\/wp-content\/uploads\/2025\/07\/P56700-1.jpg","contentUrl":"https:\/\/shop.pyrasied.com\/wp-content\/uploads\/2025\/07\/P56700-1.jpg","width":1000,"height":1000,"caption":"Gegoten (GS) acrylaat rondstaf helder"},{"@type":"BreadcrumbList","@id":"http:\/\/shop.pyrasied.com\/nl\/product\/acrylaat-rondstaf-helder-gs\/#breadcrumb","itemListElement":[{"@type":"ListItem","position":1,"name":"Home","item":"https:\/\/shop.pyrasied.com\/nl\/"},{"@type":"ListItem","position":2,"name":"Materialen","item":"https:\/\/shop.pyrasied.com\/nl\/materialen\/"},{"@type":"ListItem","position":3,"name":"Buizen en staven","item":"https:\/\/shop.pyrasied.com\/nl\/materialen\/buizen-en-staven\/"},{"@type":"ListItem","position":4,"name":"Acrylaat rondstaf helder GS"}]},{"@type":"WebSite","@id":"https:\/\/shop.pyrasied.com\/de\/#website","url":"https:\/\/shop.pyrasied.com\/de\/","name":"Pyrasied","description":"Aus Liebe zum Material","publisher":{"@id":"https:\/\/shop.pyrasied.com\/de\/#organization"},"potentialAction":[{"@type":"SearchAction","target":{"@type":"EntryPoint","urlTemplate":"https:\/\/shop.pyrasied.com\/de\/?s={search_term_string}"},"query-input":{"@type":"PropertyValueSpecification","valueRequired":true,"valueName":"search_term_string"}}],"inLanguage":"de"},{"@type":"Organization","@id":"https:\/\/shop.pyrasied.com\/de\/#organization","name":"Pyrasied","url":"https:\/\/shop.pyrasied.com\/de\/","logo":{"@type":"ImageObject","inLanguage":"de","@id":"https:\/\/shop.pyrasied.com\/de\/#\/schema\/logo\/image\/","url":"https:\/\/shop.pyrasied.com\/wp-content\/uploads\/2025\/06\/pyrasied.jpg","contentUrl":"https:\/\/shop.pyrasied.com\/wp-content\/uploads\/2025\/06\/pyrasied.jpg","width":1200,"height":630,"caption":"Pyrasied"},"image":{"@id":"https:\/\/shop.pyrasied.com\/de\/#\/schema\/logo\/image\/"},"sameAs":["https:\/\/www.facebook.com\/Pyrasied\/","https:\/\/www.instagram.com\/pyrasied\/"]}]}},"_links":{"self":[{"href":"https:\/\/shop.pyrasied.com\/de\/wp-json\/wp\/v2\/product\/9374","targetHints":{"allow":["GET"]}}],"collection":[{"href":"https:\/\/shop.pyrasied.com\/de\/wp-json\/wp\/v2\/product"}],"about":[{"href":"https:\/\/shop.pyrasied.com\/de\/wp-json\/wp\/v2\/types\/product"}],"wp:featuredmedia":[{"embeddable":true,"href":"https:\/\/shop.pyrasied.com\/de\/wp-json\/wp\/v2\/media\/13503"}],"wp:attachment":[{"href":"https:\/\/shop.pyrasied.com\/de\/wp-json\/wp\/v2\/media?parent=9374"}],"wp:term":[{"taxonomy":"product_brand","embeddable":true,"href":"https:\/\/shop.pyrasied.com\/de\/wp-json\/wp\/v2\/product_brand?post=9374"},{"taxonomy":"product_cat","embeddable":true,"href":"https:\/\/shop.pyrasied.com\/de\/wp-json\/wp\/v2\/product_cat?post=9374"},{"taxonomy":"product_tag","embeddable":true,"href":"https:\/\/shop.pyrasied.com\/de\/wp-json\/wp\/v2\/product_tag?post=9374"}],"curies":[{"name":"wp","href":"https:\/\/api.w.org\/{rel}","templated":true}]}}