{"id":9362,"date":"2025-07-10T08:31:54","date_gmt":"2025-07-10T08:31:54","guid":{"rendered":"https:\/\/pyrasiedshop.nl\/product\/pmma-buis-opaal-gs\/"},"modified":"2026-03-30T12:09:39","modified_gmt":"2026-03-30T12:09:39","slug":"gegossenes-acrylrohr-opal","status":"publish","type":"product","link":"https:\/\/shop.pyrasied.com\/de\/produkt\/gegossenes-acrylrohr-opal\/","title":{"rendered":"Acrylglasrohr opal GS"},"content":{"rendered":"<h2>Acrylglasrohr Opal GS<\/h2>\n<p>Die <strong>Gegossenes Acryl (PMMA) Rohr opal<\/strong> ist ein hochwertiges Rohr mit einem eleganten milchig-wei\u00dfen Aussehen und einer glatten, gl\u00e4nzenden Oberfl\u00e4che. Dank des gegossenen Produktionsverfahrens (GS) ist dieses Rohr optisch sauber, spannungsfrei und leicht zu verarbeiten. Pyrasied verf\u00fcgt \u00fcber den gr\u00f6\u00dften Vorrat an Acrylglasrohren in den Beneluxl\u00e4ndern, darunter auch diese Opalrohre in verschiedenen Durchmessern und Wandst\u00e4rken.<\/p>\n<h3>Eigenschaften<\/h3>\n<ul>\n<li><strong>Gegossenes PMMA:<\/strong> Optisch rein und spannungsfrei<\/li>\n<li><strong>Stark und formstabil:<\/strong> geeignet f\u00fcr dekorative und funktionelle Anwendungen<\/li>\n<li><strong>Lichtdurchl\u00e4ssigkeit:<\/strong> ca. 30% f\u00fcr weiche, gleichm\u00e4\u00dfige Lichtverteilung<\/li>\n<li><strong>Leicht zu bearbeiten:<\/strong> S\u00e4gen, Fr\u00e4sen, Kleben, Bohren, Polieren, Schleifen und Drucken<\/li>\n<li><strong>Verschiedene Gr\u00f6\u00dfen verf\u00fcgbar:<\/strong> mehrere Durchmesser und Wandst\u00e4rken<\/li>\n<li><strong>Verf\u00fcgbare Typen:<\/strong> klar\/transparent, recycelt transparent, opal und satiniert<\/li>\n<\/ul>\n<h3>Anwendungen<\/h3>\n<ul>\n<li>Dekorative Leuchten und Lampen<\/li>\n<li>M\u00f6bel und Innenarchitektur<\/li>\n<li>Display und Standbau<\/li>\n<li>Kunstprojekte und Wohnaccessoires<\/li>\n<li>Funktionelle Anwendungen in technischen Anlagen<\/li>\n<\/ul>\n<h3>Lagerbestand und Bestellm\u00f6glichkeiten<\/h3>\n<p>Opal GS-Rohre sind in verschiedenen Durchmessern und Wandst\u00e4rken erh\u00e4ltlich. F\u00fcr kleinere Durchmesser oder kosteng\u00fcnstigere Alternativen gibt es auch die <a href=\"https:\/\/shop.pyrasied.com\/de\/produkt\/acryl-rohre-opal-xt\/\"><strong>Acrylglasrohr opal XT<\/strong><\/a>die stranggepresste Variante von Pyrasied.<\/p>\n<h3>Personalisierung und Beratung<\/h3>\n<p>Pyrasied kann gegossene Acrylrohre auf Ma\u00df schneiden und bearbeiten. Unsere Kunststoffspezialisten helfen Ihnen gerne bei der richtigen Auswahl und Bearbeitung.<\/p>\n<h3>T\u00e4tigkeiten bei Pyrasied<\/h3>\n<p>Pyrasied bearbeitet seit \u00fcber 35 Jahren Acrylglas f\u00fcr Anwendungen in der Architektur, im Einzelhandel, in der Beleuchtungsindustrie und in der High-Tech-Branche. Ausf\u00fchrliche Informationen \u00fcber die verf\u00fcgbaren Bearbeitungen und F\u00e4higkeiten finden Sie auf der Website <a href=\"https:\/\/pyrasied.com\/de\/leistungen\/\">Dienstleistungsseite<\/a>.<\/p>","protected":false},"excerpt":{"rendered":"<p>Acrylrohr Opal GS Das gegossene Acrylrohr (PMMA) Opal ist ein hochwertiges Rohr mit elegantem, milchig-wei\u00dfem Aussehen und glatter, gl\u00e4nzender Oberfl\u00e4che. Dank des gegossenen Herstellungsverfahrens (GS) ist dieses Rohr optisch sauber, spannungsfrei und leicht zu verarbeiten. Pyrasied verf\u00fcgt \u00fcber den gr\u00f6\u00dften Vorrat an Acrylglasrohren in den Benelux-L\u00e4ndern, darunter diese Opalrohre in verschiedenen Durchmessern [...].<\/p>","protected":false},"featured_media":13062,"template":"","meta":{"_acf_changed":false},"product_brand":[],"product_cat":[32],"product_tag":[624,585,587,1715,621,622,628,623],"class_list":{"0":"post-9362","1":"product","2":"type-product","3":"status-publish","4":"has-post-thumbnail","6":"product_cat-buizen-en-staven","7":"product_tag-acrylaat-buis","8":"product_tag-buis","9":"product_tag-opaal","10":"product_tag-opaal-buis","11":"product_tag-perspex","12":"product_tag-plexiglas","13":"product_tag-plexiglas-buis","14":"product_tag-pmma","16":"first","17":"instock","18":"taxable","19":"shipping-taxable","20":"purchasable","21":"product-type-variable"},"acf":[],"yoast_head":"<!-- This site is optimized with the Yoast SEO plugin v26.0 - https:\/\/yoast.com\/wordpress\/plugins\/seo\/ -->\n<title>Gegoten acrylaat buis opaal | Pyrasied<\/title>\n<meta name=\"description\" content=\"Ontdek gegoten acrylaat buis opaal \u2013 elegante melkwitte uitstraling met 30% lichtdoorlatendheid, ideaal voor zachte lichtverspreiding.\" \/>\n<meta name=\"robots\" content=\"index, follow, max-snippet:-1, max-image-preview:large, max-video-preview:-1\" \/>\n<link rel=\"canonical\" href=\"http:\/\/shop.pyrasied.com\/de\/produkt\/gegossenes-acrylrohr-opal\/\" \/>\n<meta property=\"og:locale\" content=\"de_DE\" \/>\n<meta property=\"og:type\" content=\"article\" \/>\n<meta property=\"og:title\" content=\"Gegoten acrylaat buis opaal | Pyrasied\" \/>\n<meta property=\"og:description\" content=\"Ontdek gegoten acrylaat buis opaal \u2013 elegante melkwitte uitstraling met 30% lichtdoorlatendheid, ideaal voor zachte lichtverspreiding.\" \/>\n<meta property=\"og:url\" content=\"http:\/\/shop.pyrasied.com\/de\/produkt\/gegossenes-acrylrohr-opal\/\" \/>\n<meta property=\"og:site_name\" content=\"Pyrasied\" \/>\n<meta property=\"article:publisher\" content=\"https:\/\/www.facebook.com\/Pyrasied\/\" \/>\n<meta property=\"article:modified_time\" content=\"2026-03-30T12:09:39+00:00\" \/>\n<meta property=\"og:image\" content=\"https:\/\/shop.pyrasied.com\/wp-content\/uploads\/2025\/07\/buisgsopaal.jpg\" \/>\n\t<meta property=\"og:image:width\" content=\"1000\" \/>\n\t<meta property=\"og:image:height\" content=\"1000\" \/>\n\t<meta property=\"og:image:type\" content=\"image\/jpeg\" \/>\n<meta name=\"twitter:card\" content=\"summary_large_image\" \/>\n<meta name=\"twitter:label1\" content=\"Gesch\u00e4tzte Lesezeit\" \/>\n\t<meta name=\"twitter:data1\" content=\"2\u00a0Minuten\" \/>\n<script type=\"application\/ld+json\" class=\"yoast-schema-graph\">{\"@context\":\"https:\/\/schema.org\",\"@graph\":[{\"@type\":\"WebPage\",\"@id\":\"http:\/\/shop.pyrasied.com\/nl\/product\/gegoten-acrylaat-buis-opaal\/\",\"url\":\"http:\/\/shop.pyrasied.com\/nl\/product\/gegoten-acrylaat-buis-opaal\/\",\"name\":\"Gegoten acrylaat buis opaal | Pyrasied\",\"isPartOf\":{\"@id\":\"https:\/\/shop.pyrasied.com\/de\/#website\"},\"primaryImageOfPage\":{\"@id\":\"http:\/\/shop.pyrasied.com\/nl\/product\/gegoten-acrylaat-buis-opaal\/#primaryimage\"},\"image\":{\"@id\":\"http:\/\/shop.pyrasied.com\/nl\/product\/gegoten-acrylaat-buis-opaal\/#primaryimage\"},\"thumbnailUrl\":\"https:\/\/shop.pyrasied.com\/wp-content\/uploads\/2025\/07\/buisgsopaal.jpg\",\"datePublished\":\"2025-07-10T08:31:54+00:00\",\"dateModified\":\"2026-03-30T12:09:39+00:00\",\"description\":\"Ontdek gegoten acrylaat buis opaal \u2013 elegante melkwitte uitstraling met 30% lichtdoorlatendheid, ideaal voor zachte lichtverspreiding.\",\"breadcrumb\":{\"@id\":\"http:\/\/shop.pyrasied.com\/nl\/product\/gegoten-acrylaat-buis-opaal\/#breadcrumb\"},\"inLanguage\":\"de\",\"potentialAction\":[{\"@type\":\"ReadAction\",\"target\":[\"http:\/\/shop.pyrasied.com\/nl\/product\/gegoten-acrylaat-buis-opaal\/\"]}]},{\"@type\":\"ImageObject\",\"inLanguage\":\"de\",\"@id\":\"http:\/\/shop.pyrasied.com\/nl\/product\/gegoten-acrylaat-buis-opaal\/#primaryimage\",\"url\":\"https:\/\/shop.pyrasied.com\/wp-content\/uploads\/2025\/07\/buisgsopaal.jpg\",\"contentUrl\":\"https:\/\/shop.pyrasied.com\/wp-content\/uploads\/2025\/07\/buisgsopaal.jpg\",\"width\":1000,\"height\":1000,\"caption\":\"Gegoten (GS) acrylaat buis opaal\"},{\"@type\":\"BreadcrumbList\",\"@id\":\"http:\/\/shop.pyrasied.com\/nl\/product\/gegoten-acrylaat-buis-opaal\/#breadcrumb\",\"itemListElement\":[{\"@type\":\"ListItem\",\"position\":1,\"name\":\"Home\",\"item\":\"https:\/\/shop.pyrasied.com\/nl\/\"},{\"@type\":\"ListItem\",\"position\":2,\"name\":\"Materialen\",\"item\":\"https:\/\/shop.pyrasied.com\/nl\/materialen\/\"},{\"@type\":\"ListItem\",\"position\":3,\"name\":\"Buizen en staven\",\"item\":\"https:\/\/shop.pyrasied.com\/nl\/materialen\/buizen-en-staven\/\"},{\"@type\":\"ListItem\",\"position\":4,\"name\":\"Acrylaat buis opaal GS\"}]},{\"@type\":\"WebSite\",\"@id\":\"https:\/\/shop.pyrasied.com\/de\/#website\",\"url\":\"https:\/\/shop.pyrasied.com\/de\/\",\"name\":\"Pyrasied\",\"description\":\"Uit liefde voor materiaal\",\"publisher\":{\"@id\":\"https:\/\/shop.pyrasied.com\/de\/#organization\"},\"potentialAction\":[{\"@type\":\"SearchAction\",\"target\":{\"@type\":\"EntryPoint\",\"urlTemplate\":\"https:\/\/shop.pyrasied.com\/de\/?s={search_term_string}\"},\"query-input\":{\"@type\":\"PropertyValueSpecification\",\"valueRequired\":true,\"valueName\":\"search_term_string\"}}],\"inLanguage\":\"de\"},{\"@type\":\"Organization\",\"@id\":\"https:\/\/shop.pyrasied.com\/de\/#organization\",\"name\":\"Pyrasied\",\"url\":\"https:\/\/shop.pyrasied.com\/de\/\",\"logo\":{\"@type\":\"ImageObject\",\"inLanguage\":\"de\",\"@id\":\"https:\/\/shop.pyrasied.com\/de\/#\/schema\/logo\/image\/\",\"url\":\"https:\/\/shop.pyrasied.com\/wp-content\/uploads\/2025\/06\/pyrasied.jpg\",\"contentUrl\":\"https:\/\/shop.pyrasied.com\/wp-content\/uploads\/2025\/06\/pyrasied.jpg\",\"width\":1200,\"height\":630,\"caption\":\"Pyrasied\"},\"image\":{\"@id\":\"https:\/\/shop.pyrasied.com\/de\/#\/schema\/logo\/image\/\"},\"sameAs\":[\"https:\/\/www.facebook.com\/Pyrasied\/\",\"https:\/\/www.instagram.com\/pyrasied\/\"]}]}<\/script>\n<!-- \/ Yoast SEO plugin. -->","yoast_head_json":{"title":"Gegossenes Acrylrohr opal | Pyrasied","description":"Entdecken Sie die gegossene Acrylglasr\u00f6hre opal - elegantes milchig-wei\u00dfes Aussehen mit 30% Lichtdurchl\u00e4ssigkeit, ideal f\u00fcr weiche Lichtstreuung.","robots":{"index":"index","follow":"follow","max-snippet":"max-snippet:-1","max-image-preview":"max-image-preview:large","max-video-preview":"max-video-preview:-1"},"canonical":"http:\/\/shop.pyrasied.com\/de\/produkt\/gegossenes-acrylrohr-opal\/","og_locale":"de_DE","og_type":"article","og_title":"Gegoten acrylaat buis opaal | Pyrasied","og_description":"Ontdek gegoten acrylaat buis opaal \u2013 elegante melkwitte uitstraling met 30% lichtdoorlatendheid, ideaal voor zachte lichtverspreiding.","og_url":"http:\/\/shop.pyrasied.com\/de\/produkt\/gegossenes-acrylrohr-opal\/","og_site_name":"Pyrasied","article_publisher":"https:\/\/www.facebook.com\/Pyrasied\/","article_modified_time":"2026-03-30T12:09:39+00:00","og_image":[{"width":1000,"height":1000,"url":"https:\/\/shop.pyrasied.com\/wp-content\/uploads\/2025\/07\/buisgsopaal.jpg","type":"image\/jpeg"}],"twitter_card":"summary_large_image","twitter_misc":{"Gesch\u00e4tzte Lesezeit":"2\u00a0Minuten"},"schema":{"@context":"https:\/\/schema.org","@graph":[{"@type":"WebPage","@id":"http:\/\/shop.pyrasied.com\/nl\/product\/gegoten-acrylaat-buis-opaal\/","url":"http:\/\/shop.pyrasied.com\/nl\/product\/gegoten-acrylaat-buis-opaal\/","name":"Gegossenes Acrylrohr opal | Pyrasied","isPartOf":{"@id":"https:\/\/shop.pyrasied.com\/de\/#website"},"primaryImageOfPage":{"@id":"http:\/\/shop.pyrasied.com\/nl\/product\/gegoten-acrylaat-buis-opaal\/#primaryimage"},"image":{"@id":"http:\/\/shop.pyrasied.com\/nl\/product\/gegoten-acrylaat-buis-opaal\/#primaryimage"},"thumbnailUrl":"https:\/\/shop.pyrasied.com\/wp-content\/uploads\/2025\/07\/buisgsopaal.jpg","datePublished":"2025-07-10T08:31:54+00:00","dateModified":"2026-03-30T12:09:39+00:00","description":"Entdecken Sie die gegossene Acrylglasr\u00f6hre opal - elegantes milchig-wei\u00dfes Aussehen mit 30% Lichtdurchl\u00e4ssigkeit, ideal f\u00fcr weiche Lichtstreuung.","breadcrumb":{"@id":"http:\/\/shop.pyrasied.com\/nl\/product\/gegoten-acrylaat-buis-opaal\/#breadcrumb"},"inLanguage":"de","potentialAction":[{"@type":"ReadAction","target":["http:\/\/shop.pyrasied.com\/nl\/product\/gegoten-acrylaat-buis-opaal\/"]}]},{"@type":"ImageObject","inLanguage":"de","@id":"http:\/\/shop.pyrasied.com\/nl\/product\/gegoten-acrylaat-buis-opaal\/#primaryimage","url":"https:\/\/shop.pyrasied.com\/wp-content\/uploads\/2025\/07\/buisgsopaal.jpg","contentUrl":"https:\/\/shop.pyrasied.com\/wp-content\/uploads\/2025\/07\/buisgsopaal.jpg","width":1000,"height":1000,"caption":"Gegoten (GS) acrylaat buis opaal"},{"@type":"BreadcrumbList","@id":"http:\/\/shop.pyrasied.com\/nl\/product\/gegoten-acrylaat-buis-opaal\/#breadcrumb","itemListElement":[{"@type":"ListItem","position":1,"name":"Home","item":"https:\/\/shop.pyrasied.com\/nl\/"},{"@type":"ListItem","position":2,"name":"Materialen","item":"https:\/\/shop.pyrasied.com\/nl\/materialen\/"},{"@type":"ListItem","position":3,"name":"Buizen en staven","item":"https:\/\/shop.pyrasied.com\/nl\/materialen\/buizen-en-staven\/"},{"@type":"ListItem","position":4,"name":"Acrylaat buis opaal GS"}]},{"@type":"WebSite","@id":"https:\/\/shop.pyrasied.com\/de\/#website","url":"https:\/\/shop.pyrasied.com\/de\/","name":"Pyrasied","description":"Aus Liebe zum Material","publisher":{"@id":"https:\/\/shop.pyrasied.com\/de\/#organization"},"potentialAction":[{"@type":"SearchAction","target":{"@type":"EntryPoint","urlTemplate":"https:\/\/shop.pyrasied.com\/de\/?s={search_term_string}"},"query-input":{"@type":"PropertyValueSpecification","valueRequired":true,"valueName":"search_term_string"}}],"inLanguage":"de"},{"@type":"Organization","@id":"https:\/\/shop.pyrasied.com\/de\/#organization","name":"Pyrasied","url":"https:\/\/shop.pyrasied.com\/de\/","logo":{"@type":"ImageObject","inLanguage":"de","@id":"https:\/\/shop.pyrasied.com\/de\/#\/schema\/logo\/image\/","url":"https:\/\/shop.pyrasied.com\/wp-content\/uploads\/2025\/06\/pyrasied.jpg","contentUrl":"https:\/\/shop.pyrasied.com\/wp-content\/uploads\/2025\/06\/pyrasied.jpg","width":1200,"height":630,"caption":"Pyrasied"},"image":{"@id":"https:\/\/shop.pyrasied.com\/de\/#\/schema\/logo\/image\/"},"sameAs":["https:\/\/www.facebook.com\/Pyrasied\/","https:\/\/www.instagram.com\/pyrasied\/"]}]}},"_links":{"self":[{"href":"https:\/\/shop.pyrasied.com\/de\/wp-json\/wp\/v2\/product\/9362","targetHints":{"allow":["GET"]}}],"collection":[{"href":"https:\/\/shop.pyrasied.com\/de\/wp-json\/wp\/v2\/product"}],"about":[{"href":"https:\/\/shop.pyrasied.com\/de\/wp-json\/wp\/v2\/types\/product"}],"wp:featuredmedia":[{"embeddable":true,"href":"https:\/\/shop.pyrasied.com\/de\/wp-json\/wp\/v2\/media\/13062"}],"wp:attachment":[{"href":"https:\/\/shop.pyrasied.com\/de\/wp-json\/wp\/v2\/media?parent=9362"}],"wp:term":[{"taxonomy":"product_brand","embeddable":true,"href":"https:\/\/shop.pyrasied.com\/de\/wp-json\/wp\/v2\/product_brand?post=9362"},{"taxonomy":"product_cat","embeddable":true,"href":"https:\/\/shop.pyrasied.com\/de\/wp-json\/wp\/v2\/product_cat?post=9362"},{"taxonomy":"product_tag","embeddable":true,"href":"https:\/\/shop.pyrasied.com\/de\/wp-json\/wp\/v2\/product_tag?post=9362"}],"curies":[{"name":"wp","href":"https:\/\/api.w.org\/{rel}","templated":true}]}}