{"id":9331,"date":"2025-07-10T08:31:49","date_gmt":"2025-07-10T08:31:49","guid":{"rendered":"https:\/\/pyrasiedshop.nl\/product\/pmma-buis-helder-gs\/"},"modified":"2026-03-30T12:09:38","modified_gmt":"2026-03-30T12:09:38","slug":"acryl-rohre","status":"publish","type":"product","link":"https:\/\/shop.pyrasied.com\/de\/produkt\/acryl-rohre\/","title":{"rendered":"Acrylglasrohr klar GS"},"content":{"rendered":"<h2>Acrylglasrohr Klar GS<\/h2>\n<p>Die <strong>Acrylglasrohr klar GS<\/strong> ist eine UV-best\u00e4ndige, gegossene PMMA-R\u00f6hre mit ausgezeichneter Klarheit und Haltbarkeit. GS steht f\u00fcr gegossenes Acryl. Es ist klarer und enth\u00e4lt weniger innere Spannungen als extrudierte Varianten, was die Handhabung erleichtert. Acryl (PMMA) ist auch als Plexiglas oder Perspex bekannt. Die Rohre sind mit Durchmessern von \u00d840 bis \u00d8610 mm, Wandst\u00e4rken von 3 bis 8 mm und L\u00e4ngen von 2000 bis 2100 mm erh\u00e4ltlich. Der Zuschnitt ist m\u00f6glich und das Restst\u00fcck wird geliefert.<\/p>\n<h3>Eigenschaften<\/h3>\n<ul>\n<li><strong>Optische Reinheit und Transparenz:<\/strong> heller und gleichm\u00e4\u00dfiger als extrudierte Varianten<\/li>\n<li><strong>UV- und witterungsbest\u00e4ndig:<\/strong> geeignet f\u00fcr Innen- und Au\u00dfenanwendungen<\/li>\n<li><strong>Verarbeitbarkeit:<\/strong> S\u00e4gen, Fr\u00e4sen, Bohren, Polieren und Kleben ohne Risse<\/li>\n<li><strong>Verschiedene Gr\u00f6\u00dfen verf\u00fcgbar:<\/strong> Durchmesser \u00d840-610 mm, Wandst\u00e4rken 3-8 mm, L\u00e4ngen bis zu 2100 mm<\/li>\n<li><strong>Typen und Varianten:<\/strong> transparent (klar), recycelt transparent, opal und satiniert<\/li>\n<\/ul>\n<h3>Verarbeitungsm\u00f6glichkeiten<\/h3>\n<p>GS-Rohre sind stabil und leicht zu bearbeiten. M\u00f6gliche Bearbeitungen sind S\u00e4gen, Fr\u00e4sen, Kleben, Bohren, Polieren, Schleifen und Beschriften. Bei kleineren Durchmessern ist extrudiertes Acryl (XT) eine geeignete Alternative.<\/p>\n<p>Pyrasied bearbeitet seit \u00fcber 35 Jahren Acrylglas f\u00fcr Anwendungen in der Architektur, im Einzelhandel, in der Beleuchtungsindustrie und in der High-Tech-Branche. Weitere Informationen \u00fcber die Bearbeitung finden Sie auf der Website <a href=\"https:\/\/pyrasied.com\/de\/leistungen\/\">Dienstleistungsseite<\/a>.<\/p>\n<h3>Anwendungen<\/h3>\n<ul>\n<li>M\u00f6bel- und Innenausbau (Lampen, Tischbeine, St\u00fctzen)<\/li>\n<li>Display und Standbau<\/li>\n<li>Technische Anlagen (Reaktoren, Fl\u00fcssigkeitsbeh\u00e4lter)<\/li>\n<li>Dekorative Objekte und Kunstprojekte<\/li>\n<li>Beleuchtungsk\u00f6rper<\/li>\n<\/ul>\n<h3>Warum Pyrasied w\u00e4hlen?<\/h3>\n<ul>\n<li><strong>Qualit\u00e4t und Pr\u00e4zision:<\/strong> professionelle Verarbeitung und werkstatttauglich<\/li>\n<li><strong>Nachhaltigkeit:<\/strong> lange Lebensdauer<\/li>\n<li><strong>Personalisierung und Service:<\/strong> Zuschnitt und Nachbearbeitung m\u00f6glich<\/li>\n<li><strong>Zuverl\u00e4ssige Lieferung und Unterst\u00fctzung:<\/strong> kompetente Beratung und flexibler Service<\/li>\n<\/ul>\n<p>W\u00e4hlen Sie noch heute die richtige Gr\u00f6\u00dfe und bestellen Sie Ihr Acrylglasrohr klar gegossen. Haben Sie spezielle Anforderungen oder Fragen? Kontaktieren Sie uns, wir helfen Ihnen gerne weiter!<\/p>","protected":false},"excerpt":{"rendered":"<p>Acrylglasrohr Clear GS Das Acrylglasrohr Clear GS ist ein UV-best\u00e4ndiges, gegossenes PMMA-Rohr mit ausgezeichneter Klarheit und Haltbarkeit. GS steht f\u00fcr gegossenes Acryl. Es ist klarer und enth\u00e4lt weniger innere Spannungen als extrudierte Varianten, was die Handhabung erleichtert. Acryl (PMMA) ist auch als Plexiglas oder Perspex bekannt. Die Rohre sind mit Durchmessern von [...]<\/p>","protected":false},"featured_media":13413,"template":"","meta":{"_acf_changed":false},"product_brand":[],"product_cat":[32],"product_tag":[624,625,585,581,621,626,627,622,628,629,623,630,631],"class_list":{"0":"post-9331","1":"product","2":"type-product","3":"status-publish","4":"has-post-thumbnail","6":"product_cat-buizen-en-staven","7":"product_tag-acrylaat-buis","8":"product_tag-acrylaat-buizen","9":"product_tag-buis","10":"product_tag-helder","11":"product_tag-perspex","12":"product_tag-perspex-buis","13":"product_tag-perspex-buizen","14":"product_tag-plexiglas","15":"product_tag-plexiglas-buis","16":"product_tag-plexiglas-buizen","17":"product_tag-pmma","18":"product_tag-transparante-buis","19":"product_tag-transparante-buizen","21":"first","22":"instock","23":"taxable","24":"shipping-taxable","25":"purchasable","26":"product-type-variable"},"acf":[],"yoast_head":"<!-- This site is optimized with the Yoast SEO plugin v26.0 - https:\/\/yoast.com\/wordpress\/plugins\/seo\/ -->\n<title>Acrylaat buis | Pyrasied<\/title>\n<meta name=\"description\" content=\"Acrylaat buis helder gegoten van Pyrasied \u2013 optisch zuiver, sterk en makkelijk te bewerken, ideaal voor creatieve en technische toepassingen.\" \/>\n<meta name=\"robots\" content=\"index, follow, max-snippet:-1, max-image-preview:large, max-video-preview:-1\" \/>\n<link rel=\"canonical\" href=\"https:\/\/shop.pyrasied.com\/de\/produkt\/acryl-rohre\/\" \/>\n<meta property=\"og:locale\" content=\"de_DE\" \/>\n<meta property=\"og:type\" content=\"article\" \/>\n<meta property=\"og:title\" content=\"Acrylaat buis | Pyrasied\" \/>\n<meta property=\"og:description\" content=\"Acrylaat buis helder gegoten van Pyrasied \u2013 optisch zuiver, sterk en makkelijk te bewerken, ideaal voor creatieve en technische toepassingen.\" \/>\n<meta property=\"og:url\" content=\"https:\/\/shop.pyrasied.com\/de\/produkt\/acryl-rohre\/\" \/>\n<meta property=\"og:site_name\" content=\"Pyrasied\" \/>\n<meta property=\"article:publisher\" content=\"https:\/\/www.facebook.com\/Pyrasied\/\" \/>\n<meta property=\"article:modified_time\" content=\"2026-03-30T12:09:38+00:00\" \/>\n<meta property=\"og:image\" content=\"https:\/\/shop.pyrasied.com\/wp-content\/uploads\/2025\/07\/Acrylaat-buis-helder-GS-scaled.jpg\" \/>\n\t<meta property=\"og:image:width\" content=\"2048\" \/>\n\t<meta property=\"og:image:height\" content=\"1366\" \/>\n\t<meta property=\"og:image:type\" content=\"image\/jpeg\" \/>\n<meta name=\"twitter:card\" content=\"summary_large_image\" \/>\n<meta name=\"twitter:label1\" content=\"Gesch\u00e4tzte Lesezeit\" \/>\n\t<meta name=\"twitter:data1\" content=\"2\u00a0Minuten\" \/>\n<script type=\"application\/ld+json\" class=\"yoast-schema-graph\">{\"@context\":\"https:\/\/schema.org\",\"@graph\":[{\"@type\":\"WebPage\",\"@id\":\"https:\/\/shop.pyrasied.com\/nl\/product\/acrylaat-buis\/\",\"url\":\"https:\/\/shop.pyrasied.com\/nl\/product\/acrylaat-buis\/\",\"name\":\"Acrylaat buis | Pyrasied\",\"isPartOf\":{\"@id\":\"https:\/\/shop.pyrasied.com\/de\/#website\"},\"primaryImageOfPage\":{\"@id\":\"https:\/\/shop.pyrasied.com\/nl\/product\/acrylaat-buis\/#primaryimage\"},\"image\":{\"@id\":\"https:\/\/shop.pyrasied.com\/nl\/product\/acrylaat-buis\/#primaryimage\"},\"thumbnailUrl\":\"https:\/\/shop.pyrasied.com\/wp-content\/uploads\/2025\/07\/Acrylaat-buis-helder-GS-scaled.jpg\",\"datePublished\":\"2025-07-10T08:31:49+00:00\",\"dateModified\":\"2026-03-30T12:09:38+00:00\",\"description\":\"Acrylaat buis helder gegoten van Pyrasied \u2013 optisch zuiver, sterk en makkelijk te bewerken, ideaal voor creatieve en technische toepassingen.\",\"breadcrumb\":{\"@id\":\"https:\/\/shop.pyrasied.com\/nl\/product\/acrylaat-buis\/#breadcrumb\"},\"inLanguage\":\"de\",\"potentialAction\":[{\"@type\":\"ReadAction\",\"target\":[\"https:\/\/shop.pyrasied.com\/nl\/product\/acrylaat-buis\/\"]}]},{\"@type\":\"ImageObject\",\"inLanguage\":\"de\",\"@id\":\"https:\/\/shop.pyrasied.com\/nl\/product\/acrylaat-buis\/#primaryimage\",\"url\":\"https:\/\/shop.pyrasied.com\/wp-content\/uploads\/2025\/07\/Acrylaat-buis-helder-GS-scaled.jpg\",\"contentUrl\":\"https:\/\/shop.pyrasied.com\/wp-content\/uploads\/2025\/07\/Acrylaat-buis-helder-GS-scaled.jpg\",\"width\":2048,\"height\":1366,\"caption\":\"Acrylaat buis helder gegoten (GS)\"},{\"@type\":\"BreadcrumbList\",\"@id\":\"https:\/\/shop.pyrasied.com\/nl\/product\/acrylaat-buis\/#breadcrumb\",\"itemListElement\":[{\"@type\":\"ListItem\",\"position\":1,\"name\":\"Home\",\"item\":\"https:\/\/shop.pyrasied.com\/nl\/\"},{\"@type\":\"ListItem\",\"position\":2,\"name\":\"Materialen\",\"item\":\"https:\/\/shop.pyrasied.com\/nl\/materialen\/\"},{\"@type\":\"ListItem\",\"position\":3,\"name\":\"Buizen en staven\",\"item\":\"https:\/\/shop.pyrasied.com\/nl\/materialen\/buizen-en-staven\/\"},{\"@type\":\"ListItem\",\"position\":4,\"name\":\"Acrylaat buis helder GS\"}]},{\"@type\":\"WebSite\",\"@id\":\"https:\/\/shop.pyrasied.com\/de\/#website\",\"url\":\"https:\/\/shop.pyrasied.com\/de\/\",\"name\":\"Pyrasied\",\"description\":\"Uit liefde voor materiaal\",\"publisher\":{\"@id\":\"https:\/\/shop.pyrasied.com\/de\/#organization\"},\"potentialAction\":[{\"@type\":\"SearchAction\",\"target\":{\"@type\":\"EntryPoint\",\"urlTemplate\":\"https:\/\/shop.pyrasied.com\/de\/?s={search_term_string}\"},\"query-input\":{\"@type\":\"PropertyValueSpecification\",\"valueRequired\":true,\"valueName\":\"search_term_string\"}}],\"inLanguage\":\"de\"},{\"@type\":\"Organization\",\"@id\":\"https:\/\/shop.pyrasied.com\/de\/#organization\",\"name\":\"Pyrasied\",\"url\":\"https:\/\/shop.pyrasied.com\/de\/\",\"logo\":{\"@type\":\"ImageObject\",\"inLanguage\":\"de\",\"@id\":\"https:\/\/shop.pyrasied.com\/de\/#\/schema\/logo\/image\/\",\"url\":\"https:\/\/shop.pyrasied.com\/wp-content\/uploads\/2025\/06\/pyrasied.jpg\",\"contentUrl\":\"https:\/\/shop.pyrasied.com\/wp-content\/uploads\/2025\/06\/pyrasied.jpg\",\"width\":1200,\"height\":630,\"caption\":\"Pyrasied\"},\"image\":{\"@id\":\"https:\/\/shop.pyrasied.com\/de\/#\/schema\/logo\/image\/\"},\"sameAs\":[\"https:\/\/www.facebook.com\/Pyrasied\/\",\"https:\/\/www.instagram.com\/pyrasied\/\"]}]}<\/script>\n<!-- \/ Yoast SEO plugin. -->","yoast_head_json":{"title":"Acrylglasrohr | Pyrasied","description":"Acrylglasrohr klar gegossen aus Pyrasied - optisch rein, stark und leicht zu verarbeiten, ideal f\u00fcr kreative und technische Anwendungen.","robots":{"index":"index","follow":"follow","max-snippet":"max-snippet:-1","max-image-preview":"max-image-preview:large","max-video-preview":"max-video-preview:-1"},"canonical":"https:\/\/shop.pyrasied.com\/de\/produkt\/acryl-rohre\/","og_locale":"de_DE","og_type":"article","og_title":"Acrylaat buis | Pyrasied","og_description":"Acrylaat buis helder gegoten van Pyrasied \u2013 optisch zuiver, sterk en makkelijk te bewerken, ideaal voor creatieve en technische toepassingen.","og_url":"https:\/\/shop.pyrasied.com\/de\/produkt\/acryl-rohre\/","og_site_name":"Pyrasied","article_publisher":"https:\/\/www.facebook.com\/Pyrasied\/","article_modified_time":"2026-03-30T12:09:38+00:00","og_image":[{"width":2048,"height":1366,"url":"https:\/\/shop.pyrasied.com\/wp-content\/uploads\/2025\/07\/Acrylaat-buis-helder-GS-scaled.jpg","type":"image\/jpeg"}],"twitter_card":"summary_large_image","twitter_misc":{"Gesch\u00e4tzte Lesezeit":"2\u00a0Minuten"},"schema":{"@context":"https:\/\/schema.org","@graph":[{"@type":"WebPage","@id":"https:\/\/shop.pyrasied.com\/nl\/product\/acrylaat-buis\/","url":"https:\/\/shop.pyrasied.com\/nl\/product\/acrylaat-buis\/","name":"Acrylglasrohr | Pyrasied","isPartOf":{"@id":"https:\/\/shop.pyrasied.com\/de\/#website"},"primaryImageOfPage":{"@id":"https:\/\/shop.pyrasied.com\/nl\/product\/acrylaat-buis\/#primaryimage"},"image":{"@id":"https:\/\/shop.pyrasied.com\/nl\/product\/acrylaat-buis\/#primaryimage"},"thumbnailUrl":"https:\/\/shop.pyrasied.com\/wp-content\/uploads\/2025\/07\/Acrylaat-buis-helder-GS-scaled.jpg","datePublished":"2025-07-10T08:31:49+00:00","dateModified":"2026-03-30T12:09:38+00:00","description":"Acrylglasrohr klar gegossen aus Pyrasied - optisch rein, stark und leicht zu verarbeiten, ideal f\u00fcr kreative und technische Anwendungen.","breadcrumb":{"@id":"https:\/\/shop.pyrasied.com\/nl\/product\/acrylaat-buis\/#breadcrumb"},"inLanguage":"de","potentialAction":[{"@type":"ReadAction","target":["https:\/\/shop.pyrasied.com\/nl\/product\/acrylaat-buis\/"]}]},{"@type":"ImageObject","inLanguage":"de","@id":"https:\/\/shop.pyrasied.com\/nl\/product\/acrylaat-buis\/#primaryimage","url":"https:\/\/shop.pyrasied.com\/wp-content\/uploads\/2025\/07\/Acrylaat-buis-helder-GS-scaled.jpg","contentUrl":"https:\/\/shop.pyrasied.com\/wp-content\/uploads\/2025\/07\/Acrylaat-buis-helder-GS-scaled.jpg","width":2048,"height":1366,"caption":"Acrylaat buis helder gegoten (GS)"},{"@type":"BreadcrumbList","@id":"https:\/\/shop.pyrasied.com\/nl\/product\/acrylaat-buis\/#breadcrumb","itemListElement":[{"@type":"ListItem","position":1,"name":"Home","item":"https:\/\/shop.pyrasied.com\/nl\/"},{"@type":"ListItem","position":2,"name":"Materialen","item":"https:\/\/shop.pyrasied.com\/nl\/materialen\/"},{"@type":"ListItem","position":3,"name":"Buizen en staven","item":"https:\/\/shop.pyrasied.com\/nl\/materialen\/buizen-en-staven\/"},{"@type":"ListItem","position":4,"name":"Acrylaat buis helder GS"}]},{"@type":"WebSite","@id":"https:\/\/shop.pyrasied.com\/de\/#website","url":"https:\/\/shop.pyrasied.com\/de\/","name":"Pyrasied","description":"Aus Liebe zum Material","publisher":{"@id":"https:\/\/shop.pyrasied.com\/de\/#organization"},"potentialAction":[{"@type":"SearchAction","target":{"@type":"EntryPoint","urlTemplate":"https:\/\/shop.pyrasied.com\/de\/?s={search_term_string}"},"query-input":{"@type":"PropertyValueSpecification","valueRequired":true,"valueName":"search_term_string"}}],"inLanguage":"de"},{"@type":"Organization","@id":"https:\/\/shop.pyrasied.com\/de\/#organization","name":"Pyrasied","url":"https:\/\/shop.pyrasied.com\/de\/","logo":{"@type":"ImageObject","inLanguage":"de","@id":"https:\/\/shop.pyrasied.com\/de\/#\/schema\/logo\/image\/","url":"https:\/\/shop.pyrasied.com\/wp-content\/uploads\/2025\/06\/pyrasied.jpg","contentUrl":"https:\/\/shop.pyrasied.com\/wp-content\/uploads\/2025\/06\/pyrasied.jpg","width":1200,"height":630,"caption":"Pyrasied"},"image":{"@id":"https:\/\/shop.pyrasied.com\/de\/#\/schema\/logo\/image\/"},"sameAs":["https:\/\/www.facebook.com\/Pyrasied\/","https:\/\/www.instagram.com\/pyrasied\/"]}]}},"_links":{"self":[{"href":"https:\/\/shop.pyrasied.com\/de\/wp-json\/wp\/v2\/product\/9331","targetHints":{"allow":["GET"]}}],"collection":[{"href":"https:\/\/shop.pyrasied.com\/de\/wp-json\/wp\/v2\/product"}],"about":[{"href":"https:\/\/shop.pyrasied.com\/de\/wp-json\/wp\/v2\/types\/product"}],"wp:featuredmedia":[{"embeddable":true,"href":"https:\/\/shop.pyrasied.com\/de\/wp-json\/wp\/v2\/media\/13413"}],"wp:attachment":[{"href":"https:\/\/shop.pyrasied.com\/de\/wp-json\/wp\/v2\/media?parent=9331"}],"wp:term":[{"taxonomy":"product_brand","embeddable":true,"href":"https:\/\/shop.pyrasied.com\/de\/wp-json\/wp\/v2\/product_brand?post=9331"},{"taxonomy":"product_cat","embeddable":true,"href":"https:\/\/shop.pyrasied.com\/de\/wp-json\/wp\/v2\/product_cat?post=9331"},{"taxonomy":"product_tag","embeddable":true,"href":"https:\/\/shop.pyrasied.com\/de\/wp-json\/wp\/v2\/product_tag?post=9331"}],"curies":[{"name":"wp","href":"https:\/\/api.w.org\/{rel}","templated":true}]}}