{"id":9060,"date":"2025-07-08T09:53:42","date_gmt":"2025-07-08T09:53:42","guid":{"rendered":"https:\/\/pyrasiedshop.nl\/product\/core-collectie\/"},"modified":"2026-03-30T12:09:27","modified_gmt":"2026-03-30T12:09:27","slug":"core-kollektion","status":"publish","type":"product","link":"https:\/\/shop.pyrasied.com\/de\/produkt\/core-kollektion\/","title":{"rendered":"Core Kollektion"},"content":{"rendered":"<h2>Kernsammlung von Smile Plastics<\/h2>\n<p>Bei der Core-Kollektion von Smile Plastics dreht sich alles um die Wirkung. Diese besondere Kollektion wird aus \u00fcbrig gebliebenen Materialien wie alten Schneidebrettern, leeren Kosmetikflaschen und gebrauchten Joghurtbechern hergestellt.<\/p>\n<p>Auff\u00e4llige Schwarz-Wei\u00df-Kontraste, neonfarbene Akzente aus dem Universum, pastellfarbene Flecken \u00e0 la tutti frutti, funkelnde Metallicfarben oder tiefes Ozeanblau. Jedes Paneel, standardm\u00e4\u00dfig 3000 x 1200 mm gro\u00df, ist ein Unikat und standardm\u00e4\u00dfig seidenmatt lackiert.<\/p>\n<p>Wie bei allen Kollektionen von Smile Plastics finden Sie Inspirationen von den rauen K\u00fcsten von Wales, Gro\u00dfbritannien, und der Landschaft voller Charakter und Geschichten.<\/p>\n<h2>Entw\u00fcrfe<\/h2>\n<p>P7999 Orca - HDPE<\/p>\n<p>P4996 Holzkohle - PET<\/p>\n<p>P4997 Alba - HIPS<\/p>\n<p>P4998 Ozean - PET<\/p>\n<p>P4994 Spektrum - PET<\/p>\n<p>P7996 Schwarz gefleckt - HDPE<\/p>\n<p>P4895 Kosmos - PET<\/p>\n<p>P4995 Kaleido - PET<\/p>\n<h3>Verarbeitungsm\u00f6glichkeiten<\/h3>\n<p>Die Kernsammlung von Smile Plastics l\u00e4sst sich mit handels\u00fcblichen Holzbearbeitungsmaschinen leicht bearbeiten. Die Bearbeitungsm\u00f6glichkeiten variieren je nach Art des Materials:<\/p>\n<ul>\n<li>S\u00e4gen, Fr\u00e4sen, Bohren und Schleifen: f\u00fcr alle Typen m\u00f6glich<\/li>\n<li>Laserbearbeitung: nicht m\u00f6glich<\/li>\n<li>Biegen und Kleben:\n<ul>\n<li>PET und Polystyrol: leicht zu biegen und zu kleben<\/li>\n<li>HDPE: schwer zu biegen und zu kleben; kann durch solides Bohren gel\u00f6st werden<\/li>\n<\/ul>\n<\/li>\n<\/ul>\n<p>Das Material kann sowohl von Pyrasied als auch von Innenarchitekten, K\u00fcchen- oder Badspezialisten verarbeitet werden.<\/p>\n<h3>Pflege und Wartung<\/h3>\n<p>Smile Plastics ist pflegeleicht und l\u00e4sst sich mit warmem Wasser und einem milden Reinigungsmittel leicht reinigen.<\/p>\n<h3>Anwendungen<\/h3>\n<p>Das Smile Plastics ist ideal geeignet f\u00fcr Anwendungen wie:<\/p>\n<ul>\n<li>Innenausstattung und M\u00f6bel: Tischplatten, Theken, Wandverkleidungen oder Displays.<\/li>\n<li>Einzelhandel und Gastgewerbe: auff\u00e4llige Barfronten, Theken oder dekorative Platten.<\/li>\n<li>Architektur- und Designprojekte: nachhaltige Blickf\u00e4nge mit einzigartigem Charakter.<\/li>\n<li>Die transluzente Beschaffenheit der Eacht-Kollektion erm\u00f6glicht eine subtile Lichtdurchl\u00e4ssigkeit, wodurch das Material in Kombination mit der Beleuchtung hervorsticht.<\/li>\n<\/ul>\n<p>Siehe <a href=\"https:\/\/shop.pyrasied.com\/de\/materialien\/smile-plastics\/\">hier<\/a> auch andere Smile Plastics-Designs.<\/p>","protected":false},"excerpt":{"rendered":"<p>Core Collection von Smile Plastics Bei der Core Collection von Smile Plastics dreht sich alles um die Wirkung. Diese freim\u00fctige Kollektion wird aus \u00fcbrig gebliebenen Materialien wie alten Schneidebrettern, leeren Kosmetikflaschen und gebrauchten Joghurtbechern hergestellt. Auff\u00e4llige Schwarz-Wei\u00df-Kontraste, neonfarbene Akzente aus dem Universum, pastellfarbene Flecken \u00e0 la tutti frutti, funkelnde Metallicfarben oder tiefes Ozeanblau. Jedes Paneel, standardm\u00e4\u00dfig 3000 x 1200 mm, ist ein Unikat und [...]<\/p>","protected":false},"featured_media":13569,"template":"","meta":{"_acf_changed":false},"product_brand":[],"product_cat":[774,53,31],"product_tag":[1763,1764],"class_list":{"0":"post-9060","1":"product","2":"type-product","3":"status-publish","4":"has-post-thumbnail","6":"product_cat-milieuvriendelijke-kunststoffen","7":"product_cat-smileplastics","8":"product_cat-smile-plastics","9":"product_tag-gerecycled-plastics","10":"product_tag-plastic-waste","12":"first","13":"instock","14":"taxable","15":"shipping-taxable","16":"purchasable","17":"product-type-variable"},"acf":[],"yoast_head":"<!-- This site is optimized with the Yoast SEO plugin v26.0 - https:\/\/yoast.com\/wordpress\/plugins\/seo\/ -->\n<title>Core collectie | Pyrasied<\/title>\n<meta name=\"description\" content=\"Ontdek de Core collectie van Smile Plastics \u2013 unieke, handgemaakte panelen van gerecycled materiaal met opvallende kleuren en half matte afwerking.\" \/>\n<meta name=\"robots\" content=\"index, follow, max-snippet:-1, max-image-preview:large, max-video-preview:-1\" \/>\n<link rel=\"canonical\" href=\"https:\/\/shop.pyrasied.com\/de\/produkt\/core-kollektion\/\" \/>\n<meta property=\"og:locale\" content=\"de_DE\" \/>\n<meta property=\"og:type\" content=\"article\" \/>\n<meta property=\"og:title\" content=\"Core collectie | Pyrasied\" \/>\n<meta property=\"og:description\" content=\"Ontdek de Core collectie van Smile Plastics \u2013 unieke, handgemaakte panelen van gerecycled materiaal met opvallende kleuren en half matte afwerking.\" \/>\n<meta property=\"og:url\" content=\"https:\/\/shop.pyrasied.com\/de\/produkt\/core-kollektion\/\" \/>\n<meta property=\"og:site_name\" content=\"Pyrasied\" \/>\n<meta property=\"article:publisher\" content=\"https:\/\/www.facebook.com\/Pyrasied\/\" \/>\n<meta property=\"article:modified_time\" content=\"2026-03-30T12:09:27+00:00\" \/>\n<meta property=\"og:image\" content=\"https:\/\/shop.pyrasied.com\/wp-content\/uploads\/2025\/07\/AF-Smile-Plastics-Material-Shoot-3-Samples-Box.jpg\" \/>\n\t<meta property=\"og:image:width\" content=\"1000\" \/>\n\t<meta property=\"og:image:height\" content=\"1000\" \/>\n\t<meta property=\"og:image:type\" content=\"image\/jpeg\" \/>\n<meta name=\"twitter:card\" content=\"summary_large_image\" \/>\n<meta name=\"twitter:label1\" content=\"Gesch\u00e4tzte Lesezeit\" \/>\n\t<meta name=\"twitter:data1\" content=\"2\u00a0Minuten\" \/>\n<script type=\"application\/ld+json\" class=\"yoast-schema-graph\">{\"@context\":\"https:\/\/schema.org\",\"@graph\":[{\"@type\":\"WebPage\",\"@id\":\"https:\/\/shop.pyrasied.com\/product\/core-collectie\/\",\"url\":\"https:\/\/shop.pyrasied.com\/product\/core-collectie\/\",\"name\":\"Core collectie | Pyrasied\",\"isPartOf\":{\"@id\":\"https:\/\/shop.pyrasied.com\/de\/#website\"},\"primaryImageOfPage\":{\"@id\":\"https:\/\/shop.pyrasied.com\/product\/core-collectie\/#primaryimage\"},\"image\":{\"@id\":\"https:\/\/shop.pyrasied.com\/product\/core-collectie\/#primaryimage\"},\"thumbnailUrl\":\"https:\/\/shop.pyrasied.com\/wp-content\/uploads\/2025\/07\/AF-Smile-Plastics-Material-Shoot-3-Samples-Box.jpg\",\"datePublished\":\"2025-07-08T09:53:42+00:00\",\"dateModified\":\"2026-03-30T12:09:27+00:00\",\"description\":\"Ontdek de Core collectie van Smile Plastics \u2013 unieke, handgemaakte panelen van gerecycled materiaal met opvallende kleuren en half matte afwerking.\",\"breadcrumb\":{\"@id\":\"https:\/\/shop.pyrasied.com\/product\/core-collectie\/#breadcrumb\"},\"inLanguage\":\"de\",\"potentialAction\":[{\"@type\":\"ReadAction\",\"target\":[\"https:\/\/shop.pyrasied.com\/product\/core-collectie\/\"]}]},{\"@type\":\"ImageObject\",\"inLanguage\":\"de\",\"@id\":\"https:\/\/shop.pyrasied.com\/product\/core-collectie\/#primaryimage\",\"url\":\"https:\/\/shop.pyrasied.com\/wp-content\/uploads\/2025\/07\/AF-Smile-Plastics-Material-Shoot-3-Samples-Box.jpg\",\"contentUrl\":\"https:\/\/shop.pyrasied.com\/wp-content\/uploads\/2025\/07\/AF-Smile-Plastics-Material-Shoot-3-Samples-Box.jpg\",\"width\":1000,\"height\":1000,\"caption\":\"Smile Plastics samples\"},{\"@type\":\"BreadcrumbList\",\"@id\":\"https:\/\/shop.pyrasied.com\/product\/core-collectie\/#breadcrumb\",\"itemListElement\":[{\"@type\":\"ListItem\",\"position\":1,\"name\":\"Home\",\"item\":\"https:\/\/shop.pyrasied.com\/nl\/\"},{\"@type\":\"ListItem\",\"position\":2,\"name\":\"Materialen\",\"item\":\"https:\/\/shop.pyrasied.com\/nl\/materialen\/\"},{\"@type\":\"ListItem\",\"position\":3,\"name\":\"Merken\",\"item\":\"https:\/\/shop.pyrasied.com\/materialen\/merken\/\"},{\"@type\":\"ListItem\",\"position\":4,\"name\":\"Smile Materials\",\"item\":\"https:\/\/shop.pyrasied.com\/materialen\/merken\/smileplastics\/\"},{\"@type\":\"ListItem\",\"position\":5,\"name\":\"Core collectie\"}]},{\"@type\":\"WebSite\",\"@id\":\"https:\/\/shop.pyrasied.com\/de\/#website\",\"url\":\"https:\/\/shop.pyrasied.com\/de\/\",\"name\":\"Pyrasied\",\"description\":\"Uit liefde voor materiaal\",\"publisher\":{\"@id\":\"https:\/\/shop.pyrasied.com\/de\/#organization\"},\"potentialAction\":[{\"@type\":\"SearchAction\",\"target\":{\"@type\":\"EntryPoint\",\"urlTemplate\":\"https:\/\/shop.pyrasied.com\/de\/?s={search_term_string}\"},\"query-input\":{\"@type\":\"PropertyValueSpecification\",\"valueRequired\":true,\"valueName\":\"search_term_string\"}}],\"inLanguage\":\"de\"},{\"@type\":\"Organization\",\"@id\":\"https:\/\/shop.pyrasied.com\/de\/#organization\",\"name\":\"Pyrasied\",\"url\":\"https:\/\/shop.pyrasied.com\/de\/\",\"logo\":{\"@type\":\"ImageObject\",\"inLanguage\":\"de\",\"@id\":\"https:\/\/shop.pyrasied.com\/de\/#\/schema\/logo\/image\/\",\"url\":\"https:\/\/shop.pyrasied.com\/wp-content\/uploads\/2025\/06\/pyrasied.jpg\",\"contentUrl\":\"https:\/\/shop.pyrasied.com\/wp-content\/uploads\/2025\/06\/pyrasied.jpg\",\"width\":1200,\"height\":630,\"caption\":\"Pyrasied\"},\"image\":{\"@id\":\"https:\/\/shop.pyrasied.com\/de\/#\/schema\/logo\/image\/\"},\"sameAs\":[\"https:\/\/www.facebook.com\/Pyrasied\/\",\"https:\/\/www.instagram.com\/pyrasied\/\"]}]}<\/script>\n<!-- \/ Yoast SEO plugin. -->","yoast_head_json":{"title":"Core kollektion | Pyrasied","description":"Entdecken Sie die Core-Kollektion von Smile Plastics - einzigartige Paneele aus recycelten Materialien mit auff\u00e4lligen Farben und seidenmatten Oberfl\u00e4chen.","robots":{"index":"index","follow":"follow","max-snippet":"max-snippet:-1","max-image-preview":"max-image-preview:large","max-video-preview":"max-video-preview:-1"},"canonical":"https:\/\/shop.pyrasied.com\/de\/produkt\/core-kollektion\/","og_locale":"de_DE","og_type":"article","og_title":"Core collectie | Pyrasied","og_description":"Ontdek de Core collectie van Smile Plastics \u2013 unieke, handgemaakte panelen van gerecycled materiaal met opvallende kleuren en half matte afwerking.","og_url":"https:\/\/shop.pyrasied.com\/de\/produkt\/core-kollektion\/","og_site_name":"Pyrasied","article_publisher":"https:\/\/www.facebook.com\/Pyrasied\/","article_modified_time":"2026-03-30T12:09:27+00:00","og_image":[{"width":1000,"height":1000,"url":"https:\/\/shop.pyrasied.com\/wp-content\/uploads\/2025\/07\/AF-Smile-Plastics-Material-Shoot-3-Samples-Box.jpg","type":"image\/jpeg"}],"twitter_card":"summary_large_image","twitter_misc":{"Gesch\u00e4tzte Lesezeit":"2\u00a0Minuten"},"schema":{"@context":"https:\/\/schema.org","@graph":[{"@type":"WebPage","@id":"https:\/\/shop.pyrasied.com\/product\/core-collectie\/","url":"https:\/\/shop.pyrasied.com\/product\/core-collectie\/","name":"Core kollektion | Pyrasied","isPartOf":{"@id":"https:\/\/shop.pyrasied.com\/de\/#website"},"primaryImageOfPage":{"@id":"https:\/\/shop.pyrasied.com\/product\/core-collectie\/#primaryimage"},"image":{"@id":"https:\/\/shop.pyrasied.com\/product\/core-collectie\/#primaryimage"},"thumbnailUrl":"https:\/\/shop.pyrasied.com\/wp-content\/uploads\/2025\/07\/AF-Smile-Plastics-Material-Shoot-3-Samples-Box.jpg","datePublished":"2025-07-08T09:53:42+00:00","dateModified":"2026-03-30T12:09:27+00:00","description":"Entdecken Sie die Core-Kollektion von Smile Plastics - einzigartige Paneele aus recycelten Materialien mit auff\u00e4lligen Farben und seidenmatten Oberfl\u00e4chen.","breadcrumb":{"@id":"https:\/\/shop.pyrasied.com\/product\/core-collectie\/#breadcrumb"},"inLanguage":"de","potentialAction":[{"@type":"ReadAction","target":["https:\/\/shop.pyrasied.com\/product\/core-collectie\/"]}]},{"@type":"ImageObject","inLanguage":"de","@id":"https:\/\/shop.pyrasied.com\/product\/core-collectie\/#primaryimage","url":"https:\/\/shop.pyrasied.com\/wp-content\/uploads\/2025\/07\/AF-Smile-Plastics-Material-Shoot-3-Samples-Box.jpg","contentUrl":"https:\/\/shop.pyrasied.com\/wp-content\/uploads\/2025\/07\/AF-Smile-Plastics-Material-Shoot-3-Samples-Box.jpg","width":1000,"height":1000,"caption":"Smile Plastics samples"},{"@type":"BreadcrumbList","@id":"https:\/\/shop.pyrasied.com\/product\/core-collectie\/#breadcrumb","itemListElement":[{"@type":"ListItem","position":1,"name":"Home","item":"https:\/\/shop.pyrasied.com\/nl\/"},{"@type":"ListItem","position":2,"name":"Materialen","item":"https:\/\/shop.pyrasied.com\/nl\/materialen\/"},{"@type":"ListItem","position":3,"name":"Merken","item":"https:\/\/shop.pyrasied.com\/materialen\/merken\/"},{"@type":"ListItem","position":4,"name":"Smile Materials","item":"https:\/\/shop.pyrasied.com\/materialen\/merken\/smileplastics\/"},{"@type":"ListItem","position":5,"name":"Core collectie"}]},{"@type":"WebSite","@id":"https:\/\/shop.pyrasied.com\/de\/#website","url":"https:\/\/shop.pyrasied.com\/de\/","name":"Pyrasied","description":"Aus Liebe zum Material","publisher":{"@id":"https:\/\/shop.pyrasied.com\/de\/#organization"},"potentialAction":[{"@type":"SearchAction","target":{"@type":"EntryPoint","urlTemplate":"https:\/\/shop.pyrasied.com\/de\/?s={search_term_string}"},"query-input":{"@type":"PropertyValueSpecification","valueRequired":true,"valueName":"search_term_string"}}],"inLanguage":"de"},{"@type":"Organization","@id":"https:\/\/shop.pyrasied.com\/de\/#organization","name":"Pyrasied","url":"https:\/\/shop.pyrasied.com\/de\/","logo":{"@type":"ImageObject","inLanguage":"de","@id":"https:\/\/shop.pyrasied.com\/de\/#\/schema\/logo\/image\/","url":"https:\/\/shop.pyrasied.com\/wp-content\/uploads\/2025\/06\/pyrasied.jpg","contentUrl":"https:\/\/shop.pyrasied.com\/wp-content\/uploads\/2025\/06\/pyrasied.jpg","width":1200,"height":630,"caption":"Pyrasied"},"image":{"@id":"https:\/\/shop.pyrasied.com\/de\/#\/schema\/logo\/image\/"},"sameAs":["https:\/\/www.facebook.com\/Pyrasied\/","https:\/\/www.instagram.com\/pyrasied\/"]}]}},"_links":{"self":[{"href":"https:\/\/shop.pyrasied.com\/de\/wp-json\/wp\/v2\/product\/9060","targetHints":{"allow":["GET"]}}],"collection":[{"href":"https:\/\/shop.pyrasied.com\/de\/wp-json\/wp\/v2\/product"}],"about":[{"href":"https:\/\/shop.pyrasied.com\/de\/wp-json\/wp\/v2\/types\/product"}],"wp:featuredmedia":[{"embeddable":true,"href":"https:\/\/shop.pyrasied.com\/de\/wp-json\/wp\/v2\/media\/13569"}],"wp:attachment":[{"href":"https:\/\/shop.pyrasied.com\/de\/wp-json\/wp\/v2\/media?parent=9060"}],"wp:term":[{"taxonomy":"product_brand","embeddable":true,"href":"https:\/\/shop.pyrasied.com\/de\/wp-json\/wp\/v2\/product_brand?post=9060"},{"taxonomy":"product_cat","embeddable":true,"href":"https:\/\/shop.pyrasied.com\/de\/wp-json\/wp\/v2\/product_cat?post=9060"},{"taxonomy":"product_tag","embeddable":true,"href":"https:\/\/shop.pyrasied.com\/de\/wp-json\/wp\/v2\/product_tag?post=9060"}],"curies":[{"name":"wp","href":"https:\/\/api.w.org\/{rel}","templated":true}]}}