{"id":9004,"date":"2025-07-08T09:53:29","date_gmt":"2025-07-08T09:53:29","guid":{"rendered":"https:\/\/pyrasiedshop.nl\/product\/marlan\/"},"modified":"2026-03-30T12:08:16","modified_gmt":"2026-03-30T12:08:16","slug":"marlan-kollektionen","status":"publish","type":"product","link":"https:\/\/shop.pyrasied.com\/de\/produkt\/marlan-kollektionen\/","title":{"rendered":"Marlan"},"content":{"rendered":"<p><strong>Marlan Mineralwerkstoff ist einzigartig in Qualit\u00e4t, Haltbarkeit und M\u00f6glichkeiten<\/strong><\/p>\n<p>Marlan ist ein niederl\u00e4ndischer Kunststoffhersteller, der eine vielf\u00e4ltige Kollektion fester Oberfl\u00e4chen anbietet.<\/p>\n<p>Die <strong>C2C-Zertifizierung<\/strong> (cradle-to-cradle) betont, dass ihre Produkte strenge Nachhaltigkeitsstandards erf\u00fcllen und in einem geschlossenen Kreislaufsystem funktionieren. Das bedeutet, dass die verwendeten Materialien vollst\u00e4ndig wiederverwendbar und recycelbar sind und sowohl f\u00fcr den Menschen als auch f\u00fcr die Umwelt sicher sind.<\/p>\n<p>Das Material ist <strong>feuchtigkeitsbest\u00e4ndig<\/strong>, <strong>k\u00f6nnen nahtlos verklebt werden<\/strong>, <strong>nicht por\u00f6s<\/strong> und in jeder Farbe erh\u00e4ltlich. Dadurch ist es f\u00fcr die unterschiedlichsten Anwendungen bestens geeignet.<\/p>\n<p>Die Kollektionen von Marlan werden vor Ort in den Niederlanden hergestellt und vollst\u00e4ndig\u00a0<strong>Personalisierung<\/strong> ist in verschiedenen Abmessungen, St\u00e4rken und Farben m\u00f6glich. Von Tischplatten, Theken und K\u00fcchenarbeitsplatten bis hin zu Wandverkleidungen und Duschb\u00f6den, Marlan Mineralwerkstoff kombiniert <strong>verschlei\u00dffeste Eigenschaften, lebensmittelechte Materialien<\/strong>\u00a0und \u00e4sthetische Perfektion in einem vielseitigen Material.<\/p>\n<p>Hervorragende Bearbeitbarkeit erm\u00f6glicht es, die Platten\u00a0<strong>ges\u00e4gt, gebohrt, geklebt, gebogen und poliert<\/strong>und bietet Innenarchitekten und Architekten unendliche Gestaltungsm\u00f6glichkeiten. Mit Marlan w\u00e4hlen Sie\u00a0<strong>nachhaltiger, lokal hergestellter Mineralwerkstoff von h\u00f6chster Qualit\u00e4t<\/strong>f\u00fcr gewerbliche und private Anwendungen geeignet.<\/p>\n<h3>Wichtigste Vorteile<\/h3>\n<ul>\n<li>Cradle-to-Cradle-zertifiziert und vollst\u00e4ndig recycelbar<\/li>\n<li>Lokal in den Niederlanden hergestellt, geringe CO\u2082-Emissionen<\/li>\n<li>Kundenspezifische Abmessungen, Dicken und Farben<\/li>\n<li>Abriebfest, feuchtigkeitsbest\u00e4ndig und lebensmittelecht<\/li>\n<li>Vielseitige Anwendungen: Arbeitsplatten, M\u00f6bel, Wandverkleidungen, Duschb\u00f6den<\/li>\n<\/ul>\n<h2>Lagerbestand von Marlan<\/h2>\n<p>Pyrasied hat Ecolan online verf\u00fcgbar, direkt ab Lager.<\/p>\n<p>Durch die Zugabe von firmeneigenen Granulaten und Pigmenten ist eine unendliche Palette von Farben und Texturen m\u00f6glich. Es ist auch m\u00f6glich, eine Platte in Ihrer eigenen Farbe zu entwickeln. F\u00fcr weitere Informationen besuchen Sie bitte <a href=\"https:\/\/pyrasied.com\/nl\/contact\/\">Kontakt<\/a> kontaktieren Sie unsere Verkaufsabteilung.<\/p>\n<h3>Eigenschaften<\/h3>\n<p>Die Ecolan-Kollektion besteht aus 30% recyceltem Material. Das neutralwei\u00dfe Design ist unendlich oft recycelbar. Es gibt keine Verschlechterung des Designs - kurz gesagt, ein geschlossener Kreis!<\/p>\n<p>Sie ist zus\u00e4tzlich:<\/p>\n<ul>\n<li>Nicht brennbar<\/li>\n<li>Erh\u00e4ltlich mit fr\u00f6hlichen Motiven<\/li>\n<li>Antibakteriell<\/li>\n<\/ul>\n<h3>Verarbeitungsm\u00f6glichkeiten<\/h3>\n<p>Marlan-Massivholz kann auf die gleiche Weise wie Hartholz bearbeitet werden. Dieses Material kann ges\u00e4gt, gefr\u00e4st und geschliffen werden. Der Mineralwerkstoff kann auch nahtlos verleimt werden.<\/p>\n<h3>Anwendungen von Marlan Mineralwerkstoff:<\/h3>\n<p>Die feuchtigkeits- und verschlei\u00dffeste Mineralwerkstoff-Kollektion von Marlan eignet sich sehr gut als dekoratives Plattenmaterial f\u00fcr Tischplatten, Theken- und Barfronten, K\u00fcchenarbeitsplatten, Waschtischm\u00f6bel, Wandverkleidungen, Duschb\u00f6den und andere Innenanwendungen. Dar\u00fcber hinaus ist das Material lebensmittelecht und kann daher mit Lebensmitteln in Ber\u00fchrung kommen, was es f\u00fcr das Gastst\u00e4ttengewerbe sehr geeignet macht. Dar\u00fcber hinaus ist Mineralwerkstoff sehr robust.<\/p>\n<p>F\u00fcr Anwendungen mit Beleuchtung, siehe <a href=\"https:\/\/shop.pyrasied.com\/de\/produkt\/versato-transluzente-steine\/\">Versato Transluzenter Stein.<\/a><\/p>","protected":false},"excerpt":{"rendered":"<p>Marlan Solid Surface ist einzigartig in Qualit\u00e4t, Haltbarkeit und M\u00f6glichkeiten Marlan ist ein niederl\u00e4ndischer Kunststoffhersteller, der eine vielf\u00e4ltige Solid Surface Kollektion anbietet. Die C2C-Zertifizierung (cradle-to-cradle) unterstreicht, dass ihre Produkte strenge Nachhaltigkeitsstandards erf\u00fcllen und in einem geschlossenen Kreislaufsystem funktionieren. Das bedeutet, dass die verwendeten Materialien vollst\u00e4ndig wiederverwendbar, recycelbar und sicher f\u00fcr Mensch und [...]<\/p>","protected":false},"featured_media":14782,"template":"","meta":{"_acf_changed":false},"product_brand":[],"product_cat":[1678,774,42],"product_tag":[],"class_list":{"0":"post-9004","1":"product","2":"type-product","3":"status-publish","4":"has-post-thumbnail","6":"product_cat-marlan","7":"product_cat-milieuvriendelijke-kunststoffen","8":"product_cat-solid-surface","10":"first","11":"instock","12":"taxable","13":"shipping-taxable","14":"purchasable","15":"product-type-variable"},"acf":[],"yoast_head":"<!-- This site is optimized with the Yoast SEO plugin v26.0 - https:\/\/yoast.com\/wordpress\/plugins\/seo\/ -->\n<title>Marlan kleuren | Pyrasied<\/title>\n<meta name=\"description\" content=\"Marlan: duurzaam C2C-gecertificeerd solid surface, volledig recyclebaar, vochtbestendig en beschikbaar in eindeloos veel kleuren en structuren.\" \/>\n<meta name=\"robots\" content=\"index, follow, max-snippet:-1, max-image-preview:large, max-video-preview:-1\" \/>\n<link rel=\"canonical\" href=\"https:\/\/shop.pyrasied.com\/de\/produkt\/marlan-kollektionen\/\" \/>\n<meta property=\"og:locale\" content=\"de_DE\" \/>\n<meta property=\"og:type\" content=\"article\" \/>\n<meta property=\"og:title\" content=\"Marlan kleuren | Pyrasied\" \/>\n<meta property=\"og:description\" content=\"Marlan: duurzaam C2C-gecertificeerd solid surface, volledig recyclebaar, vochtbestendig en beschikbaar in eindeloos veel kleuren en structuren.\" \/>\n<meta property=\"og:url\" content=\"https:\/\/shop.pyrasied.com\/de\/produkt\/marlan-kollektionen\/\" \/>\n<meta property=\"og:site_name\" content=\"Pyrasied\" \/>\n<meta property=\"article:publisher\" content=\"https:\/\/www.facebook.com\/Pyrasied\/\" \/>\n<meta property=\"article:modified_time\" content=\"2026-03-30T12:08:16+00:00\" \/>\n<meta property=\"og:image\" content=\"https:\/\/shop.pyrasied.com\/wp-content\/uploads\/2025\/07\/54724572572.jpg\" \/>\n\t<meta property=\"og:image:width\" content=\"1000\" \/>\n\t<meta property=\"og:image:height\" content=\"1000\" \/>\n\t<meta property=\"og:image:type\" content=\"image\/jpeg\" \/>\n<meta name=\"twitter:card\" content=\"summary_large_image\" \/>\n<meta name=\"twitter:label1\" content=\"Gesch\u00e4tzte Lesezeit\" \/>\n\t<meta name=\"twitter:data1\" content=\"3\u00a0Minuten\" \/>\n<script type=\"application\/ld+json\" class=\"yoast-schema-graph\">{\"@context\":\"https:\/\/schema.org\",\"@graph\":[{\"@type\":\"WebPage\",\"@id\":\"https:\/\/shop.pyrasied.com\/product\/marlan-collecties\/\",\"url\":\"https:\/\/shop.pyrasied.com\/product\/marlan-collecties\/\",\"name\":\"Marlan kleuren | Pyrasied\",\"isPartOf\":{\"@id\":\"https:\/\/shop.pyrasied.com\/de\/#website\"},\"primaryImageOfPage\":{\"@id\":\"https:\/\/shop.pyrasied.com\/product\/marlan-collecties\/#primaryimage\"},\"image\":{\"@id\":\"https:\/\/shop.pyrasied.com\/product\/marlan-collecties\/#primaryimage\"},\"thumbnailUrl\":\"https:\/\/shop.pyrasied.com\/wp-content\/uploads\/2025\/07\/54724572572.jpg\",\"datePublished\":\"2025-07-08T09:53:29+00:00\",\"dateModified\":\"2026-03-30T12:08:16+00:00\",\"description\":\"Marlan: duurzaam C2C-gecertificeerd solid surface, volledig recyclebaar, vochtbestendig en beschikbaar in eindeloos veel kleuren en structuren.\",\"breadcrumb\":{\"@id\":\"https:\/\/shop.pyrasied.com\/product\/marlan-collecties\/#breadcrumb\"},\"inLanguage\":\"de\",\"potentialAction\":[{\"@type\":\"ReadAction\",\"target\":[\"https:\/\/shop.pyrasied.com\/product\/marlan-collecties\/\"]}]},{\"@type\":\"ImageObject\",\"inLanguage\":\"de\",\"@id\":\"https:\/\/shop.pyrasied.com\/product\/marlan-collecties\/#primaryimage\",\"url\":\"https:\/\/shop.pyrasied.com\/wp-content\/uploads\/2025\/07\/54724572572.jpg\",\"contentUrl\":\"https:\/\/shop.pyrasied.com\/wp-content\/uploads\/2025\/07\/54724572572.jpg\",\"width\":1000,\"height\":1000,\"caption\":\"Marlan solid surface sample koffer\"},{\"@type\":\"BreadcrumbList\",\"@id\":\"https:\/\/shop.pyrasied.com\/product\/marlan-collecties\/#breadcrumb\",\"itemListElement\":[{\"@type\":\"ListItem\",\"position\":1,\"name\":\"Home\",\"item\":\"https:\/\/shop.pyrasied.com\/nl\/\"},{\"@type\":\"ListItem\",\"position\":2,\"name\":\"Materialen\",\"item\":\"https:\/\/shop.pyrasied.com\/nl\/materialen\/\"},{\"@type\":\"ListItem\",\"position\":3,\"name\":\"Merken\",\"item\":\"https:\/\/shop.pyrasied.com\/materialen\/merken\/\"},{\"@type\":\"ListItem\",\"position\":4,\"name\":\"Marlan\",\"item\":\"https:\/\/shop.pyrasied.com\/materialen\/merken\/marlan\/\"},{\"@type\":\"ListItem\",\"position\":5,\"name\":\"Marlan\"}]},{\"@type\":\"WebSite\",\"@id\":\"https:\/\/shop.pyrasied.com\/de\/#website\",\"url\":\"https:\/\/shop.pyrasied.com\/de\/\",\"name\":\"Pyrasied\",\"description\":\"Uit liefde voor materiaal\",\"publisher\":{\"@id\":\"https:\/\/shop.pyrasied.com\/de\/#organization\"},\"potentialAction\":[{\"@type\":\"SearchAction\",\"target\":{\"@type\":\"EntryPoint\",\"urlTemplate\":\"https:\/\/shop.pyrasied.com\/de\/?s={search_term_string}\"},\"query-input\":{\"@type\":\"PropertyValueSpecification\",\"valueRequired\":true,\"valueName\":\"search_term_string\"}}],\"inLanguage\":\"de\"},{\"@type\":\"Organization\",\"@id\":\"https:\/\/shop.pyrasied.com\/de\/#organization\",\"name\":\"Pyrasied\",\"url\":\"https:\/\/shop.pyrasied.com\/de\/\",\"logo\":{\"@type\":\"ImageObject\",\"inLanguage\":\"de\",\"@id\":\"https:\/\/shop.pyrasied.com\/de\/#\/schema\/logo\/image\/\",\"url\":\"https:\/\/shop.pyrasied.com\/wp-content\/uploads\/2025\/06\/pyrasied.jpg\",\"contentUrl\":\"https:\/\/shop.pyrasied.com\/wp-content\/uploads\/2025\/06\/pyrasied.jpg\",\"width\":1200,\"height\":630,\"caption\":\"Pyrasied\"},\"image\":{\"@id\":\"https:\/\/shop.pyrasied.com\/de\/#\/schema\/logo\/image\/\"},\"sameAs\":[\"https:\/\/www.facebook.com\/Pyrasied\/\",\"https:\/\/www.instagram.com\/pyrasied\/\"]}]}<\/script>\n<!-- \/ Yoast SEO plugin. -->","yoast_head_json":{"title":"Marlan Farben | Pyrasied","description":"Marlan: nachhaltiger C2C-zertifizierter Mineralwerkstoff, vollst\u00e4ndig recycelbar, feuchtigkeitsbest\u00e4ndig und in unz\u00e4hligen Farben und Strukturen erh\u00e4ltlich.","robots":{"index":"index","follow":"follow","max-snippet":"max-snippet:-1","max-image-preview":"max-image-preview:large","max-video-preview":"max-video-preview:-1"},"canonical":"https:\/\/shop.pyrasied.com\/de\/produkt\/marlan-kollektionen\/","og_locale":"de_DE","og_type":"article","og_title":"Marlan kleuren | Pyrasied","og_description":"Marlan: duurzaam C2C-gecertificeerd solid surface, volledig recyclebaar, vochtbestendig en beschikbaar in eindeloos veel kleuren en structuren.","og_url":"https:\/\/shop.pyrasied.com\/de\/produkt\/marlan-kollektionen\/","og_site_name":"Pyrasied","article_publisher":"https:\/\/www.facebook.com\/Pyrasied\/","article_modified_time":"2026-03-30T12:08:16+00:00","og_image":[{"width":1000,"height":1000,"url":"https:\/\/shop.pyrasied.com\/wp-content\/uploads\/2025\/07\/54724572572.jpg","type":"image\/jpeg"}],"twitter_card":"summary_large_image","twitter_misc":{"Gesch\u00e4tzte Lesezeit":"3\u00a0Minuten"},"schema":{"@context":"https:\/\/schema.org","@graph":[{"@type":"WebPage","@id":"https:\/\/shop.pyrasied.com\/product\/marlan-collecties\/","url":"https:\/\/shop.pyrasied.com\/product\/marlan-collecties\/","name":"Marlan Farben | Pyrasied","isPartOf":{"@id":"https:\/\/shop.pyrasied.com\/de\/#website"},"primaryImageOfPage":{"@id":"https:\/\/shop.pyrasied.com\/product\/marlan-collecties\/#primaryimage"},"image":{"@id":"https:\/\/shop.pyrasied.com\/product\/marlan-collecties\/#primaryimage"},"thumbnailUrl":"https:\/\/shop.pyrasied.com\/wp-content\/uploads\/2025\/07\/54724572572.jpg","datePublished":"2025-07-08T09:53:29+00:00","dateModified":"2026-03-30T12:08:16+00:00","description":"Marlan: nachhaltiger C2C-zertifizierter Mineralwerkstoff, vollst\u00e4ndig recycelbar, feuchtigkeitsbest\u00e4ndig und in unz\u00e4hligen Farben und Strukturen erh\u00e4ltlich.","breadcrumb":{"@id":"https:\/\/shop.pyrasied.com\/product\/marlan-collecties\/#breadcrumb"},"inLanguage":"de","potentialAction":[{"@type":"ReadAction","target":["https:\/\/shop.pyrasied.com\/product\/marlan-collecties\/"]}]},{"@type":"ImageObject","inLanguage":"de","@id":"https:\/\/shop.pyrasied.com\/product\/marlan-collecties\/#primaryimage","url":"https:\/\/shop.pyrasied.com\/wp-content\/uploads\/2025\/07\/54724572572.jpg","contentUrl":"https:\/\/shop.pyrasied.com\/wp-content\/uploads\/2025\/07\/54724572572.jpg","width":1000,"height":1000,"caption":"Marlan solid surface sample koffer"},{"@type":"BreadcrumbList","@id":"https:\/\/shop.pyrasied.com\/product\/marlan-collecties\/#breadcrumb","itemListElement":[{"@type":"ListItem","position":1,"name":"Home","item":"https:\/\/shop.pyrasied.com\/nl\/"},{"@type":"ListItem","position":2,"name":"Materialen","item":"https:\/\/shop.pyrasied.com\/nl\/materialen\/"},{"@type":"ListItem","position":3,"name":"Merken","item":"https:\/\/shop.pyrasied.com\/materialen\/merken\/"},{"@type":"ListItem","position":4,"name":"Marlan","item":"https:\/\/shop.pyrasied.com\/materialen\/merken\/marlan\/"},{"@type":"ListItem","position":5,"name":"Marlan"}]},{"@type":"WebSite","@id":"https:\/\/shop.pyrasied.com\/de\/#website","url":"https:\/\/shop.pyrasied.com\/de\/","name":"Pyrasied","description":"Aus Liebe zum Material","publisher":{"@id":"https:\/\/shop.pyrasied.com\/de\/#organization"},"potentialAction":[{"@type":"SearchAction","target":{"@type":"EntryPoint","urlTemplate":"https:\/\/shop.pyrasied.com\/de\/?s={search_term_string}"},"query-input":{"@type":"PropertyValueSpecification","valueRequired":true,"valueName":"search_term_string"}}],"inLanguage":"de"},{"@type":"Organization","@id":"https:\/\/shop.pyrasied.com\/de\/#organization","name":"Pyrasied","url":"https:\/\/shop.pyrasied.com\/de\/","logo":{"@type":"ImageObject","inLanguage":"de","@id":"https:\/\/shop.pyrasied.com\/de\/#\/schema\/logo\/image\/","url":"https:\/\/shop.pyrasied.com\/wp-content\/uploads\/2025\/06\/pyrasied.jpg","contentUrl":"https:\/\/shop.pyrasied.com\/wp-content\/uploads\/2025\/06\/pyrasied.jpg","width":1200,"height":630,"caption":"Pyrasied"},"image":{"@id":"https:\/\/shop.pyrasied.com\/de\/#\/schema\/logo\/image\/"},"sameAs":["https:\/\/www.facebook.com\/Pyrasied\/","https:\/\/www.instagram.com\/pyrasied\/"]}]}},"_links":{"self":[{"href":"https:\/\/shop.pyrasied.com\/de\/wp-json\/wp\/v2\/product\/9004","targetHints":{"allow":["GET"]}}],"collection":[{"href":"https:\/\/shop.pyrasied.com\/de\/wp-json\/wp\/v2\/product"}],"about":[{"href":"https:\/\/shop.pyrasied.com\/de\/wp-json\/wp\/v2\/types\/product"}],"wp:featuredmedia":[{"embeddable":true,"href":"https:\/\/shop.pyrasied.com\/de\/wp-json\/wp\/v2\/media\/14782"}],"wp:attachment":[{"href":"https:\/\/shop.pyrasied.com\/de\/wp-json\/wp\/v2\/media?parent=9004"}],"wp:term":[{"taxonomy":"product_brand","embeddable":true,"href":"https:\/\/shop.pyrasied.com\/de\/wp-json\/wp\/v2\/product_brand?post=9004"},{"taxonomy":"product_cat","embeddable":true,"href":"https:\/\/shop.pyrasied.com\/de\/wp-json\/wp\/v2\/product_cat?post=9004"},{"taxonomy":"product_tag","embeddable":true,"href":"https:\/\/shop.pyrasied.com\/de\/wp-json\/wp\/v2\/product_tag?post=9004"}],"curies":[{"name":"wp","href":"https:\/\/api.w.org\/{rel}","templated":true}]}}