{"id":8936,"date":"2025-07-08T09:53:15","date_gmt":"2025-07-08T09:53:15","guid":{"rendered":"https:\/\/pyrasiedshop.nl\/product\/exolon-collectie\/"},"modified":"2026-03-30T12:08:04","modified_gmt":"2026-03-30T12:08:04","slug":"exolon","status":"publish","type":"product","link":"https:\/\/shop.pyrasied.com\/de\/produkt\/exolon\/","title":{"rendered":"Exolon"},"content":{"rendered":"<h2>Exolon Polycarbonatplatten<\/h2>\n<p>Exolon bietet ein vielseitiges Sortiment an hochwertigen massiven und mehrwandigen Polycarbonatplatten, die f\u00fcr die unterschiedlichsten und anspruchsvollen Anforderungen in der Industrie, im Bauwesen und bei LED-Anwendungen entwickelt wurden. Diese Platten sind erh\u00e4ltlich in <strong>transparent<\/strong> (transparent) und <strong>Transluzent<\/strong> (transluzente) Varianten und unterscheiden sich durch:<\/p>\n<ul>\n<li>Au\u00dfergew\u00f6hnlich hohe Schlagfestigkeit, auch \u00fcber einen weiten Temperaturbereich<\/li>\n<li>Hohe optische Qualit\u00e4t<\/li>\n<li>Gute Brandklassen<\/li>\n<\/ul>\n<p><strong>Exolon DX<\/strong><\/p>\n<p>Die Produktlinie <strong>DX<\/strong> bietet Designern die Flexibilit\u00e4t, selbst die anspruchsvollsten Beleuchtungsideen einfach und systematisch zu inszenieren, wie z.B.:<\/p>\n<ul>\n<li>Lange, schmale Deckenlampen<\/li>\n<li>Kleine oder gro\u00dfe Abst\u00e4nde zwischen Beleuchtung und Deckung<\/li>\n<li>Einsatz von vielen LEDs mit homogener Lichtstreuung<\/li>\n<\/ul>\n<p>Je nach Zusammensetzung des Systems bieten spezielle Plattentypen die gew\u00fcnschten Funktionen wie Helligkeit, breite oder geringe Lichtstreuung und Blendschutz.<\/p>\n<h2>Verarbeitungsm\u00f6glichkeiten<\/h2>\n<p>Polycarbonat ist leicht zu verarbeiten: Es kann <a href=\"https:\/\/pyrasied.com\/nl\/diensten\/kunststofbewerking\/kunststof-zagen\/\">ges\u00e4gt<\/a>, <a href=\"https:\/\/pyrasied.com\/nl\/diensten\/kunststofbewerking\/kunststof-frezen\/\">gefr\u00e4st<\/a>, <a href=\"https:\/\/pyrasied.com\/nl\/diensten\/kunststofbewerking\/kunststof-buigen\/\">gekr\u00fcmmt<\/a>, <a href=\"https:\/\/pyrasied.com\/nl\/diensten\/kunststofbewerking\/kunststof-verlijmen\/\">geklebt<\/a>, <a href=\"https:\/\/pyrasied.com\/nl\/diensten\/kunststofbewerking\/kunststof-boren-en-tappen\/\">gebohrt<\/a>und <a href=\"https:\/\/pyrasied.com\/nl\/diensten\/kunststofbewerking\/polijsten-en-schuren\/\">poliert<\/a>. Dank der minimalen Dickentoleranz sind die Platten pr\u00e4zise und f\u00fcr kundenspezifische Anwendungen geeignet.<\/p>\n<h2>Anwendungen<\/h2>\n<p>Dank ihrer Eigenschaften sind Lichtdiffusoren sehr vielseitig einsetzbar:<\/p>\n<ul>\n<li>Leuchten: gleichm\u00e4\u00dfige Lichtverteilung mit hoher mechanischer Festigkeit.<\/li>\n<li>Schutzkappen: sto\u00dffest und langlebig, sch\u00fctzt empfindliche Komponenten.<\/li>\n<li>Displays und Beschilderungen: hervorragende optische Qualit\u00e4t und Bearbeitbarkeit f\u00fcr ma\u00dfgeschneiderte Beleuchtungsl\u00f6sungen.<\/li>\n<li>Inneneinrichtung und Design: kreativer Einsatz von dekorativem Lichtdesign.<\/li>\n<\/ul>","protected":false},"excerpt":{"rendered":"<p>Exolon Polycarbonatplatten Exolon steht f\u00fcr ein vielseitiges Angebot an hochwertigen massiven und mehrwandigen Polycarbonatplatten, die f\u00fcr die unterschiedlichsten und anspruchsvollen Anforderungen in Industrie-, Bau- und LED-Anwendungen entwickelt wurden. Erh\u00e4ltlich in transparenten (transluzenten) und transluzenten (durchscheinenden) Varianten, zeichnen sich diese Platten aus durch: Au\u00dfergew\u00f6hnlich hohe Schlagz\u00e4higkeit, auch \u00fcber einen weiten Temperaturbereich Hohe [...]<\/p>","protected":false},"featured_media":13562,"template":"","meta":{"_acf_changed":false},"product_brand":[],"product_cat":[34],"product_tag":[584,1720],"class_list":{"0":"post-8936","1":"product","2":"type-product","3":"status-publish","4":"has-post-thumbnail","6":"product_cat-lichtdiffusers","7":"product_tag-polycarbonaat","8":"product_tag-verlichting","10":"first","11":"instock","12":"taxable","13":"shipping-taxable","14":"purchasable","15":"product-type-variable"},"acf":[],"yoast_head":"<!-- This site is optimized with the Yoast SEO plugin v26.0 - https:\/\/yoast.com\/wordpress\/plugins\/seo\/ -->\n<title>Exolon | Pyrasied<\/title>\n<meta name=\"description\" content=\"Exolon polycarbonaat: slagvast, transparant en veelzijdig, ideaal voor industrie, bouw en LED-toepassingen met optimale lichtdiffusie.\" \/>\n<meta name=\"robots\" content=\"index, follow, max-snippet:-1, max-image-preview:large, max-video-preview:-1\" \/>\n<link rel=\"canonical\" href=\"https:\/\/shop.pyrasied.com\/de\/produkt\/exolon\/\" \/>\n<meta property=\"og:locale\" content=\"de_DE\" \/>\n<meta property=\"og:type\" content=\"article\" \/>\n<meta property=\"og:title\" content=\"Exolon | Pyrasied\" \/>\n<meta property=\"og:description\" content=\"Exolon polycarbonaat: slagvast, transparant en veelzijdig, ideaal voor industrie, bouw en LED-toepassingen met optimale lichtdiffusie.\" \/>\n<meta property=\"og:url\" content=\"https:\/\/shop.pyrasied.com\/de\/produkt\/exolon\/\" \/>\n<meta property=\"og:site_name\" content=\"Pyrasied\" \/>\n<meta property=\"article:publisher\" content=\"https:\/\/www.facebook.com\/Pyrasied\/\" \/>\n<meta property=\"article:modified_time\" content=\"2026-03-30T12:08:04+00:00\" \/>\n<meta property=\"og:image\" content=\"https:\/\/shop.pyrasied.com\/wp-content\/uploads\/2025\/07\/MakrolonDX_white22.jpg\" \/>\n\t<meta property=\"og:image:width\" content=\"1000\" \/>\n\t<meta property=\"og:image:height\" content=\"1000\" \/>\n\t<meta property=\"og:image:type\" content=\"image\/jpeg\" \/>\n<meta name=\"twitter:card\" content=\"summary_large_image\" \/>\n<meta name=\"twitter:label1\" content=\"Gesch\u00e4tzte Lesezeit\" \/>\n\t<meta name=\"twitter:data1\" content=\"2\u00a0Minuten\" \/>\n<script type=\"application\/ld+json\" class=\"yoast-schema-graph\">{\"@context\":\"https:\/\/schema.org\",\"@graph\":[{\"@type\":\"WebPage\",\"@id\":\"https:\/\/shop.pyrasied.com\/de\/produkt\/exolon\/\",\"url\":\"https:\/\/shop.pyrasied.com\/de\/produkt\/exolon\/\",\"name\":\"Exolon | Pyrasied\",\"isPartOf\":{\"@id\":\"https:\/\/shop.pyrasied.com\/de\/#website\"},\"primaryImageOfPage\":{\"@id\":\"https:\/\/shop.pyrasied.com\/de\/produkt\/exolon\/#primaryimage\"},\"image\":{\"@id\":\"https:\/\/shop.pyrasied.com\/de\/produkt\/exolon\/#primaryimage\"},\"thumbnailUrl\":\"https:\/\/shop.pyrasied.com\/wp-content\/uploads\/2025\/07\/MakrolonDX_white22.jpg\",\"datePublished\":\"2025-07-08T09:53:15+00:00\",\"dateModified\":\"2026-03-30T12:08:04+00:00\",\"description\":\"Exolon polycarbonaat: slagvast, transparant en veelzijdig, ideaal voor industrie, bouw en LED-toepassingen met optimale lichtdiffusie.\",\"breadcrumb\":{\"@id\":\"https:\/\/shop.pyrasied.com\/de\/produkt\/exolon\/#breadcrumb\"},\"inLanguage\":\"de\",\"potentialAction\":[{\"@type\":\"ReadAction\",\"target\":[\"https:\/\/shop.pyrasied.com\/de\/produkt\/exolon\/\"]}]},{\"@type\":\"ImageObject\",\"inLanguage\":\"de\",\"@id\":\"https:\/\/shop.pyrasied.com\/de\/produkt\/exolon\/#primaryimage\",\"url\":\"https:\/\/shop.pyrasied.com\/wp-content\/uploads\/2025\/07\/MakrolonDX_white22.jpg\",\"contentUrl\":\"https:\/\/shop.pyrasied.com\/wp-content\/uploads\/2025\/07\/MakrolonDX_white22.jpg\",\"width\":1000,\"height\":1000,\"caption\":\"Exolon lichtdiffusers\"},{\"@type\":\"BreadcrumbList\",\"@id\":\"https:\/\/shop.pyrasied.com\/de\/produkt\/exolon\/#breadcrumb\",\"itemListElement\":[{\"@type\":\"ListItem\",\"position\":1,\"name\":\"Home\",\"item\":\"https:\/\/shop.pyrasied.com\/nl\/\"},{\"@type\":\"ListItem\",\"position\":2,\"name\":\"Materialen\",\"item\":\"https:\/\/shop.pyrasied.com\/nl\/materialen\/\"},{\"@type\":\"ListItem\",\"position\":3,\"name\":\"Lichtdiffusers\",\"item\":\"https:\/\/shop.pyrasied.com\/de\/materialien\/lichtzerstreuer\/\"},{\"@type\":\"ListItem\",\"position\":4,\"name\":\"Exolon\"}]},{\"@type\":\"WebSite\",\"@id\":\"https:\/\/shop.pyrasied.com\/de\/#website\",\"url\":\"https:\/\/shop.pyrasied.com\/de\/\",\"name\":\"Pyrasied\",\"description\":\"Uit liefde voor materiaal\",\"publisher\":{\"@id\":\"https:\/\/shop.pyrasied.com\/de\/#organization\"},\"potentialAction\":[{\"@type\":\"SearchAction\",\"target\":{\"@type\":\"EntryPoint\",\"urlTemplate\":\"https:\/\/shop.pyrasied.com\/de\/?s={search_term_string}\"},\"query-input\":{\"@type\":\"PropertyValueSpecification\",\"valueRequired\":true,\"valueName\":\"search_term_string\"}}],\"inLanguage\":\"de\"},{\"@type\":\"Organization\",\"@id\":\"https:\/\/shop.pyrasied.com\/de\/#organization\",\"name\":\"Pyrasied\",\"url\":\"https:\/\/shop.pyrasied.com\/de\/\",\"logo\":{\"@type\":\"ImageObject\",\"inLanguage\":\"de\",\"@id\":\"https:\/\/shop.pyrasied.com\/de\/#\/schema\/logo\/image\/\",\"url\":\"https:\/\/shop.pyrasied.com\/wp-content\/uploads\/2025\/06\/pyrasied.jpg\",\"contentUrl\":\"https:\/\/shop.pyrasied.com\/wp-content\/uploads\/2025\/06\/pyrasied.jpg\",\"width\":1200,\"height\":630,\"caption\":\"Pyrasied\"},\"image\":{\"@id\":\"https:\/\/shop.pyrasied.com\/de\/#\/schema\/logo\/image\/\"},\"sameAs\":[\"https:\/\/www.facebook.com\/Pyrasied\/\",\"https:\/\/www.instagram.com\/pyrasied\/\"]}]}<\/script>\n<!-- \/ Yoast SEO plugin. -->","yoast_head_json":{"title":"Exolon | Pyrasied","description":"Exolon Polycarbonat: schlagfest, transparent und vielseitig, ideal f\u00fcr Industrie, Bauwesen und LED-Anwendungen mit optimaler Lichtstreuung.","robots":{"index":"index","follow":"follow","max-snippet":"max-snippet:-1","max-image-preview":"max-image-preview:large","max-video-preview":"max-video-preview:-1"},"canonical":"https:\/\/shop.pyrasied.com\/de\/produkt\/exolon\/","og_locale":"de_DE","og_type":"article","og_title":"Exolon | Pyrasied","og_description":"Exolon polycarbonaat: slagvast, transparant en veelzijdig, ideaal voor industrie, bouw en LED-toepassingen met optimale lichtdiffusie.","og_url":"https:\/\/shop.pyrasied.com\/de\/produkt\/exolon\/","og_site_name":"Pyrasied","article_publisher":"https:\/\/www.facebook.com\/Pyrasied\/","article_modified_time":"2026-03-30T12:08:04+00:00","og_image":[{"width":1000,"height":1000,"url":"https:\/\/shop.pyrasied.com\/wp-content\/uploads\/2025\/07\/MakrolonDX_white22.jpg","type":"image\/jpeg"}],"twitter_card":"summary_large_image","twitter_misc":{"Gesch\u00e4tzte Lesezeit":"2\u00a0Minuten"},"schema":{"@context":"https:\/\/schema.org","@graph":[{"@type":"WebPage","@id":"https:\/\/shop.pyrasied.com\/de\/produkt\/exolon\/","url":"https:\/\/shop.pyrasied.com\/de\/produkt\/exolon\/","name":"Exolon | Pyrasied","isPartOf":{"@id":"https:\/\/shop.pyrasied.com\/de\/#website"},"primaryImageOfPage":{"@id":"https:\/\/shop.pyrasied.com\/de\/produkt\/exolon\/#primaryimage"},"image":{"@id":"https:\/\/shop.pyrasied.com\/de\/produkt\/exolon\/#primaryimage"},"thumbnailUrl":"https:\/\/shop.pyrasied.com\/wp-content\/uploads\/2025\/07\/MakrolonDX_white22.jpg","datePublished":"2025-07-08T09:53:15+00:00","dateModified":"2026-03-30T12:08:04+00:00","description":"Exolon Polycarbonat: schlagfest, transparent und vielseitig, ideal f\u00fcr Industrie, Bauwesen und LED-Anwendungen mit optimaler Lichtstreuung.","breadcrumb":{"@id":"https:\/\/shop.pyrasied.com\/de\/produkt\/exolon\/#breadcrumb"},"inLanguage":"de","potentialAction":[{"@type":"ReadAction","target":["https:\/\/shop.pyrasied.com\/de\/produkt\/exolon\/"]}]},{"@type":"ImageObject","inLanguage":"de","@id":"https:\/\/shop.pyrasied.com\/de\/produkt\/exolon\/#primaryimage","url":"https:\/\/shop.pyrasied.com\/wp-content\/uploads\/2025\/07\/MakrolonDX_white22.jpg","contentUrl":"https:\/\/shop.pyrasied.com\/wp-content\/uploads\/2025\/07\/MakrolonDX_white22.jpg","width":1000,"height":1000,"caption":"Exolon lichtdiffusers"},{"@type":"BreadcrumbList","@id":"https:\/\/shop.pyrasied.com\/de\/produkt\/exolon\/#breadcrumb","itemListElement":[{"@type":"ListItem","position":1,"name":"Home","item":"https:\/\/shop.pyrasied.com\/nl\/"},{"@type":"ListItem","position":2,"name":"Materialen","item":"https:\/\/shop.pyrasied.com\/nl\/materialen\/"},{"@type":"ListItem","position":3,"name":"Lichtdiffusers","item":"https:\/\/shop.pyrasied.com\/de\/materialien\/lichtzerstreuer\/"},{"@type":"ListItem","position":4,"name":"Exolon"}]},{"@type":"WebSite","@id":"https:\/\/shop.pyrasied.com\/de\/#website","url":"https:\/\/shop.pyrasied.com\/de\/","name":"Pyrasied","description":"Aus Liebe zum Material","publisher":{"@id":"https:\/\/shop.pyrasied.com\/de\/#organization"},"potentialAction":[{"@type":"SearchAction","target":{"@type":"EntryPoint","urlTemplate":"https:\/\/shop.pyrasied.com\/de\/?s={search_term_string}"},"query-input":{"@type":"PropertyValueSpecification","valueRequired":true,"valueName":"search_term_string"}}],"inLanguage":"de"},{"@type":"Organization","@id":"https:\/\/shop.pyrasied.com\/de\/#organization","name":"Pyrasied","url":"https:\/\/shop.pyrasied.com\/de\/","logo":{"@type":"ImageObject","inLanguage":"de","@id":"https:\/\/shop.pyrasied.com\/de\/#\/schema\/logo\/image\/","url":"https:\/\/shop.pyrasied.com\/wp-content\/uploads\/2025\/06\/pyrasied.jpg","contentUrl":"https:\/\/shop.pyrasied.com\/wp-content\/uploads\/2025\/06\/pyrasied.jpg","width":1200,"height":630,"caption":"Pyrasied"},"image":{"@id":"https:\/\/shop.pyrasied.com\/de\/#\/schema\/logo\/image\/"},"sameAs":["https:\/\/www.facebook.com\/Pyrasied\/","https:\/\/www.instagram.com\/pyrasied\/"]}]}},"_links":{"self":[{"href":"https:\/\/shop.pyrasied.com\/de\/wp-json\/wp\/v2\/product\/8936","targetHints":{"allow":["GET"]}}],"collection":[{"href":"https:\/\/shop.pyrasied.com\/de\/wp-json\/wp\/v2\/product"}],"about":[{"href":"https:\/\/shop.pyrasied.com\/de\/wp-json\/wp\/v2\/types\/product"}],"wp:featuredmedia":[{"embeddable":true,"href":"https:\/\/shop.pyrasied.com\/de\/wp-json\/wp\/v2\/media\/13562"}],"wp:attachment":[{"href":"https:\/\/shop.pyrasied.com\/de\/wp-json\/wp\/v2\/media?parent=8936"}],"wp:term":[{"taxonomy":"product_brand","embeddable":true,"href":"https:\/\/shop.pyrasied.com\/de\/wp-json\/wp\/v2\/product_brand?post=8936"},{"taxonomy":"product_cat","embeddable":true,"href":"https:\/\/shop.pyrasied.com\/de\/wp-json\/wp\/v2\/product_cat?post=8936"},{"taxonomy":"product_tag","embeddable":true,"href":"https:\/\/shop.pyrasied.com\/de\/wp-json\/wp\/v2\/product_tag?post=8936"}],"curies":[{"name":"wp","href":"https:\/\/api.w.org\/{rel}","templated":true}]}}