{"id":8914,"date":"2025-07-08T09:53:11","date_gmt":"2025-07-08T09:53:11","guid":{"rendered":"https:\/\/pyrasiedshop.nl\/product\/suprolux-collectie\/"},"modified":"2026-03-30T12:07:41","modified_gmt":"2026-03-30T12:07:41","slug":"suprolux","status":"publish","type":"product","link":"https:\/\/shop.pyrasied.com\/de\/produkt\/suprolux\/","title":{"rendered":"Suprolux"},"content":{"rendered":"<h2>Suprolux-Strukturen<\/h2>\n<p>Suprolux-Strukturen sind hochwertige optische Kunststoffe, die das Licht nicht nur streuen, sondern gezielt lenken oder vervielfachen. Diese Strukturplatten sind ideal f\u00fcr Anwendungen, bei denen das Licht genau auf einen bestimmten Punkt fallen oder vermieden werden soll. Dank ihrer Mikrostrukturen bieten sie eine Quasi-Diffusivit\u00e4t mit hoher Lichtausbeute und einen g\u00fcnstigen Beitrag zum UGR-Wert.<\/p>\n<p>Suprolux-Strukturen bieten eine hohe Steifigkeit, Schlagfestigkeit und minimale Dickentoleranz und sind somit eine hochwertige und erschwingliche L\u00f6sung. Mit einem der gr\u00f6\u00dften Lagerbest\u00e4nde an Lichtdiffusoren, Opalplatten und strukturierten Platten bietet Suprolux ein komplettes Sortiment f\u00fcr eine Vielzahl von Beleuchtungsanwendungen.<\/p>\n<h3>Verf\u00fcgbare Materialien<\/h3>\n<ul>\n<li><strong>Polycarbonat (PC):<\/strong> schlagfest, feuerhemmend und f\u00fcr industrielle Anwendungen geeignet.<\/li>\n<li><strong>Acryl (PMMA):<\/strong> optisch rein und UV-best\u00e4ndig f\u00fcr den langfristigen Au\u00dfeneinsatz.<\/li>\n<li><strong>PET-G:<\/strong> Leicht verformbar mit hoher Lichtdurchl\u00e4ssigkeit, ideal f\u00fcr die Thermoformung.<\/li>\n<li><strong>Polystyrol:<\/strong> steif und formstabil mit minimaler Dickentoleranz, geeignet f\u00fcr Standardbeleuchtungsarmaturen.<\/li>\n<\/ul>\n<h2>Verarbeitungsm\u00f6glichkeiten<\/h2>\n<p>Die Bearbeitungsm\u00f6glichkeiten h\u00e4ngen vom Material ab.<\/p>\n<p>Sie k\u00f6nnen Polycarbonat verwenden <a href=\"https:\/\/pyrasied.com\/nl\/diensten\/kunststofbewerking\/kunststof-zagen\/\">siehe<\/a>, <a href=\"https:\/\/pyrasied.com\/nl\/diensten\/kunststofbewerking\/kunststof-frezen\/\">fr\u00e4sen<\/a>, <a href=\"https:\/\/pyrasied.com\/nl\/diensten\/kunststofbewerking\/kunststof-buigen\/\">biegen<\/a>, <a href=\"https:\/\/pyrasied.com\/nl\/diensten\/kunststofbewerking\/kunststof-verlijmen\/\">Kleben<\/a>, <a href=\"https:\/\/pyrasied.com\/nl\/diensten\/kunststofbewerking\/kunststof-boren-en-tappen\/\">bohren <\/a>und <a href=\"https:\/\/pyrasied.com\/nl\/diensten\/kunststofbewerking\/polijsten-en-schuren\/\">Polieren<\/a>. Acryl kann auch sein <a href=\"https:\/\/pyrasied.com\/nl\/diensten\/kunststofbewerking\/kunststof-laseren\/\">Laser<\/a>.<\/p>\n<p>In unserer Werkstatt fertigen wir ma\u00dfgeschneiderte Produkte nach Zeichnung oder Entwurf, wobei Hightech-Maschinen und handwerkliches K\u00f6nnen zusammenkommen, um die besten Ergebnisse zu erzielen.<\/p>\n<p>M\u00f6chten Sie mehr \u00fcber unsere T\u00e4tigkeit erfahren? Besuchen Sie unsere Website unter <a href=\"https:\/\/pyrasied.com\/nl\/diensten\/kunststofbewerking\/\" target=\"_blank\" rel=\"noopener\">Operationen<\/a>.<\/p>\n<h3>Anwendungen<\/h3>\n<ul>\n<li>Leuchten und beleuchtete Tafeln<\/li>\n<li>Wand- und Deckeninstallationen<\/li>\n<li>Vitrinen und Ausstellungsbeleuchtung<\/li>\n<li>Luxuri\u00f6se Innenraumprojekte<\/li>\n<\/ul>\n<p>&nbsp;<\/p>","protected":false},"excerpt":{"rendered":"<p>Suprolux-Strukturen Suprolux-Strukturen sind hochwertige optische Kunststoffe, die das Licht gezielt lenken oder vervielfachen, anstatt es nur zu streuen. Diese Strukturplatten sind ideal f\u00fcr Anwendungen, bei denen das Licht genau auf einen bestimmten Punkt fallen oder vermieden werden soll. Dank ihrer Mikrostrukturen bieten sie eine Quasi-Diffusivit\u00e4t mit einer [...]<\/p>","protected":false},"featured_media":13519,"template":"","meta":{"_acf_changed":false},"product_brand":[],"product_cat":[45,34],"product_tag":[1762,1720],"class_list":{"0":"post-8914","1":"product","2":"type-product","3":"status-publish","4":"has-post-thumbnail","6":"product_cat-suprolux","7":"product_cat-lichtdiffusers","8":"product_tag-lichtdiffusers","9":"product_tag-verlichting","11":"first","12":"instock","13":"taxable","14":"shipping-taxable","15":"purchasable","16":"product-type-variable"},"acf":[],"yoast_head":"<!-- This site is optimized with the Yoast SEO plugin v26.0 - https:\/\/yoast.com\/wordpress\/plugins\/seo\/ -->\n<title>Suprolux - lichtdiffusers | Pyrasied<\/title>\n<meta name=\"description\" content=\"Suprolux Structures: hoogwaardige optische kunststoffen voor gericht licht en optimale UGR. Exclusief verkrijgbaar bij Pyrasied.\" \/>\n<meta name=\"robots\" content=\"index, follow, max-snippet:-1, max-image-preview:large, max-video-preview:-1\" \/>\n<link rel=\"canonical\" href=\"https:\/\/shop.pyrasied.com\/de\/produkt\/suprolux\/\" \/>\n<meta property=\"og:locale\" content=\"de_DE\" \/>\n<meta property=\"og:type\" content=\"article\" \/>\n<meta property=\"og:title\" content=\"Suprolux - lichtdiffusers | Pyrasied\" \/>\n<meta property=\"og:description\" content=\"Suprolux Structures: hoogwaardige optische kunststoffen voor gericht licht en optimale UGR. Exclusief verkrijgbaar bij Pyrasied.\" \/>\n<meta property=\"og:url\" content=\"https:\/\/shop.pyrasied.com\/de\/produkt\/suprolux\/\" \/>\n<meta property=\"og:site_name\" content=\"Pyrasied\" \/>\n<meta property=\"article:publisher\" content=\"https:\/\/www.facebook.com\/Pyrasied\/\" \/>\n<meta property=\"article:modified_time\" content=\"2026-03-30T12:07:41+00:00\" \/>\n<meta property=\"og:image\" content=\"https:\/\/shop.pyrasied.com\/wp-content\/uploads\/2025\/07\/Structuurdiffusers-overzicht.jpg\" \/>\n\t<meta property=\"og:image:width\" content=\"1000\" \/>\n\t<meta property=\"og:image:height\" content=\"1000\" \/>\n\t<meta property=\"og:image:type\" content=\"image\/jpeg\" \/>\n<meta name=\"twitter:card\" content=\"summary_large_image\" \/>\n<meta name=\"twitter:label1\" content=\"Gesch\u00e4tzte Lesezeit\" \/>\n\t<meta name=\"twitter:data1\" content=\"2\u00a0Minuten\" \/>\n<script type=\"application\/ld+json\" class=\"yoast-schema-graph\">{\"@context\":\"https:\/\/schema.org\",\"@graph\":[{\"@type\":\"WebPage\",\"@id\":\"https:\/\/shop.pyrasied.com\/product\/suprolux\/\",\"url\":\"https:\/\/shop.pyrasied.com\/product\/suprolux\/\",\"name\":\"Suprolux - lichtdiffusers | Pyrasied\",\"isPartOf\":{\"@id\":\"https:\/\/shop.pyrasied.com\/de\/#website\"},\"primaryImageOfPage\":{\"@id\":\"https:\/\/shop.pyrasied.com\/product\/suprolux\/#primaryimage\"},\"image\":{\"@id\":\"https:\/\/shop.pyrasied.com\/product\/suprolux\/#primaryimage\"},\"thumbnailUrl\":\"https:\/\/shop.pyrasied.com\/wp-content\/uploads\/2025\/07\/Structuurdiffusers-overzicht.jpg\",\"datePublished\":\"2025-07-08T09:53:11+00:00\",\"dateModified\":\"2026-03-30T12:07:41+00:00\",\"description\":\"Suprolux Structures: hoogwaardige optische kunststoffen voor gericht licht en optimale UGR. Exclusief verkrijgbaar bij Pyrasied.\",\"breadcrumb\":{\"@id\":\"https:\/\/shop.pyrasied.com\/product\/suprolux\/#breadcrumb\"},\"inLanguage\":\"de\",\"potentialAction\":[{\"@type\":\"ReadAction\",\"target\":[\"https:\/\/shop.pyrasied.com\/product\/suprolux\/\"]}]},{\"@type\":\"ImageObject\",\"inLanguage\":\"de\",\"@id\":\"https:\/\/shop.pyrasied.com\/product\/suprolux\/#primaryimage\",\"url\":\"https:\/\/shop.pyrasied.com\/wp-content\/uploads\/2025\/07\/Structuurdiffusers-overzicht.jpg\",\"contentUrl\":\"https:\/\/shop.pyrasied.com\/wp-content\/uploads\/2025\/07\/Structuurdiffusers-overzicht.jpg\",\"width\":1000,\"height\":1000,\"caption\":\"Suprolux lichtdiffusers\"},{\"@type\":\"BreadcrumbList\",\"@id\":\"https:\/\/shop.pyrasied.com\/product\/suprolux\/#breadcrumb\",\"itemListElement\":[{\"@type\":\"ListItem\",\"position\":1,\"name\":\"Home\",\"item\":\"https:\/\/shop.pyrasied.com\/nl\/\"},{\"@type\":\"ListItem\",\"position\":2,\"name\":\"Materialen\",\"item\":\"https:\/\/shop.pyrasied.com\/nl\/materialen\/\"},{\"@type\":\"ListItem\",\"position\":3,\"name\":\"Merken\",\"item\":\"https:\/\/shop.pyrasied.com\/materialen\/merken\/\"},{\"@type\":\"ListItem\",\"position\":4,\"name\":\"Suprolux\",\"item\":\"https:\/\/shop.pyrasied.com\/materialen\/merken\/suprolux\/\"},{\"@type\":\"ListItem\",\"position\":5,\"name\":\"Suprolux\"}]},{\"@type\":\"WebSite\",\"@id\":\"https:\/\/shop.pyrasied.com\/de\/#website\",\"url\":\"https:\/\/shop.pyrasied.com\/de\/\",\"name\":\"Pyrasied\",\"description\":\"Uit liefde voor materiaal\",\"publisher\":{\"@id\":\"https:\/\/shop.pyrasied.com\/de\/#organization\"},\"potentialAction\":[{\"@type\":\"SearchAction\",\"target\":{\"@type\":\"EntryPoint\",\"urlTemplate\":\"https:\/\/shop.pyrasied.com\/de\/?s={search_term_string}\"},\"query-input\":{\"@type\":\"PropertyValueSpecification\",\"valueRequired\":true,\"valueName\":\"search_term_string\"}}],\"inLanguage\":\"de\"},{\"@type\":\"Organization\",\"@id\":\"https:\/\/shop.pyrasied.com\/de\/#organization\",\"name\":\"Pyrasied\",\"url\":\"https:\/\/shop.pyrasied.com\/de\/\",\"logo\":{\"@type\":\"ImageObject\",\"inLanguage\":\"de\",\"@id\":\"https:\/\/shop.pyrasied.com\/de\/#\/schema\/logo\/image\/\",\"url\":\"https:\/\/shop.pyrasied.com\/wp-content\/uploads\/2025\/06\/pyrasied.jpg\",\"contentUrl\":\"https:\/\/shop.pyrasied.com\/wp-content\/uploads\/2025\/06\/pyrasied.jpg\",\"width\":1200,\"height\":630,\"caption\":\"Pyrasied\"},\"image\":{\"@id\":\"https:\/\/shop.pyrasied.com\/de\/#\/schema\/logo\/image\/\"},\"sameAs\":[\"https:\/\/www.facebook.com\/Pyrasied\/\",\"https:\/\/www.instagram.com\/pyrasied\/\"]}]}<\/script>\n<!-- \/ Yoast SEO plugin. -->","yoast_head_json":{"title":"Suprolux - Lichtverteiler | Pyrasied","description":"Suprolux-Strukturen: hochwertige optische Kunststoffe f\u00fcr gerichtetes Licht und optimale UGR. Exklusiv erh\u00e4ltlich bei Pyrasied.","robots":{"index":"index","follow":"follow","max-snippet":"max-snippet:-1","max-image-preview":"max-image-preview:large","max-video-preview":"max-video-preview:-1"},"canonical":"https:\/\/shop.pyrasied.com\/de\/produkt\/suprolux\/","og_locale":"de_DE","og_type":"article","og_title":"Suprolux - lichtdiffusers | Pyrasied","og_description":"Suprolux Structures: hoogwaardige optische kunststoffen voor gericht licht en optimale UGR. Exclusief verkrijgbaar bij Pyrasied.","og_url":"https:\/\/shop.pyrasied.com\/de\/produkt\/suprolux\/","og_site_name":"Pyrasied","article_publisher":"https:\/\/www.facebook.com\/Pyrasied\/","article_modified_time":"2026-03-30T12:07:41+00:00","og_image":[{"width":1000,"height":1000,"url":"https:\/\/shop.pyrasied.com\/wp-content\/uploads\/2025\/07\/Structuurdiffusers-overzicht.jpg","type":"image\/jpeg"}],"twitter_card":"summary_large_image","twitter_misc":{"Gesch\u00e4tzte Lesezeit":"2\u00a0Minuten"},"schema":{"@context":"https:\/\/schema.org","@graph":[{"@type":"WebPage","@id":"https:\/\/shop.pyrasied.com\/product\/suprolux\/","url":"https:\/\/shop.pyrasied.com\/product\/suprolux\/","name":"Suprolux - Lichtverteiler | Pyrasied","isPartOf":{"@id":"https:\/\/shop.pyrasied.com\/de\/#website"},"primaryImageOfPage":{"@id":"https:\/\/shop.pyrasied.com\/product\/suprolux\/#primaryimage"},"image":{"@id":"https:\/\/shop.pyrasied.com\/product\/suprolux\/#primaryimage"},"thumbnailUrl":"https:\/\/shop.pyrasied.com\/wp-content\/uploads\/2025\/07\/Structuurdiffusers-overzicht.jpg","datePublished":"2025-07-08T09:53:11+00:00","dateModified":"2026-03-30T12:07:41+00:00","description":"Suprolux-Strukturen: hochwertige optische Kunststoffe f\u00fcr gerichtetes Licht und optimale UGR. Exklusiv erh\u00e4ltlich bei Pyrasied.","breadcrumb":{"@id":"https:\/\/shop.pyrasied.com\/product\/suprolux\/#breadcrumb"},"inLanguage":"de","potentialAction":[{"@type":"ReadAction","target":["https:\/\/shop.pyrasied.com\/product\/suprolux\/"]}]},{"@type":"ImageObject","inLanguage":"de","@id":"https:\/\/shop.pyrasied.com\/product\/suprolux\/#primaryimage","url":"https:\/\/shop.pyrasied.com\/wp-content\/uploads\/2025\/07\/Structuurdiffusers-overzicht.jpg","contentUrl":"https:\/\/shop.pyrasied.com\/wp-content\/uploads\/2025\/07\/Structuurdiffusers-overzicht.jpg","width":1000,"height":1000,"caption":"Suprolux lichtdiffusers"},{"@type":"BreadcrumbList","@id":"https:\/\/shop.pyrasied.com\/product\/suprolux\/#breadcrumb","itemListElement":[{"@type":"ListItem","position":1,"name":"Home","item":"https:\/\/shop.pyrasied.com\/nl\/"},{"@type":"ListItem","position":2,"name":"Materialen","item":"https:\/\/shop.pyrasied.com\/nl\/materialen\/"},{"@type":"ListItem","position":3,"name":"Merken","item":"https:\/\/shop.pyrasied.com\/materialen\/merken\/"},{"@type":"ListItem","position":4,"name":"Suprolux","item":"https:\/\/shop.pyrasied.com\/materialen\/merken\/suprolux\/"},{"@type":"ListItem","position":5,"name":"Suprolux"}]},{"@type":"WebSite","@id":"https:\/\/shop.pyrasied.com\/de\/#website","url":"https:\/\/shop.pyrasied.com\/de\/","name":"Pyrasied","description":"Aus Liebe zum Material","publisher":{"@id":"https:\/\/shop.pyrasied.com\/de\/#organization"},"potentialAction":[{"@type":"SearchAction","target":{"@type":"EntryPoint","urlTemplate":"https:\/\/shop.pyrasied.com\/de\/?s={search_term_string}"},"query-input":{"@type":"PropertyValueSpecification","valueRequired":true,"valueName":"search_term_string"}}],"inLanguage":"de"},{"@type":"Organization","@id":"https:\/\/shop.pyrasied.com\/de\/#organization","name":"Pyrasied","url":"https:\/\/shop.pyrasied.com\/de\/","logo":{"@type":"ImageObject","inLanguage":"de","@id":"https:\/\/shop.pyrasied.com\/de\/#\/schema\/logo\/image\/","url":"https:\/\/shop.pyrasied.com\/wp-content\/uploads\/2025\/06\/pyrasied.jpg","contentUrl":"https:\/\/shop.pyrasied.com\/wp-content\/uploads\/2025\/06\/pyrasied.jpg","width":1200,"height":630,"caption":"Pyrasied"},"image":{"@id":"https:\/\/shop.pyrasied.com\/de\/#\/schema\/logo\/image\/"},"sameAs":["https:\/\/www.facebook.com\/Pyrasied\/","https:\/\/www.instagram.com\/pyrasied\/"]}]}},"_links":{"self":[{"href":"https:\/\/shop.pyrasied.com\/de\/wp-json\/wp\/v2\/product\/8914","targetHints":{"allow":["GET"]}}],"collection":[{"href":"https:\/\/shop.pyrasied.com\/de\/wp-json\/wp\/v2\/product"}],"about":[{"href":"https:\/\/shop.pyrasied.com\/de\/wp-json\/wp\/v2\/types\/product"}],"wp:featuredmedia":[{"embeddable":true,"href":"https:\/\/shop.pyrasied.com\/de\/wp-json\/wp\/v2\/media\/13519"}],"wp:attachment":[{"href":"https:\/\/shop.pyrasied.com\/de\/wp-json\/wp\/v2\/media?parent=8914"}],"wp:term":[{"taxonomy":"product_brand","embeddable":true,"href":"https:\/\/shop.pyrasied.com\/de\/wp-json\/wp\/v2\/product_brand?post=8914"},{"taxonomy":"product_cat","embeddable":true,"href":"https:\/\/shop.pyrasied.com\/de\/wp-json\/wp\/v2\/product_cat?post=8914"},{"taxonomy":"product_tag","embeddable":true,"href":"https:\/\/shop.pyrasied.com\/de\/wp-json\/wp\/v2\/product_tag?post=8914"}],"curies":[{"name":"wp","href":"https:\/\/api.w.org\/{rel}","templated":true}]}}