{"id":8907,"date":"2025-07-08T09:53:06","date_gmt":"2025-07-08T09:53:06","guid":{"rendered":"https:\/\/pyrasiedshop.nl\/product\/pyraled-collectie\/"},"modified":"2026-03-30T12:08:05","modified_gmt":"2026-03-30T12:08:05","slug":"pyraled","status":"publish","type":"product","link":"https:\/\/shop.pyrasied.com\/de\/produkt\/pyraled\/","title":{"rendered":"Pyraled"},"content":{"rendered":"<h2>Pyraled Kollektion<\/h2>\n<p>Die Kollektion Pyraled besteht aus hochwertigen Lichtdiffusoren aus gegossenem Acryl, die in gl\u00e4nzend oder satiniert erh\u00e4ltlich sind. Die Platten sind strukturlos und bieten eine weiche und gleichm\u00e4\u00dfige Lichtverteilung, ohne sichtbare Struktur. Dies macht das Material ideal f\u00fcr Anwendungen, bei denen ein elegantes und professionelles Erscheinungsbild wichtig ist, wie z. B. bei der Architekturbeleuchtung, der Displaybeleuchtung und bei Innenraumprojekten.<\/p>\n<h3>Eigenschaften<\/h3>\n<ul>\n<li>Weiche und gleichm\u00e4\u00dfige Lichtverteilung ohne sichtbare Struktur<\/li>\n<li>UV-best\u00e4ndig und farbecht bei l\u00e4ngerer Einwirkung von Sonnenlicht<\/li>\n<li>Einfache Bearbeitung: S\u00e4gen, Fr\u00e4sen, Polieren, Bohren und Kleben<\/li>\n<li>Erh\u00e4ltlich in Dicken von 3 bis 20 mm: dickere Platten f\u00fcr maximale Streuung; d\u00fcnnere Platten f\u00fcr subtile Beleuchtung<\/li>\n<li>Gl\u00e4nzende oder satinierte Oberfl\u00e4che<\/li>\n<\/ul>\n<h2>Verarbeitungsm\u00f6glichkeiten<\/h2>\n<p>Die Bearbeitungsm\u00f6glichkeiten h\u00e4ngen vom Material ab.<\/p>\n<p>Polycarbonat-Typen sind leicht zu verarbeiten: Sie k\u00f6nnen\u00a0<a href=\"https:\/\/pyrasied.com\/nl\/diensten\/kunststofbewerking\/kunststof-zagen\/\">ges\u00e4gt<\/a>,\u00a0<a href=\"https:\/\/pyrasied.com\/nl\/diensten\/kunststofbewerking\/kunststof-frezen\/\">gefr\u00e4st<\/a>,\u00a0<a href=\"https:\/\/pyrasied.com\/nl\/diensten\/kunststofbewerking\/kunststof-buigen\/\">gekr\u00fcmmt<\/a>,\u00a0<a href=\"https:\/\/pyrasied.com\/nl\/diensten\/kunststofbewerking\/kunststof-verlijmen\/\">geklebt<\/a>, gebohrt, und\u00a0<a href=\"https:\/\/pyrasied.com\/nl\/diensten\/kunststofbewerking\/polijsten-en-schuren\/\">poliert<\/a>. Dank der minimalen Dickentoleranz sind PC-Platten pr\u00e4zise und f\u00fcr kundenspezifische Anwendungen geeignet. Acryltypen k\u00f6nnen auch <a href=\"https:\/\/pyrasied.com\/nl\/diensten\/kunststofbewerking\/kunststof-laseren\/\">gelasert<\/a> werden.<\/p>\n<p>Von unserer Werkstatt aus liefern wir ma\u00dfgeschneiderte Produkte nach Zeichnung oder Entwurf, wobei Hightech-Maschinen und handwerkliches K\u00f6nnen f\u00fcr optimale Ergebnisse zusammenkommen.<\/p>\n<p>M\u00f6chten Sie mehr \u00fcber unsere T\u00e4tigkeit erfahren? Besuchen Sie unsere Website unter <a href=\"https:\/\/pyrasied.com\/nl\/diensten\/kunststofbewerking\/\" target=\"_blank\" rel=\"noopener\">Operationen<\/a>.<\/p>\n<h3>Anwendungen<\/h3>\n<ul>\n<li>Leuchten und beleuchtete Tafeln<\/li>\n<li>Wand- und Deckeninstallationen<\/li>\n<li>Vitrinen und Ausstellungsbeleuchtung<\/li>\n<li>Luxuri\u00f6se Innenraumprojekte<\/li>\n<\/ul>\n<h3>Warum Pyraled?<\/h3>\n<p>Mit Pyraled entscheiden Sie sich f\u00fcr einen Diffusor, der \u00c4sthetik, Funktionalit\u00e4t und Langlebigkeit perfekt miteinander verbindet. Diese exklusiv bei Pyrasied erh\u00e4ltliche Kollektion er\u00f6ffnet unz\u00e4hlige M\u00f6glichkeiten f\u00fcr Designer, Architekten und Innenarchitekten, die bei jedem Projekt eine gleichm\u00e4\u00dfige Beleuchtung und einen luxuri\u00f6sen Look anstreben.<\/p>","protected":false},"excerpt":{"rendered":"<p>Kollektion Pyraled Die Kollektion Pyraled besteht aus hochwertigen Lichtdiffusoren aus gegossenem Acryl, erh\u00e4ltlich in gl\u00e4nzend oder satiniert. Die Platten sind strukturlos und bieten eine weiche und gleichm\u00e4\u00dfige Lichtverteilung, ohne sichtbare Struktur. Dies macht das Material ideal f\u00fcr Anwendungen, bei denen ein elegantes und professionelles Erscheinungsbild wichtig ist, wie z.B. in der Architekturbeleuchtung, bei Display-Beleuchtung und bei Innenraumprojekten. Eigenschaften [...]<\/p>","protected":false},"featured_media":13522,"template":"","meta":{"_acf_changed":false},"product_brand":[],"product_cat":[34],"product_tag":[1762,1720],"class_list":{"0":"post-8907","1":"product","2":"type-product","3":"status-publish","4":"has-post-thumbnail","6":"product_cat-lichtdiffusers","7":"product_tag-lichtdiffusers","8":"product_tag-verlichting","10":"first","11":"instock","12":"taxable","13":"shipping-taxable","14":"purchasable","15":"product-type-variable"},"acf":[],"yoast_head":"<!-- This site is optimized with the Yoast SEO plugin v26.0 - https:\/\/yoast.com\/wordpress\/plugins\/seo\/ -->\n<title>Pyraled | Pyrasied<\/title>\n<meta name=\"description\" content=\"Pyraled lichtdiffusers: hoogwaardige gegoten acrylaatplaten in glans of satijn voor gelijkmatige lichtverdeling. UV-bestendig en eenvoudig te bewerken.\" \/>\n<meta name=\"robots\" content=\"index, follow, max-snippet:-1, max-image-preview:large, max-video-preview:-1\" \/>\n<link rel=\"canonical\" href=\"http:\/\/shop.pyrasied.com\/de\/produkt\/pyraled\/\" \/>\n<meta property=\"og:locale\" content=\"de_DE\" \/>\n<meta property=\"og:type\" content=\"article\" \/>\n<meta property=\"og:title\" content=\"Pyraled | Pyrasied\" \/>\n<meta property=\"og:description\" content=\"Pyraled lichtdiffusers: hoogwaardige gegoten acrylaatplaten in glans of satijn voor gelijkmatige lichtverdeling. UV-bestendig en eenvoudig te bewerken.\" \/>\n<meta property=\"og:url\" content=\"http:\/\/shop.pyrasied.com\/de\/produkt\/pyraled\/\" \/>\n<meta property=\"og:site_name\" content=\"Pyrasied\" \/>\n<meta property=\"article:publisher\" content=\"https:\/\/www.facebook.com\/Pyrasied\/\" \/>\n<meta property=\"article:modified_time\" content=\"2026-03-30T12:08:05+00:00\" \/>\n<meta property=\"og:image\" content=\"https:\/\/shop.pyrasied.com\/wp-content\/uploads\/2025\/07\/Lichtdiffuser-Pyraled.jpg\" \/>\n\t<meta property=\"og:image:width\" content=\"1000\" \/>\n\t<meta property=\"og:image:height\" content=\"1000\" \/>\n\t<meta property=\"og:image:type\" content=\"image\/jpeg\" \/>\n<meta name=\"twitter:card\" content=\"summary_large_image\" \/>\n<meta name=\"twitter:label1\" content=\"Gesch\u00e4tzte Lesezeit\" \/>\n\t<meta name=\"twitter:data1\" content=\"2\u00a0Minuten\" \/>\n<script type=\"application\/ld+json\" class=\"yoast-schema-graph\">{\"@context\":\"https:\/\/schema.org\",\"@graph\":[{\"@type\":\"WebPage\",\"@id\":\"http:\/\/shop.pyrasied.com\/nl\/product\/pyraled\/\",\"url\":\"http:\/\/shop.pyrasied.com\/nl\/product\/pyraled\/\",\"name\":\"Pyraled | Pyrasied\",\"isPartOf\":{\"@id\":\"https:\/\/shop.pyrasied.com\/de\/#website\"},\"primaryImageOfPage\":{\"@id\":\"http:\/\/shop.pyrasied.com\/nl\/product\/pyraled\/#primaryimage\"},\"image\":{\"@id\":\"http:\/\/shop.pyrasied.com\/nl\/product\/pyraled\/#primaryimage\"},\"thumbnailUrl\":\"https:\/\/shop.pyrasied.com\/wp-content\/uploads\/2025\/07\/Lichtdiffuser-Pyraled.jpg\",\"datePublished\":\"2025-07-08T09:53:06+00:00\",\"dateModified\":\"2026-03-30T12:08:05+00:00\",\"description\":\"Pyraled lichtdiffusers: hoogwaardige gegoten acrylaatplaten in glans of satijn voor gelijkmatige lichtverdeling. UV-bestendig en eenvoudig te bewerken.\",\"breadcrumb\":{\"@id\":\"http:\/\/shop.pyrasied.com\/nl\/product\/pyraled\/#breadcrumb\"},\"inLanguage\":\"de\",\"potentialAction\":[{\"@type\":\"ReadAction\",\"target\":[\"http:\/\/shop.pyrasied.com\/nl\/product\/pyraled\/\"]}]},{\"@type\":\"ImageObject\",\"inLanguage\":\"de\",\"@id\":\"http:\/\/shop.pyrasied.com\/nl\/product\/pyraled\/#primaryimage\",\"url\":\"https:\/\/shop.pyrasied.com\/wp-content\/uploads\/2025\/07\/Lichtdiffuser-Pyraled.jpg\",\"contentUrl\":\"https:\/\/shop.pyrasied.com\/wp-content\/uploads\/2025\/07\/Lichtdiffuser-Pyraled.jpg\",\"width\":1000,\"height\":1000,\"caption\":\"Pyraled lichtdiffusers\"},{\"@type\":\"BreadcrumbList\",\"@id\":\"http:\/\/shop.pyrasied.com\/nl\/product\/pyraled\/#breadcrumb\",\"itemListElement\":[{\"@type\":\"ListItem\",\"position\":1,\"name\":\"Home\",\"item\":\"https:\/\/shop.pyrasied.com\/nl\/\"},{\"@type\":\"ListItem\",\"position\":2,\"name\":\"Materialen\",\"item\":\"https:\/\/shop.pyrasied.com\/nl\/materialen\/\"},{\"@type\":\"ListItem\",\"position\":3,\"name\":\"Lichtdiffusers\",\"item\":\"https:\/\/shop.pyrasied.com\/de\/materialien\/lichtzerstreuer\/\"},{\"@type\":\"ListItem\",\"position\":4,\"name\":\"Pyraled\"}]},{\"@type\":\"WebSite\",\"@id\":\"https:\/\/shop.pyrasied.com\/de\/#website\",\"url\":\"https:\/\/shop.pyrasied.com\/de\/\",\"name\":\"Pyrasied\",\"description\":\"Uit liefde voor materiaal\",\"publisher\":{\"@id\":\"https:\/\/shop.pyrasied.com\/de\/#organization\"},\"potentialAction\":[{\"@type\":\"SearchAction\",\"target\":{\"@type\":\"EntryPoint\",\"urlTemplate\":\"https:\/\/shop.pyrasied.com\/de\/?s={search_term_string}\"},\"query-input\":{\"@type\":\"PropertyValueSpecification\",\"valueRequired\":true,\"valueName\":\"search_term_string\"}}],\"inLanguage\":\"de\"},{\"@type\":\"Organization\",\"@id\":\"https:\/\/shop.pyrasied.com\/de\/#organization\",\"name\":\"Pyrasied\",\"url\":\"https:\/\/shop.pyrasied.com\/de\/\",\"logo\":{\"@type\":\"ImageObject\",\"inLanguage\":\"de\",\"@id\":\"https:\/\/shop.pyrasied.com\/de\/#\/schema\/logo\/image\/\",\"url\":\"https:\/\/shop.pyrasied.com\/wp-content\/uploads\/2025\/06\/pyrasied.jpg\",\"contentUrl\":\"https:\/\/shop.pyrasied.com\/wp-content\/uploads\/2025\/06\/pyrasied.jpg\",\"width\":1200,\"height\":630,\"caption\":\"Pyrasied\"},\"image\":{\"@id\":\"https:\/\/shop.pyrasied.com\/de\/#\/schema\/logo\/image\/\"},\"sameAs\":[\"https:\/\/www.facebook.com\/Pyrasied\/\",\"https:\/\/www.instagram.com\/pyrasied\/\"]}]}<\/script>\n<!-- \/ Yoast SEO plugin. -->","yoast_head_json":{"title":"Pyraled | Pyrasied","description":"Pyraled Lichtdiffusoren: hochwertige gegossene Acrylplatten, gl\u00e4nzend oder satiniert f\u00fcr gleichm\u00e4\u00dfige Lichtverteilung. UV-best\u00e4ndig, leicht verarbeitbar.","robots":{"index":"index","follow":"follow","max-snippet":"max-snippet:-1","max-image-preview":"max-image-preview:large","max-video-preview":"max-video-preview:-1"},"canonical":"http:\/\/shop.pyrasied.com\/de\/produkt\/pyraled\/","og_locale":"de_DE","og_type":"article","og_title":"Pyraled | Pyrasied","og_description":"Pyraled lichtdiffusers: hoogwaardige gegoten acrylaatplaten in glans of satijn voor gelijkmatige lichtverdeling. UV-bestendig en eenvoudig te bewerken.","og_url":"http:\/\/shop.pyrasied.com\/de\/produkt\/pyraled\/","og_site_name":"Pyrasied","article_publisher":"https:\/\/www.facebook.com\/Pyrasied\/","article_modified_time":"2026-03-30T12:08:05+00:00","og_image":[{"width":1000,"height":1000,"url":"https:\/\/shop.pyrasied.com\/wp-content\/uploads\/2025\/07\/Lichtdiffuser-Pyraled.jpg","type":"image\/jpeg"}],"twitter_card":"summary_large_image","twitter_misc":{"Gesch\u00e4tzte Lesezeit":"2\u00a0Minuten"},"schema":{"@context":"https:\/\/schema.org","@graph":[{"@type":"WebPage","@id":"http:\/\/shop.pyrasied.com\/nl\/product\/pyraled\/","url":"http:\/\/shop.pyrasied.com\/nl\/product\/pyraled\/","name":"Pyraled | Pyrasied","isPartOf":{"@id":"https:\/\/shop.pyrasied.com\/de\/#website"},"primaryImageOfPage":{"@id":"http:\/\/shop.pyrasied.com\/nl\/product\/pyraled\/#primaryimage"},"image":{"@id":"http:\/\/shop.pyrasied.com\/nl\/product\/pyraled\/#primaryimage"},"thumbnailUrl":"https:\/\/shop.pyrasied.com\/wp-content\/uploads\/2025\/07\/Lichtdiffuser-Pyraled.jpg","datePublished":"2025-07-08T09:53:06+00:00","dateModified":"2026-03-30T12:08:05+00:00","description":"Pyraled Lichtdiffusoren: hochwertige gegossene Acrylplatten, gl\u00e4nzend oder satiniert f\u00fcr gleichm\u00e4\u00dfige Lichtverteilung. UV-best\u00e4ndig, leicht verarbeitbar.","breadcrumb":{"@id":"http:\/\/shop.pyrasied.com\/nl\/product\/pyraled\/#breadcrumb"},"inLanguage":"de","potentialAction":[{"@type":"ReadAction","target":["http:\/\/shop.pyrasied.com\/nl\/product\/pyraled\/"]}]},{"@type":"ImageObject","inLanguage":"de","@id":"http:\/\/shop.pyrasied.com\/nl\/product\/pyraled\/#primaryimage","url":"https:\/\/shop.pyrasied.com\/wp-content\/uploads\/2025\/07\/Lichtdiffuser-Pyraled.jpg","contentUrl":"https:\/\/shop.pyrasied.com\/wp-content\/uploads\/2025\/07\/Lichtdiffuser-Pyraled.jpg","width":1000,"height":1000,"caption":"Pyraled lichtdiffusers"},{"@type":"BreadcrumbList","@id":"http:\/\/shop.pyrasied.com\/nl\/product\/pyraled\/#breadcrumb","itemListElement":[{"@type":"ListItem","position":1,"name":"Home","item":"https:\/\/shop.pyrasied.com\/nl\/"},{"@type":"ListItem","position":2,"name":"Materialen","item":"https:\/\/shop.pyrasied.com\/nl\/materialen\/"},{"@type":"ListItem","position":3,"name":"Lichtdiffusers","item":"https:\/\/shop.pyrasied.com\/de\/materialien\/lichtzerstreuer\/"},{"@type":"ListItem","position":4,"name":"Pyraled"}]},{"@type":"WebSite","@id":"https:\/\/shop.pyrasied.com\/de\/#website","url":"https:\/\/shop.pyrasied.com\/de\/","name":"Pyrasied","description":"Aus Liebe zum Material","publisher":{"@id":"https:\/\/shop.pyrasied.com\/de\/#organization"},"potentialAction":[{"@type":"SearchAction","target":{"@type":"EntryPoint","urlTemplate":"https:\/\/shop.pyrasied.com\/de\/?s={search_term_string}"},"query-input":{"@type":"PropertyValueSpecification","valueRequired":true,"valueName":"search_term_string"}}],"inLanguage":"de"},{"@type":"Organization","@id":"https:\/\/shop.pyrasied.com\/de\/#organization","name":"Pyrasied","url":"https:\/\/shop.pyrasied.com\/de\/","logo":{"@type":"ImageObject","inLanguage":"de","@id":"https:\/\/shop.pyrasied.com\/de\/#\/schema\/logo\/image\/","url":"https:\/\/shop.pyrasied.com\/wp-content\/uploads\/2025\/06\/pyrasied.jpg","contentUrl":"https:\/\/shop.pyrasied.com\/wp-content\/uploads\/2025\/06\/pyrasied.jpg","width":1200,"height":630,"caption":"Pyrasied"},"image":{"@id":"https:\/\/shop.pyrasied.com\/de\/#\/schema\/logo\/image\/"},"sameAs":["https:\/\/www.facebook.com\/Pyrasied\/","https:\/\/www.instagram.com\/pyrasied\/"]}]}},"_links":{"self":[{"href":"https:\/\/shop.pyrasied.com\/de\/wp-json\/wp\/v2\/product\/8907","targetHints":{"allow":["GET"]}}],"collection":[{"href":"https:\/\/shop.pyrasied.com\/de\/wp-json\/wp\/v2\/product"}],"about":[{"href":"https:\/\/shop.pyrasied.com\/de\/wp-json\/wp\/v2\/types\/product"}],"wp:featuredmedia":[{"embeddable":true,"href":"https:\/\/shop.pyrasied.com\/de\/wp-json\/wp\/v2\/media\/13522"}],"wp:attachment":[{"href":"https:\/\/shop.pyrasied.com\/de\/wp-json\/wp\/v2\/media?parent=8907"}],"wp:term":[{"taxonomy":"product_brand","embeddable":true,"href":"https:\/\/shop.pyrasied.com\/de\/wp-json\/wp\/v2\/product_brand?post=8907"},{"taxonomy":"product_cat","embeddable":true,"href":"https:\/\/shop.pyrasied.com\/de\/wp-json\/wp\/v2\/product_cat?post=8907"},{"taxonomy":"product_tag","embeddable":true,"href":"https:\/\/shop.pyrasied.com\/de\/wp-json\/wp\/v2\/product_tag?post=8907"}],"curies":[{"name":"wp","href":"https:\/\/api.w.org\/{rel}","templated":true}]}}