{"id":8841,"date":"2025-07-08T09:52:50","date_gmt":"2025-07-08T09:52:50","guid":{"rendered":"https:\/\/pyrasiedshop.nl\/product\/versato-translucent-stone\/"},"modified":"2026-03-30T12:07:18","modified_gmt":"2026-03-30T12:07:18","slug":"versato-transluzente-steine","status":"publish","type":"product","link":"https:\/\/shop.pyrasied.com\/de\/produkt\/versato-transluzente-steine\/","title":{"rendered":"Versato Translucent Stone"},"content":{"rendered":"<h2>Versato Translucent Stone - zeitloser Luxus f\u00fcr jedes Interieur<\/h2>\n<p>Versato Translucent Stone verzaubert durch seine zeitlose Sch\u00f6nheit und luxuri\u00f6se Ausstrahlung. Diese elegante Kollektion kombiniert das Aussehen und die Haptik von Alabaster, Marmor und Onyx mit den Vorteilen moderner Materialien. Diese hochwertigen Platten sind leichter und weniger zerbrechlich als Naturstein, behalten aber ein raffiniertes, nat\u00fcrliches Aussehen.<\/p>\n<p>Dank ihrer subtilen Transparenz erwachen die Platten bei Beleuchtung zu sch\u00f6nem Leben. Dadurch eignen sie sich perfekt f\u00fcr stimmungsvolle Einrichtungselemente wie Wandverkleidungen, Vitrinen, Theken, Beleuchtungselemente und Luxusm\u00f6bel. Jede Platte dieser Kollektion ist eine stilvolle Alternative zu Naturstein, mit einem einzigartigen, warmen Schimmer, der jeden Raum sofort in seinen Bann zieht.<\/p>\n<p>Mit <strong>Versato Translucent Stone<\/strong> schaffen Innenr\u00e4ume mit Charakter, Stil und Lichtwahrnehmung. Das Material ist langlebig, leicht zu verarbeiten und vollst\u00e4ndig recycelbar, wodurch es sich sowohl f\u00fcr kreative als auch f\u00fcr funktionale Anwendungen eignet. Exklusiv erh\u00e4ltlich bei <strong>Pyrasied<\/strong>Diese Kollektion bietet Designern, Architekten und Innenarchitekten, die ein luxuri\u00f6ses und vielseitiges Material suchen, unendlich viele M\u00f6glichkeiten.<\/p>\n<h3>Verarbeitungsm\u00f6glichkeiten<\/h3>\n<p>Das Material l\u00e4sst sich wie Hartholz leicht bearbeiten: S\u00e4gen, Fr\u00e4sen, Polieren, Schleifen und fugenloses Verleimen sind m\u00f6glich. So k\u00f6nnen Sie schlichte Wandpaneele, stimmungsvolle Beleuchtungselemente und elegante Innenraumobjekte mit professionellem Finish realisieren.<\/p>\n<h3>Verf\u00fcgbare Farben und Muster<\/h3>\n<ul>\n<li>P0205-2: Rissiger Onyx wei\u00df<\/li>\n<li>P0215-1: Geknackter Onyx<\/li>\n<li>P0206-2: Geknackter Onyx<\/li>\n<li>P0302-0: Falscher Alabaster, keine Adern<\/li>\n<li>P0302-2: Falscher Alabaster, braun, zwei Adern<\/li>\n<li>P0401: Onyx, wei\u00df<\/li>\n<li>P0402: Onyx, gelb\/braun<\/li>\n<li>P0601: Luxury Onyx, wei\u00df\/gr\u00fcn<\/li>\n<li>P0101: Welle Wei\u00df<\/li>\n<li>P0103: Welle, wei\u00df\/gelb<\/li>\n<li>P1101: Holzstein, wei\u00df\/gelb<\/li>\n<li>P1201: Gelockter Cappuccino-Stein<\/li>\n<li>P1301: Faux Strips, wei\u00df<\/li>\n<li>P1401: Carrara-Marmor<\/li>\n<li>P1501: Quarz wei\u00df<\/li>\n<li>P1502: Quarz blau<\/li>\n<li>P1503: Quarz gelb<\/li>\n<li>P1504: Quarz Schwarz &amp; Wei\u00df<\/li>\n<li>P1505: Quarz Schwarz<\/li>\n<li>P1506: Quarz rosa<\/li>\n<li>P1507: Quarz braun<\/li>\n<li>P1508: Quarz Orange<\/li>\n<li>P1509: Quarz Violett<\/li>\n<\/ul>\n<h3>Anwendungen<\/h3>\n<p>Die M\u00f6glichkeiten sind endlos: Sie finden Marmorplatten und Materialien in Natursteinoptik u. a. in Schaufenstern, Trennw\u00e4nden, M\u00f6beln, Vitrinen, Wandverkleidungen und in vielen weiteren kreativen Projekten. Aufgrund ihrer lichtdurchl\u00e4ssigen Beschaffenheit lassen sie dezentes Licht durch, so dass sie perfekt mit der Beleuchtung zusammenarbeiten. Da jedes Projekt einzigartig ist, denken wir gerne mit Ihnen mit und bieten Ihnen individuelle Optionen und ma\u00dfgeschneiderte L\u00f6sungen. Das Material kann vertikal verwendet werden, zum Beispiel als Wandverkleidung, aber auch horizontal als Bar- und Thekenfront. Die M\u00f6glichkeiten mit Licht sind endlos. Das Material ist leicht und einfach zu verarbeiten, was unter anderem im Innenausbau und im Yachtbau viele M\u00f6glichkeiten bietet.<\/p>\n<h4>Ein Blickfang f\u00fcr den Innenbereich<\/h4>\n<p>Ob f\u00fcr Bar- und Thekenfronten, luxuri\u00f6se Displays, K\u00fcchenarbeitsplatten oder Badezimmerm\u00f6bel, unsere Materialien verleihen jeder Einrichtung einen Hauch von Luxus. Kurz gesagt, die Sch\u00f6nheit des Marmors wird mit diesem hochwertigen Material in Marmoroptik zum Leben erweckt. Die Kollektion Translucent Stone bietet das raffinierte und authentische Aussehen des italienischen Carrara-Marmors, ist aber weniger zerbrechlich als Naturstein, leichter zu bearbeiten und zu pflegen. Die Marmorplatten und das Plattenmaterial in Natursteinoptik sind ideal f\u00fcr alle, die die \u00c4sthetik von Naturstein mit den praktischen Vorteilen moderner Materialien kombinieren m\u00f6chten.<\/p>\n<h3>Warum sollte man sich f\u00fcr Versato Translucent Stone entscheiden?<\/h3>\n<ul>\n<li>Luxuri\u00f6ses Aussehen und Gef\u00fchl von Alabaster, Marmor und Onyx<\/li>\n<li>Leichter, weniger anf\u00e4llig und einfacher zu bearbeiten als Naturstein<\/li>\n<li>Perfekt kombinierbar mit Beleuchtung dank dezenter Transluzenz<\/li>\n<li>Chemikalienbest\u00e4ndig und feuerbest\u00e4ndig<\/li>\n<li>Einfache Bearbeitung: S\u00e4gen, Fr\u00e4sen, Bohren, Kleben und Hei\u00dfbiegen<\/li>\n<li>Nachhaltig, recycelbar und exklusiv bei Pyrasied erh\u00e4ltlich<\/li>\n<\/ul>\n<p>Mit Versato Translucent Stone verleihen Sie jedem Innenraumprojekt im Handumdrehen Ausstrahlung, W\u00e4rme und Eleganz: mit dem luxuri\u00f6sen Aussehen von Naturstein und der Benutzerfreundlichkeit eines modernen Materials.<\/p>","protected":false},"excerpt":{"rendered":"<p>Versato Translucent Stone - zeitloser Luxus f\u00fcr jedes Interieur Versato Translucent Stone bezaubert durch seine zeitlose Sch\u00f6nheit und luxuri\u00f6se Ausstrahlung. Diese elegante Kollektion verbindet das Aussehen und die Haptik von Alabaster, Marmor und Onyx mit den Vorteilen moderner Materialien. Diese hochwertigen Platten sind leichter und weniger empfindlich als Naturstein, behalten aber ein raffiniertes, nat\u00fcrliches Aussehen und Gef\u00fchl. [...]<\/p>","protected":false},"featured_media":13594,"template":"","meta":{"_acf_changed":false},"product_brand":[],"product_cat":[41,42,46],"product_tag":[1769,1770,1768,1767,1720],"class_list":{"0":"post-8841","1":"product","2":"type-product","3":"status-publish","4":"has-post-thumbnail","6":"product_cat-design-kunststoffen","7":"product_cat-solid-surface","8":"product_cat-versato","9":"product_tag-alabaster","10":"product_tag-faux-stones","11":"product_tag-kwarts","12":"product_tag-marmer","13":"product_tag-verlichting","15":"first","16":"instock","17":"taxable","18":"shipping-taxable","19":"purchasable","20":"product-type-variable"},"acf":[],"yoast_head":"<!-- This site is optimized with the Yoast SEO plugin v26.0 - https:\/\/yoast.com\/wordpress\/plugins\/seo\/ -->\n<title>Versato Translucent Stone | Pyrasied<\/title>\n<meta name=\"description\" content=\"Versato Translucent Stone elegant, lichtdoorlatend plaatmateriaal met de uitstraling van albast, marmer of onyx, ideaal voor luxe interieurs.\" \/>\n<meta name=\"robots\" content=\"index, follow, max-snippet:-1, max-image-preview:large, max-video-preview:-1\" \/>\n<link rel=\"canonical\" href=\"https:\/\/shop.pyrasied.com\/de\/produkt\/versato-transluzente-steine\/\" \/>\n<meta property=\"og:locale\" content=\"de_DE\" \/>\n<meta property=\"og:type\" content=\"article\" \/>\n<meta property=\"og:title\" content=\"Versato Translucent Stone | Pyrasied\" \/>\n<meta property=\"og:description\" content=\"Versato Translucent Stone elegant, lichtdoorlatend plaatmateriaal met de uitstraling van albast, marmer of onyx, ideaal voor luxe interieurs.\" \/>\n<meta property=\"og:url\" content=\"https:\/\/shop.pyrasied.com\/de\/produkt\/versato-transluzente-steine\/\" \/>\n<meta property=\"og:site_name\" content=\"Pyrasied\" \/>\n<meta property=\"article:publisher\" content=\"https:\/\/www.facebook.com\/Pyrasied\/\" \/>\n<meta property=\"article:modified_time\" content=\"2026-03-30T12:07:18+00:00\" \/>\n<meta property=\"og:image\" content=\"https:\/\/shop.pyrasied.com\/wp-content\/uploads\/2025\/07\/Versato-foto-Stone.jpg\" \/>\n\t<meta property=\"og:image:width\" content=\"1000\" \/>\n\t<meta property=\"og:image:height\" content=\"1000\" \/>\n\t<meta property=\"og:image:type\" content=\"image\/jpeg\" \/>\n<meta name=\"twitter:card\" content=\"summary_large_image\" \/>\n<meta name=\"twitter:label1\" content=\"Gesch\u00e4tzte Lesezeit\" \/>\n\t<meta name=\"twitter:data1\" content=\"3\u00a0Minuten\" \/>\n<script type=\"application\/ld+json\" class=\"yoast-schema-graph\">{\"@context\":\"https:\/\/schema.org\",\"@graph\":[{\"@type\":\"WebPage\",\"@id\":\"https:\/\/shop.pyrasied.com\/product\/versato-translucent-stones\/\",\"url\":\"https:\/\/shop.pyrasied.com\/product\/versato-translucent-stones\/\",\"name\":\"Versato Translucent Stone | Pyrasied\",\"isPartOf\":{\"@id\":\"https:\/\/shop.pyrasied.com\/de\/#website\"},\"primaryImageOfPage\":{\"@id\":\"https:\/\/shop.pyrasied.com\/product\/versato-translucent-stones\/#primaryimage\"},\"image\":{\"@id\":\"https:\/\/shop.pyrasied.com\/product\/versato-translucent-stones\/#primaryimage\"},\"thumbnailUrl\":\"https:\/\/shop.pyrasied.com\/wp-content\/uploads\/2025\/07\/Versato-foto-Stone.jpg\",\"datePublished\":\"2025-07-08T09:52:50+00:00\",\"dateModified\":\"2026-03-30T12:07:18+00:00\",\"description\":\"Versato Translucent Stone elegant, lichtdoorlatend plaatmateriaal met de uitstraling van albast, marmer of onyx, ideaal voor luxe interieurs.\",\"breadcrumb\":{\"@id\":\"https:\/\/shop.pyrasied.com\/product\/versato-translucent-stones\/#breadcrumb\"},\"inLanguage\":\"de\",\"potentialAction\":[{\"@type\":\"ReadAction\",\"target\":[\"https:\/\/shop.pyrasied.com\/product\/versato-translucent-stones\/\"]}]},{\"@type\":\"ImageObject\",\"inLanguage\":\"de\",\"@id\":\"https:\/\/shop.pyrasied.com\/product\/versato-translucent-stones\/#primaryimage\",\"url\":\"https:\/\/shop.pyrasied.com\/wp-content\/uploads\/2025\/07\/Versato-foto-Stone.jpg\",\"contentUrl\":\"https:\/\/shop.pyrasied.com\/wp-content\/uploads\/2025\/07\/Versato-foto-Stone.jpg\",\"width\":1000,\"height\":1000,\"caption\":\"Versato Translucent Stone\"},{\"@type\":\"BreadcrumbList\",\"@id\":\"https:\/\/shop.pyrasied.com\/product\/versato-translucent-stones\/#breadcrumb\",\"itemListElement\":[{\"@type\":\"ListItem\",\"position\":1,\"name\":\"Home\",\"item\":\"https:\/\/shop.pyrasied.com\/nl\/\"},{\"@type\":\"ListItem\",\"position\":2,\"name\":\"Materialen\",\"item\":\"https:\/\/shop.pyrasied.com\/nl\/materialen\/\"},{\"@type\":\"ListItem\",\"position\":3,\"name\":\"Design kunststoffen\",\"item\":\"https:\/\/shop.pyrasied.com\/nl\/materialen\/design-kunststoffen\/\"},{\"@type\":\"ListItem\",\"position\":4,\"name\":\"Versato Translucent Stone\"}]},{\"@type\":\"WebSite\",\"@id\":\"https:\/\/shop.pyrasied.com\/de\/#website\",\"url\":\"https:\/\/shop.pyrasied.com\/de\/\",\"name\":\"Pyrasied\",\"description\":\"Uit liefde voor materiaal\",\"publisher\":{\"@id\":\"https:\/\/shop.pyrasied.com\/de\/#organization\"},\"potentialAction\":[{\"@type\":\"SearchAction\",\"target\":{\"@type\":\"EntryPoint\",\"urlTemplate\":\"https:\/\/shop.pyrasied.com\/de\/?s={search_term_string}\"},\"query-input\":{\"@type\":\"PropertyValueSpecification\",\"valueRequired\":true,\"valueName\":\"search_term_string\"}}],\"inLanguage\":\"de\"},{\"@type\":\"Organization\",\"@id\":\"https:\/\/shop.pyrasied.com\/de\/#organization\",\"name\":\"Pyrasied\",\"url\":\"https:\/\/shop.pyrasied.com\/de\/\",\"logo\":{\"@type\":\"ImageObject\",\"inLanguage\":\"de\",\"@id\":\"https:\/\/shop.pyrasied.com\/de\/#\/schema\/logo\/image\/\",\"url\":\"https:\/\/shop.pyrasied.com\/wp-content\/uploads\/2025\/06\/pyrasied.jpg\",\"contentUrl\":\"https:\/\/shop.pyrasied.com\/wp-content\/uploads\/2025\/06\/pyrasied.jpg\",\"width\":1200,\"height\":630,\"caption\":\"Pyrasied\"},\"image\":{\"@id\":\"https:\/\/shop.pyrasied.com\/de\/#\/schema\/logo\/image\/\"},\"sameAs\":[\"https:\/\/www.facebook.com\/Pyrasied\/\",\"https:\/\/www.instagram.com\/pyrasied\/\"]}]}<\/script>\n<!-- \/ Yoast SEO plugin. -->","yoast_head_json":{"title":"Versato Transluzenter Stein | Pyrasied","description":"Versato Translucent Stone elegantes, lichtdurchl\u00e4ssiges Plattenmaterial mit dem Aussehen von Alabaster, Marmor oder Onyx, ideal f\u00fcr luxuri\u00f6se Innenr\u00e4ume.","robots":{"index":"index","follow":"follow","max-snippet":"max-snippet:-1","max-image-preview":"max-image-preview:large","max-video-preview":"max-video-preview:-1"},"canonical":"https:\/\/shop.pyrasied.com\/de\/produkt\/versato-transluzente-steine\/","og_locale":"de_DE","og_type":"article","og_title":"Versato Translucent Stone | Pyrasied","og_description":"Versato Translucent Stone elegant, lichtdoorlatend plaatmateriaal met de uitstraling van albast, marmer of onyx, ideaal voor luxe interieurs.","og_url":"https:\/\/shop.pyrasied.com\/de\/produkt\/versato-transluzente-steine\/","og_site_name":"Pyrasied","article_publisher":"https:\/\/www.facebook.com\/Pyrasied\/","article_modified_time":"2026-03-30T12:07:18+00:00","og_image":[{"width":1000,"height":1000,"url":"https:\/\/shop.pyrasied.com\/wp-content\/uploads\/2025\/07\/Versato-foto-Stone.jpg","type":"image\/jpeg"}],"twitter_card":"summary_large_image","twitter_misc":{"Gesch\u00e4tzte Lesezeit":"3\u00a0Minuten"},"schema":{"@context":"https:\/\/schema.org","@graph":[{"@type":"WebPage","@id":"https:\/\/shop.pyrasied.com\/product\/versato-translucent-stones\/","url":"https:\/\/shop.pyrasied.com\/product\/versato-translucent-stones\/","name":"Versato Transluzenter Stein | Pyrasied","isPartOf":{"@id":"https:\/\/shop.pyrasied.com\/de\/#website"},"primaryImageOfPage":{"@id":"https:\/\/shop.pyrasied.com\/product\/versato-translucent-stones\/#primaryimage"},"image":{"@id":"https:\/\/shop.pyrasied.com\/product\/versato-translucent-stones\/#primaryimage"},"thumbnailUrl":"https:\/\/shop.pyrasied.com\/wp-content\/uploads\/2025\/07\/Versato-foto-Stone.jpg","datePublished":"2025-07-08T09:52:50+00:00","dateModified":"2026-03-30T12:07:18+00:00","description":"Versato Translucent Stone elegantes, lichtdurchl\u00e4ssiges Plattenmaterial mit dem Aussehen von Alabaster, Marmor oder Onyx, ideal f\u00fcr luxuri\u00f6se Innenr\u00e4ume.","breadcrumb":{"@id":"https:\/\/shop.pyrasied.com\/product\/versato-translucent-stones\/#breadcrumb"},"inLanguage":"de","potentialAction":[{"@type":"ReadAction","target":["https:\/\/shop.pyrasied.com\/product\/versato-translucent-stones\/"]}]},{"@type":"ImageObject","inLanguage":"de","@id":"https:\/\/shop.pyrasied.com\/product\/versato-translucent-stones\/#primaryimage","url":"https:\/\/shop.pyrasied.com\/wp-content\/uploads\/2025\/07\/Versato-foto-Stone.jpg","contentUrl":"https:\/\/shop.pyrasied.com\/wp-content\/uploads\/2025\/07\/Versato-foto-Stone.jpg","width":1000,"height":1000,"caption":"Versato Translucent Stone"},{"@type":"BreadcrumbList","@id":"https:\/\/shop.pyrasied.com\/product\/versato-translucent-stones\/#breadcrumb","itemListElement":[{"@type":"ListItem","position":1,"name":"Home","item":"https:\/\/shop.pyrasied.com\/nl\/"},{"@type":"ListItem","position":2,"name":"Materialen","item":"https:\/\/shop.pyrasied.com\/nl\/materialen\/"},{"@type":"ListItem","position":3,"name":"Design kunststoffen","item":"https:\/\/shop.pyrasied.com\/nl\/materialen\/design-kunststoffen\/"},{"@type":"ListItem","position":4,"name":"Versato Translucent Stone"}]},{"@type":"WebSite","@id":"https:\/\/shop.pyrasied.com\/de\/#website","url":"https:\/\/shop.pyrasied.com\/de\/","name":"Pyrasied","description":"Aus Liebe zum Material","publisher":{"@id":"https:\/\/shop.pyrasied.com\/de\/#organization"},"potentialAction":[{"@type":"SearchAction","target":{"@type":"EntryPoint","urlTemplate":"https:\/\/shop.pyrasied.com\/de\/?s={search_term_string}"},"query-input":{"@type":"PropertyValueSpecification","valueRequired":true,"valueName":"search_term_string"}}],"inLanguage":"de"},{"@type":"Organization","@id":"https:\/\/shop.pyrasied.com\/de\/#organization","name":"Pyrasied","url":"https:\/\/shop.pyrasied.com\/de\/","logo":{"@type":"ImageObject","inLanguage":"de","@id":"https:\/\/shop.pyrasied.com\/de\/#\/schema\/logo\/image\/","url":"https:\/\/shop.pyrasied.com\/wp-content\/uploads\/2025\/06\/pyrasied.jpg","contentUrl":"https:\/\/shop.pyrasied.com\/wp-content\/uploads\/2025\/06\/pyrasied.jpg","width":1200,"height":630,"caption":"Pyrasied"},"image":{"@id":"https:\/\/shop.pyrasied.com\/de\/#\/schema\/logo\/image\/"},"sameAs":["https:\/\/www.facebook.com\/Pyrasied\/","https:\/\/www.instagram.com\/pyrasied\/"]}]}},"_links":{"self":[{"href":"https:\/\/shop.pyrasied.com\/de\/wp-json\/wp\/v2\/product\/8841","targetHints":{"allow":["GET"]}}],"collection":[{"href":"https:\/\/shop.pyrasied.com\/de\/wp-json\/wp\/v2\/product"}],"about":[{"href":"https:\/\/shop.pyrasied.com\/de\/wp-json\/wp\/v2\/types\/product"}],"wp:featuredmedia":[{"embeddable":true,"href":"https:\/\/shop.pyrasied.com\/de\/wp-json\/wp\/v2\/media\/13594"}],"wp:attachment":[{"href":"https:\/\/shop.pyrasied.com\/de\/wp-json\/wp\/v2\/media?parent=8841"}],"wp:term":[{"taxonomy":"product_brand","embeddable":true,"href":"https:\/\/shop.pyrasied.com\/de\/wp-json\/wp\/v2\/product_brand?post=8841"},{"taxonomy":"product_cat","embeddable":true,"href":"https:\/\/shop.pyrasied.com\/de\/wp-json\/wp\/v2\/product_cat?post=8841"},{"taxonomy":"product_tag","embeddable":true,"href":"https:\/\/shop.pyrasied.com\/de\/wp-json\/wp\/v2\/product_tag?post=8841"}],"curies":[{"name":"wp","href":"https:\/\/api.w.org\/{rel}","templated":true}]}}