{"id":8527,"date":"2025-07-08T09:51:35","date_gmt":"2025-07-08T09:51:35","guid":{"rendered":"https:\/\/pyrasiedshop.nl\/product\/wallcrylic\/"},"modified":"2026-03-30T12:06:06","modified_gmt":"2026-03-30T12:06:06","slug":"wallcrylic-kunststoffwandbelag","status":"publish","type":"product","link":"https:\/\/shop.pyrasied.com\/de\/produkt\/wallcrylic-kunststoffwandbelag\/","title":{"rendered":"Wallcrylic Kunststofftapeten"},"content":{"rendered":"<p><!--StartFragment --><\/p>\n<p><span class=\"cf0\">Wallcrylic Kunststoffwandverkleidungen von Pyrasied sind eine moderne, dauerhafte und praktische Alternative zu herk\u00f6mmlichen Fliesen und Glasw\u00e4nden. Diese hochwertigen Acryl-Wandpaneele kombinieren ein elegantes Aussehen mit einer schnellen und einfachen Installation. Dank der minimalen Anzahl von Fugen sind Wallcrylic-Paneele besonders hygienisch, leicht zu pflegen und ideal f\u00fcr Renovierungs- und Neubauprojekte.<\/span><\/p>\n<p><span class=\"cf0\">Die leichten Kunststoff-Wandpaneele sind vor Ort leicht zu verarbeiten und k\u00f6nnen mit einem speziellen Montagesatz direkt an flachen W\u00e4nden befestigt werden. Damit eignet sich Wallcrylic ideal f\u00fcr B\u00e4der, Waschr\u00e4ume, K\u00fcchen und andere stark beanspruchte Bereiche.<\/span><\/p>\n<h2><span class=\"cf0\">Was ist Wallcrylic?<\/span><\/h2>\n<p><span class=\"cf0\">Wallcrylic ist eine von Pyrasied entwickelte Kunststofftapete auf Basis von extrudiertem Acryl. Das Material wurde speziell f\u00fcr den Einsatz in feuchten und hygienisch sensiblen Bereichen entwickelt, in denen Pflegeleichtigkeit, Langlebigkeit und Aussehen zusammenkommen.<\/span><\/p>\n<p><span class=\"cf0\">Im Gegensatz zu Fliesen ist Wallcrylic schnell zu verlegen, hat kaum Fugen und Schmutz und Kalkablagerungen haften nur schlecht an der Oberfl\u00e4che. Die Wandpaneele sind in verschiedenen Farben und Ausf\u00fchrungen erh\u00e4ltlich, so dass es immer eine L\u00f6sung gibt, die zu Ihrem Projekt, Ihrem Budget und Ihren Nachhaltigkeitsanforderungen passt.<\/span><\/p>\n<h3><span class=\"cf0\">Kunststoffwandverkleidungen als Alternative zu Fliesen<\/span><\/h3>\n<p><!--StartFragment --><\/p>\n<p class=\"pf0\"><span class=\"cf0\">Fliesen werden traditionell in B\u00e4dern und Waschr\u00e4umen verwendet. Ihre Verlegung ist jedoch zeitaufw\u00e4ndig, kostspielig und arbeitsintensiv. Wandpaneelen aus Acrylkunststoff bieten eine effizientere Alternative:<\/span><\/p>\n<ul>\n<li class=\"pf0\"><span class=\"cf0\">Bis zu 3\u00d7 schneller zu verlegen als Fliesen<\/span><\/li>\n<li class=\"pf0\"><span class=\"cf0\">Kaum Gelenke <\/span><span class=\"cf1\">\u2192 weniger Reinigungsaufwand<\/span><\/li>\n<li class=\"pf0\"><span class=\"cf1\">Keine Gefahr von losen Fliesen oder verf\u00e4rbten Fugen<\/span><\/li>\n<li class=\"pf0\"><span class=\"cf1\">Leicht und einfach zu handhaben<\/span><\/li>\n<li class=\"pf0\"><span class=\"cf1\">Schlankes, modernes Aussehen<\/span><\/li>\n<li class=\"pf0\"><span class=\"cf1\">Daher wird Wallcrylic h\u00e4ufig bei Gro\u00dfprojekten wie Hotels, Studentenwohnheimen, Sportanlagen, Krankenh\u00e4usern und Wohnungsbauprojekten eingesetzt.<\/span><\/li>\n<\/ul>\n<h3 class=\"pf0\"><span class=\"cf1\">Vorteile von Wallcrylic Kunststofftapeten<\/span><\/h3>\n<ul>\n<li class=\"pf0\"><span class=\"cf0\"> Elegantes und schlankes Design<\/span><\/li>\n<li class=\"pf0\"><span class=\"cf0\">Pflegeleicht und hygienisch<\/span><\/li>\n<li class=\"pf0\"><span class=\"cf0\">Widerstandsf\u00e4hig gegen Schmutz und Kalkablagerungen<\/span><\/li>\n<li class=\"pf0\"><span class=\"cf0\">Leicht und einfach zu montieren<\/span><\/li>\n<li class=\"pf0\"><span class=\"cf0\">Schnelle Installation mit Bausatz<\/span><\/li>\n<li class=\"pf0\"><span class=\"cf0\">Nachhaltig und wirtschaftlich<\/span><\/li>\n<li class=\"pf0\"><span class=\"cf0\">Erh\u00e4ltlich in verschiedenen Farben und Ausf\u00fchrungen<\/span><\/li>\n<li class=\"pf0\"><span class=\"cf0\">Geeignet f\u00fcr Renovierungen und Neubauten<\/span><\/li>\n<\/ul>\n<p class=\"pf0\"><span class=\"cf0\">Dank der gro\u00dfen Bogenformate gibt es wenig Schnittverlust und weniger Abfall. Wenn Sie nach Gr\u00f6\u00dfe bestellen, verwenden Sie nur das, was Sie brauchen, <\/span><span class=\"cf1\">ein \u00f6kologisches e<\/span><span class=\"cf0\">n wirtschaftlichen Vorteil.<\/span><\/p>\n<p><!--EndFragment --><\/p>\n<h3><span class=\"cf0\">Einfache Wartung<\/span><\/h3>\n<p><span class=\"cf0\">Wandverkleidungen aus Kunststoff sind leicht zu reinigen. Dank der minimalen Anzahl von Fugen haften Schmutz und Kalk kaum an. Perfekt f\u00fcr Bereiche, die durch die Nutzung schnell verschmutzen, wie B\u00e4der, K\u00fcchen, Aufzugsinnenr\u00e4ume, Umkleider\u00e4ume und Toilettenbereiche.<\/span><\/p>\n<h3><span class=\"cf0\">Anwendung in Projekten<\/span><\/h3>\n<p><!--StartFragment --><\/p>\n<p class=\"pf0\"><span class=\"cf0\">Die einfache Wartung und Verlegung dieses Materials macht es zu einem weit verbreiteten Material in Bereichen, in denen Hygiene, Langlebigkeit und Wartungsfreundlichkeit wichtig sind:<\/span><\/p>\n<ul>\n<li class=\"pf0\"><span class=\"cf0\">B\u00e4der und Toiletten<\/span><\/li>\n<li class=\"pf0\"><span class=\"cf0\">K\u00fcchen<\/span><\/li>\n<li class=\"pf0\"><span class=\"cf0\">Umkleider\u00e4ume und Sportanlagen<\/span><\/li>\n<li class=\"pf0\"><span class=\"cf0\">Aufzug-Innenr\u00e4ume<\/span><\/li>\n<li class=\"pf0\"><span class=\"cf0\">Hotels und Studentenwohnheime<\/span><\/li>\n<li class=\"pf0\"><span class=\"cf0\">Krankenh\u00e4user und Gesundheitseinrichtungen<\/span><\/li>\n<\/ul>\n<p class=\"pf0\"><span class=\"cf0\">Dank seiner einfachen Verarbeitung eignet sich das Material besonders f\u00fcr gro\u00dfe Renovierungsprojekte.<\/span><\/p>\n<h3>Verarbeitungsm\u00f6glichkeiten<\/h3>\n<p><!--StartFragment --><\/p>\n<p class=\"pf0\"><span class=\"cf0\">Wandplexiglasplatten lassen sich mit normalen Holzbearbeitungsmaschinen leicht bearbeiten:<\/span><\/p>\n<ul>\n<li class=\"pf0\"><span class=\"cf1\">S\u00e4ge<\/span><\/li>\n<li class=\"pf0\"><span class=\"cf1\">Fr\u00e4sen<\/span><\/li>\n<li class=\"pf0\"><span class=\"cf1\">Laser<\/span><\/li>\n<li class=\"pf0\"><span class=\"cf1\">Bohrer<\/span><\/li>\n<li class=\"pf0\"><span class=\"cf1\">Bindung<\/span><\/li>\n<li class=\"pf0\"><span class=\"cf1\">Polieren und Mattieren<\/span><!--EndFragment --><\/li>\n<\/ul>\n<p>&nbsp;<\/p>\n<p><!--EndFragment --><\/p>\n<p><!--EndFragment --><\/p>","protected":false},"excerpt":{"rendered":"<p>Wallcrylic Kunststoffwandverkleidungen von Pyrasied sind eine moderne, dauerhafte und praktische Alternative zu herk\u00f6mmlichen Fliesen und Glasw\u00e4nden. Diese hochwertigen Acryl-Wandpaneele verbinden ein elegantes Aussehen mit einer schnellen und einfachen Montage. Dank der minimalen Anzahl von Fugen sind Wallcrylic-Paneele besonders hygienisch, leicht zu pflegen und ideal f\u00fcr Renovierungs- und Neubauprojekte. Die leichten Kunststoff-Wandpaneele sind vor Ort leicht zu montieren [...]<\/p>","protected":false},"featured_media":12363,"template":"","meta":{"_acf_changed":false},"product_brand":[],"product_cat":[30,46],"product_tag":[1760,1761],"class_list":{"0":"post-8527","1":"product","2":"type-product","3":"status-publish","4":"has-post-thumbnail","6":"product_cat-acrylaat","7":"product_cat-versato","8":"product_tag-tegels","9":"product_tag-wandtegels","11":"first","12":"instock","13":"taxable","14":"shipping-taxable","15":"purchasable","16":"product-type-variable","17":"has-default-attributes"},"acf":[],"yoast_head":"<!-- This site is optimized with the Yoast SEO plugin v26.0 - https:\/\/yoast.com\/wordpress\/plugins\/seo\/ -->\n<title>Wallcrylic kunststof wandbekleding | Pyrasied<\/title>\n<meta name=\"description\" content=\"Ontdek Wallcrylic kunststof wandbekleding: elegant &amp; onderhoudsvriendelijk. Duurzaam alternatief voor tegels in badkamer &amp; keuken.\" \/>\n<meta name=\"robots\" content=\"index, follow, max-snippet:-1, max-image-preview:large, max-video-preview:-1\" \/>\n<link rel=\"canonical\" href=\"https:\/\/shop.pyrasied.com\/de\/produkt\/wallcrylic-kunststoffwandbelag\/\" \/>\n<meta property=\"og:locale\" content=\"de_DE\" \/>\n<meta property=\"og:type\" content=\"article\" \/>\n<meta property=\"og:title\" content=\"Wallcrylic kunststof wandbekleding | Pyrasied\" \/>\n<meta property=\"og:description\" content=\"Ontdek Wallcrylic kunststof wandbekleding: elegant &amp; onderhoudsvriendelijk. Duurzaam alternatief voor tegels in badkamer &amp; keuken.\" \/>\n<meta property=\"og:url\" content=\"https:\/\/shop.pyrasied.com\/de\/produkt\/wallcrylic-kunststoffwandbelag\/\" \/>\n<meta property=\"og:site_name\" content=\"Pyrasied\" \/>\n<meta property=\"article:publisher\" content=\"https:\/\/www.facebook.com\/Pyrasied\/\" \/>\n<meta property=\"article:modified_time\" content=\"2026-03-30T12:06:06+00:00\" \/>\n<meta property=\"og:image\" content=\"https:\/\/shop.pyrasied.com\/wp-content\/uploads\/2025\/07\/Overzicht-wallcrylic-colour.jpg\" \/>\n\t<meta property=\"og:image:width\" content=\"1000\" \/>\n\t<meta property=\"og:image:height\" content=\"1000\" \/>\n\t<meta property=\"og:image:type\" content=\"image\/jpeg\" \/>\n<meta name=\"twitter:card\" content=\"summary_large_image\" \/>\n<meta name=\"twitter:label1\" content=\"Gesch\u00e4tzte Lesezeit\" \/>\n\t<meta name=\"twitter:data1\" content=\"3\u00a0Minuten\" \/>\n<script type=\"application\/ld+json\" class=\"yoast-schema-graph\">{\"@context\":\"https:\/\/schema.org\",\"@graph\":[{\"@type\":\"WebPage\",\"@id\":\"https:\/\/shop.pyrasied.com\/product\/wallcrylic-kunststof-wandbekleding\/\",\"url\":\"https:\/\/shop.pyrasied.com\/product\/wallcrylic-kunststof-wandbekleding\/\",\"name\":\"Wallcrylic kunststof wandbekleding | Pyrasied\",\"isPartOf\":{\"@id\":\"https:\/\/shop.pyrasied.com\/de\/#website\"},\"primaryImageOfPage\":{\"@id\":\"https:\/\/shop.pyrasied.com\/product\/wallcrylic-kunststof-wandbekleding\/#primaryimage\"},\"image\":{\"@id\":\"https:\/\/shop.pyrasied.com\/product\/wallcrylic-kunststof-wandbekleding\/#primaryimage\"},\"thumbnailUrl\":\"https:\/\/shop.pyrasied.com\/wp-content\/uploads\/2025\/07\/Overzicht-wallcrylic-colour.jpg\",\"datePublished\":\"2025-07-08T09:51:35+00:00\",\"dateModified\":\"2026-03-30T12:06:06+00:00\",\"description\":\"Ontdek Wallcrylic kunststof wandbekleding: elegant & onderhoudsvriendelijk. Duurzaam alternatief voor tegels in badkamer & keuken.\",\"breadcrumb\":{\"@id\":\"https:\/\/shop.pyrasied.com\/product\/wallcrylic-kunststof-wandbekleding\/#breadcrumb\"},\"inLanguage\":\"de\",\"potentialAction\":[{\"@type\":\"ReadAction\",\"target\":[\"https:\/\/shop.pyrasied.com\/product\/wallcrylic-kunststof-wandbekleding\/\"]}]},{\"@type\":\"ImageObject\",\"inLanguage\":\"de\",\"@id\":\"https:\/\/shop.pyrasied.com\/product\/wallcrylic-kunststof-wandbekleding\/#primaryimage\",\"url\":\"https:\/\/shop.pyrasied.com\/wp-content\/uploads\/2025\/07\/Overzicht-wallcrylic-colour.jpg\",\"contentUrl\":\"https:\/\/shop.pyrasied.com\/wp-content\/uploads\/2025\/07\/Overzicht-wallcrylic-colour.jpg\",\"width\":1000,\"height\":1000,\"caption\":\"kunststof wandbekleding Wallcrylic overzicht\"},{\"@type\":\"BreadcrumbList\",\"@id\":\"https:\/\/shop.pyrasied.com\/product\/wallcrylic-kunststof-wandbekleding\/#breadcrumb\",\"itemListElement\":[{\"@type\":\"ListItem\",\"position\":1,\"name\":\"Home\",\"item\":\"https:\/\/shop.pyrasied.com\/nl\/\"},{\"@type\":\"ListItem\",\"position\":2,\"name\":\"Materialen\",\"item\":\"https:\/\/shop.pyrasied.com\/nl\/materialen\/\"},{\"@type\":\"ListItem\",\"position\":3,\"name\":\"Merken\",\"item\":\"https:\/\/shop.pyrasied.com\/materialen\/merken\/\"},{\"@type\":\"ListItem\",\"position\":4,\"name\":\"Versato\",\"item\":\"https:\/\/shop.pyrasied.com\/materialen\/merken\/versato\/\"},{\"@type\":\"ListItem\",\"position\":5,\"name\":\"Wallcrylic kunststof wandbekleding\"}]},{\"@type\":\"WebSite\",\"@id\":\"https:\/\/shop.pyrasied.com\/de\/#website\",\"url\":\"https:\/\/shop.pyrasied.com\/de\/\",\"name\":\"Pyrasied\",\"description\":\"Uit liefde voor materiaal\",\"publisher\":{\"@id\":\"https:\/\/shop.pyrasied.com\/de\/#organization\"},\"potentialAction\":[{\"@type\":\"SearchAction\",\"target\":{\"@type\":\"EntryPoint\",\"urlTemplate\":\"https:\/\/shop.pyrasied.com\/de\/?s={search_term_string}\"},\"query-input\":{\"@type\":\"PropertyValueSpecification\",\"valueRequired\":true,\"valueName\":\"search_term_string\"}}],\"inLanguage\":\"de\"},{\"@type\":\"Organization\",\"@id\":\"https:\/\/shop.pyrasied.com\/de\/#organization\",\"name\":\"Pyrasied\",\"url\":\"https:\/\/shop.pyrasied.com\/de\/\",\"logo\":{\"@type\":\"ImageObject\",\"inLanguage\":\"de\",\"@id\":\"https:\/\/shop.pyrasied.com\/de\/#\/schema\/logo\/image\/\",\"url\":\"https:\/\/shop.pyrasied.com\/wp-content\/uploads\/2025\/06\/pyrasied.jpg\",\"contentUrl\":\"https:\/\/shop.pyrasied.com\/wp-content\/uploads\/2025\/06\/pyrasied.jpg\",\"width\":1200,\"height\":630,\"caption\":\"Pyrasied\"},\"image\":{\"@id\":\"https:\/\/shop.pyrasied.com\/de\/#\/schema\/logo\/image\/\"},\"sameAs\":[\"https:\/\/www.facebook.com\/Pyrasied\/\",\"https:\/\/www.instagram.com\/pyrasied\/\"]}]}<\/script>\n<!-- \/ Yoast SEO plugin. -->","yoast_head_json":{"title":"Wandplastikwandbelag | Pyrasied","description":"Entdecken Sie Wallcrylic-Wandverkleidungen aus Kunststoff: elegant und pflegeleicht. Langlebige Alternative zu Fliesen in Bad und K\u00fcche.","robots":{"index":"index","follow":"follow","max-snippet":"max-snippet:-1","max-image-preview":"max-image-preview:large","max-video-preview":"max-video-preview:-1"},"canonical":"https:\/\/shop.pyrasied.com\/de\/produkt\/wallcrylic-kunststoffwandbelag\/","og_locale":"de_DE","og_type":"article","og_title":"Wallcrylic kunststof wandbekleding | Pyrasied","og_description":"Ontdek Wallcrylic kunststof wandbekleding: elegant & onderhoudsvriendelijk. Duurzaam alternatief voor tegels in badkamer & keuken.","og_url":"https:\/\/shop.pyrasied.com\/de\/produkt\/wallcrylic-kunststoffwandbelag\/","og_site_name":"Pyrasied","article_publisher":"https:\/\/www.facebook.com\/Pyrasied\/","article_modified_time":"2026-03-30T12:06:06+00:00","og_image":[{"width":1000,"height":1000,"url":"https:\/\/shop.pyrasied.com\/wp-content\/uploads\/2025\/07\/Overzicht-wallcrylic-colour.jpg","type":"image\/jpeg"}],"twitter_card":"summary_large_image","twitter_misc":{"Gesch\u00e4tzte Lesezeit":"3\u00a0Minuten"},"schema":{"@context":"https:\/\/schema.org","@graph":[{"@type":"WebPage","@id":"https:\/\/shop.pyrasied.com\/product\/wallcrylic-kunststof-wandbekleding\/","url":"https:\/\/shop.pyrasied.com\/product\/wallcrylic-kunststof-wandbekleding\/","name":"Wandplastikwandbelag | Pyrasied","isPartOf":{"@id":"https:\/\/shop.pyrasied.com\/de\/#website"},"primaryImageOfPage":{"@id":"https:\/\/shop.pyrasied.com\/product\/wallcrylic-kunststof-wandbekleding\/#primaryimage"},"image":{"@id":"https:\/\/shop.pyrasied.com\/product\/wallcrylic-kunststof-wandbekleding\/#primaryimage"},"thumbnailUrl":"https:\/\/shop.pyrasied.com\/wp-content\/uploads\/2025\/07\/Overzicht-wallcrylic-colour.jpg","datePublished":"2025-07-08T09:51:35+00:00","dateModified":"2026-03-30T12:06:06+00:00","description":"Entdecken Sie Wallcrylic-Wandverkleidungen aus Kunststoff: elegant und pflegeleicht. Langlebige Alternative zu Fliesen in Bad und K\u00fcche.","breadcrumb":{"@id":"https:\/\/shop.pyrasied.com\/product\/wallcrylic-kunststof-wandbekleding\/#breadcrumb"},"inLanguage":"de","potentialAction":[{"@type":"ReadAction","target":["https:\/\/shop.pyrasied.com\/product\/wallcrylic-kunststof-wandbekleding\/"]}]},{"@type":"ImageObject","inLanguage":"de","@id":"https:\/\/shop.pyrasied.com\/product\/wallcrylic-kunststof-wandbekleding\/#primaryimage","url":"https:\/\/shop.pyrasied.com\/wp-content\/uploads\/2025\/07\/Overzicht-wallcrylic-colour.jpg","contentUrl":"https:\/\/shop.pyrasied.com\/wp-content\/uploads\/2025\/07\/Overzicht-wallcrylic-colour.jpg","width":1000,"height":1000,"caption":"kunststof wandbekleding Wallcrylic overzicht"},{"@type":"BreadcrumbList","@id":"https:\/\/shop.pyrasied.com\/product\/wallcrylic-kunststof-wandbekleding\/#breadcrumb","itemListElement":[{"@type":"ListItem","position":1,"name":"Home","item":"https:\/\/shop.pyrasied.com\/nl\/"},{"@type":"ListItem","position":2,"name":"Materialen","item":"https:\/\/shop.pyrasied.com\/nl\/materialen\/"},{"@type":"ListItem","position":3,"name":"Merken","item":"https:\/\/shop.pyrasied.com\/materialen\/merken\/"},{"@type":"ListItem","position":4,"name":"Versato","item":"https:\/\/shop.pyrasied.com\/materialen\/merken\/versato\/"},{"@type":"ListItem","position":5,"name":"Wallcrylic kunststof wandbekleding"}]},{"@type":"WebSite","@id":"https:\/\/shop.pyrasied.com\/de\/#website","url":"https:\/\/shop.pyrasied.com\/de\/","name":"Pyrasied","description":"Aus Liebe zum Material","publisher":{"@id":"https:\/\/shop.pyrasied.com\/de\/#organization"},"potentialAction":[{"@type":"SearchAction","target":{"@type":"EntryPoint","urlTemplate":"https:\/\/shop.pyrasied.com\/de\/?s={search_term_string}"},"query-input":{"@type":"PropertyValueSpecification","valueRequired":true,"valueName":"search_term_string"}}],"inLanguage":"de"},{"@type":"Organization","@id":"https:\/\/shop.pyrasied.com\/de\/#organization","name":"Pyrasied","url":"https:\/\/shop.pyrasied.com\/de\/","logo":{"@type":"ImageObject","inLanguage":"de","@id":"https:\/\/shop.pyrasied.com\/de\/#\/schema\/logo\/image\/","url":"https:\/\/shop.pyrasied.com\/wp-content\/uploads\/2025\/06\/pyrasied.jpg","contentUrl":"https:\/\/shop.pyrasied.com\/wp-content\/uploads\/2025\/06\/pyrasied.jpg","width":1200,"height":630,"caption":"Pyrasied"},"image":{"@id":"https:\/\/shop.pyrasied.com\/de\/#\/schema\/logo\/image\/"},"sameAs":["https:\/\/www.facebook.com\/Pyrasied\/","https:\/\/www.instagram.com\/pyrasied\/"]}]}},"_links":{"self":[{"href":"https:\/\/shop.pyrasied.com\/de\/wp-json\/wp\/v2\/product\/8527","targetHints":{"allow":["GET"]}}],"collection":[{"href":"https:\/\/shop.pyrasied.com\/de\/wp-json\/wp\/v2\/product"}],"about":[{"href":"https:\/\/shop.pyrasied.com\/de\/wp-json\/wp\/v2\/types\/product"}],"wp:featuredmedia":[{"embeddable":true,"href":"https:\/\/shop.pyrasied.com\/de\/wp-json\/wp\/v2\/media\/12363"}],"wp:attachment":[{"href":"https:\/\/shop.pyrasied.com\/de\/wp-json\/wp\/v2\/media?parent=8527"}],"wp:term":[{"taxonomy":"product_brand","embeddable":true,"href":"https:\/\/shop.pyrasied.com\/de\/wp-json\/wp\/v2\/product_brand?post=8527"},{"taxonomy":"product_cat","embeddable":true,"href":"https:\/\/shop.pyrasied.com\/de\/wp-json\/wp\/v2\/product_cat?post=8527"},{"taxonomy":"product_tag","embeddable":true,"href":"https:\/\/shop.pyrasied.com\/de\/wp-json\/wp\/v2\/product_tag?post=8527"}],"curies":[{"name":"wp","href":"https:\/\/api.w.org\/{rel}","templated":true}]}}