{"id":8487,"date":"2025-07-08T09:51:27","date_gmt":"2025-07-08T09:51:27","guid":{"rendered":"https:\/\/pyrasiedshop.nl\/product\/blok-acrylaat\/"},"modified":"2026-03-30T12:05:07","modified_gmt":"2026-03-30T12:05:07","slug":"acrylblock","status":"publish","type":"product","link":"https:\/\/shop.pyrasied.com\/de\/produkt\/acrylblock\/","title":{"rendered":"Acrylblock"},"content":{"rendered":"<p>Blockacryl ist ein optisch reiner, besonders dicker und formstabiler Kunststoff, der sich in Anwendungen auszeichnet, bei denen Klarheit, Stabilit\u00e4t und Aussehen zusammenkommen. Die Kombination aus kristallklarer Transparenz und hoher mechanischer Festigkeit macht dieses Material zu einer zuverl\u00e4ssigen Alternative zu Glas sowohl in funktionalen als auch in \u00e4sthetischen Anwendungen. Designer und technische Spezialisten entscheiden sich f\u00fcr diese Art von dickem, transparentem Acrylglas aufgrund seiner gleichbleibenden Qualit\u00e4t und Vielseitigkeit.<\/p>\n<h2>Eigenschaften von Blockacryl<\/h2>\n<p>Dickes Acryl kombiniert starke Materialeigenschaften mit ausgezeichneter Verarbeitbarkeit. Das Material ist farblos, leicht, steif, praktisch unzerbrechlich und leicht zu verarbeiten. Dank seiner UV-Stabilit\u00e4t und Witterungsbest\u00e4ndigkeit beh\u00e4lt Blockacryl seine Helligkeit und verf\u00e4rbt sich nicht, auch nicht bei Au\u00dfenanwendungen. Mit einer Lichtdurchl\u00e4ssigkeit von 92% bleibt das Material optimal kristallklar.<\/p>\n<h3>Lagerbestand<\/h3>\n<p>Der Acrylblock ist standardm\u00e4\u00dfig in den St\u00e4rken 40 mm, 50 mm, 60 mm, 70 mm, 80 mm, 90 mm und 100 mm erh\u00e4ltlich. Sie k\u00f6nnen ihn auch ganz individuell bestellen.<\/p>\n<h3>Levering en afwerking van blok acrylaat<\/h3>\n<p>Blok acrylaat wordt<strong> standaard op maat gezaagd geleverd.<\/strong> De zaagsnede is functioneel afgewerkt en geschikt voor diverse technische toepassingen. De productafbeeldingen tonen een gepolijste uitvoering van dik blok acrylaat, zodat de optische helderheid en kwaliteit van het materiaal goed zichtbaar zijn.<\/p>\n<p>Voor toepassingen waarbij een hoogwaardige zichtafwerking gewenst is, kan het blok acrylaat verder worden bewerkt, bijvoorbeeld door polijsten, frezen of andere nabewerkingen. Deze aanvullende bewerkingen van dik acrylaat worden op aanvraag uitgevoerd.<\/p>\n<h3>Anwendungen<\/h3>\n<p>Blockacryl wird in vielen Bereichen eingesetzt, u. a. f\u00fcr Schilder und Schriftz\u00fcge, Displays, Sichtfenster, Auszeichnungen, Gel\u00e4nder, Treppenstufen, Schutzabdeckungen, Maschinenteile, M\u00f6bel, Bar- und Thekenfronten und Ladenauslagen. Bei vielen Projekten ersetzt das Material das herk\u00f6mmliche Glas durch eine sicherere und leichtere Alternative.<\/p>\n<h3>Verarbeitungsm\u00f6glichkeiten<\/h3>\n<p>Dickes Acryl l\u00e4sst sich leicht mit Techniken wie S\u00e4gen, Fr\u00e4sen, Lasern, Kleben, Bohren, Gravieren, Polieren und Schleifen bearbeiten. In unserer Werkstatt liefern wir ma\u00dfgefertigte Produkte nach Zeichnung oder Entwurf, bei denen Hightech-Maschinen und handwerkliches K\u00f6nnen f\u00fcr optimale Ergebnisse zusammenkommen.<\/p>\n<p>M\u00f6chten Sie mehr \u00fcber unsere T\u00e4tigkeit erfahren? Besuchen Sie unsere Website unter <a href=\"https:\/\/pyrasied.com\/nl\/diensten\/kunststofbewerking\/?_gl=1*mgmr8s*_ga*MzYxNTczMDMyLjE3NjgyMjAwODQ.*_ga_B6XXMDBFNH*czE3Njg1NTA4MDEkbzQkZzEkdDE3Njg1NTcyMjQkajYwJGwwJGgxODA5NjkxNDAz*_fplc*bnlrR2pQcUdpdFZtSnVVcFFQQ0VJWGJZZmxQMk9zazJIdXNPQTJPMFFEc0JXSVh1TXMzM0lBczJOZ3hsRjE1dE53RE5MT0poZCUyRjN1ZTF6NGU4N1BYMXFoNTFwWDUxRWZ2TVU2R1hpRlVodVpLQXRtREt0SnB2aW9ieGpKZVElM0QlM0Q.\">Bearbeitungen.<\/a><\/p>\n<p>Sie suchen Acrylglas in Standardplattenst\u00e4rken? Dann werfen Sie einen Blick auf unsere Produktseiten f\u00fcr <a href=\"https:\/\/shop.pyrasied.com\/de\/produkt\/gegossenes-gs-klares-acryl\/\">Acryl GS<\/a> und <a href=\"https:\/\/shop.pyrasied.com\/de\/produkt\/extrudiertes-klares-xt-acryl\/\">Acryl XT<\/a> Aufzeichnungen.<\/p>\n<p>F\u00fcr Anwendungen, die sehr d\u00fcnne Dicken und h\u00f6chste Ma\u00dfgenauigkeit erfordern, bieten wir zus\u00e4tzlich <a href=\"https:\/\/shop.pyrasied.com\/de\/produkt\/prazisions-acryl-hesaglas\/\">Pr\u00e4zisionsacryl<\/a>. Dieses Material wurde speziell f\u00fcr Situationen entwickelt, in denen die Toleranzen auf ein Minimum reduziert werden m\u00fcssen, wie z. B. bei optischen oder technischen Anwendungen.<\/p>","protected":false},"excerpt":{"rendered":"<p>Blockacryl ist ein optisch reiner, besonders dicker und formstabiler Kunststoff, der sich in Anwendungen auszeichnet, bei denen Klarheit, Stabilit\u00e4t und Aussehen zusammenkommen. Die Kombination aus kristallklarer Transparenz und hoher mechanischer Festigkeit macht dieses Material zu einer zuverl\u00e4ssigen Alternative zu Glas sowohl in funktionalen als auch in \u00e4sthetischen Anwendungen. Designer und technische Spezialisten entscheiden sich f\u00fcr diese Art von dickem, transparentem [...]<\/p>","protected":false},"featured_media":11498,"template":"","meta":{"_acf_changed":false},"product_brand":[],"product_cat":[30],"product_tag":[],"class_list":{"0":"post-8487","1":"product","2":"type-product","3":"status-publish","4":"has-post-thumbnail","6":"product_cat-acrylaat","8":"first","9":"instock","10":"taxable","11":"shipping-taxable","12":"purchasable","13":"product-type-variable"},"acf":[],"yoast_head":"<!-- This site is optimized with the Yoast SEO plugin v26.0 - https:\/\/yoast.com\/wordpress\/plugins\/seo\/ -->\n<title>Blok acrylaat | Pyrasied<\/title>\n<meta name=\"description\" content=\"Ontdek Blok acrylaat: extra dik, glashelder en duurzaam. Lichtgewicht, UV-bestendig en eenvoudig te bewerken, perfect voor binnen- en buitentoepassingen.\" \/>\n<meta name=\"robots\" content=\"index, follow, max-snippet:-1, max-image-preview:large, max-video-preview:-1\" \/>\n<link rel=\"canonical\" href=\"http:\/\/shop.pyrasied.com\/de\/produkt\/acrylblock\/\" \/>\n<meta property=\"og:locale\" content=\"de_DE\" \/>\n<meta property=\"og:type\" content=\"article\" \/>\n<meta property=\"og:title\" content=\"Blok acrylaat | Pyrasied\" \/>\n<meta property=\"og:description\" content=\"Ontdek Blok acrylaat: extra dik, glashelder en duurzaam. Lichtgewicht, UV-bestendig en eenvoudig te bewerken, perfect voor binnen- en buitentoepassingen.\" \/>\n<meta property=\"og:url\" content=\"http:\/\/shop.pyrasied.com\/de\/produkt\/acrylblock\/\" \/>\n<meta property=\"og:site_name\" content=\"Pyrasied\" \/>\n<meta property=\"article:publisher\" content=\"https:\/\/www.facebook.com\/Pyrasied\/\" \/>\n<meta property=\"article:modified_time\" content=\"2026-03-30T12:05:07+00:00\" \/>\n<meta property=\"og:image\" content=\"https:\/\/shop.pyrasied.com\/wp-content\/uploads\/2025\/07\/AF-MG_6406V3finalHR.jpg\" \/>\n\t<meta property=\"og:image:width\" content=\"1000\" \/>\n\t<meta property=\"og:image:height\" content=\"1000\" \/>\n\t<meta property=\"og:image:type\" content=\"image\/jpeg\" \/>\n<meta name=\"twitter:card\" content=\"summary_large_image\" \/>\n<meta name=\"twitter:label1\" content=\"Gesch\u00e4tzte Lesezeit\" \/>\n\t<meta name=\"twitter:data1\" content=\"3\u00a0Minuten\" \/>\n<script type=\"application\/ld+json\" class=\"yoast-schema-graph\">{\"@context\":\"https:\/\/schema.org\",\"@graph\":[{\"@type\":\"WebPage\",\"@id\":\"http:\/\/shop.pyrasied.com\/nl\/product\/blok-acrylaat\/\",\"url\":\"http:\/\/shop.pyrasied.com\/nl\/product\/blok-acrylaat\/\",\"name\":\"Blok acrylaat | Pyrasied\",\"isPartOf\":{\"@id\":\"https:\/\/shop.pyrasied.com\/de\/#website\"},\"primaryImageOfPage\":{\"@id\":\"http:\/\/shop.pyrasied.com\/nl\/product\/blok-acrylaat\/#primaryimage\"},\"image\":{\"@id\":\"http:\/\/shop.pyrasied.com\/nl\/product\/blok-acrylaat\/#primaryimage\"},\"thumbnailUrl\":\"https:\/\/shop.pyrasied.com\/wp-content\/uploads\/2025\/07\/AF-MG_6406V3finalHR.jpg\",\"datePublished\":\"2025-07-08T09:51:27+00:00\",\"dateModified\":\"2026-03-30T12:05:07+00:00\",\"description\":\"Ontdek Blok acrylaat: extra dik, glashelder en duurzaam. Lichtgewicht, UV-bestendig en eenvoudig te bewerken, perfect voor binnen- en buitentoepassingen.\",\"breadcrumb\":{\"@id\":\"http:\/\/shop.pyrasied.com\/nl\/product\/blok-acrylaat\/#breadcrumb\"},\"inLanguage\":\"de\",\"potentialAction\":[{\"@type\":\"ReadAction\",\"target\":[\"http:\/\/shop.pyrasied.com\/nl\/product\/blok-acrylaat\/\"]}]},{\"@type\":\"ImageObject\",\"inLanguage\":\"de\",\"@id\":\"http:\/\/shop.pyrasied.com\/nl\/product\/blok-acrylaat\/#primaryimage\",\"url\":\"https:\/\/shop.pyrasied.com\/wp-content\/uploads\/2025\/07\/AF-MG_6406V3finalHR.jpg\",\"contentUrl\":\"https:\/\/shop.pyrasied.com\/wp-content\/uploads\/2025\/07\/AF-MG_6406V3finalHR.jpg\",\"width\":1000,\"height\":1000,\"caption\":\"Blok acrylaat overzicht\"},{\"@type\":\"BreadcrumbList\",\"@id\":\"http:\/\/shop.pyrasied.com\/nl\/product\/blok-acrylaat\/#breadcrumb\",\"itemListElement\":[{\"@type\":\"ListItem\",\"position\":1,\"name\":\"Home\",\"item\":\"https:\/\/shop.pyrasied.com\/nl\/\"},{\"@type\":\"ListItem\",\"position\":2,\"name\":\"Materialen\",\"item\":\"https:\/\/shop.pyrasied.com\/nl\/materialen\/\"},{\"@type\":\"ListItem\",\"position\":3,\"name\":\"Acrylaat\",\"item\":\"http:\/\/shop.pyrasied.com\/nl\/materialen\/acrylaat\/\"},{\"@type\":\"ListItem\",\"position\":4,\"name\":\"Blok acrylaat\"}]},{\"@type\":\"WebSite\",\"@id\":\"https:\/\/shop.pyrasied.com\/de\/#website\",\"url\":\"https:\/\/shop.pyrasied.com\/de\/\",\"name\":\"Pyrasied\",\"description\":\"Uit liefde voor materiaal\",\"publisher\":{\"@id\":\"https:\/\/shop.pyrasied.com\/de\/#organization\"},\"potentialAction\":[{\"@type\":\"SearchAction\",\"target\":{\"@type\":\"EntryPoint\",\"urlTemplate\":\"https:\/\/shop.pyrasied.com\/de\/?s={search_term_string}\"},\"query-input\":{\"@type\":\"PropertyValueSpecification\",\"valueRequired\":true,\"valueName\":\"search_term_string\"}}],\"inLanguage\":\"de\"},{\"@type\":\"Organization\",\"@id\":\"https:\/\/shop.pyrasied.com\/de\/#organization\",\"name\":\"Pyrasied\",\"url\":\"https:\/\/shop.pyrasied.com\/de\/\",\"logo\":{\"@type\":\"ImageObject\",\"inLanguage\":\"de\",\"@id\":\"https:\/\/shop.pyrasied.com\/de\/#\/schema\/logo\/image\/\",\"url\":\"https:\/\/shop.pyrasied.com\/wp-content\/uploads\/2025\/06\/pyrasied.jpg\",\"contentUrl\":\"https:\/\/shop.pyrasied.com\/wp-content\/uploads\/2025\/06\/pyrasied.jpg\",\"width\":1200,\"height\":630,\"caption\":\"Pyrasied\"},\"image\":{\"@id\":\"https:\/\/shop.pyrasied.com\/de\/#\/schema\/logo\/image\/\"},\"sameAs\":[\"https:\/\/www.facebook.com\/Pyrasied\/\",\"https:\/\/www.instagram.com\/pyrasied\/\"]}]}<\/script>\n<!-- \/ Yoast SEO plugin. -->","yoast_head_json":{"title":"Block Acryl | Pyrasied","description":"Entdecken Sie Block-Acryl: extradick, kristallklar und langlebig. Leicht, UV-best\u00e4ndig und einfach zu verarbeiten, perfekt f\u00fcr Innen- und Au\u00dfenanwendungen.","robots":{"index":"index","follow":"follow","max-snippet":"max-snippet:-1","max-image-preview":"max-image-preview:large","max-video-preview":"max-video-preview:-1"},"canonical":"http:\/\/shop.pyrasied.com\/de\/produkt\/acrylblock\/","og_locale":"de_DE","og_type":"article","og_title":"Blok acrylaat | Pyrasied","og_description":"Ontdek Blok acrylaat: extra dik, glashelder en duurzaam. Lichtgewicht, UV-bestendig en eenvoudig te bewerken, perfect voor binnen- en buitentoepassingen.","og_url":"http:\/\/shop.pyrasied.com\/de\/produkt\/acrylblock\/","og_site_name":"Pyrasied","article_publisher":"https:\/\/www.facebook.com\/Pyrasied\/","article_modified_time":"2026-03-30T12:05:07+00:00","og_image":[{"width":1000,"height":1000,"url":"https:\/\/shop.pyrasied.com\/wp-content\/uploads\/2025\/07\/AF-MG_6406V3finalHR.jpg","type":"image\/jpeg"}],"twitter_card":"summary_large_image","twitter_misc":{"Gesch\u00e4tzte Lesezeit":"3\u00a0Minuten"},"schema":{"@context":"https:\/\/schema.org","@graph":[{"@type":"WebPage","@id":"http:\/\/shop.pyrasied.com\/nl\/product\/blok-acrylaat\/","url":"http:\/\/shop.pyrasied.com\/nl\/product\/blok-acrylaat\/","name":"Block Acryl | Pyrasied","isPartOf":{"@id":"https:\/\/shop.pyrasied.com\/de\/#website"},"primaryImageOfPage":{"@id":"http:\/\/shop.pyrasied.com\/nl\/product\/blok-acrylaat\/#primaryimage"},"image":{"@id":"http:\/\/shop.pyrasied.com\/nl\/product\/blok-acrylaat\/#primaryimage"},"thumbnailUrl":"https:\/\/shop.pyrasied.com\/wp-content\/uploads\/2025\/07\/AF-MG_6406V3finalHR.jpg","datePublished":"2025-07-08T09:51:27+00:00","dateModified":"2026-03-30T12:05:07+00:00","description":"Entdecken Sie Block-Acryl: extradick, kristallklar und langlebig. Leicht, UV-best\u00e4ndig und einfach zu verarbeiten, perfekt f\u00fcr Innen- und Au\u00dfenanwendungen.","breadcrumb":{"@id":"http:\/\/shop.pyrasied.com\/nl\/product\/blok-acrylaat\/#breadcrumb"},"inLanguage":"de","potentialAction":[{"@type":"ReadAction","target":["http:\/\/shop.pyrasied.com\/nl\/product\/blok-acrylaat\/"]}]},{"@type":"ImageObject","inLanguage":"de","@id":"http:\/\/shop.pyrasied.com\/nl\/product\/blok-acrylaat\/#primaryimage","url":"https:\/\/shop.pyrasied.com\/wp-content\/uploads\/2025\/07\/AF-MG_6406V3finalHR.jpg","contentUrl":"https:\/\/shop.pyrasied.com\/wp-content\/uploads\/2025\/07\/AF-MG_6406V3finalHR.jpg","width":1000,"height":1000,"caption":"Blok acrylaat overzicht"},{"@type":"BreadcrumbList","@id":"http:\/\/shop.pyrasied.com\/nl\/product\/blok-acrylaat\/#breadcrumb","itemListElement":[{"@type":"ListItem","position":1,"name":"Home","item":"https:\/\/shop.pyrasied.com\/nl\/"},{"@type":"ListItem","position":2,"name":"Materialen","item":"https:\/\/shop.pyrasied.com\/nl\/materialen\/"},{"@type":"ListItem","position":3,"name":"Acrylaat","item":"http:\/\/shop.pyrasied.com\/nl\/materialen\/acrylaat\/"},{"@type":"ListItem","position":4,"name":"Blok acrylaat"}]},{"@type":"WebSite","@id":"https:\/\/shop.pyrasied.com\/de\/#website","url":"https:\/\/shop.pyrasied.com\/de\/","name":"Pyrasied","description":"Aus Liebe zum Material","publisher":{"@id":"https:\/\/shop.pyrasied.com\/de\/#organization"},"potentialAction":[{"@type":"SearchAction","target":{"@type":"EntryPoint","urlTemplate":"https:\/\/shop.pyrasied.com\/de\/?s={search_term_string}"},"query-input":{"@type":"PropertyValueSpecification","valueRequired":true,"valueName":"search_term_string"}}],"inLanguage":"de"},{"@type":"Organization","@id":"https:\/\/shop.pyrasied.com\/de\/#organization","name":"Pyrasied","url":"https:\/\/shop.pyrasied.com\/de\/","logo":{"@type":"ImageObject","inLanguage":"de","@id":"https:\/\/shop.pyrasied.com\/de\/#\/schema\/logo\/image\/","url":"https:\/\/shop.pyrasied.com\/wp-content\/uploads\/2025\/06\/pyrasied.jpg","contentUrl":"https:\/\/shop.pyrasied.com\/wp-content\/uploads\/2025\/06\/pyrasied.jpg","width":1200,"height":630,"caption":"Pyrasied"},"image":{"@id":"https:\/\/shop.pyrasied.com\/de\/#\/schema\/logo\/image\/"},"sameAs":["https:\/\/www.facebook.com\/Pyrasied\/","https:\/\/www.instagram.com\/pyrasied\/"]}]}},"_links":{"self":[{"href":"https:\/\/shop.pyrasied.com\/de\/wp-json\/wp\/v2\/product\/8487","targetHints":{"allow":["GET"]}}],"collection":[{"href":"https:\/\/shop.pyrasied.com\/de\/wp-json\/wp\/v2\/product"}],"about":[{"href":"https:\/\/shop.pyrasied.com\/de\/wp-json\/wp\/v2\/types\/product"}],"wp:featuredmedia":[{"embeddable":true,"href":"https:\/\/shop.pyrasied.com\/de\/wp-json\/wp\/v2\/media\/11498"}],"wp:attachment":[{"href":"https:\/\/shop.pyrasied.com\/de\/wp-json\/wp\/v2\/media?parent=8487"}],"wp:term":[{"taxonomy":"product_brand","embeddable":true,"href":"https:\/\/shop.pyrasied.com\/de\/wp-json\/wp\/v2\/product_brand?post=8487"},{"taxonomy":"product_cat","embeddable":true,"href":"https:\/\/shop.pyrasied.com\/de\/wp-json\/wp\/v2\/product_cat?post=8487"},{"taxonomy":"product_tag","embeddable":true,"href":"https:\/\/shop.pyrasied.com\/de\/wp-json\/wp\/v2\/product_tag?post=8487"}],"curies":[{"name":"wp","href":"https:\/\/api.w.org\/{rel}","templated":true}]}}