{"id":8079,"date":"2025-07-08T09:49:53","date_gmt":"2025-07-08T09:49:53","guid":{"rendered":"https:\/\/pyrasiedshop.nl\/product\/polycarbonaat-helder-uv\/"},"modified":"2026-03-30T12:04:55","modified_gmt":"2026-03-30T12:04:55","slug":"polycarbonat-klar-uv","status":"publish","type":"product","link":"https:\/\/shop.pyrasied.com\/de\/produkt\/polycarbonat-klar-uv\/","title":{"rendered":"Polycarbonat klar UV"},"content":{"rendered":"<p><strong>Polycarbonat klar UV<\/strong> ist eine transparente Kunststoffplatte mit au\u00dfergew\u00f6hnlicher Schlagfestigkeit. Dieses Material ist 250-mal st\u00e4rker als Glas und kombiniert UV-Best\u00e4ndigkeit mit einer guten Brandklasse (B1). Dadurch eignet es sich hervorragend f\u00fcr Anwendungen wie Verglasungen, W\u00e4nde, Bootsfenster, Vord\u00e4cher oder als Schutz, der hitzebest\u00e4ndig und einbruchhemmend sein muss.<\/p>\n<p><strong>Eigenschaften<\/strong><\/p>\n<ul>\n<li>Extrem sto\u00dffest und nahezu unzerbrechlich<\/li>\n<li>UV-best\u00e4ndig und f\u00fcr den Au\u00dfeneinsatz geeignet<\/li>\n<li>Brandklasse: Bs1d0 (selbstverl\u00f6schend und feuerhemmend)<\/li>\n<li>Kalt biegbar ohne zu rei\u00dfen<\/li>\n<li>50% Leichter als Glas<\/li>\n<li>Hohe Steifigkeit, ideal f\u00fcr industrielle Anwendungen und Maschinenverkleidungen<\/li>\n<\/ul>\n<h2>Bestand an <strong>Polycarbonat klar UV<\/strong><\/h2>\n<p>Das Material ist in Dicken von 1,5 bis 15 mm, in verschiedenen festen Formaten und auch nach Ma\u00df vorr\u00e4tig. Die maximale Plattengr\u00f6\u00dfe betr\u00e4gt 3050 \u00d7 2050 mm.<\/p>\n<h3>Anwendungen<\/h3>\n<ul>\n<li>Verglasung und W\u00e4nde<\/li>\n<li>Bootsfenster und Vord\u00e4cher<\/li>\n<li>Einbruch- und ausbruchsicherer Schutz<\/li>\n<li>Maschinen und industrielle Anwendungen<\/li>\n<\/ul>\n<h3>Verarbeitungsm\u00f6glichkeiten<\/h3>\n<p>S\u00e4gen, Fr\u00e4sen, Warm- oder Kaltbiegen, Kleben, Bohren, Facettieren, Mattieren und Bedrucken. Das Material kann auch kalt gebogen werden, ohne dass es zu Rissen kommt.<\/p>\n<h3>Varianten<\/h3>\n<p>Pyrasied bietet auch Polycarbonat in <a href=\"https:\/\/shop.pyrasied.com\/de\/produkt\/polycarbonat-farb-und-rauchschattierungen\/\">Rauchfarben<\/a> und <a href=\"https:\/\/shop.pyrasied.com\/de\/produkt\/spiegel-acryl\/\">Spiegelplatten<\/a> an. Dar\u00fcber hinaus sind Rohre, St\u00e4be und Platten mit hoher optischer Qualit\u00e4t erh\u00e4ltlich.<\/p>\n<p>&nbsp;<\/p>","protected":false},"excerpt":{"rendered":"<p>Polycarbonat clear UV ist eine transparente Kunststoffplatte mit au\u00dfergew\u00f6hnlicher Schlagfestigkeit. Dieses Material ist 250-mal st\u00e4rker als Glas und kombiniert UV-Best\u00e4ndigkeit mit einer guten Brandklasse (B1). Dadurch eignet es sich hervorragend f\u00fcr Anwendungen wie Verglasungen, W\u00e4nde, Bootsfenster, D\u00e4cher oder als Schutz, der hitzebest\u00e4ndig und einbruchhemmend sein muss. Eigenschaften Extrem schlagfest und nahezu unzerbrechlich UV-best\u00e4ndig und [...]<\/p>","protected":false},"featured_media":12936,"template":"","meta":{"_acf_changed":false},"product_brand":[],"product_cat":[33],"product_tag":[],"class_list":{"0":"post-8079","1":"product","2":"type-product","3":"status-publish","4":"has-post-thumbnail","6":"product_cat-polycarbonaat-petg","8":"first","9":"instock","10":"taxable","11":"shipping-taxable","12":"purchasable","13":"product-type-variable"},"acf":[],"yoast_head":"<!-- This site is optimized with the Yoast SEO plugin v26.0 - https:\/\/yoast.com\/wordpress\/plugins\/seo\/ -->\n<title>Polycarbonaat helder UV | Pyrasied<\/title>\n<meta name=\"description\" content=\"Polycarbonaat helder UV: extreem slagvast, UV-bestendig en B1-brandveilig. Ideaal voor beglazing, wanden, afdaken, bescherming en machineonderdelen.\" \/>\n<meta name=\"robots\" content=\"index, follow, max-snippet:-1, max-image-preview:large, max-video-preview:-1\" \/>\n<link rel=\"canonical\" href=\"http:\/\/shop.pyrasied.com\/de\/produkt\/polycarbonat-klar-uv\/\" \/>\n<meta property=\"og:locale\" content=\"de_DE\" \/>\n<meta property=\"og:type\" content=\"article\" \/>\n<meta property=\"og:title\" content=\"Polycarbonaat helder UV | Pyrasied\" \/>\n<meta property=\"og:description\" content=\"Polycarbonaat helder UV: extreem slagvast, UV-bestendig en B1-brandveilig. Ideaal voor beglazing, wanden, afdaken, bescherming en machineonderdelen.\" \/>\n<meta property=\"og:url\" content=\"http:\/\/shop.pyrasied.com\/de\/produkt\/polycarbonat-klar-uv\/\" \/>\n<meta property=\"og:site_name\" content=\"Pyrasied\" \/>\n<meta property=\"article:publisher\" content=\"https:\/\/www.facebook.com\/Pyrasied\/\" \/>\n<meta property=\"article:modified_time\" content=\"2026-03-30T12:04:55+00:00\" \/>\n<meta property=\"og:image\" content=\"https:\/\/shop.pyrasied.com\/wp-content\/uploads\/2025\/07\/P5001.jpg\" \/>\n\t<meta property=\"og:image:width\" content=\"1000\" \/>\n\t<meta property=\"og:image:height\" content=\"1000\" \/>\n\t<meta property=\"og:image:type\" content=\"image\/jpeg\" \/>\n<meta name=\"twitter:card\" content=\"summary_large_image\" \/>\n<meta name=\"twitter:label1\" content=\"Gesch\u00e4tzte Lesezeit\" \/>\n\t<meta name=\"twitter:data1\" content=\"2\u00a0Minuten\" \/>\n<script type=\"application\/ld+json\" class=\"yoast-schema-graph\">{\"@context\":\"https:\/\/schema.org\",\"@graph\":[{\"@type\":\"WebPage\",\"@id\":\"http:\/\/shop.pyrasied.com\/nl\/product\/polycarbonaat-helder-uv\/\",\"url\":\"http:\/\/shop.pyrasied.com\/nl\/product\/polycarbonaat-helder-uv\/\",\"name\":\"Polycarbonaat helder UV | Pyrasied\",\"isPartOf\":{\"@id\":\"https:\/\/shop.pyrasied.com\/de\/#website\"},\"primaryImageOfPage\":{\"@id\":\"http:\/\/shop.pyrasied.com\/nl\/product\/polycarbonaat-helder-uv\/#primaryimage\"},\"image\":{\"@id\":\"http:\/\/shop.pyrasied.com\/nl\/product\/polycarbonaat-helder-uv\/#primaryimage\"},\"thumbnailUrl\":\"https:\/\/shop.pyrasied.com\/wp-content\/uploads\/2025\/07\/P5001.jpg\",\"datePublished\":\"2025-07-08T09:49:53+00:00\",\"dateModified\":\"2026-03-30T12:04:55+00:00\",\"description\":\"Polycarbonaat helder UV: extreem slagvast, UV-bestendig en B1-brandveilig. Ideaal voor beglazing, wanden, afdaken, bescherming en machineonderdelen.\",\"breadcrumb\":{\"@id\":\"http:\/\/shop.pyrasied.com\/nl\/product\/polycarbonaat-helder-uv\/#breadcrumb\"},\"inLanguage\":\"de\",\"potentialAction\":[{\"@type\":\"ReadAction\",\"target\":[\"http:\/\/shop.pyrasied.com\/nl\/product\/polycarbonaat-helder-uv\/\"]}]},{\"@type\":\"ImageObject\",\"inLanguage\":\"de\",\"@id\":\"http:\/\/shop.pyrasied.com\/nl\/product\/polycarbonaat-helder-uv\/#primaryimage\",\"url\":\"https:\/\/shop.pyrasied.com\/wp-content\/uploads\/2025\/07\/P5001.jpg\",\"contentUrl\":\"https:\/\/shop.pyrasied.com\/wp-content\/uploads\/2025\/07\/P5001.jpg\",\"width\":1000,\"height\":1000,\"caption\":\"Polycarbonaat helder UV\"},{\"@type\":\"BreadcrumbList\",\"@id\":\"http:\/\/shop.pyrasied.com\/nl\/product\/polycarbonaat-helder-uv\/#breadcrumb\",\"itemListElement\":[{\"@type\":\"ListItem\",\"position\":1,\"name\":\"Home\",\"item\":\"https:\/\/shop.pyrasied.com\/nl\/\"},{\"@type\":\"ListItem\",\"position\":2,\"name\":\"Materialen\",\"item\":\"https:\/\/shop.pyrasied.com\/nl\/materialen\/\"},{\"@type\":\"ListItem\",\"position\":3,\"name\":\"Polycarbonaat \/ PETG\",\"item\":\"http:\/\/shop.pyrasied.com\/nl\/materialen\/polycarbonaat-petg\/\"},{\"@type\":\"ListItem\",\"position\":4,\"name\":\"Polycarbonaat helder UV\"}]},{\"@type\":\"WebSite\",\"@id\":\"https:\/\/shop.pyrasied.com\/de\/#website\",\"url\":\"https:\/\/shop.pyrasied.com\/de\/\",\"name\":\"Pyrasied\",\"description\":\"Uit liefde voor materiaal\",\"publisher\":{\"@id\":\"https:\/\/shop.pyrasied.com\/de\/#organization\"},\"potentialAction\":[{\"@type\":\"SearchAction\",\"target\":{\"@type\":\"EntryPoint\",\"urlTemplate\":\"https:\/\/shop.pyrasied.com\/de\/?s={search_term_string}\"},\"query-input\":{\"@type\":\"PropertyValueSpecification\",\"valueRequired\":true,\"valueName\":\"search_term_string\"}}],\"inLanguage\":\"de\"},{\"@type\":\"Organization\",\"@id\":\"https:\/\/shop.pyrasied.com\/de\/#organization\",\"name\":\"Pyrasied\",\"url\":\"https:\/\/shop.pyrasied.com\/de\/\",\"logo\":{\"@type\":\"ImageObject\",\"inLanguage\":\"de\",\"@id\":\"https:\/\/shop.pyrasied.com\/de\/#\/schema\/logo\/image\/\",\"url\":\"https:\/\/shop.pyrasied.com\/wp-content\/uploads\/2025\/06\/pyrasied.jpg\",\"contentUrl\":\"https:\/\/shop.pyrasied.com\/wp-content\/uploads\/2025\/06\/pyrasied.jpg\",\"width\":1200,\"height\":630,\"caption\":\"Pyrasied\"},\"image\":{\"@id\":\"https:\/\/shop.pyrasied.com\/de\/#\/schema\/logo\/image\/\"},\"sameAs\":[\"https:\/\/www.facebook.com\/Pyrasied\/\",\"https:\/\/www.instagram.com\/pyrasied\/\"]}]}<\/script>\n<!-- \/ Yoast SEO plugin. -->","yoast_head_json":{"title":"Polycarbonat klar UV | Pyrasied","description":"Polycarbonat klar UV: extrem schlagfest, UV-best\u00e4ndig und B1 feuerbest\u00e4ndig. Ideal f\u00fcr Verglasungen, W\u00e4nde, Vord\u00e4cher, Schutz und Maschinenteile.","robots":{"index":"index","follow":"follow","max-snippet":"max-snippet:-1","max-image-preview":"max-image-preview:large","max-video-preview":"max-video-preview:-1"},"canonical":"http:\/\/shop.pyrasied.com\/de\/produkt\/polycarbonat-klar-uv\/","og_locale":"de_DE","og_type":"article","og_title":"Polycarbonaat helder UV | Pyrasied","og_description":"Polycarbonaat helder UV: extreem slagvast, UV-bestendig en B1-brandveilig. Ideaal voor beglazing, wanden, afdaken, bescherming en machineonderdelen.","og_url":"http:\/\/shop.pyrasied.com\/de\/produkt\/polycarbonat-klar-uv\/","og_site_name":"Pyrasied","article_publisher":"https:\/\/www.facebook.com\/Pyrasied\/","article_modified_time":"2026-03-30T12:04:55+00:00","og_image":[{"width":1000,"height":1000,"url":"https:\/\/shop.pyrasied.com\/wp-content\/uploads\/2025\/07\/P5001.jpg","type":"image\/jpeg"}],"twitter_card":"summary_large_image","twitter_misc":{"Gesch\u00e4tzte Lesezeit":"2\u00a0Minuten"},"schema":{"@context":"https:\/\/schema.org","@graph":[{"@type":"WebPage","@id":"http:\/\/shop.pyrasied.com\/nl\/product\/polycarbonaat-helder-uv\/","url":"http:\/\/shop.pyrasied.com\/nl\/product\/polycarbonaat-helder-uv\/","name":"Polycarbonat klar UV | Pyrasied","isPartOf":{"@id":"https:\/\/shop.pyrasied.com\/de\/#website"},"primaryImageOfPage":{"@id":"http:\/\/shop.pyrasied.com\/nl\/product\/polycarbonaat-helder-uv\/#primaryimage"},"image":{"@id":"http:\/\/shop.pyrasied.com\/nl\/product\/polycarbonaat-helder-uv\/#primaryimage"},"thumbnailUrl":"https:\/\/shop.pyrasied.com\/wp-content\/uploads\/2025\/07\/P5001.jpg","datePublished":"2025-07-08T09:49:53+00:00","dateModified":"2026-03-30T12:04:55+00:00","description":"Polycarbonat klar UV: extrem schlagfest, UV-best\u00e4ndig und B1 feuerbest\u00e4ndig. Ideal f\u00fcr Verglasungen, W\u00e4nde, Vord\u00e4cher, Schutz und Maschinenteile.","breadcrumb":{"@id":"http:\/\/shop.pyrasied.com\/nl\/product\/polycarbonaat-helder-uv\/#breadcrumb"},"inLanguage":"de","potentialAction":[{"@type":"ReadAction","target":["http:\/\/shop.pyrasied.com\/nl\/product\/polycarbonaat-helder-uv\/"]}]},{"@type":"ImageObject","inLanguage":"de","@id":"http:\/\/shop.pyrasied.com\/nl\/product\/polycarbonaat-helder-uv\/#primaryimage","url":"https:\/\/shop.pyrasied.com\/wp-content\/uploads\/2025\/07\/P5001.jpg","contentUrl":"https:\/\/shop.pyrasied.com\/wp-content\/uploads\/2025\/07\/P5001.jpg","width":1000,"height":1000,"caption":"Polycarbonaat helder UV"},{"@type":"BreadcrumbList","@id":"http:\/\/shop.pyrasied.com\/nl\/product\/polycarbonaat-helder-uv\/#breadcrumb","itemListElement":[{"@type":"ListItem","position":1,"name":"Home","item":"https:\/\/shop.pyrasied.com\/nl\/"},{"@type":"ListItem","position":2,"name":"Materialen","item":"https:\/\/shop.pyrasied.com\/nl\/materialen\/"},{"@type":"ListItem","position":3,"name":"Polycarbonaat \/ PETG","item":"http:\/\/shop.pyrasied.com\/nl\/materialen\/polycarbonaat-petg\/"},{"@type":"ListItem","position":4,"name":"Polycarbonaat helder UV"}]},{"@type":"WebSite","@id":"https:\/\/shop.pyrasied.com\/de\/#website","url":"https:\/\/shop.pyrasied.com\/de\/","name":"Pyrasied","description":"Aus Liebe zum Material","publisher":{"@id":"https:\/\/shop.pyrasied.com\/de\/#organization"},"potentialAction":[{"@type":"SearchAction","target":{"@type":"EntryPoint","urlTemplate":"https:\/\/shop.pyrasied.com\/de\/?s={search_term_string}"},"query-input":{"@type":"PropertyValueSpecification","valueRequired":true,"valueName":"search_term_string"}}],"inLanguage":"de"},{"@type":"Organization","@id":"https:\/\/shop.pyrasied.com\/de\/#organization","name":"Pyrasied","url":"https:\/\/shop.pyrasied.com\/de\/","logo":{"@type":"ImageObject","inLanguage":"de","@id":"https:\/\/shop.pyrasied.com\/de\/#\/schema\/logo\/image\/","url":"https:\/\/shop.pyrasied.com\/wp-content\/uploads\/2025\/06\/pyrasied.jpg","contentUrl":"https:\/\/shop.pyrasied.com\/wp-content\/uploads\/2025\/06\/pyrasied.jpg","width":1200,"height":630,"caption":"Pyrasied"},"image":{"@id":"https:\/\/shop.pyrasied.com\/de\/#\/schema\/logo\/image\/"},"sameAs":["https:\/\/www.facebook.com\/Pyrasied\/","https:\/\/www.instagram.com\/pyrasied\/"]}]}},"_links":{"self":[{"href":"https:\/\/shop.pyrasied.com\/de\/wp-json\/wp\/v2\/product\/8079","targetHints":{"allow":["GET"]}}],"collection":[{"href":"https:\/\/shop.pyrasied.com\/de\/wp-json\/wp\/v2\/product"}],"about":[{"href":"https:\/\/shop.pyrasied.com\/de\/wp-json\/wp\/v2\/types\/product"}],"wp:featuredmedia":[{"embeddable":true,"href":"https:\/\/shop.pyrasied.com\/de\/wp-json\/wp\/v2\/media\/12936"}],"wp:attachment":[{"href":"https:\/\/shop.pyrasied.com\/de\/wp-json\/wp\/v2\/media?parent=8079"}],"wp:term":[{"taxonomy":"product_brand","embeddable":true,"href":"https:\/\/shop.pyrasied.com\/de\/wp-json\/wp\/v2\/product_brand?post=8079"},{"taxonomy":"product_cat","embeddable":true,"href":"https:\/\/shop.pyrasied.com\/de\/wp-json\/wp\/v2\/product_cat?post=8079"},{"taxonomy":"product_tag","embeddable":true,"href":"https:\/\/shop.pyrasied.com\/de\/wp-json\/wp\/v2\/product_tag?post=8079"}],"curies":[{"name":"wp","href":"https:\/\/api.w.org\/{rel}","templated":true}]}}