{"id":6809,"date":"2025-07-01T14:50:22","date_gmt":"2025-07-01T14:50:22","guid":{"rendered":"https:\/\/pyrasiedshop.nl\/product\/precisie-acrylaat-hesaglas\/"},"modified":"2026-04-15T10:52:11","modified_gmt":"2026-04-15T08:52:11","slug":"prazisions-acryl-hesaglas","status":"publish","type":"product","link":"https:\/\/shop.pyrasied.com\/de\/produkt\/prazisions-acryl-hesaglas\/","title":{"rendered":"Pr\u00e4zisions-Acrylat (Hesaglas)"},"content":{"rendered":"<p>Das von Topacryl angebotene Hesaglas-Pr\u00e4zisionsacrylat ist ein sehr d\u00fcnnes Gussacrylat mit einer au\u00dfergew\u00f6hnlich geringen Dickentoleranz. Das Material ist f\u00fcr seine extreme Ma\u00dfgenauigkeit und optische Reinheit bekannt und eignet sich daher ideal f\u00fcr Anwendungen, bei denen Pr\u00e4zision und Best\u00e4ndigkeit entscheidend sind.<\/p>\n<p>Dank dieser Eigenschaften findet Hesaglas breite Verwendung in hochwertigen technischen und optischen Anwendungen wie optischen Instrumenten, elektronischen Displays und Anzeigetafeln, bei denen Gleichm\u00e4\u00dfigkeit und Helligkeit entscheidend sind. Dar\u00fcber hinaus ist Hesaglas ideal f\u00fcr den Modell- und Modellbau, Uhrengl\u00e4ser (Hesalite), Halterungen, Infrarot- und optische Filter, Displays und Frontplatten. Das Material verbindet anspruchsvolle \u00c4sthetik mit technischer Zuverl\u00e4ssigkeit, selbst bei sehr geringen Dicken.<\/p>\n<h2>Eigenschaften von Pr\u00e4zisionsacrylat (Hesa-Glas)<\/h2>\n<ul>\n<li>Minimale Dickentoleranz: geeignet f\u00fcr Pr\u00e4zisionsanwendungen<\/li>\n<li>Optisch rein und klar<\/li>\n<li>Standardm\u00e4\u00dfig gl\u00e4nzende Oberfl\u00e4che, einige Varianten in leicht matt, matt oder stark matt<\/li>\n<li>Europ\u00e4isch hergestellt mit hohen Qualit\u00e4tsstandards<\/li>\n<li>Erh\u00e4ltlich in mehr als 20 Farbt\u00f6nen und verschiedenen Dicken<\/li>\n<\/ul>\n<h3>Lagerbestand<\/h3>\n<p>Mit Hesaglas sind zahlreiche Farboptionen m\u00f6glich. Pyrasied f\u00fchrt mehr als 20 verschiedene Farben (einschlie\u00dflich fluoreszierender Farben) und St\u00e4rken von 0,5 mm bis 2 mm. Pyrasied bietet auch eine spezielle Hesaglas-Platte an, die infrarotdurchl\u00e4ssig ist, ideal f\u00fcr die diskrete Positionierung von Schwarz-Wei\u00df- oder infrarotempfindlichen Farbkameras.<\/p>\n<p>Das Besondere an Hesaglas ist, dass alle Farben unabh\u00e4ngig von der Materialst\u00e4rke sind. Das bedeutet, dass Sie zum Beispiel eine 0,8-mm-Platte neben einer 1,5-mm-Platte verwenden k\u00f6nnen, ohne dass ein Farbunterschied entsteht.<\/p>\n<h3>Anwendungen<\/h3>\n<p>Hesaglas Pr\u00e4zisions-Acrylplatten k\u00f6nnen f\u00fcr viele verschiedene Anwendungen verwendet werden, bei denen sehr d\u00fcnnes Material zum Einsatz kommt, z. B. als (Licht-)Leuchten, Modellbau, Schauglas, Uhrenglas, Laserscanner-Filter (2999 schwarz\/rot infrarot), LED-Schutz, UV-Augenschutz in medizinischen Ger\u00e4ten und anderen medizinischen Anwendungen und Laborger\u00e4ten, Lichtfilter, Taucherbrillengl\u00e4ser, Augenschutzglas, Gitarrenplektra, Sicherheitskameraglas und mehr.<\/p>\n<h3>Verarbeitungsm\u00f6glichkeiten<\/h3>\n<p>Hesa-Glas kann auf folgende Weise verarbeitet werden:<\/p>\n<ul>\n<li>Laser<\/li>\n<li>S\u00e4ge<\/li>\n<li>Drucken<\/li>\n<li>Beschichtung<\/li>\n<\/ul>\n<p>Sie suchen Acrylglas in Standardplattenst\u00e4rken? Dann werfen Sie einen Blick auf unsere Produktseiten f\u00fcr <a href=\"https:\/\/shop.pyrasied.com\/de\/produkt\/gegossenes-gs-klares-acryl\/\">Acryl GS<\/a> und <a href=\"https:\/\/shop.pyrasied.com\/de\/produkt\/extrudiertes-klares-xt-acryl\/\">Acryl XT<\/a> Platten. F\u00fcr Anwendungen, bei denen Sie mehr Volumen oder Dicke ben\u00f6tigen, bietet Pyrasied auch <a href=\"https:\/\/shop.pyrasied.com\/de\/produkt\/acrylblock\/\">Acrylblock<\/a>.<\/p>","protected":false},"excerpt":{"rendered":"<p>Das von Topacryl angebotene Hesaglas-Pr\u00e4zisionsacrylat ist ein sehr d\u00fcnnes Gussacrylat mit einer au\u00dfergew\u00f6hnlich geringen Dickentoleranz. Das Material ist bekannt f\u00fcr seine extreme Ma\u00dfgenauigkeit und optische Reinheit, wodurch es sich ideal f\u00fcr Anwendungen eignet, bei denen Pr\u00e4zision und Best\u00e4ndigkeit entscheidend sind. Dank dieser Eigenschaften wird Hesaglas h\u00e4ufig in anspruchsvollen technischen und optischen Anwendungen eingesetzt, wie z. B. in der optischen [...]<\/p>","protected":false},"featured_media":13548,"template":"","meta":{"_acf_changed":false},"product_brand":[],"product_cat":[30],"product_tag":[1753],"class_list":{"0":"post-6809","1":"product","2":"type-product","3":"status-publish","4":"has-post-thumbnail","6":"product_cat-acrylaat","7":"product_tag-topacryl","9":"first","10":"instock","11":"taxable","12":"shipping-taxable","13":"purchasable","14":"product-type-variable"},"acf":[],"yoast_head":"<!-- This site is optimized with the Yoast SEO plugin v26.0 - https:\/\/yoast.com\/wordpress\/plugins\/seo\/ -->\n<title>Precisieacrylaat (Hesaglas) | Pyrasied<\/title>\n<meta name=\"description\" content=\"Ontdek Precisieacrylaat (Hesaglas) \u2013 optisch zuiver, dun gegoten met minimale diktetolerantie. Ideaal voor modelbouw, horlogeglazen en frontpanelen.\" \/>\n<meta name=\"robots\" content=\"index, follow, max-snippet:-1, max-image-preview:large, max-video-preview:-1\" \/>\n<link rel=\"canonical\" href=\"http:\/\/shop.pyrasied.com\/de\/produkt\/prazisions-acryl-hesaglas\/\" \/>\n<meta property=\"og:locale\" content=\"de_DE\" \/>\n<meta property=\"og:type\" content=\"article\" \/>\n<meta property=\"og:title\" content=\"Precisieacrylaat (Hesaglas) | Pyrasied\" \/>\n<meta property=\"og:description\" content=\"Ontdek Precisieacrylaat (Hesaglas) \u2013 optisch zuiver, dun gegoten met minimale diktetolerantie. Ideaal voor modelbouw, horlogeglazen en frontpanelen.\" \/>\n<meta property=\"og:url\" content=\"http:\/\/shop.pyrasied.com\/de\/produkt\/prazisions-acryl-hesaglas\/\" \/>\n<meta property=\"og:site_name\" content=\"Pyrasied\" \/>\n<meta property=\"article:publisher\" content=\"https:\/\/www.facebook.com\/Pyrasied\/\" \/>\n<meta property=\"article:modified_time\" content=\"2026-04-15T08:52:11+00:00\" \/>\n<meta property=\"og:image\" content=\"https:\/\/shop.pyrasied.com\/wp-content\/uploads\/2025\/07\/MG_2596V2.jpg\" \/>\n\t<meta property=\"og:image:width\" content=\"1000\" \/>\n\t<meta property=\"og:image:height\" content=\"1000\" \/>\n\t<meta property=\"og:image:type\" content=\"image\/jpeg\" \/>\n<meta name=\"twitter:card\" content=\"summary_large_image\" \/>\n<meta name=\"twitter:label1\" content=\"Gesch\u00e4tzte Lesezeit\" \/>\n\t<meta name=\"twitter:data1\" content=\"2\u00a0Minuten\" \/>\n<script type=\"application\/ld+json\" class=\"yoast-schema-graph\">{\"@context\":\"https:\/\/schema.org\",\"@graph\":[{\"@type\":\"WebPage\",\"@id\":\"http:\/\/shop.pyrasied.com\/nl\/product\/precisieacrylaat-hesaglas\/\",\"url\":\"http:\/\/shop.pyrasied.com\/nl\/product\/precisieacrylaat-hesaglas\/\",\"name\":\"Precisieacrylaat (Hesaglas) | Pyrasied\",\"isPartOf\":{\"@id\":\"https:\/\/shop.pyrasied.com\/de\/#website\"},\"primaryImageOfPage\":{\"@id\":\"http:\/\/shop.pyrasied.com\/nl\/product\/precisieacrylaat-hesaglas\/#primaryimage\"},\"image\":{\"@id\":\"http:\/\/shop.pyrasied.com\/nl\/product\/precisieacrylaat-hesaglas\/#primaryimage\"},\"thumbnailUrl\":\"https:\/\/shop.pyrasied.com\/wp-content\/uploads\/2025\/07\/MG_2596V2.jpg\",\"datePublished\":\"2025-07-01T14:50:22+00:00\",\"dateModified\":\"2026-04-15T08:52:11+00:00\",\"description\":\"Ontdek Precisieacrylaat (Hesaglas) \u2013 optisch zuiver, dun gegoten met minimale diktetolerantie. Ideaal voor modelbouw, horlogeglazen en frontpanelen.\",\"breadcrumb\":{\"@id\":\"http:\/\/shop.pyrasied.com\/nl\/product\/precisieacrylaat-hesaglas\/#breadcrumb\"},\"inLanguage\":\"de\",\"potentialAction\":[{\"@type\":\"ReadAction\",\"target\":[\"http:\/\/shop.pyrasied.com\/nl\/product\/precisieacrylaat-hesaglas\/\"]}]},{\"@type\":\"ImageObject\",\"inLanguage\":\"de\",\"@id\":\"http:\/\/shop.pyrasied.com\/nl\/product\/precisieacrylaat-hesaglas\/#primaryimage\",\"url\":\"https:\/\/shop.pyrasied.com\/wp-content\/uploads\/2025\/07\/MG_2596V2.jpg\",\"contentUrl\":\"https:\/\/shop.pyrasied.com\/wp-content\/uploads\/2025\/07\/MG_2596V2.jpg\",\"width\":1000,\"height\":1000,\"caption\":\"Precisieacrylaat Hesaglas\"},{\"@type\":\"BreadcrumbList\",\"@id\":\"http:\/\/shop.pyrasied.com\/nl\/product\/precisieacrylaat-hesaglas\/#breadcrumb\",\"itemListElement\":[{\"@type\":\"ListItem\",\"position\":1,\"name\":\"Home\",\"item\":\"https:\/\/shop.pyrasied.com\/nl\/\"},{\"@type\":\"ListItem\",\"position\":2,\"name\":\"Materialen\",\"item\":\"https:\/\/shop.pyrasied.com\/nl\/materialen\/\"},{\"@type\":\"ListItem\",\"position\":3,\"name\":\"Acrylaat\",\"item\":\"http:\/\/shop.pyrasied.com\/nl\/materialen\/acrylaat\/\"},{\"@type\":\"ListItem\",\"position\":4,\"name\":\"Precisieacrylaat (Hesaglas)\"}]},{\"@type\":\"WebSite\",\"@id\":\"https:\/\/shop.pyrasied.com\/de\/#website\",\"url\":\"https:\/\/shop.pyrasied.com\/de\/\",\"name\":\"Pyrasied\",\"description\":\"Uit liefde voor materiaal\",\"publisher\":{\"@id\":\"https:\/\/shop.pyrasied.com\/de\/#organization\"},\"potentialAction\":[{\"@type\":\"SearchAction\",\"target\":{\"@type\":\"EntryPoint\",\"urlTemplate\":\"https:\/\/shop.pyrasied.com\/de\/?s={search_term_string}\"},\"query-input\":{\"@type\":\"PropertyValueSpecification\",\"valueRequired\":true,\"valueName\":\"search_term_string\"}}],\"inLanguage\":\"de\"},{\"@type\":\"Organization\",\"@id\":\"https:\/\/shop.pyrasied.com\/de\/#organization\",\"name\":\"Pyrasied\",\"url\":\"https:\/\/shop.pyrasied.com\/de\/\",\"logo\":{\"@type\":\"ImageObject\",\"inLanguage\":\"de\",\"@id\":\"https:\/\/shop.pyrasied.com\/de\/#\/schema\/logo\/image\/\",\"url\":\"https:\/\/shop.pyrasied.com\/wp-content\/uploads\/2025\/06\/pyrasied.jpg\",\"contentUrl\":\"https:\/\/shop.pyrasied.com\/wp-content\/uploads\/2025\/06\/pyrasied.jpg\",\"width\":1200,\"height\":630,\"caption\":\"Pyrasied\"},\"image\":{\"@id\":\"https:\/\/shop.pyrasied.com\/de\/#\/schema\/logo\/image\/\"},\"sameAs\":[\"https:\/\/www.facebook.com\/Pyrasied\/\",\"https:\/\/www.instagram.com\/pyrasied\/\"]}]}<\/script>\n<!-- \/ Yoast SEO plugin. -->","yoast_head_json":{"title":"Pr\u00e4zisionsacrylat (Hesaglass) | Pyrasied","description":"Entdecken Sie Pr\u00e4zisions-Acrylat (Hesa-Glas) - optisch rein, d\u00fcnn gegossen mit minimaler Dickentoleranz. Ideal f\u00fcr Modellbau, Uhrengl\u00e4ser und Frontplatten.","robots":{"index":"index","follow":"follow","max-snippet":"max-snippet:-1","max-image-preview":"max-image-preview:large","max-video-preview":"max-video-preview:-1"},"canonical":"http:\/\/shop.pyrasied.com\/de\/produkt\/prazisions-acryl-hesaglas\/","og_locale":"de_DE","og_type":"article","og_title":"Precisieacrylaat (Hesaglas) | Pyrasied","og_description":"Ontdek Precisieacrylaat (Hesaglas) \u2013 optisch zuiver, dun gegoten met minimale diktetolerantie. Ideaal voor modelbouw, horlogeglazen en frontpanelen.","og_url":"http:\/\/shop.pyrasied.com\/de\/produkt\/prazisions-acryl-hesaglas\/","og_site_name":"Pyrasied","article_publisher":"https:\/\/www.facebook.com\/Pyrasied\/","article_modified_time":"2026-04-15T08:52:11+00:00","og_image":[{"width":1000,"height":1000,"url":"https:\/\/shop.pyrasied.com\/wp-content\/uploads\/2025\/07\/MG_2596V2.jpg","type":"image\/jpeg"}],"twitter_card":"summary_large_image","twitter_misc":{"Gesch\u00e4tzte Lesezeit":"2\u00a0Minuten"},"schema":{"@context":"https:\/\/schema.org","@graph":[{"@type":"WebPage","@id":"http:\/\/shop.pyrasied.com\/nl\/product\/precisieacrylaat-hesaglas\/","url":"http:\/\/shop.pyrasied.com\/nl\/product\/precisieacrylaat-hesaglas\/","name":"Pr\u00e4zisionsacrylat (Hesaglass) | Pyrasied","isPartOf":{"@id":"https:\/\/shop.pyrasied.com\/de\/#website"},"primaryImageOfPage":{"@id":"http:\/\/shop.pyrasied.com\/nl\/product\/precisieacrylaat-hesaglas\/#primaryimage"},"image":{"@id":"http:\/\/shop.pyrasied.com\/nl\/product\/precisieacrylaat-hesaglas\/#primaryimage"},"thumbnailUrl":"https:\/\/shop.pyrasied.com\/wp-content\/uploads\/2025\/07\/MG_2596V2.jpg","datePublished":"2025-07-01T14:50:22+00:00","dateModified":"2026-04-15T08:52:11+00:00","description":"Entdecken Sie Pr\u00e4zisions-Acrylat (Hesa-Glas) - optisch rein, d\u00fcnn gegossen mit minimaler Dickentoleranz. Ideal f\u00fcr Modellbau, Uhrengl\u00e4ser und Frontplatten.","breadcrumb":{"@id":"http:\/\/shop.pyrasied.com\/nl\/product\/precisieacrylaat-hesaglas\/#breadcrumb"},"inLanguage":"de","potentialAction":[{"@type":"ReadAction","target":["http:\/\/shop.pyrasied.com\/nl\/product\/precisieacrylaat-hesaglas\/"]}]},{"@type":"ImageObject","inLanguage":"de","@id":"http:\/\/shop.pyrasied.com\/nl\/product\/precisieacrylaat-hesaglas\/#primaryimage","url":"https:\/\/shop.pyrasied.com\/wp-content\/uploads\/2025\/07\/MG_2596V2.jpg","contentUrl":"https:\/\/shop.pyrasied.com\/wp-content\/uploads\/2025\/07\/MG_2596V2.jpg","width":1000,"height":1000,"caption":"Precisieacrylaat Hesaglas"},{"@type":"BreadcrumbList","@id":"http:\/\/shop.pyrasied.com\/nl\/product\/precisieacrylaat-hesaglas\/#breadcrumb","itemListElement":[{"@type":"ListItem","position":1,"name":"Home","item":"https:\/\/shop.pyrasied.com\/nl\/"},{"@type":"ListItem","position":2,"name":"Materialen","item":"https:\/\/shop.pyrasied.com\/nl\/materialen\/"},{"@type":"ListItem","position":3,"name":"Acrylaat","item":"http:\/\/shop.pyrasied.com\/nl\/materialen\/acrylaat\/"},{"@type":"ListItem","position":4,"name":"Precisieacrylaat (Hesaglas)"}]},{"@type":"WebSite","@id":"https:\/\/shop.pyrasied.com\/de\/#website","url":"https:\/\/shop.pyrasied.com\/de\/","name":"Pyrasied","description":"Aus Liebe zum Material","publisher":{"@id":"https:\/\/shop.pyrasied.com\/de\/#organization"},"potentialAction":[{"@type":"SearchAction","target":{"@type":"EntryPoint","urlTemplate":"https:\/\/shop.pyrasied.com\/de\/?s={search_term_string}"},"query-input":{"@type":"PropertyValueSpecification","valueRequired":true,"valueName":"search_term_string"}}],"inLanguage":"de"},{"@type":"Organization","@id":"https:\/\/shop.pyrasied.com\/de\/#organization","name":"Pyrasied","url":"https:\/\/shop.pyrasied.com\/de\/","logo":{"@type":"ImageObject","inLanguage":"de","@id":"https:\/\/shop.pyrasied.com\/de\/#\/schema\/logo\/image\/","url":"https:\/\/shop.pyrasied.com\/wp-content\/uploads\/2025\/06\/pyrasied.jpg","contentUrl":"https:\/\/shop.pyrasied.com\/wp-content\/uploads\/2025\/06\/pyrasied.jpg","width":1200,"height":630,"caption":"Pyrasied"},"image":{"@id":"https:\/\/shop.pyrasied.com\/de\/#\/schema\/logo\/image\/"},"sameAs":["https:\/\/www.facebook.com\/Pyrasied\/","https:\/\/www.instagram.com\/pyrasied\/"]}]}},"_links":{"self":[{"href":"https:\/\/shop.pyrasied.com\/de\/wp-json\/wp\/v2\/product\/6809","targetHints":{"allow":["GET"]}}],"collection":[{"href":"https:\/\/shop.pyrasied.com\/de\/wp-json\/wp\/v2\/product"}],"about":[{"href":"https:\/\/shop.pyrasied.com\/de\/wp-json\/wp\/v2\/types\/product"}],"wp:featuredmedia":[{"embeddable":true,"href":"https:\/\/shop.pyrasied.com\/de\/wp-json\/wp\/v2\/media\/13548"}],"wp:attachment":[{"href":"https:\/\/shop.pyrasied.com\/de\/wp-json\/wp\/v2\/media?parent=6809"}],"wp:term":[{"taxonomy":"product_brand","embeddable":true,"href":"https:\/\/shop.pyrasied.com\/de\/wp-json\/wp\/v2\/product_brand?post=6809"},{"taxonomy":"product_cat","embeddable":true,"href":"https:\/\/shop.pyrasied.com\/de\/wp-json\/wp\/v2\/product_cat?post=6809"},{"taxonomy":"product_tag","embeddable":true,"href":"https:\/\/shop.pyrasied.com\/de\/wp-json\/wp\/v2\/product_tag?post=6809"}],"curies":[{"name":"wp","href":"https:\/\/api.w.org\/{rel}","templated":true}]}}