{"id":14731,"date":"2025-08-21T10:28:49","date_gmt":"2025-08-21T10:28:49","guid":{"rendered":"https:\/\/shop.pyrasied.com\/product\/staf-design\/"},"modified":"2026-03-30T12:32:55","modified_gmt":"2026-03-30T12:32:55","slug":"design-kunststoffstangen","status":"publish","type":"product","link":"https:\/\/shop.pyrasied.com\/de\/produkt\/design-kunststoffstangen\/","title":{"rendered":"Design-Kunststoffst\u00e4be"},"content":{"rendered":"<p>Die Design-Kunststoffst\u00e4be von Pyrasied eignen sich aufgrund ihres einzigartigen Aussehens perfekt f\u00fcr kreative Anwendungen. Bei Pyrasied finden Sie eine gro\u00dfe Auswahl an Designs in verschiedenen Gr\u00f6\u00dfen, Farben und Ausf\u00fchrungen. Neben der Funktionalit\u00e4t gibt es auch viele \u00e4sthetische M\u00f6glichkeiten. Von fluoreszierenden St\u00e4ben f\u00fcr einen Blickfang in Ihrem Interieur bis hin zu Spiraldesigns und St\u00e4ben im Retro-Look-and-Feel f\u00fcr eine besondere Raumgestaltung.<\/p>\n<p>Ob Sie sich f\u00fcr transparente Farben, matte Oberfl\u00e4chen oder auff\u00e4llige Muster entscheiden - entdecken Sie hier die unendlichen M\u00f6glichkeiten f\u00fcr Design, Inneneinrichtung und Pr\u00e4sentation.<\/p>\n<h2>Lagerbestand<\/h2>\n<p>Die Acryl-Designleisten sind in den folgenden Varianten erh\u00e4ltlich:<\/p>\n<ul>\n<li>Acryl (PMMA) Rundstab GS Fluoreszierend gelb<\/li>\n<li>Acryl (PMMA) Rundstab GS Fluoreszierend rot<\/li>\n<li>Acryl (PMMA) Rundstab GS Fluoreszierend blau<\/li>\n<li>Acryl (PMMA) Rundstab GS Fluoreszierend gr\u00fcn<\/li>\n<li>Acryl-Rundstab GS petrolgr\u00fcn (Ausverkauft)<\/li>\n<li>Acryl-Spiralstab klar<\/li>\n<li>Acryl-Blasenstab klar<\/li>\n<li>Acryl-Rundstab XT Lightguide Ghost Reflektor-Streifen<\/li>\n<li>Acryl XT Rundstab Ghost<\/li>\n<\/ul>\n<h2>Eigenschaften<\/h2>\n<ul>\n<li>Gegossene und extrudierte Acrylst\u00e4be<\/li>\n<li>Stark und steif - langlebig und formstabil<\/li>\n<li>Geeignet f\u00fcr kreative Anwendungen, ideal f\u00fcr Beleuchtung und Design<\/li>\n<li>Einfache Bearbeitung: S\u00e4gen, Fr\u00e4sen, Hei\u00dfbiegen, Kleben, Bohren, Polieren, Schleifen und Beschriften<\/li>\n<\/ul>\n<h2>Anwendungen<\/h2>\n<p>Diese Designerstangen eignen sich perfekt f\u00fcr kreative Anwendungen wie z. B.:<\/p>\n<ul>\n<li>K\u00fcnstlerische Beleuchtungskonzepte<\/li>\n<li>Modelle und architektonische Anwendungen<\/li>\n<li>Kunstobjekte und Designprojekte<\/li>\n<li>Dekorative Installationen oder auff\u00e4llige Details im Innenbereich<\/li>\n<\/ul>\n<h2>Bearbeitungsm\u00f6glichkeiten von Kunststoffst\u00e4ben<\/h2>\n<p>Diese Stangen sind spannungsfrei gegossen und eignen sich daher hervorragend f\u00fcr verschiedene Bearbeitungsvorg\u00e4nge:<\/p>\n<ul>\n<li>S\u00e4gen und Fr\u00e4sen<\/li>\n<li>Hei\u00dfbiegen<\/li>\n<li>Bindung<\/li>\n<li>Bohren und Polieren<\/li>\n<li>Schleifen und Beschriften<\/li>\n<\/ul>\n<p>Unsere Werkstatt kann Stangen auf Ma\u00df schneiden oder komplett nach Zeichnung bearbeiten. Kontaktieren Sie uns f\u00fcr Anpassungen und Beratung.<\/p>\n<p><em>Suchen Sie nach Designerpfeifen? Siehe <a href=\"https:\/\/shop.pyrasied.com\/de\/produkt\/design-kunststoffrohr\/\">hier<\/a> Unser Angebot an Design-Kunststoffrohren.<\/em><\/p>","protected":false},"excerpt":{"rendered":"<p>Die Design-Kunststoffst\u00e4be von Pyrasied eignen sich aufgrund ihres einzigartigen Aussehens perfekt f\u00fcr kreative Anwendungen. Bei Pyrasied finden Sie eine gro\u00dfe Auswahl an Designs in verschiedenen Gr\u00f6\u00dfen, Farben und Ausf\u00fchrungen. Neben der Funktionalit\u00e4t gibt es auch viele \u00e4sthetische M\u00f6glichkeiten. Von fluoreszierenden St\u00e4ben f\u00fcr einen Blickfang in Ihrem Interieur bis hin zu Spiraldesigns und Retro-Look-and-Feel [...]<\/p>","protected":false},"featured_media":14509,"template":"","meta":{"_acf_changed":false},"product_brand":[],"product_cat":[32],"product_tag":[638,1716,1705,639,622,640,623,591],"class_list":{"0":"post-14731","1":"product","2":"type-product","3":"status-publish","4":"has-post-thumbnail","6":"product_cat-buizen-en-staven","7":"product_tag-acrylaat-staf","8":"product_tag-design-buis","9":"product_tag-ghost-staf","10":"product_tag-perspex-staf","11":"product_tag-plexiglas","12":"product_tag-plexiglas-staf","13":"product_tag-pmma","14":"product_tag-rondstaf","16":"first","17":"instock","18":"taxable","19":"shipping-taxable","20":"purchasable","21":"product-type-variable"},"acf":[],"yoast_head":"<!-- This site is optimized with the Yoast SEO plugin v26.0 - https:\/\/yoast.com\/wordpress\/plugins\/seo\/ -->\n<title>Design kunststof staven | Pyrasied<\/title>\n<meta name=\"description\" content=\"Ontdek design kunststof staven bij Pyrasied. Verkrijgbaar in diverse kleuren, afwerkingen en maten, ideaal voor creatieve en decoratieve toepassingen.\" \/>\n<meta name=\"robots\" content=\"index, follow, max-snippet:-1, max-image-preview:large, max-video-preview:-1\" \/>\n<link rel=\"canonical\" href=\"http:\/\/shop.pyrasied.com\/de\/produkt\/design-kunststoffstangen\/\" \/>\n<meta property=\"og:locale\" content=\"de_DE\" \/>\n<meta property=\"og:type\" content=\"article\" \/>\n<meta property=\"og:title\" content=\"Design kunststof staven | Pyrasied\" \/>\n<meta property=\"og:description\" content=\"Ontdek design kunststof staven bij Pyrasied. Verkrijgbaar in diverse kleuren, afwerkingen en maten, ideaal voor creatieve en decoratieve toepassingen.\" \/>\n<meta property=\"og:url\" content=\"http:\/\/shop.pyrasied.com\/de\/produkt\/design-kunststoffstangen\/\" \/>\n<meta property=\"og:site_name\" content=\"Pyrasied\" \/>\n<meta property=\"article:publisher\" content=\"https:\/\/www.facebook.com\/Pyrasied\/\" \/>\n<meta property=\"article:modified_time\" content=\"2026-03-30T12:32:55+00:00\" \/>\n<meta property=\"og:image\" content=\"https:\/\/shop.pyrasied.com\/wp-content\/uploads\/2025\/08\/P57312.jpg\" \/>\n\t<meta property=\"og:image:width\" content=\"1000\" \/>\n\t<meta property=\"og:image:height\" content=\"1000\" \/>\n\t<meta property=\"og:image:type\" content=\"image\/jpeg\" \/>\n<meta name=\"twitter:card\" content=\"summary_large_image\" \/>\n<meta name=\"twitter:label1\" content=\"Gesch\u00e4tzte Lesezeit\" \/>\n\t<meta name=\"twitter:data1\" content=\"2\u00a0Minuten\" \/>\n<script type=\"application\/ld+json\" class=\"yoast-schema-graph\">{\"@context\":\"https:\/\/schema.org\",\"@graph\":[{\"@type\":\"WebPage\",\"@id\":\"http:\/\/shop.pyrasied.com\/nl\/product\/design-kunststof-staven\/\",\"url\":\"http:\/\/shop.pyrasied.com\/nl\/product\/design-kunststof-staven\/\",\"name\":\"Design kunststof staven | Pyrasied\",\"isPartOf\":{\"@id\":\"https:\/\/shop.pyrasied.com\/de\/#website\"},\"primaryImageOfPage\":{\"@id\":\"http:\/\/shop.pyrasied.com\/nl\/product\/design-kunststof-staven\/#primaryimage\"},\"image\":{\"@id\":\"http:\/\/shop.pyrasied.com\/nl\/product\/design-kunststof-staven\/#primaryimage\"},\"thumbnailUrl\":\"https:\/\/shop.pyrasied.com\/wp-content\/uploads\/2025\/08\/P57312.jpg\",\"datePublished\":\"2025-08-21T10:28:49+00:00\",\"dateModified\":\"2026-03-30T12:32:55+00:00\",\"description\":\"Ontdek design kunststof staven bij Pyrasied. Verkrijgbaar in diverse kleuren, afwerkingen en maten, ideaal voor creatieve en decoratieve toepassingen.\",\"breadcrumb\":{\"@id\":\"http:\/\/shop.pyrasied.com\/nl\/product\/design-kunststof-staven\/#breadcrumb\"},\"inLanguage\":\"de\",\"potentialAction\":[{\"@type\":\"ReadAction\",\"target\":[\"http:\/\/shop.pyrasied.com\/nl\/product\/design-kunststof-staven\/\"]}]},{\"@type\":\"ImageObject\",\"inLanguage\":\"de\",\"@id\":\"http:\/\/shop.pyrasied.com\/nl\/product\/design-kunststof-staven\/#primaryimage\",\"url\":\"https:\/\/shop.pyrasied.com\/wp-content\/uploads\/2025\/08\/P57312.jpg\",\"contentUrl\":\"https:\/\/shop.pyrasied.com\/wp-content\/uploads\/2025\/08\/P57312.jpg\",\"width\":1000,\"height\":1000,\"caption\":\"Design kunststof staven\"},{\"@type\":\"BreadcrumbList\",\"@id\":\"http:\/\/shop.pyrasied.com\/nl\/product\/design-kunststof-staven\/#breadcrumb\",\"itemListElement\":[{\"@type\":\"ListItem\",\"position\":1,\"name\":\"Home\",\"item\":\"https:\/\/shop.pyrasied.com\/nl\/\"},{\"@type\":\"ListItem\",\"position\":2,\"name\":\"Materialen\",\"item\":\"https:\/\/shop.pyrasied.com\/nl\/materialen\/\"},{\"@type\":\"ListItem\",\"position\":3,\"name\":\"Buizen en staven\",\"item\":\"https:\/\/shop.pyrasied.com\/nl\/materialen\/buizen-en-staven\/\"},{\"@type\":\"ListItem\",\"position\":4,\"name\":\"Design kunststof staven\"}]},{\"@type\":\"WebSite\",\"@id\":\"https:\/\/shop.pyrasied.com\/de\/#website\",\"url\":\"https:\/\/shop.pyrasied.com\/de\/\",\"name\":\"Pyrasied\",\"description\":\"Uit liefde voor materiaal\",\"publisher\":{\"@id\":\"https:\/\/shop.pyrasied.com\/de\/#organization\"},\"potentialAction\":[{\"@type\":\"SearchAction\",\"target\":{\"@type\":\"EntryPoint\",\"urlTemplate\":\"https:\/\/shop.pyrasied.com\/de\/?s={search_term_string}\"},\"query-input\":{\"@type\":\"PropertyValueSpecification\",\"valueRequired\":true,\"valueName\":\"search_term_string\"}}],\"inLanguage\":\"de\"},{\"@type\":\"Organization\",\"@id\":\"https:\/\/shop.pyrasied.com\/de\/#organization\",\"name\":\"Pyrasied\",\"url\":\"https:\/\/shop.pyrasied.com\/de\/\",\"logo\":{\"@type\":\"ImageObject\",\"inLanguage\":\"de\",\"@id\":\"https:\/\/shop.pyrasied.com\/de\/#\/schema\/logo\/image\/\",\"url\":\"https:\/\/shop.pyrasied.com\/wp-content\/uploads\/2025\/06\/pyrasied.jpg\",\"contentUrl\":\"https:\/\/shop.pyrasied.com\/wp-content\/uploads\/2025\/06\/pyrasied.jpg\",\"width\":1200,\"height\":630,\"caption\":\"Pyrasied\"},\"image\":{\"@id\":\"https:\/\/shop.pyrasied.com\/de\/#\/schema\/logo\/image\/\"},\"sameAs\":[\"https:\/\/www.facebook.com\/Pyrasied\/\",\"https:\/\/www.instagram.com\/pyrasied\/\"]}]}<\/script>\n<!-- \/ Yoast SEO plugin. -->","yoast_head_json":{"title":"Design-Kunststoffst\u00e4be | Pyrasied","description":"Designer-Kunststoffstangen bei Pyrasied. Erh\u00e4ltlich in verschiedenen Farben, Ausf\u00fchrungen und Gr\u00f6\u00dfen, ideal f\u00fcr kreative und dekorative Anwendungen.","robots":{"index":"index","follow":"follow","max-snippet":"max-snippet:-1","max-image-preview":"max-image-preview:large","max-video-preview":"max-video-preview:-1"},"canonical":"http:\/\/shop.pyrasied.com\/de\/produkt\/design-kunststoffstangen\/","og_locale":"de_DE","og_type":"article","og_title":"Design kunststof staven | Pyrasied","og_description":"Ontdek design kunststof staven bij Pyrasied. Verkrijgbaar in diverse kleuren, afwerkingen en maten, ideaal voor creatieve en decoratieve toepassingen.","og_url":"http:\/\/shop.pyrasied.com\/de\/produkt\/design-kunststoffstangen\/","og_site_name":"Pyrasied","article_publisher":"https:\/\/www.facebook.com\/Pyrasied\/","article_modified_time":"2026-03-30T12:32:55+00:00","og_image":[{"width":1000,"height":1000,"url":"https:\/\/shop.pyrasied.com\/wp-content\/uploads\/2025\/08\/P57312.jpg","type":"image\/jpeg"}],"twitter_card":"summary_large_image","twitter_misc":{"Gesch\u00e4tzte Lesezeit":"2\u00a0Minuten"},"schema":{"@context":"https:\/\/schema.org","@graph":[{"@type":"WebPage","@id":"http:\/\/shop.pyrasied.com\/nl\/product\/design-kunststof-staven\/","url":"http:\/\/shop.pyrasied.com\/nl\/product\/design-kunststof-staven\/","name":"Design-Kunststoffst\u00e4be | Pyrasied","isPartOf":{"@id":"https:\/\/shop.pyrasied.com\/de\/#website"},"primaryImageOfPage":{"@id":"http:\/\/shop.pyrasied.com\/nl\/product\/design-kunststof-staven\/#primaryimage"},"image":{"@id":"http:\/\/shop.pyrasied.com\/nl\/product\/design-kunststof-staven\/#primaryimage"},"thumbnailUrl":"https:\/\/shop.pyrasied.com\/wp-content\/uploads\/2025\/08\/P57312.jpg","datePublished":"2025-08-21T10:28:49+00:00","dateModified":"2026-03-30T12:32:55+00:00","description":"Designer-Kunststoffstangen bei Pyrasied. Erh\u00e4ltlich in verschiedenen Farben, Ausf\u00fchrungen und Gr\u00f6\u00dfen, ideal f\u00fcr kreative und dekorative Anwendungen.","breadcrumb":{"@id":"http:\/\/shop.pyrasied.com\/nl\/product\/design-kunststof-staven\/#breadcrumb"},"inLanguage":"de","potentialAction":[{"@type":"ReadAction","target":["http:\/\/shop.pyrasied.com\/nl\/product\/design-kunststof-staven\/"]}]},{"@type":"ImageObject","inLanguage":"de","@id":"http:\/\/shop.pyrasied.com\/nl\/product\/design-kunststof-staven\/#primaryimage","url":"https:\/\/shop.pyrasied.com\/wp-content\/uploads\/2025\/08\/P57312.jpg","contentUrl":"https:\/\/shop.pyrasied.com\/wp-content\/uploads\/2025\/08\/P57312.jpg","width":1000,"height":1000,"caption":"Design kunststof staven"},{"@type":"BreadcrumbList","@id":"http:\/\/shop.pyrasied.com\/nl\/product\/design-kunststof-staven\/#breadcrumb","itemListElement":[{"@type":"ListItem","position":1,"name":"Home","item":"https:\/\/shop.pyrasied.com\/nl\/"},{"@type":"ListItem","position":2,"name":"Materialen","item":"https:\/\/shop.pyrasied.com\/nl\/materialen\/"},{"@type":"ListItem","position":3,"name":"Buizen en staven","item":"https:\/\/shop.pyrasied.com\/nl\/materialen\/buizen-en-staven\/"},{"@type":"ListItem","position":4,"name":"Design kunststof staven"}]},{"@type":"WebSite","@id":"https:\/\/shop.pyrasied.com\/de\/#website","url":"https:\/\/shop.pyrasied.com\/de\/","name":"Pyrasied","description":"Aus Liebe zum Material","publisher":{"@id":"https:\/\/shop.pyrasied.com\/de\/#organization"},"potentialAction":[{"@type":"SearchAction","target":{"@type":"EntryPoint","urlTemplate":"https:\/\/shop.pyrasied.com\/de\/?s={search_term_string}"},"query-input":{"@type":"PropertyValueSpecification","valueRequired":true,"valueName":"search_term_string"}}],"inLanguage":"de"},{"@type":"Organization","@id":"https:\/\/shop.pyrasied.com\/de\/#organization","name":"Pyrasied","url":"https:\/\/shop.pyrasied.com\/de\/","logo":{"@type":"ImageObject","inLanguage":"de","@id":"https:\/\/shop.pyrasied.com\/de\/#\/schema\/logo\/image\/","url":"https:\/\/shop.pyrasied.com\/wp-content\/uploads\/2025\/06\/pyrasied.jpg","contentUrl":"https:\/\/shop.pyrasied.com\/wp-content\/uploads\/2025\/06\/pyrasied.jpg","width":1200,"height":630,"caption":"Pyrasied"},"image":{"@id":"https:\/\/shop.pyrasied.com\/de\/#\/schema\/logo\/image\/"},"sameAs":["https:\/\/www.facebook.com\/Pyrasied\/","https:\/\/www.instagram.com\/pyrasied\/"]}]}},"_links":{"self":[{"href":"https:\/\/shop.pyrasied.com\/de\/wp-json\/wp\/v2\/product\/14731","targetHints":{"allow":["GET"]}}],"collection":[{"href":"https:\/\/shop.pyrasied.com\/de\/wp-json\/wp\/v2\/product"}],"about":[{"href":"https:\/\/shop.pyrasied.com\/de\/wp-json\/wp\/v2\/types\/product"}],"wp:featuredmedia":[{"embeddable":true,"href":"https:\/\/shop.pyrasied.com\/de\/wp-json\/wp\/v2\/media\/14509"}],"wp:attachment":[{"href":"https:\/\/shop.pyrasied.com\/de\/wp-json\/wp\/v2\/media?parent=14731"}],"wp:term":[{"taxonomy":"product_brand","embeddable":true,"href":"https:\/\/shop.pyrasied.com\/de\/wp-json\/wp\/v2\/product_brand?post=14731"},{"taxonomy":"product_cat","embeddable":true,"href":"https:\/\/shop.pyrasied.com\/de\/wp-json\/wp\/v2\/product_cat?post=14731"},{"taxonomy":"product_tag","embeddable":true,"href":"https:\/\/shop.pyrasied.com\/de\/wp-json\/wp\/v2\/product_tag?post=14731"}],"curies":[{"name":"wp","href":"https:\/\/api.w.org\/{rel}","templated":true}]}}