{"id":14584,"date":"2025-08-21T09:13:20","date_gmt":"2025-08-21T09:13:20","guid":{"rendered":"https:\/\/shop.pyrasied.com\/product\/buis-outlet\/"},"modified":"2026-03-30T12:32:44","modified_gmt":"2026-03-30T12:32:44","slug":"kunststoffrohr-abgang","status":"publish","type":"product","link":"https:\/\/shop.pyrasied.com\/de\/produkt\/kunststoffrohr-abgang\/","title":{"rendered":"Kunststoffrohr-Outlet"},"content":{"rendered":"<p><strong>Profitieren Sie jetzt von den hohen Rabatten in unserem Kunststoffrohr Outlet!<\/strong><\/p>\n<p>Entdecken Sie ein umfangreiches Sortiment an Acryl- und Kunststoffrohren in verschiedenen L\u00e4ngen, Durchmessern, Materialien und Oberfl\u00e4chen - von klar transparent \u00fcber opal und satiniert bis hin zu recycelt transparent.<\/p>\n<p>Die Acrylrohre aus unserem Outlet sind optisch rein, stabil und UV-best\u00e4ndig.<\/p>\n<h2>Bestand unserer <strong>R\u00f6hrenauslass!<\/strong><\/h2>\n<p>Unser Angebot an Kunststoffrohrausl\u00e4ssen umfasst klar\/transparent, recycelt transparent, opal und satiniert.<\/p>\n<p><strong>Achtung: begrenzter Vorrat, also schnell sein!<\/strong><\/p>\n<h2>Anwendungen<\/h2>\n<p>Diese Rohre eignen sich sowohl f\u00fcr technische Anwendungen - wie Laboraufbauten, Reaktoren oder Prototypen - als auch f\u00fcr dekorative und kreative Projekte im Innenausbau, im Messebau oder bei Designinstallationen.<\/p>\n<h2>Verarbeitungsm\u00f6glichkeiten<\/h2>\n<ul>\n<li>S\u00e4gen und Fr\u00e4sen<\/li>\n<li>Hei\u00dfbiegen<\/li>\n<li>Bindung<\/li>\n<li>Bohren und Polieren<\/li>\n<li>Schleifen und Beschriften<\/li>\n<\/ul>\n<p>Pyrasied verarbeitet seit mehr als 35 Jahren Acryl f\u00fcr Anwendungen in <strong>Architektur, Einzelhandel, Beleuchtung und High-Tech-Industrie<\/strong>. Ausf\u00fchrliche Informationen \u00fcber die verf\u00fcgbaren Operationen und F\u00e4higkeiten finden Sie auf der Seite der Dienste von Pyrasied unter <a href=\"https:\/\/pyrasied.com\/de\/leistungen\/\"><strong>pyrasied.com<\/strong><\/a>.<\/p>\n<p>Suchen Sie nach Bars? Werfen Sie einen Blick auf unsere <a href=\"https:\/\/shop.pyrasied.com\/de\/produkt\/kunststoff-stabstelle\/\"><strong>Kunststoff-Stabstelle<\/strong><\/a> f\u00fcr wettbewerbsf\u00e4hige Angebote.<\/p>","protected":false},"excerpt":{"rendered":"<p>Profitieren Sie jetzt von hohen Rabatten in unserem Kunststoffrohr-Outlet! Entdecken Sie ein umfangreiches Sortiment an Acrylrohren und Kunststoffrohren in verschiedenen L\u00e4ngen, Durchmessern, Materialien und Ausf\u00fchrungen - von klar transparent bis opal, satiniert und recycelt transparent. Die Acrylrohre aus unserem Outlet sind optisch rein, stabil und UV-best\u00e4ndig. Lagern Sie unser Rohr-Outlet! Unser Lagerbestand [...]<\/p>","protected":false},"featured_media":13555,"template":"","meta":{"_acf_changed":false},"product_brand":[],"product_cat":[1752,36],"product_tag":[624,585,1723,1721,621,1722,622,623],"class_list":{"0":"post-14584","1":"product","2":"type-product","3":"status-publish","4":"has-post-thumbnail","6":"product_cat-buizen-en-staven-outlet","7":"product_cat-pyrasied-outlet","8":"product_tag-acrylaat-buis","9":"product_tag-buis","10":"product_tag-gegoten-acrylaat","11":"product_tag-outlet","12":"product_tag-perspex","13":"product_tag-pexiglas-buis","14":"product_tag-plexiglas","15":"product_tag-pmma","17":"first","18":"instock","19":"taxable","20":"shipping-taxable","21":"purchasable","22":"product-type-variable"},"acf":[],"yoast_head":"<!-- This site is optimized with the Yoast SEO plugin v26.0 - https:\/\/yoast.com\/wordpress\/plugins\/seo\/ -->\n<title>Kunststof buis outlet | Pyrasied<\/title>\n<meta name=\"description\" content=\"Ontdek de kunststof buis outlet bij Pyrasied: buizen in diverse lengtes, diktes en afwerkingen voor technische en creatieve toepassingen.\" \/>\n<meta name=\"robots\" content=\"index, follow, max-snippet:-1, max-image-preview:large, max-video-preview:-1\" \/>\n<link rel=\"canonical\" href=\"https:\/\/shop.pyrasied.com\/de\/produkt\/kunststoffrohr-abgang\/\" \/>\n<meta property=\"og:locale\" content=\"de_DE\" \/>\n<meta property=\"og:type\" content=\"article\" \/>\n<meta property=\"og:title\" content=\"Kunststof buis outlet | Pyrasied\" \/>\n<meta property=\"og:description\" content=\"Ontdek de kunststof buis outlet bij Pyrasied: buizen in diverse lengtes, diktes en afwerkingen voor technische en creatieve toepassingen.\" \/>\n<meta property=\"og:url\" content=\"https:\/\/shop.pyrasied.com\/de\/produkt\/kunststoffrohr-abgang\/\" \/>\n<meta property=\"og:site_name\" content=\"Pyrasied\" \/>\n<meta property=\"article:publisher\" content=\"https:\/\/www.facebook.com\/Pyrasied\/\" \/>\n<meta property=\"article:modified_time\" content=\"2026-03-30T12:32:44+00:00\" \/>\n<meta property=\"og:image\" content=\"https:\/\/shop.pyrasied.com\/wp-content\/uploads\/2025\/07\/Buis-en-staf-outlet.jpg\" \/>\n\t<meta property=\"og:image:width\" content=\"1000\" \/>\n\t<meta property=\"og:image:height\" content=\"1000\" \/>\n\t<meta property=\"og:image:type\" content=\"image\/jpeg\" \/>\n<meta name=\"twitter:card\" content=\"summary_large_image\" \/>\n<meta name=\"twitter:label1\" content=\"Gesch\u00e4tzte Lesezeit\" \/>\n\t<meta name=\"twitter:data1\" content=\"1\u00a0Minute\" \/>\n<script type=\"application\/ld+json\" class=\"yoast-schema-graph\">{\"@context\":\"https:\/\/schema.org\",\"@graph\":[{\"@type\":\"WebPage\",\"@id\":\"https:\/\/shop.pyrasied.com\/product\/kunststof-buis-outlet\/\",\"url\":\"https:\/\/shop.pyrasied.com\/product\/kunststof-buis-outlet\/\",\"name\":\"Kunststof buis outlet | Pyrasied\",\"isPartOf\":{\"@id\":\"https:\/\/shop.pyrasied.com\/de\/#website\"},\"primaryImageOfPage\":{\"@id\":\"https:\/\/shop.pyrasied.com\/product\/kunststof-buis-outlet\/#primaryimage\"},\"image\":{\"@id\":\"https:\/\/shop.pyrasied.com\/product\/kunststof-buis-outlet\/#primaryimage\"},\"thumbnailUrl\":\"https:\/\/shop.pyrasied.com\/wp-content\/uploads\/2025\/07\/Buis-en-staf-outlet.jpg\",\"datePublished\":\"2025-08-21T09:13:20+00:00\",\"dateModified\":\"2026-03-30T12:32:44+00:00\",\"description\":\"Ontdek de kunststof buis outlet bij Pyrasied: buizen in diverse lengtes, diktes en afwerkingen voor technische en creatieve toepassingen.\",\"breadcrumb\":{\"@id\":\"https:\/\/shop.pyrasied.com\/product\/kunststof-buis-outlet\/#breadcrumb\"},\"inLanguage\":\"de\",\"potentialAction\":[{\"@type\":\"ReadAction\",\"target\":[\"https:\/\/shop.pyrasied.com\/product\/kunststof-buis-outlet\/\"]}]},{\"@type\":\"ImageObject\",\"inLanguage\":\"de\",\"@id\":\"https:\/\/shop.pyrasied.com\/product\/kunststof-buis-outlet\/#primaryimage\",\"url\":\"https:\/\/shop.pyrasied.com\/wp-content\/uploads\/2025\/07\/Buis-en-staf-outlet.jpg\",\"contentUrl\":\"https:\/\/shop.pyrasied.com\/wp-content\/uploads\/2025\/07\/Buis-en-staf-outlet.jpg\",\"width\":1000,\"height\":1000,\"caption\":\"Kunststof buis outlet\"},{\"@type\":\"BreadcrumbList\",\"@id\":\"https:\/\/shop.pyrasied.com\/product\/kunststof-buis-outlet\/#breadcrumb\",\"itemListElement\":[{\"@type\":\"ListItem\",\"position\":1,\"name\":\"Home\",\"item\":\"https:\/\/shop.pyrasied.com\/nl\/\"},{\"@type\":\"ListItem\",\"position\":2,\"name\":\"Materialen\",\"item\":\"https:\/\/shop.pyrasied.com\/nl\/materialen\/\"},{\"@type\":\"ListItem\",\"position\":3,\"name\":\"Outlet\",\"item\":\"https:\/\/shop.pyrasied.com\/materialen\/pyrasied-outlet\/\"},{\"@type\":\"ListItem\",\"position\":4,\"name\":\"Buizen en staven outlet\",\"item\":\"https:\/\/shop.pyrasied.com\/materialen\/pyrasied-outlet\/buizen-en-staven-outlet\/\"},{\"@type\":\"ListItem\",\"position\":5,\"name\":\"Kunststof buis outlet\"}]},{\"@type\":\"WebSite\",\"@id\":\"https:\/\/shop.pyrasied.com\/de\/#website\",\"url\":\"https:\/\/shop.pyrasied.com\/de\/\",\"name\":\"Pyrasied\",\"description\":\"Uit liefde voor materiaal\",\"publisher\":{\"@id\":\"https:\/\/shop.pyrasied.com\/de\/#organization\"},\"potentialAction\":[{\"@type\":\"SearchAction\",\"target\":{\"@type\":\"EntryPoint\",\"urlTemplate\":\"https:\/\/shop.pyrasied.com\/de\/?s={search_term_string}\"},\"query-input\":{\"@type\":\"PropertyValueSpecification\",\"valueRequired\":true,\"valueName\":\"search_term_string\"}}],\"inLanguage\":\"de\"},{\"@type\":\"Organization\",\"@id\":\"https:\/\/shop.pyrasied.com\/de\/#organization\",\"name\":\"Pyrasied\",\"url\":\"https:\/\/shop.pyrasied.com\/de\/\",\"logo\":{\"@type\":\"ImageObject\",\"inLanguage\":\"de\",\"@id\":\"https:\/\/shop.pyrasied.com\/de\/#\/schema\/logo\/image\/\",\"url\":\"https:\/\/shop.pyrasied.com\/wp-content\/uploads\/2025\/06\/pyrasied.jpg\",\"contentUrl\":\"https:\/\/shop.pyrasied.com\/wp-content\/uploads\/2025\/06\/pyrasied.jpg\",\"width\":1200,\"height\":630,\"caption\":\"Pyrasied\"},\"image\":{\"@id\":\"https:\/\/shop.pyrasied.com\/de\/#\/schema\/logo\/image\/\"},\"sameAs\":[\"https:\/\/www.facebook.com\/Pyrasied\/\",\"https:\/\/www.instagram.com\/pyrasied\/\"]}]}<\/script>\n<!-- \/ Yoast SEO plugin. -->","yoast_head_json":{"title":"Kunststoffrohr-Abgang | Pyrasied","description":"Entdecken Sie den Kunststoffrohrauslass bei Pyrasied: Rohre in verschiedenen L\u00e4ngen, St\u00e4rken und Ausf\u00fchrungen f\u00fcr technische und kreative Anwendungen.","robots":{"index":"index","follow":"follow","max-snippet":"max-snippet:-1","max-image-preview":"max-image-preview:large","max-video-preview":"max-video-preview:-1"},"canonical":"https:\/\/shop.pyrasied.com\/de\/produkt\/kunststoffrohr-abgang\/","og_locale":"de_DE","og_type":"article","og_title":"Kunststof buis outlet | Pyrasied","og_description":"Ontdek de kunststof buis outlet bij Pyrasied: buizen in diverse lengtes, diktes en afwerkingen voor technische en creatieve toepassingen.","og_url":"https:\/\/shop.pyrasied.com\/de\/produkt\/kunststoffrohr-abgang\/","og_site_name":"Pyrasied","article_publisher":"https:\/\/www.facebook.com\/Pyrasied\/","article_modified_time":"2026-03-30T12:32:44+00:00","og_image":[{"width":1000,"height":1000,"url":"https:\/\/shop.pyrasied.com\/wp-content\/uploads\/2025\/07\/Buis-en-staf-outlet.jpg","type":"image\/jpeg"}],"twitter_card":"summary_large_image","twitter_misc":{"Gesch\u00e4tzte Lesezeit":"1\u00a0Minute"},"schema":{"@context":"https:\/\/schema.org","@graph":[{"@type":"WebPage","@id":"https:\/\/shop.pyrasied.com\/product\/kunststof-buis-outlet\/","url":"https:\/\/shop.pyrasied.com\/product\/kunststof-buis-outlet\/","name":"Kunststoffrohr-Abgang | Pyrasied","isPartOf":{"@id":"https:\/\/shop.pyrasied.com\/de\/#website"},"primaryImageOfPage":{"@id":"https:\/\/shop.pyrasied.com\/product\/kunststof-buis-outlet\/#primaryimage"},"image":{"@id":"https:\/\/shop.pyrasied.com\/product\/kunststof-buis-outlet\/#primaryimage"},"thumbnailUrl":"https:\/\/shop.pyrasied.com\/wp-content\/uploads\/2025\/07\/Buis-en-staf-outlet.jpg","datePublished":"2025-08-21T09:13:20+00:00","dateModified":"2026-03-30T12:32:44+00:00","description":"Entdecken Sie den Kunststoffrohrauslass bei Pyrasied: Rohre in verschiedenen L\u00e4ngen, St\u00e4rken und Ausf\u00fchrungen f\u00fcr technische und kreative Anwendungen.","breadcrumb":{"@id":"https:\/\/shop.pyrasied.com\/product\/kunststof-buis-outlet\/#breadcrumb"},"inLanguage":"de","potentialAction":[{"@type":"ReadAction","target":["https:\/\/shop.pyrasied.com\/product\/kunststof-buis-outlet\/"]}]},{"@type":"ImageObject","inLanguage":"de","@id":"https:\/\/shop.pyrasied.com\/product\/kunststof-buis-outlet\/#primaryimage","url":"https:\/\/shop.pyrasied.com\/wp-content\/uploads\/2025\/07\/Buis-en-staf-outlet.jpg","contentUrl":"https:\/\/shop.pyrasied.com\/wp-content\/uploads\/2025\/07\/Buis-en-staf-outlet.jpg","width":1000,"height":1000,"caption":"Kunststof buis outlet"},{"@type":"BreadcrumbList","@id":"https:\/\/shop.pyrasied.com\/product\/kunststof-buis-outlet\/#breadcrumb","itemListElement":[{"@type":"ListItem","position":1,"name":"Home","item":"https:\/\/shop.pyrasied.com\/nl\/"},{"@type":"ListItem","position":2,"name":"Materialen","item":"https:\/\/shop.pyrasied.com\/nl\/materialen\/"},{"@type":"ListItem","position":3,"name":"Outlet","item":"https:\/\/shop.pyrasied.com\/materialen\/pyrasied-outlet\/"},{"@type":"ListItem","position":4,"name":"Buizen en staven outlet","item":"https:\/\/shop.pyrasied.com\/materialen\/pyrasied-outlet\/buizen-en-staven-outlet\/"},{"@type":"ListItem","position":5,"name":"Kunststof buis outlet"}]},{"@type":"WebSite","@id":"https:\/\/shop.pyrasied.com\/de\/#website","url":"https:\/\/shop.pyrasied.com\/de\/","name":"Pyrasied","description":"Aus Liebe zum Material","publisher":{"@id":"https:\/\/shop.pyrasied.com\/de\/#organization"},"potentialAction":[{"@type":"SearchAction","target":{"@type":"EntryPoint","urlTemplate":"https:\/\/shop.pyrasied.com\/de\/?s={search_term_string}"},"query-input":{"@type":"PropertyValueSpecification","valueRequired":true,"valueName":"search_term_string"}}],"inLanguage":"de"},{"@type":"Organization","@id":"https:\/\/shop.pyrasied.com\/de\/#organization","name":"Pyrasied","url":"https:\/\/shop.pyrasied.com\/de\/","logo":{"@type":"ImageObject","inLanguage":"de","@id":"https:\/\/shop.pyrasied.com\/de\/#\/schema\/logo\/image\/","url":"https:\/\/shop.pyrasied.com\/wp-content\/uploads\/2025\/06\/pyrasied.jpg","contentUrl":"https:\/\/shop.pyrasied.com\/wp-content\/uploads\/2025\/06\/pyrasied.jpg","width":1200,"height":630,"caption":"Pyrasied"},"image":{"@id":"https:\/\/shop.pyrasied.com\/de\/#\/schema\/logo\/image\/"},"sameAs":["https:\/\/www.facebook.com\/Pyrasied\/","https:\/\/www.instagram.com\/pyrasied\/"]}]}},"_links":{"self":[{"href":"https:\/\/shop.pyrasied.com\/de\/wp-json\/wp\/v2\/product\/14584","targetHints":{"allow":["GET"]}}],"collection":[{"href":"https:\/\/shop.pyrasied.com\/de\/wp-json\/wp\/v2\/product"}],"about":[{"href":"https:\/\/shop.pyrasied.com\/de\/wp-json\/wp\/v2\/types\/product"}],"wp:featuredmedia":[{"embeddable":true,"href":"https:\/\/shop.pyrasied.com\/de\/wp-json\/wp\/v2\/media\/13555"}],"wp:attachment":[{"href":"https:\/\/shop.pyrasied.com\/de\/wp-json\/wp\/v2\/media?parent=14584"}],"wp:term":[{"taxonomy":"product_brand","embeddable":true,"href":"https:\/\/shop.pyrasied.com\/de\/wp-json\/wp\/v2\/product_brand?post=14584"},{"taxonomy":"product_cat","embeddable":true,"href":"https:\/\/shop.pyrasied.com\/de\/wp-json\/wp\/v2\/product_cat?post=14584"},{"taxonomy":"product_tag","embeddable":true,"href":"https:\/\/shop.pyrasied.com\/de\/wp-json\/wp\/v2\/product_tag?post=14584"}],"curies":[{"name":"wp","href":"https:\/\/api.w.org\/{rel}","templated":true}]}}