{"id":13966,"date":"2025-07-25T15:31:43","date_gmt":"2025-07-25T15:31:43","guid":{"rendered":"https:\/\/pyrasiedshop.nl\/product\/technische-kunststoffen-outlet\/"},"modified":"2026-03-30T12:32:21","modified_gmt":"2026-03-30T12:32:21","slug":"technische-kunststoffe-outlet","status":"publish","type":"product","link":"https:\/\/shop.pyrasied.com\/de\/produkt\/technische-kunststoffe-outlet\/","title":{"rendered":"Outlet technische Kunststoffe"},"content":{"rendered":"<p>Willkommen in der Verkaufsstelle f\u00fcr technische Kunststoffe von Pyrasied. Hier finden Sie ein sorgf\u00e4ltig ausgew\u00e4hltes Angebot an hochwertigen technischen Kunststoffen zu wettbewerbsf\u00e4higen Preisen. Perfekt f\u00fcr alle, die auf der Suche nach funktionalen, langlebigen und zuverl\u00e4ssigen Materialien f\u00fcr verschiedene Anwendungen in Industrie, Fertigung und Technik sind.<\/p>\n<p>Das Outlet-Sortiment umfasst Top-Marken und Materialien wie Acryl, Polycarbonat, PETG, PVC, PE und viele mehr. Alle Produkte behalten die hochwertigen Eigenschaften der Originalmaterialien bei: stark, stabil und leicht zu verarbeiten. Ideal f\u00fcr Prototypen, Kleinserien, Reparaturen oder Projekte, bei denen Qualit\u00e4t und Budget unter einen Hut gebracht werden m\u00fcssen.<\/p>\n<p>Bei Pyrasied verbinden wir jahrelanges Fachwissen mit einem umfangreichen Netz f\u00fchrender Kunststofflieferanten. Dadurch wird sichergestellt, dass jedes Ausgangsprodukt die anspruchsvollen Standards erf\u00fcllt, die unsere Kunden erwarten.<\/p>\n<p><strong>Vorteile der Verkaufsstelle f\u00fcr technische Kunststoffe:<\/strong><\/p>\n<ul>\n<li>Hochwertige Kunststoffe von bekannten Marken<\/li>\n<li>Leicht verf\u00fcgbar und preisg\u00fcnstig<\/li>\n<li>Geeignet f\u00fcr Bearbeitung, Montage und verschiedene Anwendungen<\/li>\n<li>Perfekt f\u00fcr Projekte, Prototypen und Reparaturen<\/li>\n<\/ul>\n<p><strong>Qualit\u00e4t, Innovation und Vorteil -<\/strong> Entdecken Sie jetzt das Outlet-Sortiment und bestellen Sie ganz einfach die Materialien, die Sie f\u00fcr Ihr Projekt ben\u00f6tigen.<\/p>\n<p>Bei Pyrasied profitieren Sie immer von Qualit\u00e4t, Kompetenz und Service, auch in der Filiale.<\/p>\n<p>In der Filiale nicht f\u00fcndig geworden? Dann werfen Sie einen Blick auf das gesamte Sortiment <a href=\"https:\/\/shop.pyrasied.com\/de\/materialien\/technische-kunststoffe\/\">Technische Kunststoffe<\/a>.<\/p>","protected":false},"excerpt":{"rendered":"<p>Willkommen in der Verkaufsstelle f\u00fcr technische Kunststoffe von Pyrasied. Hier finden Sie ein sorgf\u00e4ltig ausgew\u00e4hltes Angebot an hochwertigen technischen Kunststoffen zu wettbewerbsf\u00e4higen Preisen. Perfekt f\u00fcr alle, die auf der Suche nach funktionalen, langlebigen und zuverl\u00e4ssigen Materialien f\u00fcr verschiedene Anwendungen in Industrie, Fertigung und Technik sind. Das Outlet-Sortiment umfasst f\u00fchrende Marken und Materialien wie Acryl, Polycarbonat, PETG, PVC, PE und [...]<\/p>","protected":false},"featured_media":14036,"template":"","meta":{"_acf_changed":false},"product_brand":[],"product_cat":[36,682],"product_tag":[],"class_list":{"0":"post-13966","1":"product","2":"type-product","3":"status-publish","4":"has-post-thumbnail","6":"product_cat-pyrasied-outlet","7":"product_cat-technische-kunststoffen","9":"first","10":"instock","11":"taxable","12":"shipping-taxable","13":"purchasable","14":"product-type-variable"},"acf":[],"yoast_head":"<!-- This site is optimized with the Yoast SEO plugin v26.0 - https:\/\/yoast.com\/wordpress\/plugins\/seo\/ -->\n<title>Technische kunststoffen outlet | Pyrasied<\/title>\n<meta name=\"description\" content=\"&quot;Technische Kunststoffen Outlet van Pyrasied: hoogwaardige kunststoffen voordelig en direct beschikbaar voor al je projecten.\" \/>\n<meta name=\"robots\" content=\"index, follow, max-snippet:-1, max-image-preview:large, max-video-preview:-1\" \/>\n<link rel=\"canonical\" href=\"https:\/\/shop.pyrasied.com\/de\/produkt\/technische-kunststoffe-outlet\/\" \/>\n<meta property=\"og:locale\" content=\"de_DE\" \/>\n<meta property=\"og:type\" content=\"article\" \/>\n<meta property=\"og:title\" content=\"Technische kunststoffen outlet | Pyrasied\" \/>\n<meta property=\"og:description\" content=\"&quot;Technische Kunststoffen Outlet van Pyrasied: hoogwaardige kunststoffen voordelig en direct beschikbaar voor al je projecten.\" \/>\n<meta property=\"og:url\" content=\"https:\/\/shop.pyrasied.com\/de\/produkt\/technische-kunststoffe-outlet\/\" \/>\n<meta property=\"og:site_name\" content=\"Pyrasied\" \/>\n<meta property=\"article:publisher\" content=\"https:\/\/www.facebook.com\/Pyrasied\/\" \/>\n<meta property=\"article:modified_time\" content=\"2026-03-30T12:32:21+00:00\" \/>\n<meta property=\"og:image\" content=\"https:\/\/shop.pyrasied.com\/wp-content\/uploads\/2025\/07\/Overzicht-technische-kunststoffen.jpg\" \/>\n\t<meta property=\"og:image:width\" content=\"1000\" \/>\n\t<meta property=\"og:image:height\" content=\"1000\" \/>\n\t<meta property=\"og:image:type\" content=\"image\/jpeg\" \/>\n<meta name=\"twitter:card\" content=\"summary_large_image\" \/>\n<meta name=\"twitter:label1\" content=\"Gesch\u00e4tzte Lesezeit\" \/>\n\t<meta name=\"twitter:data1\" content=\"2\u00a0Minuten\" \/>\n<script type=\"application\/ld+json\" class=\"yoast-schema-graph\">{\"@context\":\"https:\/\/schema.org\",\"@graph\":[{\"@type\":\"WebPage\",\"@id\":\"https:\/\/shop.pyrasied.com\/product\/technische-kunststoffen-outlet\/\",\"url\":\"https:\/\/shop.pyrasied.com\/product\/technische-kunststoffen-outlet\/\",\"name\":\"Technische kunststoffen outlet | Pyrasied\",\"isPartOf\":{\"@id\":\"https:\/\/shop.pyrasied.com\/de\/#website\"},\"primaryImageOfPage\":{\"@id\":\"https:\/\/shop.pyrasied.com\/product\/technische-kunststoffen-outlet\/#primaryimage\"},\"image\":{\"@id\":\"https:\/\/shop.pyrasied.com\/product\/technische-kunststoffen-outlet\/#primaryimage\"},\"thumbnailUrl\":\"https:\/\/shop.pyrasied.com\/wp-content\/uploads\/2025\/07\/Overzicht-technische-kunststoffen.jpg\",\"datePublished\":\"2025-07-25T15:31:43+00:00\",\"dateModified\":\"2026-03-30T12:32:21+00:00\",\"description\":\"\\\"Technische Kunststoffen Outlet van Pyrasied: hoogwaardige kunststoffen voordelig en direct beschikbaar voor al je projecten.\",\"breadcrumb\":{\"@id\":\"https:\/\/shop.pyrasied.com\/product\/technische-kunststoffen-outlet\/#breadcrumb\"},\"inLanguage\":\"de\",\"potentialAction\":[{\"@type\":\"ReadAction\",\"target\":[\"https:\/\/shop.pyrasied.com\/product\/technische-kunststoffen-outlet\/\"]}]},{\"@type\":\"ImageObject\",\"inLanguage\":\"de\",\"@id\":\"https:\/\/shop.pyrasied.com\/product\/technische-kunststoffen-outlet\/#primaryimage\",\"url\":\"https:\/\/shop.pyrasied.com\/wp-content\/uploads\/2025\/07\/Overzicht-technische-kunststoffen.jpg\",\"contentUrl\":\"https:\/\/shop.pyrasied.com\/wp-content\/uploads\/2025\/07\/Overzicht-technische-kunststoffen.jpg\",\"width\":1000,\"height\":1000,\"caption\":\"Technische kunststoffen Outlet\"},{\"@type\":\"BreadcrumbList\",\"@id\":\"https:\/\/shop.pyrasied.com\/product\/technische-kunststoffen-outlet\/#breadcrumb\",\"itemListElement\":[{\"@type\":\"ListItem\",\"position\":1,\"name\":\"Home\",\"item\":\"https:\/\/shop.pyrasied.com\/nl\/\"},{\"@type\":\"ListItem\",\"position\":2,\"name\":\"Materialen\",\"item\":\"https:\/\/shop.pyrasied.com\/nl\/materialen\/\"},{\"@type\":\"ListItem\",\"position\":3,\"name\":\"Outlet\",\"item\":\"https:\/\/shop.pyrasied.com\/materialen\/pyrasied-outlet\/\"},{\"@type\":\"ListItem\",\"position\":4,\"name\":\"Technische kunststoffen outlet\"}]},{\"@type\":\"WebSite\",\"@id\":\"https:\/\/shop.pyrasied.com\/de\/#website\",\"url\":\"https:\/\/shop.pyrasied.com\/de\/\",\"name\":\"Pyrasied\",\"description\":\"Uit liefde voor materiaal\",\"publisher\":{\"@id\":\"https:\/\/shop.pyrasied.com\/de\/#organization\"},\"potentialAction\":[{\"@type\":\"SearchAction\",\"target\":{\"@type\":\"EntryPoint\",\"urlTemplate\":\"https:\/\/shop.pyrasied.com\/de\/?s={search_term_string}\"},\"query-input\":{\"@type\":\"PropertyValueSpecification\",\"valueRequired\":true,\"valueName\":\"search_term_string\"}}],\"inLanguage\":\"de\"},{\"@type\":\"Organization\",\"@id\":\"https:\/\/shop.pyrasied.com\/de\/#organization\",\"name\":\"Pyrasied\",\"url\":\"https:\/\/shop.pyrasied.com\/de\/\",\"logo\":{\"@type\":\"ImageObject\",\"inLanguage\":\"de\",\"@id\":\"https:\/\/shop.pyrasied.com\/de\/#\/schema\/logo\/image\/\",\"url\":\"https:\/\/shop.pyrasied.com\/wp-content\/uploads\/2025\/06\/pyrasied.jpg\",\"contentUrl\":\"https:\/\/shop.pyrasied.com\/wp-content\/uploads\/2025\/06\/pyrasied.jpg\",\"width\":1200,\"height\":630,\"caption\":\"Pyrasied\"},\"image\":{\"@id\":\"https:\/\/shop.pyrasied.com\/de\/#\/schema\/logo\/image\/\"},\"sameAs\":[\"https:\/\/www.facebook.com\/Pyrasied\/\",\"https:\/\/www.instagram.com\/pyrasied\/\"]}]}<\/script>\n<!-- \/ Yoast SEO plugin. -->","yoast_head_json":{"title":"Technischer Kunststoffauslass | Pyrasied","description":"\"Technical Plastics Outlet von Pyrasied: hochwertige Kunststoffe, die preiswert und schnell f\u00fcr alle Ihre Projekte verf\u00fcgbar sind.","robots":{"index":"index","follow":"follow","max-snippet":"max-snippet:-1","max-image-preview":"max-image-preview:large","max-video-preview":"max-video-preview:-1"},"canonical":"https:\/\/shop.pyrasied.com\/de\/produkt\/technische-kunststoffe-outlet\/","og_locale":"de_DE","og_type":"article","og_title":"Technische kunststoffen outlet | Pyrasied","og_description":"\"Technische Kunststoffen Outlet van Pyrasied: hoogwaardige kunststoffen voordelig en direct beschikbaar voor al je projecten.","og_url":"https:\/\/shop.pyrasied.com\/de\/produkt\/technische-kunststoffe-outlet\/","og_site_name":"Pyrasied","article_publisher":"https:\/\/www.facebook.com\/Pyrasied\/","article_modified_time":"2026-03-30T12:32:21+00:00","og_image":[{"width":1000,"height":1000,"url":"https:\/\/shop.pyrasied.com\/wp-content\/uploads\/2025\/07\/Overzicht-technische-kunststoffen.jpg","type":"image\/jpeg"}],"twitter_card":"summary_large_image","twitter_misc":{"Gesch\u00e4tzte Lesezeit":"2\u00a0Minuten"},"schema":{"@context":"https:\/\/schema.org","@graph":[{"@type":"WebPage","@id":"https:\/\/shop.pyrasied.com\/product\/technische-kunststoffen-outlet\/","url":"https:\/\/shop.pyrasied.com\/product\/technische-kunststoffen-outlet\/","name":"Technischer Kunststoffauslass | Pyrasied","isPartOf":{"@id":"https:\/\/shop.pyrasied.com\/de\/#website"},"primaryImageOfPage":{"@id":"https:\/\/shop.pyrasied.com\/product\/technische-kunststoffen-outlet\/#primaryimage"},"image":{"@id":"https:\/\/shop.pyrasied.com\/product\/technische-kunststoffen-outlet\/#primaryimage"},"thumbnailUrl":"https:\/\/shop.pyrasied.com\/wp-content\/uploads\/2025\/07\/Overzicht-technische-kunststoffen.jpg","datePublished":"2025-07-25T15:31:43+00:00","dateModified":"2026-03-30T12:32:21+00:00","description":"\"Technical Plastics Outlet von Pyrasied: hochwertige Kunststoffe, die preiswert und schnell f\u00fcr alle Ihre Projekte verf\u00fcgbar sind.","breadcrumb":{"@id":"https:\/\/shop.pyrasied.com\/product\/technische-kunststoffen-outlet\/#breadcrumb"},"inLanguage":"de","potentialAction":[{"@type":"ReadAction","target":["https:\/\/shop.pyrasied.com\/product\/technische-kunststoffen-outlet\/"]}]},{"@type":"ImageObject","inLanguage":"de","@id":"https:\/\/shop.pyrasied.com\/product\/technische-kunststoffen-outlet\/#primaryimage","url":"https:\/\/shop.pyrasied.com\/wp-content\/uploads\/2025\/07\/Overzicht-technische-kunststoffen.jpg","contentUrl":"https:\/\/shop.pyrasied.com\/wp-content\/uploads\/2025\/07\/Overzicht-technische-kunststoffen.jpg","width":1000,"height":1000,"caption":"Technische kunststoffen Outlet"},{"@type":"BreadcrumbList","@id":"https:\/\/shop.pyrasied.com\/product\/technische-kunststoffen-outlet\/#breadcrumb","itemListElement":[{"@type":"ListItem","position":1,"name":"Home","item":"https:\/\/shop.pyrasied.com\/nl\/"},{"@type":"ListItem","position":2,"name":"Materialen","item":"https:\/\/shop.pyrasied.com\/nl\/materialen\/"},{"@type":"ListItem","position":3,"name":"Outlet","item":"https:\/\/shop.pyrasied.com\/materialen\/pyrasied-outlet\/"},{"@type":"ListItem","position":4,"name":"Technische kunststoffen outlet"}]},{"@type":"WebSite","@id":"https:\/\/shop.pyrasied.com\/de\/#website","url":"https:\/\/shop.pyrasied.com\/de\/","name":"Pyrasied","description":"Aus Liebe zum Material","publisher":{"@id":"https:\/\/shop.pyrasied.com\/de\/#organization"},"potentialAction":[{"@type":"SearchAction","target":{"@type":"EntryPoint","urlTemplate":"https:\/\/shop.pyrasied.com\/de\/?s={search_term_string}"},"query-input":{"@type":"PropertyValueSpecification","valueRequired":true,"valueName":"search_term_string"}}],"inLanguage":"de"},{"@type":"Organization","@id":"https:\/\/shop.pyrasied.com\/de\/#organization","name":"Pyrasied","url":"https:\/\/shop.pyrasied.com\/de\/","logo":{"@type":"ImageObject","inLanguage":"de","@id":"https:\/\/shop.pyrasied.com\/de\/#\/schema\/logo\/image\/","url":"https:\/\/shop.pyrasied.com\/wp-content\/uploads\/2025\/06\/pyrasied.jpg","contentUrl":"https:\/\/shop.pyrasied.com\/wp-content\/uploads\/2025\/06\/pyrasied.jpg","width":1200,"height":630,"caption":"Pyrasied"},"image":{"@id":"https:\/\/shop.pyrasied.com\/de\/#\/schema\/logo\/image\/"},"sameAs":["https:\/\/www.facebook.com\/Pyrasied\/","https:\/\/www.instagram.com\/pyrasied\/"]}]}},"_links":{"self":[{"href":"https:\/\/shop.pyrasied.com\/de\/wp-json\/wp\/v2\/product\/13966","targetHints":{"allow":["GET"]}}],"collection":[{"href":"https:\/\/shop.pyrasied.com\/de\/wp-json\/wp\/v2\/product"}],"about":[{"href":"https:\/\/shop.pyrasied.com\/de\/wp-json\/wp\/v2\/types\/product"}],"wp:featuredmedia":[{"embeddable":true,"href":"https:\/\/shop.pyrasied.com\/de\/wp-json\/wp\/v2\/media\/14036"}],"wp:attachment":[{"href":"https:\/\/shop.pyrasied.com\/de\/wp-json\/wp\/v2\/media?parent=13966"}],"wp:term":[{"taxonomy":"product_brand","embeddable":true,"href":"https:\/\/shop.pyrasied.com\/de\/wp-json\/wp\/v2\/product_brand?post=13966"},{"taxonomy":"product_cat","embeddable":true,"href":"https:\/\/shop.pyrasied.com\/de\/wp-json\/wp\/v2\/product_cat?post=13966"},{"taxonomy":"product_tag","embeddable":true,"href":"https:\/\/shop.pyrasied.com\/de\/wp-json\/wp\/v2\/product_tag?post=13966"}],"curies":[{"name":"wp","href":"https:\/\/api.w.org\/{rel}","templated":true}]}}