{"id":13911,"date":"2025-07-25T12:47:16","date_gmt":"2025-07-25T12:47:16","guid":{"rendered":"https:\/\/pyrasiedshop.nl\/product\/hmpe-1000-groen\/"},"modified":"2026-03-30T12:32:21","modified_gmt":"2026-03-30T12:32:21","slug":"hmpe-1000-grun","status":"publish","type":"product","link":"https:\/\/shop.pyrasied.com\/de\/produkt\/hmpe-1000-grun\/","title":{"rendered":"HMPE 1000 gr\u00fcn"},"content":{"rendered":"<p>HMPE 1000 gr\u00fcn ist ein extrem schlag- und verschlei\u00dffester Kunststoff, der sich ideal f\u00fcr schwere und anspruchsvolle Anwendungen eignet. Dank seiner hohen Molekulardichte bietet das Material eine hervorragende mechanische Festigkeit, Verschlei\u00dffestigkeit und Langlebigkeit, wodurch es in F\u00f6rderb\u00e4ndern, Gleitprofilen, Maschinenteilen und industriellen Konstruktionen weit verbreitet ist.<\/p>\n<p>HMPE 1000 gr\u00fcn verbindet Zuverl\u00e4ssigkeit mit langer Lebensdauer und bleibt auch bei starker Belastung, Reibung und extremen Bedingungen wirksam. Das macht es zu einem idealen Material f\u00fcr anspruchsvolle technische Projekte.<\/p>\n<p><strong>Eigenschaften<\/strong><\/p>\n<ul>\n<li>Sehr hohe molekulare Dichte<\/li>\n<li>\u00c4u\u00dferst strapazierf\u00e4hig und robust<\/li>\n<li>Schalldicht<\/li>\n<li>Chemisch resistent<\/li>\n<li>Nimmt keine Feuchtigkeit auf<\/li>\n<li>Niedriger Reibungskoeffizient<\/li>\n<\/ul>\n<h2>Lagerbestand HMPE 1000 gr\u00fcn bei Pyrasied<\/h2>\n<p>Bei Pyrasied finden Sie ein umfangreiches Angebot an HMPE 1000-Platten und anderen technischen Kunststoffen. Siehe auch unser gesamtes Sortiment <a href=\"https:\/\/shop.pyrasied.com\/de\/materialien\/technische-kunststoffe\/\">Technische Kunststoffe<\/a>.<\/p>\n<h3><strong>Verarbeitungsm\u00f6glichkeiten<\/strong><\/h3>\n<p>Das Material kann durch Bearbeitungsmethoden wie Bohren, Fr\u00e4sen, Drehen und S\u00e4gen bearbeitet werden. Auch Laserschneiden ist bis zu einer bestimmten Dicke m\u00f6glich, und Wasserstrahlschneiden kann f\u00fcr komplexere Formen verwendet werden.<\/p>\n<h3>Anwendungen<\/h3>\n<ul>\n<li><strong>Maschinenbau und Industrie:<\/strong> Wird f\u00fcr Gleitleisten, Kettenf\u00fchrungen, Kettenr\u00e4der, Zahnleisten und andere reibungsempfindliche Teile verwendet.<\/li>\n<li><strong>Lebensmittelindustrie:<\/strong> Sicher f\u00fcr den direkten Kontakt mit Lebensmitteln, splittert nicht und ist leicht zu reinigen (Schneidplatten, Transportteile).<\/li>\n<li><strong>Transport und Logistik:<\/strong> Bunker, Trichter und F\u00f6rderb\u00e4nder entleeren (verhindert Verstopfung dank geringer Reibung).<\/li>\n<li><strong>Bau &amp; Hafen:<\/strong> Fender, Rampen und Schutzbleche wegen ihrer hohen Schlagfestigkeit und Witterungsbest\u00e4ndigkeit.<\/li>\n<\/ul>\n<p>&nbsp;<\/p>","protected":false},"excerpt":{"rendered":"<p>HMPE 1000 gr\u00fcn ist ein extrem schlag- und verschlei\u00dffester Kunststoff, der sich ideal f\u00fcr schwere und anspruchsvolle Anwendungen eignet. Dank seiner hohen Molekulardichte bietet das Material eine hervorragende mechanische Festigkeit, Verschlei\u00dffestigkeit und Haltbarkeit, wodurch es in F\u00f6rderb\u00e4ndern, Gleitprofilen, Maschinenteilen und Industriekonstruktionen weit verbreitet ist. HMPE 1000 gr\u00fcn verbindet Zuverl\u00e4ssigkeit mit langer Lebensdauer und bleibt [...]<\/p>","protected":false},"featured_media":13913,"template":"","meta":{"_acf_changed":false},"product_brand":[],"product_cat":[682],"product_tag":[],"class_list":{"0":"post-13911","1":"product","2":"type-product","3":"status-publish","4":"has-post-thumbnail","6":"product_cat-technische-kunststoffen","8":"first","9":"instock","10":"taxable","11":"shipping-taxable","12":"purchasable","13":"product-type-variable"},"acf":[],"yoast_head":"<!-- This site is optimized with the Yoast SEO plugin v26.0 - https:\/\/yoast.com\/wordpress\/plugins\/seo\/ -->\n<title>HMPE 1000 groen | Pyrasied<\/title>\n<meta name=\"description\" content=\"HMPE 1000 groen is een extreem slag- en slijtvast kunststof, ideaal voor zwaarbelaste toepassingen zoals machineonderdelen, glijprofielen en transportbanen.\" \/>\n<meta name=\"robots\" content=\"index, follow, max-snippet:-1, max-image-preview:large, max-video-preview:-1\" \/>\n<link rel=\"canonical\" href=\"http:\/\/shop.pyrasied.com\/de\/produkt\/hmpe-1000-grun\/\" \/>\n<meta property=\"og:locale\" content=\"de_DE\" \/>\n<meta property=\"og:type\" content=\"article\" \/>\n<meta property=\"og:title\" content=\"HMPE 1000 groen | Pyrasied\" \/>\n<meta property=\"og:description\" content=\"HMPE 1000 groen is een extreem slag- en slijtvast kunststof, ideaal voor zwaarbelaste toepassingen zoals machineonderdelen, glijprofielen en transportbanen.\" \/>\n<meta property=\"og:url\" content=\"http:\/\/shop.pyrasied.com\/de\/produkt\/hmpe-1000-grun\/\" \/>\n<meta property=\"og:site_name\" content=\"Pyrasied\" \/>\n<meta property=\"article:publisher\" content=\"https:\/\/www.facebook.com\/Pyrasied\/\" \/>\n<meta property=\"article:modified_time\" content=\"2026-03-30T12:32:21+00:00\" \/>\n<meta property=\"og:image\" content=\"https:\/\/shop.pyrasied.com\/wp-content\/uploads\/2025\/07\/P92005.jpg\" \/>\n\t<meta property=\"og:image:width\" content=\"1000\" \/>\n\t<meta property=\"og:image:height\" content=\"1000\" \/>\n\t<meta property=\"og:image:type\" content=\"image\/jpeg\" \/>\n<meta name=\"twitter:card\" content=\"summary_large_image\" \/>\n<meta name=\"twitter:label1\" content=\"Gesch\u00e4tzte Lesezeit\" \/>\n\t<meta name=\"twitter:data1\" content=\"2\u00a0Minuten\" \/>\n<script type=\"application\/ld+json\" class=\"yoast-schema-graph\">{\"@context\":\"https:\/\/schema.org\",\"@graph\":[{\"@type\":\"WebPage\",\"@id\":\"http:\/\/shop.pyrasied.com\/nl\/product\/hmpe-1000-groen\/\",\"url\":\"http:\/\/shop.pyrasied.com\/nl\/product\/hmpe-1000-groen\/\",\"name\":\"HMPE 1000 groen | Pyrasied\",\"isPartOf\":{\"@id\":\"https:\/\/shop.pyrasied.com\/de\/#website\"},\"primaryImageOfPage\":{\"@id\":\"http:\/\/shop.pyrasied.com\/nl\/product\/hmpe-1000-groen\/#primaryimage\"},\"image\":{\"@id\":\"http:\/\/shop.pyrasied.com\/nl\/product\/hmpe-1000-groen\/#primaryimage\"},\"thumbnailUrl\":\"https:\/\/shop.pyrasied.com\/wp-content\/uploads\/2025\/07\/P92005.jpg\",\"datePublished\":\"2025-07-25T12:47:16+00:00\",\"dateModified\":\"2026-03-30T12:32:21+00:00\",\"description\":\"HMPE 1000 groen is een extreem slag- en slijtvast kunststof, ideaal voor zwaarbelaste toepassingen zoals machineonderdelen, glijprofielen en transportbanen.\",\"breadcrumb\":{\"@id\":\"http:\/\/shop.pyrasied.com\/nl\/product\/hmpe-1000-groen\/#breadcrumb\"},\"inLanguage\":\"de\",\"potentialAction\":[{\"@type\":\"ReadAction\",\"target\":[\"http:\/\/shop.pyrasied.com\/nl\/product\/hmpe-1000-groen\/\"]}]},{\"@type\":\"ImageObject\",\"inLanguage\":\"de\",\"@id\":\"http:\/\/shop.pyrasied.com\/nl\/product\/hmpe-1000-groen\/#primaryimage\",\"url\":\"https:\/\/shop.pyrasied.com\/wp-content\/uploads\/2025\/07\/P92005.jpg\",\"contentUrl\":\"https:\/\/shop.pyrasied.com\/wp-content\/uploads\/2025\/07\/P92005.jpg\",\"width\":1000,\"height\":1000,\"caption\":\"HMPE 1000 groen\"},{\"@type\":\"BreadcrumbList\",\"@id\":\"http:\/\/shop.pyrasied.com\/nl\/product\/hmpe-1000-groen\/#breadcrumb\",\"itemListElement\":[{\"@type\":\"ListItem\",\"position\":1,\"name\":\"Home\",\"item\":\"https:\/\/shop.pyrasied.com\/nl\/\"},{\"@type\":\"ListItem\",\"position\":2,\"name\":\"Materialen\",\"item\":\"https:\/\/shop.pyrasied.com\/nl\/materialen\/\"},{\"@type\":\"ListItem\",\"position\":3,\"name\":\"Technische kunststoffen\",\"item\":\"http:\/\/shop.pyrasied.com\/nl\/materialen\/technische-kunststoffen\/\"},{\"@type\":\"ListItem\",\"position\":4,\"name\":\"HMPE 1000 groen\"}]},{\"@type\":\"WebSite\",\"@id\":\"https:\/\/shop.pyrasied.com\/de\/#website\",\"url\":\"https:\/\/shop.pyrasied.com\/de\/\",\"name\":\"Pyrasied\",\"description\":\"Uit liefde voor materiaal\",\"publisher\":{\"@id\":\"https:\/\/shop.pyrasied.com\/de\/#organization\"},\"potentialAction\":[{\"@type\":\"SearchAction\",\"target\":{\"@type\":\"EntryPoint\",\"urlTemplate\":\"https:\/\/shop.pyrasied.com\/de\/?s={search_term_string}\"},\"query-input\":{\"@type\":\"PropertyValueSpecification\",\"valueRequired\":true,\"valueName\":\"search_term_string\"}}],\"inLanguage\":\"de\"},{\"@type\":\"Organization\",\"@id\":\"https:\/\/shop.pyrasied.com\/de\/#organization\",\"name\":\"Pyrasied\",\"url\":\"https:\/\/shop.pyrasied.com\/de\/\",\"logo\":{\"@type\":\"ImageObject\",\"inLanguage\":\"de\",\"@id\":\"https:\/\/shop.pyrasied.com\/de\/#\/schema\/logo\/image\/\",\"url\":\"https:\/\/shop.pyrasied.com\/wp-content\/uploads\/2025\/06\/pyrasied.jpg\",\"contentUrl\":\"https:\/\/shop.pyrasied.com\/wp-content\/uploads\/2025\/06\/pyrasied.jpg\",\"width\":1200,\"height\":630,\"caption\":\"Pyrasied\"},\"image\":{\"@id\":\"https:\/\/shop.pyrasied.com\/de\/#\/schema\/logo\/image\/\"},\"sameAs\":[\"https:\/\/www.facebook.com\/Pyrasied\/\",\"https:\/\/www.instagram.com\/pyrasied\/\"]}]}<\/script>\n<!-- \/ Yoast SEO plugin. -->","yoast_head_json":{"title":"HMPE 1000 gr\u00fcn | Pyrasied","description":"HMPE 1000 gr\u00fcn: extrem schlag- und verschlei\u00dffest. Ideal f\u00fcr stark beanspruchte Anwendungen wie Maschinenteile, Gleitprofile und F\u00f6rderb\u00e4nder.","robots":{"index":"index","follow":"follow","max-snippet":"max-snippet:-1","max-image-preview":"max-image-preview:large","max-video-preview":"max-video-preview:-1"},"canonical":"http:\/\/shop.pyrasied.com\/de\/produkt\/hmpe-1000-grun\/","og_locale":"de_DE","og_type":"article","og_title":"HMPE 1000 groen | Pyrasied","og_description":"HMPE 1000 groen is een extreem slag- en slijtvast kunststof, ideaal voor zwaarbelaste toepassingen zoals machineonderdelen, glijprofielen en transportbanen.","og_url":"http:\/\/shop.pyrasied.com\/de\/produkt\/hmpe-1000-grun\/","og_site_name":"Pyrasied","article_publisher":"https:\/\/www.facebook.com\/Pyrasied\/","article_modified_time":"2026-03-30T12:32:21+00:00","og_image":[{"width":1000,"height":1000,"url":"https:\/\/shop.pyrasied.com\/wp-content\/uploads\/2025\/07\/P92005.jpg","type":"image\/jpeg"}],"twitter_card":"summary_large_image","twitter_misc":{"Gesch\u00e4tzte Lesezeit":"2\u00a0Minuten"},"schema":{"@context":"https:\/\/schema.org","@graph":[{"@type":"WebPage","@id":"http:\/\/shop.pyrasied.com\/nl\/product\/hmpe-1000-groen\/","url":"http:\/\/shop.pyrasied.com\/nl\/product\/hmpe-1000-groen\/","name":"HMPE 1000 gr\u00fcn | Pyrasied","isPartOf":{"@id":"https:\/\/shop.pyrasied.com\/de\/#website"},"primaryImageOfPage":{"@id":"http:\/\/shop.pyrasied.com\/nl\/product\/hmpe-1000-groen\/#primaryimage"},"image":{"@id":"http:\/\/shop.pyrasied.com\/nl\/product\/hmpe-1000-groen\/#primaryimage"},"thumbnailUrl":"https:\/\/shop.pyrasied.com\/wp-content\/uploads\/2025\/07\/P92005.jpg","datePublished":"2025-07-25T12:47:16+00:00","dateModified":"2026-03-30T12:32:21+00:00","description":"HMPE 1000 gr\u00fcn: extrem schlag- und verschlei\u00dffest. Ideal f\u00fcr stark beanspruchte Anwendungen wie Maschinenteile, Gleitprofile und F\u00f6rderb\u00e4nder.","breadcrumb":{"@id":"http:\/\/shop.pyrasied.com\/nl\/product\/hmpe-1000-groen\/#breadcrumb"},"inLanguage":"de","potentialAction":[{"@type":"ReadAction","target":["http:\/\/shop.pyrasied.com\/nl\/product\/hmpe-1000-groen\/"]}]},{"@type":"ImageObject","inLanguage":"de","@id":"http:\/\/shop.pyrasied.com\/nl\/product\/hmpe-1000-groen\/#primaryimage","url":"https:\/\/shop.pyrasied.com\/wp-content\/uploads\/2025\/07\/P92005.jpg","contentUrl":"https:\/\/shop.pyrasied.com\/wp-content\/uploads\/2025\/07\/P92005.jpg","width":1000,"height":1000,"caption":"HMPE 1000 groen"},{"@type":"BreadcrumbList","@id":"http:\/\/shop.pyrasied.com\/nl\/product\/hmpe-1000-groen\/#breadcrumb","itemListElement":[{"@type":"ListItem","position":1,"name":"Home","item":"https:\/\/shop.pyrasied.com\/nl\/"},{"@type":"ListItem","position":2,"name":"Materialen","item":"https:\/\/shop.pyrasied.com\/nl\/materialen\/"},{"@type":"ListItem","position":3,"name":"Technische kunststoffen","item":"http:\/\/shop.pyrasied.com\/nl\/materialen\/technische-kunststoffen\/"},{"@type":"ListItem","position":4,"name":"HMPE 1000 groen"}]},{"@type":"WebSite","@id":"https:\/\/shop.pyrasied.com\/de\/#website","url":"https:\/\/shop.pyrasied.com\/de\/","name":"Pyrasied","description":"Aus Liebe zum Material","publisher":{"@id":"https:\/\/shop.pyrasied.com\/de\/#organization"},"potentialAction":[{"@type":"SearchAction","target":{"@type":"EntryPoint","urlTemplate":"https:\/\/shop.pyrasied.com\/de\/?s={search_term_string}"},"query-input":{"@type":"PropertyValueSpecification","valueRequired":true,"valueName":"search_term_string"}}],"inLanguage":"de"},{"@type":"Organization","@id":"https:\/\/shop.pyrasied.com\/de\/#organization","name":"Pyrasied","url":"https:\/\/shop.pyrasied.com\/de\/","logo":{"@type":"ImageObject","inLanguage":"de","@id":"https:\/\/shop.pyrasied.com\/de\/#\/schema\/logo\/image\/","url":"https:\/\/shop.pyrasied.com\/wp-content\/uploads\/2025\/06\/pyrasied.jpg","contentUrl":"https:\/\/shop.pyrasied.com\/wp-content\/uploads\/2025\/06\/pyrasied.jpg","width":1200,"height":630,"caption":"Pyrasied"},"image":{"@id":"https:\/\/shop.pyrasied.com\/de\/#\/schema\/logo\/image\/"},"sameAs":["https:\/\/www.facebook.com\/Pyrasied\/","https:\/\/www.instagram.com\/pyrasied\/"]}]}},"_links":{"self":[{"href":"https:\/\/shop.pyrasied.com\/de\/wp-json\/wp\/v2\/product\/13911","targetHints":{"allow":["GET"]}}],"collection":[{"href":"https:\/\/shop.pyrasied.com\/de\/wp-json\/wp\/v2\/product"}],"about":[{"href":"https:\/\/shop.pyrasied.com\/de\/wp-json\/wp\/v2\/types\/product"}],"wp:featuredmedia":[{"embeddable":true,"href":"https:\/\/shop.pyrasied.com\/de\/wp-json\/wp\/v2\/media\/13913"}],"wp:attachment":[{"href":"https:\/\/shop.pyrasied.com\/de\/wp-json\/wp\/v2\/media?parent=13911"}],"wp:term":[{"taxonomy":"product_brand","embeddable":true,"href":"https:\/\/shop.pyrasied.com\/de\/wp-json\/wp\/v2\/product_brand?post=13911"},{"taxonomy":"product_cat","embeddable":true,"href":"https:\/\/shop.pyrasied.com\/de\/wp-json\/wp\/v2\/product_cat?post=13911"},{"taxonomy":"product_tag","embeddable":true,"href":"https:\/\/shop.pyrasied.com\/de\/wp-json\/wp\/v2\/product_tag?post=13911"}],"curies":[{"name":"wp","href":"https:\/\/api.w.org\/{rel}","templated":true}]}}