{"id":13895,"date":"2025-07-25T12:46:32","date_gmt":"2025-07-25T12:46:32","guid":{"rendered":"https:\/\/pyrasiedshop.nl\/product\/hmpe-500-naturel\/"},"modified":"2026-03-30T12:32:10","modified_gmt":"2026-03-30T12:32:10","slug":"hmpe-500-naturlich","status":"publish","type":"product","link":"https:\/\/shop.pyrasied.com\/de\/produkt\/hmpe-500-naturlich\/","title":{"rendered":"HMPE 500 nat\u00fcrlich"},"content":{"rendered":"<p>HMPE (High Molecular Weight Polyethylene) 500 natural ist ein abriebfester und starker Kunststoff. Er ist bekannt f\u00fcr seine mechanische Festigkeit und chemische Best\u00e4ndigkeit. Au\u00dferdem ist er resistent gegen extreme Belastungen und Reibung. Dieses Material hat eine sehr hohe Molekulardichte, was es extrem haltbar und sto\u00dffest bei unterschiedlichen Temperaturen macht. Es handelt sich um einen hochwertigen Kunststoff f\u00fcr anspruchsvolle und dauerhafte Anwendungen.<\/p>\n<p>HMPE-Platten eignen sich besonders f\u00fcr industrielle Anwendungen, bei denen eine hohe Verschlei\u00dffestigkeit und ein niedriger Reibungskoeffizient erforderlich sind, z. B. f\u00fcr Gleitprofile, F\u00f6rderb\u00e4nder, Maschinenteile und Auskleidungen.<\/p>\n<h2>Lagerbestand HMPE 500 nat\u00fcrlich bei Pyrasied<\/h2>\n<p>Bei Pyrasied k\u00f6nnen Sie HMPE-Platten in verschiedenen St\u00e4rken und Gr\u00f6\u00dfen online bestellen. In unserem Shop finden Sie auch ein umfangreiches Angebot an HMPE-Platten und anderen technischen Kunststoffen.<\/p>\n<p>Siehe auch unser gesamtes Sortiment <a href=\"https:\/\/shop.pyrasied.com\/de\/materialien\/technische-kunststoffe\/\">Technische Kunststoffe<\/a>.<\/p>\n<h3>Verarbeitungsm\u00f6glichkeiten<\/h3>\n<p>Dank seiner thermoplastischen Eigenschaften l\u00e4sst sich HMPE 500 hervorragend bearbeiten. Das Material kann leicht ges\u00e4gt, gefr\u00e4st, gebohrt und geschwei\u00dft werden. Dadurch eignet es sich sehr gut f\u00fcr die Anpassung an spezifische technische Anwendungen und Konstruktionen.<\/p>\n<p>Anwendungen<\/p>\n<p>Das Material findet breite Anwendung im Maschinenbau, in der Lebensmittelindustrie und im Transportwesen.<\/p>","protected":false},"excerpt":{"rendered":"<p>HMPE (High Molecular Weight Polyethylene) 500 natural ist ein abriebfester und starker Kunststoff. Er ist bekannt f\u00fcr seine mechanische Festigkeit und chemische Best\u00e4ndigkeit. Au\u00dferdem ist er resistent gegen extreme Belastungen und Reibung. Dieses Material hat eine sehr hohe Molekulardichte, die es extrem haltbar und sto\u00dffest bei verschiedenen Temperaturen macht. Es ist ein [...]<\/p>","protected":false},"featured_media":14037,"template":"","meta":{"_acf_changed":false},"product_brand":[],"product_cat":[682],"product_tag":[],"class_list":{"0":"post-13895","1":"product","2":"type-product","3":"status-publish","4":"has-post-thumbnail","6":"product_cat-technische-kunststoffen","8":"first","9":"instock","10":"taxable","11":"shipping-taxable","12":"purchasable","13":"product-type-variable"},"acf":[],"yoast_head":"<!-- This site is optimized with the Yoast SEO plugin v26.0 - https:\/\/yoast.com\/wordpress\/plugins\/seo\/ -->\n<title>HMPE 500 naturel | Pyrasied<\/title>\n<meta name=\"description\" content=\"Ontdek HMPE 500 naturel bij Pyrasied: duurzaam en chemisch bestendig kunststof, ideaal voor intensieve toepassingen zoals transportbanen en machinebouw.\" \/>\n<meta name=\"robots\" content=\"index, follow, max-snippet:-1, max-image-preview:large, max-video-preview:-1\" \/>\n<link rel=\"canonical\" href=\"http:\/\/shop.pyrasied.com\/de\/produkt\/hmpe-500-naturlich\/\" \/>\n<meta property=\"og:locale\" content=\"de_DE\" \/>\n<meta property=\"og:type\" content=\"article\" \/>\n<meta property=\"og:title\" content=\"HMPE 500 naturel | Pyrasied\" \/>\n<meta property=\"og:description\" content=\"Ontdek HMPE 500 naturel bij Pyrasied: duurzaam en chemisch bestendig kunststof, ideaal voor intensieve toepassingen zoals transportbanen en machinebouw.\" \/>\n<meta property=\"og:url\" content=\"http:\/\/shop.pyrasied.com\/de\/produkt\/hmpe-500-naturlich\/\" \/>\n<meta property=\"og:site_name\" content=\"Pyrasied\" \/>\n<meta property=\"article:publisher\" content=\"https:\/\/www.facebook.com\/Pyrasied\/\" \/>\n<meta property=\"article:modified_time\" content=\"2026-03-30T12:32:10+00:00\" \/>\n<meta property=\"og:image\" content=\"https:\/\/shop.pyrasied.com\/wp-content\/uploads\/2025\/07\/HMPE-aangepast.jpg\" \/>\n\t<meta property=\"og:image:width\" content=\"1000\" \/>\n\t<meta property=\"og:image:height\" content=\"1000\" \/>\n\t<meta property=\"og:image:type\" content=\"image\/jpeg\" \/>\n<meta name=\"twitter:card\" content=\"summary_large_image\" \/>\n<meta name=\"twitter:label1\" content=\"Gesch\u00e4tzte Lesezeit\" \/>\n\t<meta name=\"twitter:data1\" content=\"2\u00a0Minuten\" \/>\n<script type=\"application\/ld+json\" class=\"yoast-schema-graph\">{\"@context\":\"https:\/\/schema.org\",\"@graph\":[{\"@type\":\"WebPage\",\"@id\":\"http:\/\/shop.pyrasied.com\/nl\/product\/hmpe-500-naturel\/\",\"url\":\"http:\/\/shop.pyrasied.com\/nl\/product\/hmpe-500-naturel\/\",\"name\":\"HMPE 500 naturel | Pyrasied\",\"isPartOf\":{\"@id\":\"https:\/\/shop.pyrasied.com\/de\/#website\"},\"primaryImageOfPage\":{\"@id\":\"http:\/\/shop.pyrasied.com\/nl\/product\/hmpe-500-naturel\/#primaryimage\"},\"image\":{\"@id\":\"http:\/\/shop.pyrasied.com\/nl\/product\/hmpe-500-naturel\/#primaryimage\"},\"thumbnailUrl\":\"https:\/\/shop.pyrasied.com\/wp-content\/uploads\/2025\/07\/HMPE-aangepast.jpg\",\"datePublished\":\"2025-07-25T12:46:32+00:00\",\"dateModified\":\"2026-03-30T12:32:10+00:00\",\"description\":\"Ontdek HMPE 500 naturel bij Pyrasied: duurzaam en chemisch bestendig kunststof, ideaal voor intensieve toepassingen zoals transportbanen en machinebouw.\",\"breadcrumb\":{\"@id\":\"http:\/\/shop.pyrasied.com\/nl\/product\/hmpe-500-naturel\/#breadcrumb\"},\"inLanguage\":\"de\",\"potentialAction\":[{\"@type\":\"ReadAction\",\"target\":[\"http:\/\/shop.pyrasied.com\/nl\/product\/hmpe-500-naturel\/\"]}]},{\"@type\":\"ImageObject\",\"inLanguage\":\"de\",\"@id\":\"http:\/\/shop.pyrasied.com\/nl\/product\/hmpe-500-naturel\/#primaryimage\",\"url\":\"https:\/\/shop.pyrasied.com\/wp-content\/uploads\/2025\/07\/HMPE-aangepast.jpg\",\"contentUrl\":\"https:\/\/shop.pyrasied.com\/wp-content\/uploads\/2025\/07\/HMPE-aangepast.jpg\",\"width\":1000,\"height\":1000,\"caption\":\"HMPE 500 naturel\"},{\"@type\":\"BreadcrumbList\",\"@id\":\"http:\/\/shop.pyrasied.com\/nl\/product\/hmpe-500-naturel\/#breadcrumb\",\"itemListElement\":[{\"@type\":\"ListItem\",\"position\":1,\"name\":\"Home\",\"item\":\"https:\/\/shop.pyrasied.com\/nl\/\"},{\"@type\":\"ListItem\",\"position\":2,\"name\":\"Materialen\",\"item\":\"https:\/\/shop.pyrasied.com\/nl\/materialen\/\"},{\"@type\":\"ListItem\",\"position\":3,\"name\":\"Technische kunststoffen\",\"item\":\"http:\/\/shop.pyrasied.com\/nl\/materialen\/technische-kunststoffen\/\"},{\"@type\":\"ListItem\",\"position\":4,\"name\":\"HMPE 500 naturel\"}]},{\"@type\":\"WebSite\",\"@id\":\"https:\/\/shop.pyrasied.com\/de\/#website\",\"url\":\"https:\/\/shop.pyrasied.com\/de\/\",\"name\":\"Pyrasied\",\"description\":\"Uit liefde voor materiaal\",\"publisher\":{\"@id\":\"https:\/\/shop.pyrasied.com\/de\/#organization\"},\"potentialAction\":[{\"@type\":\"SearchAction\",\"target\":{\"@type\":\"EntryPoint\",\"urlTemplate\":\"https:\/\/shop.pyrasied.com\/de\/?s={search_term_string}\"},\"query-input\":{\"@type\":\"PropertyValueSpecification\",\"valueRequired\":true,\"valueName\":\"search_term_string\"}}],\"inLanguage\":\"de\"},{\"@type\":\"Organization\",\"@id\":\"https:\/\/shop.pyrasied.com\/de\/#organization\",\"name\":\"Pyrasied\",\"url\":\"https:\/\/shop.pyrasied.com\/de\/\",\"logo\":{\"@type\":\"ImageObject\",\"inLanguage\":\"de\",\"@id\":\"https:\/\/shop.pyrasied.com\/de\/#\/schema\/logo\/image\/\",\"url\":\"https:\/\/shop.pyrasied.com\/wp-content\/uploads\/2025\/06\/pyrasied.jpg\",\"contentUrl\":\"https:\/\/shop.pyrasied.com\/wp-content\/uploads\/2025\/06\/pyrasied.jpg\",\"width\":1200,\"height\":630,\"caption\":\"Pyrasied\"},\"image\":{\"@id\":\"https:\/\/shop.pyrasied.com\/de\/#\/schema\/logo\/image\/\"},\"sameAs\":[\"https:\/\/www.facebook.com\/Pyrasied\/\",\"https:\/\/www.instagram.com\/pyrasied\/\"]}]}<\/script>\n<!-- \/ Yoast SEO plugin. -->","yoast_head_json":{"title":"HMPE 500 natur | Pyrasied","description":"HMPE 500 natural bei Pyrasied: langlebiger und chemikalienbest\u00e4ndiger Kunststoff, ideal f\u00fcr intensive Anwendungen wie F\u00f6rderb\u00e4nder und Maschinenbau.","robots":{"index":"index","follow":"follow","max-snippet":"max-snippet:-1","max-image-preview":"max-image-preview:large","max-video-preview":"max-video-preview:-1"},"canonical":"http:\/\/shop.pyrasied.com\/de\/produkt\/hmpe-500-naturlich\/","og_locale":"de_DE","og_type":"article","og_title":"HMPE 500 naturel | Pyrasied","og_description":"Ontdek HMPE 500 naturel bij Pyrasied: duurzaam en chemisch bestendig kunststof, ideaal voor intensieve toepassingen zoals transportbanen en machinebouw.","og_url":"http:\/\/shop.pyrasied.com\/de\/produkt\/hmpe-500-naturlich\/","og_site_name":"Pyrasied","article_publisher":"https:\/\/www.facebook.com\/Pyrasied\/","article_modified_time":"2026-03-30T12:32:10+00:00","og_image":[{"width":1000,"height":1000,"url":"https:\/\/shop.pyrasied.com\/wp-content\/uploads\/2025\/07\/HMPE-aangepast.jpg","type":"image\/jpeg"}],"twitter_card":"summary_large_image","twitter_misc":{"Gesch\u00e4tzte Lesezeit":"2\u00a0Minuten"},"schema":{"@context":"https:\/\/schema.org","@graph":[{"@type":"WebPage","@id":"http:\/\/shop.pyrasied.com\/nl\/product\/hmpe-500-naturel\/","url":"http:\/\/shop.pyrasied.com\/nl\/product\/hmpe-500-naturel\/","name":"HMPE 500 natur | Pyrasied","isPartOf":{"@id":"https:\/\/shop.pyrasied.com\/de\/#website"},"primaryImageOfPage":{"@id":"http:\/\/shop.pyrasied.com\/nl\/product\/hmpe-500-naturel\/#primaryimage"},"image":{"@id":"http:\/\/shop.pyrasied.com\/nl\/product\/hmpe-500-naturel\/#primaryimage"},"thumbnailUrl":"https:\/\/shop.pyrasied.com\/wp-content\/uploads\/2025\/07\/HMPE-aangepast.jpg","datePublished":"2025-07-25T12:46:32+00:00","dateModified":"2026-03-30T12:32:10+00:00","description":"HMPE 500 natural bei Pyrasied: langlebiger und chemikalienbest\u00e4ndiger Kunststoff, ideal f\u00fcr intensive Anwendungen wie F\u00f6rderb\u00e4nder und Maschinenbau.","breadcrumb":{"@id":"http:\/\/shop.pyrasied.com\/nl\/product\/hmpe-500-naturel\/#breadcrumb"},"inLanguage":"de","potentialAction":[{"@type":"ReadAction","target":["http:\/\/shop.pyrasied.com\/nl\/product\/hmpe-500-naturel\/"]}]},{"@type":"ImageObject","inLanguage":"de","@id":"http:\/\/shop.pyrasied.com\/nl\/product\/hmpe-500-naturel\/#primaryimage","url":"https:\/\/shop.pyrasied.com\/wp-content\/uploads\/2025\/07\/HMPE-aangepast.jpg","contentUrl":"https:\/\/shop.pyrasied.com\/wp-content\/uploads\/2025\/07\/HMPE-aangepast.jpg","width":1000,"height":1000,"caption":"HMPE 500 naturel"},{"@type":"BreadcrumbList","@id":"http:\/\/shop.pyrasied.com\/nl\/product\/hmpe-500-naturel\/#breadcrumb","itemListElement":[{"@type":"ListItem","position":1,"name":"Home","item":"https:\/\/shop.pyrasied.com\/nl\/"},{"@type":"ListItem","position":2,"name":"Materialen","item":"https:\/\/shop.pyrasied.com\/nl\/materialen\/"},{"@type":"ListItem","position":3,"name":"Technische kunststoffen","item":"http:\/\/shop.pyrasied.com\/nl\/materialen\/technische-kunststoffen\/"},{"@type":"ListItem","position":4,"name":"HMPE 500 naturel"}]},{"@type":"WebSite","@id":"https:\/\/shop.pyrasied.com\/de\/#website","url":"https:\/\/shop.pyrasied.com\/de\/","name":"Pyrasied","description":"Aus Liebe zum Material","publisher":{"@id":"https:\/\/shop.pyrasied.com\/de\/#organization"},"potentialAction":[{"@type":"SearchAction","target":{"@type":"EntryPoint","urlTemplate":"https:\/\/shop.pyrasied.com\/de\/?s={search_term_string}"},"query-input":{"@type":"PropertyValueSpecification","valueRequired":true,"valueName":"search_term_string"}}],"inLanguage":"de"},{"@type":"Organization","@id":"https:\/\/shop.pyrasied.com\/de\/#organization","name":"Pyrasied","url":"https:\/\/shop.pyrasied.com\/de\/","logo":{"@type":"ImageObject","inLanguage":"de","@id":"https:\/\/shop.pyrasied.com\/de\/#\/schema\/logo\/image\/","url":"https:\/\/shop.pyrasied.com\/wp-content\/uploads\/2025\/06\/pyrasied.jpg","contentUrl":"https:\/\/shop.pyrasied.com\/wp-content\/uploads\/2025\/06\/pyrasied.jpg","width":1200,"height":630,"caption":"Pyrasied"},"image":{"@id":"https:\/\/shop.pyrasied.com\/de\/#\/schema\/logo\/image\/"},"sameAs":["https:\/\/www.facebook.com\/Pyrasied\/","https:\/\/www.instagram.com\/pyrasied\/"]}]}},"_links":{"self":[{"href":"https:\/\/shop.pyrasied.com\/de\/wp-json\/wp\/v2\/product\/13895","targetHints":{"allow":["GET"]}}],"collection":[{"href":"https:\/\/shop.pyrasied.com\/de\/wp-json\/wp\/v2\/product"}],"about":[{"href":"https:\/\/shop.pyrasied.com\/de\/wp-json\/wp\/v2\/types\/product"}],"wp:featuredmedia":[{"embeddable":true,"href":"https:\/\/shop.pyrasied.com\/de\/wp-json\/wp\/v2\/media\/14037"}],"wp:attachment":[{"href":"https:\/\/shop.pyrasied.com\/de\/wp-json\/wp\/v2\/media?parent=13895"}],"wp:term":[{"taxonomy":"product_brand","embeddable":true,"href":"https:\/\/shop.pyrasied.com\/de\/wp-json\/wp\/v2\/product_brand?post=13895"},{"taxonomy":"product_cat","embeddable":true,"href":"https:\/\/shop.pyrasied.com\/de\/wp-json\/wp\/v2\/product_cat?post=13895"},{"taxonomy":"product_tag","embeddable":true,"href":"https:\/\/shop.pyrasied.com\/de\/wp-json\/wp\/v2\/product_tag?post=13895"}],"curies":[{"name":"wp","href":"https:\/\/api.w.org\/{rel}","templated":true}]}}