{"id":13875,"date":"2025-07-25T12:45:47","date_gmt":"2025-07-25T12:45:47","guid":{"rendered":"https:\/\/pyrasiedshop.nl\/product\/hard-polyetheen-zwart\/"},"modified":"2026-03-30T12:32:09","modified_gmt":"2026-03-30T12:32:09","slug":"hart-polyethylen-schwarz","status":"publish","type":"product","link":"https:\/\/shop.pyrasied.com\/de\/produkt\/hart-polyethylen-schwarz\/","title":{"rendered":"Hart-Polyethylen schwarz"},"content":{"rendered":"<p>Hartes Polyethylen schwarz, auch bekannt als HDPE (High-Density Polyethylene), ist ein Hochleistungskunststoff, der sich durch hohe Festigkeit, Abriebfestigkeit und chemische Best\u00e4ndigkeit auszeichnet. Das Material wird h\u00e4ufig bei industriellen Projekten, im Maschinenbau, bei F\u00f6rderb\u00e4ndern, Gleitprofilen und Strukturbauteilen eingesetzt. Dank seiner chemischen Best\u00e4ndigkeit widersteht es aggressiven Stoffen, z. B. in der chemischen Industrie oder bei der Wasser- und Abfallbehandlung.<\/p>\n<h2>Lagerbestand Hart-Poly\u00e4thylen schwarz bei Pyrasied<\/h2>\n<p>Hartes Poly\u00e4thylen Schwarz ist in verschiedenen St\u00e4rken und Gr\u00f6\u00dfen erh\u00e4ltlich. Das Material passt daher perfekt zu jedem Projekt.<\/p>\n<h3>Anwendungen<\/h3>\n<p>Es ist ideal f\u00fcr Maschinenteile, Verschlei\u00dffl\u00e4chen, Schutzelemente und Strukturen. Selbst unter schweren Lasten und extremen Bedingungen bleibt es zuverl\u00e4ssig und langlebig. HDPE bietet auch Vorteile in Bezug auf Wartung und Nutzungsdauer. Es ist wartungsarm, best\u00e4ndig gegen Feuchtigkeit und Temperaturschwankungen und h\u00e4lt viele Jahre. Es ist ideal f\u00fcr Anwendungen, bei denen es auf geringe Reibung, hohe Abriebfestigkeit und Feuchtigkeitsbest\u00e4ndigkeit ankommt.<\/p>\n<p><strong>Maschinenbau:<\/strong> Zahnr\u00e4der, Gleitlager, Sto\u00dfschutz und Verschlei\u00dfteile.<\/p>\n<p><strong>Lebensmittelindustrie:<\/strong> Schneidebretter und Arbeitsplatten.<\/p>\n<p><strong>Transport und Logistik:<\/strong> F\u00fchrungsleisten und Gleitprofile.<\/p>\n<p><strong>Sch\u00fcttgut und Lagerung:<\/strong> Silo- und Bunkerauskleidung.<\/p>\n<p><strong>Landwirtschaft und Erdbewegung:<\/strong> Abschirmung und Aufprallschutz.<\/p>\n<h3>Verarbeitungsm\u00f6glichkeiten<\/h3>\n<p>Das Material kann leicht ges\u00e4gt, gefr\u00e4st, geschwei\u00dft oder gebogen werden. Dadurch lassen sich spezifische Formen, Profile und Bauteile leicht realisieren. Das Material eignet sich f\u00fcr hochbelastbare Konstruktionen und pr\u00e4zise technische Anwendungen.<\/p>\n<p>Bei Pyrasied finden Sie ein umfangreiches Angebot an Hart-Polyethylenplatten und anderen technischen Kunststoffen. Siehe auch unser gesamtes Sortiment <a href=\"https:\/\/shop.pyrasied.com\/de\/materialien\/technische-kunststoffe\/\">Technische Kunststoffe<\/a>.<\/p>\n<p>&nbsp;<\/p>","protected":false},"excerpt":{"rendered":"<p>Hartes Polyethylen schwarz, auch bekannt als HDPE (High-Density Polyethylene), ist ein Hochleistungskunststoff, der sich durch hohe Festigkeit, Abriebfestigkeit und chemische Best\u00e4ndigkeit auszeichnet. Das Material wird h\u00e4ufig bei industriellen Projekten, im Maschinenbau, bei F\u00f6rderb\u00e4ndern, Gleitprofilen und Strukturbauteilen eingesetzt. Dank seiner chemischen Best\u00e4ndigkeit widersteht es aggressiven Substanzen, wie z. B. in der chemischen Industrie oder bei der Wasser- und Abfallbehandlung. Lagerbestand Hart [...]<\/p>","protected":false},"featured_media":14035,"template":"","meta":{"_acf_changed":false},"product_brand":[],"product_cat":[682],"product_tag":[],"class_list":{"0":"post-13875","1":"product","2":"type-product","3":"status-publish","4":"has-post-thumbnail","6":"product_cat-technische-kunststoffen","8":"first","9":"instock","10":"taxable","11":"shipping-taxable","12":"purchasable","13":"product-type-variable"},"acf":[],"yoast_head":"<!-- This site is optimized with the Yoast SEO plugin v26.0 - https:\/\/yoast.com\/wordpress\/plugins\/seo\/ -->\n<title>Hard Polyetheen zwart | Pyrasied<\/title>\n<meta name=\"description\" content=\"Ontdekt Hard Polyetheen zwart een sterk en slijtvast materiaal, chemisch resistent en duurzaam, perfect voor industri\u00eble toepassingen.\" \/>\n<meta name=\"robots\" content=\"index, follow, max-snippet:-1, max-image-preview:large, max-video-preview:-1\" \/>\n<link rel=\"canonical\" href=\"http:\/\/shop.pyrasied.com\/de\/produkt\/hart-polyethylen-schwarz\/\" \/>\n<meta property=\"og:locale\" content=\"de_DE\" \/>\n<meta property=\"og:type\" content=\"article\" \/>\n<meta property=\"og:title\" content=\"Hard Polyetheen zwart | Pyrasied\" \/>\n<meta property=\"og:description\" content=\"Ontdekt Hard Polyetheen zwart een sterk en slijtvast materiaal, chemisch resistent en duurzaam, perfect voor industri\u00eble toepassingen.\" \/>\n<meta property=\"og:url\" content=\"http:\/\/shop.pyrasied.com\/de\/produkt\/hart-polyethylen-schwarz\/\" \/>\n<meta property=\"og:site_name\" content=\"Pyrasied\" \/>\n<meta property=\"article:publisher\" content=\"https:\/\/www.facebook.com\/Pyrasied\/\" \/>\n<meta property=\"article:modified_time\" content=\"2026-03-30T12:32:09+00:00\" \/>\n<meta property=\"og:image\" content=\"https:\/\/shop.pyrasied.com\/wp-content\/uploads\/2025\/07\/AF-hard_polyetheen_plaat_zwart.jpg\" \/>\n\t<meta property=\"og:image:width\" content=\"1000\" \/>\n\t<meta property=\"og:image:height\" content=\"1000\" \/>\n\t<meta property=\"og:image:type\" content=\"image\/jpeg\" \/>\n<meta name=\"twitter:card\" content=\"summary_large_image\" \/>\n<meta name=\"twitter:label1\" content=\"Gesch\u00e4tzte Lesezeit\" \/>\n\t<meta name=\"twitter:data1\" content=\"2\u00a0Minuten\" \/>\n<script type=\"application\/ld+json\" class=\"yoast-schema-graph\">{\"@context\":\"https:\/\/schema.org\",\"@graph\":[{\"@type\":\"WebPage\",\"@id\":\"http:\/\/shop.pyrasied.com\/nl\/product\/hard-polyetheen-zwart\/\",\"url\":\"http:\/\/shop.pyrasied.com\/nl\/product\/hard-polyetheen-zwart\/\",\"name\":\"Hard Polyetheen zwart | Pyrasied\",\"isPartOf\":{\"@id\":\"https:\/\/shop.pyrasied.com\/de\/#website\"},\"primaryImageOfPage\":{\"@id\":\"http:\/\/shop.pyrasied.com\/nl\/product\/hard-polyetheen-zwart\/#primaryimage\"},\"image\":{\"@id\":\"http:\/\/shop.pyrasied.com\/nl\/product\/hard-polyetheen-zwart\/#primaryimage\"},\"thumbnailUrl\":\"https:\/\/shop.pyrasied.com\/wp-content\/uploads\/2025\/07\/AF-hard_polyetheen_plaat_zwart.jpg\",\"datePublished\":\"2025-07-25T12:45:47+00:00\",\"dateModified\":\"2026-03-30T12:32:09+00:00\",\"description\":\"Ontdekt Hard Polyetheen zwart een sterk en slijtvast materiaal, chemisch resistent en duurzaam, perfect voor industri\u00eble toepassingen.\",\"breadcrumb\":{\"@id\":\"http:\/\/shop.pyrasied.com\/nl\/product\/hard-polyetheen-zwart\/#breadcrumb\"},\"inLanguage\":\"de\",\"potentialAction\":[{\"@type\":\"ReadAction\",\"target\":[\"http:\/\/shop.pyrasied.com\/nl\/product\/hard-polyetheen-zwart\/\"]}]},{\"@type\":\"ImageObject\",\"inLanguage\":\"de\",\"@id\":\"http:\/\/shop.pyrasied.com\/nl\/product\/hard-polyetheen-zwart\/#primaryimage\",\"url\":\"https:\/\/shop.pyrasied.com\/wp-content\/uploads\/2025\/07\/AF-hard_polyetheen_plaat_zwart.jpg\",\"contentUrl\":\"https:\/\/shop.pyrasied.com\/wp-content\/uploads\/2025\/07\/AF-hard_polyetheen_plaat_zwart.jpg\",\"width\":1000,\"height\":1000,\"caption\":\"hard polyetheen zwart\"},{\"@type\":\"BreadcrumbList\",\"@id\":\"http:\/\/shop.pyrasied.com\/nl\/product\/hard-polyetheen-zwart\/#breadcrumb\",\"itemListElement\":[{\"@type\":\"ListItem\",\"position\":1,\"name\":\"Home\",\"item\":\"https:\/\/shop.pyrasied.com\/nl\/\"},{\"@type\":\"ListItem\",\"position\":2,\"name\":\"Materialen\",\"item\":\"https:\/\/shop.pyrasied.com\/nl\/materialen\/\"},{\"@type\":\"ListItem\",\"position\":3,\"name\":\"Technische kunststoffen\",\"item\":\"http:\/\/shop.pyrasied.com\/nl\/materialen\/technische-kunststoffen\/\"},{\"@type\":\"ListItem\",\"position\":4,\"name\":\"Hard Polyetheen zwart\"}]},{\"@type\":\"WebSite\",\"@id\":\"https:\/\/shop.pyrasied.com\/de\/#website\",\"url\":\"https:\/\/shop.pyrasied.com\/de\/\",\"name\":\"Pyrasied\",\"description\":\"Uit liefde voor materiaal\",\"publisher\":{\"@id\":\"https:\/\/shop.pyrasied.com\/de\/#organization\"},\"potentialAction\":[{\"@type\":\"SearchAction\",\"target\":{\"@type\":\"EntryPoint\",\"urlTemplate\":\"https:\/\/shop.pyrasied.com\/de\/?s={search_term_string}\"},\"query-input\":{\"@type\":\"PropertyValueSpecification\",\"valueRequired\":true,\"valueName\":\"search_term_string\"}}],\"inLanguage\":\"de\"},{\"@type\":\"Organization\",\"@id\":\"https:\/\/shop.pyrasied.com\/de\/#organization\",\"name\":\"Pyrasied\",\"url\":\"https:\/\/shop.pyrasied.com\/de\/\",\"logo\":{\"@type\":\"ImageObject\",\"inLanguage\":\"de\",\"@id\":\"https:\/\/shop.pyrasied.com\/de\/#\/schema\/logo\/image\/\",\"url\":\"https:\/\/shop.pyrasied.com\/wp-content\/uploads\/2025\/06\/pyrasied.jpg\",\"contentUrl\":\"https:\/\/shop.pyrasied.com\/wp-content\/uploads\/2025\/06\/pyrasied.jpg\",\"width\":1200,\"height\":630,\"caption\":\"Pyrasied\"},\"image\":{\"@id\":\"https:\/\/shop.pyrasied.com\/de\/#\/schema\/logo\/image\/\"},\"sameAs\":[\"https:\/\/www.facebook.com\/Pyrasied\/\",\"https:\/\/www.instagram.com\/pyrasied\/\"]}]}<\/script>\n<!-- \/ Yoast SEO plugin. -->","yoast_head_json":{"title":"Hart-Poly\u00e4thylen schwarz | Pyrasied","description":"Hartes Poly\u00e4thylen schwarz ist ein starkes und abriebfestes Material, chemisch best\u00e4ndig und langlebig, perfekt f\u00fcr industrielle Anwendungen.","robots":{"index":"index","follow":"follow","max-snippet":"max-snippet:-1","max-image-preview":"max-image-preview:large","max-video-preview":"max-video-preview:-1"},"canonical":"http:\/\/shop.pyrasied.com\/de\/produkt\/hart-polyethylen-schwarz\/","og_locale":"de_DE","og_type":"article","og_title":"Hard Polyetheen zwart | Pyrasied","og_description":"Ontdekt Hard Polyetheen zwart een sterk en slijtvast materiaal, chemisch resistent en duurzaam, perfect voor industri\u00eble toepassingen.","og_url":"http:\/\/shop.pyrasied.com\/de\/produkt\/hart-polyethylen-schwarz\/","og_site_name":"Pyrasied","article_publisher":"https:\/\/www.facebook.com\/Pyrasied\/","article_modified_time":"2026-03-30T12:32:09+00:00","og_image":[{"width":1000,"height":1000,"url":"https:\/\/shop.pyrasied.com\/wp-content\/uploads\/2025\/07\/AF-hard_polyetheen_plaat_zwart.jpg","type":"image\/jpeg"}],"twitter_card":"summary_large_image","twitter_misc":{"Gesch\u00e4tzte Lesezeit":"2\u00a0Minuten"},"schema":{"@context":"https:\/\/schema.org","@graph":[{"@type":"WebPage","@id":"http:\/\/shop.pyrasied.com\/nl\/product\/hard-polyetheen-zwart\/","url":"http:\/\/shop.pyrasied.com\/nl\/product\/hard-polyetheen-zwart\/","name":"Hart-Poly\u00e4thylen schwarz | Pyrasied","isPartOf":{"@id":"https:\/\/shop.pyrasied.com\/de\/#website"},"primaryImageOfPage":{"@id":"http:\/\/shop.pyrasied.com\/nl\/product\/hard-polyetheen-zwart\/#primaryimage"},"image":{"@id":"http:\/\/shop.pyrasied.com\/nl\/product\/hard-polyetheen-zwart\/#primaryimage"},"thumbnailUrl":"https:\/\/shop.pyrasied.com\/wp-content\/uploads\/2025\/07\/AF-hard_polyetheen_plaat_zwart.jpg","datePublished":"2025-07-25T12:45:47+00:00","dateModified":"2026-03-30T12:32:09+00:00","description":"Hartes Poly\u00e4thylen schwarz ist ein starkes und abriebfestes Material, chemisch best\u00e4ndig und langlebig, perfekt f\u00fcr industrielle Anwendungen.","breadcrumb":{"@id":"http:\/\/shop.pyrasied.com\/nl\/product\/hard-polyetheen-zwart\/#breadcrumb"},"inLanguage":"de","potentialAction":[{"@type":"ReadAction","target":["http:\/\/shop.pyrasied.com\/nl\/product\/hard-polyetheen-zwart\/"]}]},{"@type":"ImageObject","inLanguage":"de","@id":"http:\/\/shop.pyrasied.com\/nl\/product\/hard-polyetheen-zwart\/#primaryimage","url":"https:\/\/shop.pyrasied.com\/wp-content\/uploads\/2025\/07\/AF-hard_polyetheen_plaat_zwart.jpg","contentUrl":"https:\/\/shop.pyrasied.com\/wp-content\/uploads\/2025\/07\/AF-hard_polyetheen_plaat_zwart.jpg","width":1000,"height":1000,"caption":"hard polyetheen zwart"},{"@type":"BreadcrumbList","@id":"http:\/\/shop.pyrasied.com\/nl\/product\/hard-polyetheen-zwart\/#breadcrumb","itemListElement":[{"@type":"ListItem","position":1,"name":"Home","item":"https:\/\/shop.pyrasied.com\/nl\/"},{"@type":"ListItem","position":2,"name":"Materialen","item":"https:\/\/shop.pyrasied.com\/nl\/materialen\/"},{"@type":"ListItem","position":3,"name":"Technische kunststoffen","item":"http:\/\/shop.pyrasied.com\/nl\/materialen\/technische-kunststoffen\/"},{"@type":"ListItem","position":4,"name":"Hard Polyetheen zwart"}]},{"@type":"WebSite","@id":"https:\/\/shop.pyrasied.com\/de\/#website","url":"https:\/\/shop.pyrasied.com\/de\/","name":"Pyrasied","description":"Aus Liebe zum Material","publisher":{"@id":"https:\/\/shop.pyrasied.com\/de\/#organization"},"potentialAction":[{"@type":"SearchAction","target":{"@type":"EntryPoint","urlTemplate":"https:\/\/shop.pyrasied.com\/de\/?s={search_term_string}"},"query-input":{"@type":"PropertyValueSpecification","valueRequired":true,"valueName":"search_term_string"}}],"inLanguage":"de"},{"@type":"Organization","@id":"https:\/\/shop.pyrasied.com\/de\/#organization","name":"Pyrasied","url":"https:\/\/shop.pyrasied.com\/de\/","logo":{"@type":"ImageObject","inLanguage":"de","@id":"https:\/\/shop.pyrasied.com\/de\/#\/schema\/logo\/image\/","url":"https:\/\/shop.pyrasied.com\/wp-content\/uploads\/2025\/06\/pyrasied.jpg","contentUrl":"https:\/\/shop.pyrasied.com\/wp-content\/uploads\/2025\/06\/pyrasied.jpg","width":1200,"height":630,"caption":"Pyrasied"},"image":{"@id":"https:\/\/shop.pyrasied.com\/de\/#\/schema\/logo\/image\/"},"sameAs":["https:\/\/www.facebook.com\/Pyrasied\/","https:\/\/www.instagram.com\/pyrasied\/"]}]}},"_links":{"self":[{"href":"https:\/\/shop.pyrasied.com\/de\/wp-json\/wp\/v2\/product\/13875","targetHints":{"allow":["GET"]}}],"collection":[{"href":"https:\/\/shop.pyrasied.com\/de\/wp-json\/wp\/v2\/product"}],"about":[{"href":"https:\/\/shop.pyrasied.com\/de\/wp-json\/wp\/v2\/types\/product"}],"wp:featuredmedia":[{"embeddable":true,"href":"https:\/\/shop.pyrasied.com\/de\/wp-json\/wp\/v2\/media\/14035"}],"wp:attachment":[{"href":"https:\/\/shop.pyrasied.com\/de\/wp-json\/wp\/v2\/media?parent=13875"}],"wp:term":[{"taxonomy":"product_brand","embeddable":true,"href":"https:\/\/shop.pyrasied.com\/de\/wp-json\/wp\/v2\/product_brand?post=13875"},{"taxonomy":"product_cat","embeddable":true,"href":"https:\/\/shop.pyrasied.com\/de\/wp-json\/wp\/v2\/product_cat?post=13875"},{"taxonomy":"product_tag","embeddable":true,"href":"https:\/\/shop.pyrasied.com\/de\/wp-json\/wp\/v2\/product_tag?post=13875"}],"curies":[{"name":"wp","href":"https:\/\/api.w.org\/{rel}","templated":true}]}}