{"id":13849,"date":"2025-07-25T12:45:02","date_gmt":"2025-07-25T12:45:02","guid":{"rendered":"https:\/\/pyrasiedshop.nl\/product\/hard-pvc\/"},"modified":"2026-03-30T12:31:57","modified_gmt":"2026-03-30T12:31:57","slug":"hart-pvc","status":"publish","type":"product","link":"https:\/\/shop.pyrasied.com\/de\/produkt\/hart-pvc\/","title":{"rendered":"Hart-PVC"},"content":{"rendered":"<p>Hart-PVC ist ein starkes, langlebiges und multifunktionales Kunststoffmaterial, das f\u00fcr eine Vielzahl von technischen und \u00e4sthetischen Anwendungen geeignet ist. Es ist bekannt f\u00fcr seine hohe Schlagfestigkeit und lange Lebensdauer, was es ausgezeichnet widerstandsf\u00e4hig gegen intensive Nutzung macht. Dar\u00fcber hinaus ist Hart-PVC auch unter Markennamen wie Trovidur und Astralon bekannt.<\/p>\n<p><strong>Eigenschaften<\/strong><\/p>\n<p>Chemisch und hitzebest\u00e4ndig (bis maximal 60 \u00b0C)<\/p>\n<p>Elektrisch isolierend<\/p>\n<p>Selbstl\u00f6schend<\/p>\n<p>Druckfest<\/p>\n<p>Leicht zu bearbeiten<\/p>\n<p>Sehr schlagfest<\/p>\n<h2>Vorrat Hart-PVC<\/h2>\n<p>Pyrasied liefert Hart-PVC in verschiedenen Dicken, Formaten und Ausf\u00fchrungen, so dass das Material stets an die spezifischen Anforderungen Ihres Projekts angepasst werden kann. Ob f\u00fcr strukturelle Komponenten, Schutzelemente oder visuelle Anwendungen, Hart-PVC bietet eine zuverl\u00e4ssige und dauerhafte L\u00f6sung.<\/p>\n<p>Bei Pyrasied finden Sie ein umfangreiches Angebot an Hart-PVC-Platten und anderen technischen Kunststoffen. Siehe auch unser gesamtes Sortiment <a href=\"https:\/\/shop.pyrasied.com\/de\/materialien\/technische-kunststoffe\/\">Technische Kunststoffe<\/a>.<\/p>\n<h3>Anwendungen<\/h3>\n<p>Es wird unter anderem f\u00fcr technische Konstruktionen und industrielle Anwendungen, f\u00fcr Werbebohrungen und Displays sowie als Elektronikgeh\u00e4use und technische Verkleidungen verwendet. Dar\u00fcber hinaus ist es langlebig und beh\u00e4lt seine Form und Qualit\u00e4t auch bei intensiver Nutzung. Es eignet sich auch hervorragend f\u00fcr Projekte, bei denen pr\u00e4zise Formen, Profile oder Komponenten ben\u00f6tigt werden. Das Material kombiniert Funktionalit\u00e4t mit Benutzerfreundlichkeit und wird daher sowohl f\u00fcr industrielle Anwendungen als auch f\u00fcr kreative und visuelle Projekte eingesetzt.<\/p>\n<h3>Verarbeitungsm\u00f6glichkeiten<\/h3>\n<p>Das Material bietet umfassende Bearbeitungsm\u00f6glichkeiten. Es l\u00e4sst sich leicht s\u00e4gen, bohren, fr\u00e4sen, kleben oder biegen (kalt oder warm).<\/p>\n<p>&nbsp;<\/p>","protected":false},"excerpt":{"rendered":"<p>Hart-PVC ist ein starker, haltbarer und vielseitiger Kunststoff, der sich f\u00fcr eine Vielzahl von technischen und \u00e4sthetischen Anwendungen eignet.  Es ist bekannt f\u00fcr seine hohe Schlagz\u00e4higkeit und lange Lebensdauer, was es f\u00fcr eine intensive Nutzung hervorragend geeignet macht. Dar\u00fcber hinaus ist Hart-PVC auch unter Markennamen wie Trovidur und Astralon bekannt. Eigenschaften Chemikalien- und hitzebest\u00e4ndig (bis zu 60 [...]<\/p>","protected":false},"featured_media":14050,"template":"","meta":{"_acf_changed":false},"product_brand":[],"product_cat":[682],"product_tag":[],"class_list":{"0":"post-13849","1":"product","2":"type-product","3":"status-publish","4":"has-post-thumbnail","6":"product_cat-technische-kunststoffen","8":"first","9":"instock","10":"taxable","11":"shipping-taxable","12":"purchasable","13":"product-type-variable"},"acf":[],"yoast_head":"<!-- This site is optimized with the Yoast SEO plugin v26.0 - https:\/\/yoast.com\/wordpress\/plugins\/seo\/ -->\n<title>Hard PVC | Pyrasied<\/title>\n<meta name=\"description\" content=\"Sterk en veelzijdig Hard PVC voor industri\u00eble toepassingen, technische constructies, displays, behuizingen en duurzame interieur- of buitentoepassingen.\" \/>\n<meta name=\"robots\" content=\"index, follow, max-snippet:-1, max-image-preview:large, max-video-preview:-1\" \/>\n<link rel=\"canonical\" href=\"https:\/\/shop.pyrasied.com\/de\/produkt\/hart-pvc\/\" \/>\n<meta property=\"og:locale\" content=\"de_DE\" \/>\n<meta property=\"og:type\" content=\"article\" \/>\n<meta property=\"og:title\" content=\"Hard PVC | Pyrasied\" \/>\n<meta property=\"og:description\" content=\"Sterk en veelzijdig Hard PVC voor industri\u00eble toepassingen, technische constructies, displays, behuizingen en duurzame interieur- of buitentoepassingen.\" \/>\n<meta property=\"og:url\" content=\"https:\/\/shop.pyrasied.com\/de\/produkt\/hart-pvc\/\" \/>\n<meta property=\"og:site_name\" content=\"Pyrasied\" \/>\n<meta property=\"article:publisher\" content=\"https:\/\/www.facebook.com\/Pyrasied\/\" \/>\n<meta property=\"article:modified_time\" content=\"2026-03-30T12:31:57+00:00\" \/>\n<meta property=\"og:image\" content=\"https:\/\/shop.pyrasied.com\/wp-content\/uploads\/2025\/07\/AF-DSC_5107.jpg\" \/>\n\t<meta property=\"og:image:width\" content=\"1000\" \/>\n\t<meta property=\"og:image:height\" content=\"1000\" \/>\n\t<meta property=\"og:image:type\" content=\"image\/jpeg\" \/>\n<meta name=\"twitter:card\" content=\"summary_large_image\" \/>\n<meta name=\"twitter:label1\" content=\"Gesch\u00e4tzte Lesezeit\" \/>\n\t<meta name=\"twitter:data1\" content=\"2\u00a0Minuten\" \/>\n<script type=\"application\/ld+json\" class=\"yoast-schema-graph\">{\"@context\":\"https:\/\/schema.org\",\"@graph\":[{\"@type\":\"WebPage\",\"@id\":\"https:\/\/shop.pyrasied.com\/nl\/product\/hard-pvc\/\",\"url\":\"https:\/\/shop.pyrasied.com\/nl\/product\/hard-pvc\/\",\"name\":\"Hard PVC | Pyrasied\",\"isPartOf\":{\"@id\":\"https:\/\/shop.pyrasied.com\/de\/#website\"},\"primaryImageOfPage\":{\"@id\":\"https:\/\/shop.pyrasied.com\/nl\/product\/hard-pvc\/#primaryimage\"},\"image\":{\"@id\":\"https:\/\/shop.pyrasied.com\/nl\/product\/hard-pvc\/#primaryimage\"},\"thumbnailUrl\":\"https:\/\/shop.pyrasied.com\/wp-content\/uploads\/2025\/07\/AF-DSC_5107.jpg\",\"datePublished\":\"2025-07-25T12:45:02+00:00\",\"dateModified\":\"2026-03-30T12:31:57+00:00\",\"description\":\"Sterk en veelzijdig Hard PVC voor industri\u00eble toepassingen, technische constructies, displays, behuizingen en duurzame interieur- of buitentoepassingen.\",\"breadcrumb\":{\"@id\":\"https:\/\/shop.pyrasied.com\/nl\/product\/hard-pvc\/#breadcrumb\"},\"inLanguage\":\"de\",\"potentialAction\":[{\"@type\":\"ReadAction\",\"target\":[\"https:\/\/shop.pyrasied.com\/nl\/product\/hard-pvc\/\"]}]},{\"@type\":\"ImageObject\",\"inLanguage\":\"de\",\"@id\":\"https:\/\/shop.pyrasied.com\/nl\/product\/hard-pvc\/#primaryimage\",\"url\":\"https:\/\/shop.pyrasied.com\/wp-content\/uploads\/2025\/07\/AF-DSC_5107.jpg\",\"contentUrl\":\"https:\/\/shop.pyrasied.com\/wp-content\/uploads\/2025\/07\/AF-DSC_5107.jpg\",\"width\":1000,\"height\":1000,\"caption\":\"Hard PVC in de magazijn\"},{\"@type\":\"BreadcrumbList\",\"@id\":\"https:\/\/shop.pyrasied.com\/nl\/product\/hard-pvc\/#breadcrumb\",\"itemListElement\":[{\"@type\":\"ListItem\",\"position\":1,\"name\":\"Home\",\"item\":\"https:\/\/shop.pyrasied.com\/nl\/\"},{\"@type\":\"ListItem\",\"position\":2,\"name\":\"Materialen\",\"item\":\"https:\/\/shop.pyrasied.com\/nl\/materialen\/\"},{\"@type\":\"ListItem\",\"position\":3,\"name\":\"Technische kunststoffen\",\"item\":\"http:\/\/shop.pyrasied.com\/nl\/materialen\/technische-kunststoffen\/\"},{\"@type\":\"ListItem\",\"position\":4,\"name\":\"Hard PVC\"}]},{\"@type\":\"WebSite\",\"@id\":\"https:\/\/shop.pyrasied.com\/de\/#website\",\"url\":\"https:\/\/shop.pyrasied.com\/de\/\",\"name\":\"Pyrasied\",\"description\":\"Uit liefde voor materiaal\",\"publisher\":{\"@id\":\"https:\/\/shop.pyrasied.com\/de\/#organization\"},\"potentialAction\":[{\"@type\":\"SearchAction\",\"target\":{\"@type\":\"EntryPoint\",\"urlTemplate\":\"https:\/\/shop.pyrasied.com\/de\/?s={search_term_string}\"},\"query-input\":{\"@type\":\"PropertyValueSpecification\",\"valueRequired\":true,\"valueName\":\"search_term_string\"}}],\"inLanguage\":\"de\"},{\"@type\":\"Organization\",\"@id\":\"https:\/\/shop.pyrasied.com\/de\/#organization\",\"name\":\"Pyrasied\",\"url\":\"https:\/\/shop.pyrasied.com\/de\/\",\"logo\":{\"@type\":\"ImageObject\",\"inLanguage\":\"de\",\"@id\":\"https:\/\/shop.pyrasied.com\/de\/#\/schema\/logo\/image\/\",\"url\":\"https:\/\/shop.pyrasied.com\/wp-content\/uploads\/2025\/06\/pyrasied.jpg\",\"contentUrl\":\"https:\/\/shop.pyrasied.com\/wp-content\/uploads\/2025\/06\/pyrasied.jpg\",\"width\":1200,\"height\":630,\"caption\":\"Pyrasied\"},\"image\":{\"@id\":\"https:\/\/shop.pyrasied.com\/de\/#\/schema\/logo\/image\/\"},\"sameAs\":[\"https:\/\/www.facebook.com\/Pyrasied\/\",\"https:\/\/www.instagram.com\/pyrasied\/\"]}]}<\/script>\n<!-- \/ Yoast SEO plugin. -->","yoast_head_json":{"title":"Hart-PVC | Pyrasied","description":"Starkes und vielseitiges Hart-PVC f\u00fcr industrielle Anwendungen, technische Strukturen, Displays, Geh\u00e4use und dauerhafte Innen- und Au\u00dfenanwendungen.","robots":{"index":"index","follow":"follow","max-snippet":"max-snippet:-1","max-image-preview":"max-image-preview:large","max-video-preview":"max-video-preview:-1"},"canonical":"https:\/\/shop.pyrasied.com\/de\/produkt\/hart-pvc\/","og_locale":"de_DE","og_type":"article","og_title":"Hard PVC | Pyrasied","og_description":"Sterk en veelzijdig Hard PVC voor industri\u00eble toepassingen, technische constructies, displays, behuizingen en duurzame interieur- of buitentoepassingen.","og_url":"https:\/\/shop.pyrasied.com\/de\/produkt\/hart-pvc\/","og_site_name":"Pyrasied","article_publisher":"https:\/\/www.facebook.com\/Pyrasied\/","article_modified_time":"2026-03-30T12:31:57+00:00","og_image":[{"width":1000,"height":1000,"url":"https:\/\/shop.pyrasied.com\/wp-content\/uploads\/2025\/07\/AF-DSC_5107.jpg","type":"image\/jpeg"}],"twitter_card":"summary_large_image","twitter_misc":{"Gesch\u00e4tzte Lesezeit":"2\u00a0Minuten"},"schema":{"@context":"https:\/\/schema.org","@graph":[{"@type":"WebPage","@id":"https:\/\/shop.pyrasied.com\/nl\/product\/hard-pvc\/","url":"https:\/\/shop.pyrasied.com\/nl\/product\/hard-pvc\/","name":"Hart-PVC | Pyrasied","isPartOf":{"@id":"https:\/\/shop.pyrasied.com\/de\/#website"},"primaryImageOfPage":{"@id":"https:\/\/shop.pyrasied.com\/nl\/product\/hard-pvc\/#primaryimage"},"image":{"@id":"https:\/\/shop.pyrasied.com\/nl\/product\/hard-pvc\/#primaryimage"},"thumbnailUrl":"https:\/\/shop.pyrasied.com\/wp-content\/uploads\/2025\/07\/AF-DSC_5107.jpg","datePublished":"2025-07-25T12:45:02+00:00","dateModified":"2026-03-30T12:31:57+00:00","description":"Starkes und vielseitiges Hart-PVC f\u00fcr industrielle Anwendungen, technische Strukturen, Displays, Geh\u00e4use und dauerhafte Innen- und Au\u00dfenanwendungen.","breadcrumb":{"@id":"https:\/\/shop.pyrasied.com\/nl\/product\/hard-pvc\/#breadcrumb"},"inLanguage":"de","potentialAction":[{"@type":"ReadAction","target":["https:\/\/shop.pyrasied.com\/nl\/product\/hard-pvc\/"]}]},{"@type":"ImageObject","inLanguage":"de","@id":"https:\/\/shop.pyrasied.com\/nl\/product\/hard-pvc\/#primaryimage","url":"https:\/\/shop.pyrasied.com\/wp-content\/uploads\/2025\/07\/AF-DSC_5107.jpg","contentUrl":"https:\/\/shop.pyrasied.com\/wp-content\/uploads\/2025\/07\/AF-DSC_5107.jpg","width":1000,"height":1000,"caption":"Hard PVC in de magazijn"},{"@type":"BreadcrumbList","@id":"https:\/\/shop.pyrasied.com\/nl\/product\/hard-pvc\/#breadcrumb","itemListElement":[{"@type":"ListItem","position":1,"name":"Home","item":"https:\/\/shop.pyrasied.com\/nl\/"},{"@type":"ListItem","position":2,"name":"Materialen","item":"https:\/\/shop.pyrasied.com\/nl\/materialen\/"},{"@type":"ListItem","position":3,"name":"Technische kunststoffen","item":"http:\/\/shop.pyrasied.com\/nl\/materialen\/technische-kunststoffen\/"},{"@type":"ListItem","position":4,"name":"Hard PVC"}]},{"@type":"WebSite","@id":"https:\/\/shop.pyrasied.com\/de\/#website","url":"https:\/\/shop.pyrasied.com\/de\/","name":"Pyrasied","description":"Aus Liebe zum Material","publisher":{"@id":"https:\/\/shop.pyrasied.com\/de\/#organization"},"potentialAction":[{"@type":"SearchAction","target":{"@type":"EntryPoint","urlTemplate":"https:\/\/shop.pyrasied.com\/de\/?s={search_term_string}"},"query-input":{"@type":"PropertyValueSpecification","valueRequired":true,"valueName":"search_term_string"}}],"inLanguage":"de"},{"@type":"Organization","@id":"https:\/\/shop.pyrasied.com\/de\/#organization","name":"Pyrasied","url":"https:\/\/shop.pyrasied.com\/de\/","logo":{"@type":"ImageObject","inLanguage":"de","@id":"https:\/\/shop.pyrasied.com\/de\/#\/schema\/logo\/image\/","url":"https:\/\/shop.pyrasied.com\/wp-content\/uploads\/2025\/06\/pyrasied.jpg","contentUrl":"https:\/\/shop.pyrasied.com\/wp-content\/uploads\/2025\/06\/pyrasied.jpg","width":1200,"height":630,"caption":"Pyrasied"},"image":{"@id":"https:\/\/shop.pyrasied.com\/de\/#\/schema\/logo\/image\/"},"sameAs":["https:\/\/www.facebook.com\/Pyrasied\/","https:\/\/www.instagram.com\/pyrasied\/"]}]}},"_links":{"self":[{"href":"https:\/\/shop.pyrasied.com\/de\/wp-json\/wp\/v2\/product\/13849","targetHints":{"allow":["GET"]}}],"collection":[{"href":"https:\/\/shop.pyrasied.com\/de\/wp-json\/wp\/v2\/product"}],"about":[{"href":"https:\/\/shop.pyrasied.com\/de\/wp-json\/wp\/v2\/types\/product"}],"wp:featuredmedia":[{"embeddable":true,"href":"https:\/\/shop.pyrasied.com\/de\/wp-json\/wp\/v2\/media\/14050"}],"wp:attachment":[{"href":"https:\/\/shop.pyrasied.com\/de\/wp-json\/wp\/v2\/media?parent=13849"}],"wp:term":[{"taxonomy":"product_brand","embeddable":true,"href":"https:\/\/shop.pyrasied.com\/de\/wp-json\/wp\/v2\/product_brand?post=13849"},{"taxonomy":"product_cat","embeddable":true,"href":"https:\/\/shop.pyrasied.com\/de\/wp-json\/wp\/v2\/product_cat?post=13849"},{"taxonomy":"product_tag","embeddable":true,"href":"https:\/\/shop.pyrasied.com\/de\/wp-json\/wp\/v2\/product_tag?post=13849"}],"curies":[{"name":"wp","href":"https:\/\/api.w.org\/{rel}","templated":true}]}}