{"id":13791,"date":"2025-07-25T12:42:46","date_gmt":"2025-07-25T12:42:46","guid":{"rendered":"https:\/\/pyrasiedshop.nl\/product\/alupanel\/"},"modified":"2026-03-30T12:31:45","modified_gmt":"2026-03-30T12:31:45","slug":"alupanel","status":"publish","type":"product","link":"https:\/\/shop.pyrasied.com\/de\/produkt\/alupanel\/","title":{"rendered":"Alupanel"},"content":{"rendered":"<p>Alupanel, ook wel bekend als Dibond en ACP, is een hoogwaardig aluminium composietmateriaal, bestaande uit twee dunne aluminium toplagen met daartussen een zwarte kunststof kern. Het resultaat: een stijve, vormvaste en toch lichte plaat die perfect is voor binnen- en buitentoepassingen. Dit materiaal is bijzonder geschikt voor reclameborden, gevelbekleding, displays, signing en interieurtoepassingen. Het materiaal is UV-bestendig, weerbestendig en heeft een luxe uitstraling dankzij het gladde, egale oppervlak.<\/p>\n<h2>Aanbod van Alupanel bij Pyrasied<\/h2>\n<p>Pyrasied liefert Alupanel in einer Vielzahl von Farben, Ausf\u00fchrungen und Gr\u00f6\u00dfen. Ob Sie sich f\u00fcr eine unifarbene, geb\u00fcrstete Aluminiumoptik oder eine matte Variante entscheiden, es bietet ein elegantes und professionelles Finish f\u00fcr jedes Projekt.<\/p>\n<p>Op zoek naar technische kunststoffen tegen een scherpe prijs? Neem dan een kijkje in onze <a href=\"https:\/\/shop.pyrasied.com\/de\/produkt\/technische-kunststoffe-outlet\/\">Technische Kunststoffen outlet.<\/a><\/p>\n<h3>Verarbeitungsm\u00f6glichkeiten<\/h3>\n<p>Het materiaal kan eenvoudig worden bewerkt door middel van zagen, frezen, buigen en lijmen.<\/p>\n<h3>Anwendungen<\/h3>\n<p><strong>Industrieel en technisch:<\/strong> Machineonderdelen, beschermschermen en andere toepassingen waarbij stijfheid vereist is.<\/p>\n<p><strong>Reclame en signalisatie: <\/strong>Reclameborden, displays, standbouw, belettering en fotomontages.<\/p>\n<p><strong>Bouw en gevel:<\/strong> Gevelbekleding voor buiten, dakkapellen, boeiboorden en gevelreclame.<\/p>\n<p><strong>Interieur en decoratie:<\/strong> Keukenachterwanden, wandbekleding, interieurdesign en badkamerpanelen.<\/p>\n<p>&nbsp;<\/p>","protected":false},"excerpt":{"rendered":"<p>Alupanel, ook wel bekend als Dibond en ACP, is een hoogwaardig aluminium composietmateriaal, bestaande uit twee dunne aluminium toplagen met daartussen een zwarte kunststof kern. Het resultaat: een stijve, vormvaste en toch lichte plaat die perfect is voor binnen- en buitentoepassingen. Dit materiaal is bijzonder geschikt voor reclameborden, gevelbekleding, displays, signing en interieurtoepassingen. Het materiaal [&hellip;]<\/p>","protected":false},"featured_media":14034,"template":"","meta":{"_acf_changed":false},"product_brand":[],"product_cat":[682],"product_tag":[1773,1772,1771],"class_list":{"0":"post-13791","1":"product","2":"type-product","3":"status-publish","4":"has-post-thumbnail","6":"product_cat-technische-kunststoffen","7":"product_tag-acp","8":"product_tag-aluminium-composiet-panelen","9":"product_tag-dibond","11":"first","12":"instock","13":"taxable","14":"shipping-taxable","15":"purchasable","16":"product-type-variable"},"acf":[],"yoast_head":"<!-- This site is optimized with the Yoast SEO plugin v26.0 - https:\/\/yoast.com\/wordpress\/plugins\/seo\/ -->\n<title>Alupanel | Pyrasied<\/title>\n<meta name=\"description\" content=\"Alupanel: Licht, stijf en duurzaam aluminium composietmateriaal met glad oppervlak, ideaal voor gevels, reclameborden, displays en interieurprojecten.\" \/>\n<meta name=\"robots\" content=\"index, follow, max-snippet:-1, max-image-preview:large, max-video-preview:-1\" \/>\n<link rel=\"canonical\" href=\"http:\/\/shop.pyrasied.com\/de\/produkt\/alupanel\/\" \/>\n<meta property=\"og:locale\" content=\"de_DE\" \/>\n<meta property=\"og:type\" content=\"article\" \/>\n<meta property=\"og:title\" content=\"Alupanel | Pyrasied\" \/>\n<meta property=\"og:description\" content=\"Alupanel: Licht, stijf en duurzaam aluminium composietmateriaal met glad oppervlak, ideaal voor gevels, reclameborden, displays en interieurprojecten.\" \/>\n<meta property=\"og:url\" content=\"http:\/\/shop.pyrasied.com\/de\/produkt\/alupanel\/\" \/>\n<meta property=\"og:site_name\" content=\"Pyrasied\" \/>\n<meta property=\"article:publisher\" content=\"https:\/\/www.facebook.com\/Pyrasied\/\" \/>\n<meta property=\"article:modified_time\" content=\"2026-03-30T12:31:45+00:00\" \/>\n<meta property=\"og:image\" content=\"https:\/\/shop.pyrasied.com\/wp-content\/uploads\/2025\/07\/AF-dibond-alupanel.jpg\" \/>\n\t<meta property=\"og:image:width\" content=\"1000\" \/>\n\t<meta property=\"og:image:height\" content=\"1000\" \/>\n\t<meta property=\"og:image:type\" content=\"image\/jpeg\" \/>\n<meta name=\"twitter:card\" content=\"summary_large_image\" \/>\n<meta name=\"twitter:label1\" content=\"Gesch\u00e4tzte Lesezeit\" \/>\n\t<meta name=\"twitter:data1\" content=\"2\u00a0Minuten\" \/>\n<script type=\"application\/ld+json\" class=\"yoast-schema-graph\">{\"@context\":\"https:\/\/schema.org\",\"@graph\":[{\"@type\":\"WebPage\",\"@id\":\"http:\/\/shop.pyrasied.com\/nl\/product\/alupanel\/\",\"url\":\"http:\/\/shop.pyrasied.com\/nl\/product\/alupanel\/\",\"name\":\"Alupanel | Pyrasied\",\"isPartOf\":{\"@id\":\"https:\/\/shop.pyrasied.com\/de\/#website\"},\"primaryImageOfPage\":{\"@id\":\"http:\/\/shop.pyrasied.com\/nl\/product\/alupanel\/#primaryimage\"},\"image\":{\"@id\":\"http:\/\/shop.pyrasied.com\/nl\/product\/alupanel\/#primaryimage\"},\"thumbnailUrl\":\"https:\/\/shop.pyrasied.com\/wp-content\/uploads\/2025\/07\/AF-dibond-alupanel.jpg\",\"datePublished\":\"2025-07-25T12:42:46+00:00\",\"dateModified\":\"2026-03-30T12:31:45+00:00\",\"description\":\"Alupanel: Licht, stijf en duurzaam aluminium composietmateriaal met glad oppervlak, ideaal voor gevels, reclameborden, displays en interieurprojecten.\",\"breadcrumb\":{\"@id\":\"http:\/\/shop.pyrasied.com\/nl\/product\/alupanel\/#breadcrumb\"},\"inLanguage\":\"de\",\"potentialAction\":[{\"@type\":\"ReadAction\",\"target\":[\"http:\/\/shop.pyrasied.com\/nl\/product\/alupanel\/\"]}]},{\"@type\":\"ImageObject\",\"inLanguage\":\"de\",\"@id\":\"http:\/\/shop.pyrasied.com\/nl\/product\/alupanel\/#primaryimage\",\"url\":\"https:\/\/shop.pyrasied.com\/wp-content\/uploads\/2025\/07\/AF-dibond-alupanel.jpg\",\"contentUrl\":\"https:\/\/shop.pyrasied.com\/wp-content\/uploads\/2025\/07\/AF-dibond-alupanel.jpg\",\"width\":1000,\"height\":1000,\"caption\":\"Alupanel materialen\"},{\"@type\":\"BreadcrumbList\",\"@id\":\"http:\/\/shop.pyrasied.com\/nl\/product\/alupanel\/#breadcrumb\",\"itemListElement\":[{\"@type\":\"ListItem\",\"position\":1,\"name\":\"Home\",\"item\":\"https:\/\/shop.pyrasied.com\/nl\/\"},{\"@type\":\"ListItem\",\"position\":2,\"name\":\"Materialen\",\"item\":\"https:\/\/shop.pyrasied.com\/nl\/materialen\/\"},{\"@type\":\"ListItem\",\"position\":3,\"name\":\"Technische kunststoffen\",\"item\":\"http:\/\/shop.pyrasied.com\/nl\/materialen\/technische-kunststoffen\/\"},{\"@type\":\"ListItem\",\"position\":4,\"name\":\"Alupanel\"}]},{\"@type\":\"WebSite\",\"@id\":\"https:\/\/shop.pyrasied.com\/de\/#website\",\"url\":\"https:\/\/shop.pyrasied.com\/de\/\",\"name\":\"Pyrasied\",\"description\":\"Uit liefde voor materiaal\",\"publisher\":{\"@id\":\"https:\/\/shop.pyrasied.com\/de\/#organization\"},\"potentialAction\":[{\"@type\":\"SearchAction\",\"target\":{\"@type\":\"EntryPoint\",\"urlTemplate\":\"https:\/\/shop.pyrasied.com\/de\/?s={search_term_string}\"},\"query-input\":{\"@type\":\"PropertyValueSpecification\",\"valueRequired\":true,\"valueName\":\"search_term_string\"}}],\"inLanguage\":\"de\"},{\"@type\":\"Organization\",\"@id\":\"https:\/\/shop.pyrasied.com\/de\/#organization\",\"name\":\"Pyrasied\",\"url\":\"https:\/\/shop.pyrasied.com\/de\/\",\"logo\":{\"@type\":\"ImageObject\",\"inLanguage\":\"de\",\"@id\":\"https:\/\/shop.pyrasied.com\/de\/#\/schema\/logo\/image\/\",\"url\":\"https:\/\/shop.pyrasied.com\/wp-content\/uploads\/2025\/06\/pyrasied.jpg\",\"contentUrl\":\"https:\/\/shop.pyrasied.com\/wp-content\/uploads\/2025\/06\/pyrasied.jpg\",\"width\":1200,\"height\":630,\"caption\":\"Pyrasied\"},\"image\":{\"@id\":\"https:\/\/shop.pyrasied.com\/de\/#\/schema\/logo\/image\/\"},\"sameAs\":[\"https:\/\/www.facebook.com\/Pyrasied\/\",\"https:\/\/www.instagram.com\/pyrasied\/\"]}]}<\/script>\n<!-- \/ Yoast SEO plugin. -->","yoast_head_json":{"title":"Alupanel | Pyrasied","description":"Alupanel: Leichtes, steifes und haltbares Aluminium-Verbundmaterial mit glatter Oberfl\u00e4che, ideal f\u00fcr Fassaden, Werbetafeln, Displays und Innenraumprojekte.","robots":{"index":"index","follow":"follow","max-snippet":"max-snippet:-1","max-image-preview":"max-image-preview:large","max-video-preview":"max-video-preview:-1"},"canonical":"http:\/\/shop.pyrasied.com\/de\/produkt\/alupanel\/","og_locale":"de_DE","og_type":"article","og_title":"Alupanel | Pyrasied","og_description":"Alupanel: Licht, stijf en duurzaam aluminium composietmateriaal met glad oppervlak, ideaal voor gevels, reclameborden, displays en interieurprojecten.","og_url":"http:\/\/shop.pyrasied.com\/de\/produkt\/alupanel\/","og_site_name":"Pyrasied","article_publisher":"https:\/\/www.facebook.com\/Pyrasied\/","article_modified_time":"2026-03-30T12:31:45+00:00","og_image":[{"width":1000,"height":1000,"url":"https:\/\/shop.pyrasied.com\/wp-content\/uploads\/2025\/07\/AF-dibond-alupanel.jpg","type":"image\/jpeg"}],"twitter_card":"summary_large_image","twitter_misc":{"Gesch\u00e4tzte Lesezeit":"2\u00a0Minuten"},"schema":{"@context":"https:\/\/schema.org","@graph":[{"@type":"WebPage","@id":"http:\/\/shop.pyrasied.com\/nl\/product\/alupanel\/","url":"http:\/\/shop.pyrasied.com\/nl\/product\/alupanel\/","name":"Alupanel | Pyrasied","isPartOf":{"@id":"https:\/\/shop.pyrasied.com\/de\/#website"},"primaryImageOfPage":{"@id":"http:\/\/shop.pyrasied.com\/nl\/product\/alupanel\/#primaryimage"},"image":{"@id":"http:\/\/shop.pyrasied.com\/nl\/product\/alupanel\/#primaryimage"},"thumbnailUrl":"https:\/\/shop.pyrasied.com\/wp-content\/uploads\/2025\/07\/AF-dibond-alupanel.jpg","datePublished":"2025-07-25T12:42:46+00:00","dateModified":"2026-03-30T12:31:45+00:00","description":"Alupanel: Leichtes, steifes und haltbares Aluminium-Verbundmaterial mit glatter Oberfl\u00e4che, ideal f\u00fcr Fassaden, Werbetafeln, Displays und Innenraumprojekte.","breadcrumb":{"@id":"http:\/\/shop.pyrasied.com\/nl\/product\/alupanel\/#breadcrumb"},"inLanguage":"de","potentialAction":[{"@type":"ReadAction","target":["http:\/\/shop.pyrasied.com\/nl\/product\/alupanel\/"]}]},{"@type":"ImageObject","inLanguage":"de","@id":"http:\/\/shop.pyrasied.com\/nl\/product\/alupanel\/#primaryimage","url":"https:\/\/shop.pyrasied.com\/wp-content\/uploads\/2025\/07\/AF-dibond-alupanel.jpg","contentUrl":"https:\/\/shop.pyrasied.com\/wp-content\/uploads\/2025\/07\/AF-dibond-alupanel.jpg","width":1000,"height":1000,"caption":"Alupanel materialen"},{"@type":"BreadcrumbList","@id":"http:\/\/shop.pyrasied.com\/nl\/product\/alupanel\/#breadcrumb","itemListElement":[{"@type":"ListItem","position":1,"name":"Home","item":"https:\/\/shop.pyrasied.com\/nl\/"},{"@type":"ListItem","position":2,"name":"Materialen","item":"https:\/\/shop.pyrasied.com\/nl\/materialen\/"},{"@type":"ListItem","position":3,"name":"Technische kunststoffen","item":"http:\/\/shop.pyrasied.com\/nl\/materialen\/technische-kunststoffen\/"},{"@type":"ListItem","position":4,"name":"Alupanel"}]},{"@type":"WebSite","@id":"https:\/\/shop.pyrasied.com\/de\/#website","url":"https:\/\/shop.pyrasied.com\/de\/","name":"Pyrasied","description":"Aus Liebe zum Material","publisher":{"@id":"https:\/\/shop.pyrasied.com\/de\/#organization"},"potentialAction":[{"@type":"SearchAction","target":{"@type":"EntryPoint","urlTemplate":"https:\/\/shop.pyrasied.com\/de\/?s={search_term_string}"},"query-input":{"@type":"PropertyValueSpecification","valueRequired":true,"valueName":"search_term_string"}}],"inLanguage":"de"},{"@type":"Organization","@id":"https:\/\/shop.pyrasied.com\/de\/#organization","name":"Pyrasied","url":"https:\/\/shop.pyrasied.com\/de\/","logo":{"@type":"ImageObject","inLanguage":"de","@id":"https:\/\/shop.pyrasied.com\/de\/#\/schema\/logo\/image\/","url":"https:\/\/shop.pyrasied.com\/wp-content\/uploads\/2025\/06\/pyrasied.jpg","contentUrl":"https:\/\/shop.pyrasied.com\/wp-content\/uploads\/2025\/06\/pyrasied.jpg","width":1200,"height":630,"caption":"Pyrasied"},"image":{"@id":"https:\/\/shop.pyrasied.com\/de\/#\/schema\/logo\/image\/"},"sameAs":["https:\/\/www.facebook.com\/Pyrasied\/","https:\/\/www.instagram.com\/pyrasied\/"]}]}},"_links":{"self":[{"href":"https:\/\/shop.pyrasied.com\/de\/wp-json\/wp\/v2\/product\/13791","targetHints":{"allow":["GET"]}}],"collection":[{"href":"https:\/\/shop.pyrasied.com\/de\/wp-json\/wp\/v2\/product"}],"about":[{"href":"https:\/\/shop.pyrasied.com\/de\/wp-json\/wp\/v2\/types\/product"}],"wp:featuredmedia":[{"embeddable":true,"href":"https:\/\/shop.pyrasied.com\/de\/wp-json\/wp\/v2\/media\/14034"}],"wp:attachment":[{"href":"https:\/\/shop.pyrasied.com\/de\/wp-json\/wp\/v2\/media?parent=13791"}],"wp:term":[{"taxonomy":"product_brand","embeddable":true,"href":"https:\/\/shop.pyrasied.com\/de\/wp-json\/wp\/v2\/product_brand?post=13791"},{"taxonomy":"product_cat","embeddable":true,"href":"https:\/\/shop.pyrasied.com\/de\/wp-json\/wp\/v2\/product_cat?post=13791"},{"taxonomy":"product_tag","embeddable":true,"href":"https:\/\/shop.pyrasied.com\/de\/wp-json\/wp\/v2\/product_tag?post=13791"}],"curies":[{"name":"wp","href":"https:\/\/api.w.org\/{rel}","templated":true}]}}