{"id":13669,"date":"2025-07-25T12:39:49","date_gmt":"2025-07-25T12:39:49","guid":{"rendered":"https:\/\/pyrasiedshop.nl\/product\/pvc-schuim\/"},"modified":"2026-03-30T12:31:05","modified_gmt":"2026-03-30T12:31:05","slug":"pvc-schaum","status":"publish","type":"product","link":"https:\/\/shop.pyrasied.com\/de\/produkt\/pvc-schaum\/","title":{"rendered":"PVC-Schaum"},"content":{"rendered":"<p>PVC-Schaumstoffplatten, auch bekannt als Schaumstoffplatten oder Schaumstoffplatten, sind leicht, stark und vielseitig. PVC-Schaum ist ein leichtes und haltbares Kunststoffplattenmaterial mit einer harten, glatten Oberschicht. Er l\u00e4sst sich leicht verarbeiten und eignet sich daher perfekt f\u00fcr visuelle Anwendungen wie Displays, Eulenschilder, Werbetafeln oder Innenausstattungen sowie f\u00fcr Au\u00dfenanwendungen.<\/p>\n<p>Pyrasied liefert wei\u00dfen PVC-Schaum direkt ab Lager in verschiedenen St\u00e4rken und Gr\u00f6\u00dfen. Ideal sowohl f\u00fcr tempor\u00e4re als auch f\u00fcr permanente Anwendungen. Dank seiner guten Dimensionsstabilit\u00e4t, Feuchtigkeitsbest\u00e4ndigkeit und Isolierf\u00e4higkeit ist dieses Material auch f\u00fcr den Au\u00dfenbereich geeignet.<\/p>\n<p>Dar\u00fcber hinaus bieten wir auch gr\u00fcne PVC-Platten an. Es handelt sich um robuste, witterungsbest\u00e4ndige Platten mit einer Dicke von 15 mm, die in 5er-Sets geliefert werden. Perfekt f\u00fcr Wandverkleidungen, Fassaden oder andere Bauprojekte mit einem sauberen, dauerhaften Finish.<\/p>\n<h2>PVC-Schaum auf Lager von Pyrasied<\/h2>\n<p>Erh\u00e4ltlich in schwarz, grau, blau, rot, gr\u00fcn, gelb und wei\u00df, in verschiedenen St\u00e4rken. Einfach \u00fcber den Pyrasied-Webshop zu bestellen.<\/p>\n<p>Ein umfangreiches Sortiment finden Sie auch in unserem Shop <a href=\"https:\/\/shop.pyrasied.com\/de\/materialien\/technische-kunststoffe\/\">Technische Kunststoffe<\/a>.<\/p>\n<h3>Verarbeitungsm\u00f6glichkeiten<\/h3>\n<p>PVC-Schaum ist leicht und l\u00e4sst sich gut verarbeiten. Er kann geschnitten, gefr\u00e4st und gebohrt, geklebt, lackiert und bedruckt werden und eignet sich auch f\u00fcr die Thermo- und Kaltverformung.<\/p>\n<h3>Anwendungen<\/h3>\n<p>Das Material ist vielseitig und eignet sich f\u00fcr Innen- und Au\u00dfenanwendungen:<\/p>\n<ul>\n<li><strong>Werbung und Beschilderung:<\/strong> Schilder, Displays, Beschriftungen und POS-Materialien.<\/li>\n<li><strong>Innenausstattung und Dekoration:<\/strong> Wandpaneele, Trennw\u00e4nde, M\u00f6bel und Schr\u00e4nke.<\/li>\n<li><strong>Konstruktion und Fassade:<\/strong> Fassadenverkleidungen, Dachrinnen und leichte Fassadenplatten.<\/li>\n<li><strong>Industriell und technisch:<\/strong> Maschinenverkleidungen, Schutzbleche und Schutzplatten.<\/li>\n<\/ul>","protected":false},"excerpt":{"rendered":"<p>PVC-Schaumstoffplatten, auch bekannt als Schaumstoffplatten oder Schaumstoffplatten, sind leicht, stark und vielseitig. PVC-Schaum ist ein leichtes und haltbares Kunststoffplattenmaterial mit einer harten, glatten Oberschicht. Er l\u00e4sst sich leicht verarbeiten und eignet sich daher perfekt f\u00fcr visuelle Anwendungen wie Displays, Eulenschilder, Werbetafeln oder Innenausstattungen auch f\u00fcr Au\u00dfenanwendungen. Pyrasied liefert wei\u00dfen PVC-Schaum direkt ab Lager, in [...]<\/p>","protected":false},"featured_media":14031,"template":"","meta":{"_acf_changed":false},"product_brand":[],"product_cat":[682],"product_tag":[],"class_list":{"0":"post-13669","1":"product","2":"type-product","3":"status-publish","4":"has-post-thumbnail","6":"product_cat-technische-kunststoffen","8":"first","9":"instock","10":"taxable","11":"shipping-taxable","12":"purchasable","13":"product-type-variable"},"acf":[],"yoast_head":"<!-- This site is optimized with the Yoast SEO plugin v26.0 - https:\/\/yoast.com\/wordpress\/plugins\/seo\/ -->\n<title>PVC schuim | Pyrasied<\/title>\n<meta name=\"description\" content=\"PVC schuim: licht, sterk en veelzijdig kunststofmateriaal, perfect voor displays, reclamepanelen, interieurafwerking en buitentoepassingen.\" \/>\n<meta name=\"robots\" content=\"index, follow, max-snippet:-1, max-image-preview:large, max-video-preview:-1\" \/>\n<link rel=\"canonical\" href=\"http:\/\/shop.pyrasied.com\/de\/produkt\/pvc-schaum\/\" \/>\n<meta property=\"og:locale\" content=\"de_DE\" \/>\n<meta property=\"og:type\" content=\"article\" \/>\n<meta property=\"og:title\" content=\"PVC schuim | Pyrasied\" \/>\n<meta property=\"og:description\" content=\"PVC schuim: licht, sterk en veelzijdig kunststofmateriaal, perfect voor displays, reclamepanelen, interieurafwerking en buitentoepassingen.\" \/>\n<meta property=\"og:url\" content=\"http:\/\/shop.pyrasied.com\/de\/produkt\/pvc-schaum\/\" \/>\n<meta property=\"og:site_name\" content=\"Pyrasied\" \/>\n<meta property=\"article:publisher\" content=\"https:\/\/www.facebook.com\/Pyrasied\/\" \/>\n<meta property=\"article:modified_time\" content=\"2026-03-30T12:31:05+00:00\" \/>\n<meta property=\"og:image\" content=\"https:\/\/shop.pyrasied.com\/wp-content\/uploads\/2025\/07\/PVC-schuim-productfoto.jpg\" \/>\n\t<meta property=\"og:image:width\" content=\"1000\" \/>\n\t<meta property=\"og:image:height\" content=\"1000\" \/>\n\t<meta property=\"og:image:type\" content=\"image\/jpeg\" \/>\n<meta name=\"twitter:card\" content=\"summary_large_image\" \/>\n<meta name=\"twitter:label1\" content=\"Gesch\u00e4tzte Lesezeit\" \/>\n\t<meta name=\"twitter:data1\" content=\"2\u00a0Minuten\" \/>\n<script type=\"application\/ld+json\" class=\"yoast-schema-graph\">{\"@context\":\"https:\/\/schema.org\",\"@graph\":[{\"@type\":\"WebPage\",\"@id\":\"http:\/\/shop.pyrasied.com\/nl\/product\/pvc-schuim\/\",\"url\":\"http:\/\/shop.pyrasied.com\/nl\/product\/pvc-schuim\/\",\"name\":\"PVC schuim | Pyrasied\",\"isPartOf\":{\"@id\":\"https:\/\/shop.pyrasied.com\/de\/#website\"},\"primaryImageOfPage\":{\"@id\":\"http:\/\/shop.pyrasied.com\/nl\/product\/pvc-schuim\/#primaryimage\"},\"image\":{\"@id\":\"http:\/\/shop.pyrasied.com\/nl\/product\/pvc-schuim\/#primaryimage\"},\"thumbnailUrl\":\"https:\/\/shop.pyrasied.com\/wp-content\/uploads\/2025\/07\/PVC-schuim-productfoto.jpg\",\"datePublished\":\"2025-07-25T12:39:49+00:00\",\"dateModified\":\"2026-03-30T12:31:05+00:00\",\"description\":\"PVC schuim: licht, sterk en veelzijdig kunststofmateriaal, perfect voor displays, reclamepanelen, interieurafwerking en buitentoepassingen.\",\"breadcrumb\":{\"@id\":\"http:\/\/shop.pyrasied.com\/nl\/product\/pvc-schuim\/#breadcrumb\"},\"inLanguage\":\"de\",\"potentialAction\":[{\"@type\":\"ReadAction\",\"target\":[\"http:\/\/shop.pyrasied.com\/nl\/product\/pvc-schuim\/\"]}]},{\"@type\":\"ImageObject\",\"inLanguage\":\"de\",\"@id\":\"http:\/\/shop.pyrasied.com\/nl\/product\/pvc-schuim\/#primaryimage\",\"url\":\"https:\/\/shop.pyrasied.com\/wp-content\/uploads\/2025\/07\/PVC-schuim-productfoto.jpg\",\"contentUrl\":\"https:\/\/shop.pyrasied.com\/wp-content\/uploads\/2025\/07\/PVC-schuim-productfoto.jpg\",\"width\":1000,\"height\":1000,\"caption\":\"PVC schuim\"},{\"@type\":\"BreadcrumbList\",\"@id\":\"http:\/\/shop.pyrasied.com\/nl\/product\/pvc-schuim\/#breadcrumb\",\"itemListElement\":[{\"@type\":\"ListItem\",\"position\":1,\"name\":\"Home\",\"item\":\"https:\/\/shop.pyrasied.com\/nl\/\"},{\"@type\":\"ListItem\",\"position\":2,\"name\":\"Materialen\",\"item\":\"https:\/\/shop.pyrasied.com\/nl\/materialen\/\"},{\"@type\":\"ListItem\",\"position\":3,\"name\":\"Technische kunststoffen\",\"item\":\"http:\/\/shop.pyrasied.com\/nl\/materialen\/technische-kunststoffen\/\"},{\"@type\":\"ListItem\",\"position\":4,\"name\":\"PVC schuim\"}]},{\"@type\":\"WebSite\",\"@id\":\"https:\/\/shop.pyrasied.com\/de\/#website\",\"url\":\"https:\/\/shop.pyrasied.com\/de\/\",\"name\":\"Pyrasied\",\"description\":\"Uit liefde voor materiaal\",\"publisher\":{\"@id\":\"https:\/\/shop.pyrasied.com\/de\/#organization\"},\"potentialAction\":[{\"@type\":\"SearchAction\",\"target\":{\"@type\":\"EntryPoint\",\"urlTemplate\":\"https:\/\/shop.pyrasied.com\/de\/?s={search_term_string}\"},\"query-input\":{\"@type\":\"PropertyValueSpecification\",\"valueRequired\":true,\"valueName\":\"search_term_string\"}}],\"inLanguage\":\"de\"},{\"@type\":\"Organization\",\"@id\":\"https:\/\/shop.pyrasied.com\/de\/#organization\",\"name\":\"Pyrasied\",\"url\":\"https:\/\/shop.pyrasied.com\/de\/\",\"logo\":{\"@type\":\"ImageObject\",\"inLanguage\":\"de\",\"@id\":\"https:\/\/shop.pyrasied.com\/de\/#\/schema\/logo\/image\/\",\"url\":\"https:\/\/shop.pyrasied.com\/wp-content\/uploads\/2025\/06\/pyrasied.jpg\",\"contentUrl\":\"https:\/\/shop.pyrasied.com\/wp-content\/uploads\/2025\/06\/pyrasied.jpg\",\"width\":1200,\"height\":630,\"caption\":\"Pyrasied\"},\"image\":{\"@id\":\"https:\/\/shop.pyrasied.com\/de\/#\/schema\/logo\/image\/\"},\"sameAs\":[\"https:\/\/www.facebook.com\/Pyrasied\/\",\"https:\/\/www.instagram.com\/pyrasied\/\"]}]}<\/script>\n<!-- \/ Yoast SEO plugin. -->","yoast_head_json":{"title":"PVC-Schaum | Pyrasied","description":"PVC-Schaum: leichtes, starkes und vielseitiges Kunststoffmaterial, das sich perfekt f\u00fcr Displays, Werbetafeln, Innenausbau und Au\u00dfenanwendungen eignet.","robots":{"index":"index","follow":"follow","max-snippet":"max-snippet:-1","max-image-preview":"max-image-preview:large","max-video-preview":"max-video-preview:-1"},"canonical":"http:\/\/shop.pyrasied.com\/de\/produkt\/pvc-schaum\/","og_locale":"de_DE","og_type":"article","og_title":"PVC schuim | Pyrasied","og_description":"PVC schuim: licht, sterk en veelzijdig kunststofmateriaal, perfect voor displays, reclamepanelen, interieurafwerking en buitentoepassingen.","og_url":"http:\/\/shop.pyrasied.com\/de\/produkt\/pvc-schaum\/","og_site_name":"Pyrasied","article_publisher":"https:\/\/www.facebook.com\/Pyrasied\/","article_modified_time":"2026-03-30T12:31:05+00:00","og_image":[{"width":1000,"height":1000,"url":"https:\/\/shop.pyrasied.com\/wp-content\/uploads\/2025\/07\/PVC-schuim-productfoto.jpg","type":"image\/jpeg"}],"twitter_card":"summary_large_image","twitter_misc":{"Gesch\u00e4tzte Lesezeit":"2\u00a0Minuten"},"schema":{"@context":"https:\/\/schema.org","@graph":[{"@type":"WebPage","@id":"http:\/\/shop.pyrasied.com\/nl\/product\/pvc-schuim\/","url":"http:\/\/shop.pyrasied.com\/nl\/product\/pvc-schuim\/","name":"PVC-Schaum | Pyrasied","isPartOf":{"@id":"https:\/\/shop.pyrasied.com\/de\/#website"},"primaryImageOfPage":{"@id":"http:\/\/shop.pyrasied.com\/nl\/product\/pvc-schuim\/#primaryimage"},"image":{"@id":"http:\/\/shop.pyrasied.com\/nl\/product\/pvc-schuim\/#primaryimage"},"thumbnailUrl":"https:\/\/shop.pyrasied.com\/wp-content\/uploads\/2025\/07\/PVC-schuim-productfoto.jpg","datePublished":"2025-07-25T12:39:49+00:00","dateModified":"2026-03-30T12:31:05+00:00","description":"PVC-Schaum: leichtes, starkes und vielseitiges Kunststoffmaterial, das sich perfekt f\u00fcr Displays, Werbetafeln, Innenausbau und Au\u00dfenanwendungen eignet.","breadcrumb":{"@id":"http:\/\/shop.pyrasied.com\/nl\/product\/pvc-schuim\/#breadcrumb"},"inLanguage":"de","potentialAction":[{"@type":"ReadAction","target":["http:\/\/shop.pyrasied.com\/nl\/product\/pvc-schuim\/"]}]},{"@type":"ImageObject","inLanguage":"de","@id":"http:\/\/shop.pyrasied.com\/nl\/product\/pvc-schuim\/#primaryimage","url":"https:\/\/shop.pyrasied.com\/wp-content\/uploads\/2025\/07\/PVC-schuim-productfoto.jpg","contentUrl":"https:\/\/shop.pyrasied.com\/wp-content\/uploads\/2025\/07\/PVC-schuim-productfoto.jpg","width":1000,"height":1000,"caption":"PVC schuim"},{"@type":"BreadcrumbList","@id":"http:\/\/shop.pyrasied.com\/nl\/product\/pvc-schuim\/#breadcrumb","itemListElement":[{"@type":"ListItem","position":1,"name":"Home","item":"https:\/\/shop.pyrasied.com\/nl\/"},{"@type":"ListItem","position":2,"name":"Materialen","item":"https:\/\/shop.pyrasied.com\/nl\/materialen\/"},{"@type":"ListItem","position":3,"name":"Technische kunststoffen","item":"http:\/\/shop.pyrasied.com\/nl\/materialen\/technische-kunststoffen\/"},{"@type":"ListItem","position":4,"name":"PVC schuim"}]},{"@type":"WebSite","@id":"https:\/\/shop.pyrasied.com\/de\/#website","url":"https:\/\/shop.pyrasied.com\/de\/","name":"Pyrasied","description":"Aus Liebe zum Material","publisher":{"@id":"https:\/\/shop.pyrasied.com\/de\/#organization"},"potentialAction":[{"@type":"SearchAction","target":{"@type":"EntryPoint","urlTemplate":"https:\/\/shop.pyrasied.com\/de\/?s={search_term_string}"},"query-input":{"@type":"PropertyValueSpecification","valueRequired":true,"valueName":"search_term_string"}}],"inLanguage":"de"},{"@type":"Organization","@id":"https:\/\/shop.pyrasied.com\/de\/#organization","name":"Pyrasied","url":"https:\/\/shop.pyrasied.com\/de\/","logo":{"@type":"ImageObject","inLanguage":"de","@id":"https:\/\/shop.pyrasied.com\/de\/#\/schema\/logo\/image\/","url":"https:\/\/shop.pyrasied.com\/wp-content\/uploads\/2025\/06\/pyrasied.jpg","contentUrl":"https:\/\/shop.pyrasied.com\/wp-content\/uploads\/2025\/06\/pyrasied.jpg","width":1200,"height":630,"caption":"Pyrasied"},"image":{"@id":"https:\/\/shop.pyrasied.com\/de\/#\/schema\/logo\/image\/"},"sameAs":["https:\/\/www.facebook.com\/Pyrasied\/","https:\/\/www.instagram.com\/pyrasied\/"]}]}},"_links":{"self":[{"href":"https:\/\/shop.pyrasied.com\/de\/wp-json\/wp\/v2\/product\/13669","targetHints":{"allow":["GET"]}}],"collection":[{"href":"https:\/\/shop.pyrasied.com\/de\/wp-json\/wp\/v2\/product"}],"about":[{"href":"https:\/\/shop.pyrasied.com\/de\/wp-json\/wp\/v2\/types\/product"}],"wp:featuredmedia":[{"embeddable":true,"href":"https:\/\/shop.pyrasied.com\/de\/wp-json\/wp\/v2\/media\/14031"}],"wp:attachment":[{"href":"https:\/\/shop.pyrasied.com\/de\/wp-json\/wp\/v2\/media?parent=13669"}],"wp:term":[{"taxonomy":"product_brand","embeddable":true,"href":"https:\/\/shop.pyrasied.com\/de\/wp-json\/wp\/v2\/product_brand?post=13669"},{"taxonomy":"product_cat","embeddable":true,"href":"https:\/\/shop.pyrasied.com\/de\/wp-json\/wp\/v2\/product_cat?post=13669"},{"taxonomy":"product_tag","embeddable":true,"href":"https:\/\/shop.pyrasied.com\/de\/wp-json\/wp\/v2\/product_tag?post=13669"}],"curies":[{"name":"wp","href":"https:\/\/api.w.org\/{rel}","templated":true}]}}