{"id":12837,"date":"2025-07-15T14:46:20","date_gmt":"2025-07-15T14:46:20","guid":{"rendered":"https:\/\/pyrasiedshop.nl\/product\/luminit-folie\/"},"modified":"2026-03-30T12:30:39","modified_gmt":"2026-03-30T12:30:39","slug":"luminit","status":"publish","type":"product","link":"https:\/\/shop.pyrasied.com\/de\/produkt\/luminit\/","title":{"rendered":"Luminit Folie"},"content":{"rendered":"<p><strong>L\u00f6sungen f\u00fcr die Lichtgestaltung<\/strong>Luminit ist davon \u00fcberzeugt, dass sich Licht mit holografischen Optiken effizienter und pr\u00e4ziser fokussieren l\u00e4sst. Dank des Fachwissens von Luminit in den Bereichen Holografie und Photonik verlassen sich Hunderte von Hightech-Unternehmen, Display-Herstellern und Beleuchtungsdesignern auf dieses Team aus renommierten Wissenschaftlern und Ingenieuren, um effiziente und innovative Beleuchtungsl\u00f6sungen zu entwickeln.<\/p>\n<p>A <strong>Lichtformender Diffusor (LSD)<\/strong> ist eine optische Folie mit einer fortschrittlichen Mikrostruktur. Sie erm\u00f6glicht es, einen Lichtstrahl hochfokussiert und ohne Streuung zu lenken. LSD formt die Strahlen\u00f6ffnung genau nach Vorgabe, z. B. 30\u00b0 in x-Richtung und 2\u00b0 in y-Richtung.<\/p>\n<p>Diese Technologie unterst\u00fctzt Forschungs- und Entwicklungsabteilungen sowie Lichtdesigner bei der Arbeit mit punktuellen oder konzentrierten Lichtquellen. LSDs funktionieren wie optische Linsen und werden mit der strukturierten Seite zur Lichtquelle hin angebracht.<\/p>\n<p>Die Folie von Luminit l\u00e4sst je nach Betrachtungswinkel 85-92% des Lichts durch (400-1600 nm). Sie k\u00f6nnen den Abstrahlwinkel von 0,5\u00b0 bis 80\u00b0 (FWHM) mit minimalen Verlusten einstellen. Dadurch wird das Licht effizient, homogen und genau fokussiert.<\/p>\n<p>Die <strong>80\u00b0-Variante<\/strong> bietet die st\u00e4rkste Streuung und dient gleichzeitig als doppelseitige Projektionsfl\u00e4che.<\/p>\n<h2>Optionen f\u00fcr die Bearbeitung<\/h2>\n<p>Die Kollektionen von Luminit k\u00f6nnen sein <a href=\"https:\/\/pyrasied.com\/nl\/diensten\/kunststofbewerking\/kunststof-zagen\/\">siehe<\/a>, <a href=\"https:\/\/pyrasied.com\/nl\/diensten\/kunststofbewerking\/kunststof-laseren\/\">Laser<\/a>, <a href=\"https:\/\/pyrasied.com\/nl\/diensten\/kunststofbewerking\/kunststof-buigen\/\">biegen<\/a> und <a href=\"https:\/\/pyrasied.com\/nl\/diensten\/kunststofbewerking\/kunststof-boren-en-tappen\/\">bohren<\/a>.<\/p>\n<h2>Anwendungen<\/h2>\n<p>Beleuchtung: pr\u00e4zise Strahlensteuerung in Leuchten, Displays und linearer Beleuchtung.<\/p>\n<p>Displays und Projektion: Reduzierung von Hotspots und gleichm\u00e4\u00dfige Lichtverteilung.<\/p>\n<p>FuE &amp; Hightech: Pr\u00fcfung und Entwicklung von punktf\u00f6rmigen oder konzentrierten Lichtquellen.<\/p>\n<p>Doppelseitige Anwendungen: hocheffiziente Projektionstafeln oder Hintergrundbeleuchtungen.<\/p>","protected":false},"excerpt":{"rendered":"<p>Lichtformungsl\u00f6sungen: Luminit ist davon \u00fcberzeugt, dass sich Licht mit holografischen Optiken effizienter und genauer fokussieren l\u00e4sst. Dank des Fachwissens von Luminit in den Bereichen Holografie und Photonik verlassen sich Hunderte von Hightech-Unternehmen, Display-Herstellern und Beleuchtungsdesignern auf dieses Team aus renommierten Wissenschaftlern und Ingenieuren, um effiziente und innovative Lichtformungsl\u00f6sungen zu entwickeln. Ein Light Shaping Diffuser (LSD) ist ein optischer Film mit [...]<\/p>","protected":false},"featured_media":13432,"template":"","meta":{"_acf_changed":false},"product_brand":[],"product_cat":[34],"product_tag":[],"class_list":{"0":"post-12837","1":"product","2":"type-product","3":"status-publish","4":"has-post-thumbnail","6":"product_cat-lichtdiffusers","8":"first","9":"instock","10":"taxable","11":"shipping-taxable","12":"purchasable","13":"product-type-variable"},"acf":[],"yoast_head":"<!-- This site is optimized with the Yoast SEO plugin v26.0 - https:\/\/yoast.com\/wordpress\/plugins\/seo\/ -->\n<title>Luminit folie | Pyrasied<\/title>\n<meta name=\"description\" content=\"Luminit Light Shaping Diffusers sturen licht nauwkeurig met hoge transmissie en minimale verliezen, ideaal voor R&amp;D, displays en verlichtingsontwerp.\" \/>\n<meta name=\"robots\" content=\"index, follow, max-snippet:-1, max-image-preview:large, max-video-preview:-1\" \/>\n<link rel=\"canonical\" href=\"http:\/\/shop.pyrasied.com\/de\/produkt\/luminit\/\" \/>\n<meta property=\"og:locale\" content=\"de_DE\" \/>\n<meta property=\"og:type\" content=\"article\" \/>\n<meta property=\"og:title\" content=\"Luminit folie | Pyrasied\" \/>\n<meta property=\"og:description\" content=\"Luminit Light Shaping Diffusers sturen licht nauwkeurig met hoge transmissie en minimale verliezen, ideaal voor R&amp;D, displays en verlichtingsontwerp.\" \/>\n<meta property=\"og:url\" content=\"http:\/\/shop.pyrasied.com\/de\/produkt\/luminit\/\" \/>\n<meta property=\"og:site_name\" content=\"Pyrasied\" \/>\n<meta property=\"article:publisher\" content=\"https:\/\/www.facebook.com\/Pyrasied\/\" \/>\n<meta property=\"article:modified_time\" content=\"2026-03-30T12:30:39+00:00\" \/>\n<meta property=\"og:image\" content=\"https:\/\/shop.pyrasied.com\/wp-content\/uploads\/2025\/07\/Luminit-folies.jpg\" \/>\n\t<meta property=\"og:image:width\" content=\"1000\" \/>\n\t<meta property=\"og:image:height\" content=\"1000\" \/>\n\t<meta property=\"og:image:type\" content=\"image\/jpeg\" \/>\n<meta name=\"twitter:card\" content=\"summary_large_image\" \/>\n<meta name=\"twitter:label1\" content=\"Gesch\u00e4tzte Lesezeit\" \/>\n\t<meta name=\"twitter:data1\" content=\"2\u00a0Minuten\" \/>\n<script type=\"application\/ld+json\" class=\"yoast-schema-graph\">{\"@context\":\"https:\/\/schema.org\",\"@graph\":[{\"@type\":\"WebPage\",\"@id\":\"http:\/\/shop.pyrasied.com\/nl\/product\/luminit\/\",\"url\":\"http:\/\/shop.pyrasied.com\/nl\/product\/luminit\/\",\"name\":\"Luminit folie | Pyrasied\",\"isPartOf\":{\"@id\":\"https:\/\/shop.pyrasied.com\/de\/#website\"},\"primaryImageOfPage\":{\"@id\":\"http:\/\/shop.pyrasied.com\/nl\/product\/luminit\/#primaryimage\"},\"image\":{\"@id\":\"http:\/\/shop.pyrasied.com\/nl\/product\/luminit\/#primaryimage\"},\"thumbnailUrl\":\"https:\/\/shop.pyrasied.com\/wp-content\/uploads\/2025\/07\/Luminit-folies.jpg\",\"datePublished\":\"2025-07-15T14:46:20+00:00\",\"dateModified\":\"2026-03-30T12:30:39+00:00\",\"description\":\"Luminit Light Shaping Diffusers sturen licht nauwkeurig met hoge transmissie en minimale verliezen, ideaal voor R&D, displays en verlichtingsontwerp.\",\"breadcrumb\":{\"@id\":\"http:\/\/shop.pyrasied.com\/nl\/product\/luminit\/#breadcrumb\"},\"inLanguage\":\"de\",\"potentialAction\":[{\"@type\":\"ReadAction\",\"target\":[\"http:\/\/shop.pyrasied.com\/nl\/product\/luminit\/\"]}]},{\"@type\":\"ImageObject\",\"inLanguage\":\"de\",\"@id\":\"http:\/\/shop.pyrasied.com\/nl\/product\/luminit\/#primaryimage\",\"url\":\"https:\/\/shop.pyrasied.com\/wp-content\/uploads\/2025\/07\/Luminit-folies.jpg\",\"contentUrl\":\"https:\/\/shop.pyrasied.com\/wp-content\/uploads\/2025\/07\/Luminit-folies.jpg\",\"width\":1000,\"height\":1000,\"caption\":\"Luminit lichtdiffusers folies\"},{\"@type\":\"BreadcrumbList\",\"@id\":\"http:\/\/shop.pyrasied.com\/nl\/product\/luminit\/#breadcrumb\",\"itemListElement\":[{\"@type\":\"ListItem\",\"position\":1,\"name\":\"Home\",\"item\":\"https:\/\/shop.pyrasied.com\/nl\/\"},{\"@type\":\"ListItem\",\"position\":2,\"name\":\"Materialen\",\"item\":\"https:\/\/shop.pyrasied.com\/nl\/materialen\/\"},{\"@type\":\"ListItem\",\"position\":3,\"name\":\"Lichtdiffusers\",\"item\":\"https:\/\/shop.pyrasied.com\/de\/materialien\/lichtzerstreuer\/\"},{\"@type\":\"ListItem\",\"position\":4,\"name\":\"Luminit folie\"}]},{\"@type\":\"WebSite\",\"@id\":\"https:\/\/shop.pyrasied.com\/de\/#website\",\"url\":\"https:\/\/shop.pyrasied.com\/de\/\",\"name\":\"Pyrasied\",\"description\":\"Uit liefde voor materiaal\",\"publisher\":{\"@id\":\"https:\/\/shop.pyrasied.com\/de\/#organization\"},\"potentialAction\":[{\"@type\":\"SearchAction\",\"target\":{\"@type\":\"EntryPoint\",\"urlTemplate\":\"https:\/\/shop.pyrasied.com\/de\/?s={search_term_string}\"},\"query-input\":{\"@type\":\"PropertyValueSpecification\",\"valueRequired\":true,\"valueName\":\"search_term_string\"}}],\"inLanguage\":\"de\"},{\"@type\":\"Organization\",\"@id\":\"https:\/\/shop.pyrasied.com\/de\/#organization\",\"name\":\"Pyrasied\",\"url\":\"https:\/\/shop.pyrasied.com\/de\/\",\"logo\":{\"@type\":\"ImageObject\",\"inLanguage\":\"de\",\"@id\":\"https:\/\/shop.pyrasied.com\/de\/#\/schema\/logo\/image\/\",\"url\":\"https:\/\/shop.pyrasied.com\/wp-content\/uploads\/2025\/06\/pyrasied.jpg\",\"contentUrl\":\"https:\/\/shop.pyrasied.com\/wp-content\/uploads\/2025\/06\/pyrasied.jpg\",\"width\":1200,\"height\":630,\"caption\":\"Pyrasied\"},\"image\":{\"@id\":\"https:\/\/shop.pyrasied.com\/de\/#\/schema\/logo\/image\/\"},\"sameAs\":[\"https:\/\/www.facebook.com\/Pyrasied\/\",\"https:\/\/www.instagram.com\/pyrasied\/\"]}]}<\/script>\n<!-- \/ Yoast SEO plugin. -->","yoast_head_json":{"title":"Luminit Diffusorfolien | Pyrasied","description":"Luminit Light Shaping Diffusoren lenken Licht pr\u00e4zise, mit hoher Transmission und minimalen Verlusten - ideal f\u00fcr F&amp;E, Displays und Lichtdesign.","robots":{"index":"index","follow":"follow","max-snippet":"max-snippet:-1","max-image-preview":"max-image-preview:large","max-video-preview":"max-video-preview:-1"},"canonical":"http:\/\/shop.pyrasied.com\/de\/produkt\/luminit\/","og_locale":"de_DE","og_type":"article","og_title":"Luminit folie | Pyrasied","og_description":"Luminit Light Shaping Diffusers sturen licht nauwkeurig met hoge transmissie en minimale verliezen, ideaal voor R&D, displays en verlichtingsontwerp.","og_url":"http:\/\/shop.pyrasied.com\/de\/produkt\/luminit\/","og_site_name":"Pyrasied","article_publisher":"https:\/\/www.facebook.com\/Pyrasied\/","article_modified_time":"2026-03-30T12:30:39+00:00","og_image":[{"width":1000,"height":1000,"url":"https:\/\/shop.pyrasied.com\/wp-content\/uploads\/2025\/07\/Luminit-folies.jpg","type":"image\/jpeg"}],"twitter_card":"summary_large_image","twitter_misc":{"Gesch\u00e4tzte Lesezeit":"2\u00a0Minuten"},"schema":{"@context":"https:\/\/schema.org","@graph":[{"@type":"WebPage","@id":"http:\/\/shop.pyrasied.com\/nl\/product\/luminit\/","url":"http:\/\/shop.pyrasied.com\/nl\/product\/luminit\/","name":"Luminit Diffusorfolien | Pyrasied","isPartOf":{"@id":"https:\/\/shop.pyrasied.com\/de\/#website"},"primaryImageOfPage":{"@id":"http:\/\/shop.pyrasied.com\/nl\/product\/luminit\/#primaryimage"},"image":{"@id":"http:\/\/shop.pyrasied.com\/nl\/product\/luminit\/#primaryimage"},"thumbnailUrl":"https:\/\/shop.pyrasied.com\/wp-content\/uploads\/2025\/07\/Luminit-folies.jpg","datePublished":"2025-07-15T14:46:20+00:00","dateModified":"2026-03-30T12:30:39+00:00","description":"Luminit Light Shaping Diffusoren lenken Licht pr\u00e4zise, mit hoher Transmission und minimalen Verlusten - ideal f\u00fcr F&amp;E, Displays und Lichtdesign.","breadcrumb":{"@id":"http:\/\/shop.pyrasied.com\/nl\/product\/luminit\/#breadcrumb"},"inLanguage":"de","potentialAction":[{"@type":"ReadAction","target":["http:\/\/shop.pyrasied.com\/nl\/product\/luminit\/"]}]},{"@type":"ImageObject","inLanguage":"de","@id":"http:\/\/shop.pyrasied.com\/nl\/product\/luminit\/#primaryimage","url":"https:\/\/shop.pyrasied.com\/wp-content\/uploads\/2025\/07\/Luminit-folies.jpg","contentUrl":"https:\/\/shop.pyrasied.com\/wp-content\/uploads\/2025\/07\/Luminit-folies.jpg","width":1000,"height":1000,"caption":"Luminit lichtdiffusers folies"},{"@type":"BreadcrumbList","@id":"http:\/\/shop.pyrasied.com\/nl\/product\/luminit\/#breadcrumb","itemListElement":[{"@type":"ListItem","position":1,"name":"Home","item":"https:\/\/shop.pyrasied.com\/nl\/"},{"@type":"ListItem","position":2,"name":"Materialen","item":"https:\/\/shop.pyrasied.com\/nl\/materialen\/"},{"@type":"ListItem","position":3,"name":"Lichtdiffusers","item":"https:\/\/shop.pyrasied.com\/de\/materialien\/lichtzerstreuer\/"},{"@type":"ListItem","position":4,"name":"Luminit folie"}]},{"@type":"WebSite","@id":"https:\/\/shop.pyrasied.com\/de\/#website","url":"https:\/\/shop.pyrasied.com\/de\/","name":"Pyrasied","description":"Aus Liebe zum Material","publisher":{"@id":"https:\/\/shop.pyrasied.com\/de\/#organization"},"potentialAction":[{"@type":"SearchAction","target":{"@type":"EntryPoint","urlTemplate":"https:\/\/shop.pyrasied.com\/de\/?s={search_term_string}"},"query-input":{"@type":"PropertyValueSpecification","valueRequired":true,"valueName":"search_term_string"}}],"inLanguage":"de"},{"@type":"Organization","@id":"https:\/\/shop.pyrasied.com\/de\/#organization","name":"Pyrasied","url":"https:\/\/shop.pyrasied.com\/de\/","logo":{"@type":"ImageObject","inLanguage":"de","@id":"https:\/\/shop.pyrasied.com\/de\/#\/schema\/logo\/image\/","url":"https:\/\/shop.pyrasied.com\/wp-content\/uploads\/2025\/06\/pyrasied.jpg","contentUrl":"https:\/\/shop.pyrasied.com\/wp-content\/uploads\/2025\/06\/pyrasied.jpg","width":1200,"height":630,"caption":"Pyrasied"},"image":{"@id":"https:\/\/shop.pyrasied.com\/de\/#\/schema\/logo\/image\/"},"sameAs":["https:\/\/www.facebook.com\/Pyrasied\/","https:\/\/www.instagram.com\/pyrasied\/"]}]}},"_links":{"self":[{"href":"https:\/\/shop.pyrasied.com\/de\/wp-json\/wp\/v2\/product\/12837","targetHints":{"allow":["GET"]}}],"collection":[{"href":"https:\/\/shop.pyrasied.com\/de\/wp-json\/wp\/v2\/product"}],"about":[{"href":"https:\/\/shop.pyrasied.com\/de\/wp-json\/wp\/v2\/types\/product"}],"wp:featuredmedia":[{"embeddable":true,"href":"https:\/\/shop.pyrasied.com\/de\/wp-json\/wp\/v2\/media\/13432"}],"wp:attachment":[{"href":"https:\/\/shop.pyrasied.com\/de\/wp-json\/wp\/v2\/media?parent=12837"}],"wp:term":[{"taxonomy":"product_brand","embeddable":true,"href":"https:\/\/shop.pyrasied.com\/de\/wp-json\/wp\/v2\/product_brand?post=12837"},{"taxonomy":"product_cat","embeddable":true,"href":"https:\/\/shop.pyrasied.com\/de\/wp-json\/wp\/v2\/product_cat?post=12837"},{"taxonomy":"product_tag","embeddable":true,"href":"https:\/\/shop.pyrasied.com\/de\/wp-json\/wp\/v2\/product_tag?post=12837"}],"curies":[{"name":"wp","href":"https:\/\/api.w.org\/{rel}","templated":true}]}}