{"id":12648,"date":"2025-07-15T14:38:34","date_gmt":"2025-07-15T14:38:34","guid":{"rendered":"https:\/\/pyrasiedshop.nl\/product\/helder-gegoten-gs\/"},"modified":"2026-03-30T12:30:39","modified_gmt":"2026-03-30T12:30:39","slug":"gegossenes-gs-klares-acryl","status":"publish","type":"product","link":"https:\/\/shop.pyrasied.com\/de\/produkt\/gegossenes-gs-klares-acryl\/","title":{"rendered":"Gegossenes (GS) klares Acryl"},"content":{"rendered":"<p>Gegossenes klares Acrylglas (GS-Plexiglas) von Pyrasied ist ein hochwertiger, optisch reiner Kunststoff mit au\u00dfergew\u00f6hnlicher Klarheit und Brillanz. Dank des gegossenen Herstellungsverfahrens verf\u00fcgt dieses Material \u00fcber hervorragende mechanische und optische Eigenschaften und l\u00e4sst sich gut bearbeiten.<\/p>\n<p>Acrylglas, auch bekannt als Plexiglas oder Perspex\u00ae, hat eine Lichtdurchl\u00e4ssigkeit von 92% und ist damit heller als Glas. Au\u00dferdem ist es 25-mal st\u00e4rker als Glas, leicht und best\u00e4ndig gegen Alterung und Verf\u00e4rbung.<\/p>\n<p>Pyrasied bietet eine gro\u00dfe Auswahl an gegossenen Acrylplatten (GS) - in verschiedenen St\u00e4rken, Farben und Oberfl\u00e4chenstrukturen. Dieses Material ist wunderbar in Kombination mit (nat\u00fcrlichem) Licht: Es f\u00e4ngt das Licht auf einzigartige Weise ein, leitet es weiter und streut es. Kurz gesagt: Licht l\u00e4sst Acryl lebendig werden.<\/p>\n<h3>Was ist gegossenes (GS) Acryl?<\/h3>\n<p>Die Abk\u00fcrzung GS steht f\u00fcr <em>gie\u00dfen<\/em> und bezieht sich auf die Produktionsmethode. Gegossenes klares Acrylglas (GS-Plexiglas) von Pyrasied wird in einem Gie\u00dfverfahren hergestellt, bei dem fl\u00fcssiges Acryl(aat) in eine Form gegossen wird und langsam aush\u00e4rtet. Dadurch entstehen Platten ohne innere Spannungen, wodurch das Material sehr gut verarbeitbar ist und sich leicht selbst bearbeiten l\u00e4sst.<\/p>\n<p>Der Hauptvorteil von GS-Plexiglas gegen\u00fcber extrudiertem (XT) Acrylglas ist seine hervorragende Bearbeitbarkeit. Dar\u00fcber hinaus hat gegossenes Acrylglas die gleichen charakteristischen Eigenschaften wie XT, wie hohe Transparenz, UV-Best\u00e4ndigkeit und Haltbarkeit.<\/p>\n<h3>Setacrylic - gegossenes Acryl mit gl\u00e4nzender Oberfl\u00e4che<\/h3>\n<p><strong>Satzacryl von Green Cast<\/strong> ist ein gegossenes (GS) Acryl mit <strong>gl\u00e4nzende Oberfl\u00e4che auf beiden Seiten<\/strong>, hergestellt aus <strong>100% recyceltes PMMA<\/strong>. Das Material ist:<\/p>\n<ul>\n<li><strong>UV-best\u00e4ndig<\/strong><\/li>\n<li><strong>Schlagfest<\/strong><\/li>\n<li><strong>Bis zu 10-mal st\u00e4rker als Glas<\/strong><\/li>\n<\/ul>\n<h3>Seta Duftstoffe - f\u00fcr kosmetische und pharmazeutische Anwendungen<\/h3>\n<p><strong>Seta Parf\u00fcm von Green Cast<\/strong> wurde speziell f\u00fcr den Einsatz im <strong>Kosmetik- und Pharmasektor<\/strong>. Dank der <strong>vernetzte Zusammensetzung<\/strong> ist das Material:<\/p>\n<ul>\n<li>Viermal widerstandsf\u00e4higer gegen chemische Einfl\u00fcsse wie Parf\u00fcm, Cremes und Reinigungsmittel<\/li>\n<li>UV-best\u00e4ndig<\/li>\n<li>8 bis 10 Mal st\u00e4rker als Glas<\/li>\n<\/ul>\n<h2>Lagerbestand<\/h2>\n<p>Pyrasied hat einen gro\u00dfen Bestand an gegossenem Acryl (GS):<\/p>\n<ul>\n<li>PMMA GS klar von 1 bis 30 mm Dicke<\/li>\n<li>PMMA GS UV-transluzent klar 3 und 4 mm dick<\/li>\n<li>Green Cast Setacryl transparent klar 3 bis 10 mm<\/li>\n<li>Green Cast Gegossenes Setaparfum transparent klar in 3 mm Dicke<\/li>\n<\/ul>\n<p>Alle Platten sind direkt ab Lager lieferbar und k\u00f6nnen \u00fcber den Webshop kostenlos auf Ma\u00df bestellt werden.<\/p>\n<h2>Anwendungen von gegossenem klaren Acryl (GS)<\/h2>\n<p>GS-Plexiglas ist weit verbreitet in Anwendungen wie:<\/p>\n<ul>\n<li>Displays, Vitrinen und Wanddisplays<\/li>\n<li>Aluminiumfenster und (tempor\u00e4re) Verglasung<\/li>\n<li>Trennw\u00e4nde und Schutzplatten<\/li>\n<li>M\u00f6bel, Einrichtungsgegenst\u00e4nde und Lichtobjekte<\/li>\n<li>Architektonische Anwendungen wie Fenster, T\u00fcren und Verkleidungen<\/li>\n<li>Aquarien, M\u00f6bel und Kunstobjekte<\/li>\n<li>Einzelhandelsinterieur, Standbau und Beschilderung<\/li>\n<\/ul>\n<p>Das Material ist auch beliebt bei <strong>Do-it-yourselfer<\/strong> wegen seiner einfachen Bearbeitung und hohen Schlagfestigkeit.<\/p>\n<p><strong>Setaparfum\u00ae<\/strong> von Green Cast wird au\u00dferdem h\u00e4ufig verwendet in <strong>kosmetische und pharmazeutische Anwendungen<\/strong>zum Beispiel:<\/p>\n<ul>\n<li>Schutzabdeckungen und Schutzvorrichtungen an Produktionsanlagen<\/li>\n<li>Displays f\u00fcr Parf\u00fcms, Cremes und andere kosmetische Produkte<\/li>\n<\/ul>\n<p>F\u00fcr Anwendungen, bei denen das Material in einem Profil liegt oder eine ebene Oberfl\u00e4che erforderlich ist, empfehlen wir die Verwendung von <a href=\"https:\/\/shop.pyrasied.com\/de\/produkt\/extrudiertes-klares-xt-acryl\/\">extrudiertes Acryl<\/a>.<\/p>\n<h2>Verarbeitungsm\u00f6glichkeiten<\/h2>\n<p>GS-Acryl l\u00e4sst sich leicht mit Techniken wie S\u00e4gen, Fr\u00e4sen, Lasern, Hei\u00dfbiegen, Kleben, Bohren, Facettieren, Polieren, Mattieren und Drucken bearbeiten.<\/p>\n<p>M\u00f6chten Sie mehr \u00fcber die M\u00f6glichkeiten erfahren? Alle Operationen anzeigen auf <a href=\"https:\/\/www.pyrasied.com\/\" target=\"_blank\" rel=\"noopener\">pyrasied.com<\/a>.<\/p>","protected":false},"excerpt":{"rendered":"<p>Gegossenes klares Acrylglas (GS-Plexiglas) von Pyrasied ist ein hochwertiger, optisch reiner Kunststoff mit au\u00dfergew\u00f6hnlicher Klarheit und Brillanz. Dank des gegossenen Herstellungsverfahrens verf\u00fcgt dieses Material \u00fcber hervorragende mechanische und optische Eigenschaften und ist sehr gut bearbeitbar. Acrylglas, auch bekannt als Plexiglas oder Perspex\u00ae, hat eine Lichtdurchl\u00e4ssigkeit von 92% und ist damit heller als [...]<\/p>","protected":false},"featured_media":13315,"template":"","meta":{"_acf_changed":false},"product_brand":[],"product_cat":[30,52,774],"product_tag":[1732,622,1733,1731],"class_list":{"0":"post-12648","1":"product","2":"type-product","3":"status-publish","4":"has-post-thumbnail","6":"product_cat-acrylaat","7":"product_cat-green-cast","8":"product_cat-milieuvriendelijke-kunststoffen","9":"product_tag-green-cast","10":"product_tag-plexiglas","11":"product_tag-setaparfum","12":"product_tag-versato","14":"first","15":"instock","16":"taxable","17":"shipping-taxable","18":"purchasable","19":"product-type-variable"},"acf":[],"yoast_head":"<!-- This site is optimized with the Yoast SEO plugin v26.0 - https:\/\/yoast.com\/wordpress\/plugins\/seo\/ -->\n<title>Gegoten (GS) helder acrylaat | Pyrasied<\/title>\n<meta name=\"description\" content=\"Ontdek Gegoten (GS) helder acrylaat \u2013 duurzaam, UV-bestendig en tot 10x sterker dan glas. Perfect voor displays, lichtbakken, retail en cosmetica.\" \/>\n<meta name=\"robots\" content=\"index, follow, max-snippet:-1, max-image-preview:large, max-video-preview:-1\" \/>\n<link rel=\"canonical\" href=\"https:\/\/shop.pyrasied.com\/de\/produkt\/gegossenes-gs-klares-acryl\/\" \/>\n<meta property=\"og:locale\" content=\"de_DE\" \/>\n<meta property=\"og:type\" content=\"article\" \/>\n<meta property=\"og:title\" content=\"Gegoten (GS) helder acrylaat | Pyrasied\" \/>\n<meta property=\"og:description\" content=\"Ontdek Gegoten (GS) helder acrylaat \u2013 duurzaam, UV-bestendig en tot 10x sterker dan glas. Perfect voor displays, lichtbakken, retail en cosmetica.\" \/>\n<meta property=\"og:url\" content=\"https:\/\/shop.pyrasied.com\/de\/produkt\/gegossenes-gs-klares-acryl\/\" \/>\n<meta property=\"og:site_name\" content=\"Pyrasied\" \/>\n<meta property=\"article:publisher\" content=\"https:\/\/www.facebook.com\/Pyrasied\/\" \/>\n<meta property=\"article:modified_time\" content=\"2026-03-30T12:30:39+00:00\" \/>\n<meta property=\"og:image\" content=\"https:\/\/shop.pyrasied.com\/wp-content\/uploads\/2025\/07\/P71000.jpg\" \/>\n\t<meta property=\"og:image:width\" content=\"1000\" \/>\n\t<meta property=\"og:image:height\" content=\"1000\" \/>\n\t<meta property=\"og:image:type\" content=\"image\/jpeg\" \/>\n<meta name=\"twitter:card\" content=\"summary_large_image\" \/>\n<meta name=\"twitter:label1\" content=\"Gesch\u00e4tzte Lesezeit\" \/>\n\t<meta name=\"twitter:data1\" content=\"3\u00a0Minuten\" \/>\n<script type=\"application\/ld+json\" class=\"yoast-schema-graph\">{\"@context\":\"https:\/\/schema.org\",\"@graph\":[{\"@type\":\"WebPage\",\"@id\":\"https:\/\/shop.pyrasied.com\/product\/gegoten-gs-helder-acrylaat\/\",\"url\":\"https:\/\/shop.pyrasied.com\/product\/gegoten-gs-helder-acrylaat\/\",\"name\":\"Gegoten (GS) helder acrylaat | Pyrasied\",\"isPartOf\":{\"@id\":\"https:\/\/shop.pyrasied.com\/de\/#website\"},\"primaryImageOfPage\":{\"@id\":\"https:\/\/shop.pyrasied.com\/product\/gegoten-gs-helder-acrylaat\/#primaryimage\"},\"image\":{\"@id\":\"https:\/\/shop.pyrasied.com\/product\/gegoten-gs-helder-acrylaat\/#primaryimage\"},\"thumbnailUrl\":\"https:\/\/shop.pyrasied.com\/wp-content\/uploads\/2025\/07\/P71000.jpg\",\"datePublished\":\"2025-07-15T14:38:34+00:00\",\"dateModified\":\"2026-03-30T12:30:39+00:00\",\"description\":\"Ontdek Gegoten (GS) helder acrylaat \u2013 duurzaam, UV-bestendig en tot 10x sterker dan glas. Perfect voor displays, lichtbakken, retail en cosmetica.\",\"breadcrumb\":{\"@id\":\"https:\/\/shop.pyrasied.com\/product\/gegoten-gs-helder-acrylaat\/#breadcrumb\"},\"inLanguage\":\"de\",\"potentialAction\":[{\"@type\":\"ReadAction\",\"target\":[\"https:\/\/shop.pyrasied.com\/product\/gegoten-gs-helder-acrylaat\/\"]}]},{\"@type\":\"ImageObject\",\"inLanguage\":\"de\",\"@id\":\"https:\/\/shop.pyrasied.com\/product\/gegoten-gs-helder-acrylaat\/#primaryimage\",\"url\":\"https:\/\/shop.pyrasied.com\/wp-content\/uploads\/2025\/07\/P71000.jpg\",\"contentUrl\":\"https:\/\/shop.pyrasied.com\/wp-content\/uploads\/2025\/07\/P71000.jpg\",\"width\":1000,\"height\":1000,\"caption\":\"Gegoten (GS) helder acrylaat\"},{\"@type\":\"BreadcrumbList\",\"@id\":\"https:\/\/shop.pyrasied.com\/product\/gegoten-gs-helder-acrylaat\/#breadcrumb\",\"itemListElement\":[{\"@type\":\"ListItem\",\"position\":1,\"name\":\"Home\",\"item\":\"https:\/\/shop.pyrasied.com\/nl\/\"},{\"@type\":\"ListItem\",\"position\":2,\"name\":\"Materialen\",\"item\":\"https:\/\/shop.pyrasied.com\/nl\/materialen\/\"},{\"@type\":\"ListItem\",\"position\":3,\"name\":\"Merken\",\"item\":\"https:\/\/shop.pyrasied.com\/materialen\/merken\/\"},{\"@type\":\"ListItem\",\"position\":4,\"name\":\"Green Cast\",\"item\":\"https:\/\/shop.pyrasied.com\/materialen\/merken\/green-cast\/\"},{\"@type\":\"ListItem\",\"position\":5,\"name\":\"Gegoten (GS) helder acrylaat\"}]},{\"@type\":\"WebSite\",\"@id\":\"https:\/\/shop.pyrasied.com\/de\/#website\",\"url\":\"https:\/\/shop.pyrasied.com\/de\/\",\"name\":\"Pyrasied\",\"description\":\"Uit liefde voor materiaal\",\"publisher\":{\"@id\":\"https:\/\/shop.pyrasied.com\/de\/#organization\"},\"potentialAction\":[{\"@type\":\"SearchAction\",\"target\":{\"@type\":\"EntryPoint\",\"urlTemplate\":\"https:\/\/shop.pyrasied.com\/de\/?s={search_term_string}\"},\"query-input\":{\"@type\":\"PropertyValueSpecification\",\"valueRequired\":true,\"valueName\":\"search_term_string\"}}],\"inLanguage\":\"de\"},{\"@type\":\"Organization\",\"@id\":\"https:\/\/shop.pyrasied.com\/de\/#organization\",\"name\":\"Pyrasied\",\"url\":\"https:\/\/shop.pyrasied.com\/de\/\",\"logo\":{\"@type\":\"ImageObject\",\"inLanguage\":\"de\",\"@id\":\"https:\/\/shop.pyrasied.com\/de\/#\/schema\/logo\/image\/\",\"url\":\"https:\/\/shop.pyrasied.com\/wp-content\/uploads\/2025\/06\/pyrasied.jpg\",\"contentUrl\":\"https:\/\/shop.pyrasied.com\/wp-content\/uploads\/2025\/06\/pyrasied.jpg\",\"width\":1200,\"height\":630,\"caption\":\"Pyrasied\"},\"image\":{\"@id\":\"https:\/\/shop.pyrasied.com\/de\/#\/schema\/logo\/image\/\"},\"sameAs\":[\"https:\/\/www.facebook.com\/Pyrasied\/\",\"https:\/\/www.instagram.com\/pyrasied\/\"]}]}<\/script>\n<!-- \/ Yoast SEO plugin. -->","yoast_head_json":{"title":"Gegossenes (GS) klares Acryl | Pyrasied","description":"Entdecken Sie gegossenes klares Acryl - haltbar, UV-best\u00e4ndig und bis zu 10-mal st\u00e4rker als Glas. Perfekt f\u00fcr Displays, Leuchtk\u00e4sten, Einzelhandel und Kosmetik.","robots":{"index":"index","follow":"follow","max-snippet":"max-snippet:-1","max-image-preview":"max-image-preview:large","max-video-preview":"max-video-preview:-1"},"canonical":"https:\/\/shop.pyrasied.com\/de\/produkt\/gegossenes-gs-klares-acryl\/","og_locale":"de_DE","og_type":"article","og_title":"Gegoten (GS) helder acrylaat | Pyrasied","og_description":"Ontdek Gegoten (GS) helder acrylaat \u2013 duurzaam, UV-bestendig en tot 10x sterker dan glas. Perfect voor displays, lichtbakken, retail en cosmetica.","og_url":"https:\/\/shop.pyrasied.com\/de\/produkt\/gegossenes-gs-klares-acryl\/","og_site_name":"Pyrasied","article_publisher":"https:\/\/www.facebook.com\/Pyrasied\/","article_modified_time":"2026-03-30T12:30:39+00:00","og_image":[{"width":1000,"height":1000,"url":"https:\/\/shop.pyrasied.com\/wp-content\/uploads\/2025\/07\/P71000.jpg","type":"image\/jpeg"}],"twitter_card":"summary_large_image","twitter_misc":{"Gesch\u00e4tzte Lesezeit":"3\u00a0Minuten"},"schema":{"@context":"https:\/\/schema.org","@graph":[{"@type":"WebPage","@id":"https:\/\/shop.pyrasied.com\/product\/gegoten-gs-helder-acrylaat\/","url":"https:\/\/shop.pyrasied.com\/product\/gegoten-gs-helder-acrylaat\/","name":"Gegossenes (GS) klares Acryl | Pyrasied","isPartOf":{"@id":"https:\/\/shop.pyrasied.com\/de\/#website"},"primaryImageOfPage":{"@id":"https:\/\/shop.pyrasied.com\/product\/gegoten-gs-helder-acrylaat\/#primaryimage"},"image":{"@id":"https:\/\/shop.pyrasied.com\/product\/gegoten-gs-helder-acrylaat\/#primaryimage"},"thumbnailUrl":"https:\/\/shop.pyrasied.com\/wp-content\/uploads\/2025\/07\/P71000.jpg","datePublished":"2025-07-15T14:38:34+00:00","dateModified":"2026-03-30T12:30:39+00:00","description":"Entdecken Sie gegossenes klares Acryl - haltbar, UV-best\u00e4ndig und bis zu 10-mal st\u00e4rker als Glas. Perfekt f\u00fcr Displays, Leuchtk\u00e4sten, Einzelhandel und Kosmetik.","breadcrumb":{"@id":"https:\/\/shop.pyrasied.com\/product\/gegoten-gs-helder-acrylaat\/#breadcrumb"},"inLanguage":"de","potentialAction":[{"@type":"ReadAction","target":["https:\/\/shop.pyrasied.com\/product\/gegoten-gs-helder-acrylaat\/"]}]},{"@type":"ImageObject","inLanguage":"de","@id":"https:\/\/shop.pyrasied.com\/product\/gegoten-gs-helder-acrylaat\/#primaryimage","url":"https:\/\/shop.pyrasied.com\/wp-content\/uploads\/2025\/07\/P71000.jpg","contentUrl":"https:\/\/shop.pyrasied.com\/wp-content\/uploads\/2025\/07\/P71000.jpg","width":1000,"height":1000,"caption":"Gegoten (GS) helder acrylaat"},{"@type":"BreadcrumbList","@id":"https:\/\/shop.pyrasied.com\/product\/gegoten-gs-helder-acrylaat\/#breadcrumb","itemListElement":[{"@type":"ListItem","position":1,"name":"Home","item":"https:\/\/shop.pyrasied.com\/nl\/"},{"@type":"ListItem","position":2,"name":"Materialen","item":"https:\/\/shop.pyrasied.com\/nl\/materialen\/"},{"@type":"ListItem","position":3,"name":"Merken","item":"https:\/\/shop.pyrasied.com\/materialen\/merken\/"},{"@type":"ListItem","position":4,"name":"Green Cast","item":"https:\/\/shop.pyrasied.com\/materialen\/merken\/green-cast\/"},{"@type":"ListItem","position":5,"name":"Gegoten (GS) helder acrylaat"}]},{"@type":"WebSite","@id":"https:\/\/shop.pyrasied.com\/de\/#website","url":"https:\/\/shop.pyrasied.com\/de\/","name":"Pyrasied","description":"Aus Liebe zum Material","publisher":{"@id":"https:\/\/shop.pyrasied.com\/de\/#organization"},"potentialAction":[{"@type":"SearchAction","target":{"@type":"EntryPoint","urlTemplate":"https:\/\/shop.pyrasied.com\/de\/?s={search_term_string}"},"query-input":{"@type":"PropertyValueSpecification","valueRequired":true,"valueName":"search_term_string"}}],"inLanguage":"de"},{"@type":"Organization","@id":"https:\/\/shop.pyrasied.com\/de\/#organization","name":"Pyrasied","url":"https:\/\/shop.pyrasied.com\/de\/","logo":{"@type":"ImageObject","inLanguage":"de","@id":"https:\/\/shop.pyrasied.com\/de\/#\/schema\/logo\/image\/","url":"https:\/\/shop.pyrasied.com\/wp-content\/uploads\/2025\/06\/pyrasied.jpg","contentUrl":"https:\/\/shop.pyrasied.com\/wp-content\/uploads\/2025\/06\/pyrasied.jpg","width":1200,"height":630,"caption":"Pyrasied"},"image":{"@id":"https:\/\/shop.pyrasied.com\/de\/#\/schema\/logo\/image\/"},"sameAs":["https:\/\/www.facebook.com\/Pyrasied\/","https:\/\/www.instagram.com\/pyrasied\/"]}]}},"_links":{"self":[{"href":"https:\/\/shop.pyrasied.com\/de\/wp-json\/wp\/v2\/product\/12648","targetHints":{"allow":["GET"]}}],"collection":[{"href":"https:\/\/shop.pyrasied.com\/de\/wp-json\/wp\/v2\/product"}],"about":[{"href":"https:\/\/shop.pyrasied.com\/de\/wp-json\/wp\/v2\/types\/product"}],"wp:featuredmedia":[{"embeddable":true,"href":"https:\/\/shop.pyrasied.com\/de\/wp-json\/wp\/v2\/media\/13315"}],"wp:attachment":[{"href":"https:\/\/shop.pyrasied.com\/de\/wp-json\/wp\/v2\/media?parent=12648"}],"wp:term":[{"taxonomy":"product_brand","embeddable":true,"href":"https:\/\/shop.pyrasied.com\/de\/wp-json\/wp\/v2\/product_brand?post=12648"},{"taxonomy":"product_cat","embeddable":true,"href":"https:\/\/shop.pyrasied.com\/de\/wp-json\/wp\/v2\/product_cat?post=12648"},{"taxonomy":"product_tag","embeddable":true,"href":"https:\/\/shop.pyrasied.com\/de\/wp-json\/wp\/v2\/product_tag?post=12648"}],"curies":[{"name":"wp","href":"https:\/\/api.w.org\/{rel}","templated":true}]}}