{"id":12455,"date":"2025-07-15T14:32:45","date_gmt":"2025-07-15T14:32:45","guid":{"rendered":"https:\/\/pyrasiedshop.nl\/product\/helder-geextrudeerd-xt\/"},"modified":"2026-03-30T12:29:01","modified_gmt":"2026-03-30T12:29:01","slug":"extrudiertes-klares-xt-acryl","status":"publish","type":"product","link":"https:\/\/shop.pyrasied.com\/de\/produkt\/extrudiertes-klares-xt-acryl\/","title":{"rendered":"Extrudierte (XT) klare Acrylplatten"},"content":{"rendered":"<p>Extrudiertes klares Acryl (XT-Plexiglas) von Pyrasied ist ein hochwertiges Material mit au\u00dfergew\u00f6hnlicher Klarheit. Pyrasied f\u00fchrt ein breites Sortiment an Acrylglasplatten in gegossener (GS) und extrudierter (XT) Qualit\u00e4t, die in klarer und farbiger Ausf\u00fchrung erh\u00e4ltlich sind. Beide Arten sind von hervorragender Qualit\u00e4t, unterscheiden sich aber in der Herstellungsmethode.<\/p>\n<h3>Was ist extrudiertes (XT) Acryl?<\/h3>\n<p>Extrudiertes Acrylat (XT-Acrylat) wird in einem kontinuierlichen Extrusionsverfahren hergestellt. Bei diesem Verfahren flie\u00dft das fl\u00fcssige Acryl (PMMA) aus dem Reaktor und wird durch Walzen auf die gew\u00fcnschte Dicke gebracht. Mit diesem Verfahren wird eine formstabile und kosteng\u00fcnstige Kunststoffplatte hergestellt.<\/p>\n<p>Der gr\u00f6\u00dfte Vorteil von XT-Acryl ist, dass es kaum Dickentoleranzen gibt. Die Platten haben daher immer genau die Dicke, die Sie bestellen. Dadurch eignet sich extrudiertes Acryl besonders f\u00fcr Anwendungen, bei denen das Material in ein Profil passen muss oder eine perfekt ebene Oberfl\u00e4che erforderlich ist.<\/p>\n<h3>Klares XT-Acryl: kristallklar und langlebig<\/h3>\n<p>Clear XT Plexiglas ist dank seiner au\u00dfergew\u00f6hnlichen Klarheit einer der beliebtesten transparenten Kunststoffe. Mit einer Lichtdurchl\u00e4ssigkeit von 92% ist es sogar heller als Glas. Dar\u00fcber hinaus ist Acrylglas 25-mal st\u00e4rker als Glas, leicht und einfach zu verarbeiten.<\/p>\n<h2>Lagerbestand<\/h2>\n<p>Pyrasied bietet extrudiertes klares Acryl (XT) in St\u00e4rken von 2 bis 20 mm an. Ecocrylic XT ist ebenfalls erh\u00e4ltlich, eine recycelte Variante von 100%. Diese Platten sind direkt ab Lager lieferbar.<\/p>\n<p>Sie suchen nach dickerem Acryl? Dann w\u00e4hlen Sie <a href=\"https:\/\/shop.pyrasied.com\/de\/produkt\/acrylblock\/\">klarer Acrylblock<\/a> (bis zu 100 mm dick, Gussqualit\u00e4t).<br \/>\nF\u00fcr d\u00fcnnere Pr\u00e4zisionsanwendungen k\u00f6nnen Sie sich entscheiden f\u00fcr <a href=\"https:\/\/shop.pyrasied.com\/de\/produkt\/prazisions-acryl-hesaglas\/\">Hesaglas<\/a>eine hochwertige Variante aus gegossenem Acryl.<\/p>\n<h2><strong>Anwendungen von extrudiertem klarem Acryl (XT)<\/strong><\/h2>\n<p>Klares, stranggepresstes Plexiglas wird in vielen Bereichen eingesetzt, z. B:<\/p>\n<ul>\n<li>Aluminiumfenster und (tempor\u00e4re) Verglasung<\/li>\n<li>Trennw\u00e4nde und Abtrennungen<\/li>\n<li>Displays, Vitrinen und Wanddisplays<\/li>\n<li>M\u00f6bel und Einrichtungsgegenst\u00e4nde<\/li>\n<li>Bootsfenster, Lichtk\u00e4sten und Duschw\u00e4nde<\/li>\n<\/ul>\n<h2>Verarbeitungsm\u00f6glichkeiten<\/h2>\n<p>XT-Acryl l\u00e4sst sich leicht mit Techniken wie S\u00e4gen, Fr\u00e4sen, Lasern, Hei\u00dfbiegen, Kleben, Bohren, Facettieren, Polieren, Mattieren und Bedrucken bearbeiten.<\/p>\n<p>M\u00f6chten Sie mehr \u00fcber die M\u00f6glichkeiten erfahren? Alle Operationen anzeigen auf <a href=\"https:\/\/www.pyrasied.com\" target=\"_blank\" rel=\"noopener\">pyrasied.com<\/a>.<\/p>","protected":false},"excerpt":{"rendered":"<p>Extrudiertes klares Acryl (XT-Plexiglas) von Pyrasied ist ein hochwertiges Material mit au\u00dfergew\u00f6hnlicher Klarheit. Pyrasied f\u00fchrt ein breites Sortiment an Acrylglasplatten in gegossener (GS) und extrudierter (XT) Qualit\u00e4t, die in klarer und farbiger Ausf\u00fchrung erh\u00e4ltlich sind. Beide Arten sind von hervorragender Qualit\u00e4t, unterscheiden sich aber in der Herstellungsmethode. Was ist extrudiertes (XT) Acryl? Extrudiertes Acryl (XT-Acryl) [...]<\/p>","protected":false},"featured_media":13289,"template":"","meta":{"_acf_changed":false},"product_brand":[],"product_cat":[30,51,52],"product_tag":[1729,621,622],"class_list":{"0":"post-12455","1":"product","2":"type-product","3":"status-publish","4":"has-post-thumbnail","6":"product_cat-acrylaat","7":"product_cat-ecocrylic-xt","8":"product_cat-green-cast","9":"product_tag-ecocrylic","10":"product_tag-perspex","11":"product_tag-plexiglas","13":"first","14":"instock","15":"taxable","16":"shipping-taxable","17":"purchasable","18":"product-type-variable"},"acf":[],"yoast_head":"<!-- This site is optimized with the Yoast SEO plugin v26.0 - https:\/\/yoast.com\/wordpress\/plugins\/seo\/ -->\n<title>Ge\u00ebxtrudeerd (XT) helder acrylaat | Pyrasied<\/title>\n<meta name=\"description\" content=\"Ontdek helder ge\u00ebxtrudeerd (XT) acrylaat bij Pyrasied: voordelig, exact op dikte en ideaal voor toepassingen met profielen of vlakke oppervlakken.\" \/>\n<meta name=\"robots\" content=\"index, follow, max-snippet:-1, max-image-preview:large, max-video-preview:-1\" \/>\n<link rel=\"canonical\" href=\"https:\/\/shop.pyrasied.com\/de\/produkt\/extrudiertes-klares-xt-acryl\/\" \/>\n<meta property=\"og:locale\" content=\"de_DE\" \/>\n<meta property=\"og:type\" content=\"article\" \/>\n<meta property=\"og:title\" content=\"Ge\u00ebxtrudeerd (XT) helder acrylaat | Pyrasied\" \/>\n<meta property=\"og:description\" content=\"Ontdek helder ge\u00ebxtrudeerd (XT) acrylaat bij Pyrasied: voordelig, exact op dikte en ideaal voor toepassingen met profielen of vlakke oppervlakken.\" \/>\n<meta property=\"og:url\" content=\"https:\/\/shop.pyrasied.com\/de\/produkt\/extrudiertes-klares-xt-acryl\/\" \/>\n<meta property=\"og:site_name\" content=\"Pyrasied\" \/>\n<meta property=\"article:publisher\" content=\"https:\/\/www.facebook.com\/Pyrasied\/\" \/>\n<meta property=\"article:modified_time\" content=\"2026-03-30T12:29:01+00:00\" \/>\n<meta property=\"og:image\" content=\"https:\/\/shop.pyrasied.com\/wp-content\/uploads\/2025\/07\/P20010.jpg\" \/>\n\t<meta property=\"og:image:width\" content=\"1000\" \/>\n\t<meta property=\"og:image:height\" content=\"1000\" \/>\n\t<meta property=\"og:image:type\" content=\"image\/jpeg\" \/>\n<meta name=\"twitter:card\" content=\"summary_large_image\" \/>\n<meta name=\"twitter:label1\" content=\"Gesch\u00e4tzte Lesezeit\" \/>\n\t<meta name=\"twitter:data1\" content=\"2\u00a0Minuten\" \/>\n<script type=\"application\/ld+json\" class=\"yoast-schema-graph\">{\"@context\":\"https:\/\/schema.org\",\"@graph\":[{\"@type\":\"WebPage\",\"@id\":\"https:\/\/shop.pyrasied.com\/product\/geextrudeerd-xt-helder-acrylaat\/\",\"url\":\"https:\/\/shop.pyrasied.com\/product\/geextrudeerd-xt-helder-acrylaat\/\",\"name\":\"Ge\u00ebxtrudeerd (XT) helder acrylaat | Pyrasied\",\"isPartOf\":{\"@id\":\"https:\/\/shop.pyrasied.com\/de\/#website\"},\"primaryImageOfPage\":{\"@id\":\"https:\/\/shop.pyrasied.com\/product\/geextrudeerd-xt-helder-acrylaat\/#primaryimage\"},\"image\":{\"@id\":\"https:\/\/shop.pyrasied.com\/product\/geextrudeerd-xt-helder-acrylaat\/#primaryimage\"},\"thumbnailUrl\":\"https:\/\/shop.pyrasied.com\/wp-content\/uploads\/2025\/07\/P20010.jpg\",\"datePublished\":\"2025-07-15T14:32:45+00:00\",\"dateModified\":\"2026-03-30T12:29:01+00:00\",\"description\":\"Ontdek helder ge\u00ebxtrudeerd (XT) acrylaat bij Pyrasied: voordelig, exact op dikte en ideaal voor toepassingen met profielen of vlakke oppervlakken.\",\"breadcrumb\":{\"@id\":\"https:\/\/shop.pyrasied.com\/product\/geextrudeerd-xt-helder-acrylaat\/#breadcrumb\"},\"inLanguage\":\"de\",\"potentialAction\":[{\"@type\":\"ReadAction\",\"target\":[\"https:\/\/shop.pyrasied.com\/product\/geextrudeerd-xt-helder-acrylaat\/\"]}]},{\"@type\":\"ImageObject\",\"inLanguage\":\"de\",\"@id\":\"https:\/\/shop.pyrasied.com\/product\/geextrudeerd-xt-helder-acrylaat\/#primaryimage\",\"url\":\"https:\/\/shop.pyrasied.com\/wp-content\/uploads\/2025\/07\/P20010.jpg\",\"contentUrl\":\"https:\/\/shop.pyrasied.com\/wp-content\/uploads\/2025\/07\/P20010.jpg\",\"width\":1000,\"height\":1000,\"caption\":\"Ge\u00ebxtrudeerd (XT) helder acrylaat\"},{\"@type\":\"BreadcrumbList\",\"@id\":\"https:\/\/shop.pyrasied.com\/product\/geextrudeerd-xt-helder-acrylaat\/#breadcrumb\",\"itemListElement\":[{\"@type\":\"ListItem\",\"position\":1,\"name\":\"Home\",\"item\":\"https:\/\/shop.pyrasied.com\/nl\/\"},{\"@type\":\"ListItem\",\"position\":2,\"name\":\"Materialen\",\"item\":\"https:\/\/shop.pyrasied.com\/nl\/materialen\/\"},{\"@type\":\"ListItem\",\"position\":3,\"name\":\"Merken\",\"item\":\"https:\/\/shop.pyrasied.com\/materialen\/merken\/\"},{\"@type\":\"ListItem\",\"position\":4,\"name\":\"Ecocrylic XT\",\"item\":\"https:\/\/shop.pyrasied.com\/materialen\/merken\/ecocrylic-xt\/\"},{\"@type\":\"ListItem\",\"position\":5,\"name\":\"Ge\u00ebxtrudeerd (XT) helder acrylaat\"}]},{\"@type\":\"WebSite\",\"@id\":\"https:\/\/shop.pyrasied.com\/de\/#website\",\"url\":\"https:\/\/shop.pyrasied.com\/de\/\",\"name\":\"Pyrasied\",\"description\":\"Uit liefde voor materiaal\",\"publisher\":{\"@id\":\"https:\/\/shop.pyrasied.com\/de\/#organization\"},\"potentialAction\":[{\"@type\":\"SearchAction\",\"target\":{\"@type\":\"EntryPoint\",\"urlTemplate\":\"https:\/\/shop.pyrasied.com\/de\/?s={search_term_string}\"},\"query-input\":{\"@type\":\"PropertyValueSpecification\",\"valueRequired\":true,\"valueName\":\"search_term_string\"}}],\"inLanguage\":\"de\"},{\"@type\":\"Organization\",\"@id\":\"https:\/\/shop.pyrasied.com\/de\/#organization\",\"name\":\"Pyrasied\",\"url\":\"https:\/\/shop.pyrasied.com\/de\/\",\"logo\":{\"@type\":\"ImageObject\",\"inLanguage\":\"de\",\"@id\":\"https:\/\/shop.pyrasied.com\/de\/#\/schema\/logo\/image\/\",\"url\":\"https:\/\/shop.pyrasied.com\/wp-content\/uploads\/2025\/06\/pyrasied.jpg\",\"contentUrl\":\"https:\/\/shop.pyrasied.com\/wp-content\/uploads\/2025\/06\/pyrasied.jpg\",\"width\":1200,\"height\":630,\"caption\":\"Pyrasied\"},\"image\":{\"@id\":\"https:\/\/shop.pyrasied.com\/de\/#\/schema\/logo\/image\/\"},\"sameAs\":[\"https:\/\/www.facebook.com\/Pyrasied\/\",\"https:\/\/www.instagram.com\/pyrasied\/\"]}]}<\/script>\n<!-- \/ Yoast SEO plugin. -->","yoast_head_json":{"title":"Extrudiertes (XT) klares Acrylglas | Pyrasied","description":"Klares, extrudiertes (XT) Acrylglas von Pyrasied - kosteneffizient, mit exakter Dicke und ideal f\u00fcr Anwendungen mit Profilen oder flachen Oberfl\u00e4chen.","robots":{"index":"index","follow":"follow","max-snippet":"max-snippet:-1","max-image-preview":"max-image-preview:large","max-video-preview":"max-video-preview:-1"},"canonical":"https:\/\/shop.pyrasied.com\/de\/produkt\/extrudiertes-klares-xt-acryl\/","og_locale":"de_DE","og_type":"article","og_title":"Ge\u00ebxtrudeerd (XT) helder acrylaat | Pyrasied","og_description":"Ontdek helder ge\u00ebxtrudeerd (XT) acrylaat bij Pyrasied: voordelig, exact op dikte en ideaal voor toepassingen met profielen of vlakke oppervlakken.","og_url":"https:\/\/shop.pyrasied.com\/de\/produkt\/extrudiertes-klares-xt-acryl\/","og_site_name":"Pyrasied","article_publisher":"https:\/\/www.facebook.com\/Pyrasied\/","article_modified_time":"2026-03-30T12:29:01+00:00","og_image":[{"width":1000,"height":1000,"url":"https:\/\/shop.pyrasied.com\/wp-content\/uploads\/2025\/07\/P20010.jpg","type":"image\/jpeg"}],"twitter_card":"summary_large_image","twitter_misc":{"Gesch\u00e4tzte Lesezeit":"2\u00a0Minuten"},"schema":{"@context":"https:\/\/schema.org","@graph":[{"@type":"WebPage","@id":"https:\/\/shop.pyrasied.com\/product\/geextrudeerd-xt-helder-acrylaat\/","url":"https:\/\/shop.pyrasied.com\/product\/geextrudeerd-xt-helder-acrylaat\/","name":"Extrudiertes (XT) klares Acrylglas | Pyrasied","isPartOf":{"@id":"https:\/\/shop.pyrasied.com\/de\/#website"},"primaryImageOfPage":{"@id":"https:\/\/shop.pyrasied.com\/product\/geextrudeerd-xt-helder-acrylaat\/#primaryimage"},"image":{"@id":"https:\/\/shop.pyrasied.com\/product\/geextrudeerd-xt-helder-acrylaat\/#primaryimage"},"thumbnailUrl":"https:\/\/shop.pyrasied.com\/wp-content\/uploads\/2025\/07\/P20010.jpg","datePublished":"2025-07-15T14:32:45+00:00","dateModified":"2026-03-30T12:29:01+00:00","description":"Klares, extrudiertes (XT) Acrylglas von Pyrasied - kosteneffizient, mit exakter Dicke und ideal f\u00fcr Anwendungen mit Profilen oder flachen Oberfl\u00e4chen.","breadcrumb":{"@id":"https:\/\/shop.pyrasied.com\/product\/geextrudeerd-xt-helder-acrylaat\/#breadcrumb"},"inLanguage":"de","potentialAction":[{"@type":"ReadAction","target":["https:\/\/shop.pyrasied.com\/product\/geextrudeerd-xt-helder-acrylaat\/"]}]},{"@type":"ImageObject","inLanguage":"de","@id":"https:\/\/shop.pyrasied.com\/product\/geextrudeerd-xt-helder-acrylaat\/#primaryimage","url":"https:\/\/shop.pyrasied.com\/wp-content\/uploads\/2025\/07\/P20010.jpg","contentUrl":"https:\/\/shop.pyrasied.com\/wp-content\/uploads\/2025\/07\/P20010.jpg","width":1000,"height":1000,"caption":"Ge\u00ebxtrudeerd (XT) helder acrylaat"},{"@type":"BreadcrumbList","@id":"https:\/\/shop.pyrasied.com\/product\/geextrudeerd-xt-helder-acrylaat\/#breadcrumb","itemListElement":[{"@type":"ListItem","position":1,"name":"Home","item":"https:\/\/shop.pyrasied.com\/nl\/"},{"@type":"ListItem","position":2,"name":"Materialen","item":"https:\/\/shop.pyrasied.com\/nl\/materialen\/"},{"@type":"ListItem","position":3,"name":"Merken","item":"https:\/\/shop.pyrasied.com\/materialen\/merken\/"},{"@type":"ListItem","position":4,"name":"Ecocrylic XT","item":"https:\/\/shop.pyrasied.com\/materialen\/merken\/ecocrylic-xt\/"},{"@type":"ListItem","position":5,"name":"Ge\u00ebxtrudeerd (XT) helder acrylaat"}]},{"@type":"WebSite","@id":"https:\/\/shop.pyrasied.com\/de\/#website","url":"https:\/\/shop.pyrasied.com\/de\/","name":"Pyrasied","description":"Aus Liebe zum Material","publisher":{"@id":"https:\/\/shop.pyrasied.com\/de\/#organization"},"potentialAction":[{"@type":"SearchAction","target":{"@type":"EntryPoint","urlTemplate":"https:\/\/shop.pyrasied.com\/de\/?s={search_term_string}"},"query-input":{"@type":"PropertyValueSpecification","valueRequired":true,"valueName":"search_term_string"}}],"inLanguage":"de"},{"@type":"Organization","@id":"https:\/\/shop.pyrasied.com\/de\/#organization","name":"Pyrasied","url":"https:\/\/shop.pyrasied.com\/de\/","logo":{"@type":"ImageObject","inLanguage":"de","@id":"https:\/\/shop.pyrasied.com\/de\/#\/schema\/logo\/image\/","url":"https:\/\/shop.pyrasied.com\/wp-content\/uploads\/2025\/06\/pyrasied.jpg","contentUrl":"https:\/\/shop.pyrasied.com\/wp-content\/uploads\/2025\/06\/pyrasied.jpg","width":1200,"height":630,"caption":"Pyrasied"},"image":{"@id":"https:\/\/shop.pyrasied.com\/de\/#\/schema\/logo\/image\/"},"sameAs":["https:\/\/www.facebook.com\/Pyrasied\/","https:\/\/www.instagram.com\/pyrasied\/"]}]}},"_links":{"self":[{"href":"https:\/\/shop.pyrasied.com\/de\/wp-json\/wp\/v2\/product\/12455","targetHints":{"allow":["GET"]}}],"collection":[{"href":"https:\/\/shop.pyrasied.com\/de\/wp-json\/wp\/v2\/product"}],"about":[{"href":"https:\/\/shop.pyrasied.com\/de\/wp-json\/wp\/v2\/types\/product"}],"wp:featuredmedia":[{"embeddable":true,"href":"https:\/\/shop.pyrasied.com\/de\/wp-json\/wp\/v2\/media\/13289"}],"wp:attachment":[{"href":"https:\/\/shop.pyrasied.com\/de\/wp-json\/wp\/v2\/media?parent=12455"}],"wp:term":[{"taxonomy":"product_brand","embeddable":true,"href":"https:\/\/shop.pyrasied.com\/de\/wp-json\/wp\/v2\/product_brand?post=12455"},{"taxonomy":"product_cat","embeddable":true,"href":"https:\/\/shop.pyrasied.com\/de\/wp-json\/wp\/v2\/product_cat?post=12455"},{"taxonomy":"product_tag","embeddable":true,"href":"https:\/\/shop.pyrasied.com\/de\/wp-json\/wp\/v2\/product_tag?post=12455"}],"curies":[{"name":"wp","href":"https:\/\/api.w.org\/{rel}","templated":true}]}}