{"id":12367,"date":"2025-07-15T14:28:37","date_gmt":"2025-07-15T14:28:37","guid":{"rendered":"https:\/\/pyrasiedshop.nl\/product\/petg-helder-en-satijn\/"},"modified":"2026-03-30T12:27:38","modified_gmt":"2026-03-30T12:27:38","slug":"petg","status":"publish","type":"product","link":"https:\/\/shop.pyrasied.com\/de\/produkt\/petg\/","title":{"rendered":"PETG klar und satiniert"},"content":{"rendered":"<p>PETG (Polyethylenterephthalatglykol) ist ein thermoplastisches Material, das von dem bekannten Kunststoff PET (Polyethylenterephthalat) abgeleitet ist. PETG ist jedoch st\u00e4rker, haltbarer und f\u00fcr Hochtemperaturanwendungen geeignet, ohne seine Eigenschaften zu verlieren.<\/p>\n<p>Es handelt sich um einen klaren Kunststoff mit hervorragender Schlagfestigkeit, Steifigkeit und chemischer Best\u00e4ndigkeit. Das Material ist st\u00e4rker als Acryl, aber etwas weniger schlagfest als Polycarbonat. Dank des Extrusionsverfahrens gibt es praktisch keine Dickentoleranz, wodurch es sich ideal f\u00fcr Anwendungen in Profilen und strukturellen Strukturen eignet.<\/p>\n<p>Die Platten weisen eine hohe Brandsicherheit auf (B1-Klassifizierung) und entwickeln beim Verbrennen weniger giftigen Rauch als Polycarbonat. Daher ist PETG von der Feuerwehr f\u00fcr die Verwendung in Flugh\u00e4fen und \u00f6ffentlichen Bereichen zugelassen. Das Material hat auch die europ\u00e4ische Lebensmittelzulassung (SQF), die den Kontakt mit Lebensmitteln sicher macht.<\/p>\n<h2>Eigenschaften<\/h2>\n<ul>\n<li>Hohe Chemikalien- und Schlagfestigkeit (15-20x st\u00e4rker als Acryl)<\/li>\n<li>Ungiftig und f\u00fcr den Kontakt mit Lebensmitteln und medizinischen Produkten zugelassen<\/li>\n<li>Leicht thermoformbar (Vakuumformung ohne Vortrocknung)<\/li>\n<li>Leicht zu f\u00e4rben und zu dekorieren (selbstklebende Vinylfolien oder Siebdruck)<\/li>\n<li>Oberfl\u00e4chliche Kratzer lassen sich mit einer Hei\u00dfluftpistole ausbessern<\/li>\n<li>Hohe Feuerhemmung (Feuer breitet sich nicht aus)<\/li>\n<li>Kalt biegbar und hochdruckfest, ohne zu rei\u00dfen<\/li>\n<li>Ausgezeichnete Transparenz<\/li>\n<li>Sterilisierbar<\/li>\n<li>Verformbar und flexibel<\/li>\n<\/ul>\n<h3>Verarbeitungsm\u00f6glichkeiten<\/h3>\n<p>Das Material ist leicht zu bearbeiten und vielseitig: S\u00e4gen, Fr\u00e4sen, Bohren, Kleben, Polieren und Bedrucken geh\u00f6ren zu den M\u00f6glichkeiten. Auch Warm- oder Kaltbiegen, Vakuumformen und Facettieren sind m\u00f6glich. Dank dieser Eigenschaften eignen sich die Platten f\u00fcr Beleuchtung, Displays, Innenraumprojekte und kreative Anwendungen.<\/p>\n<p>Erh\u00e4ltlich in klar und satiniert, in verschiedenen St\u00e4rken und einigen Designvarianten, eignet sich das Material perfekt f\u00fcr eine Vielzahl von Anwendungen und \u00e4sthetischen Anforderungen.<\/p>\n<h3>Anwendungen von PETG<\/h3>\n<p>PETG bietet v\u00f6llige Freiheit bei jedem Projekt. Das Material kann geschraubt, hei\u00df gepr\u00e4gt, geschnitten, thermogeformt oder kalt gebogen werden, ohne dass es abbl\u00e4ttert, tr\u00fcbe wird, Risse bekommt oder unregelm\u00e4\u00dfig wird.<\/p>\n<p>Dank seiner hervorragenden Eigenschaften wird PETG in verschiedenen Branchen eingesetzt. Das Material ist hitze-, schlag- und l\u00f6sungsmittelbest\u00e4ndig und daher auch ideal f\u00fcr die Herstellung von flexiblen Teilen mit hoher Schlagfestigkeit.<\/p>\n<h4>In der Industrie kann es verwendet werden f\u00fcr<\/h4>\n<ul>\n<li>Schutz der Maschine<\/li>\n<li>Arbeitsschutzausr\u00fcstungen, wie Masken<\/li>\n<li>Medizinische und pharmazeutische Produkte<\/li>\n<li>Lebensmittelverpackungen<\/li>\n<li>Thermoverformte Teile im Vakuumformen<\/li>\n<li>K\u00e4ltetechnische Ausr\u00fcstung<\/li>\n<li>Industriedesign und Prototyping<\/li>\n<li>3D-Druck<\/li>\n<li>Urnen und M\u00f6bel<\/li>\n<li>In visueller Kommunikation wie Verkaufsdisplays, Verkaufsst\u00e4nden und Pr\u00e4sentationsst\u00e4nden<\/li>\n<li>Kappen zum Schutz der Modelle<\/li>\n<li>Schaufensterpuppen<\/li>\n<\/ul>\n<p>Pyrasied bietet PETG auch als <a href=\"https:\/\/shop.pyrasied.com\/de\/produkt\/arla\/\">Lichtzerstreuer<\/a> (Opalplatten), transparente Farben, Rohre und Designplatten mit Einbettung oder Verbundplatten.<\/p>","protected":false},"excerpt":{"rendered":"<p>PETG (Polyethylenterephthalatglykol) ist ein thermoplastisches Material, das von dem bekannten Kunststoff PET (Polyethylenterephthalat) abgeleitet ist. PETG ist jedoch st\u00e4rker, haltbarer und f\u00fcr Hochtemperaturanwendungen geeignet, ohne seine Eigenschaften zu verlieren. Es ist ein klarer Kunststoff mit ausgezeichneter Schlagfestigkeit, Steifigkeit und chemischer Best\u00e4ndigkeit. Das Material ist fester als Acrylglas, aber etwas weniger schlagfest als Polycarbonat. [...]<\/p>","protected":false},"featured_media":13311,"template":"","meta":{"_acf_changed":false},"product_brand":[],"product_cat":[33],"product_tag":[],"class_list":{"0":"post-12367","1":"product","2":"type-product","3":"status-publish","4":"has-post-thumbnail","6":"product_cat-polycarbonaat-petg","8":"first","9":"instock","10":"taxable","11":"shipping-taxable","12":"purchasable","13":"product-type-variable"},"acf":[],"yoast_head":"<!-- This site is optimized with the Yoast SEO plugin v26.0 - https:\/\/yoast.com\/wordpress\/plugins\/seo\/ -->\n<title>PETG helder en satijn | Pyrasied<\/title>\n<meta name=\"description\" content=\"PETG van Pyrasied: slagvast, Food Grade, eenvoudig te bewerken en ideaal voor verlichting, displays en industri\u00eble toepassingen.\" \/>\n<meta name=\"robots\" content=\"index, follow, max-snippet:-1, max-image-preview:large, max-video-preview:-1\" \/>\n<link rel=\"canonical\" href=\"https:\/\/shop.pyrasied.com\/de\/produkt\/petg\/\" \/>\n<meta property=\"og:locale\" content=\"de_DE\" \/>\n<meta property=\"og:type\" content=\"article\" \/>\n<meta property=\"og:title\" content=\"PETG helder en satijn | Pyrasied\" \/>\n<meta property=\"og:description\" content=\"PETG van Pyrasied: slagvast, Food Grade, eenvoudig te bewerken en ideaal voor verlichting, displays en industri\u00eble toepassingen.\" \/>\n<meta property=\"og:url\" content=\"https:\/\/shop.pyrasied.com\/de\/produkt\/petg\/\" \/>\n<meta property=\"og:site_name\" content=\"Pyrasied\" \/>\n<meta property=\"article:publisher\" content=\"https:\/\/www.facebook.com\/Pyrasied\/\" \/>\n<meta property=\"article:modified_time\" content=\"2026-03-30T12:27:38+00:00\" \/>\n<meta property=\"og:image\" content=\"https:\/\/shop.pyrasied.com\/wp-content\/uploads\/2025\/07\/P4001.jpg\" \/>\n\t<meta property=\"og:image:width\" content=\"1000\" \/>\n\t<meta property=\"og:image:height\" content=\"1000\" \/>\n\t<meta property=\"og:image:type\" content=\"image\/jpeg\" \/>\n<meta name=\"twitter:card\" content=\"summary_large_image\" \/>\n<meta name=\"twitter:label1\" content=\"Gesch\u00e4tzte Lesezeit\" \/>\n\t<meta name=\"twitter:data1\" content=\"3\u00a0Minuten\" \/>\n<script type=\"application\/ld+json\" class=\"yoast-schema-graph\">{\"@context\":\"https:\/\/schema.org\",\"@graph\":[{\"@type\":\"WebPage\",\"@id\":\"https:\/\/shop.pyrasied.com\/en\/product\/petg\/\",\"url\":\"https:\/\/shop.pyrasied.com\/en\/product\/petg\/\",\"name\":\"PETG helder en satijn | Pyrasied\",\"isPartOf\":{\"@id\":\"https:\/\/shop.pyrasied.com\/de\/#website\"},\"primaryImageOfPage\":{\"@id\":\"https:\/\/shop.pyrasied.com\/en\/product\/petg\/#primaryimage\"},\"image\":{\"@id\":\"https:\/\/shop.pyrasied.com\/en\/product\/petg\/#primaryimage\"},\"thumbnailUrl\":\"https:\/\/shop.pyrasied.com\/wp-content\/uploads\/2025\/07\/P4001.jpg\",\"datePublished\":\"2025-07-15T14:28:37+00:00\",\"dateModified\":\"2026-03-30T12:27:38+00:00\",\"description\":\"PETG van Pyrasied: slagvast, Food Grade, eenvoudig te bewerken en ideaal voor verlichting, displays en industri\u00eble toepassingen.\",\"breadcrumb\":{\"@id\":\"https:\/\/shop.pyrasied.com\/en\/product\/petg\/#breadcrumb\"},\"inLanguage\":\"de\",\"potentialAction\":[{\"@type\":\"ReadAction\",\"target\":[\"https:\/\/shop.pyrasied.com\/en\/product\/petg\/\"]}]},{\"@type\":\"ImageObject\",\"inLanguage\":\"de\",\"@id\":\"https:\/\/shop.pyrasied.com\/en\/product\/petg\/#primaryimage\",\"url\":\"https:\/\/shop.pyrasied.com\/wp-content\/uploads\/2025\/07\/P4001.jpg\",\"contentUrl\":\"https:\/\/shop.pyrasied.com\/wp-content\/uploads\/2025\/07\/P4001.jpg\",\"width\":1000,\"height\":1000,\"caption\":\"PETG helder en satijn\"},{\"@type\":\"BreadcrumbList\",\"@id\":\"https:\/\/shop.pyrasied.com\/en\/product\/petg\/#breadcrumb\",\"itemListElement\":[{\"@type\":\"ListItem\",\"position\":1,\"name\":\"Home\",\"item\":\"https:\/\/shop.pyrasied.com\/nl\/\"},{\"@type\":\"ListItem\",\"position\":2,\"name\":\"Materialen\",\"item\":\"https:\/\/shop.pyrasied.com\/nl\/materialen\/\"},{\"@type\":\"ListItem\",\"position\":3,\"name\":\"Polycarbonaat \/ PETG\",\"item\":\"http:\/\/shop.pyrasied.com\/nl\/materialen\/polycarbonaat-petg\/\"},{\"@type\":\"ListItem\",\"position\":4,\"name\":\"PETG helder en satijn\"}]},{\"@type\":\"WebSite\",\"@id\":\"https:\/\/shop.pyrasied.com\/de\/#website\",\"url\":\"https:\/\/shop.pyrasied.com\/de\/\",\"name\":\"Pyrasied\",\"description\":\"Uit liefde voor materiaal\",\"publisher\":{\"@id\":\"https:\/\/shop.pyrasied.com\/de\/#organization\"},\"potentialAction\":[{\"@type\":\"SearchAction\",\"target\":{\"@type\":\"EntryPoint\",\"urlTemplate\":\"https:\/\/shop.pyrasied.com\/de\/?s={search_term_string}\"},\"query-input\":{\"@type\":\"PropertyValueSpecification\",\"valueRequired\":true,\"valueName\":\"search_term_string\"}}],\"inLanguage\":\"de\"},{\"@type\":\"Organization\",\"@id\":\"https:\/\/shop.pyrasied.com\/de\/#organization\",\"name\":\"Pyrasied\",\"url\":\"https:\/\/shop.pyrasied.com\/de\/\",\"logo\":{\"@type\":\"ImageObject\",\"inLanguage\":\"de\",\"@id\":\"https:\/\/shop.pyrasied.com\/de\/#\/schema\/logo\/image\/\",\"url\":\"https:\/\/shop.pyrasied.com\/wp-content\/uploads\/2025\/06\/pyrasied.jpg\",\"contentUrl\":\"https:\/\/shop.pyrasied.com\/wp-content\/uploads\/2025\/06\/pyrasied.jpg\",\"width\":1200,\"height\":630,\"caption\":\"Pyrasied\"},\"image\":{\"@id\":\"https:\/\/shop.pyrasied.com\/de\/#\/schema\/logo\/image\/\"},\"sameAs\":[\"https:\/\/www.facebook.com\/Pyrasied\/\",\"https:\/\/www.instagram.com\/pyrasied\/\"]}]}<\/script>\n<!-- \/ Yoast SEO plugin. -->","yoast_head_json":{"title":"PETG klar und satiniert | Pyrasied","description":"PETG aus Pyrasied: schlagfest, lebensmittelecht, leicht zu verarbeiten und ideal f\u00fcr Beleuchtung, Displays und industrielle Anwendungen.","robots":{"index":"index","follow":"follow","max-snippet":"max-snippet:-1","max-image-preview":"max-image-preview:large","max-video-preview":"max-video-preview:-1"},"canonical":"https:\/\/shop.pyrasied.com\/de\/produkt\/petg\/","og_locale":"de_DE","og_type":"article","og_title":"PETG helder en satijn | Pyrasied","og_description":"PETG van Pyrasied: slagvast, Food Grade, eenvoudig te bewerken en ideaal voor verlichting, displays en industri\u00eble toepassingen.","og_url":"https:\/\/shop.pyrasied.com\/de\/produkt\/petg\/","og_site_name":"Pyrasied","article_publisher":"https:\/\/www.facebook.com\/Pyrasied\/","article_modified_time":"2026-03-30T12:27:38+00:00","og_image":[{"width":1000,"height":1000,"url":"https:\/\/shop.pyrasied.com\/wp-content\/uploads\/2025\/07\/P4001.jpg","type":"image\/jpeg"}],"twitter_card":"summary_large_image","twitter_misc":{"Gesch\u00e4tzte Lesezeit":"3\u00a0Minuten"},"schema":{"@context":"https:\/\/schema.org","@graph":[{"@type":"WebPage","@id":"https:\/\/shop.pyrasied.com\/en\/product\/petg\/","url":"https:\/\/shop.pyrasied.com\/en\/product\/petg\/","name":"PETG klar und satiniert | Pyrasied","isPartOf":{"@id":"https:\/\/shop.pyrasied.com\/de\/#website"},"primaryImageOfPage":{"@id":"https:\/\/shop.pyrasied.com\/en\/product\/petg\/#primaryimage"},"image":{"@id":"https:\/\/shop.pyrasied.com\/en\/product\/petg\/#primaryimage"},"thumbnailUrl":"https:\/\/shop.pyrasied.com\/wp-content\/uploads\/2025\/07\/P4001.jpg","datePublished":"2025-07-15T14:28:37+00:00","dateModified":"2026-03-30T12:27:38+00:00","description":"PETG aus Pyrasied: schlagfest, lebensmittelecht, leicht zu verarbeiten und ideal f\u00fcr Beleuchtung, Displays und industrielle Anwendungen.","breadcrumb":{"@id":"https:\/\/shop.pyrasied.com\/en\/product\/petg\/#breadcrumb"},"inLanguage":"de","potentialAction":[{"@type":"ReadAction","target":["https:\/\/shop.pyrasied.com\/en\/product\/petg\/"]}]},{"@type":"ImageObject","inLanguage":"de","@id":"https:\/\/shop.pyrasied.com\/en\/product\/petg\/#primaryimage","url":"https:\/\/shop.pyrasied.com\/wp-content\/uploads\/2025\/07\/P4001.jpg","contentUrl":"https:\/\/shop.pyrasied.com\/wp-content\/uploads\/2025\/07\/P4001.jpg","width":1000,"height":1000,"caption":"PETG helder en satijn"},{"@type":"BreadcrumbList","@id":"https:\/\/shop.pyrasied.com\/en\/product\/petg\/#breadcrumb","itemListElement":[{"@type":"ListItem","position":1,"name":"Home","item":"https:\/\/shop.pyrasied.com\/nl\/"},{"@type":"ListItem","position":2,"name":"Materialen","item":"https:\/\/shop.pyrasied.com\/nl\/materialen\/"},{"@type":"ListItem","position":3,"name":"Polycarbonaat \/ PETG","item":"http:\/\/shop.pyrasied.com\/nl\/materialen\/polycarbonaat-petg\/"},{"@type":"ListItem","position":4,"name":"PETG helder en satijn"}]},{"@type":"WebSite","@id":"https:\/\/shop.pyrasied.com\/de\/#website","url":"https:\/\/shop.pyrasied.com\/de\/","name":"Pyrasied","description":"Aus Liebe zum Material","publisher":{"@id":"https:\/\/shop.pyrasied.com\/de\/#organization"},"potentialAction":[{"@type":"SearchAction","target":{"@type":"EntryPoint","urlTemplate":"https:\/\/shop.pyrasied.com\/de\/?s={search_term_string}"},"query-input":{"@type":"PropertyValueSpecification","valueRequired":true,"valueName":"search_term_string"}}],"inLanguage":"de"},{"@type":"Organization","@id":"https:\/\/shop.pyrasied.com\/de\/#organization","name":"Pyrasied","url":"https:\/\/shop.pyrasied.com\/de\/","logo":{"@type":"ImageObject","inLanguage":"de","@id":"https:\/\/shop.pyrasied.com\/de\/#\/schema\/logo\/image\/","url":"https:\/\/shop.pyrasied.com\/wp-content\/uploads\/2025\/06\/pyrasied.jpg","contentUrl":"https:\/\/shop.pyrasied.com\/wp-content\/uploads\/2025\/06\/pyrasied.jpg","width":1200,"height":630,"caption":"Pyrasied"},"image":{"@id":"https:\/\/shop.pyrasied.com\/de\/#\/schema\/logo\/image\/"},"sameAs":["https:\/\/www.facebook.com\/Pyrasied\/","https:\/\/www.instagram.com\/pyrasied\/"]}]}},"_links":{"self":[{"href":"https:\/\/shop.pyrasied.com\/de\/wp-json\/wp\/v2\/product\/12367","targetHints":{"allow":["GET"]}}],"collection":[{"href":"https:\/\/shop.pyrasied.com\/de\/wp-json\/wp\/v2\/product"}],"about":[{"href":"https:\/\/shop.pyrasied.com\/de\/wp-json\/wp\/v2\/types\/product"}],"wp:featuredmedia":[{"embeddable":true,"href":"https:\/\/shop.pyrasied.com\/de\/wp-json\/wp\/v2\/media\/13311"}],"wp:attachment":[{"href":"https:\/\/shop.pyrasied.com\/de\/wp-json\/wp\/v2\/media?parent=12367"}],"wp:term":[{"taxonomy":"product_brand","embeddable":true,"href":"https:\/\/shop.pyrasied.com\/de\/wp-json\/wp\/v2\/product_brand?post=12367"},{"taxonomy":"product_cat","embeddable":true,"href":"https:\/\/shop.pyrasied.com\/de\/wp-json\/wp\/v2\/product_cat?post=12367"},{"taxonomy":"product_tag","embeddable":true,"href":"https:\/\/shop.pyrasied.com\/de\/wp-json\/wp\/v2\/product_tag?post=12367"}],"curies":[{"name":"wp","href":"https:\/\/api.w.org\/{rel}","templated":true}]}}