{"id":12182,"date":"2025-07-14T15:36:40","date_gmt":"2025-07-14T15:36:40","guid":{"rendered":"https:\/\/pyrasiedshop.nl\/product\/solid-surface-outlet\/"},"modified":"2026-03-30T12:26:55","modified_gmt":"2026-03-30T12:26:55","slug":"solid-surface-outlet","status":"publish","type":"product","link":"https:\/\/shop.pyrasied.com\/de\/produkt\/solid-surface-outlet\/","title":{"rendered":"Solid Surface outlet"},"content":{"rendered":"<p><strong>Langlebig, stilvoll und preiswert in unserem Solid Surface Outlet<\/strong><\/p>\n<p>Entdecken Sie unsere Outlet-Kollektion von Solid Surface-Platten. Hier finden Sie hochwertige, langlebige Materialien zu einem g\u00fcnstigen Preis. Solid Surface besteht aus einer Mischung aus mineralischen Partikeln, bindendem Harz und Farbpigmenten. Dank dieser Zusammensetzung ist das Material strapazierf\u00e4hig, langlebig und eignet sich hervorragend f\u00fcr die intensive Nutzung in Innenr\u00e4umen.<\/p>\n<p>Pyrasied bietet in seiner Verkaufsstelle mehrere Marken von Mineralwerkstoffen an:<\/p>\n<ul>\n<li><strong>Marlan<\/strong> - Nachhaltig produziert in den Niederlanden und Cradle-to-Cradle-zertifiziert.<\/li>\n<li><strong>Durat<\/strong> - Die weltweit erste Mineralwerkstoffmarke mit recyceltem Material.<\/li>\n<li><strong>Versato Translucent Stone<\/strong>\u00a0- Die Kunststoffversion von Alabaster, Marmor oder Onyx, mit dem luxuri\u00f6sen Aussehen von Naturstein, aber zu einem g\u00fcnstigeren Preis.<\/li>\n<\/ul>\n<p>Ob Sie sich f\u00fcr eine runde L\u00f6sung oder eine \u00e4sthetische Alternative zu Naturstein entscheiden. In der Verkaufsstelle finden Sie Spitzenqualit\u00e4t zu wettbewerbsf\u00e4higen Preisen.<\/p>","protected":false},"excerpt":{"rendered":"<p>Langlebig, stilvoll und preiswert in unserem Solid Surface Outlet Entdecken Sie unsere Outlet-Kollektion von Solid Surface-Platten. Hier finden Sie hochwertige, langlebige Materialien zu g\u00fcnstigen Preisen. Solid Surface besteht aus einer Mischung aus mineralischen Partikeln, bindendem Harz und Farbpigmenten. Dank dieser Zusammensetzung ist das Material strapazierf\u00e4hig, langlebig und eignet sich hervorragend f\u00fcr die intensive Nutzung in Innenr\u00e4umen. Pyrasied bietet verschiedene [...]<\/p>","protected":false},"featured_media":13496,"template":"","meta":{"_acf_changed":false},"product_brand":[],"product_cat":[36],"product_tag":[],"class_list":{"0":"post-12182","1":"product","2":"type-product","3":"status-publish","4":"has-post-thumbnail","6":"product_cat-pyrasied-outlet","8":"first","9":"instock","10":"taxable","11":"shipping-taxable","12":"purchasable","13":"product-type-variable"},"acf":[],"yoast_head":"<!-- This site is optimized with the Yoast SEO plugin v26.0 - https:\/\/yoast.com\/wordpress\/plugins\/seo\/ -->\n<title>Solid Surface outlet | Pyrasied<\/title>\n<meta name=\"description\" content=\"Ontdek onze Solid Surface outlet \u2013 hoogwaardige kunststoffen en aanbiedingen voor betaalbare, duurzame en stijlvolle interieuroplossingen.\" \/>\n<meta name=\"robots\" content=\"index, follow, max-snippet:-1, max-image-preview:large, max-video-preview:-1\" \/>\n<link rel=\"canonical\" href=\"https:\/\/shop.pyrasied.com\/de\/produkt\/solid-surface-outlet\/\" \/>\n<meta property=\"og:locale\" content=\"de_DE\" \/>\n<meta property=\"og:type\" content=\"article\" \/>\n<meta property=\"og:title\" content=\"Solid Surface outlet | Pyrasied\" \/>\n<meta property=\"og:description\" content=\"Ontdek onze Solid Surface outlet \u2013 hoogwaardige kunststoffen en aanbiedingen voor betaalbare, duurzame en stijlvolle interieuroplossingen.\" \/>\n<meta property=\"og:url\" content=\"https:\/\/shop.pyrasied.com\/de\/produkt\/solid-surface-outlet\/\" \/>\n<meta property=\"og:site_name\" content=\"Pyrasied\" \/>\n<meta property=\"article:publisher\" content=\"https:\/\/www.facebook.com\/Pyrasied\/\" \/>\n<meta property=\"article:modified_time\" content=\"2026-03-30T12:26:55+00:00\" \/>\n<meta property=\"og:image\" content=\"https:\/\/shop.pyrasied.com\/wp-content\/uploads\/2025\/07\/Solid-Surface-materiaal-PyraSied-Xtreme-Acrylic.jpg\" \/>\n\t<meta property=\"og:image:width\" content=\"1000\" \/>\n\t<meta property=\"og:image:height\" content=\"1000\" \/>\n\t<meta property=\"og:image:type\" content=\"image\/jpeg\" \/>\n<meta name=\"twitter:card\" content=\"summary_large_image\" \/>\n<meta name=\"twitter:label1\" content=\"Gesch\u00e4tzte Lesezeit\" \/>\n\t<meta name=\"twitter:data1\" content=\"1\u00a0Minute\" \/>\n<script type=\"application\/ld+json\" class=\"yoast-schema-graph\">{\"@context\":\"https:\/\/schema.org\",\"@graph\":[{\"@type\":\"WebPage\",\"@id\":\"https:\/\/shop.pyrasied.com\/product\/solid-surface-outlet\/\",\"url\":\"https:\/\/shop.pyrasied.com\/product\/solid-surface-outlet\/\",\"name\":\"Solid Surface outlet | Pyrasied\",\"isPartOf\":{\"@id\":\"https:\/\/shop.pyrasied.com\/de\/#website\"},\"primaryImageOfPage\":{\"@id\":\"https:\/\/shop.pyrasied.com\/product\/solid-surface-outlet\/#primaryimage\"},\"image\":{\"@id\":\"https:\/\/shop.pyrasied.com\/product\/solid-surface-outlet\/#primaryimage\"},\"thumbnailUrl\":\"https:\/\/shop.pyrasied.com\/wp-content\/uploads\/2025\/07\/Solid-Surface-materiaal-PyraSied-Xtreme-Acrylic.jpg\",\"datePublished\":\"2025-07-14T15:36:40+00:00\",\"dateModified\":\"2026-03-30T12:26:55+00:00\",\"description\":\"Ontdek onze Solid Surface outlet \u2013 hoogwaardige kunststoffen en aanbiedingen voor betaalbare, duurzame en stijlvolle interieuroplossingen.\",\"breadcrumb\":{\"@id\":\"https:\/\/shop.pyrasied.com\/product\/solid-surface-outlet\/#breadcrumb\"},\"inLanguage\":\"de\",\"potentialAction\":[{\"@type\":\"ReadAction\",\"target\":[\"https:\/\/shop.pyrasied.com\/product\/solid-surface-outlet\/\"]}]},{\"@type\":\"ImageObject\",\"inLanguage\":\"de\",\"@id\":\"https:\/\/shop.pyrasied.com\/product\/solid-surface-outlet\/#primaryimage\",\"url\":\"https:\/\/shop.pyrasied.com\/wp-content\/uploads\/2025\/07\/Solid-Surface-materiaal-PyraSied-Xtreme-Acrylic.jpg\",\"contentUrl\":\"https:\/\/shop.pyrasied.com\/wp-content\/uploads\/2025\/07\/Solid-Surface-materiaal-PyraSied-Xtreme-Acrylic.jpg\",\"width\":1000,\"height\":1000,\"caption\":\"Solid Surface outlet Durat Translucent Stone Marlan\"},{\"@type\":\"BreadcrumbList\",\"@id\":\"https:\/\/shop.pyrasied.com\/product\/solid-surface-outlet\/#breadcrumb\",\"itemListElement\":[{\"@type\":\"ListItem\",\"position\":1,\"name\":\"Home\",\"item\":\"https:\/\/shop.pyrasied.com\/nl\/\"},{\"@type\":\"ListItem\",\"position\":2,\"name\":\"Materialen\",\"item\":\"https:\/\/shop.pyrasied.com\/nl\/materialen\/\"},{\"@type\":\"ListItem\",\"position\":3,\"name\":\"Outlet\",\"item\":\"https:\/\/shop.pyrasied.com\/materialen\/pyrasied-outlet\/\"},{\"@type\":\"ListItem\",\"position\":4,\"name\":\"Solid Surface outlet\"}]},{\"@type\":\"WebSite\",\"@id\":\"https:\/\/shop.pyrasied.com\/de\/#website\",\"url\":\"https:\/\/shop.pyrasied.com\/de\/\",\"name\":\"Pyrasied\",\"description\":\"Uit liefde voor materiaal\",\"publisher\":{\"@id\":\"https:\/\/shop.pyrasied.com\/de\/#organization\"},\"potentialAction\":[{\"@type\":\"SearchAction\",\"target\":{\"@type\":\"EntryPoint\",\"urlTemplate\":\"https:\/\/shop.pyrasied.com\/de\/?s={search_term_string}\"},\"query-input\":{\"@type\":\"PropertyValueSpecification\",\"valueRequired\":true,\"valueName\":\"search_term_string\"}}],\"inLanguage\":\"de\"},{\"@type\":\"Organization\",\"@id\":\"https:\/\/shop.pyrasied.com\/de\/#organization\",\"name\":\"Pyrasied\",\"url\":\"https:\/\/shop.pyrasied.com\/de\/\",\"logo\":{\"@type\":\"ImageObject\",\"inLanguage\":\"de\",\"@id\":\"https:\/\/shop.pyrasied.com\/de\/#\/schema\/logo\/image\/\",\"url\":\"https:\/\/shop.pyrasied.com\/wp-content\/uploads\/2025\/06\/pyrasied.jpg\",\"contentUrl\":\"https:\/\/shop.pyrasied.com\/wp-content\/uploads\/2025\/06\/pyrasied.jpg\",\"width\":1200,\"height\":630,\"caption\":\"Pyrasied\"},\"image\":{\"@id\":\"https:\/\/shop.pyrasied.com\/de\/#\/schema\/logo\/image\/\"},\"sameAs\":[\"https:\/\/www.facebook.com\/Pyrasied\/\",\"https:\/\/www.instagram.com\/pyrasied\/\"]}]}<\/script>\n<!-- \/ Yoast SEO plugin. -->","yoast_head_json":{"title":"Auslass aus Mineralwerkstoff | Pyrasied","description":"Entdecken Sie unser Solid Surface Outlet - hochwertige Kunststoffe und Angebote f\u00fcr erschwingliche, langlebige und stilvolle Innenrauml\u00f6sungen.","robots":{"index":"index","follow":"follow","max-snippet":"max-snippet:-1","max-image-preview":"max-image-preview:large","max-video-preview":"max-video-preview:-1"},"canonical":"https:\/\/shop.pyrasied.com\/de\/produkt\/solid-surface-outlet\/","og_locale":"de_DE","og_type":"article","og_title":"Solid Surface outlet | Pyrasied","og_description":"Ontdek onze Solid Surface outlet \u2013 hoogwaardige kunststoffen en aanbiedingen voor betaalbare, duurzame en stijlvolle interieuroplossingen.","og_url":"https:\/\/shop.pyrasied.com\/de\/produkt\/solid-surface-outlet\/","og_site_name":"Pyrasied","article_publisher":"https:\/\/www.facebook.com\/Pyrasied\/","article_modified_time":"2026-03-30T12:26:55+00:00","og_image":[{"width":1000,"height":1000,"url":"https:\/\/shop.pyrasied.com\/wp-content\/uploads\/2025\/07\/Solid-Surface-materiaal-PyraSied-Xtreme-Acrylic.jpg","type":"image\/jpeg"}],"twitter_card":"summary_large_image","twitter_misc":{"Gesch\u00e4tzte Lesezeit":"1\u00a0Minute"},"schema":{"@context":"https:\/\/schema.org","@graph":[{"@type":"WebPage","@id":"https:\/\/shop.pyrasied.com\/product\/solid-surface-outlet\/","url":"https:\/\/shop.pyrasied.com\/product\/solid-surface-outlet\/","name":"Auslass aus Mineralwerkstoff | Pyrasied","isPartOf":{"@id":"https:\/\/shop.pyrasied.com\/de\/#website"},"primaryImageOfPage":{"@id":"https:\/\/shop.pyrasied.com\/product\/solid-surface-outlet\/#primaryimage"},"image":{"@id":"https:\/\/shop.pyrasied.com\/product\/solid-surface-outlet\/#primaryimage"},"thumbnailUrl":"https:\/\/shop.pyrasied.com\/wp-content\/uploads\/2025\/07\/Solid-Surface-materiaal-PyraSied-Xtreme-Acrylic.jpg","datePublished":"2025-07-14T15:36:40+00:00","dateModified":"2026-03-30T12:26:55+00:00","description":"Entdecken Sie unser Solid Surface Outlet - hochwertige Kunststoffe und Angebote f\u00fcr erschwingliche, langlebige und stilvolle Innenrauml\u00f6sungen.","breadcrumb":{"@id":"https:\/\/shop.pyrasied.com\/product\/solid-surface-outlet\/#breadcrumb"},"inLanguage":"de","potentialAction":[{"@type":"ReadAction","target":["https:\/\/shop.pyrasied.com\/product\/solid-surface-outlet\/"]}]},{"@type":"ImageObject","inLanguage":"de","@id":"https:\/\/shop.pyrasied.com\/product\/solid-surface-outlet\/#primaryimage","url":"https:\/\/shop.pyrasied.com\/wp-content\/uploads\/2025\/07\/Solid-Surface-materiaal-PyraSied-Xtreme-Acrylic.jpg","contentUrl":"https:\/\/shop.pyrasied.com\/wp-content\/uploads\/2025\/07\/Solid-Surface-materiaal-PyraSied-Xtreme-Acrylic.jpg","width":1000,"height":1000,"caption":"Solid Surface outlet Durat Translucent Stone Marlan"},{"@type":"BreadcrumbList","@id":"https:\/\/shop.pyrasied.com\/product\/solid-surface-outlet\/#breadcrumb","itemListElement":[{"@type":"ListItem","position":1,"name":"Home","item":"https:\/\/shop.pyrasied.com\/nl\/"},{"@type":"ListItem","position":2,"name":"Materialen","item":"https:\/\/shop.pyrasied.com\/nl\/materialen\/"},{"@type":"ListItem","position":3,"name":"Outlet","item":"https:\/\/shop.pyrasied.com\/materialen\/pyrasied-outlet\/"},{"@type":"ListItem","position":4,"name":"Solid Surface outlet"}]},{"@type":"WebSite","@id":"https:\/\/shop.pyrasied.com\/de\/#website","url":"https:\/\/shop.pyrasied.com\/de\/","name":"Pyrasied","description":"Aus Liebe zum Material","publisher":{"@id":"https:\/\/shop.pyrasied.com\/de\/#organization"},"potentialAction":[{"@type":"SearchAction","target":{"@type":"EntryPoint","urlTemplate":"https:\/\/shop.pyrasied.com\/de\/?s={search_term_string}"},"query-input":{"@type":"PropertyValueSpecification","valueRequired":true,"valueName":"search_term_string"}}],"inLanguage":"de"},{"@type":"Organization","@id":"https:\/\/shop.pyrasied.com\/de\/#organization","name":"Pyrasied","url":"https:\/\/shop.pyrasied.com\/de\/","logo":{"@type":"ImageObject","inLanguage":"de","@id":"https:\/\/shop.pyrasied.com\/de\/#\/schema\/logo\/image\/","url":"https:\/\/shop.pyrasied.com\/wp-content\/uploads\/2025\/06\/pyrasied.jpg","contentUrl":"https:\/\/shop.pyrasied.com\/wp-content\/uploads\/2025\/06\/pyrasied.jpg","width":1200,"height":630,"caption":"Pyrasied"},"image":{"@id":"https:\/\/shop.pyrasied.com\/de\/#\/schema\/logo\/image\/"},"sameAs":["https:\/\/www.facebook.com\/Pyrasied\/","https:\/\/www.instagram.com\/pyrasied\/"]}]}},"_links":{"self":[{"href":"https:\/\/shop.pyrasied.com\/de\/wp-json\/wp\/v2\/product\/12182","targetHints":{"allow":["GET"]}}],"collection":[{"href":"https:\/\/shop.pyrasied.com\/de\/wp-json\/wp\/v2\/product"}],"about":[{"href":"https:\/\/shop.pyrasied.com\/de\/wp-json\/wp\/v2\/types\/product"}],"wp:featuredmedia":[{"embeddable":true,"href":"https:\/\/shop.pyrasied.com\/de\/wp-json\/wp\/v2\/media\/13496"}],"wp:attachment":[{"href":"https:\/\/shop.pyrasied.com\/de\/wp-json\/wp\/v2\/media?parent=12182"}],"wp:term":[{"taxonomy":"product_brand","embeddable":true,"href":"https:\/\/shop.pyrasied.com\/de\/wp-json\/wp\/v2\/product_brand?post=12182"},{"taxonomy":"product_cat","embeddable":true,"href":"https:\/\/shop.pyrasied.com\/de\/wp-json\/wp\/v2\/product_cat?post=12182"},{"taxonomy":"product_tag","embeddable":true,"href":"https:\/\/shop.pyrasied.com\/de\/wp-json\/wp\/v2\/product_tag?post=12182"}],"curies":[{"name":"wp","href":"https:\/\/api.w.org\/{rel}","templated":true}]}}