{"id":12108,"date":"2025-07-14T15:36:19","date_gmt":"2025-07-14T15:36:19","guid":{"rendered":"https:\/\/pyrasiedshop.nl\/product\/lichtdiffusers-outlet\/"},"modified":"2026-03-30T12:26:54","modified_gmt":"2026-03-30T12:26:54","slug":"lichtdiffusoren-outlet","status":"publish","type":"product","link":"https:\/\/shop.pyrasied.com\/de\/produkt\/lichtdiffusoren-outlet\/","title":{"rendered":"Lichtdiffusoren Outlet"},"content":{"rendered":"<p>Willkommen in unserem Lichtverteiler Outlet!<\/p>\n<p>Bestellen Sie jetzt auslaufende, qualitativ hochwertige Lichtdiffusoren zu einem g\u00fcnstigen Preis. Der Vorrat ist begrenzt, also seien Sie schnell! Sie k\u00f6nnen alle verf\u00fcgbaren Auslaufversionen einfach \u00fcber diese Seite bestellen. Ben\u00f6tigen Sie andere Typen? Dann werfen Sie einen Blick auf unser komplettes Sortiment.<\/p>\n<p><strong>\u00dcber unsere Lichtdiffusoren<\/strong><br \/>\nPyrasied ist Spezialist f\u00fcr hochwertige Diffusoren, die Licht streuen, b\u00fcndeln oder lenken: mit hoher Lichtdurchl\u00e4ssigkeit und ohne sichtbare Lichtquelle. Dank Nanotechnologie, Pr\u00e4zisionsfertigung und hochwertigen Materialien liefern wir eine gleichbleibend hohe Qualit\u00e4t.<\/p>\n<p><strong>Anwendungen<\/strong><br \/>\nIdeal f\u00fcr Leuchten, Beschilderungen, Displays, Dekoration, M\u00f6bel und Ladenbau und vieles mehr. Unsere Diffusoren bieten minimale Lichtverluste, hohe Farbreinheit und individuelle Gestaltung.<\/p>\n<p><strong>Betrieb<\/strong><br \/>\nErh\u00e4ltlich in Acryl, Polycarbonat, PETG und Polystyrol. Je nach Typ k\u00f6nnen sie geschnitten, gefr\u00e4st, gebogen, geklebt, bedruckt und vieles mehr werden.<\/p>\n<p>Zus\u00e4tzlich zu unseren Lichtdiffusoren bietet Pyrasied eine breite Palette von Materialien - von <a href=\"https:\/\/shop.pyrasied.com\/de\/materialien\/acryl\/\">Acryl<\/a> und <a href=\"https:\/\/shop.pyrasied.com\/de\/materialien\/feste-oberflache\/\">Feste Oberfl\u00e4che<\/a> zu <a href=\"https:\/\/shop.pyrasied.com\/de\/materialien\/polycarbonat-petg\/\">Polycarbonat<\/a> und vieles mehr.<\/p>","protected":false},"excerpt":{"rendered":"<p>Willkommen in unserem Lichtdiffusoren Outlet! Bestellen Sie jetzt auslaufende Lichtdiffusoren von hoher Qualit\u00e4t zu einem g\u00fcnstigen Preis. Der Vorrat ist begrenzt, also seien Sie schnell! Alle verf\u00fcgbaren Auslassvarianten k\u00f6nnen Sie ganz einfach \u00fcber diese Seite bestellen. Ben\u00f6tigen Sie andere Typen? Dann werfen Sie einen Blick auf unser komplettes Sortiment. \u00dcber unsere Lichtdiffusoren Pyrasied ist Spezialist f\u00fcr hochwertige Diffusoren, die das Licht streuen, b\u00fcndeln [...]<\/p>","protected":false},"featured_media":13550,"template":"","meta":{"_acf_changed":false},"product_brand":[],"product_cat":[36],"product_tag":[],"class_list":{"0":"post-12108","1":"product","2":"type-product","3":"status-publish","4":"has-post-thumbnail","6":"product_cat-pyrasied-outlet","8":"first","9":"instock","10":"taxable","11":"shipping-taxable","12":"purchasable","13":"product-type-variable"},"acf":[],"yoast_head":"<!-- This site is optimized with the Yoast SEO plugin v26.0 - https:\/\/yoast.com\/wordpress\/plugins\/seo\/ -->\n<title>Lichtdiffusers outlet | Pyrasied<\/title>\n<meta name=\"description\" content=\"Lichtdiffusers outlet \u2013 bestel hoogwaardige diffusers voor armaturen, displays en meubels tegen scherpe prijzen. Beperkte voorraad, snel bestellen!\" \/>\n<meta name=\"robots\" content=\"index, follow, max-snippet:-1, max-image-preview:large, max-video-preview:-1\" \/>\n<link rel=\"canonical\" href=\"https:\/\/shop.pyrasied.com\/de\/produkt\/lichtdiffusoren-outlet\/\" \/>\n<meta property=\"og:locale\" content=\"de_DE\" \/>\n<meta property=\"og:type\" content=\"article\" \/>\n<meta property=\"og:title\" content=\"Lichtdiffusers outlet | Pyrasied\" \/>\n<meta property=\"og:description\" content=\"Lichtdiffusers outlet \u2013 bestel hoogwaardige diffusers voor armaturen, displays en meubels tegen scherpe prijzen. Beperkte voorraad, snel bestellen!\" \/>\n<meta property=\"og:url\" content=\"https:\/\/shop.pyrasied.com\/de\/produkt\/lichtdiffusoren-outlet\/\" \/>\n<meta property=\"og:site_name\" content=\"Pyrasied\" \/>\n<meta property=\"article:publisher\" content=\"https:\/\/www.facebook.com\/Pyrasied\/\" \/>\n<meta property=\"article:modified_time\" content=\"2026-03-30T12:26:54+00:00\" \/>\n<meta property=\"og:image\" content=\"https:\/\/shop.pyrasied.com\/wp-content\/uploads\/2025\/07\/Lichtdiffusers-2.jpg\" \/>\n\t<meta property=\"og:image:width\" content=\"1000\" \/>\n\t<meta property=\"og:image:height\" content=\"1000\" \/>\n\t<meta property=\"og:image:type\" content=\"image\/jpeg\" \/>\n<meta name=\"twitter:card\" content=\"summary_large_image\" \/>\n<meta name=\"twitter:label1\" content=\"Gesch\u00e4tzte Lesezeit\" \/>\n\t<meta name=\"twitter:data1\" content=\"1\u00a0Minute\" \/>\n<script type=\"application\/ld+json\" class=\"yoast-schema-graph\">{\"@context\":\"https:\/\/schema.org\",\"@graph\":[{\"@type\":\"WebPage\",\"@id\":\"https:\/\/shop.pyrasied.com\/product\/lichtdiffusers-outlet\/\",\"url\":\"https:\/\/shop.pyrasied.com\/product\/lichtdiffusers-outlet\/\",\"name\":\"Lichtdiffusers outlet | Pyrasied\",\"isPartOf\":{\"@id\":\"https:\/\/shop.pyrasied.com\/de\/#website\"},\"primaryImageOfPage\":{\"@id\":\"https:\/\/shop.pyrasied.com\/product\/lichtdiffusers-outlet\/#primaryimage\"},\"image\":{\"@id\":\"https:\/\/shop.pyrasied.com\/product\/lichtdiffusers-outlet\/#primaryimage\"},\"thumbnailUrl\":\"https:\/\/shop.pyrasied.com\/wp-content\/uploads\/2025\/07\/Lichtdiffusers-2.jpg\",\"datePublished\":\"2025-07-14T15:36:19+00:00\",\"dateModified\":\"2026-03-30T12:26:54+00:00\",\"description\":\"Lichtdiffusers outlet \u2013 bestel hoogwaardige diffusers voor armaturen, displays en meubels tegen scherpe prijzen. Beperkte voorraad, snel bestellen!\",\"breadcrumb\":{\"@id\":\"https:\/\/shop.pyrasied.com\/product\/lichtdiffusers-outlet\/#breadcrumb\"},\"inLanguage\":\"de\",\"potentialAction\":[{\"@type\":\"ReadAction\",\"target\":[\"https:\/\/shop.pyrasied.com\/product\/lichtdiffusers-outlet\/\"]}]},{\"@type\":\"ImageObject\",\"inLanguage\":\"de\",\"@id\":\"https:\/\/shop.pyrasied.com\/product\/lichtdiffusers-outlet\/#primaryimage\",\"url\":\"https:\/\/shop.pyrasied.com\/wp-content\/uploads\/2025\/07\/Lichtdiffusers-2.jpg\",\"contentUrl\":\"https:\/\/shop.pyrasied.com\/wp-content\/uploads\/2025\/07\/Lichtdiffusers-2.jpg\",\"width\":1000,\"height\":1000,\"caption\":\"Lichtdiffusers outlet\"},{\"@type\":\"BreadcrumbList\",\"@id\":\"https:\/\/shop.pyrasied.com\/product\/lichtdiffusers-outlet\/#breadcrumb\",\"itemListElement\":[{\"@type\":\"ListItem\",\"position\":1,\"name\":\"Home\",\"item\":\"https:\/\/shop.pyrasied.com\/nl\/\"},{\"@type\":\"ListItem\",\"position\":2,\"name\":\"Materialen\",\"item\":\"https:\/\/shop.pyrasied.com\/nl\/materialen\/\"},{\"@type\":\"ListItem\",\"position\":3,\"name\":\"Outlet\",\"item\":\"https:\/\/shop.pyrasied.com\/materialen\/pyrasied-outlet\/\"},{\"@type\":\"ListItem\",\"position\":4,\"name\":\"Lichtdiffusers outlet\"}]},{\"@type\":\"WebSite\",\"@id\":\"https:\/\/shop.pyrasied.com\/de\/#website\",\"url\":\"https:\/\/shop.pyrasied.com\/de\/\",\"name\":\"Pyrasied\",\"description\":\"Uit liefde voor materiaal\",\"publisher\":{\"@id\":\"https:\/\/shop.pyrasied.com\/de\/#organization\"},\"potentialAction\":[{\"@type\":\"SearchAction\",\"target\":{\"@type\":\"EntryPoint\",\"urlTemplate\":\"https:\/\/shop.pyrasied.com\/de\/?s={search_term_string}\"},\"query-input\":{\"@type\":\"PropertyValueSpecification\",\"valueRequired\":true,\"valueName\":\"search_term_string\"}}],\"inLanguage\":\"de\"},{\"@type\":\"Organization\",\"@id\":\"https:\/\/shop.pyrasied.com\/de\/#organization\",\"name\":\"Pyrasied\",\"url\":\"https:\/\/shop.pyrasied.com\/de\/\",\"logo\":{\"@type\":\"ImageObject\",\"inLanguage\":\"de\",\"@id\":\"https:\/\/shop.pyrasied.com\/de\/#\/schema\/logo\/image\/\",\"url\":\"https:\/\/shop.pyrasied.com\/wp-content\/uploads\/2025\/06\/pyrasied.jpg\",\"contentUrl\":\"https:\/\/shop.pyrasied.com\/wp-content\/uploads\/2025\/06\/pyrasied.jpg\",\"width\":1200,\"height\":630,\"caption\":\"Pyrasied\"},\"image\":{\"@id\":\"https:\/\/shop.pyrasied.com\/de\/#\/schema\/logo\/image\/\"},\"sameAs\":[\"https:\/\/www.facebook.com\/Pyrasied\/\",\"https:\/\/www.instagram.com\/pyrasied\/\"]}]}<\/script>\n<!-- \/ Yoast SEO plugin. -->","yoast_head_json":{"title":"Lichtdiffusoren Auslass | Pyrasied","description":"Lichtdiffusoren Outlet - bestellen Sie hochwertige Diffusoren f\u00fcr Leuchten, Displays und M\u00f6bel zu g\u00fcnstigen Preisen. Begrenzter Vorrat, schnell bestellen!","robots":{"index":"index","follow":"follow","max-snippet":"max-snippet:-1","max-image-preview":"max-image-preview:large","max-video-preview":"max-video-preview:-1"},"canonical":"https:\/\/shop.pyrasied.com\/de\/produkt\/lichtdiffusoren-outlet\/","og_locale":"de_DE","og_type":"article","og_title":"Lichtdiffusers outlet | Pyrasied","og_description":"Lichtdiffusers outlet \u2013 bestel hoogwaardige diffusers voor armaturen, displays en meubels tegen scherpe prijzen. Beperkte voorraad, snel bestellen!","og_url":"https:\/\/shop.pyrasied.com\/de\/produkt\/lichtdiffusoren-outlet\/","og_site_name":"Pyrasied","article_publisher":"https:\/\/www.facebook.com\/Pyrasied\/","article_modified_time":"2026-03-30T12:26:54+00:00","og_image":[{"width":1000,"height":1000,"url":"https:\/\/shop.pyrasied.com\/wp-content\/uploads\/2025\/07\/Lichtdiffusers-2.jpg","type":"image\/jpeg"}],"twitter_card":"summary_large_image","twitter_misc":{"Gesch\u00e4tzte Lesezeit":"1\u00a0Minute"},"schema":{"@context":"https:\/\/schema.org","@graph":[{"@type":"WebPage","@id":"https:\/\/shop.pyrasied.com\/product\/lichtdiffusers-outlet\/","url":"https:\/\/shop.pyrasied.com\/product\/lichtdiffusers-outlet\/","name":"Lichtdiffusoren Auslass | Pyrasied","isPartOf":{"@id":"https:\/\/shop.pyrasied.com\/de\/#website"},"primaryImageOfPage":{"@id":"https:\/\/shop.pyrasied.com\/product\/lichtdiffusers-outlet\/#primaryimage"},"image":{"@id":"https:\/\/shop.pyrasied.com\/product\/lichtdiffusers-outlet\/#primaryimage"},"thumbnailUrl":"https:\/\/shop.pyrasied.com\/wp-content\/uploads\/2025\/07\/Lichtdiffusers-2.jpg","datePublished":"2025-07-14T15:36:19+00:00","dateModified":"2026-03-30T12:26:54+00:00","description":"Lichtdiffusoren Outlet - bestellen Sie hochwertige Diffusoren f\u00fcr Leuchten, Displays und M\u00f6bel zu g\u00fcnstigen Preisen. Begrenzter Vorrat, schnell bestellen!","breadcrumb":{"@id":"https:\/\/shop.pyrasied.com\/product\/lichtdiffusers-outlet\/#breadcrumb"},"inLanguage":"de","potentialAction":[{"@type":"ReadAction","target":["https:\/\/shop.pyrasied.com\/product\/lichtdiffusers-outlet\/"]}]},{"@type":"ImageObject","inLanguage":"de","@id":"https:\/\/shop.pyrasied.com\/product\/lichtdiffusers-outlet\/#primaryimage","url":"https:\/\/shop.pyrasied.com\/wp-content\/uploads\/2025\/07\/Lichtdiffusers-2.jpg","contentUrl":"https:\/\/shop.pyrasied.com\/wp-content\/uploads\/2025\/07\/Lichtdiffusers-2.jpg","width":1000,"height":1000,"caption":"Lichtdiffusers outlet"},{"@type":"BreadcrumbList","@id":"https:\/\/shop.pyrasied.com\/product\/lichtdiffusers-outlet\/#breadcrumb","itemListElement":[{"@type":"ListItem","position":1,"name":"Home","item":"https:\/\/shop.pyrasied.com\/nl\/"},{"@type":"ListItem","position":2,"name":"Materialen","item":"https:\/\/shop.pyrasied.com\/nl\/materialen\/"},{"@type":"ListItem","position":3,"name":"Outlet","item":"https:\/\/shop.pyrasied.com\/materialen\/pyrasied-outlet\/"},{"@type":"ListItem","position":4,"name":"Lichtdiffusers outlet"}]},{"@type":"WebSite","@id":"https:\/\/shop.pyrasied.com\/de\/#website","url":"https:\/\/shop.pyrasied.com\/de\/","name":"Pyrasied","description":"Aus Liebe zum Material","publisher":{"@id":"https:\/\/shop.pyrasied.com\/de\/#organization"},"potentialAction":[{"@type":"SearchAction","target":{"@type":"EntryPoint","urlTemplate":"https:\/\/shop.pyrasied.com\/de\/?s={search_term_string}"},"query-input":{"@type":"PropertyValueSpecification","valueRequired":true,"valueName":"search_term_string"}}],"inLanguage":"de"},{"@type":"Organization","@id":"https:\/\/shop.pyrasied.com\/de\/#organization","name":"Pyrasied","url":"https:\/\/shop.pyrasied.com\/de\/","logo":{"@type":"ImageObject","inLanguage":"de","@id":"https:\/\/shop.pyrasied.com\/de\/#\/schema\/logo\/image\/","url":"https:\/\/shop.pyrasied.com\/wp-content\/uploads\/2025\/06\/pyrasied.jpg","contentUrl":"https:\/\/shop.pyrasied.com\/wp-content\/uploads\/2025\/06\/pyrasied.jpg","width":1200,"height":630,"caption":"Pyrasied"},"image":{"@id":"https:\/\/shop.pyrasied.com\/de\/#\/schema\/logo\/image\/"},"sameAs":["https:\/\/www.facebook.com\/Pyrasied\/","https:\/\/www.instagram.com\/pyrasied\/"]}]}},"_links":{"self":[{"href":"https:\/\/shop.pyrasied.com\/de\/wp-json\/wp\/v2\/product\/12108","targetHints":{"allow":["GET"]}}],"collection":[{"href":"https:\/\/shop.pyrasied.com\/de\/wp-json\/wp\/v2\/product"}],"about":[{"href":"https:\/\/shop.pyrasied.com\/de\/wp-json\/wp\/v2\/types\/product"}],"wp:featuredmedia":[{"embeddable":true,"href":"https:\/\/shop.pyrasied.com\/de\/wp-json\/wp\/v2\/media\/13550"}],"wp:attachment":[{"href":"https:\/\/shop.pyrasied.com\/de\/wp-json\/wp\/v2\/media?parent=12108"}],"wp:term":[{"taxonomy":"product_brand","embeddable":true,"href":"https:\/\/shop.pyrasied.com\/de\/wp-json\/wp\/v2\/product_brand?post=12108"},{"taxonomy":"product_cat","embeddable":true,"href":"https:\/\/shop.pyrasied.com\/de\/wp-json\/wp\/v2\/product_cat?post=12108"},{"taxonomy":"product_tag","embeddable":true,"href":"https:\/\/shop.pyrasied.com\/de\/wp-json\/wp\/v2\/product_tag?post=12108"}],"curies":[{"name":"wp","href":"https:\/\/api.w.org\/{rel}","templated":true}]}}