{"id":11511,"date":"2025-07-14T15:33:53","date_gmt":"2025-07-14T15:33:53","guid":{"rendered":"https:\/\/pyrasiedshop.nl\/product\/versato-design-outlet\/"},"modified":"2026-03-30T12:32:46","modified_gmt":"2026-03-30T12:32:46","slug":"design-kunststoff-ausgang","status":"publish","type":"product","link":"https:\/\/shop.pyrasied.com\/de\/produkt\/design-kunststoff-ausgang\/","title":{"rendered":"Design Outlet"},"content":{"rendered":"<h2>Willkommen in unserem Designer-Kunststoff-Outlet!<\/h2>\n<p>Pyrasied bietet eine Outlet-Kollektion von hochwertigen Designer-Kunststoffen mit auff\u00e4lligen Materialien, Designs und Farben. Ob Sie sich f\u00fcr leuchtende Farben oder zeitlose Designs entscheiden, in unserem Outlet finden Sie interessante Angebote und einzigartige Restposten zu g\u00fcnstigen Preisen.<\/p>\n<h3>Unbegrenzte Kreativit\u00e4t<\/h3>\n<p>Bei Pyrasied steht die Kreativit\u00e4t im Vordergrund. Unsere Designer-Kunststoffe eignen sich f\u00fcr zahlreiche Anwendungen, von M\u00f6beln und Inneneinrichtungen bis hin zu Displays, Wandverkleidungen und Produktdesigns. Die Vielfalt an Farben, Texturen und Materialien erm\u00f6glicht es Ihnen, fast jede Idee zum Leben zu erwecken.<\/p>\n<p><strong>Anmerkung:<\/strong> Da es sich um eine Outlet-Kollektion handelt, sind nicht immer alle Farben und Varianten vorr\u00e4tig. Warten Sie also nicht zu lange, um Ihr Lieblingsmaterial zu bestellen.<\/p>\n<h3>Betrieb<\/h3>\n<p>Unsere Designer-Kunststoffe sind leicht zu bearbeiten und lassen Ihnen viel Freiheit bei der Umsetzung Ihrer Projekte. Je nach Art des Materials k\u00f6nnen sie ges\u00e4gt, gefr\u00e4st, gebogen, geklebt, poliert, bedruckt und vieles mehr werden.<\/p>\n<h3>Breite Palette<\/h3>\n<p>Zus\u00e4tzlich zu unserem Design Plastics Outlet bietet Pyrasied ein umfangreiches Sortiment an anderen hochwertigen Materialien, darunter Mineralwerkstoffe, Polycarbonat, technische Kunststoffe und vieles mehr. So k\u00f6nnen Sie sich f\u00fcr all Ihre kreativen und funktionalen Projekte an uns wenden, von klein bis gro\u00df, mit gleichbleibender Qualit\u00e4t und vielseitigen Anwendungen.<\/p>\n<p>Entdecken Sie jetzt unsere Outlet-Kollektion und <a href=\"https:\/\/shop.pyrasied.com\/de\/materialien\/\">gesamte Palette<\/a> - und geben Sie Ihren Projekten die Materialien, die sie verdienen!<\/p>","protected":false},"excerpt":{"rendered":"<p>Willkommen in unserem Designer-Kunststoff-Outlet! Pyrasied bietet eine Outlet-Kollektion von hochwertigen Designer-Kunststoffen mit auff\u00e4lligen Materialien, Designs und Farben. Ob Sie sich f\u00fcr leuchtende Farben oder zeitlose Designs entscheiden, in unserem Outlet finden Sie interessante Angebote und einzigartige Restposten zu g\u00fcnstigen Preisen. Grenzenlose Kreativit\u00e4t Bei Pyrasied steht die Kreativit\u00e4t im Vordergrund. Unsere Designer-Kunststoffe sind geeignet f\u00fcr [...]<\/p>","protected":false},"featured_media":13552,"template":"","meta":{"_acf_changed":false},"product_brand":[],"product_cat":[44,36,46],"product_tag":[],"class_list":{"0":"post-11511","1":"product","2":"type-product","3":"status-publish","4":"has-post-thumbnail","6":"product_cat-bencore","7":"product_cat-pyrasied-outlet","8":"product_cat-versato","10":"first","11":"instock","12":"taxable","13":"shipping-taxable","14":"purchasable","15":"product-type-variable"},"acf":[],"yoast_head":"<!-- This site is optimized with the Yoast SEO plugin v26.0 - https:\/\/yoast.com\/wordpress\/plugins\/seo\/ -->\n<title>Design kunststoffen Outlet | Pyrasied<\/title>\n<meta name=\"description\" content=\"Design kunststoffen Outlet \u2013 hoogwaardige designkunststoffen in opvallende kleuren en designs tegen scherpe prijzen. Beperkte voorraad, snel bestellen!\" \/>\n<meta name=\"robots\" content=\"index, follow, max-snippet:-1, max-image-preview:large, max-video-preview:-1\" \/>\n<link rel=\"canonical\" href=\"https:\/\/shop.pyrasied.com\/de\/produkt\/design-kunststoff-ausgang\/\" \/>\n<meta property=\"og:locale\" content=\"de_DE\" \/>\n<meta property=\"og:type\" content=\"article\" \/>\n<meta property=\"og:title\" content=\"Design kunststoffen Outlet | Pyrasied\" \/>\n<meta property=\"og:description\" content=\"Design kunststoffen Outlet \u2013 hoogwaardige designkunststoffen in opvallende kleuren en designs tegen scherpe prijzen. Beperkte voorraad, snel bestellen!\" \/>\n<meta property=\"og:url\" content=\"https:\/\/shop.pyrasied.com\/de\/produkt\/design-kunststoff-ausgang\/\" \/>\n<meta property=\"og:site_name\" content=\"Pyrasied\" \/>\n<meta property=\"article:publisher\" content=\"https:\/\/www.facebook.com\/Pyrasied\/\" \/>\n<meta property=\"article:modified_time\" content=\"2026-03-30T12:32:46+00:00\" \/>\n<meta property=\"og:image\" content=\"https:\/\/shop.pyrasied.com\/wp-content\/uploads\/2025\/07\/design-acrylaat-outlet.jpg\" \/>\n\t<meta property=\"og:image:width\" content=\"1000\" \/>\n\t<meta property=\"og:image:height\" content=\"1000\" \/>\n\t<meta property=\"og:image:type\" content=\"image\/jpeg\" \/>\n<meta name=\"twitter:card\" content=\"summary_large_image\" \/>\n<meta name=\"twitter:label1\" content=\"Gesch\u00e4tzte Lesezeit\" \/>\n\t<meta name=\"twitter:data1\" content=\"2\u00a0Minuten\" \/>\n<script type=\"application\/ld+json\" class=\"yoast-schema-graph\">{\"@context\":\"https:\/\/schema.org\",\"@graph\":[{\"@type\":\"WebPage\",\"@id\":\"https:\/\/shop.pyrasied.com\/product\/design-kunststoffen-outlet\/\",\"url\":\"https:\/\/shop.pyrasied.com\/product\/design-kunststoffen-outlet\/\",\"name\":\"Design kunststoffen Outlet | Pyrasied\",\"isPartOf\":{\"@id\":\"https:\/\/shop.pyrasied.com\/de\/#website\"},\"primaryImageOfPage\":{\"@id\":\"https:\/\/shop.pyrasied.com\/product\/design-kunststoffen-outlet\/#primaryimage\"},\"image\":{\"@id\":\"https:\/\/shop.pyrasied.com\/product\/design-kunststoffen-outlet\/#primaryimage\"},\"thumbnailUrl\":\"https:\/\/shop.pyrasied.com\/wp-content\/uploads\/2025\/07\/design-acrylaat-outlet.jpg\",\"datePublished\":\"2025-07-14T15:33:53+00:00\",\"dateModified\":\"2026-03-30T12:32:46+00:00\",\"description\":\"Design kunststoffen Outlet \u2013 hoogwaardige designkunststoffen in opvallende kleuren en designs tegen scherpe prijzen. Beperkte voorraad, snel bestellen!\",\"breadcrumb\":{\"@id\":\"https:\/\/shop.pyrasied.com\/product\/design-kunststoffen-outlet\/#breadcrumb\"},\"inLanguage\":\"de\",\"potentialAction\":[{\"@type\":\"ReadAction\",\"target\":[\"https:\/\/shop.pyrasied.com\/product\/design-kunststoffen-outlet\/\"]}]},{\"@type\":\"ImageObject\",\"inLanguage\":\"de\",\"@id\":\"https:\/\/shop.pyrasied.com\/product\/design-kunststoffen-outlet\/#primaryimage\",\"url\":\"https:\/\/shop.pyrasied.com\/wp-content\/uploads\/2025\/07\/design-acrylaat-outlet.jpg\",\"contentUrl\":\"https:\/\/shop.pyrasied.com\/wp-content\/uploads\/2025\/07\/design-acrylaat-outlet.jpg\",\"width\":1000,\"height\":1000,\"caption\":\"design kunststoffen outlet\"},{\"@type\":\"BreadcrumbList\",\"@id\":\"https:\/\/shop.pyrasied.com\/product\/design-kunststoffen-outlet\/#breadcrumb\",\"itemListElement\":[{\"@type\":\"ListItem\",\"position\":1,\"name\":\"Home\",\"item\":\"https:\/\/shop.pyrasied.com\/nl\/\"},{\"@type\":\"ListItem\",\"position\":2,\"name\":\"Materialen\",\"item\":\"https:\/\/shop.pyrasied.com\/nl\/materialen\/\"},{\"@type\":\"ListItem\",\"position\":3,\"name\":\"Merken\",\"item\":\"https:\/\/shop.pyrasied.com\/materialen\/merken\/\"},{\"@type\":\"ListItem\",\"position\":4,\"name\":\"Bencore\",\"item\":\"https:\/\/shop.pyrasied.com\/materialen\/merken\/bencore\/\"},{\"@type\":\"ListItem\",\"position\":5,\"name\":\"Design outlet\"}]},{\"@type\":\"WebSite\",\"@id\":\"https:\/\/shop.pyrasied.com\/de\/#website\",\"url\":\"https:\/\/shop.pyrasied.com\/de\/\",\"name\":\"Pyrasied\",\"description\":\"Uit liefde voor materiaal\",\"publisher\":{\"@id\":\"https:\/\/shop.pyrasied.com\/de\/#organization\"},\"potentialAction\":[{\"@type\":\"SearchAction\",\"target\":{\"@type\":\"EntryPoint\",\"urlTemplate\":\"https:\/\/shop.pyrasied.com\/de\/?s={search_term_string}\"},\"query-input\":{\"@type\":\"PropertyValueSpecification\",\"valueRequired\":true,\"valueName\":\"search_term_string\"}}],\"inLanguage\":\"de\"},{\"@type\":\"Organization\",\"@id\":\"https:\/\/shop.pyrasied.com\/de\/#organization\",\"name\":\"Pyrasied\",\"url\":\"https:\/\/shop.pyrasied.com\/de\/\",\"logo\":{\"@type\":\"ImageObject\",\"inLanguage\":\"de\",\"@id\":\"https:\/\/shop.pyrasied.com\/de\/#\/schema\/logo\/image\/\",\"url\":\"https:\/\/shop.pyrasied.com\/wp-content\/uploads\/2025\/06\/pyrasied.jpg\",\"contentUrl\":\"https:\/\/shop.pyrasied.com\/wp-content\/uploads\/2025\/06\/pyrasied.jpg\",\"width\":1200,\"height\":630,\"caption\":\"Pyrasied\"},\"image\":{\"@id\":\"https:\/\/shop.pyrasied.com\/de\/#\/schema\/logo\/image\/\"},\"sameAs\":[\"https:\/\/www.facebook.com\/Pyrasied\/\",\"https:\/\/www.instagram.com\/pyrasied\/\"]}]}<\/script>\n<!-- \/ Yoast SEO plugin. -->","yoast_head_json":{"title":"Design Kunststoff Outlet | Pyrasied","description":"Design Plastics Outlet - hochwertige Designer-Kunststoffe in auff\u00e4lligen Farben und Designs zu g\u00fcnstigen Preisen. Begrenzter Vorrat, schnell bestellen!","robots":{"index":"index","follow":"follow","max-snippet":"max-snippet:-1","max-image-preview":"max-image-preview:large","max-video-preview":"max-video-preview:-1"},"canonical":"https:\/\/shop.pyrasied.com\/de\/produkt\/design-kunststoff-ausgang\/","og_locale":"de_DE","og_type":"article","og_title":"Design kunststoffen Outlet | Pyrasied","og_description":"Design kunststoffen Outlet \u2013 hoogwaardige designkunststoffen in opvallende kleuren en designs tegen scherpe prijzen. Beperkte voorraad, snel bestellen!","og_url":"https:\/\/shop.pyrasied.com\/de\/produkt\/design-kunststoff-ausgang\/","og_site_name":"Pyrasied","article_publisher":"https:\/\/www.facebook.com\/Pyrasied\/","article_modified_time":"2026-03-30T12:32:46+00:00","og_image":[{"width":1000,"height":1000,"url":"https:\/\/shop.pyrasied.com\/wp-content\/uploads\/2025\/07\/design-acrylaat-outlet.jpg","type":"image\/jpeg"}],"twitter_card":"summary_large_image","twitter_misc":{"Gesch\u00e4tzte Lesezeit":"2\u00a0Minuten"},"schema":{"@context":"https:\/\/schema.org","@graph":[{"@type":"WebPage","@id":"https:\/\/shop.pyrasied.com\/product\/design-kunststoffen-outlet\/","url":"https:\/\/shop.pyrasied.com\/product\/design-kunststoffen-outlet\/","name":"Design Kunststoff Outlet | Pyrasied","isPartOf":{"@id":"https:\/\/shop.pyrasied.com\/de\/#website"},"primaryImageOfPage":{"@id":"https:\/\/shop.pyrasied.com\/product\/design-kunststoffen-outlet\/#primaryimage"},"image":{"@id":"https:\/\/shop.pyrasied.com\/product\/design-kunststoffen-outlet\/#primaryimage"},"thumbnailUrl":"https:\/\/shop.pyrasied.com\/wp-content\/uploads\/2025\/07\/design-acrylaat-outlet.jpg","datePublished":"2025-07-14T15:33:53+00:00","dateModified":"2026-03-30T12:32:46+00:00","description":"Design Plastics Outlet - hochwertige Designer-Kunststoffe in auff\u00e4lligen Farben und Designs zu g\u00fcnstigen Preisen. Begrenzter Vorrat, schnell bestellen!","breadcrumb":{"@id":"https:\/\/shop.pyrasied.com\/product\/design-kunststoffen-outlet\/#breadcrumb"},"inLanguage":"de","potentialAction":[{"@type":"ReadAction","target":["https:\/\/shop.pyrasied.com\/product\/design-kunststoffen-outlet\/"]}]},{"@type":"ImageObject","inLanguage":"de","@id":"https:\/\/shop.pyrasied.com\/product\/design-kunststoffen-outlet\/#primaryimage","url":"https:\/\/shop.pyrasied.com\/wp-content\/uploads\/2025\/07\/design-acrylaat-outlet.jpg","contentUrl":"https:\/\/shop.pyrasied.com\/wp-content\/uploads\/2025\/07\/design-acrylaat-outlet.jpg","width":1000,"height":1000,"caption":"design kunststoffen outlet"},{"@type":"BreadcrumbList","@id":"https:\/\/shop.pyrasied.com\/product\/design-kunststoffen-outlet\/#breadcrumb","itemListElement":[{"@type":"ListItem","position":1,"name":"Home","item":"https:\/\/shop.pyrasied.com\/nl\/"},{"@type":"ListItem","position":2,"name":"Materialen","item":"https:\/\/shop.pyrasied.com\/nl\/materialen\/"},{"@type":"ListItem","position":3,"name":"Merken","item":"https:\/\/shop.pyrasied.com\/materialen\/merken\/"},{"@type":"ListItem","position":4,"name":"Bencore","item":"https:\/\/shop.pyrasied.com\/materialen\/merken\/bencore\/"},{"@type":"ListItem","position":5,"name":"Design outlet"}]},{"@type":"WebSite","@id":"https:\/\/shop.pyrasied.com\/de\/#website","url":"https:\/\/shop.pyrasied.com\/de\/","name":"Pyrasied","description":"Aus Liebe zum Material","publisher":{"@id":"https:\/\/shop.pyrasied.com\/de\/#organization"},"potentialAction":[{"@type":"SearchAction","target":{"@type":"EntryPoint","urlTemplate":"https:\/\/shop.pyrasied.com\/de\/?s={search_term_string}"},"query-input":{"@type":"PropertyValueSpecification","valueRequired":true,"valueName":"search_term_string"}}],"inLanguage":"de"},{"@type":"Organization","@id":"https:\/\/shop.pyrasied.com\/de\/#organization","name":"Pyrasied","url":"https:\/\/shop.pyrasied.com\/de\/","logo":{"@type":"ImageObject","inLanguage":"de","@id":"https:\/\/shop.pyrasied.com\/de\/#\/schema\/logo\/image\/","url":"https:\/\/shop.pyrasied.com\/wp-content\/uploads\/2025\/06\/pyrasied.jpg","contentUrl":"https:\/\/shop.pyrasied.com\/wp-content\/uploads\/2025\/06\/pyrasied.jpg","width":1200,"height":630,"caption":"Pyrasied"},"image":{"@id":"https:\/\/shop.pyrasied.com\/de\/#\/schema\/logo\/image\/"},"sameAs":["https:\/\/www.facebook.com\/Pyrasied\/","https:\/\/www.instagram.com\/pyrasied\/"]}]}},"_links":{"self":[{"href":"https:\/\/shop.pyrasied.com\/de\/wp-json\/wp\/v2\/product\/11511","targetHints":{"allow":["GET"]}}],"collection":[{"href":"https:\/\/shop.pyrasied.com\/de\/wp-json\/wp\/v2\/product"}],"about":[{"href":"https:\/\/shop.pyrasied.com\/de\/wp-json\/wp\/v2\/types\/product"}],"wp:featuredmedia":[{"embeddable":true,"href":"https:\/\/shop.pyrasied.com\/de\/wp-json\/wp\/v2\/media\/13552"}],"wp:attachment":[{"href":"https:\/\/shop.pyrasied.com\/de\/wp-json\/wp\/v2\/media?parent=11511"}],"wp:term":[{"taxonomy":"product_brand","embeddable":true,"href":"https:\/\/shop.pyrasied.com\/de\/wp-json\/wp\/v2\/product_brand?post=11511"},{"taxonomy":"product_cat","embeddable":true,"href":"https:\/\/shop.pyrasied.com\/de\/wp-json\/wp\/v2\/product_cat?post=11511"},{"taxonomy":"product_tag","embeddable":true,"href":"https:\/\/shop.pyrasied.com\/de\/wp-json\/wp\/v2\/product_tag?post=11511"}],"curies":[{"name":"wp","href":"https:\/\/api.w.org\/{rel}","templated":true}]}}