{"id":11420,"date":"2025-07-11T15:10:03","date_gmt":"2025-07-11T15:10:03","guid":{"rendered":"https:\/\/pyrasiedshop.nl\/product\/glitter-kleuren\/"},"modified":"2026-03-30T12:21:44","modified_gmt":"2026-03-30T12:21:44","slug":"glitzernde-acrylfarben","status":"publish","type":"product","link":"https:\/\/shop.pyrasied.com\/de\/produkt\/glitzernde-acrylfarben\/","title":{"rendered":"Glitzernde Acrylfarben"},"content":{"rendered":"<p>Die Glitter-Acrylfarben von Pyrasied sind Teil der Green Cast Galaxy-Kollektion. Diese Kollektion bietet eine breite Palette von Designs, von subtilen kleinen Glitzern bis hin zu auff\u00e4lligen Flocken in Gold, Silber oder Rosa.<\/p>\n<h3>Lassen Sie sich von verschiedenen Farben, Glittergr\u00f6\u00dfen und Konzentrationen inspirieren<\/h3>\n<p>Das Material ist 8- bis 10-mal sto\u00dffester als Glas und verbindet \u00c4sthetik mit Funktionalit\u00e4t, Haltbarkeit und Zweckm\u00e4\u00dfigkeit. Die Platten haben eine weiche, luxuri\u00f6se Optik und Haptik und eignen sich daher perfekt als Akzentfarbe oder Statement-St\u00fcck in verschiedenen Inneneinrichtungen. Sie sind ideal f\u00fcr Vitrinen, Auszeichnungen, Bar- und Thekenfronten, Dekoration, M\u00f6bel, Trennw\u00e4nde und Ladenauslagen. Sogar Anwendungen in Nassbereichen oder im Freien, wie Balkonplatten, Trennw\u00e4nde und Beschriftungen, sind m\u00f6glich.<\/p>\n<h2>Verarbeitungsm\u00f6glichkeiten<\/h2>\n<p>Glitter-Acrylfarben sind einfach und pr\u00e4zise zu verarbeiten. Man kann sie s\u00e4gen, fr\u00e4sen, lasern, hei\u00df biegen, vakuumformen, kleben, bohren, facettieren, polieren, mattieren oder drucken.<\/p>\n<p>Green Cast ist von\u00a0<strong>Eurolaser<\/strong>\u00a0best\u00e4tigt als ausgezeichnet f\u00fcr\u00a0<strong>Laserbearbeitung<\/strong>.<\/p>\n<p>M\u00f6chten Sie mehr \u00fcber unsere T\u00e4tigkeit erfahren? Besuchen Sie unsere Website unter\u00a0<a href=\"https:\/\/pyrasied.com\/nl\/diensten\/kunststofbewerking\/\" target=\"_blank\" rel=\"noopener\">Operationen<\/a>.<\/p>\n<h3>Anwendungen<\/h3>\n<p>Glitter-Acrylfarben sind f\u00fcr verschiedene Anwendungen geeignet:<\/p>\n<ul>\n<li><strong>Innenausstattung und M\u00f6bel:<\/strong>\u00a0wie Leuchtplatten, Trennw\u00e4nde und Wanddisplays<\/li>\n<li><strong>Ausstellungen, Schauk\u00e4sten und Signierstunden:<\/strong>\u00a0ideal f\u00fcr Ladeneinrichtungen und Standbau<\/li>\n<li><strong>Kreative Projekte:<\/strong> wie Kunstobjekte, Lichtobjekte und funktionale Designdetails, s<span class=\"T286Pc\" data-sfc-cp=\"\" data-processed=\"true\">ierads und kreative Laserprojekte.<\/span><\/li>\n<\/ul>\n<p>&nbsp;<\/p>","protected":false},"excerpt":{"rendered":"<p>Die Glitter-Acrylfarben von Pyrasied sind Teil der Green Cast Galaxy-Kollektion. Diese Kollektion bietet eine breite Palette von Designs, von subtilen kleinen Glitzern bis hin zu auff\u00e4lligen Flocken in Gold, Silber oder Pink. Lassen Sie sich von verschiedenen Farben, Glittergr\u00f6\u00dfen und Konzentrationen inspirieren. Mit einer 8- bis 10-mal h\u00f6heren Sto\u00dffestigkeit als Glas, kombiniert [...]<\/p>","protected":false},"featured_media":703,"template":"","meta":{"_acf_changed":false},"product_brand":[],"product_cat":[30,52],"product_tag":[1732,1751,1758],"class_list":{"0":"post-11420","1":"product","2":"type-product","3":"status-publish","4":"has-post-thumbnail","6":"product_cat-acrylaat","7":"product_cat-green-cast","8":"product_tag-green-cast","9":"product_tag-laserbewerking","10":"product_tag-lasercutting","12":"first","13":"instock","14":"taxable","15":"shipping-taxable","16":"purchasable","17":"product-type-variable"},"acf":[],"yoast_head":"<!-- This site is optimized with the Yoast SEO plugin v26.0 - https:\/\/yoast.com\/wordpress\/plugins\/seo\/ -->\n<title>Glitter acrylaat kleuren | Pyrasied<\/title>\n<meta name=\"description\" content=\"Ontdek Glitter acrylaat kleuren van Pyrasied \u2013 duurzaam, 8\u201310x sterker dan glas en verkrijgbaar in diverse kleuren, glittergroottes en designs.\" \/>\n<meta name=\"robots\" content=\"index, follow, max-snippet:-1, max-image-preview:large, max-video-preview:-1\" \/>\n<link rel=\"canonical\" href=\"https:\/\/shop.pyrasied.com\/de\/produkt\/glitzernde-acrylfarben\/\" \/>\n<meta property=\"og:locale\" content=\"de_DE\" \/>\n<meta property=\"og:type\" content=\"article\" \/>\n<meta property=\"og:title\" content=\"Glitter acrylaat kleuren | Pyrasied\" \/>\n<meta property=\"og:description\" content=\"Ontdek Glitter acrylaat kleuren van Pyrasied \u2013 duurzaam, 8\u201310x sterker dan glas en verkrijgbaar in diverse kleuren, glittergroottes en designs.\" \/>\n<meta property=\"og:url\" content=\"https:\/\/shop.pyrasied.com\/de\/produkt\/glitzernde-acrylfarben\/\" \/>\n<meta property=\"og:site_name\" content=\"Pyrasied\" \/>\n<meta property=\"article:publisher\" content=\"https:\/\/www.facebook.com\/Pyrasied\/\" \/>\n<meta property=\"article:modified_time\" content=\"2026-03-30T12:21:44+00:00\" \/>\n<meta property=\"og:image\" content=\"https:\/\/shop.pyrasied.com\/wp-content\/uploads\/2025\/05\/pr-galaxy-1.jpg\" \/>\n\t<meta property=\"og:image:width\" content=\"750\" \/>\n\t<meta property=\"og:image:height\" content=\"704\" \/>\n\t<meta property=\"og:image:type\" content=\"image\/jpeg\" \/>\n<meta name=\"twitter:card\" content=\"summary_large_image\" \/>\n<meta name=\"twitter:label1\" content=\"Gesch\u00e4tzte Lesezeit\" \/>\n\t<meta name=\"twitter:data1\" content=\"2\u00a0Minuten\" \/>\n<script type=\"application\/ld+json\" class=\"yoast-schema-graph\">{\"@context\":\"https:\/\/schema.org\",\"@graph\":[{\"@type\":\"WebPage\",\"@id\":\"https:\/\/shop.pyrasied.com\/product\/glitter-acrylaat-kleuren\/\",\"url\":\"https:\/\/shop.pyrasied.com\/product\/glitter-acrylaat-kleuren\/\",\"name\":\"Glitter acrylaat kleuren | Pyrasied\",\"isPartOf\":{\"@id\":\"https:\/\/shop.pyrasied.com\/de\/#website\"},\"primaryImageOfPage\":{\"@id\":\"https:\/\/shop.pyrasied.com\/product\/glitter-acrylaat-kleuren\/#primaryimage\"},\"image\":{\"@id\":\"https:\/\/shop.pyrasied.com\/product\/glitter-acrylaat-kleuren\/#primaryimage\"},\"thumbnailUrl\":\"https:\/\/shop.pyrasied.com\/wp-content\/uploads\/2025\/05\/pr-galaxy-1.jpg\",\"datePublished\":\"2025-07-11T15:10:03+00:00\",\"dateModified\":\"2026-03-30T12:21:44+00:00\",\"description\":\"Ontdek Glitter acrylaat kleuren van Pyrasied \u2013 duurzaam, 8\u201310x sterker dan glas en verkrijgbaar in diverse kleuren, glittergroottes en designs.\",\"breadcrumb\":{\"@id\":\"https:\/\/shop.pyrasied.com\/product\/glitter-acrylaat-kleuren\/#breadcrumb\"},\"inLanguage\":\"de\",\"potentialAction\":[{\"@type\":\"ReadAction\",\"target\":[\"https:\/\/shop.pyrasied.com\/product\/glitter-acrylaat-kleuren\/\"]}]},{\"@type\":\"ImageObject\",\"inLanguage\":\"de\",\"@id\":\"https:\/\/shop.pyrasied.com\/product\/glitter-acrylaat-kleuren\/#primaryimage\",\"url\":\"https:\/\/shop.pyrasied.com\/wp-content\/uploads\/2025\/05\/pr-galaxy-1.jpg\",\"contentUrl\":\"https:\/\/shop.pyrasied.com\/wp-content\/uploads\/2025\/05\/pr-galaxy-1.jpg\",\"width\":750,\"height\":704,\"caption\":\"Galaxy glitter acrylaat kleuren\"},{\"@type\":\"BreadcrumbList\",\"@id\":\"https:\/\/shop.pyrasied.com\/product\/glitter-acrylaat-kleuren\/#breadcrumb\",\"itemListElement\":[{\"@type\":\"ListItem\",\"position\":1,\"name\":\"Home\",\"item\":\"https:\/\/shop.pyrasied.com\/nl\/\"},{\"@type\":\"ListItem\",\"position\":2,\"name\":\"Materialen\",\"item\":\"https:\/\/shop.pyrasied.com\/nl\/materialen\/\"},{\"@type\":\"ListItem\",\"position\":3,\"name\":\"Merken\",\"item\":\"https:\/\/shop.pyrasied.com\/materialen\/merken\/\"},{\"@type\":\"ListItem\",\"position\":4,\"name\":\"Green Cast\",\"item\":\"https:\/\/shop.pyrasied.com\/materialen\/merken\/green-cast\/\"},{\"@type\":\"ListItem\",\"position\":5,\"name\":\"Glitter acrylaat kleuren\"}]},{\"@type\":\"WebSite\",\"@id\":\"https:\/\/shop.pyrasied.com\/de\/#website\",\"url\":\"https:\/\/shop.pyrasied.com\/de\/\",\"name\":\"Pyrasied\",\"description\":\"Uit liefde voor materiaal\",\"publisher\":{\"@id\":\"https:\/\/shop.pyrasied.com\/de\/#organization\"},\"potentialAction\":[{\"@type\":\"SearchAction\",\"target\":{\"@type\":\"EntryPoint\",\"urlTemplate\":\"https:\/\/shop.pyrasied.com\/de\/?s={search_term_string}\"},\"query-input\":{\"@type\":\"PropertyValueSpecification\",\"valueRequired\":true,\"valueName\":\"search_term_string\"}}],\"inLanguage\":\"de\"},{\"@type\":\"Organization\",\"@id\":\"https:\/\/shop.pyrasied.com\/de\/#organization\",\"name\":\"Pyrasied\",\"url\":\"https:\/\/shop.pyrasied.com\/de\/\",\"logo\":{\"@type\":\"ImageObject\",\"inLanguage\":\"de\",\"@id\":\"https:\/\/shop.pyrasied.com\/de\/#\/schema\/logo\/image\/\",\"url\":\"https:\/\/shop.pyrasied.com\/wp-content\/uploads\/2025\/06\/pyrasied.jpg\",\"contentUrl\":\"https:\/\/shop.pyrasied.com\/wp-content\/uploads\/2025\/06\/pyrasied.jpg\",\"width\":1200,\"height\":630,\"caption\":\"Pyrasied\"},\"image\":{\"@id\":\"https:\/\/shop.pyrasied.com\/de\/#\/schema\/logo\/image\/\"},\"sameAs\":[\"https:\/\/www.facebook.com\/Pyrasied\/\",\"https:\/\/www.instagram.com\/pyrasied\/\"]}]}<\/script>\n<!-- \/ Yoast SEO plugin. -->","yoast_head_json":{"title":"Glitzernde Acrylfarben | Pyrasied","description":"Entdecken Sie die Glitter-Acrylfarben von Pyrasied - langlebig, 8-10x st\u00e4rker als Glas und in einer Vielzahl von Farben, Glittergr\u00f6\u00dfen und Designs erh\u00e4ltlich.","robots":{"index":"index","follow":"follow","max-snippet":"max-snippet:-1","max-image-preview":"max-image-preview:large","max-video-preview":"max-video-preview:-1"},"canonical":"https:\/\/shop.pyrasied.com\/de\/produkt\/glitzernde-acrylfarben\/","og_locale":"de_DE","og_type":"article","og_title":"Glitter acrylaat kleuren | Pyrasied","og_description":"Ontdek Glitter acrylaat kleuren van Pyrasied \u2013 duurzaam, 8\u201310x sterker dan glas en verkrijgbaar in diverse kleuren, glittergroottes en designs.","og_url":"https:\/\/shop.pyrasied.com\/de\/produkt\/glitzernde-acrylfarben\/","og_site_name":"Pyrasied","article_publisher":"https:\/\/www.facebook.com\/Pyrasied\/","article_modified_time":"2026-03-30T12:21:44+00:00","og_image":[{"width":750,"height":704,"url":"https:\/\/shop.pyrasied.com\/wp-content\/uploads\/2025\/05\/pr-galaxy-1.jpg","type":"image\/jpeg"}],"twitter_card":"summary_large_image","twitter_misc":{"Gesch\u00e4tzte Lesezeit":"2\u00a0Minuten"},"schema":{"@context":"https:\/\/schema.org","@graph":[{"@type":"WebPage","@id":"https:\/\/shop.pyrasied.com\/product\/glitter-acrylaat-kleuren\/","url":"https:\/\/shop.pyrasied.com\/product\/glitter-acrylaat-kleuren\/","name":"Glitzernde Acrylfarben | Pyrasied","isPartOf":{"@id":"https:\/\/shop.pyrasied.com\/de\/#website"},"primaryImageOfPage":{"@id":"https:\/\/shop.pyrasied.com\/product\/glitter-acrylaat-kleuren\/#primaryimage"},"image":{"@id":"https:\/\/shop.pyrasied.com\/product\/glitter-acrylaat-kleuren\/#primaryimage"},"thumbnailUrl":"https:\/\/shop.pyrasied.com\/wp-content\/uploads\/2025\/05\/pr-galaxy-1.jpg","datePublished":"2025-07-11T15:10:03+00:00","dateModified":"2026-03-30T12:21:44+00:00","description":"Entdecken Sie die Glitter-Acrylfarben von Pyrasied - langlebig, 8-10x st\u00e4rker als Glas und in einer Vielzahl von Farben, Glittergr\u00f6\u00dfen und Designs erh\u00e4ltlich.","breadcrumb":{"@id":"https:\/\/shop.pyrasied.com\/product\/glitter-acrylaat-kleuren\/#breadcrumb"},"inLanguage":"de","potentialAction":[{"@type":"ReadAction","target":["https:\/\/shop.pyrasied.com\/product\/glitter-acrylaat-kleuren\/"]}]},{"@type":"ImageObject","inLanguage":"de","@id":"https:\/\/shop.pyrasied.com\/product\/glitter-acrylaat-kleuren\/#primaryimage","url":"https:\/\/shop.pyrasied.com\/wp-content\/uploads\/2025\/05\/pr-galaxy-1.jpg","contentUrl":"https:\/\/shop.pyrasied.com\/wp-content\/uploads\/2025\/05\/pr-galaxy-1.jpg","width":750,"height":704,"caption":"Galaxy glitter acrylaat kleuren"},{"@type":"BreadcrumbList","@id":"https:\/\/shop.pyrasied.com\/product\/glitter-acrylaat-kleuren\/#breadcrumb","itemListElement":[{"@type":"ListItem","position":1,"name":"Home","item":"https:\/\/shop.pyrasied.com\/nl\/"},{"@type":"ListItem","position":2,"name":"Materialen","item":"https:\/\/shop.pyrasied.com\/nl\/materialen\/"},{"@type":"ListItem","position":3,"name":"Merken","item":"https:\/\/shop.pyrasied.com\/materialen\/merken\/"},{"@type":"ListItem","position":4,"name":"Green Cast","item":"https:\/\/shop.pyrasied.com\/materialen\/merken\/green-cast\/"},{"@type":"ListItem","position":5,"name":"Glitter acrylaat kleuren"}]},{"@type":"WebSite","@id":"https:\/\/shop.pyrasied.com\/de\/#website","url":"https:\/\/shop.pyrasied.com\/de\/","name":"Pyrasied","description":"Aus Liebe zum Material","publisher":{"@id":"https:\/\/shop.pyrasied.com\/de\/#organization"},"potentialAction":[{"@type":"SearchAction","target":{"@type":"EntryPoint","urlTemplate":"https:\/\/shop.pyrasied.com\/de\/?s={search_term_string}"},"query-input":{"@type":"PropertyValueSpecification","valueRequired":true,"valueName":"search_term_string"}}],"inLanguage":"de"},{"@type":"Organization","@id":"https:\/\/shop.pyrasied.com\/de\/#organization","name":"Pyrasied","url":"https:\/\/shop.pyrasied.com\/de\/","logo":{"@type":"ImageObject","inLanguage":"de","@id":"https:\/\/shop.pyrasied.com\/de\/#\/schema\/logo\/image\/","url":"https:\/\/shop.pyrasied.com\/wp-content\/uploads\/2025\/06\/pyrasied.jpg","contentUrl":"https:\/\/shop.pyrasied.com\/wp-content\/uploads\/2025\/06\/pyrasied.jpg","width":1200,"height":630,"caption":"Pyrasied"},"image":{"@id":"https:\/\/shop.pyrasied.com\/de\/#\/schema\/logo\/image\/"},"sameAs":["https:\/\/www.facebook.com\/Pyrasied\/","https:\/\/www.instagram.com\/pyrasied\/"]}]}},"_links":{"self":[{"href":"https:\/\/shop.pyrasied.com\/de\/wp-json\/wp\/v2\/product\/11420","targetHints":{"allow":["GET"]}}],"collection":[{"href":"https:\/\/shop.pyrasied.com\/de\/wp-json\/wp\/v2\/product"}],"about":[{"href":"https:\/\/shop.pyrasied.com\/de\/wp-json\/wp\/v2\/types\/product"}],"wp:featuredmedia":[{"embeddable":true,"href":"https:\/\/shop.pyrasied.com\/de\/wp-json\/wp\/v2\/media\/703"}],"wp:attachment":[{"href":"https:\/\/shop.pyrasied.com\/de\/wp-json\/wp\/v2\/media?parent=11420"}],"wp:term":[{"taxonomy":"product_brand","embeddable":true,"href":"https:\/\/shop.pyrasied.com\/de\/wp-json\/wp\/v2\/product_brand?post=11420"},{"taxonomy":"product_cat","embeddable":true,"href":"https:\/\/shop.pyrasied.com\/de\/wp-json\/wp\/v2\/product_cat?post=11420"},{"taxonomy":"product_tag","embeddable":true,"href":"https:\/\/shop.pyrasied.com\/de\/wp-json\/wp\/v2\/product_tag?post=11420"}],"curies":[{"name":"wp","href":"https:\/\/api.w.org\/{rel}","templated":true}]}}