{"id":11088,"date":"2025-07-11T09:39:57","date_gmt":"2025-07-11T09:39:57","guid":{"rendered":"https:\/\/pyrasiedshop.nl\/product\/fluor-kleuren\/"},"modified":"2026-03-31T11:32:47","modified_gmt":"2026-03-31T11:32:47","slug":"fluoreszierende-acrylfarben","status":"publish","type":"product","link":"https:\/\/shop.pyrasied.com\/de\/produkt\/fluoreszierende-acrylfarben\/","title":{"rendered":"Fluoreszierende Acrylfarben"},"content":{"rendered":"<p>Diese fluoreszierende Acrylkollektion wird vollst\u00e4ndig aus 100% recyceltem Acryl hergestellt und verf\u00fcgt \u00fcber alle hervorragenden Eigenschaften von herk\u00f6mmlichem gegossenem Acryl. Diese Platten fallen nicht nur durch ihre fluoreszierende Farbe auf: Besonders die fluoreszierenden Kanten stechen hervor. Das Licht verleiht dem farbenfrohen Material eine wunderbare Wirkung, unabh\u00e4ngig davon, wie dick oder d\u00fcnn die Platten sind.<\/p>\n<h2>Vorrat an Fluorocarbon<\/h2>\n<p>Die Kollektion Green Cast aus Fluoracryl ist in verschiedenen Farben mit gl\u00e4nzender oder satinierter Oberfl\u00e4che erh\u00e4ltlich. Besonders in Kombination mit nat\u00fcrlichem Licht. Die fluoreszierenden Farben fallen alle unter die Setacryl-Kollektion.<\/p>\n<p><!--StartFragment --><\/p>\n<h2 class=\"pf0\"><span class=\"cf0\">Anwendungen <\/span><\/h2>\n<p class=\"pf0\"><span class=\"cf0\">Acrylglasplatten in fluoreszierenden Farben eignen sich f\u00fcr viele verschiedene Anwendungen wie Auszeichnungen, Beschriftungen, Schutzh\u00fcllen, Dekore, Displays, M\u00f6bel und Ladenpr\u00e4sentationen. Dieses Material ist sehr gut geeignet, wenn Sie mit Ihrem Design ein Statement setzen wollen. Es ist auch sehr sch\u00f6n als Detail-\/Akzentfarbe.<\/span><\/p>\n<h2 class=\"pf0\"><span class=\"cf0\">Verarbeitungsm\u00f6glichkeiten<\/span><\/h2>\n<p>Acryl ist einfach und pr\u00e4zise zu bearbeiten. Man kann es s\u00e4gen, fr\u00e4sen, lasern, hei\u00df biegen, vakuumformen, kleben, bohren, facettieren, polieren, mattieren oder bedrucken.<\/p>\n<p>F\u00fcr Projekte, bei denen keine Transparenz erforderlich ist, k\u00f6nnen Sie auch die Sammlung <a href=\"https:\/\/shop.pyrasied.com\/de\/produkt\/deckende-acrylfarben\/\">Undurchsichtige Acrylfarben.<\/a><\/p>","protected":false},"excerpt":{"rendered":"<p>Diese fluoreszierende Acrylkollektion wird vollst\u00e4ndig aus 100% recyceltem Acryl hergestellt und verf\u00fcgt \u00fcber alle hervorragenden Eigenschaften von herk\u00f6mmlichem gegossenem Acryl. Diese Platten fallen nicht nur durch ihre fluoreszierende Farbe auf: Besonders die fluoreszierenden Kanten stechen hervor. Das Licht verleiht dem farbenfrohen Material eine wunderbare Wirkung, unabh\u00e4ngig davon, wie dick oder d\u00fcnn die Platten sind. Fluoreszierende Platten auf Lager [...]<\/p>","protected":false},"featured_media":11240,"template":"","meta":{"_acf_changed":false},"product_brand":[],"product_cat":[30,52,774],"product_tag":[1732],"class_list":{"0":"post-11088","1":"product","2":"type-product","3":"status-publish","4":"has-post-thumbnail","6":"product_cat-acrylaat","7":"product_cat-green-cast","8":"product_cat-milieuvriendelijke-kunststoffen","9":"product_tag-green-cast","11":"first","12":"instock","13":"taxable","14":"shipping-taxable","15":"purchasable","16":"product-type-variable"},"acf":[],"yoast_head":"<!-- This site is optimized with the Yoast SEO plugin v26.0 - https:\/\/yoast.com\/wordpress\/plugins\/seo\/ -->\n<title>Fluor acrylaat kleuren | Pyrasied<\/title>\n<meta name=\"description\" content=\"Ontdek Fluor acrylaat kleuren van Pyrasied \u2013 opvallende, kleurrijke platen met glanzend of satijn oppervlak, perfect voor opvallende ontwerpen.\" \/>\n<meta name=\"robots\" content=\"index, follow, max-snippet:-1, max-image-preview:large, max-video-preview:-1\" \/>\n<link rel=\"canonical\" href=\"https:\/\/shop.pyrasied.com\/de\/produkt\/fluoreszierende-acrylfarben\/\" \/>\n<meta property=\"og:locale\" content=\"de_DE\" \/>\n<meta property=\"og:type\" content=\"article\" \/>\n<meta property=\"og:title\" content=\"Fluor acrylaat kleuren | Pyrasied\" \/>\n<meta property=\"og:description\" content=\"Ontdek Fluor acrylaat kleuren van Pyrasied \u2013 opvallende, kleurrijke platen met glanzend of satijn oppervlak, perfect voor opvallende ontwerpen.\" \/>\n<meta property=\"og:url\" content=\"https:\/\/shop.pyrasied.com\/de\/produkt\/fluoreszierende-acrylfarben\/\" \/>\n<meta property=\"og:site_name\" content=\"Pyrasied\" \/>\n<meta property=\"article:publisher\" content=\"https:\/\/www.facebook.com\/Pyrasied\/\" \/>\n<meta property=\"article:modified_time\" content=\"2026-03-31T11:32:47+00:00\" \/>\n<meta property=\"og:image\" content=\"https:\/\/shop.pyrasied.com\/wp-content\/uploads\/2025\/07\/2.-Acrylaat-fluor.jpg\" \/>\n\t<meta property=\"og:image:width\" content=\"864\" \/>\n\t<meta property=\"og:image:height\" content=\"550\" \/>\n\t<meta property=\"og:image:type\" content=\"image\/jpeg\" \/>\n<meta name=\"twitter:card\" content=\"summary_large_image\" \/>\n<meta name=\"twitter:label1\" content=\"Gesch\u00e4tzte Lesezeit\" \/>\n\t<meta name=\"twitter:data1\" content=\"2\u00a0Minuten\" \/>\n<script type=\"application\/ld+json\" class=\"yoast-schema-graph\">{\"@context\":\"https:\/\/schema.org\",\"@graph\":[{\"@type\":\"WebPage\",\"@id\":\"https:\/\/shop.pyrasied.com\/product\/fluor-acrylaat-kleuren\/\",\"url\":\"https:\/\/shop.pyrasied.com\/product\/fluor-acrylaat-kleuren\/\",\"name\":\"Fluor acrylaat kleuren | Pyrasied\",\"isPartOf\":{\"@id\":\"https:\/\/shop.pyrasied.com\/de\/#website\"},\"primaryImageOfPage\":{\"@id\":\"https:\/\/shop.pyrasied.com\/product\/fluor-acrylaat-kleuren\/#primaryimage\"},\"image\":{\"@id\":\"https:\/\/shop.pyrasied.com\/product\/fluor-acrylaat-kleuren\/#primaryimage\"},\"thumbnailUrl\":\"https:\/\/shop.pyrasied.com\/wp-content\/uploads\/2025\/07\/2.-Acrylaat-fluor.jpg\",\"datePublished\":\"2025-07-11T09:39:57+00:00\",\"dateModified\":\"2026-03-31T11:32:47+00:00\",\"description\":\"Ontdek Fluor acrylaat kleuren van Pyrasied \u2013 opvallende, kleurrijke platen met glanzend of satijn oppervlak, perfect voor opvallende ontwerpen.\",\"breadcrumb\":{\"@id\":\"https:\/\/shop.pyrasied.com\/product\/fluor-acrylaat-kleuren\/#breadcrumb\"},\"inLanguage\":\"de\",\"potentialAction\":[{\"@type\":\"ReadAction\",\"target\":[\"https:\/\/shop.pyrasied.com\/product\/fluor-acrylaat-kleuren\/\"]}]},{\"@type\":\"ImageObject\",\"inLanguage\":\"de\",\"@id\":\"https:\/\/shop.pyrasied.com\/product\/fluor-acrylaat-kleuren\/#primaryimage\",\"url\":\"https:\/\/shop.pyrasied.com\/wp-content\/uploads\/2025\/07\/2.-Acrylaat-fluor.jpg\",\"contentUrl\":\"https:\/\/shop.pyrasied.com\/wp-content\/uploads\/2025\/07\/2.-Acrylaat-fluor.jpg\",\"width\":864,\"height\":550,\"caption\":\"Fluor acrylaat kleuren\"},{\"@type\":\"BreadcrumbList\",\"@id\":\"https:\/\/shop.pyrasied.com\/product\/fluor-acrylaat-kleuren\/#breadcrumb\",\"itemListElement\":[{\"@type\":\"ListItem\",\"position\":1,\"name\":\"Home\",\"item\":\"https:\/\/shop.pyrasied.com\/nl\/\"},{\"@type\":\"ListItem\",\"position\":2,\"name\":\"Materialen\",\"item\":\"https:\/\/shop.pyrasied.com\/nl\/materialen\/\"},{\"@type\":\"ListItem\",\"position\":3,\"name\":\"Merken\",\"item\":\"https:\/\/shop.pyrasied.com\/materialen\/merken\/\"},{\"@type\":\"ListItem\",\"position\":4,\"name\":\"Green Cast\",\"item\":\"https:\/\/shop.pyrasied.com\/materialen\/merken\/green-cast\/\"},{\"@type\":\"ListItem\",\"position\":5,\"name\":\"Fluor acrylaat kleuren\"}]},{\"@type\":\"WebSite\",\"@id\":\"https:\/\/shop.pyrasied.com\/de\/#website\",\"url\":\"https:\/\/shop.pyrasied.com\/de\/\",\"name\":\"Pyrasied\",\"description\":\"Uit liefde voor materiaal\",\"publisher\":{\"@id\":\"https:\/\/shop.pyrasied.com\/de\/#organization\"},\"potentialAction\":[{\"@type\":\"SearchAction\",\"target\":{\"@type\":\"EntryPoint\",\"urlTemplate\":\"https:\/\/shop.pyrasied.com\/de\/?s={search_term_string}\"},\"query-input\":{\"@type\":\"PropertyValueSpecification\",\"valueRequired\":true,\"valueName\":\"search_term_string\"}}],\"inLanguage\":\"de\"},{\"@type\":\"Organization\",\"@id\":\"https:\/\/shop.pyrasied.com\/de\/#organization\",\"name\":\"Pyrasied\",\"url\":\"https:\/\/shop.pyrasied.com\/de\/\",\"logo\":{\"@type\":\"ImageObject\",\"inLanguage\":\"de\",\"@id\":\"https:\/\/shop.pyrasied.com\/de\/#\/schema\/logo\/image\/\",\"url\":\"https:\/\/shop.pyrasied.com\/wp-content\/uploads\/2025\/06\/pyrasied.jpg\",\"contentUrl\":\"https:\/\/shop.pyrasied.com\/wp-content\/uploads\/2025\/06\/pyrasied.jpg\",\"width\":1200,\"height\":630,\"caption\":\"Pyrasied\"},\"image\":{\"@id\":\"https:\/\/shop.pyrasied.com\/de\/#\/schema\/logo\/image\/\"},\"sameAs\":[\"https:\/\/www.facebook.com\/Pyrasied\/\",\"https:\/\/www.instagram.com\/pyrasied\/\"]}]}<\/script>\n<!-- \/ Yoast SEO plugin. -->","yoast_head_json":{"title":"Fluoreszierende Acrylfarben | Pyrasied","description":"Entdecken Sie die Fluor-Acrylfarben von Pyrasied - auff\u00e4llige, farbenfrohe Platten mit gl\u00e4nzender oder satinierter Oberfl\u00e4che, perfekt f\u00fcr auff\u00e4llige Designs.","robots":{"index":"index","follow":"follow","max-snippet":"max-snippet:-1","max-image-preview":"max-image-preview:large","max-video-preview":"max-video-preview:-1"},"canonical":"https:\/\/shop.pyrasied.com\/de\/produkt\/fluoreszierende-acrylfarben\/","og_locale":"de_DE","og_type":"article","og_title":"Fluor acrylaat kleuren | Pyrasied","og_description":"Ontdek Fluor acrylaat kleuren van Pyrasied \u2013 opvallende, kleurrijke platen met glanzend of satijn oppervlak, perfect voor opvallende ontwerpen.","og_url":"https:\/\/shop.pyrasied.com\/de\/produkt\/fluoreszierende-acrylfarben\/","og_site_name":"Pyrasied","article_publisher":"https:\/\/www.facebook.com\/Pyrasied\/","article_modified_time":"2026-03-31T11:32:47+00:00","og_image":[{"width":864,"height":550,"url":"https:\/\/shop.pyrasied.com\/wp-content\/uploads\/2025\/07\/2.-Acrylaat-fluor.jpg","type":"image\/jpeg"}],"twitter_card":"summary_large_image","twitter_misc":{"Gesch\u00e4tzte Lesezeit":"2\u00a0Minuten"},"schema":{"@context":"https:\/\/schema.org","@graph":[{"@type":"WebPage","@id":"https:\/\/shop.pyrasied.com\/product\/fluor-acrylaat-kleuren\/","url":"https:\/\/shop.pyrasied.com\/product\/fluor-acrylaat-kleuren\/","name":"Fluoreszierende Acrylfarben | Pyrasied","isPartOf":{"@id":"https:\/\/shop.pyrasied.com\/de\/#website"},"primaryImageOfPage":{"@id":"https:\/\/shop.pyrasied.com\/product\/fluor-acrylaat-kleuren\/#primaryimage"},"image":{"@id":"https:\/\/shop.pyrasied.com\/product\/fluor-acrylaat-kleuren\/#primaryimage"},"thumbnailUrl":"https:\/\/shop.pyrasied.com\/wp-content\/uploads\/2025\/07\/2.-Acrylaat-fluor.jpg","datePublished":"2025-07-11T09:39:57+00:00","dateModified":"2026-03-31T11:32:47+00:00","description":"Entdecken Sie die Fluor-Acrylfarben von Pyrasied - auff\u00e4llige, farbenfrohe Platten mit gl\u00e4nzender oder satinierter Oberfl\u00e4che, perfekt f\u00fcr auff\u00e4llige Designs.","breadcrumb":{"@id":"https:\/\/shop.pyrasied.com\/product\/fluor-acrylaat-kleuren\/#breadcrumb"},"inLanguage":"de","potentialAction":[{"@type":"ReadAction","target":["https:\/\/shop.pyrasied.com\/product\/fluor-acrylaat-kleuren\/"]}]},{"@type":"ImageObject","inLanguage":"de","@id":"https:\/\/shop.pyrasied.com\/product\/fluor-acrylaat-kleuren\/#primaryimage","url":"https:\/\/shop.pyrasied.com\/wp-content\/uploads\/2025\/07\/2.-Acrylaat-fluor.jpg","contentUrl":"https:\/\/shop.pyrasied.com\/wp-content\/uploads\/2025\/07\/2.-Acrylaat-fluor.jpg","width":864,"height":550,"caption":"Fluor acrylaat kleuren"},{"@type":"BreadcrumbList","@id":"https:\/\/shop.pyrasied.com\/product\/fluor-acrylaat-kleuren\/#breadcrumb","itemListElement":[{"@type":"ListItem","position":1,"name":"Home","item":"https:\/\/shop.pyrasied.com\/nl\/"},{"@type":"ListItem","position":2,"name":"Materialen","item":"https:\/\/shop.pyrasied.com\/nl\/materialen\/"},{"@type":"ListItem","position":3,"name":"Merken","item":"https:\/\/shop.pyrasied.com\/materialen\/merken\/"},{"@type":"ListItem","position":4,"name":"Green Cast","item":"https:\/\/shop.pyrasied.com\/materialen\/merken\/green-cast\/"},{"@type":"ListItem","position":5,"name":"Fluor acrylaat kleuren"}]},{"@type":"WebSite","@id":"https:\/\/shop.pyrasied.com\/de\/#website","url":"https:\/\/shop.pyrasied.com\/de\/","name":"Pyrasied","description":"Aus Liebe zum Material","publisher":{"@id":"https:\/\/shop.pyrasied.com\/de\/#organization"},"potentialAction":[{"@type":"SearchAction","target":{"@type":"EntryPoint","urlTemplate":"https:\/\/shop.pyrasied.com\/de\/?s={search_term_string}"},"query-input":{"@type":"PropertyValueSpecification","valueRequired":true,"valueName":"search_term_string"}}],"inLanguage":"de"},{"@type":"Organization","@id":"https:\/\/shop.pyrasied.com\/de\/#organization","name":"Pyrasied","url":"https:\/\/shop.pyrasied.com\/de\/","logo":{"@type":"ImageObject","inLanguage":"de","@id":"https:\/\/shop.pyrasied.com\/de\/#\/schema\/logo\/image\/","url":"https:\/\/shop.pyrasied.com\/wp-content\/uploads\/2025\/06\/pyrasied.jpg","contentUrl":"https:\/\/shop.pyrasied.com\/wp-content\/uploads\/2025\/06\/pyrasied.jpg","width":1200,"height":630,"caption":"Pyrasied"},"image":{"@id":"https:\/\/shop.pyrasied.com\/de\/#\/schema\/logo\/image\/"},"sameAs":["https:\/\/www.facebook.com\/Pyrasied\/","https:\/\/www.instagram.com\/pyrasied\/"]}]}},"_links":{"self":[{"href":"https:\/\/shop.pyrasied.com\/de\/wp-json\/wp\/v2\/product\/11088","targetHints":{"allow":["GET"]}}],"collection":[{"href":"https:\/\/shop.pyrasied.com\/de\/wp-json\/wp\/v2\/product"}],"about":[{"href":"https:\/\/shop.pyrasied.com\/de\/wp-json\/wp\/v2\/types\/product"}],"wp:featuredmedia":[{"embeddable":true,"href":"https:\/\/shop.pyrasied.com\/de\/wp-json\/wp\/v2\/media\/11240"}],"wp:attachment":[{"href":"https:\/\/shop.pyrasied.com\/de\/wp-json\/wp\/v2\/media?parent=11088"}],"wp:term":[{"taxonomy":"product_brand","embeddable":true,"href":"https:\/\/shop.pyrasied.com\/de\/wp-json\/wp\/v2\/product_brand?post=11088"},{"taxonomy":"product_cat","embeddable":true,"href":"https:\/\/shop.pyrasied.com\/de\/wp-json\/wp\/v2\/product_cat?post=11088"},{"taxonomy":"product_tag","embeddable":true,"href":"https:\/\/shop.pyrasied.com\/de\/wp-json\/wp\/v2\/product_tag?post=11088"}],"curies":[{"name":"wp","href":"https:\/\/api.w.org\/{rel}","templated":true}]}}