{"id":10745,"date":"2025-07-11T09:38:33","date_gmt":"2025-07-11T09:38:33","guid":{"rendered":"https:\/\/pyrasiedshop.nl\/product\/dekkende-kleuren-2\/"},"modified":"2026-03-30T12:19:37","modified_gmt":"2026-03-30T12:19:37","slug":"deckende-acrylfarben","status":"publish","type":"product","link":"https:\/\/shop.pyrasied.com\/de\/produkt\/deckende-acrylfarben\/","title":{"rendered":"Opake Acrylfarben"},"content":{"rendered":"<p>Zu den undurchsichtigen Acrylfarben geh\u00f6ren Polarlite, Setacryl, Setaparfum, SetaLetter und Ecocrylic. Jedes Material hat seine eigenen Spezifikationen:<\/p>\n<ul>\n<li><strong>Polarite<\/strong> - UV-best\u00e4ndig, 8- bis 10-mal sto\u00dffester als Glas und leicht zu bearbeiten mit Techniken wie Laserschneiden, Thermoformen und Kleben.<\/li>\n<li><strong>Setacryl<\/strong> - Gegossenes Acryl mit beidseitig gl\u00e4nzender Oberfl\u00e4che, hergestellt aus 100% recyceltem und wiederverwertbarem PMMA. UV-best\u00e4ndig und sto\u00dffest, bis zu 10-mal st\u00e4rker als Glas.<\/li>\n<li><strong>Setaparfum<\/strong> - 100% recyceltes und wiederverwertbares gegossenes Acrylglas, speziell entwickelt f\u00fcr die Kosmetik- und Pharmaindustrie. Dank seiner vernetzten Zusammensetzung ist diese Platte viermal widerstandsf\u00e4higer gegen chemische Einfl\u00fcsse wie Parf\u00fcms, Cremes und Reinigungsmittel. Au\u00dferdem ist sie UV-best\u00e4ndig und 8 bis 10 Mal st\u00e4rker als Glas.<\/li>\n<li><strong>SetaLetter<\/strong> - Platten mit satinierter und gl\u00e4nzender Oberfl\u00e4che. V\u00f6llig undurchsichtig, man kann nicht durch sie hindurchsehen und sie lassen kein Licht durch.<\/li>\n<li><strong>Ecocrylic<\/strong> - XT-Acrylat aus 100% recyceltem Pre- und Post-Consumer-Material. Ebenso farbecht und UV-best\u00e4ndig wie die nicht recycelten Varianten.<\/li>\n<\/ul>\n<p>Opake Acrylfarben eignen sich f\u00fcr eine Vielzahl von Anwendungen wie Innenarchitektur, M\u00f6bel, Displays, Beschilderung, Theken- und Barfronten, Ladenbau und Dekorationsplatten. Spezielle Sorten wie Setaparfum sind ideal f\u00fcr die Kosmetik- und Pharmaindustrie, wo chemische Best\u00e4ndigkeit entscheidend ist.<\/p>\n<p><!--StartFragment --><\/p>\n<h2 class=\"pf0\"><span class=\"cf0\">Vorrat an deckenden Acrylfarben<\/span><\/h2>\n<p class=\"pf0\"><span class=\"cf0\">Unsere opaken Acrylfarben sind je nach Farbe in Dicken von 2 bis 10 mm direkt ab Lager lieferbar. So k\u00f6nnen Sie schnell und flexibel an Projekten arbeiten, von Innenraum- und M\u00f6belanwendungen bis hin zu Displays, Vitrinen und kreativen Designs.<\/span><\/p>\n<p><!--EndFragment --><\/p>\n<h3>Verarbeitungsm\u00f6glichkeiten<\/h3>\n<p>Opake Acrylfarben sind einfach und pr\u00e4zise zu verarbeiten. Sie k\u00f6nnen geschnitten, gefr\u00e4st, gelasert, hei\u00df gebogen, geklebt, gebohrt, facettiert, poliert, mattiert oder bedruckt werden. Dank dieser vielseitigen Bearbeitbarkeit k\u00f6nnen Sie fast jedes Design realisieren, von funktional bis kreativ.<\/p>\n<h2>Anwendungen<\/h2>\n<p><!--StartFragment --><\/p>\n<p class=\"pf0\"><span class=\"cf0\">Die 8 mm starken undurchsichtigen Acrylplatten <\/span><span class=\"cf1\">- mit gl\u00e4nzender und satinierter Seite - sind ideal f\u00fcr das Auslasern von Buchstaben zur Verwendung an Fassaden. Dieses Material eignet sich besonders f\u00fcr Buchstaben und Logos, aber auch f\u00fcr Displays, Beschilderungen und andere Anwendungen in der Beschilderung.<\/span><\/p>\n<p class=\"pf0\"><span class=\"cf1\">Dar\u00fcber hinaus eignen sich die Platten hervorragend f\u00fcr:<\/span><\/p>\n<ul>\n<li class=\"pf0\"><span class=\"cf1\">Innenausstattung und M\u00f6bel: Wandpaneele, Trennw\u00e4nde, Theken- und Barfronten, Schr\u00e4nke und M\u00f6bel.<\/span><\/li>\n<li class=\"pf0\"><span class=\"cf1\">Displays und Vitrinen: Ladendisplays, Standbau und Produktdisplays.<\/span><\/li>\n<li class=\"pf0\"><span class=\"cf1\">Kreative und funktionelle Projekte: Lichtobjekte, Kunstinstallationen, funktionelle Designdetails und kreative Laserprojekte.<\/span><\/li>\n<li class=\"pf0\"><span class=\"cf1\">Spezifische Industrie<\/span><span class=\"cf0\">\u00ebn: z. B. kosmetische und pharmazeutische Anwendungen mit chemischer Best\u00e4ndigkeit (Setaparfum).<\/span><\/li>\n<li class=\"pf0\"><span class=\"cf0\">Dekorative Paneele und Beschilderung: f\u00fcr Innen- und Au\u00dfenbereiche, f\u00fcr Beschilderung, Schriftz\u00fcge, Namensschilder und Fassadenbuchstaben.<\/span><\/li>\n<li class=\"pf0\"><span class=\"cf0\">Praktische Anwendungen: Schutzplatten, Trennw\u00e4nde, dekorative Abschlusselemente und ma\u00dfgeschneiderte L\u00f6sungen f\u00fcr den Innen- und Einzelhandel.<\/span><\/li>\n<\/ul>\n<p class=\"pf0\"><span class=\"cf0\">Dank dieser Vielseitigkeit eignen sich undurchsichtige Acrylplatten perfekt f\u00fcr funktionelle und kreative Anwendungen, bei denen Haltbarkeit, \u00c4sthetik und Bearbeitbarkeit Hand in Hand gehen.<\/span><\/p>\n<p><!--EndFragment --><\/p>","protected":false},"excerpt":{"rendered":"<p>Zu den undurchsichtigen Acrylfarben geh\u00f6ren Polarlite, Setacryl, Setaparfum, SetaLetter und Ecocrylic. Jedes Material hat seine eigenen Spezifikationen: Polarlite - UV-best\u00e4ndig, 8- bis 10-mal schlagfester als Glas und leicht zu bearbeiten mit Techniken wie Laserschneiden, Thermoformen und Kleben. Setacrylic - Gegossenes Acryl mit beidseitig gl\u00e4nzender Oberfl\u00e4che, hergestellt aus 100% recyceltem und recycelbarem [...]<\/p>","protected":false},"featured_media":12349,"template":"","meta":{"_acf_changed":false},"product_brand":[],"product_cat":[30,51,52,774],"product_tag":[1732,1759],"class_list":{"0":"post-10745","1":"product","2":"type-product","3":"status-publish","4":"has-post-thumbnail","6":"product_cat-acrylaat","7":"product_cat-ecocrylic-xt","8":"product_cat-green-cast","9":"product_cat-milieuvriendelijke-kunststoffen","10":"product_tag-green-cast","11":"product_tag-letter","13":"first","14":"instock","15":"taxable","16":"shipping-taxable","17":"purchasable","18":"product-type-variable"},"acf":[],"yoast_head":"<!-- This site is optimized with the Yoast SEO plugin v26.0 - https:\/\/yoast.com\/wordpress\/plugins\/seo\/ -->\n<title>Dekkende acrylaat kleuren | Pyrasied<\/title>\n<meta name=\"description\" content=\"Ontdek dekkende acrylaat kleuren van Pyrasied \u2013 duurzaam, UV-bestendig en sterk. Perfect voor interieur, displays, meubilair en creatieve projecten.\" \/>\n<meta name=\"robots\" content=\"index, follow, max-snippet:-1, max-image-preview:large, max-video-preview:-1\" \/>\n<link rel=\"canonical\" href=\"https:\/\/shop.pyrasied.com\/de\/produkt\/deckende-acrylfarben\/\" \/>\n<meta property=\"og:locale\" content=\"de_DE\" \/>\n<meta property=\"og:type\" content=\"article\" \/>\n<meta property=\"og:title\" content=\"Dekkende acrylaat kleuren | Pyrasied\" \/>\n<meta property=\"og:description\" content=\"Ontdek dekkende acrylaat kleuren van Pyrasied \u2013 duurzaam, UV-bestendig en sterk. Perfect voor interieur, displays, meubilair en creatieve projecten.\" \/>\n<meta property=\"og:url\" content=\"https:\/\/shop.pyrasied.com\/de\/produkt\/deckende-acrylfarben\/\" \/>\n<meta property=\"og:site_name\" content=\"Pyrasied\" \/>\n<meta property=\"article:publisher\" content=\"https:\/\/www.facebook.com\/Pyrasied\/\" \/>\n<meta property=\"article:modified_time\" content=\"2026-03-30T12:19:37+00:00\" \/>\n<meta property=\"og:image\" content=\"https:\/\/shop.pyrasied.com\/wp-content\/uploads\/2025\/07\/Dekkende-acrylaat-kleuren.jpg\" \/>\n\t<meta property=\"og:image:width\" content=\"864\" \/>\n\t<meta property=\"og:image:height\" content=\"550\" \/>\n\t<meta property=\"og:image:type\" content=\"image\/jpeg\" \/>\n<meta name=\"twitter:card\" content=\"summary_large_image\" \/>\n<meta name=\"twitter:label1\" content=\"Gesch\u00e4tzte Lesezeit\" \/>\n\t<meta name=\"twitter:data1\" content=\"3\u00a0Minuten\" \/>\n<script type=\"application\/ld+json\" class=\"yoast-schema-graph\">{\"@context\":\"https:\/\/schema.org\",\"@graph\":[{\"@type\":\"WebPage\",\"@id\":\"https:\/\/shop.pyrasied.com\/product\/dekkende-acrylaat-kleuren\/\",\"url\":\"https:\/\/shop.pyrasied.com\/product\/dekkende-acrylaat-kleuren\/\",\"name\":\"Dekkende acrylaat kleuren | Pyrasied\",\"isPartOf\":{\"@id\":\"https:\/\/shop.pyrasied.com\/de\/#website\"},\"primaryImageOfPage\":{\"@id\":\"https:\/\/shop.pyrasied.com\/product\/dekkende-acrylaat-kleuren\/#primaryimage\"},\"image\":{\"@id\":\"https:\/\/shop.pyrasied.com\/product\/dekkende-acrylaat-kleuren\/#primaryimage\"},\"thumbnailUrl\":\"https:\/\/shop.pyrasied.com\/wp-content\/uploads\/2025\/07\/Dekkende-acrylaat-kleuren.jpg\",\"datePublished\":\"2025-07-11T09:38:33+00:00\",\"dateModified\":\"2026-03-30T12:19:37+00:00\",\"description\":\"Ontdek dekkende acrylaat kleuren van Pyrasied \u2013 duurzaam, UV-bestendig en sterk. Perfect voor interieur, displays, meubilair en creatieve projecten.\",\"breadcrumb\":{\"@id\":\"https:\/\/shop.pyrasied.com\/product\/dekkende-acrylaat-kleuren\/#breadcrumb\"},\"inLanguage\":\"de\",\"potentialAction\":[{\"@type\":\"ReadAction\",\"target\":[\"https:\/\/shop.pyrasied.com\/product\/dekkende-acrylaat-kleuren\/\"]}]},{\"@type\":\"ImageObject\",\"inLanguage\":\"de\",\"@id\":\"https:\/\/shop.pyrasied.com\/product\/dekkende-acrylaat-kleuren\/#primaryimage\",\"url\":\"https:\/\/shop.pyrasied.com\/wp-content\/uploads\/2025\/07\/Dekkende-acrylaat-kleuren.jpg\",\"contentUrl\":\"https:\/\/shop.pyrasied.com\/wp-content\/uploads\/2025\/07\/Dekkende-acrylaat-kleuren.jpg\",\"width\":864,\"height\":550,\"caption\":\"Dekkende acrylaat kleuren\"},{\"@type\":\"BreadcrumbList\",\"@id\":\"https:\/\/shop.pyrasied.com\/product\/dekkende-acrylaat-kleuren\/#breadcrumb\",\"itemListElement\":[{\"@type\":\"ListItem\",\"position\":1,\"name\":\"Home\",\"item\":\"https:\/\/shop.pyrasied.com\/nl\/\"},{\"@type\":\"ListItem\",\"position\":2,\"name\":\"Materialen\",\"item\":\"https:\/\/shop.pyrasied.com\/nl\/materialen\/\"},{\"@type\":\"ListItem\",\"position\":3,\"name\":\"Acrylaat\",\"item\":\"http:\/\/shop.pyrasied.com\/nl\/materialen\/acrylaat\/\"},{\"@type\":\"ListItem\",\"position\":4,\"name\":\"Dekkende acrylaat kleuren\"}]},{\"@type\":\"WebSite\",\"@id\":\"https:\/\/shop.pyrasied.com\/de\/#website\",\"url\":\"https:\/\/shop.pyrasied.com\/de\/\",\"name\":\"Pyrasied\",\"description\":\"Uit liefde voor materiaal\",\"publisher\":{\"@id\":\"https:\/\/shop.pyrasied.com\/de\/#organization\"},\"potentialAction\":[{\"@type\":\"SearchAction\",\"target\":{\"@type\":\"EntryPoint\",\"urlTemplate\":\"https:\/\/shop.pyrasied.com\/de\/?s={search_term_string}\"},\"query-input\":{\"@type\":\"PropertyValueSpecification\",\"valueRequired\":true,\"valueName\":\"search_term_string\"}}],\"inLanguage\":\"de\"},{\"@type\":\"Organization\",\"@id\":\"https:\/\/shop.pyrasied.com\/de\/#organization\",\"name\":\"Pyrasied\",\"url\":\"https:\/\/shop.pyrasied.com\/de\/\",\"logo\":{\"@type\":\"ImageObject\",\"inLanguage\":\"de\",\"@id\":\"https:\/\/shop.pyrasied.com\/de\/#\/schema\/logo\/image\/\",\"url\":\"https:\/\/shop.pyrasied.com\/wp-content\/uploads\/2025\/06\/pyrasied.jpg\",\"contentUrl\":\"https:\/\/shop.pyrasied.com\/wp-content\/uploads\/2025\/06\/pyrasied.jpg\",\"width\":1200,\"height\":630,\"caption\":\"Pyrasied\"},\"image\":{\"@id\":\"https:\/\/shop.pyrasied.com\/de\/#\/schema\/logo\/image\/\"},\"sameAs\":[\"https:\/\/www.facebook.com\/Pyrasied\/\",\"https:\/\/www.instagram.com\/pyrasied\/\"]}]}<\/script>\n<!-- \/ Yoast SEO plugin. -->","yoast_head_json":{"title":"Undurchsichtige Acrylfarben | Pyrasied","description":"Entdecken Sie die undurchsichtigen Acrylfarben von Pyrasied - langlebig, UV-best\u00e4ndig und stark. Perfekt f\u00fcr Innenr\u00e4ume, Displays, M\u00f6bel und kreative Projekte.","robots":{"index":"index","follow":"follow","max-snippet":"max-snippet:-1","max-image-preview":"max-image-preview:large","max-video-preview":"max-video-preview:-1"},"canonical":"https:\/\/shop.pyrasied.com\/de\/produkt\/deckende-acrylfarben\/","og_locale":"de_DE","og_type":"article","og_title":"Dekkende acrylaat kleuren | Pyrasied","og_description":"Ontdek dekkende acrylaat kleuren van Pyrasied \u2013 duurzaam, UV-bestendig en sterk. Perfect voor interieur, displays, meubilair en creatieve projecten.","og_url":"https:\/\/shop.pyrasied.com\/de\/produkt\/deckende-acrylfarben\/","og_site_name":"Pyrasied","article_publisher":"https:\/\/www.facebook.com\/Pyrasied\/","article_modified_time":"2026-03-30T12:19:37+00:00","og_image":[{"width":864,"height":550,"url":"https:\/\/shop.pyrasied.com\/wp-content\/uploads\/2025\/07\/Dekkende-acrylaat-kleuren.jpg","type":"image\/jpeg"}],"twitter_card":"summary_large_image","twitter_misc":{"Gesch\u00e4tzte Lesezeit":"3\u00a0Minuten"},"schema":{"@context":"https:\/\/schema.org","@graph":[{"@type":"WebPage","@id":"https:\/\/shop.pyrasied.com\/product\/dekkende-acrylaat-kleuren\/","url":"https:\/\/shop.pyrasied.com\/product\/dekkende-acrylaat-kleuren\/","name":"Undurchsichtige Acrylfarben | Pyrasied","isPartOf":{"@id":"https:\/\/shop.pyrasied.com\/de\/#website"},"primaryImageOfPage":{"@id":"https:\/\/shop.pyrasied.com\/product\/dekkende-acrylaat-kleuren\/#primaryimage"},"image":{"@id":"https:\/\/shop.pyrasied.com\/product\/dekkende-acrylaat-kleuren\/#primaryimage"},"thumbnailUrl":"https:\/\/shop.pyrasied.com\/wp-content\/uploads\/2025\/07\/Dekkende-acrylaat-kleuren.jpg","datePublished":"2025-07-11T09:38:33+00:00","dateModified":"2026-03-30T12:19:37+00:00","description":"Entdecken Sie die undurchsichtigen Acrylfarben von Pyrasied - langlebig, UV-best\u00e4ndig und stark. Perfekt f\u00fcr Innenr\u00e4ume, Displays, M\u00f6bel und kreative Projekte.","breadcrumb":{"@id":"https:\/\/shop.pyrasied.com\/product\/dekkende-acrylaat-kleuren\/#breadcrumb"},"inLanguage":"de","potentialAction":[{"@type":"ReadAction","target":["https:\/\/shop.pyrasied.com\/product\/dekkende-acrylaat-kleuren\/"]}]},{"@type":"ImageObject","inLanguage":"de","@id":"https:\/\/shop.pyrasied.com\/product\/dekkende-acrylaat-kleuren\/#primaryimage","url":"https:\/\/shop.pyrasied.com\/wp-content\/uploads\/2025\/07\/Dekkende-acrylaat-kleuren.jpg","contentUrl":"https:\/\/shop.pyrasied.com\/wp-content\/uploads\/2025\/07\/Dekkende-acrylaat-kleuren.jpg","width":864,"height":550,"caption":"Dekkende acrylaat kleuren"},{"@type":"BreadcrumbList","@id":"https:\/\/shop.pyrasied.com\/product\/dekkende-acrylaat-kleuren\/#breadcrumb","itemListElement":[{"@type":"ListItem","position":1,"name":"Home","item":"https:\/\/shop.pyrasied.com\/nl\/"},{"@type":"ListItem","position":2,"name":"Materialen","item":"https:\/\/shop.pyrasied.com\/nl\/materialen\/"},{"@type":"ListItem","position":3,"name":"Acrylaat","item":"http:\/\/shop.pyrasied.com\/nl\/materialen\/acrylaat\/"},{"@type":"ListItem","position":4,"name":"Dekkende acrylaat kleuren"}]},{"@type":"WebSite","@id":"https:\/\/shop.pyrasied.com\/de\/#website","url":"https:\/\/shop.pyrasied.com\/de\/","name":"Pyrasied","description":"Aus Liebe zum Material","publisher":{"@id":"https:\/\/shop.pyrasied.com\/de\/#organization"},"potentialAction":[{"@type":"SearchAction","target":{"@type":"EntryPoint","urlTemplate":"https:\/\/shop.pyrasied.com\/de\/?s={search_term_string}"},"query-input":{"@type":"PropertyValueSpecification","valueRequired":true,"valueName":"search_term_string"}}],"inLanguage":"de"},{"@type":"Organization","@id":"https:\/\/shop.pyrasied.com\/de\/#organization","name":"Pyrasied","url":"https:\/\/shop.pyrasied.com\/de\/","logo":{"@type":"ImageObject","inLanguage":"de","@id":"https:\/\/shop.pyrasied.com\/de\/#\/schema\/logo\/image\/","url":"https:\/\/shop.pyrasied.com\/wp-content\/uploads\/2025\/06\/pyrasied.jpg","contentUrl":"https:\/\/shop.pyrasied.com\/wp-content\/uploads\/2025\/06\/pyrasied.jpg","width":1200,"height":630,"caption":"Pyrasied"},"image":{"@id":"https:\/\/shop.pyrasied.com\/de\/#\/schema\/logo\/image\/"},"sameAs":["https:\/\/www.facebook.com\/Pyrasied\/","https:\/\/www.instagram.com\/pyrasied\/"]}]}},"_links":{"self":[{"href":"https:\/\/shop.pyrasied.com\/de\/wp-json\/wp\/v2\/product\/10745","targetHints":{"allow":["GET"]}}],"collection":[{"href":"https:\/\/shop.pyrasied.com\/de\/wp-json\/wp\/v2\/product"}],"about":[{"href":"https:\/\/shop.pyrasied.com\/de\/wp-json\/wp\/v2\/types\/product"}],"wp:featuredmedia":[{"embeddable":true,"href":"https:\/\/shop.pyrasied.com\/de\/wp-json\/wp\/v2\/media\/12349"}],"wp:attachment":[{"href":"https:\/\/shop.pyrasied.com\/de\/wp-json\/wp\/v2\/media?parent=10745"}],"wp:term":[{"taxonomy":"product_brand","embeddable":true,"href":"https:\/\/shop.pyrasied.com\/de\/wp-json\/wp\/v2\/product_brand?post=10745"},{"taxonomy":"product_cat","embeddable":true,"href":"https:\/\/shop.pyrasied.com\/de\/wp-json\/wp\/v2\/product_cat?post=10745"},{"taxonomy":"product_tag","embeddable":true,"href":"https:\/\/shop.pyrasied.com\/de\/wp-json\/wp\/v2\/product_tag?post=10745"}],"curies":[{"name":"wp","href":"https:\/\/api.w.org\/{rel}","templated":true}]}}