{"id":10185,"date":"2025-07-11T09:36:11","date_gmt":"2025-07-11T09:36:11","guid":{"rendered":"https:\/\/pyrasiedshop.nl\/product\/satijn-kleuren\/"},"modified":"2026-03-30T12:15:39","modified_gmt":"2026-03-30T12:15:39","slug":"satinierte-acrylfarben","status":"publish","type":"product","link":"https:\/\/shop.pyrasied.com\/de\/produkt\/satinierte-acrylfarben\/","title":{"rendered":"Satinierte Acrylfarben"},"content":{"rendered":"<p><!--StartFragment --><\/p>\n<p class=\"pf0\"><span class=\"cf0\">Die satinierten Acrylfarben von Pyrasied sind Teil der hochwertigen Satinglas-Kollektion. Diese Kollektion besteht aus 25 sorgf\u00e4ltig zusammengestellten Farben mit einer beidseitig satinierten Oberfl\u00e4che. Das Material kombiniert ein luxuri\u00f6ses Soft-Touch-Aussehen mit funktionalen Eigenschaften wie Lichtstreuung, Pflegeleichtigkeit und UV-Best\u00e4ndigkeit.<\/span><\/p>\n<p class=\"pf0\"><span class=\"cf0\">Satiniertes Acryl ist halbtransparent und l\u00e4sst das Licht auf subtile, diffuse Weise durch. Dadurch eignet sich das Material besonders f\u00fcr Anwendungen, bei denen Ambiente, Privatsph\u00e4re und \u00c4sthetik zusammenkommen.<\/span><\/p>\n<p><!--EndFragment --><\/p>\n<p><!--StartFragment --><\/p>\n<h2 class=\"pf0\"><span class=\"cf0\">Eigenschaften von satiniertem Acryl<\/span><\/h2>\n<p><!--EndFragment --><\/p>\n<p><!--StartFragment --><\/p>\n<ul>\n<li class=\"pf0\"><span class=\"cf0\">Beidseitig satinierte (matte) Oberfl\u00e4che<\/span><\/li>\n<li class=\"pf0\"><span class=\"cf0\">Weiches, luxuri\u00f6ses \"Soft-Touch\"-Gef\u00fchl<\/span><\/li>\n<li class=\"pf0\"><span class=\"cf0\">Halbtransparent mit diffuser Lichtdurchl\u00e4ssigkeit<\/span><\/li>\n<li class=\"pf0\"><span class=\"cf0\">UV-stabil und witterungsbest\u00e4ndig<\/span><\/li>\n<li class=\"pf0\"><span class=\"cf0\">Geeignet f\u00fcr Innen- und Au\u00dfenanwendungen<\/span><\/li>\n<li class=\"pf0\"><span class=\"cf0\">Schmutzabweisend und leicht zu reinigen<\/span><\/li>\n<\/ul>\n<p class=\"pf0\"><span class=\"cf0\">Dank dieser Eigenschaften ist satiniertes Acrylglas eine beliebte Alternative zu Glas bei einer Vielzahl von Design- und Bauprojekten.<\/span><\/p>\n<h3 class=\"pf0\"><span class=\"cf0\">Lagerbestand<\/span><\/h3>\n<p class=\"pf0\"><span class=\"cf0\">Die Farbkollektion Satinglas satiniert ist standardm\u00e4\u00dfig in 3 mm St\u00e4rke erh\u00e4ltlich. Eine Reihe von Farben sind auch in 4, 5, 6, 8 und 10 mm erh\u00e4ltlich.<\/span><\/p>\n<p><!--StartFragment --><\/p>\n<h3 class=\"pf0\"><span class=\"cf0\">Anwendungen<\/span><\/h3>\n<p><!--StartFragment --><\/p>\n<p><span class=\"cf0\">Satiniertes Glas, satiniertes Acryl, wird unter anderem in vielen Bereichen verwendet:<\/span><\/p>\n<ul>\n<li><span class=\"cf0\">Innenausbau und Innenarchitektur<\/span><\/li>\n<li><span class=\"cf0\">Ladengestaltung und Einzelhandelskonzepte<\/span><\/li>\n<li><span class=\"cf0\">Stand- und Setbau<\/span><\/li>\n<li><span class=\"cf0\">Beschilderung und Werbung<\/span><\/li>\n<li><span class=\"cf0\">Displaybau und Vitrinen<\/span><\/li>\n<li><span class=\"cf0\">Beleuchtung und Lichtobjekte<\/span><\/li>\n<\/ul>\n<p><span class=\"cf0\">In Kombination mit (LED-)Beleuchtung kommt satiniertes Acryl besonders gut zur Geltung. Die satinierte Oberfl\u00e4che sorgt f\u00fcr eine gleichm\u00e4\u00dfige, weiche Lichtverteilung ohne Blendung oder harte Reflexe.<\/span><\/p>\n<p>F\u00fcr Projekte, bei denen vollst\u00e4ndige Transparenz erforderlich ist, sehen Sie sich unsere Sammlung an <a href=\"https:\/\/shop.pyrasied.com\/de\/produkt\/transparente-acrylfarben\/\">Transparente Acrylfarben<\/a>.<\/p>\n<p><!--StartFragment --><\/p>\n<h3 class=\"pf0\"><span class=\"cf0\">Verarbeitungsm\u00f6glichkeiten<\/span><\/h3>\n<p class=\"pf0\"><span class=\"cf0\">Satiniertes Acryl ist leicht zu bearbeiten, entweder in unserer eigenen Werkstatt oder \u00fcber Pyrasied. M\u00f6gliche Bearbeitungsoptionen sind:<\/span><\/p>\n<ul>\n<li class=\"pf0\"><span class=\"cf0\">S\u00e4ge<\/span><\/li>\n<li class=\"pf0\"><span class=\"cf0\">Fr\u00e4sen<\/span><\/li>\n<li class=\"pf0\"><span class=\"cf0\">Laser<\/span><\/li>\n<li class=\"pf0\"><span class=\"cf0\">Hei\u00dfbiegen (Linienbiegen oder H\u00e4rten)<\/span><\/li>\n<li class=\"pf0\"><span class=\"cf0\">Bindung<\/span><\/li>\n<li class=\"pf0\"><span class=\"cf0\">Bohrer<\/span><\/li>\n<li class=\"pf0\"><span class=\"cf0\">Facette<\/span><\/li>\n<li class=\"pf0\"><span class=\"cf0\">Polieren<\/span><\/li>\n<li class=\"pf0\"><span class=\"cf0\">Mattierung<\/span><\/li>\n<li class=\"pf0\"><span class=\"cf0\">Drucken<\/span><\/li>\n<\/ul>\n<p><!--StartFragment --><\/p>\n<p><!--EndFragment --><\/p>\n<p><!--EndFragment --><\/p>\n<p><!--EndFragment --><\/p>\n<p><!--EndFragment --><\/p>\n<p><!--EndFragment --><\/p>","protected":false},"excerpt":{"rendered":"<p>Die satinierten Acrylfarben von Pyrasied sind Teil der hochwertigen Satinglas-Kollektion. Diese Kollektion besteht aus 25 sorgf\u00e4ltig zusammengestellten Farben mit einer beidseitig satinierten Oberfl\u00e4che. Das Material kombiniert ein luxuri\u00f6ses, weiches Aussehen mit funktionalen Eigenschaften wie Lichtstreuung, Pflegeleichtigkeit und UV-Best\u00e4ndigkeit. Das satinierte Acrylglas ist halbtransparent und l\u00e4sst das Licht in einer subtilen, diffusen [...]<\/p>","protected":false},"featured_media":14227,"template":"","meta":{"_acf_changed":false},"product_brand":[],"product_cat":[30,52,774],"product_tag":[1738,1754,622,1720],"class_list":{"0":"post-10185","1":"product","2":"type-product","3":"status-publish","4":"has-post-thumbnail","6":"product_cat-acrylaat","7":"product_cat-green-cast","8":"product_cat-milieuvriendelijke-kunststoffen","9":"product_tag-ecocast","10":"product_tag-led-lighting","11":"product_tag-plexiglas","12":"product_tag-verlichting","14":"first","15":"instock","16":"taxable","17":"shipping-taxable","18":"purchasable","19":"product-type-variable"},"acf":[],"yoast_head":"<!-- This site is optimized with the Yoast SEO plugin v26.0 - https:\/\/yoast.com\/wordpress\/plugins\/seo\/ -->\n<title>Satijn acrylaat kleuren | Pyrasied<\/title>\n<meta name=\"description\" content=\"Ontdek de Satijn acrylaat kleuren collectie \u2013 25 semi-transparante, UV-stabiele kleuren met zacht satijnoppervlak, ideaal voor binnen- en buitengebruik.\" \/>\n<meta name=\"robots\" content=\"index, follow, max-snippet:-1, max-image-preview:large, max-video-preview:-1\" \/>\n<link rel=\"canonical\" href=\"https:\/\/shop.pyrasied.com\/de\/produkt\/satinierte-acrylfarben\/\" \/>\n<meta property=\"og:locale\" content=\"de_DE\" \/>\n<meta property=\"og:type\" content=\"article\" \/>\n<meta property=\"og:title\" content=\"Satijn acrylaat kleuren | Pyrasied\" \/>\n<meta property=\"og:description\" content=\"Ontdek de Satijn acrylaat kleuren collectie \u2013 25 semi-transparante, UV-stabiele kleuren met zacht satijnoppervlak, ideaal voor binnen- en buitengebruik.\" \/>\n<meta property=\"og:url\" content=\"https:\/\/shop.pyrasied.com\/de\/produkt\/satinierte-acrylfarben\/\" \/>\n<meta property=\"og:site_name\" content=\"Pyrasied\" \/>\n<meta property=\"article:publisher\" content=\"https:\/\/www.facebook.com\/Pyrasied\/\" \/>\n<meta property=\"article:modified_time\" content=\"2026-03-30T12:15:39+00:00\" \/>\n<meta property=\"og:image\" content=\"https:\/\/shop.pyrasied.com\/wp-content\/uploads\/2025\/07\/Pyrasied-Satinglas-kleurenoverzicht-864x550-2.jpg\" \/>\n\t<meta property=\"og:image:width\" content=\"1000\" \/>\n\t<meta property=\"og:image:height\" content=\"1000\" \/>\n\t<meta property=\"og:image:type\" content=\"image\/jpeg\" \/>\n<meta name=\"twitter:card\" content=\"summary_large_image\" \/>\n<meta name=\"twitter:label1\" content=\"Gesch\u00e4tzte Lesezeit\" \/>\n\t<meta name=\"twitter:data1\" content=\"2\u00a0Minuten\" \/>\n<script type=\"application\/ld+json\" class=\"yoast-schema-graph\">{\"@context\":\"https:\/\/schema.org\",\"@graph\":[{\"@type\":\"WebPage\",\"@id\":\"https:\/\/shop.pyrasied.com\/product\/satijn-acrylaat-kleuren\/\",\"url\":\"https:\/\/shop.pyrasied.com\/product\/satijn-acrylaat-kleuren\/\",\"name\":\"Satijn acrylaat kleuren | Pyrasied\",\"isPartOf\":{\"@id\":\"https:\/\/shop.pyrasied.com\/de\/#website\"},\"primaryImageOfPage\":{\"@id\":\"https:\/\/shop.pyrasied.com\/product\/satijn-acrylaat-kleuren\/#primaryimage\"},\"image\":{\"@id\":\"https:\/\/shop.pyrasied.com\/product\/satijn-acrylaat-kleuren\/#primaryimage\"},\"thumbnailUrl\":\"https:\/\/shop.pyrasied.com\/wp-content\/uploads\/2025\/07\/Pyrasied-Satinglas-kleurenoverzicht-864x550-2.jpg\",\"datePublished\":\"2025-07-11T09:36:11+00:00\",\"dateModified\":\"2026-03-30T12:15:39+00:00\",\"description\":\"Ontdek de Satijn acrylaat kleuren collectie \u2013 25 semi-transparante, UV-stabiele kleuren met zacht satijnoppervlak, ideaal voor binnen- en buitengebruik.\",\"breadcrumb\":{\"@id\":\"https:\/\/shop.pyrasied.com\/product\/satijn-acrylaat-kleuren\/#breadcrumb\"},\"inLanguage\":\"de\",\"potentialAction\":[{\"@type\":\"ReadAction\",\"target\":[\"https:\/\/shop.pyrasied.com\/product\/satijn-acrylaat-kleuren\/\"]}]},{\"@type\":\"ImageObject\",\"inLanguage\":\"de\",\"@id\":\"https:\/\/shop.pyrasied.com\/product\/satijn-acrylaat-kleuren\/#primaryimage\",\"url\":\"https:\/\/shop.pyrasied.com\/wp-content\/uploads\/2025\/07\/Pyrasied-Satinglas-kleurenoverzicht-864x550-2.jpg\",\"contentUrl\":\"https:\/\/shop.pyrasied.com\/wp-content\/uploads\/2025\/07\/Pyrasied-Satinglas-kleurenoverzicht-864x550-2.jpg\",\"width\":1000,\"height\":1000,\"caption\":\"satijn acrylaat kleuren\"},{\"@type\":\"BreadcrumbList\",\"@id\":\"https:\/\/shop.pyrasied.com\/product\/satijn-acrylaat-kleuren\/#breadcrumb\",\"itemListElement\":[{\"@type\":\"ListItem\",\"position\":1,\"name\":\"Home\",\"item\":\"https:\/\/shop.pyrasied.com\/nl\/\"},{\"@type\":\"ListItem\",\"position\":2,\"name\":\"Materialen\",\"item\":\"https:\/\/shop.pyrasied.com\/nl\/materialen\/\"},{\"@type\":\"ListItem\",\"position\":3,\"name\":\"Merken\",\"item\":\"https:\/\/shop.pyrasied.com\/materialen\/merken\/\"},{\"@type\":\"ListItem\",\"position\":4,\"name\":\"Green Cast\",\"item\":\"https:\/\/shop.pyrasied.com\/materialen\/merken\/green-cast\/\"},{\"@type\":\"ListItem\",\"position\":5,\"name\":\"Satijn acrylaat kleuren\"}]},{\"@type\":\"WebSite\",\"@id\":\"https:\/\/shop.pyrasied.com\/de\/#website\",\"url\":\"https:\/\/shop.pyrasied.com\/de\/\",\"name\":\"Pyrasied\",\"description\":\"Uit liefde voor materiaal\",\"publisher\":{\"@id\":\"https:\/\/shop.pyrasied.com\/de\/#organization\"},\"potentialAction\":[{\"@type\":\"SearchAction\",\"target\":{\"@type\":\"EntryPoint\",\"urlTemplate\":\"https:\/\/shop.pyrasied.com\/de\/?s={search_term_string}\"},\"query-input\":{\"@type\":\"PropertyValueSpecification\",\"valueRequired\":true,\"valueName\":\"search_term_string\"}}],\"inLanguage\":\"de\"},{\"@type\":\"Organization\",\"@id\":\"https:\/\/shop.pyrasied.com\/de\/#organization\",\"name\":\"Pyrasied\",\"url\":\"https:\/\/shop.pyrasied.com\/de\/\",\"logo\":{\"@type\":\"ImageObject\",\"inLanguage\":\"de\",\"@id\":\"https:\/\/shop.pyrasied.com\/de\/#\/schema\/logo\/image\/\",\"url\":\"https:\/\/shop.pyrasied.com\/wp-content\/uploads\/2025\/06\/pyrasied.jpg\",\"contentUrl\":\"https:\/\/shop.pyrasied.com\/wp-content\/uploads\/2025\/06\/pyrasied.jpg\",\"width\":1200,\"height\":630,\"caption\":\"Pyrasied\"},\"image\":{\"@id\":\"https:\/\/shop.pyrasied.com\/de\/#\/schema\/logo\/image\/\"},\"sameAs\":[\"https:\/\/www.facebook.com\/Pyrasied\/\",\"https:\/\/www.instagram.com\/pyrasied\/\"]}]}<\/script>\n<!-- \/ Yoast SEO plugin. -->","yoast_head_json":{"title":"Satinierte Acrylfarben | Pyrasied","description":"Entdecken Sie die Satin-Acrylfarben-Kollektion - 25 halbtransparente, UV-stabile Farben mit satinierter Oberfl\u00e4che, ideal f\u00fcr Innen- und Au\u00dfenbereiche.","robots":{"index":"index","follow":"follow","max-snippet":"max-snippet:-1","max-image-preview":"max-image-preview:large","max-video-preview":"max-video-preview:-1"},"canonical":"https:\/\/shop.pyrasied.com\/de\/produkt\/satinierte-acrylfarben\/","og_locale":"de_DE","og_type":"article","og_title":"Satijn acrylaat kleuren | Pyrasied","og_description":"Ontdek de Satijn acrylaat kleuren collectie \u2013 25 semi-transparante, UV-stabiele kleuren met zacht satijnoppervlak, ideaal voor binnen- en buitengebruik.","og_url":"https:\/\/shop.pyrasied.com\/de\/produkt\/satinierte-acrylfarben\/","og_site_name":"Pyrasied","article_publisher":"https:\/\/www.facebook.com\/Pyrasied\/","article_modified_time":"2026-03-30T12:15:39+00:00","og_image":[{"width":1000,"height":1000,"url":"https:\/\/shop.pyrasied.com\/wp-content\/uploads\/2025\/07\/Pyrasied-Satinglas-kleurenoverzicht-864x550-2.jpg","type":"image\/jpeg"}],"twitter_card":"summary_large_image","twitter_misc":{"Gesch\u00e4tzte Lesezeit":"2\u00a0Minuten"},"schema":{"@context":"https:\/\/schema.org","@graph":[{"@type":"WebPage","@id":"https:\/\/shop.pyrasied.com\/product\/satijn-acrylaat-kleuren\/","url":"https:\/\/shop.pyrasied.com\/product\/satijn-acrylaat-kleuren\/","name":"Satinierte Acrylfarben | Pyrasied","isPartOf":{"@id":"https:\/\/shop.pyrasied.com\/de\/#website"},"primaryImageOfPage":{"@id":"https:\/\/shop.pyrasied.com\/product\/satijn-acrylaat-kleuren\/#primaryimage"},"image":{"@id":"https:\/\/shop.pyrasied.com\/product\/satijn-acrylaat-kleuren\/#primaryimage"},"thumbnailUrl":"https:\/\/shop.pyrasied.com\/wp-content\/uploads\/2025\/07\/Pyrasied-Satinglas-kleurenoverzicht-864x550-2.jpg","datePublished":"2025-07-11T09:36:11+00:00","dateModified":"2026-03-30T12:15:39+00:00","description":"Entdecken Sie die Satin-Acrylfarben-Kollektion - 25 halbtransparente, UV-stabile Farben mit satinierter Oberfl\u00e4che, ideal f\u00fcr Innen- und Au\u00dfenbereiche.","breadcrumb":{"@id":"https:\/\/shop.pyrasied.com\/product\/satijn-acrylaat-kleuren\/#breadcrumb"},"inLanguage":"de","potentialAction":[{"@type":"ReadAction","target":["https:\/\/shop.pyrasied.com\/product\/satijn-acrylaat-kleuren\/"]}]},{"@type":"ImageObject","inLanguage":"de","@id":"https:\/\/shop.pyrasied.com\/product\/satijn-acrylaat-kleuren\/#primaryimage","url":"https:\/\/shop.pyrasied.com\/wp-content\/uploads\/2025\/07\/Pyrasied-Satinglas-kleurenoverzicht-864x550-2.jpg","contentUrl":"https:\/\/shop.pyrasied.com\/wp-content\/uploads\/2025\/07\/Pyrasied-Satinglas-kleurenoverzicht-864x550-2.jpg","width":1000,"height":1000,"caption":"satijn acrylaat kleuren"},{"@type":"BreadcrumbList","@id":"https:\/\/shop.pyrasied.com\/product\/satijn-acrylaat-kleuren\/#breadcrumb","itemListElement":[{"@type":"ListItem","position":1,"name":"Home","item":"https:\/\/shop.pyrasied.com\/nl\/"},{"@type":"ListItem","position":2,"name":"Materialen","item":"https:\/\/shop.pyrasied.com\/nl\/materialen\/"},{"@type":"ListItem","position":3,"name":"Merken","item":"https:\/\/shop.pyrasied.com\/materialen\/merken\/"},{"@type":"ListItem","position":4,"name":"Green Cast","item":"https:\/\/shop.pyrasied.com\/materialen\/merken\/green-cast\/"},{"@type":"ListItem","position":5,"name":"Satijn acrylaat kleuren"}]},{"@type":"WebSite","@id":"https:\/\/shop.pyrasied.com\/de\/#website","url":"https:\/\/shop.pyrasied.com\/de\/","name":"Pyrasied","description":"Aus Liebe zum Material","publisher":{"@id":"https:\/\/shop.pyrasied.com\/de\/#organization"},"potentialAction":[{"@type":"SearchAction","target":{"@type":"EntryPoint","urlTemplate":"https:\/\/shop.pyrasied.com\/de\/?s={search_term_string}"},"query-input":{"@type":"PropertyValueSpecification","valueRequired":true,"valueName":"search_term_string"}}],"inLanguage":"de"},{"@type":"Organization","@id":"https:\/\/shop.pyrasied.com\/de\/#organization","name":"Pyrasied","url":"https:\/\/shop.pyrasied.com\/de\/","logo":{"@type":"ImageObject","inLanguage":"de","@id":"https:\/\/shop.pyrasied.com\/de\/#\/schema\/logo\/image\/","url":"https:\/\/shop.pyrasied.com\/wp-content\/uploads\/2025\/06\/pyrasied.jpg","contentUrl":"https:\/\/shop.pyrasied.com\/wp-content\/uploads\/2025\/06\/pyrasied.jpg","width":1200,"height":630,"caption":"Pyrasied"},"image":{"@id":"https:\/\/shop.pyrasied.com\/de\/#\/schema\/logo\/image\/"},"sameAs":["https:\/\/www.facebook.com\/Pyrasied\/","https:\/\/www.instagram.com\/pyrasied\/"]}]}},"_links":{"self":[{"href":"https:\/\/shop.pyrasied.com\/de\/wp-json\/wp\/v2\/product\/10185","targetHints":{"allow":["GET"]}}],"collection":[{"href":"https:\/\/shop.pyrasied.com\/de\/wp-json\/wp\/v2\/product"}],"about":[{"href":"https:\/\/shop.pyrasied.com\/de\/wp-json\/wp\/v2\/types\/product"}],"wp:featuredmedia":[{"embeddable":true,"href":"https:\/\/shop.pyrasied.com\/de\/wp-json\/wp\/v2\/media\/14227"}],"wp:attachment":[{"href":"https:\/\/shop.pyrasied.com\/de\/wp-json\/wp\/v2\/media?parent=10185"}],"wp:term":[{"taxonomy":"product_brand","embeddable":true,"href":"https:\/\/shop.pyrasied.com\/de\/wp-json\/wp\/v2\/product_brand?post=10185"},{"taxonomy":"product_cat","embeddable":true,"href":"https:\/\/shop.pyrasied.com\/de\/wp-json\/wp\/v2\/product_cat?post=10185"},{"taxonomy":"product_tag","embeddable":true,"href":"https:\/\/shop.pyrasied.com\/de\/wp-json\/wp\/v2\/product_tag?post=10185"}],"curies":[{"name":"wp","href":"https:\/\/api.w.org\/{rel}","templated":true}]}}