{"id":6263,"date":"2025-06-30T09:48:21","date_gmt":"2025-06-30T09:48:21","guid":{"rendered":"https:\/\/pyrasiedshop.nl\/?page_id=6263"},"modified":"2025-10-28T11:16:27","modified_gmt":"2025-10-28T11:16:27","slug":"lieferbedingungen","status":"publish","type":"page","link":"https:\/\/shop.pyrasied.com\/de\/unterstutzung\/lieferbedingungen\/","title":{"rendered":"Lieferbedingungen"},"content":{"rendered":"<p><strong>1. Anwendbarkeit der Allgemeinen Gesch\u00e4ftsbedingungen:<\/strong><br \/>\n- Diese Bedingungen gelten f\u00fcr alle Angebote und Lieferungen sowie f\u00fcr die Ausf\u00fchrung von Arbeiten, kurzum f\u00fcr alle von uns geschlossenen Vertr\u00e4ge.<br \/>\n- Bestellungen und Auftr\u00e4ge gelten als Best\u00e4tigung und Annahme dieser Bedingungen.<br \/>\n- Diese Bedingungen bedeuten, dass die (allgemeinen) Gesch\u00e4ftsbedingungen des Auftraggebers keine Anwendung finden, es sei denn, es wurde schriftlich etwas anderes vereinbart.<\/p>\n<p><strong>2. Angebote<\/strong><br \/>\n- Alle unsere Angebote sind freibleibend.<br \/>\n- Die Verantwortung f\u00fcr die Beurteilung der Eignung eines Produkts f\u00fcr die jeweilige Anwendung liegt beim Kunden bzw. Nutzer. Wir \u00fcbernehmen keinerlei Haftung, au\u00dfer bei grobem Verschulden oder Vorsatz, f\u00fcr Sch\u00e4den, die durch oder im Zusammenhang mit der Verwendung (welcher Art auch immer) des Produkts durch den Kunden oder einen Dritten entstehen.<br \/>\n- Wir \u00fcbernehmen keine Haftung f\u00fcr Ungenauigkeiten oder Unvollkommenheiten in Daten, Zeichnungen usw., die uns vom oder im Namen des Auftraggebers zur Ausf\u00fchrung des Vertrages zur Verf\u00fcgung gestellt werden. Wir sind nicht verpflichtet, die vom Auftraggeber oder \u00fcber ihn von Dritten erhaltenen Daten oder Unterlagen zu pr\u00fcfen und d\u00fcrfen uns auf deren Richtigkeit verlassen. Unser Auftraggeber sch\u00fctzt uns vor allen Anspr\u00fcchen Dritter, die sich aus solchen Ungenauigkeiten oder Unvollkommenheiten ergeben.<br \/>\n- F\u00fcr Entw\u00fcrfe, die von Pyrasied im Auftrag des Kunden erstellt werden, behalten wir uns ausdr\u00fccklich das geistige Eigentum vor.<\/p>\n<p><strong>3. Preise und Lieferung<\/strong><br \/>\n- Alle Preise verstehen sich f\u00fcr die Lieferung ab Werk, ausschlie\u00dflich Verpackung und Mehrwertsteuer, sofern nicht schriftlich etwas anderes vereinbart wurde.<br \/>\n- Wenn nach der Annahme eines Auftrags Umst\u00e4nde eintreten, die sich auf den Selbstkostenpreis auswirken, wie z. B. \u00c4nderungen von Einfuhrz\u00f6llen, Steuern, Rohstoffpreisen usw., k\u00f6nnen wir die eingetretene Preisschwankung mit unserem Kunden ausgleichen.<br \/>\n- Wir sind nicht verpflichtet, angebotene Waren zu liefern, die von unseren Herstellern nach unserem Angebot aus dem Lieferprogramm genommen wurden und\/oder sich, aus welchen Gr\u00fcnden auch immer, als nicht mehr herstellbar erweisen. Auch haften wir in keiner Weise f\u00fcr die Folgen, die sich daraus f\u00fcr unseren Kunden oder Dritte ergeben.<br \/>\n- Ma\u00dfgeblich ist allein die in unserer Auftragsbest\u00e4tigung angegebene Lieferzeit. Soweit nicht ausdr\u00fccklich schriftlich etwas anderes vereinbart ist, sind wir bei \u00dcberschreitung der Lieferzeit nicht zum Schadensersatz verpflichtet. Auch eine Entsch\u00e4digung oder ein Ersatz von Folgesch\u00e4den durch den Kunden oder Dritte ist ausgeschlossen.<\/p>\n<p><strong>4. Bestellungen<\/strong><br \/>\n- Eine Bestellung ist f\u00fcr uns nur verbindlich, soweit sie von uns schriftlich und vorbehaltlos angenommen und best\u00e4tigt wurde. Das Vorstehende gilt auch f\u00fcr weitere \u00c4nderungen bestehender Vertr\u00e4ge.<br \/>\n- Werden nach Annahme des Auftrages von unserem Kunden \u00c4nderungen vorgeschrieben oder wird der Auftrag ganz oder teilweise storniert, so gehen alle bereits entstandenen Kosten sowie die H\u00f6he unseres entgangenen Gewinns und der Leerlaufverluste zu Lasten unseres Kunden.<br \/>\n- Bei Mengen\u00e4nderungen ist der urspr\u00fcnglich best\u00e4tigte St\u00fcckpreis nicht mehr verbindlich und es k\u00f6nnen auch zus\u00e4tzliche Kosten aufgrund von \u00c4nderungen in der Zusammensetzung des Selbstkostenpreises des Produkts (z.B. Transportkosten) berechnet werden.<br \/>\n- Eine Stornierung oder \u00c4nderung der Bestellung durch den Kunden ist nur nach unserer schriftlichen Zustimmung verbindlich.<br \/>\n- Bei der kundenindividuellen Produktion in unseren Fabriken arbeiten wir in der Regel in Chargen. Es kann nicht vorhergesagt werden, ob und in welchem Umfang die Produktion gelingt. Wir lehnen ausdr\u00fccklich jede Haftung (auch f\u00fcr Verz\u00f6gerungen) in diesem Zusammenhang ab. Der Normalfall ist, dass das Werk die erste und zweite Wahl liefert und der Kunde diese abnimmt. Platten zweiter Wahl werden entsprechend in Rechnung gestellt.<\/p>\n<p><strong>5. Bestimmungen \u00fcber das Produkt<\/strong><br \/>\n- F\u00fcr alle von uns gelieferten Halbfabrikate gelten die in unseren Datenbl\u00e4ttern oder die unserer Lieferanten angegebenen Toleranzen. F\u00fcr alle gefertigten Produkte gelten die kunststoff\u00fcblichen Toleranzen, sofern nichts anderes schriftlich vereinbart wurde.<br \/>\n- Wir \u00fcbernehmen keine Haftung f\u00fcr Farbabweichungen, wenn diese nicht \u00fcber Farbnuancen hinausgehen. Da die meisten Kunststoffe eine Dickentoleranz haben, ist die Farbtoleranz in Verbindung mit der Dickentoleranz eine Materialeigenschaft und kann niemals ein Grund f\u00fcr eine Ablehnung oder Inverzugsetzung etc. sein.<\/p>\n<p><strong>6. Freistellung von Anspr\u00fcchen Dritter<\/strong><br \/>\n- Bei Herstellung oder Lieferung von Artikeln nach Zeichnungen, Mustern, Modellen oder sonstigen Anweisungen im weitesten Sinne des Wortes, die wir von unserem Kunden oder \u00fcber ihn von Dritten erhalten haben, \u00fcbernimmt unser Kunde die volle Gew\u00e4hr daf\u00fcr, dass durch die Herstellung und\/oder Lieferung dieser Artikel keine Patent-, Marken- oder Nutzungsrechte oder Handelsmuster oder sonstige Rechte Dritter verletzt werden, und unser Kunde stellt uns von allen Anspr\u00fcchen frei, die gegen uns geltend gemacht werden.<br \/>\n- Wenn ein Dritter die Herstellung und\/oder Lieferung unter Berufung auf ein angebliches Recht im Sinne des Vorstehenden beanstandet, sind wir ohne weiteres und ausschlie\u00dflich auf dieser Grundlage berechtigt, die Herstellung und\/oder Lieferung sofort einzustellen und\/oder zu unterbrechen und die Erstattung der entstandenen Kosten zu verlangen, unbeschadet unserer Anspr\u00fcche auf weitere Entsch\u00e4digung gegen\u00fcber unserem Kunden, ohne selbst zu einer Entsch\u00e4digung verpflichtet zu sein.<br \/>\n- Wir sind verpflichtet, den Auftraggeber unverz\u00fcglich \u00fcber alle bei uns eingegangenen Beanstandungen der Herstellung und\/oder Lieferung des betreffenden Artikels zu informieren.<\/p>\n<p><strong>7. Anzeige<\/strong><br \/>\n- Beanstandungen wegen etwaiger fehlerhafter Ausf\u00fchrung von Auftr\u00e4gen, Qualit\u00e4t, Abmessungen, Nummern oder sonstiger Eigenschaften der gelieferten Waren usw. m\u00fcssen uns innerhalb von acht Tagen nach Erhalt der Waren schriftlich mitgeteilt werden. Sp\u00e4tere Beanstandungen werden - vorbehaltlich des Nachstehenden - von uns nicht bearbeitet oder honoriert.<br \/>\n- Ist unser Auftraggeber aufgrund besonderer Umst\u00e4nde nicht in der Lage, die Sendung innerhalb der festgesetzten Zeit zu pr\u00fcfen, so kann ihm auf seinen schriftlichen Antrag innerhalb dieser Zeit von uns eine l\u00e4ngere Frist einger\u00e4umt werden.<br \/>\n- Bei rechtzeitiger Beanstandung und bei Material- oder Fabrikationsfehlern werden wir die Ware ganz oder teilweise (nach unserer Wahl) kostenlos nachbessern oder nachliefern. Zu weitergehenden Verpflichtungen sind wir nicht verpflichtet, insbesondere nicht zum Ersatz von (Folge-)Sch\u00e4den.<br \/>\n- Auch wenn gelieferte Produkte fehlerhaft oder unbrauchbar sind und es uns nicht zugemutet werden kann, innerhalb der geforderten Frist noch ordnungsgem\u00e4\u00df zu liefern, haften wir nicht f\u00fcr etwaige (Folge-)Sch\u00e4den.<br \/>\n- Ist die Nachlieferung innerhalb dieser Frist mit unverh\u00e4ltnism\u00e4\u00dfigen Kosten verbunden, so kann diese Form der Nachlieferung von uns nicht verlangt oder gefordert werden.<br \/>\n- Reklamationen, die sich aus einer falschen Wahl des Kunden in Bezug auf Material oder Produkt ergeben, k\u00f6nnen von uns nicht anerkannt werden.<br \/>\n- Wir \u00fcbernehmen keine Haftung f\u00fcr die Anwendbarkeit unserer Produkte.<br \/>\n- Wenn der Kunde die gelieferte Ware nach einem l\u00e4ngeren Zeitraum beanstandet und dies von uns anerkannt wird, ziehen wir einen von uns festzulegenden Betrag als Entsch\u00e4digung, Reparatur oder Neulieferung ab, und zwar im Verh\u00e4ltnis zu dem Zeitraum, in dem die gelieferte Ware funktionierte, und zu der Nutzungsdauer, f\u00fcr die das Produkt konzipiert oder bestellt wurde.<br \/>\n- Reklamationen werden auf keinen Fall bearbeitet, wenn unser Kunde bis zu diesem Zeitpunkt in irgendeiner Weise seine zu diesem Zeitpunkt gegen\u00fcber uns bestehenden Verpflichtungen aus irgendeinem Vertrag nicht erf\u00fcllt hat. Die Nichteinhaltung der Zahlungsverpflichtung f\u00fcr das beanstandete Produkt hat die Einstellung der Bearbeitung der Reklamation zur Folge. Die Verpflichtung, der Reklamation nachzukommen, ist die \u00dcbernahme einer Verpflichtung durch uns gegen\u00fcber dem Kunden, die ihm daher keinesfalls das Recht gibt, die bereits eingegangene Zahlungsverpflichtung und -frist auszusetzen.<\/p>\n<p><strong>8. Zahlung<\/strong><br \/>\n- Sofern nichts anderes schriftlich vereinbart wurde, hat die Zahlung innerhalb von 30 Tagen nach Rechnungsdatum ohne jeden Abzug in unseren Gesch\u00e4ftsr\u00e4umen oder durch Einzahlung oder \u00dcberweisung auf unser Bankkonto zu erfolgen.<br \/>\n- Die erste Lieferung ist immer im Voraus oder per Nachnahme zu zahlen.<br \/>\n- Bei gr\u00f6\u00dferen Projekten oder Projekten mit einer l\u00e4ngeren Laufzeit werden Teilrechnungen gestellt. Wir behalten uns ausdr\u00fccklich das Recht vor, Projekte zu stoppen, wenn der Kunde die vereinbarten Termine nicht einh\u00e4lt, ohne f\u00fcr daraus resultierende Sch\u00e4den haftbar gemacht werden zu k\u00f6nnen. Wir k\u00f6nnen unsererseits Kosten wie veraltetes Inventar, Raumbelegung und geplante, aber nicht eingehaltene Stunden an den Kunden weitergeben.<br \/>\n- Wird die Zahlungsverpflichtung nicht erf\u00fcllt, sind wir berechtigt, den allgemein festgelegten, gesetzlichen Handelszins zu berechnen. Der gesetzliche Handelszins betr\u00e4gt im Jahr 2015 8,05%.<br \/>\n- Wenn der Kunde 75 Tage nach Rechnungsstellung seine Verpflichtung uns gegen\u00fcber noch nicht erf\u00fcllt hat, m\u00fcssen wir zum Inkasso \u00fcbergehen. Nat\u00fcrlich werden dann auch alle laufenden Auftr\u00e4ge gestoppt und es wird mit Sicherheit nichts geliefert. Zu diesem Zeitpunkt sind wir von allen eingegangenen Verpflichtungen gegen\u00fcber dem s\u00e4umigen Kunden befreit.<br \/>\n- Wenn der Kunde in Verzug ist, gehen alle gerichtlichen und au\u00dfergerichtlichen (Inkasso-)Kosten zu seinen Lasten. Unsere Inkassokosten belaufen sich in jedem Fall auf 14% der Hauptsumme.<\/p>\n<p><strong>9. Eigentumsvorbehalt<\/strong><br \/>\n- Solange unser Auftraggeber nicht vollst\u00e4ndig bezahlt hat, bleiben die gelieferten Waren unser Eigentum, bis der Rechnungsbetrag (gegebenenfalls zuz\u00fcglich der gesetzlich zul\u00e4ssigen Zinsen) vollst\u00e4ndig beglichen ist. Wenn unser Auftraggeber irgendeine Verpflichtung gegen\u00fcber uns aus einem mit uns geschlossenen Vertrag \u00fcber die Ausf\u00fchrung von Arbeiten oder den Verkauf von G\u00fctern nicht erf\u00fcllt, sind wir berechtigt, die G\u00fcter ohne Inverzugsetzung zur\u00fcckzunehmen; in diesem Fall kann der Vertrag auch ohne gerichtliche Intervention aufgel\u00f6st werden, unbeschadet unseres Rechts, Schadenersatz, entgangenen Gewinn, Zinsen und Kosten zu fordern.<\/p>\n<p><strong>10. Anwendbares Recht<\/strong><br \/>\n- Alle unsere Vertr\u00e4ge unterliegen dem niederl\u00e4ndischen Recht. Im Falle eines Rechtsstreits ist das Gericht oder das Landgericht an unserem Gesch\u00e4ftssitz zust\u00e4ndig.<\/p>\n<p><strong>11. Ablage<\/strong><br \/>\n- Diese Bedingungen wurden am 19.5.2015 bei der Handelskammer Leeuwarden hinterlegt.<br \/>\n- Die Registrierungsnummer von PyraSied BV lautet 01043736. Allgemeine Lieferbedingungen PyraSied BV<\/p>","protected":false},"excerpt":{"rendered":"<p>1. Anwendbarkeit der allgemeinen Gesch\u00e4ftsbedingungen: - Diese Bedingungen gelten f\u00fcr alle Angebote und Lieferungen sowie f\u00fcr die Ausf\u00fchrung von Arbeiten, kurzum f\u00fcr alle von uns abgeschlossenen Vertr\u00e4ge. - Bestellungen und Auftr\u00e4ge gelten als Anerkennung und Annahme dieser Bedingungen. - Diese Bedingungen bedeuten die Nichtanwendung der (allgemeinen) Bedingungen des Auftraggebers, sofern nicht schriftlich etwas anderes vereinbart wurde [...].<\/p>","protected":false},"author":1,"featured_media":0,"parent":118,"menu_order":0,"comment_status":"closed","ping_status":"closed","template":"","meta":{"_acf_changed":false,"footnotes":""},"class_list":["post-6263","page","type-page","status-publish","hentry"],"acf":[],"yoast_head":"<!-- This site is optimized with the Yoast SEO plugin v26.0 - https:\/\/yoast.com\/wordpress\/plugins\/seo\/ -->\n<title>Leveringsvoorwaarden | Pyrasied<\/title>\n<meta name=\"description\" content=\"Lees de algemene voorwaarden van Pyrasied voor bestellingen, levering, prijzen, aansprakelijkheid en garanties op kunststofproducten.\" \/>\n<meta name=\"robots\" content=\"index, follow, max-snippet:-1, max-image-preview:large, max-video-preview:-1\" \/>\n<link rel=\"canonical\" href=\"http:\/\/shop.pyrasied.com\/de\/unterstutzung\/lieferbedingungen\/\" \/>\n<meta property=\"og:locale\" content=\"de_DE\" \/>\n<meta property=\"og:type\" content=\"article\" \/>\n<meta property=\"og:title\" content=\"Leveringsvoorwaarden | Pyrasied\" \/>\n<meta property=\"og:description\" content=\"Lees de algemene voorwaarden van Pyrasied voor bestellingen, levering, prijzen, aansprakelijkheid en garanties op kunststofproducten.\" \/>\n<meta property=\"og:url\" content=\"http:\/\/shop.pyrasied.com\/de\/unterstutzung\/lieferbedingungen\/\" \/>\n<meta property=\"og:site_name\" content=\"Pyrasied\" \/>\n<meta property=\"article:publisher\" content=\"https:\/\/www.facebook.com\/Pyrasied\/\" \/>\n<meta property=\"article:modified_time\" content=\"2025-10-28T11:16:27+00:00\" \/>\n<meta property=\"og:image\" content=\"https:\/\/shop.pyrasied.com\/wp-content\/uploads\/2025\/06\/pyrasied.jpg\" \/>\n\t<meta property=\"og:image:width\" content=\"1200\" \/>\n\t<meta property=\"og:image:height\" content=\"630\" \/>\n\t<meta property=\"og:image:type\" content=\"image\/jpeg\" \/>\n<meta name=\"twitter:card\" content=\"summary_large_image\" \/>\n<meta name=\"twitter:label1\" content=\"Gesch\u00e4tzte Lesezeit\" \/>\n\t<meta name=\"twitter:data1\" content=\"8\u00a0Minuten\" \/>\n<script type=\"application\/ld+json\" class=\"yoast-schema-graph\">{\"@context\":\"https:\/\/schema.org\",\"@graph\":[{\"@type\":\"WebPage\",\"@id\":\"http:\/\/shop.pyrasied.com\/nl\/support\/leveringsvoorwaarden\/\",\"url\":\"http:\/\/shop.pyrasied.com\/nl\/support\/leveringsvoorwaarden\/\",\"name\":\"Leveringsvoorwaarden | Pyrasied\",\"isPartOf\":{\"@id\":\"https:\/\/shop.pyrasied.com\/de\/#website\"},\"datePublished\":\"2025-06-30T09:48:21+00:00\",\"dateModified\":\"2025-10-28T11:16:27+00:00\",\"description\":\"Lees de algemene voorwaarden van Pyrasied voor bestellingen, levering, prijzen, aansprakelijkheid en garanties op kunststofproducten.\",\"breadcrumb\":{\"@id\":\"http:\/\/shop.pyrasied.com\/nl\/support\/leveringsvoorwaarden\/#breadcrumb\"},\"inLanguage\":\"de\",\"potentialAction\":[{\"@type\":\"ReadAction\",\"target\":[\"http:\/\/shop.pyrasied.com\/nl\/support\/leveringsvoorwaarden\/\"]}]},{\"@type\":\"BreadcrumbList\",\"@id\":\"http:\/\/shop.pyrasied.com\/nl\/support\/leveringsvoorwaarden\/#breadcrumb\",\"itemListElement\":[{\"@type\":\"ListItem\",\"position\":1,\"name\":\"Home\",\"item\":\"https:\/\/shop.pyrasied.com\/nl\/\"},{\"@type\":\"ListItem\",\"position\":2,\"name\":\"Support\",\"item\":\"https:\/\/shop.pyrasied.com\/nl\/support\/\"},{\"@type\":\"ListItem\",\"position\":3,\"name\":\"Leveringsvoorwaarden\"}]},{\"@type\":\"WebSite\",\"@id\":\"https:\/\/shop.pyrasied.com\/de\/#website\",\"url\":\"https:\/\/shop.pyrasied.com\/de\/\",\"name\":\"Pyrasied\",\"description\":\"Uit liefde voor materiaal\",\"publisher\":{\"@id\":\"https:\/\/shop.pyrasied.com\/de\/#organization\"},\"potentialAction\":[{\"@type\":\"SearchAction\",\"target\":{\"@type\":\"EntryPoint\",\"urlTemplate\":\"https:\/\/shop.pyrasied.com\/de\/?s={search_term_string}\"},\"query-input\":{\"@type\":\"PropertyValueSpecification\",\"valueRequired\":true,\"valueName\":\"search_term_string\"}}],\"inLanguage\":\"de\"},{\"@type\":\"Organization\",\"@id\":\"https:\/\/shop.pyrasied.com\/de\/#organization\",\"name\":\"Pyrasied\",\"url\":\"https:\/\/shop.pyrasied.com\/de\/\",\"logo\":{\"@type\":\"ImageObject\",\"inLanguage\":\"de\",\"@id\":\"https:\/\/shop.pyrasied.com\/de\/#\/schema\/logo\/image\/\",\"url\":\"https:\/\/shop.pyrasied.com\/wp-content\/uploads\/2025\/06\/pyrasied.jpg\",\"contentUrl\":\"https:\/\/shop.pyrasied.com\/wp-content\/uploads\/2025\/06\/pyrasied.jpg\",\"width\":1200,\"height\":630,\"caption\":\"Pyrasied\"},\"image\":{\"@id\":\"https:\/\/shop.pyrasied.com\/de\/#\/schema\/logo\/image\/\"},\"sameAs\":[\"https:\/\/www.facebook.com\/Pyrasied\/\",\"https:\/\/www.instagram.com\/pyrasied\/\"]}]}<\/script>\n<!-- \/ Yoast SEO plugin. -->","yoast_head_json":{"title":"Lieferbedingungen | Pyrasied","description":"Lesen Sie die Allgemeinen Gesch\u00e4ftsbedingungen von Pyrasied zu Bestellungen, Lieferung, Preisen, Haftung und Garantien f\u00fcr Kunststoffprodukte.","robots":{"index":"index","follow":"follow","max-snippet":"max-snippet:-1","max-image-preview":"max-image-preview:large","max-video-preview":"max-video-preview:-1"},"canonical":"http:\/\/shop.pyrasied.com\/de\/unterstutzung\/lieferbedingungen\/","og_locale":"de_DE","og_type":"article","og_title":"Leveringsvoorwaarden | Pyrasied","og_description":"Lees de algemene voorwaarden van Pyrasied voor bestellingen, levering, prijzen, aansprakelijkheid en garanties op kunststofproducten.","og_url":"http:\/\/shop.pyrasied.com\/de\/unterstutzung\/lieferbedingungen\/","og_site_name":"Pyrasied","article_publisher":"https:\/\/www.facebook.com\/Pyrasied\/","article_modified_time":"2025-10-28T11:16:27+00:00","og_image":[{"width":1200,"height":630,"url":"https:\/\/shop.pyrasied.com\/wp-content\/uploads\/2025\/06\/pyrasied.jpg","type":"image\/jpeg"}],"twitter_card":"summary_large_image","twitter_misc":{"Gesch\u00e4tzte Lesezeit":"8\u00a0Minuten"},"schema":{"@context":"https:\/\/schema.org","@graph":[{"@type":"WebPage","@id":"http:\/\/shop.pyrasied.com\/nl\/support\/leveringsvoorwaarden\/","url":"http:\/\/shop.pyrasied.com\/nl\/support\/leveringsvoorwaarden\/","name":"Lieferbedingungen | Pyrasied","isPartOf":{"@id":"https:\/\/shop.pyrasied.com\/de\/#website"},"datePublished":"2025-06-30T09:48:21+00:00","dateModified":"2025-10-28T11:16:27+00:00","description":"Lesen Sie die Allgemeinen Gesch\u00e4ftsbedingungen von Pyrasied zu Bestellungen, Lieferung, Preisen, Haftung und Garantien f\u00fcr Kunststoffprodukte.","breadcrumb":{"@id":"http:\/\/shop.pyrasied.com\/nl\/support\/leveringsvoorwaarden\/#breadcrumb"},"inLanguage":"de","potentialAction":[{"@type":"ReadAction","target":["http:\/\/shop.pyrasied.com\/nl\/support\/leveringsvoorwaarden\/"]}]},{"@type":"BreadcrumbList","@id":"http:\/\/shop.pyrasied.com\/nl\/support\/leveringsvoorwaarden\/#breadcrumb","itemListElement":[{"@type":"ListItem","position":1,"name":"Home","item":"https:\/\/shop.pyrasied.com\/nl\/"},{"@type":"ListItem","position":2,"name":"Support","item":"https:\/\/shop.pyrasied.com\/nl\/support\/"},{"@type":"ListItem","position":3,"name":"Leveringsvoorwaarden"}]},{"@type":"WebSite","@id":"https:\/\/shop.pyrasied.com\/de\/#website","url":"https:\/\/shop.pyrasied.com\/de\/","name":"Pyrasied","description":"Aus Liebe zum Material","publisher":{"@id":"https:\/\/shop.pyrasied.com\/de\/#organization"},"potentialAction":[{"@type":"SearchAction","target":{"@type":"EntryPoint","urlTemplate":"https:\/\/shop.pyrasied.com\/de\/?s={search_term_string}"},"query-input":{"@type":"PropertyValueSpecification","valueRequired":true,"valueName":"search_term_string"}}],"inLanguage":"de"},{"@type":"Organization","@id":"https:\/\/shop.pyrasied.com\/de\/#organization","name":"Pyrasied","url":"https:\/\/shop.pyrasied.com\/de\/","logo":{"@type":"ImageObject","inLanguage":"de","@id":"https:\/\/shop.pyrasied.com\/de\/#\/schema\/logo\/image\/","url":"https:\/\/shop.pyrasied.com\/wp-content\/uploads\/2025\/06\/pyrasied.jpg","contentUrl":"https:\/\/shop.pyrasied.com\/wp-content\/uploads\/2025\/06\/pyrasied.jpg","width":1200,"height":630,"caption":"Pyrasied"},"image":{"@id":"https:\/\/shop.pyrasied.com\/de\/#\/schema\/logo\/image\/"},"sameAs":["https:\/\/www.facebook.com\/Pyrasied\/","https:\/\/www.instagram.com\/pyrasied\/"]}]}},"_links":{"self":[{"href":"https:\/\/shop.pyrasied.com\/de\/wp-json\/wp\/v2\/pages\/6263","targetHints":{"allow":["GET"]}}],"collection":[{"href":"https:\/\/shop.pyrasied.com\/de\/wp-json\/wp\/v2\/pages"}],"about":[{"href":"https:\/\/shop.pyrasied.com\/de\/wp-json\/wp\/v2\/types\/page"}],"author":[{"embeddable":true,"href":"https:\/\/shop.pyrasied.com\/de\/wp-json\/wp\/v2\/users\/1"}],"replies":[{"embeddable":true,"href":"https:\/\/shop.pyrasied.com\/de\/wp-json\/wp\/v2\/comments?post=6263"}],"version-history":[{"count":1,"href":"https:\/\/shop.pyrasied.com\/de\/wp-json\/wp\/v2\/pages\/6263\/revisions"}],"predecessor-version":[{"id":15739,"href":"https:\/\/shop.pyrasied.com\/de\/wp-json\/wp\/v2\/pages\/6263\/revisions\/15739"}],"up":[{"embeddable":true,"href":"https:\/\/shop.pyrasied.com\/de\/wp-json\/wp\/v2\/pages\/118"}],"wp:attachment":[{"href":"https:\/\/shop.pyrasied.com\/de\/wp-json\/wp\/v2\/media?parent=6263"}],"curies":[{"name":"wp","href":"https:\/\/api.w.org\/{rel}","templated":true}]}}