{"id":36,"date":"2025-06-30T09:45:19","date_gmt":"2025-06-30T09:45:19","guid":{"rendered":"https:\/\/pyrasiedshop.nl\/?page_id=36"},"modified":"2025-10-28T11:11:12","modified_gmt":"2025-10-28T11:11:12","slug":"politik","status":"publish","type":"page","link":"https:\/\/shop.pyrasied.com\/de\/unterstutzung\/politik\/","title":{"rendered":"Lieferzeit, R\u00fccksendung und Versandkosten"},"content":{"rendered":"<h2 id=\"levertijd\"><strong>Lieferfrist<\/strong><\/h2>\n<p>Aufgrund unseres besonders gro\u00dfen Vorrats an Kunststoffplatten, -rohren und -st\u00e4ben bietet Pyrasied schnelle Lieferzeiten. Wenn Sie an einem Werktag vor 13 Uhr bestellen, erhalten Sie die Lieferung innerhalb von zwei Werktagen (gilt nicht f\u00fcr die Watteninseln und das Ausland). Dies gilt auch f\u00fcr zugeschnittene Materialien! M\u00f6chten Sie, dass wir das Material f\u00fcr Sie lasern, fr\u00e4sen, kleben, biegen oder bohren? Dann ist die Lieferzeit auf Anfrage. Je nach unserer Planung k\u00f6nnen wir dies in der Regel sehr schnell erledigen. Bitte kontaktieren Sie <a href=\"mailto:support@pyrasied.nl\">support@pyrasied.nl<\/a> Wenn Sie Fragen zur Lieferung Ihrer Bestellung haben.<\/p>\n<h2><strong>Versand<\/strong><\/h2>\n<p>Unser Webshop ist nur f\u00fcr Kunden aus den Benelux-L\u00e4ndern, Deutschland, Frankreich und Italien verf\u00fcgbar. Gesch\u00e4ftskunden aus anderen L\u00e4ndern k\u00f6nnen das Material \u00fcber unsere Verkaufsabteilung bestellen (<a href=\"mailto:support@pyrasied.nl\">support@pyrasied.nl<\/a>) mit einem Mindestbestellwert von 500 \u20ac und Lieferung ab Werk.<\/p>\n<h2 id=\"orderbedrag\"><strong>Mindestbestellwert<\/strong><\/h2>\n<p>Wir sind ein Gro\u00dfh\u00e4ndler und wir sind auch gerne flexibel. Deshalb kann jeder bei uns ab Lager bestellen. Auch nach Ma\u00df! Allerdings gilt ein Mindestpreis von 10 \u20ac pro St\u00fcck bei uns bestelltem Material. Das bedeutet, dass Sie bei kleinen Formaten anteilig mehr als den angegebenen Quadratmeterpreis f\u00fcr das Material bezahlen k\u00f6nnen.<\/p>\n<p>Der Mindestbestellwert betr\u00e4gt 50 \u20ac f\u00fcr die Benelux-L\u00e4nder und 500 \u20ac f\u00fcr andere L\u00e4nder, ausgenommen Musterbestellungen (ohne Mehrwertsteuer und Versandkosten).<\/p>\n<h2 id=\"verzendkosten\"><strong>Kosten f\u00fcr den Versand<\/strong><\/h2>\n<p>Beim Versand gibt es drei Kategorien. Die Versandkosten f\u00fcr jede Kategorie finden Sie in der untenstehenden Tabelle.<\/p>\n<p><strong>Kategorie 1 - Muster - <\/strong>Wenn Sie nur Muster bestellen, gelten immer feste Versandkosten.<\/p>\n<p><strong>Kategorie 2 - Pakete - <\/strong>Wenn Sie eine Bestellung mit gr\u00f6\u00dferem Material aufgeben, h\u00e4ngt die Versandart vom Gewicht und den Abmessungen des zu versendenden Pakets ab. Pakete sind immer leichter als 30 Kilo. Das endg\u00fcltige Gewicht ist immer auf dem Packzettel und in der Auftragsbest\u00e4tigung angegeben.<\/p>\n<ul>\n<li>Ein kleines Paket hat eine Gesamtgr\u00f6\u00dfe von weniger als 1 m\u00b2 und eine maximale L\u00e4nge von 1750 mm.<\/li>\n<li>Ein gro\u00dfes Paket hat eine maximale Gr\u00f6\u00dfe von 1,5 m\u00b2 und eine maximale L\u00e4nge von 2000 mm. Diese Methode wird nur verwendet, wenn das kleine Paket nicht ausreichend ist.<\/li>\n<\/ul>\n<p><strong>Kategorie 3 - Paletten - <\/strong>Alle Bestellungen, die nicht in die oben genannten Kategorien fallen, werden auf einer Palette verschickt. Dies bedeutet, dass die Bestellung gr\u00f6\u00dfer als 1,5 m\u00b2 oder schwerer als 30 Kilo ist. Bei den Paletten gibt es drei Gr\u00f6\u00dfen:<\/p>\n<ul>\n<li>Palette klein: bleibt unter 1,5 m\u00b2 und ist maximal 1200 mm lang.<\/li>\n<li>Palette mittel: zwischen 1,5m\u00b2 und 4m\u00b2 und hat keine maximale L\u00e4nge.<\/li>\n<li>Palette gro\u00df: ist gr\u00f6\u00dfer als 4 m\u00b2 und hat keine maximale L\u00e4nge.<\/li>\n<\/ul>\n<p>Die angegebenen Versandkosten enthalten keine Mehrwertsteuer.<\/p>\n<div class=\"page_content_image page_content_media page_content_video\"><img decoding=\"async\" title=\"WEBSHOP-VERSANDKOSTEN\" src=\"https:\/\/shop.pyrasied.nl\/wp-content\/uploads\/2020\/11\/VERZENDKOSTEN-WEBSHOP-1.jpg\" alt=\"WEBSHOP-VERSANDKOSTEN\" \/><\/div>\n<h2 id=\"retour\"><strong>R\u00fccksendungen, Sch\u00e4den oder falsch geliefertes Material<\/strong><\/h2>\n<p>Individuell zugeschnittene Materialien oder kundenspezifisch gefertigte Produkte k\u00f6nnen <strong>nicht<\/strong> zur\u00fcckgegeben werden.<\/p>\n<p>Wenn Sie eine ganze Platte oder eine ganze L\u00e4nge von Rohren bestellen, k\u00f6nnen Sie das Material innerhalb von 14 Tagen zur\u00fcckgeben, wenn das Material (auf beiden Seiten) noch die Schutzfolie hat. F\u00fcr R\u00fccksendungen informieren Sie bitte unser Helpdesk. Sie k\u00f6nnen eine E-Mail senden an <a href=\"mailto:support@pyrasied.nl\">suppor@pyrasied.nl<\/a>. Die Kosten f\u00fcr den Versand gehen zu Ihren Lasten.<\/p>\n<p>Ist das Material unbesch\u00e4digt bei uns angekommen? Dann wird Ihnen der Gesamtbetrag der Bestellung zur\u00fcckerstattet.<\/p>\n<p>R\u00fccksendeadresse: Aldebaranweg 3, <span class=\"desktop-title-subcontent\">8938BD, <\/span>Leeuwarden<\/p>\n<h4><strong>Besch\u00e4digung oder falsches Material geliefert<\/strong><\/h4>\n<p>Schadenersatz sollte <strong>innerhalb von 24 Stunden nach Erhalt<\/strong> gemeldet. Wurde Ihr Material besch\u00e4digt geliefert oder haben Sie das falsche Material erhalten? <a href=\"https:\/\/shop.pyrasied.nl\/klachtenformulier\/\" target=\"_blank\" rel=\"noopener\">Dann f\u00fcllen Sie hier unser Beschwerdeformular aus<\/a>. Geben Sie auf dem Reklamationsformular bitte die Bestellnummer und die Art der Reklamation an und f\u00fcgen Sie Fotos von eventuellen Sch\u00e4den bei. Wir werden Sie so schnell wie m\u00f6glich kontaktieren.<\/p>\n<h2><strong>Abbrechen<\/strong><\/h2>\n<p>Sie ist <strong>nicht<\/strong> <strong>m\u00f6glicherweise<\/strong> um S\u00e4gebestellungen zu stornieren. Wir sind ein Kunststoff-Gro\u00dfh\u00e4ndler und Bestellungen gelangen automatisch in unsere S\u00e4geabteilung, daher wird Ihre Bestellung schnell auf Ma\u00df geschnitten und oft noch am selben Tag versandt.<\/p>","protected":false},"excerpt":{"rendered":"<p>Lieferzeit Aufgrund unseres besonders gro\u00dfen Vorrats an Kunststoffplatten, -rohren und -st\u00e4ben bietet Pyrasied schnelle Lieferzeiten. Wenn Sie an einem Werktag vor 13 Uhr bestellen, erhalten Sie die Lieferung innerhalb von zwei Werktagen (gilt nicht f\u00fcr die Watteninseln und das Ausland). Dies gilt auch f\u00fcr Zuschnittmaterialien! M\u00f6chten Sie, dass wir [...]<\/p>","protected":false},"author":1,"featured_media":0,"parent":118,"menu_order":0,"comment_status":"closed","ping_status":"closed","template":"","meta":{"_acf_changed":false,"footnotes":""},"class_list":["post-36","page","type-page","status-publish","hentry"],"acf":[],"yoast_head":"<!-- This site is optimized with the Yoast SEO plugin v26.0 - https:\/\/yoast.com\/wordpress\/plugins\/seo\/ -->\n<title>Levertijd, retour en verzendkosten | Pyrasied<\/title>\n<meta name=\"description\" content=\"Bekijk levertijd, verzendkosten en retour bij Pyrasied. Snelle levering van kunststof, contact via e-mail of telefoon.\" \/>\n<meta name=\"robots\" content=\"index, follow, max-snippet:-1, max-image-preview:large, max-video-preview:-1\" \/>\n<link rel=\"canonical\" href=\"http:\/\/shop.pyrasied.com\/de\/unterstutzung\/politik\/\" \/>\n<meta property=\"og:locale\" content=\"de_DE\" \/>\n<meta property=\"og:type\" content=\"article\" \/>\n<meta property=\"og:title\" content=\"Levertijd, retour en verzendkosten | Pyrasied\" \/>\n<meta property=\"og:description\" content=\"Bekijk levertijd, verzendkosten en retour bij Pyrasied. Snelle levering van kunststof, contact via e-mail of telefoon.\" \/>\n<meta property=\"og:url\" content=\"http:\/\/shop.pyrasied.com\/de\/unterstutzung\/politik\/\" \/>\n<meta property=\"og:site_name\" content=\"Pyrasied\" \/>\n<meta property=\"article:publisher\" content=\"https:\/\/www.facebook.com\/Pyrasied\/\" \/>\n<meta property=\"article:modified_time\" content=\"2025-10-28T11:11:12+00:00\" \/>\n<meta property=\"og:image\" content=\"https:\/\/shop.pyrasied.nl\/wp-content\/uploads\/2020\/11\/VERZENDKOSTEN-WEBSHOP-1.jpg\" \/>\n<meta name=\"twitter:card\" content=\"summary_large_image\" \/>\n<meta name=\"twitter:label1\" content=\"Gesch\u00e4tzte Lesezeit\" \/>\n\t<meta name=\"twitter:data1\" content=\"4\u00a0Minuten\" \/>\n<script type=\"application\/ld+json\" class=\"yoast-schema-graph\">{\"@context\":\"https:\/\/schema.org\",\"@graph\":[{\"@type\":\"WebPage\",\"@id\":\"http:\/\/shop.pyrasied.com\/nl\/support\/beleid\/\",\"url\":\"http:\/\/shop.pyrasied.com\/nl\/support\/beleid\/\",\"name\":\"Levertijd, retour en verzendkosten | Pyrasied\",\"isPartOf\":{\"@id\":\"https:\/\/shop.pyrasied.com\/de\/#website\"},\"primaryImageOfPage\":{\"@id\":\"http:\/\/shop.pyrasied.com\/nl\/support\/beleid\/#primaryimage\"},\"image\":{\"@id\":\"http:\/\/shop.pyrasied.com\/nl\/support\/beleid\/#primaryimage\"},\"thumbnailUrl\":\"https:\/\/shop.pyrasied.nl\/wp-content\/uploads\/2020\/11\/VERZENDKOSTEN-WEBSHOP-1.jpg\",\"datePublished\":\"2025-06-30T09:45:19+00:00\",\"dateModified\":\"2025-10-28T11:11:12+00:00\",\"description\":\"Bekijk levertijd, verzendkosten en retour bij Pyrasied. Snelle levering van kunststof, contact via e-mail of telefoon.\",\"breadcrumb\":{\"@id\":\"http:\/\/shop.pyrasied.com\/nl\/support\/beleid\/#breadcrumb\"},\"inLanguage\":\"de\",\"potentialAction\":[{\"@type\":\"ReadAction\",\"target\":[\"http:\/\/shop.pyrasied.com\/nl\/support\/beleid\/\"]}]},{\"@type\":\"ImageObject\",\"inLanguage\":\"de\",\"@id\":\"http:\/\/shop.pyrasied.com\/nl\/support\/beleid\/#primaryimage\",\"url\":\"https:\/\/shop.pyrasied.nl\/wp-content\/uploads\/2020\/11\/VERZENDKOSTEN-WEBSHOP-1.jpg\",\"contentUrl\":\"https:\/\/shop.pyrasied.nl\/wp-content\/uploads\/2020\/11\/VERZENDKOSTEN-WEBSHOP-1.jpg\"},{\"@type\":\"BreadcrumbList\",\"@id\":\"http:\/\/shop.pyrasied.com\/nl\/support\/beleid\/#breadcrumb\",\"itemListElement\":[{\"@type\":\"ListItem\",\"position\":1,\"name\":\"Home\",\"item\":\"https:\/\/shop.pyrasied.com\/nl\/\"},{\"@type\":\"ListItem\",\"position\":2,\"name\":\"Support\",\"item\":\"https:\/\/shop.pyrasied.com\/nl\/support\/\"},{\"@type\":\"ListItem\",\"position\":3,\"name\":\"Levertijd, retour en verzendkosten\"}]},{\"@type\":\"WebSite\",\"@id\":\"https:\/\/shop.pyrasied.com\/de\/#website\",\"url\":\"https:\/\/shop.pyrasied.com\/de\/\",\"name\":\"Pyrasied\",\"description\":\"Uit liefde voor materiaal\",\"publisher\":{\"@id\":\"https:\/\/shop.pyrasied.com\/de\/#organization\"},\"potentialAction\":[{\"@type\":\"SearchAction\",\"target\":{\"@type\":\"EntryPoint\",\"urlTemplate\":\"https:\/\/shop.pyrasied.com\/de\/?s={search_term_string}\"},\"query-input\":{\"@type\":\"PropertyValueSpecification\",\"valueRequired\":true,\"valueName\":\"search_term_string\"}}],\"inLanguage\":\"de\"},{\"@type\":\"Organization\",\"@id\":\"https:\/\/shop.pyrasied.com\/de\/#organization\",\"name\":\"Pyrasied\",\"url\":\"https:\/\/shop.pyrasied.com\/de\/\",\"logo\":{\"@type\":\"ImageObject\",\"inLanguage\":\"de\",\"@id\":\"https:\/\/shop.pyrasied.com\/de\/#\/schema\/logo\/image\/\",\"url\":\"https:\/\/shop.pyrasied.com\/wp-content\/uploads\/2025\/06\/pyrasied.jpg\",\"contentUrl\":\"https:\/\/shop.pyrasied.com\/wp-content\/uploads\/2025\/06\/pyrasied.jpg\",\"width\":1200,\"height\":630,\"caption\":\"Pyrasied\"},\"image\":{\"@id\":\"https:\/\/shop.pyrasied.com\/de\/#\/schema\/logo\/image\/\"},\"sameAs\":[\"https:\/\/www.facebook.com\/Pyrasied\/\",\"https:\/\/www.instagram.com\/pyrasied\/\"]}]}<\/script>\n<!-- \/ Yoast SEO plugin. -->","yoast_head_json":{"title":"Lieferzeit, R\u00fccksendung und Versandkosten | Pyrasied","description":"Lieferzeiten, Versandkosten und R\u00fcckgabe bei Pyrasied pr\u00fcfen. Schnelle Lieferung von Kunststoffen, Kontakt per E-Mail oder Telefon.","robots":{"index":"index","follow":"follow","max-snippet":"max-snippet:-1","max-image-preview":"max-image-preview:large","max-video-preview":"max-video-preview:-1"},"canonical":"http:\/\/shop.pyrasied.com\/de\/unterstutzung\/politik\/","og_locale":"de_DE","og_type":"article","og_title":"Levertijd, retour en verzendkosten | Pyrasied","og_description":"Bekijk levertijd, verzendkosten en retour bij Pyrasied. Snelle levering van kunststof, contact via e-mail of telefoon.","og_url":"http:\/\/shop.pyrasied.com\/de\/unterstutzung\/politik\/","og_site_name":"Pyrasied","article_publisher":"https:\/\/www.facebook.com\/Pyrasied\/","article_modified_time":"2025-10-28T11:11:12+00:00","og_image":[{"url":"https:\/\/shop.pyrasied.nl\/wp-content\/uploads\/2020\/11\/VERZENDKOSTEN-WEBSHOP-1.jpg","type":"","width":"","height":""}],"twitter_card":"summary_large_image","twitter_misc":{"Gesch\u00e4tzte Lesezeit":"4\u00a0Minuten"},"schema":{"@context":"https:\/\/schema.org","@graph":[{"@type":"WebPage","@id":"http:\/\/shop.pyrasied.com\/nl\/support\/beleid\/","url":"http:\/\/shop.pyrasied.com\/nl\/support\/beleid\/","name":"Lieferzeit, R\u00fccksendung und Versandkosten | Pyrasied","isPartOf":{"@id":"https:\/\/shop.pyrasied.com\/de\/#website"},"primaryImageOfPage":{"@id":"http:\/\/shop.pyrasied.com\/nl\/support\/beleid\/#primaryimage"},"image":{"@id":"http:\/\/shop.pyrasied.com\/nl\/support\/beleid\/#primaryimage"},"thumbnailUrl":"https:\/\/shop.pyrasied.nl\/wp-content\/uploads\/2020\/11\/VERZENDKOSTEN-WEBSHOP-1.jpg","datePublished":"2025-06-30T09:45:19+00:00","dateModified":"2025-10-28T11:11:12+00:00","description":"Lieferzeiten, Versandkosten und R\u00fcckgabe bei Pyrasied pr\u00fcfen. Schnelle Lieferung von Kunststoffen, Kontakt per E-Mail oder Telefon.","breadcrumb":{"@id":"http:\/\/shop.pyrasied.com\/nl\/support\/beleid\/#breadcrumb"},"inLanguage":"de","potentialAction":[{"@type":"ReadAction","target":["http:\/\/shop.pyrasied.com\/nl\/support\/beleid\/"]}]},{"@type":"ImageObject","inLanguage":"de","@id":"http:\/\/shop.pyrasied.com\/nl\/support\/beleid\/#primaryimage","url":"https:\/\/shop.pyrasied.nl\/wp-content\/uploads\/2020\/11\/VERZENDKOSTEN-WEBSHOP-1.jpg","contentUrl":"https:\/\/shop.pyrasied.nl\/wp-content\/uploads\/2020\/11\/VERZENDKOSTEN-WEBSHOP-1.jpg"},{"@type":"BreadcrumbList","@id":"http:\/\/shop.pyrasied.com\/nl\/support\/beleid\/#breadcrumb","itemListElement":[{"@type":"ListItem","position":1,"name":"Home","item":"https:\/\/shop.pyrasied.com\/nl\/"},{"@type":"ListItem","position":2,"name":"Support","item":"https:\/\/shop.pyrasied.com\/nl\/support\/"},{"@type":"ListItem","position":3,"name":"Levertijd, retour en verzendkosten"}]},{"@type":"WebSite","@id":"https:\/\/shop.pyrasied.com\/de\/#website","url":"https:\/\/shop.pyrasied.com\/de\/","name":"Pyrasied","description":"Aus Liebe zum Material","publisher":{"@id":"https:\/\/shop.pyrasied.com\/de\/#organization"},"potentialAction":[{"@type":"SearchAction","target":{"@type":"EntryPoint","urlTemplate":"https:\/\/shop.pyrasied.com\/de\/?s={search_term_string}"},"query-input":{"@type":"PropertyValueSpecification","valueRequired":true,"valueName":"search_term_string"}}],"inLanguage":"de"},{"@type":"Organization","@id":"https:\/\/shop.pyrasied.com\/de\/#organization","name":"Pyrasied","url":"https:\/\/shop.pyrasied.com\/de\/","logo":{"@type":"ImageObject","inLanguage":"de","@id":"https:\/\/shop.pyrasied.com\/de\/#\/schema\/logo\/image\/","url":"https:\/\/shop.pyrasied.com\/wp-content\/uploads\/2025\/06\/pyrasied.jpg","contentUrl":"https:\/\/shop.pyrasied.com\/wp-content\/uploads\/2025\/06\/pyrasied.jpg","width":1200,"height":630,"caption":"Pyrasied"},"image":{"@id":"https:\/\/shop.pyrasied.com\/de\/#\/schema\/logo\/image\/"},"sameAs":["https:\/\/www.facebook.com\/Pyrasied\/","https:\/\/www.instagram.com\/pyrasied\/"]}]}},"_links":{"self":[{"href":"https:\/\/shop.pyrasied.com\/de\/wp-json\/wp\/v2\/pages\/36","targetHints":{"allow":["GET"]}}],"collection":[{"href":"https:\/\/shop.pyrasied.com\/de\/wp-json\/wp\/v2\/pages"}],"about":[{"href":"https:\/\/shop.pyrasied.com\/de\/wp-json\/wp\/v2\/types\/page"}],"author":[{"embeddable":true,"href":"https:\/\/shop.pyrasied.com\/de\/wp-json\/wp\/v2\/users\/1"}],"replies":[{"embeddable":true,"href":"https:\/\/shop.pyrasied.com\/de\/wp-json\/wp\/v2\/comments?post=36"}],"version-history":[{"count":2,"href":"https:\/\/shop.pyrasied.com\/de\/wp-json\/wp\/v2\/pages\/36\/revisions"}],"predecessor-version":[{"id":15778,"href":"https:\/\/shop.pyrasied.com\/de\/wp-json\/wp\/v2\/pages\/36\/revisions\/15778"}],"up":[{"embeddable":true,"href":"https:\/\/shop.pyrasied.com\/de\/wp-json\/wp\/v2\/pages\/118"}],"wp:attachment":[{"href":"https:\/\/shop.pyrasied.com\/de\/wp-json\/wp\/v2\/media?parent=36"}],"curies":[{"name":"wp","href":"https:\/\/api.w.org\/{rel}","templated":true}]}}